{"id":6162,"date":"2021-12-05T22:08:55","date_gmt":"2021-12-05T21:08:55","guid":{"rendered":"https:\/\/yogajagat.com\/?page_id=6162"},"modified":"2021-12-30T11:35:10","modified_gmt":"2021-12-30T10:35:10","slug":"3-g-measures-in-germany","status":"publish","type":"page","link":"https:\/\/yogajagat.com\/sr\/3g-mere-u-nemackoj-5-12-2021\/","title":{"rendered":"&#8220;3G-mere u Nema\u010dkoj&#8221;, 5.12.2021"},"content":{"rendered":"<h3 style=\"text-align: center;\"><span style=\"color: #800080;\">&#8220;3G-mere u Nema\u010dkoj&#8221;<\/span><\/h3>\n<p style=\"text-align: right;\"><strong><span style=\"color: #800080;\">5.12.202<\/span><\/strong><\/p>\n<p>Dragi moji u\u010denici, prijatelji i rodjaci,<\/p>\n<p>da bih nastavila da dr\u017eim \u010dasove joge primorana sam da pristanem na pravila nema\u010dke vlade, takozvane \u201c3 G mere\u201c.<\/p>\n<p>NIKO me NIKADA ne\u0107e primorati da u\u010destvujem u idiotskim stvarima.<\/p>\n<p>&nbsp;<\/p>\n<p>Od ponedeljka, 22. Novembra, prestajem da dr\u017eim \u010dasove pod ovim prinudnim \u201emerama\u201d.<\/p>\n<p>Prvo zato \u0161to ove \u201emere\u201c smatram najnemoralnijim, najneistinitijim, najopasnijim, najbesmislenim, najnelogi\u010dnijim, najsmrtonosnijim i najmanipulativnim ljudskim potezima od nastanka ljudskog bi\u0107a do danas.<\/p>\n<p>A onda i zbog nove nesigurnosti i novog straha u\u010denika koji su se do sada najmanje dva puta \u0161pricali da bi se za\u0161titili od zaraze \u201copasnog\u201d virusa da se ne zaraze istim.<\/p>\n<p>To mi predstavlja jo\u0161 ve\u0107u muku jer ne mogu dvoli\u010dno i neiskreno da sedim i da pevam mantre mira ispred ljudi koji jo\u0161 nisu svesni u kom vremenu i pod kojom manipulacijom \u017eivimo.<\/p>\n<p>\u010casove cu po\u010deti ponovo da dr\u017eim kada Nema\u010dka vlada bude povukla pomenute \u201cmere\u201d, ukoliko do tada ne budem dobila otkaz za prostor, i sa nadom da \u0107e ostati u\u010denika koji su ipak uspeli da sa\u010duvaju ljudsku snagu, svest, pravo, \u010dast I dostojanstvo i kazu NE najpre prinudnom \u0161pricanju, zatim prinudnim I poni\u017eavajucim \u201ctestovima\u201d.<\/p>\n<p>Nikada do sada nije bilo hitnije pitati i tra\u017eiti odgovore na pitanja jer nema \u010doveka na svetu koji do sada nije primetio da se nesto \u201c\u010dudno\u201d de\u0161ava i u Nema\u010dkoj i na celom svetu. Ima odgovora, ali ne tamo gde su ljudi navikli da ih do sada tra\u017ee.<\/p>\n<p>Ovo je moje li\u010dno kratko obrazlo\u017eenje za\u0161to NE \u201cmerama\u201c i nadam se da \u0107u, kao i mnogo puta do sada, inspirisati mnoge da sa otvorenim umom potra\u017ee prave odgovore. Za kritiku, sarkazam, ismejavanje i cinizam, samodokazivanje, samoljublje, pro\u0161enje za ljubav, likes i popularnost sada nemamo vremena. Radi se o vrlo ozbiljnoj stvari i treba hitno da podignemo obrvu umesto jedan ugao gornje usne.<\/p>\n<p>&nbsp;<\/p>\n<p>Kao neko ko je odrastao u malo \u201cdruga\u010dijoj\u201d i jednoj od najkoruptivnijih zemalja na svetu imam nepogre\u0161iv i besprekoran ose\u0107aj za manipulaciju i korupciju.<\/p>\n<p>Pored svih mojih nadanja da ce Nema\u010dka vlada ovog puta ipak uspeti da sa\u010duva bistru svest i ljudski razum, na\u0161alost ose\u0107am da je ovo sto nema\u010dka vlada radi sopstvenom narodu (a i ja sam njen narod jer sam ja \u201enema\u010dka snaja\u201c i saose\u0107am i nosim vibracije patnje ovog naroda) najopasnija i najtu\u017enija manipulacija koje je jedna dr\u017eava ikada mogla da sprovede nad svojim narodom.<\/p>\n<p>&nbsp;<\/p>\n<p>U poslednjih godinu i po dana sam na dva svetska jezika odgledala stotine sati video snimaka \u010dasnih i inteligentnih, ali od svetske diktature smenjenih i sklonjenih strucnjaka iz oblasti prava, medicine, biologije, genetike, religije, ekonomije, sociologije.<\/p>\n<p>Sa velikom tugom u mojoj du\u0161i sam saslu\u0161ala, i svakodnevno slu\u0161am, iskustvo stotine ljudi iz celog sveta koji pate od posledica \u201cmera\u201d, lock down-a, no\u0161enja maski ili posebno od posledica \u201cvakcine\u201d.<\/p>\n<p>Zbog svega ovoga tvrdim da su \u201c3 G mere\u201d nemoralne, neistinite, opasne, besmislene, nelogicne, smrtonosne i manipulativne.<\/p>\n<p>Zbog moje li\u010dne osetljivosti na moral i pravdu i li\u010dnog prepoznavanja istine da je svako zivo bice \u010disto blago, i zbog mog li\u010dnog ku\u0107nog vaspitanja, tvrdim da su ove \u201cmere\u201dnemoralne, zato sto se radi o:<\/p>\n<p>zloupotrebi hroni\u010dne premorenosti, hroni\u010dne nesigurnosti I hroni\u010dne usamljenosti ve\u0107ine ljudi,<\/p>\n<p>zloupotrebi nedovoljnog poznavanja i obave\u0161tenosti ljudi o sastavu, funkcionisanju i vrednosti sopstvenog organizma i njegovih celija, organa i sistema,<\/p>\n<p>zloupotrebi nedovoljne obave\u0161tenosti ljudi o na\u010dinu \u017eivota i ishrane koja ne ubija ve\u0107 odr\u017eava \u017eivot na najve\u0107em nivou telesnog, emotivnog, energetskog, karmi\u0107kog I duhovnog zdravlja,<\/p>\n<p>zloupotrebi nedovoljnog poznavanja prirodne medicine koja ne tretira i ubija ve\u0107 isceljuje i \u010dini \u010doveka ispunjenim i otpornijim,<\/p>\n<p>zloupotrebi nedovoljnog poznavanja vrednosti kvaliteta, snage, energije i talenata sopstvenog duha i du\u0161e.<\/p>\n<p>Ovakve zloupotrebe su neoprostive. \u010cak i oni koji su izgubili kontrolu nad sopstvenim \u017eivotom i u tom najopasnijem odsustvu svesti manipuli\u0161u tudjim \u017eivotima, manipuli\u0161u i svojim sopstvenim i \u017eivotom svoje dece, porodice, rodjaka i tako i sebi i drugima donose do\u017eivotne posledice, ili smrt.<\/p>\n<p>Ove tri &#8220;mere&#8221; su:<\/p>\n<p>&#8220;geimpft&#8221;, &#8220;genesen&#8221; i &#8220;getestet&#8221;.<\/p>\n<p>Prva na spisku i najskuplja \u201emera\u201c ikada je biti \u201eGeimpft\u201c ili &#8220;vakcinisan&#8221;.<\/p>\n<p>U tekstu na mojoj web stranici sam se u <a href=\"https:\/\/yogajagat.com\/sr\/vakcina-kovid-19-posledice\/\" target=\"_blank\" rel=\"noopener\">maju ove godine<\/a> sa velikim emocijama i tugom u srcu obratila svim majkama na svetu.<\/p>\n<p>Sa istim nepromenjenim emocijama i sa vremenom sve ve\u0107om tugom zbog ovog globalnog eksperimenta na ljudima se i danas obra\u0107am svim mojim dragim u\u010denicima i prijateljima.<\/p>\n<p>&nbsp;<\/p>\n<p>\u201eVakcina\u201c, kako je njihovi proizvodja\u010di i prodava\u010di zovu, je najopasniji ljudski potez od kada postoji ljudska vrsta. A ljudska vrsta ne postoji od kada na planeti imamo moderne laboratorije i nikada ve\u0107u koli\u010dinu, uglavnom virtuelnog, novca, ve\u0107 postoji hiljadama godina unazad.<\/p>\n<p>Ono sto se trenutno ubrizgava milionima ljudi na svetu nije \u201evakcina\u201c i ne \u0161titi od \u201enovog opasnog virusa\u201c, kao sto svi ve\u0107 znamo. (u po\u010detku sam i ja na kratko poverovala da nas je sna\u0161la &#8220;stra\u0161na pandemija&#8221;, \u010dak sam napisala i &#8220;korona apel&#8221; u martu 2020).<\/p>\n<p>Ova me\u0161avina je, kako ljudska rasa sa \u010ditave planete izve\u0161tava i kako sve vlade na svetu zvanicno I udruzeno kriju, eksperiment na ljudima.<\/p>\n<p>&nbsp;<\/p>\n<p>Osim toga se ova eksperiment-me\u0161avina ljudima vrlo \u010desto u\u0161pricava od strane potpuno nestru\u010dnih lica koja svojim neznanjem i nedovoljno razvijenom sve\u0161\u0107u ubrzavaju ve\u0107 ionako \u010deste i velike posledice.<\/p>\n<p>Me\u0161avina u \u0161pricu je vrlo opasna substanca koja ni u kom slucaju ne sme da dospe u ljudske te\u010dnosti koje \u017eivot zna\u010de.<\/p>\n<p>A samo je pitanje vremena kada \u0107e se ubrizgana te\u010dnost pro\u0161iriti i dospeti u te\u010dnost ljudskih organizama koji su \u0161pricani eksperimentom, a ne slanom vodom.<\/p>\n<p>Cenzura slobodnog izra\u017eavanja \u010dasnih stru\u0107njaka koji se sa beskrajnom snagom i neumorno bore protiv organizovanog kriminala ujedinjenih vlada sveta je do sada nikada ja\u010da, agresivnija i neotesanija, i ja se nadam da \u010du ovim re\u010dima mo\u0107i, jo\u0161 jednom, da inspiri\u0161em ljude da prepoznaju da je svaki \u010dovek \u010disto blago, i da ste i vi ljudska bi\u0107a koja zaslu\u017euju pravu, ljudsku a ne digitalnu slobodu. Nijedan novi \u0161pic ne\u0107e nikome doneti \u201eslobodu\u201c.<\/p>\n<p>&nbsp;<\/p>\n<p>Mera \u201eGenesen\u201c ili &#8220;izle\u010den&#8221; je takodje besmislena, neuka, neistinita i manipulativna:<\/p>\n<p>\u201eTest\u201c je \u010dista besmislica zato \u0161to je svaki virus \u017eivot koji se kao i svaki drugi \u017eivot useljava u \u017eivi organizam i prilagodjava se i klimi u \u017eivom telu i klimi godi\u0161njeg doba koje se po zakonima prirode potpuno prirodno menjaju bas kao i sam virus.<\/p>\n<p>Pored toga, iz svog li\u0107nog iskustva i saznanja tvrdim da su ljudski organizam i ljudski um <em>ekstremno inteligentni sistemi<\/em> koji imaju snagu, svest i energiju da se sami bore za svoj \u017eivot \u010dak i onda kada lekar ka\u017ee da \u010dovek ne bi trebao da bude \u017eiv.<\/p>\n<p>&nbsp;<\/p>\n<p>\u201eMera\u201c \u201eGetestet\u201c ili &#8220;testiran&#8221; je besmislena, manipulativna i opasna.<\/p>\n<p>Takozvani \u201etestovi\u201c su besmisleni jer su improvizovano izmi\u0161ljeni na brz i pokvaren na\u010din od sa mo\u0107i obsednutih ljudi velikih du\u0161evnih poreme\u0107aja i ne pokazuju da li je \u010dovek zara\u017een \u201eopasnim\u201c korona virusom.<\/p>\n<p>Ja posedujem retko i veliko li\u010dno blago a to su desetine hiljada sati provedenih u praktikovanju, i moja svakodnevna praksa svesnog disanja. \u010covek koji ne di\u0161e je mrtav covek. \u010covek koji poznaje svoje disanje je jo\u0161 \u017eivlji i budniji. Moje blago su i 10 godina provedenih u predanom podu\u010davanju tehnika disanja, \u010dije ste deo i vi, dragi moji u\u010denici.<\/p>\n<p>Zbog mog neprocenjivog licnog iskustva i znanja o va\u017enosti i osetljivosti ljudskog organa za disanje kao i njegovoj vezi sa ljudskim mozgom, sve\u0161\u0107u, duhovno\u0161\u0107u i genomom, tvrdim da su ovi \u201ctestovi\u201d u kojima se ovi najsensibilniji organi dodiruju grubim \u0161tapi\u0107ima opasni za \u010dovekov organizam jer mogu trajno da o\u0161tete potpuno zdravu i prirodnu funkciju ljudskog mozga i njegove prirodne kvalitete.<\/p>\n<p>Pored toga se ovakvi \u201ctestovi\u201d obavljaju od potpuno nestru\u010dnih osoba, u Nemackoj naj\u010de\u0161\u0107e kao studenski posao ili dodatna zarada.<\/p>\n<p>Ova prunudna \u201cmera\u201d \u201ctestiranja\u201d je tako agresivni napad na najosetljiviju i najsvetiju unutra\u0161njost ljudskog organizma gde se osim telesno, povredjuje i ljudsko dostojanstvo i \u010dast koja mu je prirodom data.<\/p>\n<p>U poslednjih godinu i po dana je od strane vladaju\u0107ih medija i politi\u010dara uga\u0161eno stotine video kanala i sklonjeno stotine nau\u0107nika koji su govorili istinu. Neki su i ubijeni.<\/p>\n<p>Sre\u010dom za vas i va\u0161e najbli\u017ee, dostupno je stotine iskrenih, zabrinutih, detaljnih i iskrenih obja\u0161njenja i saveti o opasnim mesavinama koje danas nazivaju \u201evakcinom\u201c, svakako ne na zvani\u0107nim vladinim medijima.<\/p>\n<p>Ovo je manji izbor razgovora sa trenutno naju\u010denijim, najiskrenijim, naj\u010dasnijim i najizdr\u017eljivijim ljudima na svetu.<\/p>\n<p>Youtube, facebook I twitter pripadaju istoj vlasti, i na ovim kanalima mozete da vidite samo one vesti koje dolaze od strane vlade u kojima na\u017ealost ima vrlo malo istine.<\/p>\n<p>Istine koje su svima nama u ovom trenutnu najpotrebnije mozete naci na kanalima koje vam \u0161aljem, na njima su ulinkovani i ostali kanali koje vlada nijedne zemlje, za sada, ne mo\u017ee da ugasi.<\/p>\n<p>U ime va\u0161e li\u010dne slobode i \u017eivota va\u0161ih najbli\u017eih molim vas da ih pazljivo i sa otvorenim umom pogledate i podelite sa onima koje volite. Postavljajte pitanja, to je sada najva\u017enije i ne dajte se ubediti da niste vredni, kada jeste. Va\u0161a sloboda je najvrednija.<\/p>\n<p>&nbsp;<\/p>\n<p>Konferencija patologa od ju\u010de, subote 4. Decembra 2021, koja \u0107e biti od zna\u010denja za istoriju Nemacke i celog \u010dovecanstva:<\/p>\n<p><a href=\"https:\/\/odysee.com\/@locrusty:1\/Pressekonferenz-Pathologie-Konferenz-S01E03:0\">https:\/\/odysee.com\/@locrusty:1\/Pressekonferenz-Pathologie-Konferenz-S01E03:0<\/a><\/p>\n<p>&nbsp;<\/p>\n<p>Ostala, svetski va\u017ena saznanja:<\/p>\n<p><a href=\"https:\/\/odysee.com\/@PlanetLockdown:6\/3---PCR-Sequence:b\">https:\/\/odysee.com\/@PlanetLockdown:6\/3&#8212;PCR-Sequence:b<\/a><\/p>\n<p>&nbsp;<\/p>\n<p><a href=\"https:\/\/odysee.com\/@rene.becker:1\/Sucharit-Bhakdi-erkl%C3%A4rt-die-Wirkungen-der-neuartigen-Impfungen:3\">https:\/\/odysee.com\/@rene.becker:1\/Sucharit-Bhakdi-erkl\u00e4rt-die-Wirkungen-der-neuartigen-Impfungen:3<\/a><\/p>\n<p>&nbsp;<\/p>\n<p><a href=\"https:\/\/www.bitchute.com\/video\/zNWjA2JxVQDu\/\">https:\/\/www.bitchute.com\/video\/zNWjA2JxVQDu\/<\/a><\/p>\n<p>&nbsp;<\/p>\n<p><a href=\"https:\/\/odysee.com\/@unzensiertundunmaskiert:6\/prof-sucharit-bhakdi-zum-bmj-enthuellungsbericht-ueber-us-forschungsfirma:6\">https:\/\/odysee.com\/@unzensiertundunmaskiert:6\/prof-sucharit-bhakdi-zum-bmj-enthuellungsbericht-ueber-us-forschungsfirma:6<\/a><\/p>\n<p>&nbsp;<\/p>\n<p>Jedan od mnogih anonimnih izvestaja negovatelja u Nema\u010dkoj:<\/p>\n<p><a href=\"https:\/\/odysee.com\/@Corona-Ausschuss:3\/Ad-hoc_Chest_Unit_Pfleger:6\">https:\/\/odysee.com\/@Corona-Ausschuss:3\/Ad-hoc_Chest_Unit_Pfleger:6<\/a><\/p>\n<p>&nbsp;<\/p>\n<p>Ovde \u0107ete na\u0107i pomo\u0107 i podr\u0161ku eti\u0107kih i moralnih medicinara u va\u0161oj okolini (samo za Nema\u010dku):<\/p>\n<p><a href=\"https:\/\/www.mwgfd.de\/unsere-mitglieder\/\">https:\/\/www.mwgfd.de\/unsere-mitglieder\/<\/a><\/p>\n<p>Doktori za kovid etiku \u0161irom sveta:<\/p>\n<p><a href=\"https:\/\/doctors4covidethics.org\/a-reminder-of-liability-information-for-covid-19-vaccination-sent-to-german-physicians\/\">https:\/\/doctors4covidethics.org\/a-reminder-of-liability-information-for-covid-19-vaccination-sent-to-german-physicians\/<\/a><\/p>\n<p>Dr. Ralf Tillenburg iz D\u00fcsseldorfa:<\/p>\n<p><a href=\"https:\/\/odysee.com\/@LongXXvids:c\/Ralf-Tillenburg:6\">https:\/\/odysee.com\/@LongXXvids:c\/Ralf-Tillenburg:6<\/a><\/p>\n<p>&nbsp;<\/p>\n<p>Pronalaza\u010d PCR testova:<\/p>\n<p><a href=\"https:\/\/odysee.com\/Erfinder-des-PCR-Tests-und-Nobelpreistr%C3%A4ger-Kary-Mullis:b\">https:\/\/odysee.com\/Erfinder-des-PCR-Tests-und-Nobelpreistr\u00e4ger-Kary-Mullis:b<\/a><\/p>\n<p><a href=\"https:\/\/odysee.com\/@yellowgenius:0\/Kary-Mullis,-inventor-of-the-PCR-test-on-Anthony-Fauci:4\">https:\/\/odysee.com\/@yellowgenius:0\/Kary-Mullis,-inventor-of-the-PCR-test-on-Anthony-Fauci:4<\/a><\/p>\n<p>&nbsp;<\/p>\n<p><a href=\"https:\/\/www.bitchute.com\/video\/h0Vf6mGBsqYj\/\">https:\/\/www.bitchute.com\/video\/h0Vf6mGBsqYj\/<\/a><\/p>\n<p>Kako mo\u017eemo da podr\u017eimo globalnu reakciju kovida koriste\u0107i pravo:<\/p>\n<p><a href=\"https:\/\/odysee.com\/@pandemicpodcast:c\/reiner:58\">https:\/\/odysee.com\/@pandemicpodcast:c\/reiner:58<\/a><\/p>\n<p>Ostalo:<\/p>\n<p><a href=\"https:\/\/odysee.com\/@voicesforfreedom:6\/Dr-Reiner-Fuellmich-On-The-Global-Covid:e\">https:\/\/odysee.com\/@voicesforfreedom:6\/Dr-Reiner-Fuellmich-On-The-Global-Covid:e<\/a><\/p>\n<p>&nbsp;<\/p>\n<p>Mnogi su ostali bez prijatelja i rodjaka koji su izgubili snagu da postavljaju pitanja i da se bore da saznaju sta je zaista istina i za\u0161to su promorani na ove \u201emere\u201c.<\/p>\n<p>To je tu\u017eno.<\/p>\n<p>Ovo je web stranica koja povezuje one koji svesno i snazno govore NE kontroli, i DA slobodi:<\/p>\n<p><a href=\"https:\/\/www.connecting-life.org\/\">https:\/\/www.connecting-life.org<\/a><\/p>\n<p>&nbsp;<\/p>\n<p>Kompletne web stranice sa intervjuima \u010dasnih i pametnih ljudi, pored ostalih Dr. Wolfgang Wodarg-a, Michael Yeadon-a, biv\u0161eg vice predsednika Pfizer-a, bi\u0161opa Schneider-a, Dr. Sukharit Bhakti-ja, Dr. Claus K\u00f6hnlien-a i ostalih, politi\u010dara, ekonomista, biv\u0161ih savetnika i saradnika najvi\u0161ih finansijskih mo\u0107nika na svetu, kao i svih drugih hrabrih odraslih i mladih ljudi:<\/p>\n<p><a href=\"https:\/\/planetlockdownfilm.com\/full-interviews\/\">https:\/\/planetlockdownfilm.com\/full-interviews\/<\/a><\/p>\n<p>Ljudi sa trenutno najve\u0107om ljudskom snagom i uvidom u istinu, stotine sati provedenih sa preko 150 sagovornika iz celog sveta koji se bore za pravo \u010doveka da ostane \u017eiv i da uop\u0161te \u017eivi kao \u010dovek a ne digitalna ma\u0161ina pod komandom. Posebno se vratite na po\u010detak na\u0161e \u201cpandemije\u201d, marta pro\u0161le godine: \u201cBergamo, was war da los?\u201c.<\/p>\n<p><a href=\"https:\/\/odysee.com\/@Corona-Ausschuss:3\/Ausschuss3_Part2_Gatti_Wodarg:3\">https:\/\/odysee.com\/@Corona-Ausschuss:3\/Ausschuss3_Part2_Gatti_Wodarg:3<\/a><\/p>\n<p><a href=\"https:\/\/corona-ausschuss.de\/\">https:\/\/corona-ausschuss.de<\/a><\/p>\n<p>&nbsp;<\/p>\n<p>&nbsp;<\/p>\n<p>\u0160aljem vam ovo pismo zato \u0161to znam \u0161ta zna\u010di \u017eiveti potpuno ispunjen \u017eivot i bez bolesti \u010dak i u 52. godini, i \u0161ta zna\u010di beskrajno i bezuslovno voleti i biti beskrajno voljen.<\/p>\n<p>U nadi da \u0107e moja kao i poruke svih ljudi \u010dije ste znanje, iskustvo, misli i ose\u0107anja nadam se pa\u017eljivo odslu\u0161ali doneti mnogo sre\u0107nija i spokojnija jutra i no\u0107i,<\/p>\n<p>\u0161aljem vam svu podr\u0161ku za ja\u010danje snage va\u0161eg srca, duha i razuma, i za prepoznavanje va\u0161ih najvi\u0161ih vrednosti kao ljudska bi\u0107a od \u010dasti i dostojanstva. Ukoliko i dalje imate sumnji, javite se, tu sam za vas kao i uvek.<\/p>\n<p>Budite hrabri.<\/p>\n<p>Sa srcem,<\/p>\n<p>va\u0161a Lika<\/p>\n<p>&nbsp;<\/p>\n<p>&nbsp;<\/p>\n","protected":false},"excerpt":{"rendered":"<p>&#8220;3G-mere u Nema\u010dkoj&#8221;<br \/>\n5.12.202<br \/>\nDragi moji u\u010denici, prijatelji i rodjaci,<br \/>\nda bih nastavila da dr\u017eim \u010dasove joge primorana sam da pristanem na pravila nema\u010dke vlade, takozvane \u201c3 G mere\u201c.<br \/>\nNIKO me NIKADA ne\u0107e primorati da u\u010destvujem u idiotskim stvarima.<br \/>\n&nbsp;<br \/>\nOd ponedeljka, 22. Novembra, prestajem da dr\u017eim \u010dasove pod ovim prinudnim \u201emerama\u201d.<br \/>\nPrvo zato \u0161to ove \u201emere\u201c smatram najnemoralnijim, najneistinitijim, najopasnijim, najbesmislenim, najnelogi\u010dnijim, najsmrtonosnijim i najmanipulativnim ljudskim potezima od nastanka ljudskog bi\u0107a do danas.<br \/>\nA onda i zbog nove nesigurnosti &#8230;<\/p>\n","protected":false},"author":1,"featured_media":0,"parent":0,"menu_order":0,"comment_status":"closed","ping_status":"closed","template":"","meta":{"_bbp_topic_count":0,"_bbp_reply_count":0,"_bbp_total_topic_count":0,"_bbp_total_reply_count":0,"_bbp_voice_count":0,"_bbp_anonymous_reply_count":0,"_bbp_topic_count_hidden":0,"_bbp_reply_count_hidden":0,"_bbp_forum_subforum_count":0,"inline_featured_image":false,"spay_email":""},"translation":{"provider":"WPGlobus","version":"3.0.1","language":"sr","enabled_languages":["en","de","sr"],"languages":{"en":{"title":true,"content":true,"excerpt":false},"de":{"title":true,"content":true,"excerpt":false},"sr":{"title":true,"content":true,"excerpt":false}}},"yoast_head":"<!-- This site is optimized with the Yoast SEO plugin v18.3 - https:\/\/yoast.com\/wordpress\/plugins\/seo\/ -->\n<title>&quot;3G-mere u Nema\u010dkoj&quot;, 5.12.2021 - Lepota promene<\/title>\n<meta name=\"description\" content=\"&quot;3G-mere u Nema\u010dkoj&quot;. Decembar 2021.\" \/>\n<meta name=\"robots\" content=\"index, follow, max-snippet:-1, max-image-preview:large, max-video-preview:-1\" \/>\n<link rel=\"canonical\" href=\"https:\/\/yogajagat.com\/3-g-measures-in-germany\/\" \/>\n<meta name=\"twitter:label1\" content=\"Est. reading time\" \/>\n\t<meta name=\"twitter:data1\" content=\"8 minutes\" \/>\n<script type=\"application\/ld+json\" class=\"yoast-schema-graph\">{\"@context\":\"https:\/\/schema.org\",\"@graph\":[{\"@type\":\"Organization\",\"@id\":\"https:\/\/yogajagat.com\/#organization\",\"name\":\"Yogajagat\",\"url\":\"https:\/\/yogajagat.com\/\",\"sameAs\":[],\"logo\":{\"@type\":\"ImageObject\",\"@id\":\"https:\/\/yogajagat.com\/#logo\",\"inLanguage\":\"sr\",\"url\":\"https:\/\/i1.wp.com\/yogajagat.com\/wp-content\/uploads\/2019\/03\/DSC08478-Kopie-1.jpg?fit=798%2C800&ssl=1\",\"contentUrl\":\"https:\/\/i1.wp.com\/yogajagat.com\/wp-content\/uploads\/2019\/03\/DSC08478-Kopie-1.jpg?fit=798%2C800&ssl=1\",\"width\":798,\"height\":800,\"caption\":\"Yogajagat\"},\"image\":{\"@id\":\"https:\/\/yogajagat.com\/#logo\"}},{\"@type\":\"WebSite\",\"@id\":\"https:\/\/yogajagat.com\/#website\",\"url\":\"https:\/\/yogajagat.com\/\",\"name\":\"Lepota promene\",\"description\":\"Neprestanom promenom do najlepseg zivotnog iskustva\",\"publisher\":{\"@id\":\"https:\/\/yogajagat.com\/#organization\"},\"potentialAction\":[{\"@type\":\"SearchAction\",\"target\":{\"@type\":\"EntryPoint\",\"urlTemplate\":\"https:\/\/yogajagat.com\/?s={search_term_string}\"},\"query-input\":\"required name=search_term_string\"}],\"inLanguage\":\"sr\"},{\"@type\":\"WebPage\",\"@id\":\"https:\/\/yogajagat.com\/3-g-measures-in-germany\/#webpage\",\"url\":\"https:\/\/yogajagat.com\/3-g-measures-in-germany\/\",\"name\":\"\\\"3G-mere u Nema\u010dkoj\\\", 5.12.2021 - Lepota promene\",\"isPartOf\":{\"@id\":\"https:\/\/yogajagat.com\/#website\"},\"datePublished\":\"2021-12-05T21:08:55+00:00\",\"dateModified\":\"2021-12-30T10:35:10+00:00\",\"description\":\"\\\"3G-mere u Nema\u010dkoj\\\". Decembar 2021.\",\"breadcrumb\":{\"@id\":\"https:\/\/yogajagat.com\/3-g-measures-in-germany\/#breadcrumb\"},\"inLanguage\":\"sr\",\"potentialAction\":[{\"@type\":\"ReadAction\",\"target\":[\"https:\/\/yogajagat.com\/3-g-measures-in-germany\/\"]}]},{\"@type\":\"BreadcrumbList\",\"@id\":\"https:\/\/yogajagat.com\/3-g-measures-in-germany\/#breadcrumb\",\"itemListElement\":[{\"@type\":\"ListItem\",\"position\":1,\"name\":\"Home\",\"item\":\"https:\/\/yogajagat.com\/sr\/\"},{\"@type\":\"ListItem\",\"position\":2,\"name\":\"&#8220;3 G measures&#8221; in Germany, 5.12.2021\"}]}]}<\/script>\n<!-- \/ Yoast SEO plugin. -->","yoast_head_json":{"title":"\"3G-mere u Nema\u010dkoj\", 5.12.2021 - Lepota promene","description":"\"3G-mere u Nema\u010dkoj\". Decembar 2021.","robots":{"index":"index","follow":"follow","max-snippet":"max-snippet:-1","max-image-preview":"max-image-preview:large","max-video-preview":"max-video-preview:-1"},"canonical":"https:\/\/yogajagat.com\/3-g-measures-in-germany\/","twitter_misc":{"Est. reading time":"8 minutes"},"schema":{"@context":"https:\/\/schema.org","@graph":[{"@type":"Organization","@id":"https:\/\/yogajagat.com\/#organization","name":"Yogajagat","url":"https:\/\/yogajagat.com\/","sameAs":[],"logo":{"@type":"ImageObject","@id":"https:\/\/yogajagat.com\/#logo","inLanguage":"sr","url":"https:\/\/i1.wp.com\/yogajagat.com\/wp-content\/uploads\/2019\/03\/DSC08478-Kopie-1.jpg?fit=798%2C800&ssl=1","contentUrl":"https:\/\/i1.wp.com\/yogajagat.com\/wp-content\/uploads\/2019\/03\/DSC08478-Kopie-1.jpg?fit=798%2C800&ssl=1","width":798,"height":800,"caption":"Yogajagat"},"image":{"@id":"https:\/\/yogajagat.com\/#logo"}},{"@type":"WebSite","@id":"https:\/\/yogajagat.com\/#website","url":"https:\/\/yogajagat.com\/","name":"Lepota promene","description":"Neprestanom promenom do najlepseg zivotnog iskustva","publisher":{"@id":"https:\/\/yogajagat.com\/#organization"},"potentialAction":[{"@type":"SearchAction","target":{"@type":"EntryPoint","urlTemplate":"https:\/\/yogajagat.com\/?s={search_term_string}"},"query-input":"required name=search_term_string"}],"inLanguage":"sr"},{"@type":"WebPage","@id":"https:\/\/yogajagat.com\/3-g-measures-in-germany\/#webpage","url":"https:\/\/yogajagat.com\/3-g-measures-in-germany\/","name":"\"3G-mere u Nema\u010dkoj\", 5.12.2021 - Lepota promene","isPartOf":{"@id":"https:\/\/yogajagat.com\/#website"},"datePublished":"2021-12-05T21:08:55+00:00","dateModified":"2021-12-30T10:35:10+00:00","description":"\"3G-mere u Nema\u010dkoj\". Decembar 2021.","breadcrumb":{"@id":"https:\/\/yogajagat.com\/3-g-measures-in-germany\/#breadcrumb"},"inLanguage":"sr","potentialAction":[{"@type":"ReadAction","target":["https:\/\/yogajagat.com\/3-g-measures-in-germany\/"]}]},{"@type":"BreadcrumbList","@id":"https:\/\/yogajagat.com\/3-g-measures-in-germany\/#breadcrumb","itemListElement":[{"@type":"ListItem","position":1,"name":"Home","item":"https:\/\/yogajagat.com\/sr\/"},{"@type":"ListItem","position":2,"name":"&#8220;3 G measures&#8221; in Germany, 5.12.2021"}]}]}},"_links":{"self":[{"href":"https:\/\/yogajagat.com\/sr\/wp-json\/wp\/v2\/pages\/6162"}],"collection":[{"href":"https:\/\/yogajagat.com\/sr\/wp-json\/wp\/v2\/pages"}],"about":[{"href":"https:\/\/yogajagat.com\/sr\/wp-json\/wp\/v2\/types\/page"}],"author":[{"embeddable":true,"href":"https:\/\/yogajagat.com\/sr\/wp-json\/wp\/v2\/users\/1"}],"replies":[{"embeddable":true,"href":"https:\/\/yogajagat.com\/sr\/wp-json\/wp\/v2\/comments?post=6162"}],"version-history":[{"count":15,"href":"https:\/\/yogajagat.com\/sr\/wp-json\/wp\/v2\/pages\/6162\/revisions"}],"predecessor-version":[{"id":6195,"href":"https:\/\/yogajagat.com\/sr\/wp-json\/wp\/v2\/pages\/6162\/revisions\/6195"}],"wp:attachment":[{"href":"https:\/\/yogajagat.com\/sr\/wp-json\/wp\/v2\/media?parent=6162"}],"curies":[{"name":"wp","href":"https:\/\/api.w.org\/{rel}","templated":true}]}}