{"id":603,"date":"2015-01-26T00:28:41","date_gmt":"2015-01-26T00:28:41","guid":{"rendered":"http:\/\/yogajagat.com\/?page_id=603"},"modified":"2020-02-25T14:11:07","modified_gmt":"2020-02-25T13:11:07","slug":"hatha-yoga-the-oldest-text-on-hatha-yoga-pradipika","status":"publish","type":"page","link":"https:\/\/yogajagat.com\/sr\/hatha-joga-pradipika-najstariji-tekst-o-hatha-jogi\/","title":{"rendered":"Hatha Joga Pradipika. Najstariji pisani tekst"},"content":{"rendered":"[vc_row][vc_column][vc_custom_heading text=&#8221;Najstariji pisani tekst o Hatha Jogi&#8221; font_container=&#8221;tag:h2|text_align:center|color:%231ba2b7&#8243; google_fonts=&#8221;font_family:Ubuntu%3A300%2C300italic%2Cregular%2Citalic%2C500%2C500italic%2C700%2C700italic|font_style:300%20light%20italic%3A300%3Aitalic&#8221;][\/vc_column][\/vc_row][vc_row][vc_column][vc_column_text]\n<h3 style=\"text-align: center;\"><span style=\"color: #993300;\">HATHA JOGA<\/span><\/h3>\n<hr \/>\n<p>&nbsp;<\/p>\n<p>Najstariji tekst o Hatha Jogi je najverovatnije <em>Hatha Joga Pradipika<\/em> napisan od <em>Swami Swatmarame<\/em> u 15. veku (neki autori navode i 13. ili 14. vek). Tekst pripada post-klasi\u010dnom periodu razvoja Joge kao nauke i u\u010denja.<\/p>\n<p>&nbsp;<\/p>\n<p>Tehnike koje su opisane u Hatha Joga Pradipici bazirane su na starom znanju o \u010doveku i njegovom duhu, kao i na li\u010dnom iskustvu autora.<\/p>\n[\/vc_column_text][\/vc_column][\/vc_row][vc_row][vc_column][vc_custom_heading text=&#8221;Tehnike Hatha Joge&#8221; font_container=&#8221;tag:h2|text_align:center|color:%231ba2b7&#8243; google_fonts=&#8221;font_family:Ubuntu%3A300%2C300italic%2Cregular%2Citalic%2C500%2C500italic%2C700%2C700italic|font_style:300%20light%20italic%3A300%3Aitalic&#8221;][\/vc_column][\/vc_row][vc_row][vc_column][vc_column_text]\n<hr \/>\n<p>&nbsp;<\/p>\n<p>Sistem Hatha Joge ima nekoliko tehnika od kojih su neki potpuno jednaki sa tehnikama Patan\u0111alijevog sistema (o <a href=\"https:\/\/yogajagat.com\/sr\/moral\/\"><span style=\"color: #800080;\">moralnom \u017eivotu<\/span> <\/a>\u010doveka pogledajte ovu stranicu, a kako se osloboditi lanaca navika i postati otmen \u010dovek pogledajte <a href=\"https:\/\/yogajagat.com\/sr\/menjanje-navika-i-kreiranje-otmenosti\/\"><span style=\"color: #993300;\">ovu<\/span><\/a> i sve ostale prilo\u017eene stranice).<\/p>\n<p>Ove tehnike su:<\/p>\n<p>&#8211; <span style=\"color: #993300;\">Jame i Nijame<\/span><\/p>\n<p>Za razliku od <a href=\"https:\/\/yogajagat.com\/sr\/razmisljanje-rezonovanje-i-uvid-radza-joga\/\"><span style=\"color: #800080;\">Patan\u0111alija<\/span><\/a>, Swatmarama navodi:<\/p>\n<p>deset <span style=\"color: #800080;\">Jama<\/span> (uzdr\u017eljivosti pomo\u0107u samokontrole):<\/p>\n<p>ahimza, istina, ne uzimanje onoga \u0161to nam ne pripada, \u010dednost, opro\u0161taj, izdr\u017eljivost, saose\u0107aj, pokornost, umerena ishrana i \u010disto\u0107a.<\/p>\n<p>I deset <span style=\"color: #800080;\">Nijama<\/span> (obi\u010daja, navika, uzdr\u017eavanja):<\/p>\n<p>skromnost, smirenost, verovanje u Boga, milosr\u0111e (<em>dana<\/em>), obo\u017eavanje Bo\u017eanskog, saznavanje o principima religija, stid, ja\u010danje umnih sposobnosti,\u00a0 trud (koji sam po sebi proizvodi energiju, toplotu) (<em>tapa<\/em>) i predanost (<em>yajna<\/em>).<\/p>\n<p><em>(li\u010dni prevod na na\u0161 jezik sa prevoda sanskrita na engleski od Pancham Singh-a i Rai Bahadur Srisa Vasu)<\/em><\/p>\n<p>&#8211; <a href=\"https:\/\/yogajagat.com\/sr\/joga-polozaji-tela-izvodenje-joga-asana\/\"><span style=\"color: #993300;\">Asane<\/span><\/a>, ili jogi\u010dki polo\u017eaji tela<\/p>\n<p>&#8211; <a href=\"https:\/\/yogajagat.com\/sr\/pranajama-jogicka-tehnika-disanja-stanje-potunog-mira\/\"><span style=\"color: #993300;\">Pranajama<\/span><\/a> ili pro\u0161irivanje<a href=\"https:\/\/yogajagat.com\/sr\/prana-i-pet-slojeva-energetskog-tela\/\"><span style=\"color: #800080;\"> prane<\/span><\/a>. Isto, svesna kontrola disanja, poznata kao tehnike disanja<\/p>\n<p>&#8211; <span style=\"color: #993300;\">Mudre<\/span> (<em>mud<\/em> zna\u010di zadovoljstvo, <em>dru<\/em> produ\u017eiti napred) ili polo\u017eaji prstiju, ruku i tela, i usmeravanje duhovno-psihi\u010dkih sposobnosti ka odre\u0111enim poljima<\/p>\n<p>&#8211; <span style=\"color: #993300;\">Bande<\/span> (<em>bandha<\/em> zna\u010di zatvoriti ili zadr\u017eati) ili svesne kontrakcije odre\u0111enih delova tela i ujedno usmeravanje energije ka vi\u0161im centrima<\/p>\n<p>&#8211; <span style=\"color: #993300;\">\u0160atkarme<\/span> ili<em> Krije<\/em> (<em>shat<\/em>&#8211; \u0161est, <em>karma<\/em>&#8211; akcija, pokretanje, <em>kriya<\/em>&#8211; pro\u010di\u0161\u0107avanje) ili jogi\u010dke tehnike pro\u010di\u0161\u0107avanja tela<\/p>\n<p>&#8211; <span style=\"color: #993300;\"><a style=\"color: #993300;\" href=\"https:\/\/yogajagat.com\/sr\/koncentracija-korisno-odvajanje-uma-od-bure-darana\/\">Koncentracija<\/a>,<span style=\"color: #003366;\"><a style=\"color: #003366;\" href=\"https:\/\/yogajagat.com\/sr\/meditacija-o-meditaciji-kao-stanju-duha\/\"><span style=\"color: #800080;\"> meditacija<\/span> <\/a><\/span><\/span>i <span style=\"color: #993300;\"><a style=\"color: #993300;\" href=\"https:\/\/yogajagat.com\/sr\/potpuno-opustanje-joga-nidra-tehnika-dubokog-opustanja-jogicko-spavanje\/\">duboko opu\u0161tanje.<\/a><\/span><\/p>\n<p>&nbsp;<\/p>\n<p>Zna\u010di, svejedno pod kojim imenom komercijalizovani, niti su <a href=\"https:\/\/yogajagat.com\/sr\/ujedinjenje-jedinstvo-dna-joga\/\"><span style=\"color: #800080;\">Joga<\/span><\/a> niti Hatha Joga \u010disto izvo\u0111enje polo\u017eaja (u najgorem slu\u010daju, ovi polo\u017eaji se jo\u0161 nazivaju i &#8220;ve\u017ebe&#8221;), kao \u0161to to nisu ni \u010disto praktikovanje tehnika disanja.<\/p>\n<p>\u010cak ni kombinacija tehika disanja sa izvo\u0111enjem polo\u017eaja Hatha Joge nisu Joga.<\/p>\n<p>&nbsp;<\/p>\n<p>Treba se dobro informisati pre nego \u0161to se \u010dovek osmeli i upusti u bilo kakvu raspravu o Jogi, ili u samo praktikovanje tehnika Joge.<\/p>\n[\/vc_column_text][\/vc_column][\/vc_row][vc_row][vc_column][vc_column_text]<img loading=\"lazy\" class=\"aligncenter size-full wp-image-5201\" src=\"https:\/\/i2.wp.com\/yogajagat.com\/wp-content\/uploads\/2020\/02\/10623532_10152762418162512_3257582330070230682_o.jpg?resize=480%2C640\" alt=\"hatha joga\" width=\"480\" height=\"640\" srcset=\"https:\/\/i2.wp.com\/yogajagat.com\/wp-content\/uploads\/2020\/02\/10623532_10152762418162512_3257582330070230682_o.jpg?w=480&amp;ssl=1 480w, https:\/\/i2.wp.com\/yogajagat.com\/wp-content\/uploads\/2020\/02\/10623532_10152762418162512_3257582330070230682_o.jpg?resize=225%2C300&amp;ssl=1 225w\" sizes=\"(max-width: 480px) 100vw, 480px\" data-recalc-dims=\"1\" \/>[\/vc_column_text][\/vc_column][\/vc_row]\n","protected":false},"excerpt":{"rendered":"<p>[vc_row][vc_column][vc_custom_heading text=&#8221;Najstariji pisani tekst o Hatha Jogi&#8221; font_container=&#8221;tag:h2|text_align:center|color:%231ba2b7&#8243; google_fonts=&#8221;font_family:Ubuntu%3A300%2C300italic%2Cregular%2Citalic%2C500%2C500italic%2C700%2C700italic|font_style:300%20light%20italic%3A300%3Aitalic&#8221;][\/vc_column][\/vc_row][vc_row][vc_column][vc_column_text]<br \/>\nHATHA JOGA<\/p>\n<p>&nbsp;<br \/>\nNajstariji tekst o Hatha Jogi je najverovatnije Hatha Joga Pradipika napisan od Swami Swatmarame u 15. veku (neki autori navode i 13. ili 14. vek). Tekst pripada post-klasi\u010dnom periodu razvoja Joge kao nauke i u\u010denja.<br \/>\n&nbsp;<br \/>\nTehnike koje su opisane u Hatha Joga Pradipici bazirane su na starom znanju o \u010doveku i njegovom duhu, kao i na li\u010dnom iskustvu autora.<br \/>\n[\/vc_column_text][\/vc_column][\/vc_row][vc_row][vc_column][vc_custom_heading text=&#8221;Tehnike Hatha Joge&#8221; font_container=&#8221;tag:h2|text_align:center|color:%231ba2b7&#8243; google_fonts=&#8221;font_family:Ubuntu%3A300%2C300italic%2Cregular%2Citalic%2C500%2C500italic%2C700%2C700italic|font_style:300%20light%20italic%3A300%3Aitalic&#8221;][\/vc_column][\/vc_row][vc_row][vc_column][vc_column_text]<br \/>\n<br ...\n<\/p>\n","protected":false},"author":1,"featured_media":0,"parent":0,"menu_order":0,"comment_status":"open","ping_status":"open","template":"template-full-width.php","meta":{"_bbp_topic_count":0,"_bbp_reply_count":0,"_bbp_total_topic_count":0,"_bbp_total_reply_count":0,"_bbp_voice_count":0,"_bbp_anonymous_reply_count":0,"_bbp_topic_count_hidden":0,"_bbp_reply_count_hidden":0,"_bbp_forum_subforum_count":0,"inline_featured_image":false,"spay_email":""},"translation":{"provider":"WPGlobus","version":"3.0.1","language":"sr","enabled_languages":["en","de","sr"],"languages":{"en":{"title":true,"content":true,"excerpt":false},"de":{"title":true,"content":true,"excerpt":false},"sr":{"title":true,"content":true,"excerpt":false}}},"yoast_head":"<!-- This site is optimized with the Yoast SEO plugin v18.3 - https:\/\/yoast.com\/wordpress\/plugins\/seo\/ -->\n<title>Hatha Joga Pradipika. Najstariji pisani tekst - Lepota promene<\/title>\n<meta name=\"description\" content=\"Najstariji tekst o Hatha Jogi je najverovatnije Hatha Joga Pradipika napisan od Swami Swatmarame u 15. veku. Tehnike Hatha Joge.\" \/>\n<meta name=\"robots\" content=\"index, follow, max-snippet:-1, max-image-preview:large, max-video-preview:-1\" \/>\n<link rel=\"canonical\" href=\"https:\/\/yogajagat.com\/sr\/hatha-joga-pradipika-najstariji-tekst-o-hatha-jogi\/\" \/>\n<meta name=\"twitter:label1\" content=\"Est. reading time\" \/>\n\t<meta name=\"twitter:data1\" content=\"10 minutes\" \/>\n<script type=\"application\/ld+json\" class=\"yoast-schema-graph\">{\"@context\":\"https:\/\/schema.org\",\"@graph\":[{\"@type\":\"Organization\",\"@id\":\"https:\/\/yogajagat.com\/#organization\",\"name\":\"Yogajagat\",\"url\":\"https:\/\/yogajagat.com\/\",\"sameAs\":[],\"logo\":{\"@type\":\"ImageObject\",\"@id\":\"https:\/\/yogajagat.com\/#logo\",\"inLanguage\":\"sr\",\"url\":\"https:\/\/i1.wp.com\/yogajagat.com\/wp-content\/uploads\/2019\/03\/DSC08478-Kopie-1.jpg?fit=798%2C800&ssl=1\",\"contentUrl\":\"https:\/\/i1.wp.com\/yogajagat.com\/wp-content\/uploads\/2019\/03\/DSC08478-Kopie-1.jpg?fit=798%2C800&ssl=1\",\"width\":798,\"height\":800,\"caption\":\"Yogajagat\"},\"image\":{\"@id\":\"https:\/\/yogajagat.com\/#logo\"}},{\"@type\":\"WebSite\",\"@id\":\"https:\/\/yogajagat.com\/#website\",\"url\":\"https:\/\/yogajagat.com\/\",\"name\":\"Lepota promene\",\"description\":\"Neprestanom promenom do najlepseg zivotnog iskustva\",\"publisher\":{\"@id\":\"https:\/\/yogajagat.com\/#organization\"},\"potentialAction\":[{\"@type\":\"SearchAction\",\"target\":{\"@type\":\"EntryPoint\",\"urlTemplate\":\"https:\/\/yogajagat.com\/?s={search_term_string}\"},\"query-input\":\"required name=search_term_string\"}],\"inLanguage\":\"sr\"},{\"@type\":\"ImageObject\",\"@id\":\"https:\/\/yogajagat.com\/sr\/hatha-joga-pradipika-najstariji-tekst-o-hatha-jogi\/#primaryimage\",\"inLanguage\":\"sr\",\"url\":\"http:\/\/yogajagat.com\/wp-content\/uploads\/2020\/02\/10623532_10152762418162512_3257582330070230682_o.jpg\",\"contentUrl\":\"http:\/\/yogajagat.com\/wp-content\/uploads\/2020\/02\/10623532_10152762418162512_3257582330070230682_o.jpg\"},{\"@type\":\"WebPage\",\"@id\":\"https:\/\/yogajagat.com\/sr\/hatha-joga-pradipika-najstariji-tekst-o-hatha-jogi\/#webpage\",\"url\":\"https:\/\/yogajagat.com\/sr\/hatha-joga-pradipika-najstariji-tekst-o-hatha-jogi\/\",\"name\":\"Hatha Joga Pradipika. Najstariji pisani tekst - Lepota promene\",\"isPartOf\":{\"@id\":\"https:\/\/yogajagat.com\/#website\"},\"primaryImageOfPage\":{\"@id\":\"https:\/\/yogajagat.com\/sr\/hatha-joga-pradipika-najstariji-tekst-o-hatha-jogi\/#primaryimage\"},\"datePublished\":\"2015-01-26T00:28:41+00:00\",\"dateModified\":\"2020-02-25T13:11:07+00:00\",\"description\":\"Najstariji tekst o Hatha Jogi je najverovatnije Hatha Joga Pradipika napisan od Swami Swatmarame u 15. veku. Tehnike Hatha Joge.\",\"breadcrumb\":{\"@id\":\"https:\/\/yogajagat.com\/sr\/hatha-joga-pradipika-najstariji-tekst-o-hatha-jogi\/#breadcrumb\"},\"inLanguage\":\"sr\",\"potentialAction\":[{\"@type\":\"ReadAction\",\"target\":[\"https:\/\/yogajagat.com\/sr\/hatha-joga-pradipika-najstariji-tekst-o-hatha-jogi\/\"]}]},{\"@type\":\"BreadcrumbList\",\"@id\":\"https:\/\/yogajagat.com\/sr\/hatha-joga-pradipika-najstariji-tekst-o-hatha-jogi\/#breadcrumb\",\"itemListElement\":[{\"@type\":\"ListItem\",\"position\":1,\"name\":\"Home\",\"item\":\"https:\/\/yogajagat.com\/sr\/\"},{\"@type\":\"ListItem\",\"position\":2,\"name\":\"Hatha Joga Pradipika. Najstariji pisani tekst\"}]}]}<\/script>\n<!-- \/ Yoast SEO plugin. -->","yoast_head_json":{"title":"Hatha Joga Pradipika. Najstariji pisani tekst - Lepota promene","description":"Najstariji tekst o Hatha Jogi je najverovatnije Hatha Joga Pradipika napisan od Swami Swatmarame u 15. veku. Tehnike Hatha Joge.","robots":{"index":"index","follow":"follow","max-snippet":"max-snippet:-1","max-image-preview":"max-image-preview:large","max-video-preview":"max-video-preview:-1"},"canonical":"https:\/\/yogajagat.com\/sr\/hatha-joga-pradipika-najstariji-tekst-o-hatha-jogi\/","twitter_misc":{"Est. reading time":"10 minutes"},"schema":{"@context":"https:\/\/schema.org","@graph":[{"@type":"Organization","@id":"https:\/\/yogajagat.com\/#organization","name":"Yogajagat","url":"https:\/\/yogajagat.com\/","sameAs":[],"logo":{"@type":"ImageObject","@id":"https:\/\/yogajagat.com\/#logo","inLanguage":"sr","url":"https:\/\/i1.wp.com\/yogajagat.com\/wp-content\/uploads\/2019\/03\/DSC08478-Kopie-1.jpg?fit=798%2C800&ssl=1","contentUrl":"https:\/\/i1.wp.com\/yogajagat.com\/wp-content\/uploads\/2019\/03\/DSC08478-Kopie-1.jpg?fit=798%2C800&ssl=1","width":798,"height":800,"caption":"Yogajagat"},"image":{"@id":"https:\/\/yogajagat.com\/#logo"}},{"@type":"WebSite","@id":"https:\/\/yogajagat.com\/#website","url":"https:\/\/yogajagat.com\/","name":"Lepota promene","description":"Neprestanom promenom do najlepseg zivotnog iskustva","publisher":{"@id":"https:\/\/yogajagat.com\/#organization"},"potentialAction":[{"@type":"SearchAction","target":{"@type":"EntryPoint","urlTemplate":"https:\/\/yogajagat.com\/?s={search_term_string}"},"query-input":"required name=search_term_string"}],"inLanguage":"sr"},{"@type":"ImageObject","@id":"https:\/\/yogajagat.com\/sr\/hatha-joga-pradipika-najstariji-tekst-o-hatha-jogi\/#primaryimage","inLanguage":"sr","url":"http:\/\/yogajagat.com\/wp-content\/uploads\/2020\/02\/10623532_10152762418162512_3257582330070230682_o.jpg","contentUrl":"http:\/\/yogajagat.com\/wp-content\/uploads\/2020\/02\/10623532_10152762418162512_3257582330070230682_o.jpg"},{"@type":"WebPage","@id":"https:\/\/yogajagat.com\/sr\/hatha-joga-pradipika-najstariji-tekst-o-hatha-jogi\/#webpage","url":"https:\/\/yogajagat.com\/sr\/hatha-joga-pradipika-najstariji-tekst-o-hatha-jogi\/","name":"Hatha Joga Pradipika. Najstariji pisani tekst - Lepota promene","isPartOf":{"@id":"https:\/\/yogajagat.com\/#website"},"primaryImageOfPage":{"@id":"https:\/\/yogajagat.com\/sr\/hatha-joga-pradipika-najstariji-tekst-o-hatha-jogi\/#primaryimage"},"datePublished":"2015-01-26T00:28:41+00:00","dateModified":"2020-02-25T13:11:07+00:00","description":"Najstariji tekst o Hatha Jogi je najverovatnije Hatha Joga Pradipika napisan od Swami Swatmarame u 15. veku. Tehnike Hatha Joge.","breadcrumb":{"@id":"https:\/\/yogajagat.com\/sr\/hatha-joga-pradipika-najstariji-tekst-o-hatha-jogi\/#breadcrumb"},"inLanguage":"sr","potentialAction":[{"@type":"ReadAction","target":["https:\/\/yogajagat.com\/sr\/hatha-joga-pradipika-najstariji-tekst-o-hatha-jogi\/"]}]},{"@type":"BreadcrumbList","@id":"https:\/\/yogajagat.com\/sr\/hatha-joga-pradipika-najstariji-tekst-o-hatha-jogi\/#breadcrumb","itemListElement":[{"@type":"ListItem","position":1,"name":"Home","item":"https:\/\/yogajagat.com\/sr\/"},{"@type":"ListItem","position":2,"name":"Hatha Joga Pradipika. Najstariji pisani tekst"}]}]}},"_links":{"self":[{"href":"https:\/\/yogajagat.com\/sr\/wp-json\/wp\/v2\/pages\/603"}],"collection":[{"href":"https:\/\/yogajagat.com\/sr\/wp-json\/wp\/v2\/pages"}],"about":[{"href":"https:\/\/yogajagat.com\/sr\/wp-json\/wp\/v2\/types\/page"}],"author":[{"embeddable":true,"href":"https:\/\/yogajagat.com\/sr\/wp-json\/wp\/v2\/users\/1"}],"replies":[{"embeddable":true,"href":"https:\/\/yogajagat.com\/sr\/wp-json\/wp\/v2\/comments?post=603"}],"version-history":[{"count":78,"href":"https:\/\/yogajagat.com\/sr\/wp-json\/wp\/v2\/pages\/603\/revisions"}],"predecessor-version":[{"id":5488,"href":"https:\/\/yogajagat.com\/sr\/wp-json\/wp\/v2\/pages\/603\/revisions\/5488"}],"wp:attachment":[{"href":"https:\/\/yogajagat.com\/sr\/wp-json\/wp\/v2\/media?parent=603"}],"curies":[{"name":"wp","href":"https:\/\/api.w.org\/{rel}","templated":true}]}}