{"id":5799,"date":"2020-04-19T13:15:11","date_gmt":"2020-04-19T11:15:11","guid":{"rendered":"http:\/\/yogajagat.com\/?page_id=5799"},"modified":"2020-04-24T10:37:58","modified_gmt":"2020-04-24T08:37:58","slug":"awareness-of-and-expanding-the-lungs","status":"publish","type":"page","link":"https:\/\/yogajagat.com\/sr\/svesnost-o-plucima-i-prosirivanje-prostora-u-plucima\/","title":{"rendered":"Svesnost o plu\u0107ima i pro\u0161irivanje prostora u plu\u0107ima"},"content":{"rendered":"[vc_row][vc_column][vc_column_text]\n<h2 style=\"text-align: center;\"><span style=\"color: #993300;\">Kako jednostavno razviti svesnost o plu\u0107ima i pro\u0161iriti prostor u njima<\/span><\/h2>\n<p>&nbsp;<\/p>\n<hr \/>\n<p>&nbsp;<\/p>\n<p>Razviti svesnost o plu\u0107ima i pro\u0161iriti plu\u0107a je jednostavno. Kao i kod ostalih ve\u017ebi disanja, osim odlu\u010dnosti i malo prostora oko vas za ovu ve\u017ebu ne treba vam ni\u0161ta drugo. Vremena za svesno disanje posebno u ovim danima pandemije COVID-19 imamo svi.<\/p>\n<p>Ovo nije prava tehnika disanja ili <a href=\"https:\/\/yogajagat.com\/sr\/pranajama-jogicka-tehnika-disanja-stanje-potunog-mira\/\"><span style=\"color: #993300;\">pranajama<\/span> <\/a>ve\u0107 radije priprema za ostale tehnike disanja ili jednostavno ve\u017eba za sebe.<\/p>\n<p>Ovu ve\u017ebu mo\u017eete praktikovati u ku\u0107i, na terasi ili na bilo kom mirnom mestu gde se mo\u017eete isklju\u010diti iz unutra\u0161njih i spolja\u0161njih brbljanja i gde se mo\u017eete skoncentrisati.<\/p>\n<p>Ve\u017eba svesnost i pro\u0161irivanje prostora u plu\u0107ima se praktikuje iz dva dela, prvi deo se ve\u017eba u sede\u0107em, drugi u le\u017ee\u0107em plo\u017eaju.<\/p>\n<p>Ukoliko vam telo dozvoljava da bez napora i bezbolno sedite na podu, sedite na pod i prekrstite nogama jednu ispred druge, u neku od ostalih meditativnih poolo\u017eaja ili jednostavno na stolicu.<br \/>\nNikada u ime praktikovanja bilo koje tehnike disanja ili ostalih tehnika joge ne treba mu\u010diti ni telo ni um i nanositi im bol.<\/p>\n<p>Nemojte praktikovati direktno pored zida i ispred ivica name\u0161taja ili okolnih krovova.<\/p>\n<p>Ukoliko sedite na stolici, proverite da li su vam stopala prekr\u0161tena. Stopala i noge se ne dodiruju. Uvek praktikujte bosi, bez obu\u0107e.[\/vc_column_text][\/vc_column][\/vc_row][vc_row][vc_column][vc_custom_heading text=&#8221;Razvijanje svesnosti o plu\u0107ima u sede\u0107em polo\u017eaju&#8221; font_container=&#8221;tag:h2|text_align:center|color:%231fa6c1&#8243; google_fonts=&#8221;font_family:Ubuntu%3A300%2C300italic%2Cregular%2Citalic%2C500%2C500italic%2C700%2C700italic|font_style:300%20light%20italic%3A300%3Aitalic&#8221;][\/vc_column][\/vc_row][vc_row][vc_column][vc_column_text]\n<hr \/>\n<p>&nbsp;<\/p>\n<p>Polako udahnite podi\u017eu\u0107i ruke iznad glave, lagano izdahnite i prekrstite prste i polo\u017eite ruke na vrat.<br \/>\nPolako udahnite i polako izdi\u0161u\u0107i nagnite gornji deo tela <em>na desnu stranu<\/em>, iz struka onoliko koliko je to za vas u ovom trenutku mogu\u0107e i prijatno, i bez savijanja napred.<br \/>\nDi\u0161ite u ovom polo\u017eaju polako, svesno i duboko 10-20 udisaja sa koncentracijom na <em>levi deo plu\u0107a<\/em>.<\/p>\n<p>Opa\u017eajte de\u0161avanja u <em>levom plu\u0107nom krilu<\/em>.<\/p>\n<p>Sada sa laganim udisajem ispravite gornji deo tela, lagano izdahnite i savite gornji deo tela <em>na levu stranu<\/em>.<br \/>\nOstanite u ovom polo\u017eaju 10-20 svesnih, laganih udisaja sa koncentracijom na<em> desni deo plu\u0107a<\/em>.<\/p>\n<p>Opa\u017eajte \u0161ta se de\u0161ava u va\u0161em <em>desnom plu\u0107nom krilu<\/em>.<\/p>\n<p>Ponovite ovu ve\u017ebu u sede\u0107em polo\u017eaju dva do tri ili onoliko puta koliko vam ona \u010dini dobro.<\/p>\n[\/vc_column_text][\/vc_column][\/vc_row][vc_row][vc_column][vc_custom_heading text=&#8221;Pro\u0161irivanje prostora u plu\u0107ima u le\u017ee\u0107em polo\u017eaju&#8221; font_container=&#8221;tag:h2|text_align:center|color:%231fa6c1&#8243; google_fonts=&#8221;font_family:Ubuntu%3A300%2C300italic%2Cregular%2Citalic%2C500%2C500italic%2C700%2C700italic|font_style:300%20light%20italic%3A300%3Aitalic&#8221;][\/vc_column][\/vc_row][vc_row][vc_column][vc_column_text]\n<hr \/>\n<p>&nbsp;<\/p>\n<p>Ovaj polo\u017eaj pro\u0161iruje plu\u0107a i \u010ditav prostor u va\u0161em grudnom ko\u0161u.<\/p>\n<p>Lezite na pod i prekrstite noge kao na slici ili ako mo\u017eete bez napora i bola da izvedete lotus polo\u017eaj, prekrstite noge u ovaj polo\u017eaj.<\/p>\n<p>Kao i u sede\u0107em polo\u017eaju, sa laganim udisajem lagano podignite ruke iznad glave i sa laganim izdisajem lagano stavire ruke iza glave, jednu ruku iza druge.<br \/>\nLak\u0161a varijanta je polo\u017eaj gde su ruke ne\u0161to odaljene od tela.<\/p>\n<p>Na slici je varijanta srednje lako\u0107e:<\/p>\n<p>&nbsp;<\/p>\n<p><img loading=\"lazy\" class=\"aligncenter wp-image-5800 size-full\" src=\"https:\/\/i1.wp.com\/yogajagat.com\/wp-content\/uploads\/2020\/04\/DSC03130.jpg?resize=800%2C600\" alt=\"awareness of the lungs svesnost o plu\u0107ima lunge ausdehnen \" width=\"800\" height=\"600\" srcset=\"https:\/\/i1.wp.com\/yogajagat.com\/wp-content\/uploads\/2020\/04\/DSC03130.jpg?w=800&amp;ssl=1 800w, https:\/\/i1.wp.com\/yogajagat.com\/wp-content\/uploads\/2020\/04\/DSC03130.jpg?resize=300%2C225&amp;ssl=1 300w, https:\/\/i1.wp.com\/yogajagat.com\/wp-content\/uploads\/2020\/04\/DSC03130.jpg?resize=768%2C576&amp;ssl=1 768w\" sizes=\"(max-width: 800px) 100vw, 800px\" data-recalc-dims=\"1\" \/><\/p>\n<p>Ve\u017ebajte, naravno, sa zatvorenim o\u010dima i sa ispravljenom glavom.<\/p>\n<p>A ukoliko bez napora i bola mo\u017eete rukama da obuhvatite laktove, onda izvedite taj polo\u017eaj. Proverite ipak jo\u0161 jednom da li vam ovakvo napredno istezanje \u010ditavog tela ipak vi\u0161e ne oduzima dah umesto da vam pro\u0161iruje plu\u0107a.<\/p>\n<p>Manje je uvek vi\u0161e.<\/p>\n<p>Svejedno u kom polo\u017eaju, di\u0161ite lagano i opu\u0161teno svesni svih puteva kojima va\u0161 dah prolazi.<br \/>\nNastavite sa opa\u017eanjem prostora \u010ditavih plu\u0107a.<\/p>\n<p>Di\u0161ite temeljno, duboko i lagano u ovom polo\u017eaju 10-20 udisaja ili onoliko dugo koliko vam ova ve\u017eba pro\u0161irivanje plu\u0107a donosi dobro.<\/p>\n<p>Sa izdisajem se vratite u jednostavan polo\u017eaj na le\u0111ima sa razdvojenim nogama i rukama.<\/p>\n<p>Ostanite neko vreme u ovom polo\u017eaju i svesno opazite koliko mira i lepote va\u0161e lagano disanje donosi va\u0161em telu, umu, duhu i srcu.<\/p>\n<p>O par stvari koje se de\u0161avaju kada svesno di\u0161emo, \u010ditajte na<a href=\"https:\/\/yogajagat.com\/sr\/bela-pluca-i-vezbe-disanja\/\"><span style=\"color: #993300;\"> ovoj<\/span> <\/a>stranici.<\/p>\n[\/vc_column_text][\/vc_column][\/vc_row]\n","protected":false},"excerpt":{"rendered":"<p>[vc_row][vc_column][vc_column_text]<br \/>\nKako jednostavno razviti svesnost o plu\u0107ima i pro\u0161iriti prostor u njima<br \/>\n&nbsp;<\/p>\n<p>&nbsp;<br \/>\nRazviti svesnost o plu\u0107ima i pro\u0161iriti plu\u0107a je jednostavno. Kao i kod ostalih ve\u017ebi disanja, osim odlu\u010dnosti i malo prostora oko vas za ovu ve\u017ebu ne treba vam ni\u0161ta drugo. Vremena za svesno disanje posebno u ovim danima pandemije COVID-19 imamo svi.<br \/>\nOvo nije prava tehnika disanja ili pranajama ve\u0107 radije priprema za ostale tehnike disanja ili jednostavno ve\u017eba za sebe.<br \/>\nOvu ve\u017ebu mo\u017eete praktikovati &#8230;<\/p>\n","protected":false},"author":1,"featured_media":0,"parent":0,"menu_order":0,"comment_status":"closed","ping_status":"closed","template":"","meta":{"_bbp_topic_count":0,"_bbp_reply_count":0,"_bbp_total_topic_count":0,"_bbp_total_reply_count":0,"_bbp_voice_count":0,"_bbp_anonymous_reply_count":0,"_bbp_topic_count_hidden":0,"_bbp_reply_count_hidden":0,"_bbp_forum_subforum_count":0,"inline_featured_image":false,"spay_email":""},"translation":{"provider":"WPGlobus","version":"3.0.1","language":"sr","enabled_languages":["en","de","sr"],"languages":{"en":{"title":true,"content":true,"excerpt":false},"de":{"title":true,"content":true,"excerpt":false},"sr":{"title":true,"content":true,"excerpt":false}}},"yoast_head":"<!-- This site is optimized with the Yoast SEO plugin v18.3 - https:\/\/yoast.com\/wordpress\/plugins\/seo\/ -->\n<title>Svesnost o plu\u0107ima i pro\u0161irivanje prostora u plu\u0107ima - Lepota promene<\/title>\n<meta name=\"description\" content=\"Razviti svesnost o plu\u0107ima i pro\u0161iriti plu\u0107a je jednostavno. Osim odlu\u010dnosti i malo prostora oko vas za ovu ve\u017ebu ne treba vam ni\u0161ta drugo...\" \/>\n<meta name=\"robots\" content=\"index, follow, max-snippet:-1, max-image-preview:large, max-video-preview:-1\" \/>\n<link rel=\"canonical\" href=\"https:\/\/yogajagat.com\/awareness-of-and-expanding-the-lungs\/\" \/>\n<meta name=\"twitter:label1\" content=\"Est. reading time\" \/>\n\t<meta name=\"twitter:data1\" content=\"8 minutes\" \/>\n<script type=\"application\/ld+json\" class=\"yoast-schema-graph\">{\"@context\":\"https:\/\/schema.org\",\"@graph\":[{\"@type\":\"Organization\",\"@id\":\"https:\/\/yogajagat.com\/#organization\",\"name\":\"Yogajagat\",\"url\":\"https:\/\/yogajagat.com\/\",\"sameAs\":[],\"logo\":{\"@type\":\"ImageObject\",\"@id\":\"https:\/\/yogajagat.com\/#logo\",\"inLanguage\":\"sr\",\"url\":\"https:\/\/i1.wp.com\/yogajagat.com\/wp-content\/uploads\/2019\/03\/DSC08478-Kopie-1.jpg?fit=798%2C800&ssl=1\",\"contentUrl\":\"https:\/\/i1.wp.com\/yogajagat.com\/wp-content\/uploads\/2019\/03\/DSC08478-Kopie-1.jpg?fit=798%2C800&ssl=1\",\"width\":798,\"height\":800,\"caption\":\"Yogajagat\"},\"image\":{\"@id\":\"https:\/\/yogajagat.com\/#logo\"}},{\"@type\":\"WebSite\",\"@id\":\"https:\/\/yogajagat.com\/#website\",\"url\":\"https:\/\/yogajagat.com\/\",\"name\":\"Lepota promene\",\"description\":\"Neprestanom promenom do najlepseg zivotnog iskustva\",\"publisher\":{\"@id\":\"https:\/\/yogajagat.com\/#organization\"},\"potentialAction\":[{\"@type\":\"SearchAction\",\"target\":{\"@type\":\"EntryPoint\",\"urlTemplate\":\"https:\/\/yogajagat.com\/?s={search_term_string}\"},\"query-input\":\"required name=search_term_string\"}],\"inLanguage\":\"sr\"},{\"@type\":\"ImageObject\",\"@id\":\"https:\/\/yogajagat.com\/awareness-of-and-expanding-the-lungs\/#primaryimage\",\"inLanguage\":\"sr\",\"url\":\"http:\/\/yogajagat.com\/wp-content\/uploads\/2020\/04\/DSC03130.jpg\",\"contentUrl\":\"http:\/\/yogajagat.com\/wp-content\/uploads\/2020\/04\/DSC03130.jpg\"},{\"@type\":\"WebPage\",\"@id\":\"https:\/\/yogajagat.com\/awareness-of-and-expanding-the-lungs\/#webpage\",\"url\":\"https:\/\/yogajagat.com\/awareness-of-and-expanding-the-lungs\/\",\"name\":\"Svesnost o plu\u0107ima i pro\u0161irivanje prostora u plu\u0107ima - Lepota promene\",\"isPartOf\":{\"@id\":\"https:\/\/yogajagat.com\/#website\"},\"primaryImageOfPage\":{\"@id\":\"https:\/\/yogajagat.com\/awareness-of-and-expanding-the-lungs\/#primaryimage\"},\"datePublished\":\"2020-04-19T11:15:11+00:00\",\"dateModified\":\"2020-04-24T08:37:58+00:00\",\"description\":\"Razviti svesnost o plu\u0107ima i pro\u0161iriti plu\u0107a je jednostavno. Osim odlu\u010dnosti i malo prostora oko vas za ovu ve\u017ebu ne treba vam ni\u0161ta drugo...\",\"breadcrumb\":{\"@id\":\"https:\/\/yogajagat.com\/awareness-of-and-expanding-the-lungs\/#breadcrumb\"},\"inLanguage\":\"sr\",\"potentialAction\":[{\"@type\":\"ReadAction\",\"target\":[\"https:\/\/yogajagat.com\/awareness-of-and-expanding-the-lungs\/\"]}]},{\"@type\":\"BreadcrumbList\",\"@id\":\"https:\/\/yogajagat.com\/awareness-of-and-expanding-the-lungs\/#breadcrumb\",\"itemListElement\":[{\"@type\":\"ListItem\",\"position\":1,\"name\":\"Home\",\"item\":\"https:\/\/yogajagat.com\/sr\/\"},{\"@type\":\"ListItem\",\"position\":2,\"name\":\"Awareness of and Expanding the Lungs\"}]}]}<\/script>\n<!-- \/ Yoast SEO plugin. -->","yoast_head_json":{"title":"Svesnost o plu\u0107ima i pro\u0161irivanje prostora u plu\u0107ima - Lepota promene","description":"Razviti svesnost o plu\u0107ima i pro\u0161iriti plu\u0107a je jednostavno. Osim odlu\u010dnosti i malo prostora oko vas za ovu ve\u017ebu ne treba vam ni\u0161ta drugo...","robots":{"index":"index","follow":"follow","max-snippet":"max-snippet:-1","max-image-preview":"max-image-preview:large","max-video-preview":"max-video-preview:-1"},"canonical":"https:\/\/yogajagat.com\/awareness-of-and-expanding-the-lungs\/","twitter_misc":{"Est. reading time":"8 minutes"},"schema":{"@context":"https:\/\/schema.org","@graph":[{"@type":"Organization","@id":"https:\/\/yogajagat.com\/#organization","name":"Yogajagat","url":"https:\/\/yogajagat.com\/","sameAs":[],"logo":{"@type":"ImageObject","@id":"https:\/\/yogajagat.com\/#logo","inLanguage":"sr","url":"https:\/\/i1.wp.com\/yogajagat.com\/wp-content\/uploads\/2019\/03\/DSC08478-Kopie-1.jpg?fit=798%2C800&ssl=1","contentUrl":"https:\/\/i1.wp.com\/yogajagat.com\/wp-content\/uploads\/2019\/03\/DSC08478-Kopie-1.jpg?fit=798%2C800&ssl=1","width":798,"height":800,"caption":"Yogajagat"},"image":{"@id":"https:\/\/yogajagat.com\/#logo"}},{"@type":"WebSite","@id":"https:\/\/yogajagat.com\/#website","url":"https:\/\/yogajagat.com\/","name":"Lepota promene","description":"Neprestanom promenom do najlepseg zivotnog iskustva","publisher":{"@id":"https:\/\/yogajagat.com\/#organization"},"potentialAction":[{"@type":"SearchAction","target":{"@type":"EntryPoint","urlTemplate":"https:\/\/yogajagat.com\/?s={search_term_string}"},"query-input":"required name=search_term_string"}],"inLanguage":"sr"},{"@type":"ImageObject","@id":"https:\/\/yogajagat.com\/awareness-of-and-expanding-the-lungs\/#primaryimage","inLanguage":"sr","url":"http:\/\/yogajagat.com\/wp-content\/uploads\/2020\/04\/DSC03130.jpg","contentUrl":"http:\/\/yogajagat.com\/wp-content\/uploads\/2020\/04\/DSC03130.jpg"},{"@type":"WebPage","@id":"https:\/\/yogajagat.com\/awareness-of-and-expanding-the-lungs\/#webpage","url":"https:\/\/yogajagat.com\/awareness-of-and-expanding-the-lungs\/","name":"Svesnost o plu\u0107ima i pro\u0161irivanje prostora u plu\u0107ima - Lepota promene","isPartOf":{"@id":"https:\/\/yogajagat.com\/#website"},"primaryImageOfPage":{"@id":"https:\/\/yogajagat.com\/awareness-of-and-expanding-the-lungs\/#primaryimage"},"datePublished":"2020-04-19T11:15:11+00:00","dateModified":"2020-04-24T08:37:58+00:00","description":"Razviti svesnost o plu\u0107ima i pro\u0161iriti plu\u0107a je jednostavno. Osim odlu\u010dnosti i malo prostora oko vas za ovu ve\u017ebu ne treba vam ni\u0161ta drugo...","breadcrumb":{"@id":"https:\/\/yogajagat.com\/awareness-of-and-expanding-the-lungs\/#breadcrumb"},"inLanguage":"sr","potentialAction":[{"@type":"ReadAction","target":["https:\/\/yogajagat.com\/awareness-of-and-expanding-the-lungs\/"]}]},{"@type":"BreadcrumbList","@id":"https:\/\/yogajagat.com\/awareness-of-and-expanding-the-lungs\/#breadcrumb","itemListElement":[{"@type":"ListItem","position":1,"name":"Home","item":"https:\/\/yogajagat.com\/sr\/"},{"@type":"ListItem","position":2,"name":"Awareness of and Expanding the Lungs"}]}]}},"_links":{"self":[{"href":"https:\/\/yogajagat.com\/sr\/wp-json\/wp\/v2\/pages\/5799"}],"collection":[{"href":"https:\/\/yogajagat.com\/sr\/wp-json\/wp\/v2\/pages"}],"about":[{"href":"https:\/\/yogajagat.com\/sr\/wp-json\/wp\/v2\/types\/page"}],"author":[{"embeddable":true,"href":"https:\/\/yogajagat.com\/sr\/wp-json\/wp\/v2\/users\/1"}],"replies":[{"embeddable":true,"href":"https:\/\/yogajagat.com\/sr\/wp-json\/wp\/v2\/comments?post=5799"}],"version-history":[{"count":16,"href":"https:\/\/yogajagat.com\/sr\/wp-json\/wp\/v2\/pages\/5799\/revisions"}],"predecessor-version":[{"id":5831,"href":"https:\/\/yogajagat.com\/sr\/wp-json\/wp\/v2\/pages\/5799\/revisions\/5831"}],"wp:attachment":[{"href":"https:\/\/yogajagat.com\/sr\/wp-json\/wp\/v2\/media?parent=5799"}],"curies":[{"name":"wp","href":"https:\/\/api.w.org\/{rel}","templated":true}]}}