{"id":572,"date":"2015-01-25T18:21:48","date_gmt":"2015-01-25T18:21:48","guid":{"rendered":"http:\/\/yogajagat.com\/?page_id=572"},"modified":"2021-02-11T14:43:37","modified_gmt":"2021-02-11T13:43:37","slug":"paths-in-life-where-we-are","status":"publish","type":"page","link":"https:\/\/yogajagat.com\/sr\/zivotni-putevi\/","title":{"rendered":"\u017divotni putevi, i kako do ujedinjenja"},"content":{"rendered":"[vc_row][vc_column][vc_column_text]\n<h3 style=\"text-align: center;\"><span style=\"color: #993300;\">\u017dIVOTNI PUTEVI<\/span><\/h3>\n<hr \/>\n<p>&nbsp;<\/p>\n<p style=\"text-align: left;\"><em>\u017divotni putevi<\/em> nisu ni\u0161ta drugo nego fokusiranje uma u pravom smeru.<\/p>\n<p>&nbsp;<\/p>\n<p>Samo nam treba ideja. Za to je potrebno vremena, ponekad tri koraka napred i dva nazad. Ponekad obrnuto. Takt zavisi od na\u0161e kreativnosti, intenziteta na\u0161ih <a href=\"https:\/\/yogajagat.com\/sr\/korak-po-korak-do-unutrasnjeg-mira\/\"><span style=\"color: #800080;\">koraka<\/span><\/a>, postojanosti na\u0161e obu\u0107e.<\/p>\n<p>Niko drugi ne mo\u017ee da hoda va\u0161im putevima.\u00a0Iako je sve povezano i sve se prepli\u0107e u svakoj sferi, \u017eivotni putevi su unikatna stvar.<\/p>\n<p>A usput ima i dosta kamenja koje treba ukloniti sa puta.<\/p>\n<p>Obu\u0107e ima razne ali su svi vrhovi jedna velika porodica.[\/vc_column_text][\/vc_column][\/vc_row][vc_row][vc_column][vc_column_text]\n<h3 style=\"text-align: center;\"><\/h3>\n<div id=\"attachment_5785\" style=\"width: 614px\" class=\"wp-caption aligncenter\"><img aria-describedby=\"caption-attachment-5785\" loading=\"lazy\" class=\"wp-image-5785\" src=\"https:\/\/i1.wp.com\/yogajagat.com\/wp-content\/uploads\/2020\/04\/Suricates_Namibia-2-1024x681-1.jpg?resize=604%2C402\" alt=\"\u017eivotni putevi\" width=\"604\" height=\"402\" srcset=\"https:\/\/i1.wp.com\/yogajagat.com\/wp-content\/uploads\/2020\/04\/Suricates_Namibia-2-1024x681-1.jpg?w=640&amp;ssl=1 640w, https:\/\/i1.wp.com\/yogajagat.com\/wp-content\/uploads\/2020\/04\/Suricates_Namibia-2-1024x681-1.jpg?resize=300%2C200&amp;ssl=1 300w, https:\/\/i1.wp.com\/yogajagat.com\/wp-content\/uploads\/2020\/04\/Suricates_Namibia-2-1024x681-1.jpg?resize=600%2C400&amp;ssl=1 600w\" sizes=\"(max-width: 604px) 100vw, 604px\" data-recalc-dims=\"1\" \/><p id=\"caption-attachment-5785\" class=\"wp-caption-text\">photo: www.flickr.com\/photos\/sara_joachim\/3166714756\/in\/photostream, CC BY-SA 2.0<\/p><\/div>\n[\/vc_column_text][\/vc_column][\/vc_row][vc_row][vc_column][vc_custom_heading text=&#8221;Svako je u potrazi za ne\u010dim&#8221; font_container=&#8221;tag:h2|text_align:center|color:%231ba2b7&#8243; google_fonts=&#8221;font_family:Ubuntu%3A300%2C300italic%2Cregular%2Citalic%2C500%2C500italic%2C700%2C700italic|font_style:300%20light%20italic%3A300%3Aitalic&#8221;][\/vc_column][\/vc_row][vc_row][vc_column][vc_column_text]\n<hr \/>\n<p>&nbsp;<\/p>\n<p>Neko \u0107e jednostavno iza\u0107i u svet i hodati, neko \u0107e od svog \u017eivota praviti muziku, neko \u0107e svoj \u017eivot bojiti raznim bojama, neko \u0107e gledati u nebo i razmi\u0161ljati o \u017eivotu. Nikada se ni\u0161ta ne zaustavlja.<\/p>\n<p>I samo onda kada se \u0111onovi na va\u0161oj obu\u0107i pohabaju, samo tada \u0107ete mo\u0107i da vidite, osetite i do\u017eivite promenu u Svetu.<br \/>\nVi ste kreatori.<\/p>\n<p>\u017divot je i sam povlastica jer vam uvek daje izbor. Ispod svakog kamena krije se neki novi miris, neka nova boja, neka nova svetlost.<\/p>\n<p>Kada na\u0111ete ono \u0161to tra\u017eite, va\u0161 um \u0107e po\u010deti da proizvodi sjajne ideje.[\/vc_column_text][\/vc_column][\/vc_row][vc_row][vc_column][vc_custom_heading text=&#8221;Smerovi u \u017eivotu&#8221; font_container=&#8221;tag:h2|text_align:center|color:%231ba2b7&#8243; google_fonts=&#8221;font_family:Ubuntu%3A300%2C300italic%2Cregular%2Citalic%2C500%2C500italic%2C700%2C700italic|font_style:300%20light%20italic%3A300%3Aitalic&#8221;][\/vc_column][\/vc_row][vc_row][vc_column][vc_column_text]\n<hr \/>\n<p>&nbsp;<\/p>\n<p>Svako ima mnogo darova. Ni vi niste druga\u010diji od drugih.<\/p>\n<p>Bili vi romanti\u010dni sanjari, neumorni logi\u010dari, optimisti\u010dni tvorci, realisti ili samo slikari, vi raspola\u017eete sa mnogo darova koji vas mogu odvesti ta\u010dno tamo gde zaista i pripadate.<\/p>\n<p>U su\u0161tini, svi su ljudi tvorci. Ali \u010dovek mora da po\u010dne odnekud. \u017divot je sudnica. Tako \u0107e, ukoliko smo iskreni, su\u0111enje biti udoban stan\u010di\u0107 a ne tro\u0161na ruina.<\/p>\n<p>&nbsp;<\/p>\n<p>Mo\u017eemo u\u010diniti dosta toga.<br \/>\nMo\u017eemo vi\u0161e razmi\u0161ljati svojom glavom (<em>razmi\u0161ljanje<\/em> je dozvoljeno), mo\u017eemo davati i deliti, malo vi\u0161e poraditi na na\u0161oj sopstvenoj iskrenosti i jo\u0161 vi\u0161e na izazovu pravljenja vi\u0161e <em>razlika<\/em>\u00a0a manje <em>iluzija<\/em> u \u017eivotu. Ukoliko se ipak odlu\u010dite za tiho prou\u010davanje, na vama je, jer va\u0161 put ima svoje kamenje i svoje koloseke.<\/p>\n<p>Va\u0161 \u017eivotni put je jedinstven.<\/p>\n<p>Va\u0161 li\u010dni sud li\u010dno \u0107e vas dovesti tamo gde va\u0161e srce i duh zaista pripadaju. To zvu\u010di grubo tananom ljudskom bi\u0107u. Ali je tako.<\/p>\n<p>&nbsp;<\/p>\n<p>Ljudi su o nama kakvi smo danas pisali jo\u0161 pre mnogo vekova. Nemojte biti iznena\u0111eni ako se u nekoj od ovih pisanija jednom i prepoznate.<\/p>\n<p>Ni\u0161ta se ustvari nikada nije ni promenilo. Danas smo dodu\u0161e kreirali na\u0161e novo ID vozilo ali se ni na\u0161a gola du\u0161a, ni na\u0161 unutra\u0161nji razvoj, glas, zbunjenost, zvuk, \u017eelja, patnja pa \u010dak ni prava sre\u0107a ili bolje ose\u0107aj prave sre\u0107e, nisu pomakli sa mesta. A sve se menja i pomera. \u010cak i ako tamo gde ima prave sre\u0107e, \u010dak i ona mo\u017ee biti jo\u0161 dublja, ve\u0107a, istinitija. Iluzija zakopava pravu istinu. \u010covek mora da za\u0107uti i da se zapita, da obavi dobro duboke razgovore sa sobom pre nego nastupi na scenu, ili o\u0161amari nekog dugog svojom besmislenom iluzijom.<\/p>\n<p>Kreirajte nove mirise, nove boje, nove svetlosti.<\/p>\n<p>\u017divotni putevi su va\u0161i putevi.<\/p>\n<p>&nbsp;<\/p>\n<p>Na slede\u0107im stranicama \u010ditajte o putevima koje mo\u017eete produbiti svejedno da li su vam oni dati, da li ste ih ve\u0107 li\u010dno izabrali i koje puteve jo\u0161 uvek mo\u017eete izabrati.[\/vc_column_text][\/vc_column][\/vc_row]\n","protected":false},"excerpt":{"rendered":"<p>[vc_row][vc_column][vc_column_text]<br \/>\n\u017dIVOTNI PUTEVI<\/p>\n<p>&nbsp;<br \/>\n\u017divotni putevi nisu ni\u0161ta drugo nego fokusiranje uma u pravom smeru.<br \/>\n&nbsp;<br \/>\nSamo nam treba ideja. Za to je potrebno vremena, ponekad tri koraka napred i dva nazad. Ponekad obrnuto. Takt zavisi od na\u0161e kreativnosti, intenziteta na\u0161ih koraka, postojanosti na\u0161e obu\u0107e.<br \/>\nNiko drugi ne mo\u017ee da hoda va\u0161im putevima.\u00a0Iako je sve povezano i sve se prepli\u0107e u svakoj sferi, \u017eivotni putevi su unikatna stvar.<br \/>\nA usput ima i dosta kamenja koje treba ukloniti sa puta.<br ...\n<\/p>\n","protected":false},"author":1,"featured_media":0,"parent":0,"menu_order":0,"comment_status":"closed","ping_status":"closed","template":"template-full-width.php","meta":{"_bbp_topic_count":0,"_bbp_reply_count":0,"_bbp_total_topic_count":0,"_bbp_total_reply_count":0,"_bbp_voice_count":0,"_bbp_anonymous_reply_count":0,"_bbp_topic_count_hidden":0,"_bbp_reply_count_hidden":0,"_bbp_forum_subforum_count":0,"inline_featured_image":false,"spay_email":""},"translation":{"provider":"WPGlobus","version":"3.0.1","language":"sr","enabled_languages":["en","de","sr"],"languages":{"en":{"title":true,"content":true,"excerpt":false},"de":{"title":true,"content":true,"excerpt":false},"sr":{"title":true,"content":true,"excerpt":false}}},"yoast_head":"<!-- This site is optimized with the Yoast SEO plugin v18.3 - https:\/\/yoast.com\/wordpress\/plugins\/seo\/ -->\n<title>\u017divotni putevi, i kako do ujedinjenja - Lepota promene<\/title>\n<meta name=\"description\" content=\"\u017divotni putevi ljudi su jedinstveni. \u017divot je sudnica. I tako \u0107e, ukoliko smo iskreni, su\u0111enje biti udoban stan\u010di\u0107 a ne tro\u0161na ruina.\" \/>\n<meta name=\"robots\" content=\"index, follow, max-snippet:-1, max-image-preview:large, max-video-preview:-1\" \/>\n<link rel=\"canonical\" href=\"https:\/\/yogajagat.com\/sr\/zivotni-putevi\/\" \/>\n<meta name=\"twitter:label1\" content=\"Est. reading time\" \/>\n\t<meta name=\"twitter:data1\" content=\"3 minutes\" \/>\n<script type=\"application\/ld+json\" class=\"yoast-schema-graph\">{\"@context\":\"https:\/\/schema.org\",\"@graph\":[{\"@type\":\"Organization\",\"@id\":\"https:\/\/yogajagat.com\/#organization\",\"name\":\"Yogajagat\",\"url\":\"https:\/\/yogajagat.com\/\",\"sameAs\":[],\"logo\":{\"@type\":\"ImageObject\",\"@id\":\"https:\/\/yogajagat.com\/#logo\",\"inLanguage\":\"sr\",\"url\":\"https:\/\/i1.wp.com\/yogajagat.com\/wp-content\/uploads\/2019\/03\/DSC08478-Kopie-1.jpg?fit=798%2C800&ssl=1\",\"contentUrl\":\"https:\/\/i1.wp.com\/yogajagat.com\/wp-content\/uploads\/2019\/03\/DSC08478-Kopie-1.jpg?fit=798%2C800&ssl=1\",\"width\":798,\"height\":800,\"caption\":\"Yogajagat\"},\"image\":{\"@id\":\"https:\/\/yogajagat.com\/#logo\"}},{\"@type\":\"WebSite\",\"@id\":\"https:\/\/yogajagat.com\/#website\",\"url\":\"https:\/\/yogajagat.com\/\",\"name\":\"Lepota promene\",\"description\":\"Neprestanom promenom do najlepseg zivotnog iskustva\",\"publisher\":{\"@id\":\"https:\/\/yogajagat.com\/#organization\"},\"potentialAction\":[{\"@type\":\"SearchAction\",\"target\":{\"@type\":\"EntryPoint\",\"urlTemplate\":\"https:\/\/yogajagat.com\/?s={search_term_string}\"},\"query-input\":\"required name=search_term_string\"}],\"inLanguage\":\"sr\"},{\"@type\":\"ImageObject\",\"@id\":\"https:\/\/yogajagat.com\/sr\/zivotni-putevi\/#primaryimage\",\"inLanguage\":\"sr\",\"url\":\"http:\/\/yogajagat.com\/wp-content\/uploads\/2020\/02\/DSC01693-1024x768-1.jpg\",\"contentUrl\":\"http:\/\/yogajagat.com\/wp-content\/uploads\/2020\/02\/DSC01693-1024x768-1.jpg\"},{\"@type\":\"WebPage\",\"@id\":\"https:\/\/yogajagat.com\/sr\/zivotni-putevi\/#webpage\",\"url\":\"https:\/\/yogajagat.com\/sr\/zivotni-putevi\/\",\"name\":\"\u017divotni putevi, i kako do ujedinjenja - Lepota promene\",\"isPartOf\":{\"@id\":\"https:\/\/yogajagat.com\/#website\"},\"primaryImageOfPage\":{\"@id\":\"https:\/\/yogajagat.com\/sr\/zivotni-putevi\/#primaryimage\"},\"datePublished\":\"2015-01-25T18:21:48+00:00\",\"dateModified\":\"2021-02-11T13:43:37+00:00\",\"description\":\"\u017divotni putevi ljudi su jedinstveni. \u017divot je sudnica. I tako \u0107e, ukoliko smo iskreni, su\u0111enje biti udoban stan\u010di\u0107 a ne tro\u0161na ruina.\",\"breadcrumb\":{\"@id\":\"https:\/\/yogajagat.com\/sr\/zivotni-putevi\/#breadcrumb\"},\"inLanguage\":\"sr\",\"potentialAction\":[{\"@type\":\"ReadAction\",\"target\":[\"https:\/\/yogajagat.com\/sr\/zivotni-putevi\/\"]}]},{\"@type\":\"BreadcrumbList\",\"@id\":\"https:\/\/yogajagat.com\/sr\/zivotni-putevi\/#breadcrumb\",\"itemListElement\":[{\"@type\":\"ListItem\",\"position\":1,\"name\":\"Home\",\"item\":\"https:\/\/yogajagat.com\/sr\/\"},{\"@type\":\"ListItem\",\"position\":2,\"name\":\"\u017divotni putevi, i kako do ujedinjenja\"}]}]}<\/script>\n<!-- \/ Yoast SEO plugin. -->","yoast_head_json":{"title":"\u017divotni putevi, i kako do ujedinjenja - Lepota promene","description":"\u017divotni putevi ljudi su jedinstveni. \u017divot je sudnica. I tako \u0107e, ukoliko smo iskreni, su\u0111enje biti udoban stan\u010di\u0107 a ne tro\u0161na ruina.","robots":{"index":"index","follow":"follow","max-snippet":"max-snippet:-1","max-image-preview":"max-image-preview:large","max-video-preview":"max-video-preview:-1"},"canonical":"https:\/\/yogajagat.com\/sr\/zivotni-putevi\/","twitter_misc":{"Est. reading time":"3 minutes"},"schema":{"@context":"https:\/\/schema.org","@graph":[{"@type":"Organization","@id":"https:\/\/yogajagat.com\/#organization","name":"Yogajagat","url":"https:\/\/yogajagat.com\/","sameAs":[],"logo":{"@type":"ImageObject","@id":"https:\/\/yogajagat.com\/#logo","inLanguage":"sr","url":"https:\/\/i1.wp.com\/yogajagat.com\/wp-content\/uploads\/2019\/03\/DSC08478-Kopie-1.jpg?fit=798%2C800&ssl=1","contentUrl":"https:\/\/i1.wp.com\/yogajagat.com\/wp-content\/uploads\/2019\/03\/DSC08478-Kopie-1.jpg?fit=798%2C800&ssl=1","width":798,"height":800,"caption":"Yogajagat"},"image":{"@id":"https:\/\/yogajagat.com\/#logo"}},{"@type":"WebSite","@id":"https:\/\/yogajagat.com\/#website","url":"https:\/\/yogajagat.com\/","name":"Lepota promene","description":"Neprestanom promenom do najlepseg zivotnog iskustva","publisher":{"@id":"https:\/\/yogajagat.com\/#organization"},"potentialAction":[{"@type":"SearchAction","target":{"@type":"EntryPoint","urlTemplate":"https:\/\/yogajagat.com\/?s={search_term_string}"},"query-input":"required name=search_term_string"}],"inLanguage":"sr"},{"@type":"ImageObject","@id":"https:\/\/yogajagat.com\/sr\/zivotni-putevi\/#primaryimage","inLanguage":"sr","url":"http:\/\/yogajagat.com\/wp-content\/uploads\/2020\/02\/DSC01693-1024x768-1.jpg","contentUrl":"http:\/\/yogajagat.com\/wp-content\/uploads\/2020\/02\/DSC01693-1024x768-1.jpg"},{"@type":"WebPage","@id":"https:\/\/yogajagat.com\/sr\/zivotni-putevi\/#webpage","url":"https:\/\/yogajagat.com\/sr\/zivotni-putevi\/","name":"\u017divotni putevi, i kako do ujedinjenja - Lepota promene","isPartOf":{"@id":"https:\/\/yogajagat.com\/#website"},"primaryImageOfPage":{"@id":"https:\/\/yogajagat.com\/sr\/zivotni-putevi\/#primaryimage"},"datePublished":"2015-01-25T18:21:48+00:00","dateModified":"2021-02-11T13:43:37+00:00","description":"\u017divotni putevi ljudi su jedinstveni. \u017divot je sudnica. I tako \u0107e, ukoliko smo iskreni, su\u0111enje biti udoban stan\u010di\u0107 a ne tro\u0161na ruina.","breadcrumb":{"@id":"https:\/\/yogajagat.com\/sr\/zivotni-putevi\/#breadcrumb"},"inLanguage":"sr","potentialAction":[{"@type":"ReadAction","target":["https:\/\/yogajagat.com\/sr\/zivotni-putevi\/"]}]},{"@type":"BreadcrumbList","@id":"https:\/\/yogajagat.com\/sr\/zivotni-putevi\/#breadcrumb","itemListElement":[{"@type":"ListItem","position":1,"name":"Home","item":"https:\/\/yogajagat.com\/sr\/"},{"@type":"ListItem","position":2,"name":"\u017divotni putevi, i kako do ujedinjenja"}]}]}},"_links":{"self":[{"href":"https:\/\/yogajagat.com\/sr\/wp-json\/wp\/v2\/pages\/572"}],"collection":[{"href":"https:\/\/yogajagat.com\/sr\/wp-json\/wp\/v2\/pages"}],"about":[{"href":"https:\/\/yogajagat.com\/sr\/wp-json\/wp\/v2\/types\/page"}],"author":[{"embeddable":true,"href":"https:\/\/yogajagat.com\/sr\/wp-json\/wp\/v2\/users\/1"}],"replies":[{"embeddable":true,"href":"https:\/\/yogajagat.com\/sr\/wp-json\/wp\/v2\/comments?post=572"}],"version-history":[{"count":67,"href":"https:\/\/yogajagat.com\/sr\/wp-json\/wp\/v2\/pages\/572\/revisions"}],"predecessor-version":[{"id":6008,"href":"https:\/\/yogajagat.com\/sr\/wp-json\/wp\/v2\/pages\/572\/revisions\/6008"}],"wp:attachment":[{"href":"https:\/\/yogajagat.com\/sr\/wp-json\/wp\/v2\/media?parent=572"}],"curies":[{"name":"wp","href":"https:\/\/api.w.org\/{rel}","templated":true}]}}