{"id":5670,"date":"2020-03-18T21:50:47","date_gmt":"2020-03-18T20:50:47","guid":{"rendered":"http:\/\/yogajagat.com\/?page_id=5670"},"modified":"2021-12-29T14:47:35","modified_gmt":"2021-12-29T13:47:35","slug":"coronavirus-appeal","status":"publish","type":"page","link":"https:\/\/yogajagat.com\/sr\/korona-virus-apel\/","title":{"rendered":"KORONA VIRUS APEL"},"content":{"rendered":"[vc_row][vc_column][vc_column_text]\n<h3><\/h3>\n<h3 style=\"text-align: center;\"><span style=\"color: #993300;\">KORONA VIRUS<\/span><\/h3>\n<p>&nbsp;<\/p>\n<p>( <em>Ovaj tekst sam kao &#8220;apel&#8221; napisala 18. marta 2020. godine kada je okolo nas vladala velika zate\u010denost pandemijom &#8220;korona virusa&#8221; koja nas je u to vreme sna\u0161la.<\/em><br \/>\n<em>U ovom tekstu ima istorijskih, psiholo\u0161kih i sociolo\u0161kih istina o pandemijama onako kako ih ja shvatam kao i mojih li\u010dnih ose\u0107anja i brige o zarazi,pandemijama, granicama, ljudskog psihi&#8230; tim pre \u0161to sam i sama bila sigurna da novi virus nije delo prirode ve\u0107 inovacija par ljudi na svetu i o \u010dijoj opasnosti po ljudski \u017eivot nisam bila sigurna. Iz tog razloga sam i prestala da dr\u017eim \u010dasove u\u017eivo, o ostalim zatvaranjima ve\u0107 znate i sami&#8230;<\/em><br \/>\n<em>Svakako, danas, 2021. godine je, nadam se, svima ve\u0107 jasno da je korona virus samo varijanta gripa i da nam je pandemija nametnuta iz mnogih nehumanih razloga nekolicine nehumanih ali finansijski mo\u0107nih ljudi. Tekst sam ostavila na mojoj web stranici.\u00a0Update u ostalim tekstovima<\/em>.)<\/p>\n<p>&nbsp;<\/p>\n<p>Korona je kao i svaki drugi virus \u017eivot za sebe. Ako mu klima odgovara on \u0107e se odoma\u0107iti, ako mu ne odgovara onda \u0107e oti\u0107i, i sa\u010dekati neke nove klime.<\/p>\n<p>Virusi i velike epidemije su menjali istoriju sveta, granice izme\u0111u zemalja i kontinenata na ovoj na\u0161oj lepoj planeti, menjali su ljudsku svest, ljudske kvalitete i nekvalitete, komunikaciju izme\u0111u ljudi. Religije su se pro\u0161irivale zahvaljuju\u0107i epidemijama.<\/p>\n<p>&nbsp;<\/p>\n<p>Na zemlji ne postoji ni\u0161ta ozbiljnije nego epidemija. Ni rat nije toliko ozbiljan koliko je virus.<\/p>\n<p>Virus nije rat u kome \u010dovek mo\u017ee da se sakrije ispod zemlje (ukoliko prona\u0111e slobodno mesto od penzionisanih oficira, se\u0107ate se?) ili da po poljima razvu\u010de kuhinjsku aluminijumsku foliju i odvrati stra\u0161ne avione koji seju smrt (se\u0107ate se?)&#8230;<\/p>\n<p>&nbsp;<\/p>\n<p>Niko nema ta\u010dne podatke koliko je ljudi danas zara\u017eeno Korona virusom. Mo\u017eda ga i ja ve\u0107 nosim u telu, mo\u017eda ti, mo\u017eda si ga ve\u0107 preneo svojoj deci ili tvoja deca tebi.<\/p>\n<p>Da li \u0107e virus mutirati u telima koja su besprekorno zdrava ili su ve\u0107 manje ili vi\u0161e slabija, da li \u0107e postati jo\u0161 agresivniji ili \u0107e se povu\u0107i, niko ne zna.<\/p>\n<p>Mi smo ovde sada svi zajedno, imali mi ogromne, ve\u0107e ili manje zaliha novca, bili mi oni koji \u017eive od prvog do prvog ili besku\u0107nici, bili mi zaposleni, slobodni umetnici ili nezaposleni&#8230; virus ne pravi razliku.[\/vc_column_text][\/vc_column][\/vc_row][vc_row][vc_column][vc_column_text]<img loading=\"lazy\" class=\"aligncenter size-full wp-image-5181\" src=\"https:\/\/i2.wp.com\/yogajagat.com\/wp-content\/uploads\/2020\/02\/DSC02195-1.jpg?resize=480%2C640\" alt=\"korona virus coronavirus\" width=\"480\" height=\"640\" srcset=\"https:\/\/i2.wp.com\/yogajagat.com\/wp-content\/uploads\/2020\/02\/DSC02195-1.jpg?w=480&amp;ssl=1 480w, https:\/\/i2.wp.com\/yogajagat.com\/wp-content\/uploads\/2020\/02\/DSC02195-1.jpg?resize=225%2C300&amp;ssl=1 225w\" sizes=\"(max-width: 480px) 100vw, 480px\" data-recalc-dims=\"1\" \/>[\/vc_column_text][\/vc_column][\/vc_row][vc_row][vc_column][vc_custom_heading text=&#8221;Sada ili nikada&#8221; font_container=&#8221;tag:h2|text_align:center|color:%231facc1&#8243; google_fonts=&#8221;font_family:Ubuntu%3A300%2C300italic%2Cregular%2Citalic%2C500%2C500italic%2C700%2C700italic|font_style:300%20light%20italic%3A300%3Aitalic&#8221;][\/vc_column][\/vc_row][vc_row][vc_column][vc_column_text]\n<hr \/>\n<p>&nbsp;<\/p>\n<p>Niko do sada u svom \u017eivotu nije imao ovako <em>zrelu priliku<\/em> da poka\u017ee svoju li\u010dnu zrelost i najli\u010dniju ravnote\u017eu.<\/p>\n<p>\u010cak ni oni (mi) koji odli\u010dno znamo \u0161ta je rat, \u0161ta su ubijanja i njihove posledice, \u0161ta zna\u010di \u017eiveti sa kilogram-dva <em>belog<\/em> bra\u0161na i <em>belog<\/em> \u0161e\u0107era i litar-dva suncokretovog ulja mese\u010dno, bez struje i vode, \u010dak ni mi iako vrlo drski i uporni u pre\u017eivljavanju nismo imali zreliju priliku da poka\u017eemo <em>zreo razum i li\u010dnu ravnote\u017eu<\/em>.\u00a0\u010cak su i one glave i srca kojima je \u017eivot bez prestanka zadavao nove zadatke i zagonetke za pronala\u017eenje razuma izgleda omanuli u odbijanju podmi\u0107enog komforta \u017eivota.<\/p>\n<p>Oni koji, sre\u0107om ili nesre\u0107om, nikada nisu videli slike takvih duboko grubih istina \u017eivota sada tako\u0111e imaju najzreliju priliku da poka\u017eu svoju li\u010dnu zrelost i ravnote\u017eu u razumu.<\/p>\n<p>Ove moje, po prvi put zapisane i izre\u010dene podele na &#8220;mi&#8221; i &#8220;oni&#8221; ovde i sada tako ba\u0161 i nemaju neki smisao.<\/p>\n<p>Korona virus ne zanimaju na\u0161a pro\u0161la iskustva.<\/p>\n[\/vc_column_text][vc_custom_heading text=&#8221;Jedan i jedini razumni potez koji sada svaki \u010dovek mo\u017ee za sebe, za svoju decu i sve ljude da u\u010dini&#8221; font_container=&#8221;tag:h2|text_align:center|color:%231facc1&#8243; google_fonts=&#8221;font_family:Ubuntu%3A300%2C300italic%2Cregular%2Citalic%2C500%2C500italic%2C700%2C700italic|font_style:300%20light%20italic%3A300%3Aitalic&#8221;][\/vc_column][\/vc_row][vc_row][vc_column][vc_column_text]\n<hr \/>\n<p>&nbsp;<\/p>\n<p>Ovo <em>nije vreme<\/em> kada bi ljudi trebalo da se takmi\u010de u varijantama i ja\u010dinama svojih psihoza, nesigurnosti ili rasko\u0161nom cinizmu.<\/p>\n<p>&nbsp;<\/p>\n<p>Upravo sada treba imati meru u smislu, o\u010dajavanju i u amaterskom procenjivanju ljudskih tragedija.<\/p>\n<p>&nbsp;<\/p>\n<p>Upravo sada treba biti u ravnote\u017ei sa zdravim razumom. Dosada\u0161nju savr\u0161enu ili nesavr\u0161enu ma\u0161tu, isklju\u010divost bez smisla i sa smislom treba doveti u ravnote\u017eu upravo sada.<\/p>\n<p>&nbsp;<\/p>\n<p>Ovi dani i nedelje \u0107e promeniti istoriju, promeni\u0107e smisao granica izme\u0111u zemalja i kontinenata kao i onih u samoj \u010dovekovoj psihi, njegovim \u0107elijima, ose\u0107anjima, mislima i delima.<\/p>\n<p>Ovi dani i nedelje su <em>najzrelija prilika<\/em> da poka\u017eete stepen va\u0161e <em>samokontrole, samoodgovornosti, zrelosti i saose\u0107aja<\/em>.<\/p>\n<p>Ovo je vreme velikih ispita.<\/p>\n<p>&nbsp;<\/p>\n<p>Nikada ne zaboravite \u010duvene prirodne zakone koji ne zaobilaze nijednog od vas.<\/p>\n<p>&nbsp;<\/p>\n<p style=\"text-align: center;\"><span style=\"color: #ff6600;\"><em>Ostanite, dragi ljudi, kod ku\u0107e ovih dana ili nedelja. <\/em><\/span><\/p>\n<p style=\"text-align: center;\"><span style=\"color: #ff6600;\"><em>Korona virus je kao i svaki virus \u017eivot koji seje zarazu i smrt.<\/em><\/span><\/p>\n<p>&nbsp;<\/p>\n<p>Vreme se ne ra\u010duna ali se zato ra\u010duna svaki <em>va\u0161<\/em> potez.<\/p>\n<p>Hrane u va\u0161oj zemlji ima u izobilju i niko od vas ne\u0107e ostati ni gladan ni \u017eedan. Svako od vas je u ku\u0107i jo\u0161 pre nekoliko nedelja imao mnogostruko puta vi\u0161e nego \u0161to vam je zaista potrebno a danas imate jo\u0161 i vi\u0161e od toga premnogoga.<\/p>\n<p>&nbsp;<\/p>\n<p>Naspavajte se najpre, ukoliko ne spadate u one koji slu\u017ebom ne mogu da ostanu kod ku\u0107e. Neispavanost je, ne zaboravite, jedan od od uzroka neuravnote\u017eenog zdravlja. Kada vam je zdravlje uravnote\u017eeno, sve je lak\u0161e, za vas, za va\u0161u decu, za va\u0161e prijatelje i rodjake, za va\u0161u dr\u017eavu i za sva de\u0161avanja na zemlji.<\/p>\n<p>Ima mnogo stvari kojima se sada mo\u017eete posvetiti.<\/p>\n<p>Ukoliko imate sre\u0107e da se &#8220;zato\u010deni&#8221; u li\u010dnoj biblioteci, iskoristite priliku. I ova kompletna, rastu\u0107a<span style=\"color: #993300;\"> <a style=\"color: #993300;\" href=\"https:\/\/yogajagat.com\/sr\/\">knjiga-web stranica<\/a><\/span> vam nudi mno\u0161tvo saveta.<\/p>\n<p>Ima zaista mnogo stvari koje ba\u0161 sada mo\u017eete da otkrijete i pro\u017eivite.<\/p>\n<p>Sve ostalo \u0107e do\u0107i, samo ostanite razumni, zbog vas, zbog va\u0161e dece, zbog va\u0161ih roditelja, zbog mene, zbog svih ljudi i \u010ditavog \u010dove\u010danstva.<\/p>\n<p style=\"text-align: center;\"><span style=\"color: #ff6600;\"><em>Ostajanje kod ku\u0107e nije &#8220;otimanje slobode&#8221; ve\u0107 ponuda da se ostane \u017eiv<\/em><\/span><\/p>\n[\/vc_column_text][\/vc_column][\/vc_row][vc_row][vc_column][vc_column_text]\n<div id=\"attachment_5697\" style=\"width: 410px\" class=\"wp-caption aligncenter\"><img aria-describedby=\"caption-attachment-5697\" loading=\"lazy\" class=\"wp-image-5697\" src=\"https:\/\/i2.wp.com\/yogajagat.com\/wp-content\/uploads\/2020\/03\/9b388391-37ac-4310-9bb1-4bc91c6971a9-Kopie-300x201.jpg?resize=400%2C268\" alt=\"\" width=\"400\" height=\"268\" srcset=\"https:\/\/i0.wp.com\/yogajagat.com\/wp-content\/uploads\/2020\/03\/9b388391-37ac-4310-9bb1-4bc91c6971a9-Kopie.jpg?resize=300%2C201&amp;ssl=1 300w, https:\/\/i0.wp.com\/yogajagat.com\/wp-content\/uploads\/2020\/03\/9b388391-37ac-4310-9bb1-4bc91c6971a9-Kopie.jpg?resize=600%2C400&amp;ssl=1 600w, https:\/\/i0.wp.com\/yogajagat.com\/wp-content\/uploads\/2020\/03\/9b388391-37ac-4310-9bb1-4bc91c6971a9-Kopie.jpg?w=750&amp;ssl=1 750w\" sizes=\"(max-width: 400px) 100vw, 400px\" data-recalc-dims=\"1\" \/><p id=\"caption-attachment-5697\" class=\"wp-caption-text\">Piazza Italia, In the Province of Bergamo. Photo by: Guido<\/p><\/div>\n[\/vc_column_text][\/vc_column][\/vc_row][vc_row][vc_column][vc_column_text]Posted:\u00a0<em>18. mart 2020<\/em><\/p>\n<p>&nbsp;<\/p>\n<p>Update: fotografija \u00a0&#8220;in the Province of Bergamo&#8221; dodata 22. marta 2020[\/vc_column_text][\/vc_column][\/vc_row]\n","protected":false},"excerpt":{"rendered":"<p>[vc_row][vc_column][vc_column_text]<\/p>\n<p>KORONA VIRUS<br \/>\n&nbsp;<br \/>\n( Ovaj tekst sam kao &#8220;apel&#8221; napisala 18. marta 2020. godine kada je okolo nas vladala velika zate\u010denost pandemijom &#8220;korona virusa&#8221; koja nas je u to vreme sna\u0161la.<br \/>\nU ovom tekstu ima istorijskih, psiholo\u0161kih i sociolo\u0161kih istina o pandemijama onako kako ih ja shvatam kao i mojih li\u010dnih ose\u0107anja i brige o zarazi,pandemijama, granicama, ljudskog psihi&#8230; tim pre \u0161to sam i sama bila sigurna da novi virus nije delo prirode ve\u0107 inovacija par ljudi na &#8230;<\/p>\n","protected":false},"author":1,"featured_media":0,"parent":0,"menu_order":0,"comment_status":"closed","ping_status":"closed","template":"template-full-width.php","meta":{"_bbp_topic_count":0,"_bbp_reply_count":0,"_bbp_total_topic_count":0,"_bbp_total_reply_count":0,"_bbp_voice_count":0,"_bbp_anonymous_reply_count":0,"_bbp_topic_count_hidden":0,"_bbp_reply_count_hidden":0,"_bbp_forum_subforum_count":0,"inline_featured_image":false,"spay_email":""},"translation":{"provider":"WPGlobus","version":"3.0.1","language":"sr","enabled_languages":["en","de","sr"],"languages":{"en":{"title":true,"content":true,"excerpt":false},"de":{"title":true,"content":true,"excerpt":false},"sr":{"title":true,"content":true,"excerpt":false}}},"yoast_head":"<!-- This site is optimized with the Yoast SEO plugin v18.3 - https:\/\/yoast.com\/wordpress\/plugins\/seo\/ -->\n<title>KORONA VIRUS APEL - Lepota promene<\/title>\n<meta name=\"description\" content=\"Korona je kao i svaki drugi virus \u017eivot za sebe. Virusi i epidemije menjali su istoriju sveta, granice, ljudsku svest, ljudske kvalitete i nekvalitete...\" \/>\n<meta name=\"robots\" content=\"index, follow, max-snippet:-1, max-image-preview:large, max-video-preview:-1\" \/>\n<link rel=\"canonical\" href=\"https:\/\/yogajagat.com\/coronavirus-appeal\/\" \/>\n<meta name=\"twitter:label1\" content=\"Est. reading time\" \/>\n\t<meta name=\"twitter:data1\" content=\"5 minutes\" \/>\n<script type=\"application\/ld+json\" class=\"yoast-schema-graph\">{\"@context\":\"https:\/\/schema.org\",\"@graph\":[{\"@type\":\"Organization\",\"@id\":\"https:\/\/yogajagat.com\/#organization\",\"name\":\"Yogajagat\",\"url\":\"https:\/\/yogajagat.com\/\",\"sameAs\":[],\"logo\":{\"@type\":\"ImageObject\",\"@id\":\"https:\/\/yogajagat.com\/#logo\",\"inLanguage\":\"sr\",\"url\":\"https:\/\/i1.wp.com\/yogajagat.com\/wp-content\/uploads\/2019\/03\/DSC08478-Kopie-1.jpg?fit=798%2C800&ssl=1\",\"contentUrl\":\"https:\/\/i1.wp.com\/yogajagat.com\/wp-content\/uploads\/2019\/03\/DSC08478-Kopie-1.jpg?fit=798%2C800&ssl=1\",\"width\":798,\"height\":800,\"caption\":\"Yogajagat\"},\"image\":{\"@id\":\"https:\/\/yogajagat.com\/#logo\"}},{\"@type\":\"WebSite\",\"@id\":\"https:\/\/yogajagat.com\/#website\",\"url\":\"https:\/\/yogajagat.com\/\",\"name\":\"Lepota promene\",\"description\":\"Neprestanom promenom do najlepseg zivotnog iskustva\",\"publisher\":{\"@id\":\"https:\/\/yogajagat.com\/#organization\"},\"potentialAction\":[{\"@type\":\"SearchAction\",\"target\":{\"@type\":\"EntryPoint\",\"urlTemplate\":\"https:\/\/yogajagat.com\/?s={search_term_string}\"},\"query-input\":\"required name=search_term_string\"}],\"inLanguage\":\"sr\"},{\"@type\":\"ImageObject\",\"@id\":\"https:\/\/yogajagat.com\/coronavirus-appeal\/#primaryimage\",\"inLanguage\":\"sr\",\"url\":\"http:\/\/yogajagat.com\/wp-content\/uploads\/2020\/02\/DSC02195-1.jpg\",\"contentUrl\":\"http:\/\/yogajagat.com\/wp-content\/uploads\/2020\/02\/DSC02195-1.jpg\"},{\"@type\":\"WebPage\",\"@id\":\"https:\/\/yogajagat.com\/coronavirus-appeal\/#webpage\",\"url\":\"https:\/\/yogajagat.com\/coronavirus-appeal\/\",\"name\":\"KORONA VIRUS APEL - Lepota promene\",\"isPartOf\":{\"@id\":\"https:\/\/yogajagat.com\/#website\"},\"primaryImageOfPage\":{\"@id\":\"https:\/\/yogajagat.com\/coronavirus-appeal\/#primaryimage\"},\"datePublished\":\"2020-03-18T20:50:47+00:00\",\"dateModified\":\"2021-12-29T13:47:35+00:00\",\"description\":\"Coronavirus ist wie jedes andere Virus, ein Leben f\u00fcr sich. Die einzige Handlung, die jeder Mensch jetzt f\u00fcr sich, seine Kinder und f\u00fcr alle Menschen...\",\"breadcrumb\":{\"@id\":\"https:\/\/yogajagat.com\/coronavirus-appeal\/#breadcrumb\"},\"inLanguage\":\"sr\",\"potentialAction\":[{\"@type\":\"ReadAction\",\"target\":[\"https:\/\/yogajagat.com\/coronavirus-appeal\/\"]}]},{\"@type\":\"BreadcrumbList\",\"@id\":\"https:\/\/yogajagat.com\/coronavirus-appeal\/#breadcrumb\",\"itemListElement\":[{\"@type\":\"ListItem\",\"position\":1,\"name\":\"Home\",\"item\":\"https:\/\/yogajagat.com\/sr\/\"},{\"@type\":\"ListItem\",\"position\":2,\"name\":\"CORONAVIRUS APPEAL\"}]}]}<\/script>\n<!-- \/ Yoast SEO plugin. -->","yoast_head_json":{"title":"KORONA VIRUS APEL - Lepota promene","description":"Korona je kao i svaki drugi virus \u017eivot za sebe. Virusi i epidemije menjali su istoriju sveta, granice, ljudsku svest, ljudske kvalitete i nekvalitete...","robots":{"index":"index","follow":"follow","max-snippet":"max-snippet:-1","max-image-preview":"max-image-preview:large","max-video-preview":"max-video-preview:-1"},"canonical":"https:\/\/yogajagat.com\/coronavirus-appeal\/","twitter_misc":{"Est. reading time":"5 minutes"},"schema":{"@context":"https:\/\/schema.org","@graph":[{"@type":"Organization","@id":"https:\/\/yogajagat.com\/#organization","name":"Yogajagat","url":"https:\/\/yogajagat.com\/","sameAs":[],"logo":{"@type":"ImageObject","@id":"https:\/\/yogajagat.com\/#logo","inLanguage":"sr","url":"https:\/\/i1.wp.com\/yogajagat.com\/wp-content\/uploads\/2019\/03\/DSC08478-Kopie-1.jpg?fit=798%2C800&ssl=1","contentUrl":"https:\/\/i1.wp.com\/yogajagat.com\/wp-content\/uploads\/2019\/03\/DSC08478-Kopie-1.jpg?fit=798%2C800&ssl=1","width":798,"height":800,"caption":"Yogajagat"},"image":{"@id":"https:\/\/yogajagat.com\/#logo"}},{"@type":"WebSite","@id":"https:\/\/yogajagat.com\/#website","url":"https:\/\/yogajagat.com\/","name":"Lepota promene","description":"Neprestanom promenom do najlepseg zivotnog iskustva","publisher":{"@id":"https:\/\/yogajagat.com\/#organization"},"potentialAction":[{"@type":"SearchAction","target":{"@type":"EntryPoint","urlTemplate":"https:\/\/yogajagat.com\/?s={search_term_string}"},"query-input":"required name=search_term_string"}],"inLanguage":"sr"},{"@type":"ImageObject","@id":"https:\/\/yogajagat.com\/coronavirus-appeal\/#primaryimage","inLanguage":"sr","url":"http:\/\/yogajagat.com\/wp-content\/uploads\/2020\/02\/DSC02195-1.jpg","contentUrl":"http:\/\/yogajagat.com\/wp-content\/uploads\/2020\/02\/DSC02195-1.jpg"},{"@type":"WebPage","@id":"https:\/\/yogajagat.com\/coronavirus-appeal\/#webpage","url":"https:\/\/yogajagat.com\/coronavirus-appeal\/","name":"KORONA VIRUS APEL - Lepota promene","isPartOf":{"@id":"https:\/\/yogajagat.com\/#website"},"primaryImageOfPage":{"@id":"https:\/\/yogajagat.com\/coronavirus-appeal\/#primaryimage"},"datePublished":"2020-03-18T20:50:47+00:00","dateModified":"2021-12-29T13:47:35+00:00","description":"Coronavirus ist wie jedes andere Virus, ein Leben f\u00fcr sich. Die einzige Handlung, die jeder Mensch jetzt f\u00fcr sich, seine Kinder und f\u00fcr alle Menschen...","breadcrumb":{"@id":"https:\/\/yogajagat.com\/coronavirus-appeal\/#breadcrumb"},"inLanguage":"sr","potentialAction":[{"@type":"ReadAction","target":["https:\/\/yogajagat.com\/coronavirus-appeal\/"]}]},{"@type":"BreadcrumbList","@id":"https:\/\/yogajagat.com\/coronavirus-appeal\/#breadcrumb","itemListElement":[{"@type":"ListItem","position":1,"name":"Home","item":"https:\/\/yogajagat.com\/sr\/"},{"@type":"ListItem","position":2,"name":"CORONAVIRUS APPEAL"}]}]}},"_links":{"self":[{"href":"https:\/\/yogajagat.com\/sr\/wp-json\/wp\/v2\/pages\/5670"}],"collection":[{"href":"https:\/\/yogajagat.com\/sr\/wp-json\/wp\/v2\/pages"}],"about":[{"href":"https:\/\/yogajagat.com\/sr\/wp-json\/wp\/v2\/types\/page"}],"author":[{"embeddable":true,"href":"https:\/\/yogajagat.com\/sr\/wp-json\/wp\/v2\/users\/1"}],"replies":[{"embeddable":true,"href":"https:\/\/yogajagat.com\/sr\/wp-json\/wp\/v2\/comments?post=5670"}],"version-history":[{"count":33,"href":"https:\/\/yogajagat.com\/sr\/wp-json\/wp\/v2\/pages\/5670\/revisions"}],"predecessor-version":[{"id":6194,"href":"https:\/\/yogajagat.com\/sr\/wp-json\/wp\/v2\/pages\/5670\/revisions\/6194"}],"wp:attachment":[{"href":"https:\/\/yogajagat.com\/sr\/wp-json\/wp\/v2\/media?parent=5670"}],"curies":[{"name":"wp","href":"https:\/\/api.w.org\/{rel}","templated":true}]}}