{"id":5489,"date":"2020-02-25T14:45:35","date_gmt":"2020-02-25T13:45:35","guid":{"rendered":"http:\/\/yogajagat.com\/?page_id=5489"},"modified":"2021-05-13T01:03:54","modified_gmt":"2021-05-12T23:03:54","slug":"hatha-yoga-techniques","status":"publish","type":"page","link":"https:\/\/yogajagat.com\/sr\/hatha-joga-tehnike-patandjali\/","title":{"rendered":"Hatha Joga Tehnike, Patandjali"},"content":{"rendered":"[vc_row][vc_column][vc_custom_heading text=&#8221;Najstariji pisani tekst o Hatha Jogi&#8221; font_container=&#8221;tag:h2|text_align:center|color:%231ba2b7&#8243; google_fonts=&#8221;font_family:Ubuntu%3A300%2C300italic%2Cregular%2Citalic%2C500%2C500italic%2C700%2C700italic|font_style:300%20light%20italic%3A300%3Aitalic&#8221;][\/vc_column][\/vc_row][vc_row][vc_column][vc_column_text]\n<p><img loading=\"lazy\" class=\"aligncenter size-full wp-image-5252\" src=\"https:\/\/i0.wp.com\/yogajagat.com\/wp-content\/uploads\/2020\/02\/DSC00522-1024x768-1.jpg?resize=640%2C480\" alt=\"hatha joga hatha yoga\" width=\"640\" height=\"480\" srcset=\"https:\/\/i0.wp.com\/yogajagat.com\/wp-content\/uploads\/2020\/02\/DSC00522-1024x768-1.jpg?w=640&amp;ssl=1 640w, https:\/\/i0.wp.com\/yogajagat.com\/wp-content\/uploads\/2020\/02\/DSC00522-1024x768-1.jpg?resize=300%2C225&amp;ssl=1 300w\" sizes=\"(max-width: 640px) 100vw, 640px\" data-recalc-dims=\"1\" \/><\/p>\n<p>&nbsp;<\/p>\n<p>Najstariji tekst o Hatha Jogi je najverovatnije <em>Hatha Joga Pradipika<\/em> napisan od <em>Swami Swatmarame<\/em> u 15. veku (neki autori navode i 13. ili 14. vek). Tekst pripada post-klasi\u010dnom periodu razvoja Joge kao nauke i u\u010denja.\u00a0Hatha Joga tehnike koje su opisane u Hatha Joga Pradipici bazirane su na starom znanju o \u010doveku i njegovom duhu, kao i na li\u010dnom iskustvu autora.<\/p>\n<p>Re\u010d <em>Hatha<\/em> ima koren u re\u010di <em>hath,<\/em> \u0161to zna\u010di &#8220;tretirati ne\u0161to sa nasiljem&#8221;, ili &#8220;ugnjetavati&#8221;.<em> Hatha Joga<\/em> je zna\u010di ne\u0161to u \u0161ta se ula\u017ee mentalni ili fizi\u010dki trud.<\/p>\n[\/vc_column_text][\/vc_column][\/vc_row][vc_row][vc_column][vc_column_text]\n<h3 style=\"text-align: center;\"><span style=\"color: #993300;\">HATHA JOGA TEHNIKE<\/span><\/h3>\n<hr \/>\n<p>&nbsp;<\/p>\n<p>Hatha Joge tehnike su sistem koji se satoji od nekoliko tehnika od kojih su neki potpuno jednaki sa tehnikama Patan\u0111alijevog sistema (o moralnom \u017eivotu \u010doveka pogledajte<a href=\"https:\/\/yogajagat.com\/sr\/moral\/\"><span style=\"color: #993300;\"> ovu<\/span><\/a> stranicu, a kako se osloboditi lanaca navika i postati otmen \u010dovek pogledajte <span style=\"color: #993300;\"><a style=\"color: #993300;\" href=\"https:\/\/yogajagat.com\/sr\/menjanje-navika-i-kreiranje-otmenosti\/\">ovu<\/a> <\/span>i sve ostale prilo\u017eene stranice).<\/p>\n<p>Hatha Joga tehnike su:<\/p>\n<p>\u2013 <span style=\"color: #993300;\">Jama i Nijama<\/span><\/p>\n<p>Za razliku od<span style=\"color: #800080;\"><a style=\"color: #800080;\" href=\"https:\/\/yogajagat.com\/sr\/joga-sutra-temelj-tradicije-joge\/\"> Patan\u0111alija<\/a>, <\/span>Swatmarama navodi:<\/p>\n<p style=\"text-align: left;\"><em>deset<\/em> <span style=\"color: #800080;\">Jama<\/span> (uzdr\u017eljivosti pomo\u0107u samokontrole):<\/p>\n<p style=\"text-align: left;\">ahimza, istina, ne uzimanje onoga \u0161to nam ne pripada, \u010dednost, opro\u0161taj, izdr\u017eljivost, saose\u0107aj, pokornost, umerena ishrana i \u010disto\u0107a,<\/p>\n<p style=\"text-align: left;\">i <em>deset<\/em> <span style=\"color: #800080;\">Nijama<\/span> (obi\u010daja, navika, uzdr\u017eavanja):<\/p>\n<p style=\"text-align: left;\">skromnost, smirenost, verovanje u Boga, milosr\u0111e (<em>dana\u00a0<\/em>), obo\u017eavanje Bo\u017eanskog, saznavanje o principima religija, stid, ja\u010danje umnih sposobnosti,\u00a0 trud (koji sam po sebi proizvodi energiju, toplotu) (\u00a0<em>tapa\u00a0<\/em>) i predanost (\u00a0<em>yajna\u00a0<\/em>).<\/p>\n<p><em>( li\u010dni prevod na na\u0161 jezik prevoda sa sanskrita na engleski od Pancham Singh-a i Rai Bahadur Srisa Vasu )<\/em><\/p>\n<p>\u2013 <span style=\"color: #993300;\"><a style=\"color: #993300;\" href=\"https:\/\/yogajagat.com\/sr\/joga-polozaji-tela-izvodenje-joga-asana\/\">Asane<\/a>,<\/span> ili jogi\u010dki polo\u017eaji tela<\/p>\n<p>\u2013 <a href=\"https:\/\/yogajagat.com\/sr\/pranajama-jogicka-tehnika-disanja-stanje-potunog-mira\/\"><span style=\"color: #993300;\">Pranajama<\/span><\/a> ili pro\u0161irivanje <a href=\"https:\/\/yogajagat.com\/sr\/prana-i-pet-slojeva-energetskog-tela\/\"><span style=\"color: #993300;\">prane<\/span><\/a>. Isto, svesna kontrola disanja, poznata kao tehnike disanja<\/p>\n<p>\u2013 <span style=\"color: #993300;\">Mudre<\/span> (<em>mud<\/em> zna\u010di zadovoljstvo, <em>dru<\/em> produ\u017eiti napred) ili polo\u017eaji prstiju, ruku i tela, i usmeravanje duhovno-psihi\u010dkih sposobnosti ka odre\u0111enim poljima<\/p>\n<p>\u2013 <span style=\"color: #993300;\">Bande<\/span> (<em>bandha<\/em> zna\u010di zatvoriti ili zadr\u017eati) ili svesne kontrakcije odre\u0111enih delova tela i ujedno usmeravanje energije ka vi\u0161im centrima<\/p>\n<p>\u2013 <span style=\"color: #993300;\">\u0160atkarme<\/span> ili<em> Krije<\/em> (<em>shat<\/em>\u2013 \u0161est, <em>karma<\/em>\u2013 akcija, pokretanje, <em>kriya<\/em>\u2013 pro\u010di\u0161\u0107avanje) ili jogi\u010dke tehnike pro\u010di\u0161\u0107avanja tela<\/p>\n<p>\u2013<span style=\"color: #993300;\"> <a style=\"color: #993300;\" href=\"https:\/\/yogajagat.com\/sr\/koncentracija-korisno-odvajanje-uma-od-bure-darana\/\">Koncentracija<\/a>,<\/span><a href=\"https:\/\/yogajagat.com\/sr\/meditacija-o-meditaciji-kao-stanju-duha\/\"><span style=\"color: #800080;\"> meditacija<\/span> <\/a>i<span style=\"color: #993300;\"> <a style=\"color: #993300;\" href=\"https:\/\/yogajagat.com\/sr\/potpuno-opustanje-joga-nidra-tehnika-dubokog-opustanja-jogicko-spavanje\/\">duboko opu\u0161tanje.<\/a><\/span><\/p>\n<p>&nbsp;<\/p>\n<p>Zna\u010di, svejedno pod kojim imenom komercijalizovani, niti su <span style=\"color: #993300;\"><a style=\"color: #993300;\" href=\"https:\/\/yogajagat.com\/sr\/ujedinjenje-jedinstvo-dna-joga\/\">Joga<\/a> <\/span>niti Hatha Joga \u010disto izvo\u0111enje polo\u017eaja (u najgorem slu\u010daju, ovi polo\u017eaji se jo\u0161 nazivaju i \u201cve\u017ebe\u201d), kao \u0161to to nisu ni \u010disto praktikovanje tehnika disanja.<\/p>\n<p>\u010cak ni kombinacija tehika disanja sa izvo\u0111enjem polo\u017eaja Hatha Joge nisu Joga.<\/p>\n<p>&nbsp;<\/p>\n<p>Pre nego \u0161to se \u010dovek osmeli i upusti u bilo kakvu raspravu o Jogi, ili u samo praktikovanje Hatha Joga tehnike, treba se ipak dobro informisati.<\/p>\n<p>&nbsp;<\/p>\n<p>Pored svih gore navedenih strana, na slede\u0107im stranicama mo\u017eete pro\u010ditati vi\u0161e o tome da li Hatha Joga uop\u0161te ima neki <a href=\"https:\/\/yogajagat.com\/sr\/svrha-hatha-joge-kuda-vodi-hatha-joga\/\"><span style=\"color: #993300;\">smisao i svrhu<\/span><\/a>, o tome \u0161ta su <a href=\"https:\/\/yogajagat.com\/sr\/nadiji-kundalini-simbol-zmije\/\"><span style=\"color: #800080;\">Nadiji, \u0161ta je Kundalini i simbol zmije<\/span><\/a>, o tome \u0161ta je<a href=\"https:\/\/yogajagat.com\/sr\/kundalini-sakti-zmijska-snaga\/\"><span style=\"color: #008080;\"> Kundalini \u0160akti<\/span><\/a>, o <a href=\"https:\/\/yogajagat.com\/sr\/asane-joga-polozaji\/\"><span style=\"color: #993300;\">blagodetima i koristima<\/span><\/a> ve\u017ebanja Hatha Joga tehnika, o <a href=\"https:\/\/yogajagat.com\/sr\/hormoni-srece-i-praktikovanje-joge\/\"><span style=\"color: #ff6600;\">hormonima sre\u0107e<\/span><\/a> i o tome za\u0161to \u0107ovek uop\u0161te da praktikuje <a href=\"https:\/\/yogajagat.com\/sr\/praktikovanje-joge-u-svakodnevnom-zivotu-i-njene-koristi\/\"><span style=\"color: #800080;\">bilo koju vrstu Joge<\/span><\/a>.[\/vc_column_text][\/vc_column][\/vc_row][vc_row][vc_column][vc_column_text]<img loading=\"lazy\" class=\"aligncenter size-full wp-image-5201\" src=\"https:\/\/i2.wp.com\/yogajagat.com\/wp-content\/uploads\/2020\/02\/10623532_10152762418162512_3257582330070230682_o.jpg?resize=480%2C640\" alt=\"hatha joga tehnike TECHNIQUES OF HATHA YOGA\" width=\"480\" height=\"640\" srcset=\"https:\/\/i2.wp.com\/yogajagat.com\/wp-content\/uploads\/2020\/02\/10623532_10152762418162512_3257582330070230682_o.jpg?w=480&amp;ssl=1 480w, https:\/\/i2.wp.com\/yogajagat.com\/wp-content\/uploads\/2020\/02\/10623532_10152762418162512_3257582330070230682_o.jpg?resize=225%2C300&amp;ssl=1 225w\" sizes=\"(max-width: 480px) 100vw, 480px\" data-recalc-dims=\"1\" \/>[\/vc_column_text][\/vc_column][\/vc_row]\n","protected":false},"excerpt":{"rendered":"<p>[vc_row][vc_column][vc_custom_heading text=&#8221;Najstariji pisani tekst o Hatha Jogi&#8221; font_container=&#8221;tag:h2|text_align:center|color:%231ba2b7&#8243; google_fonts=&#8221;font_family:Ubuntu%3A300%2C300italic%2Cregular%2Citalic%2C500%2C500italic%2C700%2C700italic|font_style:300%20light%20italic%3A300%3Aitalic&#8221;][\/vc_column][\/vc_row][vc_row][vc_column][vc_column_text]<\/p>\n<p>&nbsp;<br \/>\nNajstariji tekst o Hatha Jogi je najverovatnije Hatha Joga Pradipika napisan od Swami Swatmarame u 15. veku (neki autori navode i 13. ili 14. vek). Tekst pripada post-klasi\u010dnom periodu razvoja Joge kao nauke i u\u010denja.\u00a0Hatha Joga tehnike koje su opisane u Hatha Joga Pradipici bazirane su na starom znanju o \u010doveku i njegovom duhu, kao i na li\u010dnom iskustvu autora.<br \/>\nRe\u010d Hatha ima koren u re\u010di hath, \u0161to zna\u010di &#8230;<\/p>\n","protected":false},"author":1,"featured_media":0,"parent":0,"menu_order":0,"comment_status":"closed","ping_status":"closed","template":"template-full-width.php","meta":{"_bbp_topic_count":0,"_bbp_reply_count":0,"_bbp_total_topic_count":0,"_bbp_total_reply_count":0,"_bbp_voice_count":0,"_bbp_anonymous_reply_count":0,"_bbp_topic_count_hidden":0,"_bbp_reply_count_hidden":0,"_bbp_forum_subforum_count":0,"inline_featured_image":false,"spay_email":""},"translation":{"provider":"WPGlobus","version":"3.0.1","language":"sr","enabled_languages":["en","de","sr"],"languages":{"en":{"title":true,"content":true,"excerpt":false},"de":{"title":true,"content":true,"excerpt":false},"sr":{"title":true,"content":true,"excerpt":false}}},"yoast_head":"<!-- This site is optimized with the Yoast SEO plugin v18.3 - https:\/\/yoast.com\/wordpress\/plugins\/seo\/ -->\n<title>Hatha Joga Tehnike, Patandjali - Lepota promene<\/title>\n<meta name=\"description\" content=\"Hatha Joga tehnike. Najstariji pisani tekst o Hatha Jogi, Patan\u0111ali i Hatha Joga Pradipika. Asane, pranajama, bande, mudre, \u0161atkarma, koncentracija...\" \/>\n<meta name=\"robots\" content=\"index, follow, max-snippet:-1, max-image-preview:large, max-video-preview:-1\" \/>\n<link rel=\"canonical\" href=\"https:\/\/yogajagat.com\/hatha-yoga-techniques\/\" \/>\n<meta name=\"twitter:label1\" content=\"Est. reading time\" \/>\n\t<meta name=\"twitter:data1\" content=\"3 minutes\" \/>\n<script type=\"application\/ld+json\" class=\"yoast-schema-graph\">{\"@context\":\"https:\/\/schema.org\",\"@graph\":[{\"@type\":\"Organization\",\"@id\":\"https:\/\/yogajagat.com\/#organization\",\"name\":\"Yogajagat\",\"url\":\"https:\/\/yogajagat.com\/\",\"sameAs\":[],\"logo\":{\"@type\":\"ImageObject\",\"@id\":\"https:\/\/yogajagat.com\/#logo\",\"inLanguage\":\"sr\",\"url\":\"https:\/\/i1.wp.com\/yogajagat.com\/wp-content\/uploads\/2019\/03\/DSC08478-Kopie-1.jpg?fit=798%2C800&ssl=1\",\"contentUrl\":\"https:\/\/i1.wp.com\/yogajagat.com\/wp-content\/uploads\/2019\/03\/DSC08478-Kopie-1.jpg?fit=798%2C800&ssl=1\",\"width\":798,\"height\":800,\"caption\":\"Yogajagat\"},\"image\":{\"@id\":\"https:\/\/yogajagat.com\/#logo\"}},{\"@type\":\"WebSite\",\"@id\":\"https:\/\/yogajagat.com\/#website\",\"url\":\"https:\/\/yogajagat.com\/\",\"name\":\"Lepota promene\",\"description\":\"Neprestanom promenom do najlepseg zivotnog iskustva\",\"publisher\":{\"@id\":\"https:\/\/yogajagat.com\/#organization\"},\"potentialAction\":[{\"@type\":\"SearchAction\",\"target\":{\"@type\":\"EntryPoint\",\"urlTemplate\":\"https:\/\/yogajagat.com\/?s={search_term_string}\"},\"query-input\":\"required name=search_term_string\"}],\"inLanguage\":\"sr\"},{\"@type\":\"ImageObject\",\"@id\":\"https:\/\/yogajagat.com\/hatha-yoga-techniques\/#primaryimage\",\"inLanguage\":\"sr\",\"url\":\"http:\/\/yogajagat.com\/wp-content\/uploads\/2020\/02\/10623532_10152762418162512_3257582330070230682_o.jpg\",\"contentUrl\":\"http:\/\/yogajagat.com\/wp-content\/uploads\/2020\/02\/10623532_10152762418162512_3257582330070230682_o.jpg\"},{\"@type\":\"WebPage\",\"@id\":\"https:\/\/yogajagat.com\/hatha-yoga-techniques\/#webpage\",\"url\":\"https:\/\/yogajagat.com\/hatha-yoga-techniques\/\",\"name\":\"Hatha Joga Tehnike, Patandjali - Lepota promene\",\"isPartOf\":{\"@id\":\"https:\/\/yogajagat.com\/#website\"},\"primaryImageOfPage\":{\"@id\":\"https:\/\/yogajagat.com\/hatha-yoga-techniques\/#primaryimage\"},\"datePublished\":\"2020-02-25T13:45:35+00:00\",\"dateModified\":\"2021-05-12T23:03:54+00:00\",\"description\":\"Hatha Joga tehnike. Najstariji pisani tekst o Hatha Jogi, Patan\u0111ali i Hatha Joga Pradipika. Asane, pranajama, bande, mudre, \u0161atkarma, koncentracija...\",\"breadcrumb\":{\"@id\":\"https:\/\/yogajagat.com\/hatha-yoga-techniques\/#breadcrumb\"},\"inLanguage\":\"sr\",\"potentialAction\":[{\"@type\":\"ReadAction\",\"target\":[\"https:\/\/yogajagat.com\/hatha-yoga-techniques\/\"]}]},{\"@type\":\"BreadcrumbList\",\"@id\":\"https:\/\/yogajagat.com\/hatha-yoga-techniques\/#breadcrumb\",\"itemListElement\":[{\"@type\":\"ListItem\",\"position\":1,\"name\":\"Home\",\"item\":\"https:\/\/yogajagat.com\/sr\/\"},{\"@type\":\"ListItem\",\"position\":2,\"name\":\"Hatha Yoga Techniques\"}]}]}<\/script>\n<!-- \/ Yoast SEO plugin. -->","yoast_head_json":{"title":"Hatha Joga Tehnike, Patandjali - Lepota promene","description":"Hatha Joga tehnike. Najstariji pisani tekst o Hatha Jogi, Patan\u0111ali i Hatha Joga Pradipika. Asane, pranajama, bande, mudre, \u0161atkarma, koncentracija...","robots":{"index":"index","follow":"follow","max-snippet":"max-snippet:-1","max-image-preview":"max-image-preview:large","max-video-preview":"max-video-preview:-1"},"canonical":"https:\/\/yogajagat.com\/hatha-yoga-techniques\/","twitter_misc":{"Est. reading time":"3 minutes"},"schema":{"@context":"https:\/\/schema.org","@graph":[{"@type":"Organization","@id":"https:\/\/yogajagat.com\/#organization","name":"Yogajagat","url":"https:\/\/yogajagat.com\/","sameAs":[],"logo":{"@type":"ImageObject","@id":"https:\/\/yogajagat.com\/#logo","inLanguage":"sr","url":"https:\/\/i1.wp.com\/yogajagat.com\/wp-content\/uploads\/2019\/03\/DSC08478-Kopie-1.jpg?fit=798%2C800&ssl=1","contentUrl":"https:\/\/i1.wp.com\/yogajagat.com\/wp-content\/uploads\/2019\/03\/DSC08478-Kopie-1.jpg?fit=798%2C800&ssl=1","width":798,"height":800,"caption":"Yogajagat"},"image":{"@id":"https:\/\/yogajagat.com\/#logo"}},{"@type":"WebSite","@id":"https:\/\/yogajagat.com\/#website","url":"https:\/\/yogajagat.com\/","name":"Lepota promene","description":"Neprestanom promenom do najlepseg zivotnog iskustva","publisher":{"@id":"https:\/\/yogajagat.com\/#organization"},"potentialAction":[{"@type":"SearchAction","target":{"@type":"EntryPoint","urlTemplate":"https:\/\/yogajagat.com\/?s={search_term_string}"},"query-input":"required name=search_term_string"}],"inLanguage":"sr"},{"@type":"ImageObject","@id":"https:\/\/yogajagat.com\/hatha-yoga-techniques\/#primaryimage","inLanguage":"sr","url":"http:\/\/yogajagat.com\/wp-content\/uploads\/2020\/02\/10623532_10152762418162512_3257582330070230682_o.jpg","contentUrl":"http:\/\/yogajagat.com\/wp-content\/uploads\/2020\/02\/10623532_10152762418162512_3257582330070230682_o.jpg"},{"@type":"WebPage","@id":"https:\/\/yogajagat.com\/hatha-yoga-techniques\/#webpage","url":"https:\/\/yogajagat.com\/hatha-yoga-techniques\/","name":"Hatha Joga Tehnike, Patandjali - Lepota promene","isPartOf":{"@id":"https:\/\/yogajagat.com\/#website"},"primaryImageOfPage":{"@id":"https:\/\/yogajagat.com\/hatha-yoga-techniques\/#primaryimage"},"datePublished":"2020-02-25T13:45:35+00:00","dateModified":"2021-05-12T23:03:54+00:00","description":"Hatha Joga tehnike. Najstariji pisani tekst o Hatha Jogi, Patan\u0111ali i Hatha Joga Pradipika. Asane, pranajama, bande, mudre, \u0161atkarma, koncentracija...","breadcrumb":{"@id":"https:\/\/yogajagat.com\/hatha-yoga-techniques\/#breadcrumb"},"inLanguage":"sr","potentialAction":[{"@type":"ReadAction","target":["https:\/\/yogajagat.com\/hatha-yoga-techniques\/"]}]},{"@type":"BreadcrumbList","@id":"https:\/\/yogajagat.com\/hatha-yoga-techniques\/#breadcrumb","itemListElement":[{"@type":"ListItem","position":1,"name":"Home","item":"https:\/\/yogajagat.com\/sr\/"},{"@type":"ListItem","position":2,"name":"Hatha Yoga Techniques"}]}]}},"_links":{"self":[{"href":"https:\/\/yogajagat.com\/sr\/wp-json\/wp\/v2\/pages\/5489"}],"collection":[{"href":"https:\/\/yogajagat.com\/sr\/wp-json\/wp\/v2\/pages"}],"about":[{"href":"https:\/\/yogajagat.com\/sr\/wp-json\/wp\/v2\/types\/page"}],"author":[{"embeddable":true,"href":"https:\/\/yogajagat.com\/sr\/wp-json\/wp\/v2\/users\/1"}],"replies":[{"embeddable":true,"href":"https:\/\/yogajagat.com\/sr\/wp-json\/wp\/v2\/comments?post=5489"}],"version-history":[{"count":16,"href":"https:\/\/yogajagat.com\/sr\/wp-json\/wp\/v2\/pages\/5489\/revisions"}],"predecessor-version":[{"id":6051,"href":"https:\/\/yogajagat.com\/sr\/wp-json\/wp\/v2\/pages\/5489\/revisions\/6051"}],"wp:attachment":[{"href":"https:\/\/yogajagat.com\/sr\/wp-json\/wp\/v2\/media?parent=5489"}],"curies":[{"name":"wp","href":"https:\/\/api.w.org\/{rel}","templated":true}]}}