{"id":4955,"date":"2020-01-28T22:11:43","date_gmt":"2020-01-28T21:11:43","guid":{"rendered":"http:\/\/yogajagat.com\/?page_id=4955"},"modified":"2020-03-03T16:17:08","modified_gmt":"2020-03-03T15:17:08","slug":"human-mind-organizing-mind-fight-a-battle","status":"publish","type":"page","link":"https:\/\/yogajagat.com\/sr\/duh-ljudski-kako-organizovati-um\/","title":{"rendered":"Duh ljudski. Kako organizovati um i pro\u0161iriti mo\u0107 duha"},"content":{"rendered":"[vc_row][vc_column][vc_column_text]\n<h3><\/h3>\n<h3 style=\"text-align: center;\"><span style=\"color: #993300;\">DUH LJUDSKI<\/span><\/h3>\n<h4 style=\"text-align: center;\"><span style=\"color: #33cccc;\"><br \/>\nKAKO \u010cOVEK MO\u017dE ORGANIZOVATI SVOJ DUH\u00a0<\/span><\/h4>\n[\/vc_column_text][\/vc_column][\/vc_row][vc_row][vc_column][vc_column_text]\n<div id=\"attachment_3716\" style=\"width: 310px\" class=\"wp-caption aligncenter\"><img aria-describedby=\"caption-attachment-3716\" loading=\"lazy\" class=\"wp-image-3716 size-medium\" src=\"https:\/\/i1.wp.com\/yogajagat.com\/wp-content\/uploads\/2019\/07\/DSC1837-Kopie-1024x678-Kopie-300x279.jpg?resize=300%2C279\" alt=\"human mind ljudski duh menschlicher geist\" width=\"300\" height=\"279\" srcset=\"https:\/\/i2.wp.com\/yogajagat.com\/wp-content\/uploads\/2019\/07\/DSC1837-Kopie-1024x678-Kopie.jpg?resize=300%2C279&amp;ssl=1 300w, https:\/\/i2.wp.com\/yogajagat.com\/wp-content\/uploads\/2019\/07\/DSC1837-Kopie-1024x678-Kopie.jpg?w=707&amp;ssl=1 707w\" sizes=\"(max-width: 300px) 100vw, 300px\" data-recalc-dims=\"1\" \/><p id=\"caption-attachment-3716\" class=\"wp-caption-text\">THE BRAIN, Sa Izlo\u017ebe METAMORPHOSIS, TWINS. Atina, Gr\u010dka. www.yogajagat.com<\/p><\/div>\n[\/vc_column_text][\/vc_column][\/vc_row][vc_row][vc_column][vc_column_text]\n<hr \/>\n<p>&nbsp;<\/p>\n<p>\u017divot se rodio, isti \u0107e se jednog dana ugasiti a izme\u0111u ova dva prirodna doga\u0111aja treba i samu prirodu duha i du\u0161e oja\u010dati i uti\u0161ati, okura\u017eiti i prepustiti, prepoznati i transformisati.<\/p>\n<p>Ceo \u017eivot je, zna\u010di, izazov- jutro transformi\u0161e ju\u010de, no\u0107 nudi transformaciju \u017eivotnog sadr\u017eaja od prekju\u010de, a glava misli sada. A o sutra, \u010dovek mo\u017ee znati kada bude bio stariji nego \u0161to je sada.[\/vc_column_text][\/vc_column][\/vc_row][vc_row][vc_column][vc_custom_heading text=&#8221;Da li se ljudski duh da organizovati?&#8221; font_container=&#8221;tag:h2|text_align:center|color:%231aa3b2&#8243; google_fonts=&#8221;font_family:Ubuntu%3A300%2C300italic%2Cregular%2Citalic%2C500%2C500italic%2C700%2C700italic|font_style:300%20light%20italic%3A300%3Aitalic&#8221;][\/vc_column][\/vc_row][vc_row][vc_column][vc_column_text]\n<h4><\/h4>\n<hr \/>\n<h4><\/h4>\n<h4 style=\"text-align: center;\"><span style=\"color: #993300;\">\u00a0Ljudski duh se mo\u017ee organizovati.<\/span><\/h4>\n<p>&nbsp;<\/p>\n<p>\u010covek iza o\u010diju nosi najkompleksniji organ na planeti, a nikada nije zadovoljan.<\/p>\n<p>Svaka glava igra neke igre. Neke glave \u0107e probati da ba\u0161 va\u0161u glavu i srce samelju svojim neznanjem, slabom psihom, malogra\u0111anskim duhom, neko \u0107e vam laskati, neko \u0107e biti neko drugi i tako biti \u0161tetan i sebi i \u010ditavom \u010dove\u010danstvu. Tako to izgleda u na\u0161em svetu. Me\u0111utim, ono \u0161to su istine jednoj glavi, nisu istine drugoj.<\/p>\n<p>Istina je da svaki \u017eivi \u010dovek mo\u017ee organizovati svoj duh, telo i du\u0161u. Ovi se \u010dak daju i vrlo dobro organizovati.<\/p>\n<p>Ali za to treba biti spontan i hrabar kao dete.<\/p>\n<p>Treba negovati ono najlepse u sebi a ne ono najgore u drugima zna\u010di praktikovati mir a ne ratove.\u00a0Tolerancija je jaka ljudska osobina. Naporna je i tra\u017ei mnogo odricanja.<\/p>\n<p>Zatvarati zar\u0111ala vrata uma i otvariti nova je duga misija. Ali su \u010dak i najte\u017ee misije mogu\u0107e.<\/p>\n<p>Sve sto treba jeste prepoznati svoje sopstvene energije i nau\u010diti ih da svoj sopstveni odbrambeni mehanizam odbrane od svih \u0161tetnih polucija, prvo onih unutra\u0161njih, jer se svi ratovi vode u glavi. A kada se ratovi umire, i telo i duh se mogu transformisati, a du\u0161a evoluirati.<\/p>\n<h4 style=\"text-align: center;\"><span style=\"color: #993300;\">Ni\u0161ta nije nemogu\u0107e.<\/span><\/h4>\n<p>Na ovoj \u010ditavoj web stranici na\u0107i \u0107ete mno\u0161tvo odgovora i saveta <a href=\"https:\/\/yogajagat.com\/sr\/ujedinjenje-jedinstvo-dna-joga\/\"><span style=\"color: #993300;\">kako ujediniti<\/span><\/a> svoj duh sa onim vi\u0161im, o <a href=\"https:\/\/yogajagat.com\/sr\/korak-po-korak-do-unutrasnjeg-mira\/\"><span style=\"color: #993300;\">stepenicama<\/span><\/a> i <a href=\"https:\/\/yogajagat.com\/sr\/zivotni-putevi\/\"><span style=\"color: #993300;\">putevima<\/span> <\/a>ljudskog \u017eivota, kako se re\u0161iti tuge, i o svim vrstama preventivne medicine i svim vrstama zdravlja.[\/vc_column_text][\/vc_column][\/vc_row]\n","protected":false},"excerpt":{"rendered":"<p>[vc_row][vc_column][vc_column_text]<\/p>\n<p>DUH LJUDSKI<\/p>\n<p>KAKO \u010cOVEK MO\u017dE ORGANIZOVATI SVOJ DUH\u00a0<br \/>\n[\/vc_column_text][\/vc_column][\/vc_row][vc_row][vc_column][vc_column_text]<br \/>\n[\/vc_column_text][\/vc_column][\/vc_row][vc_row][vc_column][vc_column_text]<\/p>\n<p>&nbsp;<br \/>\n\u017divot se rodio, isti \u0107e se jednog dana ugasiti a izme\u0111u ova dva prirodna doga\u0111aja treba i samu prirodu duha i du\u0161e oja\u010dati i uti\u0161ati, okura\u017eiti i prepustiti, prepoznati i transformisati.<br \/>\nCeo \u017eivot je, zna\u010di, izazov- jutro transformi\u0161e ju\u010de, no\u0107 nudi transformaciju \u017eivotnog sadr\u017eaja od prekju\u010de, a glava misli sada. A o sutra, \u010dovek mo\u017ee znati kada bude bio stariji nego \u0161to je sada.[\/vc_column_text][\/vc_column][\/vc_row][vc_row][vc_column][vc_custom_heading text=&#8221;Da &#8230;<\/p>\n","protected":false},"author":1,"featured_media":0,"parent":0,"menu_order":0,"comment_status":"closed","ping_status":"closed","template":"template-full-width.php","meta":{"_bbp_topic_count":0,"_bbp_reply_count":0,"_bbp_total_topic_count":0,"_bbp_total_reply_count":0,"_bbp_voice_count":0,"_bbp_anonymous_reply_count":0,"_bbp_topic_count_hidden":0,"_bbp_reply_count_hidden":0,"_bbp_forum_subforum_count":0,"inline_featured_image":false,"spay_email":""},"translation":{"provider":"WPGlobus","version":"3.0.1","language":"sr","enabled_languages":["en","de","sr"],"languages":{"en":{"title":true,"content":true,"excerpt":false},"de":{"title":true,"content":true,"excerpt":false},"sr":{"title":true,"content":true,"excerpt":false}}},"yoast_head":"<!-- This site is optimized with the Yoast SEO plugin v18.3 - https:\/\/yoast.com\/wordpress\/plugins\/seo\/ -->\n<title>Duh ljudski. Kako organizovati um i pro\u0161iriti mo\u0107 duha - Lepota promene<\/title>\n<meta name=\"description\" content=\"Kako prepoznati sopstvene energije, kako umiriti unutra\u0161nje ratove, kako umiriti, pro\u0161iriti i ujediniti ljudski duh sa vi\u0161im mo\u0107ima...\" \/>\n<meta name=\"robots\" content=\"index, follow, max-snippet:-1, max-image-preview:large, max-video-preview:-1\" \/>\n<link rel=\"canonical\" href=\"https:\/\/yogajagat.com\/sr\/duh-ljudski-kako-organizovati-um\/\" \/>\n<meta name=\"twitter:label1\" content=\"Est. reading time\" \/>\n\t<meta name=\"twitter:data1\" content=\"8 minutes\" \/>\n<script type=\"application\/ld+json\" class=\"yoast-schema-graph\">{\"@context\":\"https:\/\/schema.org\",\"@graph\":[{\"@type\":\"Organization\",\"@id\":\"https:\/\/yogajagat.com\/#organization\",\"name\":\"Yogajagat\",\"url\":\"https:\/\/yogajagat.com\/\",\"sameAs\":[],\"logo\":{\"@type\":\"ImageObject\",\"@id\":\"https:\/\/yogajagat.com\/#logo\",\"inLanguage\":\"sr\",\"url\":\"https:\/\/i1.wp.com\/yogajagat.com\/wp-content\/uploads\/2019\/03\/DSC08478-Kopie-1.jpg?fit=798%2C800&ssl=1\",\"contentUrl\":\"https:\/\/i1.wp.com\/yogajagat.com\/wp-content\/uploads\/2019\/03\/DSC08478-Kopie-1.jpg?fit=798%2C800&ssl=1\",\"width\":798,\"height\":800,\"caption\":\"Yogajagat\"},\"image\":{\"@id\":\"https:\/\/yogajagat.com\/#logo\"}},{\"@type\":\"WebSite\",\"@id\":\"https:\/\/yogajagat.com\/#website\",\"url\":\"https:\/\/yogajagat.com\/\",\"name\":\"Lepota promene\",\"description\":\"Neprestanom promenom do najlepseg zivotnog iskustva\",\"publisher\":{\"@id\":\"https:\/\/yogajagat.com\/#organization\"},\"potentialAction\":[{\"@type\":\"SearchAction\",\"target\":{\"@type\":\"EntryPoint\",\"urlTemplate\":\"https:\/\/yogajagat.com\/?s={search_term_string}\"},\"query-input\":\"required name=search_term_string\"}],\"inLanguage\":\"sr\"},{\"@type\":\"ImageObject\",\"@id\":\"https:\/\/yogajagat.com\/sr\/duh-ljudski-kako-organizovati-um\/#primaryimage\",\"inLanguage\":\"sr\",\"url\":\"http:\/\/yogajagat.com\/wp-content\/uploads\/2019\/07\/DSC1837-Kopie-1024x678-Kopie-300x279.jpg\",\"contentUrl\":\"http:\/\/yogajagat.com\/wp-content\/uploads\/2019\/07\/DSC1837-Kopie-1024x678-Kopie-300x279.jpg\"},{\"@type\":\"WebPage\",\"@id\":\"https:\/\/yogajagat.com\/sr\/duh-ljudski-kako-organizovati-um\/#webpage\",\"url\":\"https:\/\/yogajagat.com\/sr\/duh-ljudski-kako-organizovati-um\/\",\"name\":\"Duh ljudski. Kako organizovati um i pro\u0161iriti mo\u0107 duha - Lepota promene\",\"isPartOf\":{\"@id\":\"https:\/\/yogajagat.com\/#website\"},\"primaryImageOfPage\":{\"@id\":\"https:\/\/yogajagat.com\/sr\/duh-ljudski-kako-organizovati-um\/#primaryimage\"},\"datePublished\":\"2020-01-28T21:11:43+00:00\",\"dateModified\":\"2020-03-03T15:17:08+00:00\",\"description\":\"Kako prepoznati sopstvene energije, kako umiriti unutra\u0161nje ratove, kako umiriti, pro\u0161iriti i ujediniti ljudski duh sa vi\u0161im mo\u0107ima...\",\"breadcrumb\":{\"@id\":\"https:\/\/yogajagat.com\/sr\/duh-ljudski-kako-organizovati-um\/#breadcrumb\"},\"inLanguage\":\"sr\",\"potentialAction\":[{\"@type\":\"ReadAction\",\"target\":[\"https:\/\/yogajagat.com\/sr\/duh-ljudski-kako-organizovati-um\/\"]}]},{\"@type\":\"BreadcrumbList\",\"@id\":\"https:\/\/yogajagat.com\/sr\/duh-ljudski-kako-organizovati-um\/#breadcrumb\",\"itemListElement\":[{\"@type\":\"ListItem\",\"position\":1,\"name\":\"Home\",\"item\":\"https:\/\/yogajagat.com\/sr\/\"},{\"@type\":\"ListItem\",\"position\":2,\"name\":\"Duh ljudski. Kako organizovati um i pro\u0161iriti mo\u0107 duha\"}]}]}<\/script>\n<!-- \/ Yoast SEO plugin. -->","yoast_head_json":{"title":"Duh ljudski. Kako organizovati um i pro\u0161iriti mo\u0107 duha - Lepota promene","description":"Kako prepoznati sopstvene energije, kako umiriti unutra\u0161nje ratove, kako umiriti, pro\u0161iriti i ujediniti ljudski duh sa vi\u0161im mo\u0107ima...","robots":{"index":"index","follow":"follow","max-snippet":"max-snippet:-1","max-image-preview":"max-image-preview:large","max-video-preview":"max-video-preview:-1"},"canonical":"https:\/\/yogajagat.com\/sr\/duh-ljudski-kako-organizovati-um\/","twitter_misc":{"Est. reading time":"8 minutes"},"schema":{"@context":"https:\/\/schema.org","@graph":[{"@type":"Organization","@id":"https:\/\/yogajagat.com\/#organization","name":"Yogajagat","url":"https:\/\/yogajagat.com\/","sameAs":[],"logo":{"@type":"ImageObject","@id":"https:\/\/yogajagat.com\/#logo","inLanguage":"sr","url":"https:\/\/i1.wp.com\/yogajagat.com\/wp-content\/uploads\/2019\/03\/DSC08478-Kopie-1.jpg?fit=798%2C800&ssl=1","contentUrl":"https:\/\/i1.wp.com\/yogajagat.com\/wp-content\/uploads\/2019\/03\/DSC08478-Kopie-1.jpg?fit=798%2C800&ssl=1","width":798,"height":800,"caption":"Yogajagat"},"image":{"@id":"https:\/\/yogajagat.com\/#logo"}},{"@type":"WebSite","@id":"https:\/\/yogajagat.com\/#website","url":"https:\/\/yogajagat.com\/","name":"Lepota promene","description":"Neprestanom promenom do najlepseg zivotnog iskustva","publisher":{"@id":"https:\/\/yogajagat.com\/#organization"},"potentialAction":[{"@type":"SearchAction","target":{"@type":"EntryPoint","urlTemplate":"https:\/\/yogajagat.com\/?s={search_term_string}"},"query-input":"required name=search_term_string"}],"inLanguage":"sr"},{"@type":"ImageObject","@id":"https:\/\/yogajagat.com\/sr\/duh-ljudski-kako-organizovati-um\/#primaryimage","inLanguage":"sr","url":"http:\/\/yogajagat.com\/wp-content\/uploads\/2019\/07\/DSC1837-Kopie-1024x678-Kopie-300x279.jpg","contentUrl":"http:\/\/yogajagat.com\/wp-content\/uploads\/2019\/07\/DSC1837-Kopie-1024x678-Kopie-300x279.jpg"},{"@type":"WebPage","@id":"https:\/\/yogajagat.com\/sr\/duh-ljudski-kako-organizovati-um\/#webpage","url":"https:\/\/yogajagat.com\/sr\/duh-ljudski-kako-organizovati-um\/","name":"Duh ljudski. Kako organizovati um i pro\u0161iriti mo\u0107 duha - Lepota promene","isPartOf":{"@id":"https:\/\/yogajagat.com\/#website"},"primaryImageOfPage":{"@id":"https:\/\/yogajagat.com\/sr\/duh-ljudski-kako-organizovati-um\/#primaryimage"},"datePublished":"2020-01-28T21:11:43+00:00","dateModified":"2020-03-03T15:17:08+00:00","description":"Kako prepoznati sopstvene energije, kako umiriti unutra\u0161nje ratove, kako umiriti, pro\u0161iriti i ujediniti ljudski duh sa vi\u0161im mo\u0107ima...","breadcrumb":{"@id":"https:\/\/yogajagat.com\/sr\/duh-ljudski-kako-organizovati-um\/#breadcrumb"},"inLanguage":"sr","potentialAction":[{"@type":"ReadAction","target":["https:\/\/yogajagat.com\/sr\/duh-ljudski-kako-organizovati-um\/"]}]},{"@type":"BreadcrumbList","@id":"https:\/\/yogajagat.com\/sr\/duh-ljudski-kako-organizovati-um\/#breadcrumb","itemListElement":[{"@type":"ListItem","position":1,"name":"Home","item":"https:\/\/yogajagat.com\/sr\/"},{"@type":"ListItem","position":2,"name":"Duh ljudski. Kako organizovati um i pro\u0161iriti mo\u0107 duha"}]}]}},"_links":{"self":[{"href":"https:\/\/yogajagat.com\/sr\/wp-json\/wp\/v2\/pages\/4955"}],"collection":[{"href":"https:\/\/yogajagat.com\/sr\/wp-json\/wp\/v2\/pages"}],"about":[{"href":"https:\/\/yogajagat.com\/sr\/wp-json\/wp\/v2\/types\/page"}],"author":[{"embeddable":true,"href":"https:\/\/yogajagat.com\/sr\/wp-json\/wp\/v2\/users\/1"}],"replies":[{"embeddable":true,"href":"https:\/\/yogajagat.com\/sr\/wp-json\/wp\/v2\/comments?post=4955"}],"version-history":[{"count":21,"href":"https:\/\/yogajagat.com\/sr\/wp-json\/wp\/v2\/pages\/4955\/revisions"}],"predecessor-version":[{"id":5619,"href":"https:\/\/yogajagat.com\/sr\/wp-json\/wp\/v2\/pages\/4955\/revisions\/5619"}],"wp:attachment":[{"href":"https:\/\/yogajagat.com\/sr\/wp-json\/wp\/v2\/media?parent=4955"}],"curies":[{"name":"wp","href":"https:\/\/api.w.org\/{rel}","templated":true}]}}