{"id":4844,"date":"2020-01-22T16:36:28","date_gmt":"2020-01-22T15:36:28","guid":{"rendered":"http:\/\/yogajagat.com\/?page_id=4844"},"modified":"2025-01-28T12:28:37","modified_gmt":"2025-01-28T11:28:37","slug":"hatha-joga-casovi","status":"publish","type":"page","link":"https:\/\/yogajagat.com\/sr\/hatha-joga-casovi-keln-nemacka\/","title":{"rendered":"HATHA JOGA \u010cASOVI"},"content":{"rendered":"[vc_row][vc_column][vc_column_text]Trenutno ne postoji fizicko ili online mesto gde poducavam.<\/p>\n<p>&nbsp;<\/p>\n<p>Ipak, svako ko je oseca da ga neka nevidljiva ruka vodi tome da uspori zivot i da dublje i iskrenije nauci o sebi i svetu kroz divnu, veliku, staru nauku hata joge (a ne povrsnog, takmicarskog sporta kakva je joga danas), moje srce ce biti vise nego srecno da ga doceka.<\/p>\n<p>Jednostavno posaljite Email.<\/p>\n<p>&nbsp;<\/p>\n<p>S ljubavlju,<\/p>\n<p>Lika.[\/vc_column_text][\/vc_column][\/vc_row][vc_row][vc_column][vc_column_text]\n<p>Na <a href=\"https:\/\/yogajagat.com\/sr\/nacin-poducavanja-hatha-joge-mentalni-otpor\/\"><span style=\"color: #993300;\">ovoj<\/span> <\/a>stranici mo\u017eete se informisati o na\u010dinu podu\u010davanja, o <a href=\"https:\/\/yogajagat.com\/sr\/besplatni-casovi-hatha-joge-najsrdacniji-poziv\/\"><span style=\"color: #993300;\">besplatnim \u010dasovima<\/span><\/a>, o tome kako podu\u010davam Jogu i za\u0161to je <a href=\"https:\/\/yogajagat.com\/sr\/svako-ljudsko-bice-je-pravo-blago\/\"><span style=\"color: #993300;\">svako ljudsko bi\u0107e pravo blago<\/span><\/a>, o <a href=\"https:\/\/yogajagat.com\/sr\/sekvenca-joga-asana-i-tradicionalna-hatha-joga\/\"><span style=\"color: #993300;\">sekvenci Joga asana<\/span><\/a>, <a href=\"https:\/\/yogajagat.com\/sr\/koristi-praktikovanja-joge-joga-poruka-starih-naroda\/\"><span style=\"color: #993300;\">koliko ima i koje su koristi<\/span><\/a> praktikovanja Hatha Joge, <a href=\"https:\/\/yogajagat.com\/sr\/sta-vam-obecavam-posecujuci-casove-hatha-joge\/\"><span style=\"color: #993300;\">\u0161ta vam obe\u0107avam<\/span><\/a> pose\u0107uju\u0107i moje \u010dasove i ostalo.<\/p>\n<p>&nbsp;<\/p>\n<p>Pored toga na ovoj knjizi-web stranici mo\u017eete dobiti mno\u0161tvo informacija o svim sferama ljudskog postojanja.[\/vc_column_text][\/vc_column][\/vc_row]\n","protected":false},"excerpt":{"rendered":"<p>[vc_row][vc_column][vc_column_text]Trenutno ne postoji fizicko ili online mesto gde poducavam.<br \/>\n&nbsp;<br \/>\nIpak, svako ko je oseca da ga neka nevidljiva ruka vodi tome da uspori zivot i da dublje i iskrenije nauci o sebi i svetu kroz divnu, veliku, staru nauku hata joge (a ne povrsnog, takmicarskog sporta kakva je joga danas), moje srce ce biti vise nego srecno da ga doceka.<br \/>\nJednostavno posaljite Email.<br \/>\n&nbsp;<br \/>\nS ljubavlju,<br \/>\nLika.[\/vc_column_text][\/vc_column][\/vc_row][vc_row][vc_column][vc_column_text]<br \/>\nNa ovoj stranici mo\u017eete se informisati o na\u010dinu podu\u010davanja, o besplatnim \u010dasovima, &#8230;<\/p>\n","protected":false},"author":1,"featured_media":0,"parent":0,"menu_order":0,"comment_status":"closed","ping_status":"closed","template":"template-full-width.php","meta":{"_bbp_topic_count":0,"_bbp_reply_count":0,"_bbp_total_topic_count":0,"_bbp_total_reply_count":0,"_bbp_voice_count":0,"_bbp_anonymous_reply_count":0,"_bbp_topic_count_hidden":0,"_bbp_reply_count_hidden":0,"_bbp_forum_subforum_count":0,"inline_featured_image":false,"spay_email":""},"translation":{"provider":"WPGlobus","version":"3.0.1","language":"sr","enabled_languages":["en","de","sr"],"languages":{"en":{"title":true,"content":true,"excerpt":false},"de":{"title":true,"content":true,"excerpt":false},"sr":{"title":true,"content":true,"excerpt":false}}},"yoast_head":"<!-- This site is optimized with the Yoast SEO plugin v18.3 - https:\/\/yoast.com\/wordpress\/plugins\/seo\/ -->\n<title>HATHA JOGA \u010cASOVI - Lepota promene<\/title>\n<meta name=\"description\" content=\"Hatha Joga \u010dasovi. Svako je srda\u010dno dobrodo\u0161ao. \u010citajte dalje o sekvenci asana, koristi praktikovanja Hatha Joge, besplatnim \u010dasovima Joge...\" \/>\n<meta name=\"robots\" content=\"index, follow, max-snippet:-1, max-image-preview:large, max-video-preview:-1\" \/>\n<link rel=\"canonical\" href=\"https:\/\/yogajagat.com\/hatha-joga-casovi\/\" \/>\n<meta name=\"twitter:label1\" content=\"Est. reading time\" \/>\n\t<meta name=\"twitter:data1\" content=\"1 minute\" \/>\n<script type=\"application\/ld+json\" class=\"yoast-schema-graph\">{\"@context\":\"https:\/\/schema.org\",\"@graph\":[{\"@type\":\"Organization\",\"@id\":\"https:\/\/yogajagat.com\/#organization\",\"name\":\"Yogajagat\",\"url\":\"https:\/\/yogajagat.com\/\",\"sameAs\":[],\"logo\":{\"@type\":\"ImageObject\",\"@id\":\"https:\/\/yogajagat.com\/#logo\",\"inLanguage\":\"sr\",\"url\":\"https:\/\/i1.wp.com\/yogajagat.com\/wp-content\/uploads\/2019\/03\/DSC08478-Kopie-1.jpg?fit=798%2C800&ssl=1\",\"contentUrl\":\"https:\/\/i1.wp.com\/yogajagat.com\/wp-content\/uploads\/2019\/03\/DSC08478-Kopie-1.jpg?fit=798%2C800&ssl=1\",\"width\":798,\"height\":800,\"caption\":\"Yogajagat\"},\"image\":{\"@id\":\"https:\/\/yogajagat.com\/#logo\"}},{\"@type\":\"WebSite\",\"@id\":\"https:\/\/yogajagat.com\/#website\",\"url\":\"https:\/\/yogajagat.com\/\",\"name\":\"Lepota promene\",\"description\":\"Neprestanom promenom do najlepseg zivotnog iskustva\",\"publisher\":{\"@id\":\"https:\/\/yogajagat.com\/#organization\"},\"potentialAction\":[{\"@type\":\"SearchAction\",\"target\":{\"@type\":\"EntryPoint\",\"urlTemplate\":\"https:\/\/yogajagat.com\/?s={search_term_string}\"},\"query-input\":\"required name=search_term_string\"}],\"inLanguage\":\"sr\"},{\"@type\":\"WebPage\",\"@id\":\"https:\/\/yogajagat.com\/hatha-joga-casovi\/#webpage\",\"url\":\"https:\/\/yogajagat.com\/hatha-joga-casovi\/\",\"name\":\"HATHA JOGA \u010cASOVI - Lepota promene\",\"isPartOf\":{\"@id\":\"https:\/\/yogajagat.com\/#website\"},\"datePublished\":\"2020-01-22T15:36:28+00:00\",\"dateModified\":\"2025-01-28T11:28:37+00:00\",\"description\":\"Hatha Joga \u010dasovi. Svako je srda\u010dno dobrodo\u0161ao. \u010citajte dalje o sekvenci asana, koristi praktikovanja Hatha Joge, besplatnim \u010dasovima Joge...\",\"breadcrumb\":{\"@id\":\"https:\/\/yogajagat.com\/hatha-joga-casovi\/#breadcrumb\"},\"inLanguage\":\"sr\",\"potentialAction\":[{\"@type\":\"ReadAction\",\"target\":[\"https:\/\/yogajagat.com\/hatha-joga-casovi\/\"]}]},{\"@type\":\"BreadcrumbList\",\"@id\":\"https:\/\/yogajagat.com\/hatha-joga-casovi\/#breadcrumb\",\"itemListElement\":[{\"@type\":\"ListItem\",\"position\":1,\"name\":\"Home\",\"item\":\"https:\/\/yogajagat.com\/sr\/\"},{\"@type\":\"ListItem\",\"position\":2,\"name\":\"HATHA YOGA CLASSES IN COLOGNE, GERMANY\"}]}]}<\/script>\n<!-- \/ Yoast SEO plugin. -->","yoast_head_json":{"title":"HATHA JOGA \u010cASOVI - Lepota promene","description":"Hatha Joga \u010dasovi. Svako je srda\u010dno dobrodo\u0161ao. \u010citajte dalje o sekvenci asana, koristi praktikovanja Hatha Joge, besplatnim \u010dasovima Joge...","robots":{"index":"index","follow":"follow","max-snippet":"max-snippet:-1","max-image-preview":"max-image-preview:large","max-video-preview":"max-video-preview:-1"},"canonical":"https:\/\/yogajagat.com\/hatha-joga-casovi\/","twitter_misc":{"Est. reading time":"1 minute"},"schema":{"@context":"https:\/\/schema.org","@graph":[{"@type":"Organization","@id":"https:\/\/yogajagat.com\/#organization","name":"Yogajagat","url":"https:\/\/yogajagat.com\/","sameAs":[],"logo":{"@type":"ImageObject","@id":"https:\/\/yogajagat.com\/#logo","inLanguage":"sr","url":"https:\/\/i1.wp.com\/yogajagat.com\/wp-content\/uploads\/2019\/03\/DSC08478-Kopie-1.jpg?fit=798%2C800&ssl=1","contentUrl":"https:\/\/i1.wp.com\/yogajagat.com\/wp-content\/uploads\/2019\/03\/DSC08478-Kopie-1.jpg?fit=798%2C800&ssl=1","width":798,"height":800,"caption":"Yogajagat"},"image":{"@id":"https:\/\/yogajagat.com\/#logo"}},{"@type":"WebSite","@id":"https:\/\/yogajagat.com\/#website","url":"https:\/\/yogajagat.com\/","name":"Lepota promene","description":"Neprestanom promenom do najlepseg zivotnog iskustva","publisher":{"@id":"https:\/\/yogajagat.com\/#organization"},"potentialAction":[{"@type":"SearchAction","target":{"@type":"EntryPoint","urlTemplate":"https:\/\/yogajagat.com\/?s={search_term_string}"},"query-input":"required name=search_term_string"}],"inLanguage":"sr"},{"@type":"WebPage","@id":"https:\/\/yogajagat.com\/hatha-joga-casovi\/#webpage","url":"https:\/\/yogajagat.com\/hatha-joga-casovi\/","name":"HATHA JOGA \u010cASOVI - Lepota promene","isPartOf":{"@id":"https:\/\/yogajagat.com\/#website"},"datePublished":"2020-01-22T15:36:28+00:00","dateModified":"2025-01-28T11:28:37+00:00","description":"Hatha Joga \u010dasovi. Svako je srda\u010dno dobrodo\u0161ao. \u010citajte dalje o sekvenci asana, koristi praktikovanja Hatha Joge, besplatnim \u010dasovima Joge...","breadcrumb":{"@id":"https:\/\/yogajagat.com\/hatha-joga-casovi\/#breadcrumb"},"inLanguage":"sr","potentialAction":[{"@type":"ReadAction","target":["https:\/\/yogajagat.com\/hatha-joga-casovi\/"]}]},{"@type":"BreadcrumbList","@id":"https:\/\/yogajagat.com\/hatha-joga-casovi\/#breadcrumb","itemListElement":[{"@type":"ListItem","position":1,"name":"Home","item":"https:\/\/yogajagat.com\/sr\/"},{"@type":"ListItem","position":2,"name":"HATHA YOGA CLASSES IN COLOGNE, GERMANY"}]}]}},"_links":{"self":[{"href":"https:\/\/yogajagat.com\/sr\/wp-json\/wp\/v2\/pages\/4844"}],"collection":[{"href":"https:\/\/yogajagat.com\/sr\/wp-json\/wp\/v2\/pages"}],"about":[{"href":"https:\/\/yogajagat.com\/sr\/wp-json\/wp\/v2\/types\/page"}],"author":[{"embeddable":true,"href":"https:\/\/yogajagat.com\/sr\/wp-json\/wp\/v2\/users\/1"}],"replies":[{"embeddable":true,"href":"https:\/\/yogajagat.com\/sr\/wp-json\/wp\/v2\/comments?post=4844"}],"version-history":[{"count":22,"href":"https:\/\/yogajagat.com\/sr\/wp-json\/wp\/v2\/pages\/4844\/revisions"}],"predecessor-version":[{"id":6257,"href":"https:\/\/yogajagat.com\/sr\/wp-json\/wp\/v2\/pages\/4844\/revisions\/6257"}],"wp:attachment":[{"href":"https:\/\/yogajagat.com\/sr\/wp-json\/wp\/v2\/media?parent=4844"}],"curies":[{"name":"wp","href":"https:\/\/api.w.org\/{rel}","templated":true}]}}