{"id":4708,"date":"2020-01-21T20:16:17","date_gmt":"2020-01-21T19:16:17","guid":{"rendered":"http:\/\/yogajagat.com\/?page_id=4708"},"modified":"2021-02-11T15:12:01","modified_gmt":"2021-02-11T14:12:01","slug":"private-hatha-yoga-classes","status":"publish","type":"page","link":"https:\/\/yogajagat.com\/sr\/privatni-casovi-joge-privatni-joga-coaching\/","title":{"rendered":"PRIVATNI \u010cASOVI JOGE. PRIVATNI JOGA COACHING"},"content":{"rendered":"[vc_row][vc_column][vc_column_text]\n<h3 style=\"text-align: center;\"><span style=\"color: #993300;\">PRIVATNI \u010cASOVI JOGE<\/span><\/h3>\n<h4 style=\"text-align: center;\"><span style=\"color: #993300;\">privatni joga coaching, privatna joga u va\u0161oj ku\u0107i&#8230;<\/span><\/h4>\n<hr \/>\n<p>&nbsp;<\/p>\n<p>U slu\u010daju da su privatni \u010dasovi joge i ostalo gore navedeno ono \u0161to tra\u017eite, molim vas da me ne kontaktirate.<\/p>\n<p>&nbsp;<\/p>\n<p>U pravoj istini, takve stvari ne postoje.<\/p>\n<p>Privatni \u010dasovi joge su \u010dudo koje je izmi\u0161ljeno u novom dobu i u bogatom zapadnom dru\u0161tvu. To \u010dudo mo\u017eda brzo i lako puni d\u017eepove ali to nije iskreno \u010dudo. Niti u njemu ima bilo kog smisla.<\/p>\n<p>&nbsp;<\/p>\n<p>Svako ljudsko bi\u0107e je <a href=\"https:\/\/yogajagat.com\/sr\/svako-ljudsko-bice-je-pravo-blago\/\"><span style=\"color: #993300;\">pravo blago<\/span><\/a>.<\/p>\n<p>Kosti, tetive, mi\u0161i\u0107i (srce je tako\u0111e mi\u0161i\u0107), sistemi ljudskog tela, organi (mozak je tako\u0111e organ), duhovno srce i tako dalje, onih koji \u017eele da plate bestidno astronomske cene za takozvane \u201eprivatne \u010dasove joge\u201c ili \u201ecoaching &#8220;se ne razlikuju od drugih.<\/p>\n<p>Istezanje mi\u0161i\u0107a tokom svakog \u010dasa je istezanje mi\u0161i\u0107a, ni vi\u0161e ni manje od toga.<\/p>\n<p>A ni <a href=\"https:\/\/yogajagat.com\/sr\/svrha-hatha-joge-kuda-vodi-hatha-joga\/\"><span style=\"color: #993300;\">ova praksa<\/span><\/a>\u00a0se ne razlikuje.<\/p>\n<p>&nbsp;<\/p>\n<p>Pored toga, praktikovanje <a href=\"https:\/\/yogajagat.com\/sr\/ujedinjenje-jedinstvo-dna-joga\/\"><span style=\"color: #993300;\">Joge<\/span><\/a> nije privilegija bogatih ljudi.<\/p>\n<p>&nbsp;<\/p>\n<p>Cene \u010dasova Hatha Joge su iste za sve.<\/p>\n[\/vc_column_text][\/vc_column][\/vc_row][vc_row][vc_column][vc_custom_heading text=&#8221;\u0160ta \u010diniti sa velikim vi\u0161kom novca?&#8221; font_container=&#8221;tag:h2|text_align:center|color:%231ba5ba&#8221; google_fonts=&#8221;font_family:Ubuntu%3A300%2C300italic%2Cregular%2Citalic%2C500%2C500italic%2C700%2C700italic|font_style:300%20light%20italic%3A300%3Aitalic&#8221;][\/vc_column][\/vc_row][vc_row][vc_column][vc_column_text]\n<hr \/>\n<p>&nbsp;<\/p>\n<p>Ako tra\u017eite harmoni\u010dne i prijateljske odnose sa samim sobom i sa drugima, onda \u0107ete morati po\u010deti da se menjate <em>unutra<\/em>.<\/p>\n<p>Treba da kreairate novu snagu<em> unutar<\/em>, nove odnose i veze <em>unutar<\/em>, nove me\u0111uprostore <em>unutar,<\/em> nove slobode <em>unutar<\/em>, nove odluke <em>unutar<\/em> vas samih.<\/p>\n<p>Ova celokupna knjiga-web stranica je jedan besplatan &#8220;coaching&#8221;. Na ovoj celoj web stranici na\u0107i \u0107ete mnoge ideje o tome kako i gde (za)po\u010deti.<\/p>\n<p>&nbsp;<\/p>\n<p>Ako ne znate \u0161ta biste sa vi\u0161kom novca koji posedujete, podelite ga sa drugima. Dajte onima koji imaju mnogo manje novca od vas ili ga nemaju uop\u0161te.<\/p>\n<p>&nbsp;<\/p>\n<p>Ako imate tvrdoglavo napete mi\u0161i\u0107e, potra\u017eite dobrog i iskusnog masera, fizio ili drugog holisti\u010dkog terapeuta. Sami Joga \u010dasovi, \u010dak i da su &#8220;privatni&#8221; ne mogu vam pomo\u0107i bez dodatne manualne terapije.<\/p>\n<p>&nbsp;<\/p>\n<p>Ako vam treba da se zaljublite, iza\u0111ite napolje i zaljubite se.<\/p>\n[\/vc_column_text][\/vc_column][\/vc_row][vc_row][vc_column][vc_custom_heading text=&#8221;Za\u0161to praktikovati tehnike Hatha Joge u grupi?&#8221; font_container=&#8221;tag:h2|text_align:center|color:%231da5ba&#8221; google_fonts=&#8221;font_family:Ubuntu%3A300%2C300italic%2Cregular%2Citalic%2C500%2C500italic%2C700%2C700italic|font_style:300%20light%20italic%3A300%3Aitalic&#8221;][\/vc_column][\/vc_row][vc_row][vc_column][vc_column_text]\n<hr \/>\n<p>&nbsp;<\/p>\n<p>Praktikovanje u grupi ima mnogo prednosti. Takvo praktikovanje ohrabruje ljude, nadahnjuje ih, izgra\u0111uje autenti\u010dnost, pouzdanje i samopouzdanje, doslednost postaje ve\u0107a, razvija se ose\u0107aj za zdrav humor i pre svega praktikovanje u grupi mo\u017ee izle\u010diti usamljenost koja se ne mo\u017ee izle\u010diti nijednim privatnim \u010dasom joge niti bilo kojim novcem.<\/p>\n<p>Upravo u grupi (za kreiranje promene su potrebna <em>dva<\/em> pola), \u010dovek mo\u017ee da kreira nove snage, nove veze i odnose, nove me\u0111uprostore, nove slobode i nove odluke<em> unutar<\/em> samog sebe.<\/p>\n<p>&nbsp;<\/p>\n<p>Ako ste trenutno zaljubljeni, najbolje \u0161ta mo\u017eete u\u010diniti sa tim divnim stanjem jeste podeliti ga sa drugima.<\/p>\n<p>&nbsp;<\/p>\n<p>U tom slu\u010daju, do\u0111ite na \u010das i \u0161irite va\u0161u divnu sre\u0107u.<\/p>\n[\/vc_column_text][\/vc_column][\/vc_row][vc_row][vc_column][vc_column_text]<img loading=\"lazy\" class=\"aligncenter size-full wp-image-4484\" src=\"https:\/\/i2.wp.com\/yogajagat.com\/wp-content\/uploads\/2020\/01\/DSC01842.jpg?resize=640%2C480\" alt=\"private yoga classes privatni casovi joge privatstunden\" width=\"640\" height=\"480\" srcset=\"https:\/\/i2.wp.com\/yogajagat.com\/wp-content\/uploads\/2020\/01\/DSC01842.jpg?w=640&amp;ssl=1 640w, https:\/\/i2.wp.com\/yogajagat.com\/wp-content\/uploads\/2020\/01\/DSC01842.jpg?resize=300%2C225&amp;ssl=1 300w\" sizes=\"(max-width: 640px) 100vw, 640px\" data-recalc-dims=\"1\" \/>[\/vc_column_text][\/vc_column][\/vc_row]\n","protected":false},"excerpt":{"rendered":"<p>[vc_row][vc_column][vc_column_text]<br \/>\nPRIVATNI \u010cASOVI JOGE<br \/>\nprivatni joga coaching, privatna joga u va\u0161oj ku\u0107i&#8230;<\/p>\n<p>&nbsp;<br \/>\nU slu\u010daju da su privatni \u010dasovi joge i ostalo gore navedeno ono \u0161to tra\u017eite, molim vas da me ne kontaktirate.<br \/>\n&nbsp;<br \/>\nU pravoj istini, takve stvari ne postoje.<br \/>\nPrivatni \u010dasovi joge su \u010dudo koje je izmi\u0161ljeno u novom dobu i u bogatom zapadnom dru\u0161tvu. To \u010dudo mo\u017eda brzo i lako puni d\u017eepove ali to nije iskreno \u010dudo. Niti u njemu ima bilo kog smisla.<br \/>\n&nbsp;<br \/>\nSvako &#8230;<\/p>\n","protected":false},"author":1,"featured_media":0,"parent":0,"menu_order":0,"comment_status":"closed","ping_status":"closed","template":"template-full-width.php","meta":{"_bbp_topic_count":0,"_bbp_reply_count":0,"_bbp_total_topic_count":0,"_bbp_total_reply_count":0,"_bbp_voice_count":0,"_bbp_anonymous_reply_count":0,"_bbp_topic_count_hidden":0,"_bbp_reply_count_hidden":0,"_bbp_forum_subforum_count":0,"inline_featured_image":false,"spay_email":""},"translation":{"provider":"WPGlobus","version":"3.0.1","language":"sr","enabled_languages":["en","de","sr"],"languages":{"en":{"title":true,"content":true,"excerpt":false},"de":{"title":true,"content":true,"excerpt":false},"sr":{"title":true,"content":true,"excerpt":false}}},"yoast_head":"<!-- This site is optimized with the Yoast SEO plugin v18.3 - https:\/\/yoast.com\/wordpress\/plugins\/seo\/ -->\n<title>PRIVATNI \u010cASOVI JOGE. PRIVATNI JOGA COACHING - Lepota promene<\/title>\n<meta name=\"description\" content=\"U slu\u010daju da su privatni \u010dasovi joge ono \u0161to tra\u017eite, molim vas da me ne kontaktirate. U pravoj istini, takve stvari ne postoje, to je \u010dudo...\" \/>\n<meta name=\"robots\" content=\"index, follow, max-snippet:-1, max-image-preview:large, max-video-preview:-1\" \/>\n<link rel=\"canonical\" href=\"https:\/\/yogajagat.com\/private-hatha-yoga-classes\/\" \/>\n<meta name=\"twitter:label1\" content=\"Est. reading time\" \/>\n\t<meta name=\"twitter:data1\" content=\"3 minutes\" \/>\n<script type=\"application\/ld+json\" class=\"yoast-schema-graph\">{\"@context\":\"https:\/\/schema.org\",\"@graph\":[{\"@type\":\"Organization\",\"@id\":\"https:\/\/yogajagat.com\/#organization\",\"name\":\"Yogajagat\",\"url\":\"https:\/\/yogajagat.com\/\",\"sameAs\":[],\"logo\":{\"@type\":\"ImageObject\",\"@id\":\"https:\/\/yogajagat.com\/#logo\",\"inLanguage\":\"sr\",\"url\":\"https:\/\/i1.wp.com\/yogajagat.com\/wp-content\/uploads\/2019\/03\/DSC08478-Kopie-1.jpg?fit=798%2C800&ssl=1\",\"contentUrl\":\"https:\/\/i1.wp.com\/yogajagat.com\/wp-content\/uploads\/2019\/03\/DSC08478-Kopie-1.jpg?fit=798%2C800&ssl=1\",\"width\":798,\"height\":800,\"caption\":\"Yogajagat\"},\"image\":{\"@id\":\"https:\/\/yogajagat.com\/#logo\"}},{\"@type\":\"WebSite\",\"@id\":\"https:\/\/yogajagat.com\/#website\",\"url\":\"https:\/\/yogajagat.com\/\",\"name\":\"Lepota promene\",\"description\":\"Neprestanom promenom do najlepseg zivotnog iskustva\",\"publisher\":{\"@id\":\"https:\/\/yogajagat.com\/#organization\"},\"potentialAction\":[{\"@type\":\"SearchAction\",\"target\":{\"@type\":\"EntryPoint\",\"urlTemplate\":\"https:\/\/yogajagat.com\/?s={search_term_string}\"},\"query-input\":\"required name=search_term_string\"}],\"inLanguage\":\"sr\"},{\"@type\":\"ImageObject\",\"@id\":\"https:\/\/yogajagat.com\/private-hatha-yoga-classes\/#primaryimage\",\"inLanguage\":\"sr\",\"url\":\"http:\/\/yogajagat.com\/wp-content\/uploads\/2020\/01\/DSC01842.jpg\",\"contentUrl\":\"http:\/\/yogajagat.com\/wp-content\/uploads\/2020\/01\/DSC01842.jpg\"},{\"@type\":\"WebPage\",\"@id\":\"https:\/\/yogajagat.com\/private-hatha-yoga-classes\/#webpage\",\"url\":\"https:\/\/yogajagat.com\/private-hatha-yoga-classes\/\",\"name\":\"PRIVATNI \u010cASOVI JOGE. PRIVATNI JOGA COACHING - Lepota promene\",\"isPartOf\":{\"@id\":\"https:\/\/yogajagat.com\/#website\"},\"primaryImageOfPage\":{\"@id\":\"https:\/\/yogajagat.com\/private-hatha-yoga-classes\/#primaryimage\"},\"datePublished\":\"2020-01-21T19:16:17+00:00\",\"dateModified\":\"2021-02-11T14:12:01+00:00\",\"description\":\"U slu\u010daju da su privatni \u010dasovi joge ono \u0161to tra\u017eite, molim vas da me ne kontaktirate. U pravoj istini, takve stvari ne postoje, to je \u010dudo...\",\"breadcrumb\":{\"@id\":\"https:\/\/yogajagat.com\/private-hatha-yoga-classes\/#breadcrumb\"},\"inLanguage\":\"sr\",\"potentialAction\":[{\"@type\":\"ReadAction\",\"target\":[\"https:\/\/yogajagat.com\/private-hatha-yoga-classes\/\"]}]},{\"@type\":\"BreadcrumbList\",\"@id\":\"https:\/\/yogajagat.com\/private-hatha-yoga-classes\/#breadcrumb\",\"itemListElement\":[{\"@type\":\"ListItem\",\"position\":1,\"name\":\"Home\",\"item\":\"https:\/\/yogajagat.com\/sr\/\"},{\"@type\":\"ListItem\",\"position\":2,\"name\":\"PRIVATE HATHA YOGA CLASSES\"}]}]}<\/script>\n<!-- \/ Yoast SEO plugin. -->","yoast_head_json":{"title":"PRIVATNI \u010cASOVI JOGE. PRIVATNI JOGA COACHING - Lepota promene","description":"U slu\u010daju da su privatni \u010dasovi joge ono \u0161to tra\u017eite, molim vas da me ne kontaktirate. U pravoj istini, takve stvari ne postoje, to je \u010dudo...","robots":{"index":"index","follow":"follow","max-snippet":"max-snippet:-1","max-image-preview":"max-image-preview:large","max-video-preview":"max-video-preview:-1"},"canonical":"https:\/\/yogajagat.com\/private-hatha-yoga-classes\/","twitter_misc":{"Est. reading time":"3 minutes"},"schema":{"@context":"https:\/\/schema.org","@graph":[{"@type":"Organization","@id":"https:\/\/yogajagat.com\/#organization","name":"Yogajagat","url":"https:\/\/yogajagat.com\/","sameAs":[],"logo":{"@type":"ImageObject","@id":"https:\/\/yogajagat.com\/#logo","inLanguage":"sr","url":"https:\/\/i1.wp.com\/yogajagat.com\/wp-content\/uploads\/2019\/03\/DSC08478-Kopie-1.jpg?fit=798%2C800&ssl=1","contentUrl":"https:\/\/i1.wp.com\/yogajagat.com\/wp-content\/uploads\/2019\/03\/DSC08478-Kopie-1.jpg?fit=798%2C800&ssl=1","width":798,"height":800,"caption":"Yogajagat"},"image":{"@id":"https:\/\/yogajagat.com\/#logo"}},{"@type":"WebSite","@id":"https:\/\/yogajagat.com\/#website","url":"https:\/\/yogajagat.com\/","name":"Lepota promene","description":"Neprestanom promenom do najlepseg zivotnog iskustva","publisher":{"@id":"https:\/\/yogajagat.com\/#organization"},"potentialAction":[{"@type":"SearchAction","target":{"@type":"EntryPoint","urlTemplate":"https:\/\/yogajagat.com\/?s={search_term_string}"},"query-input":"required name=search_term_string"}],"inLanguage":"sr"},{"@type":"ImageObject","@id":"https:\/\/yogajagat.com\/private-hatha-yoga-classes\/#primaryimage","inLanguage":"sr","url":"http:\/\/yogajagat.com\/wp-content\/uploads\/2020\/01\/DSC01842.jpg","contentUrl":"http:\/\/yogajagat.com\/wp-content\/uploads\/2020\/01\/DSC01842.jpg"},{"@type":"WebPage","@id":"https:\/\/yogajagat.com\/private-hatha-yoga-classes\/#webpage","url":"https:\/\/yogajagat.com\/private-hatha-yoga-classes\/","name":"PRIVATNI \u010cASOVI JOGE. PRIVATNI JOGA COACHING - Lepota promene","isPartOf":{"@id":"https:\/\/yogajagat.com\/#website"},"primaryImageOfPage":{"@id":"https:\/\/yogajagat.com\/private-hatha-yoga-classes\/#primaryimage"},"datePublished":"2020-01-21T19:16:17+00:00","dateModified":"2021-02-11T14:12:01+00:00","description":"U slu\u010daju da su privatni \u010dasovi joge ono \u0161to tra\u017eite, molim vas da me ne kontaktirate. U pravoj istini, takve stvari ne postoje, to je \u010dudo...","breadcrumb":{"@id":"https:\/\/yogajagat.com\/private-hatha-yoga-classes\/#breadcrumb"},"inLanguage":"sr","potentialAction":[{"@type":"ReadAction","target":["https:\/\/yogajagat.com\/private-hatha-yoga-classes\/"]}]},{"@type":"BreadcrumbList","@id":"https:\/\/yogajagat.com\/private-hatha-yoga-classes\/#breadcrumb","itemListElement":[{"@type":"ListItem","position":1,"name":"Home","item":"https:\/\/yogajagat.com\/sr\/"},{"@type":"ListItem","position":2,"name":"PRIVATE HATHA YOGA CLASSES"}]}]}},"_links":{"self":[{"href":"https:\/\/yogajagat.com\/sr\/wp-json\/wp\/v2\/pages\/4708"}],"collection":[{"href":"https:\/\/yogajagat.com\/sr\/wp-json\/wp\/v2\/pages"}],"about":[{"href":"https:\/\/yogajagat.com\/sr\/wp-json\/wp\/v2\/types\/page"}],"author":[{"embeddable":true,"href":"https:\/\/yogajagat.com\/sr\/wp-json\/wp\/v2\/users\/1"}],"replies":[{"embeddable":true,"href":"https:\/\/yogajagat.com\/sr\/wp-json\/wp\/v2\/comments?post=4708"}],"version-history":[{"count":34,"href":"https:\/\/yogajagat.com\/sr\/wp-json\/wp\/v2\/pages\/4708\/revisions"}],"predecessor-version":[{"id":6012,"href":"https:\/\/yogajagat.com\/sr\/wp-json\/wp\/v2\/pages\/4708\/revisions\/6012"}],"wp:attachment":[{"href":"https:\/\/yogajagat.com\/sr\/wp-json\/wp\/v2\/media?parent=4708"}],"curies":[{"name":"wp","href":"https:\/\/api.w.org\/{rel}","templated":true}]}}