{"id":4673,"date":"2020-01-19T21:47:09","date_gmt":"2020-01-19T20:47:09","guid":{"rendered":"http:\/\/yogajagat.com\/?page_id=4673"},"modified":"2020-01-19T21:58:09","modified_gmt":"2020-01-19T20:58:09","slug":"other-side-of-a-coin-other-opportunities","status":"publish","type":"page","link":"https:\/\/yogajagat.com\/sr\/druga-strana-medalje-nove-prilike-nove-ponude\/","title":{"rendered":"Druga strana medalje, nove prilike, nove ponude"},"content":{"rendered":"[vc_row][vc_column][vc_column_text]\n<h3 style=\"text-align: center;\"><span style=\"color: #008080;\">KAKVE PRILIKE NUDI<\/span><\/h3>\n<h3 style=\"text-align: center;\"><span style=\"color: #993300;\"><br \/>\nDruga strana medalje<\/span><\/h3>\n<p>&nbsp;<\/p>\n<p>Materijalno izobilje nosi u sebi jedan veliki izazov i jo\u0161 ve\u0107e prokletstvo ljudi. To prokletstvo, ta druga strana medalje, je da pojava izobilja obi\u010dno potpuno poremeti ljudsku svest o dobroti, najuzvi\u0161enijoj ljudskoj osobini a time i same misli \u010doveka i njegove postupke.<\/p>\n<p>\u0160to vi\u0161e materijalnog dobra u ljudski \u017eivot pristi\u017ee mnoga se srca, kao posle pranja, sve vi\u0161e skupljaju.<\/p>\n<p>Mnoge ruke se, kao posle pranja, ste\u017eu, stisnuta pesnica se sve vi\u0161e iska\u010de ispred srca.<\/p>\n<p>&nbsp;<\/p>\n<p>Na moju veliku sre\u0107u imala sam i dalje imam prilike da na mojim \u010dasovima di\u0161em zajedno sa divnim ljudima ali kao neko ko pro\u0161iruje Promenu i Ljubav, trebalo bi da pomenem i par drugih iskustava.<\/p>\n<p>Sre\u0107om ne tako \u010deste ali ipak zanimljive misli i dela kao sto je \u201c<em>dam ti 5\u20ac vi\u0161e a ti me podu\u010davas pola sata vi\u0161e<\/em>\u201d tako\u0111e su deo mog dugogodi\u0161njeg iskustva podu\u010davanja joge u Nema\u010dkoj.<\/p>\n<p>&nbsp;<\/p>\n<p>\u017divot se sastoji od sretanja i susretanja.<\/p>\n<p>A susreti \u010dine na\u0161e biografije.<\/p>\n<p>&nbsp;<\/p>\n<h3 style=\"text-align: center;\"><span style=\"color: #993300;\">Tople preporuke (ponude) iz srca<\/span><\/h3>\n<p>&nbsp;<\/p>\n<p>Da bi na vreme spre\u010dili \u0161irenje nelepih vibracija,\u00a0svima onima koji dobiju potrebu da mi po\u0161alju sugestiju bilo usmenu ili pismenu o mojoj ceni \u010dasa ili da mi izru\u010de u ruke (ponekad i bace) onoliko koliko oni sami \u017eele, onima koji su moj iskreni saose\u0107aj za nemanje dovoljno novca za \u010dasove iskoristili ne\u0161to druga\u010dije od onog koji se zove moralan, na ovom mestu iz srca dajem savet (priliku) da svoje unutra\u0161nje \u017eivote o\u017eive i usklade.<\/p>\n<p>&nbsp;<\/p>\n<p>Spavajte vi\u0161e, dragi ljudi, jer ba\u0161 u dubokom spavanju dolazi do raspadanja ega.<\/p>\n<p>Pored toga pozabavite se i higijenom va\u0161e psihe.<\/p>\n<p>&nbsp;<\/p>\n<p>Ni\u0161ta nije nemogu\u0107e.<\/p>\n<p>Ja vas podr\u017eavam u \u0161irenju Promene i Ljubavi.<\/p>\n<p>&nbsp;<\/p>\n<p>Na stranicama ovog sajta<em>\u00a0<\/em>mo\u017eete na\u0107i mno\u0161tvo saveta, od onih za konstruktivno razmi\u0161ljanje koje osloba\u0111a od okova patnje, do va\u017enosti kontrole disanja (time i emocija, misli, \u017eelja).<\/p>\n<p>Setite se onoga \u0161to ste na na\u0161im \u010dasovima<a href=\"https:\/\/yogajagat.com\/sr\/svako-ljudsko-bice-je-pravo-blago\/\"><span style=\"color: #993300;\"> nau\u010dili<\/span><\/a> i praktikujte to sami i uvek iznova.<\/p>\n<p>\u010cak i izvo\u0111enje najjednostavnih <a href=\"https:\/\/yogajagat.com\/sr\/joga-polozaji-tela-izvodenje-joga-asana\/\"><span style=\"color: #993300;\">Joga polo\u017eaja<\/span><\/a> mo\u017ee da ukroti ego, korak po korak.<\/p>\n<p>&nbsp;<\/p>\n<p>Pored toga, putnicima oko sveta iz srca \u017eelim sav uspeh na njihovim putovanjima. Neka im svi kontinenti donesu mnogo lepote u njihovim biografijama.<\/p>\n<p>Ne zaboravite, dragi ljudi, da druga strana medalje zaista ima svoju drugu stranu.[\/vc_column_text][\/vc_column][\/vc_row][vc_row][vc_column][vc_column_text]<img loading=\"lazy\" class=\"aligncenter size-full wp-image-4486\" src=\"https:\/\/i0.wp.com\/yogajagat.com\/wp-content\/uploads\/2020\/01\/DSC09551.jpg?resize=640%2C480\" alt=\"the other side of a coin druga strana medalje\" width=\"640\" height=\"480\" srcset=\"https:\/\/i0.wp.com\/yogajagat.com\/wp-content\/uploads\/2020\/01\/DSC09551.jpg?w=640&amp;ssl=1 640w, https:\/\/i0.wp.com\/yogajagat.com\/wp-content\/uploads\/2020\/01\/DSC09551.jpg?resize=300%2C225&amp;ssl=1 300w\" sizes=\"(max-width: 640px) 100vw, 640px\" data-recalc-dims=\"1\" \/>[\/vc_column_text][\/vc_column][\/vc_row]\n","protected":false},"excerpt":{"rendered":"<p>[vc_row][vc_column][vc_column_text]<br \/>\nKAKVE PRILIKE NUDI<\/p>\n<p>Druga strana medalje<br \/>\n&nbsp;<br \/>\nMaterijalno izobilje nosi u sebi jedan veliki izazov i jo\u0161 ve\u0107e prokletstvo ljudi. To prokletstvo, ta druga strana medalje, je da pojava izobilja obi\u010dno potpuno poremeti ljudsku svest o dobroti, najuzvi\u0161enijoj ljudskoj osobini a time i same misli \u010doveka i njegove postupke.<br \/>\n\u0160to vi\u0161e materijalnog dobra u ljudski \u017eivot pristi\u017ee mnoga se srca, kao posle pranja, sve vi\u0161e skupljaju.<br \/>\nMnoge ruke se, kao posle pranja, ste\u017eu, stisnuta pesnica se sve vi\u0161e &#8230;<\/p>\n","protected":false},"author":1,"featured_media":0,"parent":0,"menu_order":0,"comment_status":"closed","ping_status":"closed","template":"template-full-width.php","meta":{"_bbp_topic_count":0,"_bbp_reply_count":0,"_bbp_total_topic_count":0,"_bbp_total_reply_count":0,"_bbp_voice_count":0,"_bbp_anonymous_reply_count":0,"_bbp_topic_count_hidden":0,"_bbp_reply_count_hidden":0,"_bbp_forum_subforum_count":0,"inline_featured_image":false,"spay_email":""},"translation":{"provider":"WPGlobus","version":"3.0.1","language":"sr","enabled_languages":["en","de","sr"],"languages":{"en":{"title":true,"content":true,"excerpt":false},"de":{"title":true,"content":true,"excerpt":false},"sr":{"title":true,"content":true,"excerpt":false}}},"yoast_head":"<!-- This site is optimized with the Yoast SEO plugin v18.3 - https:\/\/yoast.com\/wordpress\/plugins\/seo\/ -->\n<title>Druga strana medalje, nove prilike, nove ponude - Lepota promene<\/title>\n<meta name=\"description\" content=\"Materijalno izobilje nosi u sebi jedan veliki izazov i jo\u0161 ve\u0107e prokletstvo ljudi. To prokletstvo, ta druga strana medalje, je da...\" \/>\n<meta name=\"robots\" content=\"index, follow, max-snippet:-1, max-image-preview:large, max-video-preview:-1\" \/>\n<link rel=\"canonical\" href=\"https:\/\/yogajagat.com\/other-side-of-a-coin-other-opportunities\/\" \/>\n<meta name=\"twitter:label1\" content=\"Est. reading time\" \/>\n\t<meta name=\"twitter:data1\" content=\"7 minutes\" \/>\n<script type=\"application\/ld+json\" class=\"yoast-schema-graph\">{\"@context\":\"https:\/\/schema.org\",\"@graph\":[{\"@type\":\"Organization\",\"@id\":\"https:\/\/yogajagat.com\/#organization\",\"name\":\"Yogajagat\",\"url\":\"https:\/\/yogajagat.com\/\",\"sameAs\":[],\"logo\":{\"@type\":\"ImageObject\",\"@id\":\"https:\/\/yogajagat.com\/#logo\",\"inLanguage\":\"sr\",\"url\":\"https:\/\/i1.wp.com\/yogajagat.com\/wp-content\/uploads\/2019\/03\/DSC08478-Kopie-1.jpg?fit=798%2C800&ssl=1\",\"contentUrl\":\"https:\/\/i1.wp.com\/yogajagat.com\/wp-content\/uploads\/2019\/03\/DSC08478-Kopie-1.jpg?fit=798%2C800&ssl=1\",\"width\":798,\"height\":800,\"caption\":\"Yogajagat\"},\"image\":{\"@id\":\"https:\/\/yogajagat.com\/#logo\"}},{\"@type\":\"WebSite\",\"@id\":\"https:\/\/yogajagat.com\/#website\",\"url\":\"https:\/\/yogajagat.com\/\",\"name\":\"Lepota promene\",\"description\":\"Neprestanom promenom do najlepseg zivotnog iskustva\",\"publisher\":{\"@id\":\"https:\/\/yogajagat.com\/#organization\"},\"potentialAction\":[{\"@type\":\"SearchAction\",\"target\":{\"@type\":\"EntryPoint\",\"urlTemplate\":\"https:\/\/yogajagat.com\/?s={search_term_string}\"},\"query-input\":\"required name=search_term_string\"}],\"inLanguage\":\"sr\"},{\"@type\":\"ImageObject\",\"@id\":\"https:\/\/yogajagat.com\/other-side-of-a-coin-other-opportunities\/#primaryimage\",\"inLanguage\":\"sr\",\"url\":\"http:\/\/yogajagat.com\/wp-content\/uploads\/2020\/01\/DSC09551.jpg\",\"contentUrl\":\"http:\/\/yogajagat.com\/wp-content\/uploads\/2020\/01\/DSC09551.jpg\"},{\"@type\":\"WebPage\",\"@id\":\"https:\/\/yogajagat.com\/other-side-of-a-coin-other-opportunities\/#webpage\",\"url\":\"https:\/\/yogajagat.com\/other-side-of-a-coin-other-opportunities\/\",\"name\":\"Druga strana medalje, nove prilike, nove ponude - Lepota promene\",\"isPartOf\":{\"@id\":\"https:\/\/yogajagat.com\/#website\"},\"primaryImageOfPage\":{\"@id\":\"https:\/\/yogajagat.com\/other-side-of-a-coin-other-opportunities\/#primaryimage\"},\"datePublished\":\"2020-01-19T20:47:09+00:00\",\"dateModified\":\"2020-01-19T20:58:09+00:00\",\"description\":\"Materijalno izobilje nosi u sebi jedan veliki izazov i jo\u0161 ve\u0107e prokletstvo ljudi. To prokletstvo, ta druga strana medalje, je da...\",\"breadcrumb\":{\"@id\":\"https:\/\/yogajagat.com\/other-side-of-a-coin-other-opportunities\/#breadcrumb\"},\"inLanguage\":\"sr\",\"potentialAction\":[{\"@type\":\"ReadAction\",\"target\":[\"https:\/\/yogajagat.com\/other-side-of-a-coin-other-opportunities\/\"]}]},{\"@type\":\"BreadcrumbList\",\"@id\":\"https:\/\/yogajagat.com\/other-side-of-a-coin-other-opportunities\/#breadcrumb\",\"itemListElement\":[{\"@type\":\"ListItem\",\"position\":1,\"name\":\"Home\",\"item\":\"https:\/\/yogajagat.com\/sr\/\"},{\"@type\":\"ListItem\",\"position\":2,\"name\":\"Other Side of a Coin, Other Opportunities\"}]}]}<\/script>\n<!-- \/ Yoast SEO plugin. -->","yoast_head_json":{"title":"Druga strana medalje, nove prilike, nove ponude - Lepota promene","description":"Materijalno izobilje nosi u sebi jedan veliki izazov i jo\u0161 ve\u0107e prokletstvo ljudi. To prokletstvo, ta druga strana medalje, je da...","robots":{"index":"index","follow":"follow","max-snippet":"max-snippet:-1","max-image-preview":"max-image-preview:large","max-video-preview":"max-video-preview:-1"},"canonical":"https:\/\/yogajagat.com\/other-side-of-a-coin-other-opportunities\/","twitter_misc":{"Est. reading time":"7 minutes"},"schema":{"@context":"https:\/\/schema.org","@graph":[{"@type":"Organization","@id":"https:\/\/yogajagat.com\/#organization","name":"Yogajagat","url":"https:\/\/yogajagat.com\/","sameAs":[],"logo":{"@type":"ImageObject","@id":"https:\/\/yogajagat.com\/#logo","inLanguage":"sr","url":"https:\/\/i1.wp.com\/yogajagat.com\/wp-content\/uploads\/2019\/03\/DSC08478-Kopie-1.jpg?fit=798%2C800&ssl=1","contentUrl":"https:\/\/i1.wp.com\/yogajagat.com\/wp-content\/uploads\/2019\/03\/DSC08478-Kopie-1.jpg?fit=798%2C800&ssl=1","width":798,"height":800,"caption":"Yogajagat"},"image":{"@id":"https:\/\/yogajagat.com\/#logo"}},{"@type":"WebSite","@id":"https:\/\/yogajagat.com\/#website","url":"https:\/\/yogajagat.com\/","name":"Lepota promene","description":"Neprestanom promenom do najlepseg zivotnog iskustva","publisher":{"@id":"https:\/\/yogajagat.com\/#organization"},"potentialAction":[{"@type":"SearchAction","target":{"@type":"EntryPoint","urlTemplate":"https:\/\/yogajagat.com\/?s={search_term_string}"},"query-input":"required name=search_term_string"}],"inLanguage":"sr"},{"@type":"ImageObject","@id":"https:\/\/yogajagat.com\/other-side-of-a-coin-other-opportunities\/#primaryimage","inLanguage":"sr","url":"http:\/\/yogajagat.com\/wp-content\/uploads\/2020\/01\/DSC09551.jpg","contentUrl":"http:\/\/yogajagat.com\/wp-content\/uploads\/2020\/01\/DSC09551.jpg"},{"@type":"WebPage","@id":"https:\/\/yogajagat.com\/other-side-of-a-coin-other-opportunities\/#webpage","url":"https:\/\/yogajagat.com\/other-side-of-a-coin-other-opportunities\/","name":"Druga strana medalje, nove prilike, nove ponude - Lepota promene","isPartOf":{"@id":"https:\/\/yogajagat.com\/#website"},"primaryImageOfPage":{"@id":"https:\/\/yogajagat.com\/other-side-of-a-coin-other-opportunities\/#primaryimage"},"datePublished":"2020-01-19T20:47:09+00:00","dateModified":"2020-01-19T20:58:09+00:00","description":"Materijalno izobilje nosi u sebi jedan veliki izazov i jo\u0161 ve\u0107e prokletstvo ljudi. To prokletstvo, ta druga strana medalje, je da...","breadcrumb":{"@id":"https:\/\/yogajagat.com\/other-side-of-a-coin-other-opportunities\/#breadcrumb"},"inLanguage":"sr","potentialAction":[{"@type":"ReadAction","target":["https:\/\/yogajagat.com\/other-side-of-a-coin-other-opportunities\/"]}]},{"@type":"BreadcrumbList","@id":"https:\/\/yogajagat.com\/other-side-of-a-coin-other-opportunities\/#breadcrumb","itemListElement":[{"@type":"ListItem","position":1,"name":"Home","item":"https:\/\/yogajagat.com\/sr\/"},{"@type":"ListItem","position":2,"name":"Other Side of a Coin, Other Opportunities"}]}]}},"_links":{"self":[{"href":"https:\/\/yogajagat.com\/sr\/wp-json\/wp\/v2\/pages\/4673"}],"collection":[{"href":"https:\/\/yogajagat.com\/sr\/wp-json\/wp\/v2\/pages"}],"about":[{"href":"https:\/\/yogajagat.com\/sr\/wp-json\/wp\/v2\/types\/page"}],"author":[{"embeddable":true,"href":"https:\/\/yogajagat.com\/sr\/wp-json\/wp\/v2\/users\/1"}],"replies":[{"embeddable":true,"href":"https:\/\/yogajagat.com\/sr\/wp-json\/wp\/v2\/comments?post=4673"}],"version-history":[{"count":18,"href":"https:\/\/yogajagat.com\/sr\/wp-json\/wp\/v2\/pages\/4673\/revisions"}],"predecessor-version":[{"id":4704,"href":"https:\/\/yogajagat.com\/sr\/wp-json\/wp\/v2\/pages\/4673\/revisions\/4704"}],"wp:attachment":[{"href":"https:\/\/yogajagat.com\/sr\/wp-json\/wp\/v2\/media?parent=4673"}],"curies":[{"name":"wp","href":"https:\/\/api.w.org\/{rel}","templated":true}]}}