{"id":4659,"date":"2020-01-19T21:46:50","date_gmt":"2020-01-19T20:46:50","guid":{"rendered":"http:\/\/yogajagat.com\/?page_id=4659"},"modified":"2020-02-28T20:40:17","modified_gmt":"2020-02-28T19:40:17","slug":"free-hatha-yoga-classes-warmest-invitation","status":"publish","type":"page","link":"https:\/\/yogajagat.com\/sr\/besplatni-casovi-hatha-joge-najsrdacniji-poziv\/","title":{"rendered":"Besplatni \u010dasovi Hatha Joge, najsrda\u010dniji poziv"},"content":{"rendered":"[vc_row][vc_column][vc_column_text]\n<h3 style=\"text-align: center;\"><span style=\"color: #008080;\">BESPLATNI \u010cASOVI HATHA JOGE<\/span><\/h3>\n<hr \/>\n<p>&nbsp;<\/p>\n<p style=\"text-align: left;\"><span style=\"color: #993300;\">Za\u0161to besplatni \u010dasovi Hatha Joge?<br \/>\n<\/span>Iskustvo \u017eivota u zemlji sa najrazli\u010ditijom istorijom kao i sa jednom od najve\u0107ih inflacija na svetu, iskustvo podu\u010davanja Joge u Nema\u010dkoj, iskustvo velikog nemanja sredstava za najosnovnije \u017eivotne potrebe, kao i li\u010dno \u017eivotno iskustvo uop\u0161te me je i samu dovodilo u najrazli\u010ditije \u017eivotne situacije i na najrazli\u010ditijim mestima.<\/p>\n<p>&nbsp;<\/p>\n<h3 style=\"text-align: center;\"><span style=\"color: #993300;\">Najsrda\u010dniji poziv na besplatne \u010dasove<\/span><\/h3>\n<p>&nbsp;<\/p>\n<p>Sve vas, drage zainteresovan koji ste voljni da otkrijete velike potencijale u vama i da povratite va\u0161 unutra\u0161nji mir i dobrostanje na svim nivoima va\u0161eg divnog postijanja,\u00a0<span style=\"color: #993300;\">svim svojim srcem pozivam na besplatne casove<\/span>.<\/p>\n<p>&nbsp;<\/p>\n<p>Potrebno je samo da me o tome vrlo kratko obavestite.<\/p>\n<p><em>(za gra\u0111ane Nema\u010dke) Ukoliko vam je tako lak\u0161e, mo\u017eete i doneti zvani\u010dni papir na kome stoji da ne raspola\u017eete dovoljnim sredstvima za \u017eivot (ovo se odnosi na gra\u0111ane Nema\u010dke, ovakve potvrde se dobijaju od slu\u017ebe za socijalnu pomo\u0107. Kako god, besplatni \u010dasovi Hatha Joge su ipak prava retkost).<\/em><\/p>\n<p>&nbsp;<\/p>\n<p>A za sve ostalo \u0107e se pobrinuti nezaobilazni zakoni i krugovi <a href=\"https:\/\/yogajagat.com\/sr\/dobrota-i-plemenitost-najveci-ljudski-darovi\/\"><span style=\"color: #993300;\">dobrote<\/span><\/a> i iskrenosti.<\/p>\n[\/vc_column_text][\/vc_column][\/vc_row][vc_row][vc_column][vc_column_text]<img loading=\"lazy\" class=\"aligncenter size-full wp-image-4495\" src=\"https:\/\/i2.wp.com\/yogajagat.com\/wp-content\/uploads\/2020\/01\/DSC02216.jpg?resize=640%2C538\" alt=\"besplatni \u010dasovi hatha joge free hatha yoga classes\" width=\"640\" height=\"538\" srcset=\"https:\/\/i2.wp.com\/yogajagat.com\/wp-content\/uploads\/2020\/01\/DSC02216.jpg?w=640&amp;ssl=1 640w, https:\/\/i2.wp.com\/yogajagat.com\/wp-content\/uploads\/2020\/01\/DSC02216.jpg?resize=300%2C252&amp;ssl=1 300w\" sizes=\"(max-width: 640px) 100vw, 640px\" data-recalc-dims=\"1\" \/><\/p>\n<p>&nbsp;<\/p>\n[\/vc_column_text][\/vc_column][\/vc_row][vc_row][vc_column][vc_custom_heading text=&#8221;Vrlo kratko o drugoj strani medalje&#8221; font_container=&#8221;tag:h2|text_align:center|color:%231ea9bf&#8221; google_fonts=&#8221;font_family:Ubuntu%3A300%2C300italic%2Cregular%2Citalic%2C500%2C500italic%2C700%2C700italic|font_style:300%20light%20italic%3A300%3Aitalic&#8221;][\/vc_column][\/vc_row][vc_row][vc_column][vc_column_text]\n<hr \/>\n<p>&nbsp;<\/p>\n<p style=\"text-align: left;\">Besplatni \u010dasovi Hatha Joge mom iskustvu nisu nepoznanica.<\/p>\n<p style=\"text-align: left;\">Nepregledan broj Hatha Joga \u010dasova sam u Nema\u010dkoj do sada odr\u017eala ili potpuno besplatno ili po simboli\u010dnoj ceni na mestima koja su, kako su mnogi smatrali \u201cispod nivoa mog znanja i iskustva\u201d.<\/p>\n<p style=\"text-align: left;\">To nije tako. Ba\u0161 naprotiv.<\/p>\n<p>Prilika da podu\u010davam na tim &#8220;malo druga\u010dijim&#8221; mestima oja\u010dala mi je srce.<\/p>\n<p>&nbsp;<\/p>\n<p style=\"text-align: left;\">Rizik koji sam preuzimala da se na takva mesta dovozim bez vozne karte jer nisam imala novca da kupim istu, bili su jo\u0161 jedna prilika da se podmladim.<br \/>\nRizik je odlika mladog duha ne starog.<\/p>\n<p>&nbsp;<\/p>\n<p>Podu\u010davanje Joge svakako podrazumeva i kontakt sa ljudima najrazli\u010ditijih individualnosti i sudbina.<\/p>\n<p>\u017divot se sastoji od susreta i susretanja.<\/p>\n<p>A na\u0161i susreti i na\u0161a susretanja su i na\u0161e biografije.<\/p>\n<p>&nbsp;<\/p>\n<p>Pored stotine lepih susreta u toku mog dugogodi\u0161njeg podu\u010davanja Hatha Joge (u Nema\u010dkoj), mom iskustvu poznata je i nekolicina ne\u0161to druga\u010dijih (u Nema\u010dkoj).<\/p>\n<p>Mo\u017ee biti neo\u010dekivano, ali sam par sa\u017eetih redova o tom ne\u0161to druga\u010dijem iskustvu ipak stavila na papir. Ovi redovi su napisani u ime ravnote\u017ee i evolucije ljudske du\u0161e, u ime Promene i Ljubavi.<\/p>\n<p>Mo\u017eete ih pro\u010ditati na <a href=\"https:\/\/yogajagat.com\/sr\/druga-strana-medalje-nove-prilike-nove-ponude\/\"><span style=\"color: #993300;\">ovoj<\/span><\/a> stranici.[\/vc_column_text][\/vc_column][\/vc_row]\n","protected":false},"excerpt":{"rendered":"<p>[vc_row][vc_column][vc_column_text]<br \/>\nBESPLATNI \u010cASOVI HATHA JOGE<\/p>\n<p>&nbsp;<br \/>\nZa\u0161to besplatni \u010dasovi Hatha Joge?<br \/>\nIskustvo \u017eivota u zemlji sa najrazli\u010ditijom istorijom kao i sa jednom od najve\u0107ih inflacija na svetu, iskustvo podu\u010davanja Joge u Nema\u010dkoj, iskustvo velikog nemanja sredstava za najosnovnije \u017eivotne potrebe, kao i li\u010dno \u017eivotno iskustvo uop\u0161te me je i samu dovodilo u najrazli\u010ditije \u017eivotne situacije i na najrazli\u010ditijim mestima.<br \/>\n&nbsp;<br \/>\nNajsrda\u010dniji poziv na besplatne \u010dasove<br \/>\n&nbsp;<br \/>\nSve vas, drage zainteresovan koji ste voljni da otkrijete velike potencijale u vama &#8230;<\/p>\n","protected":false},"author":1,"featured_media":0,"parent":0,"menu_order":0,"comment_status":"closed","ping_status":"closed","template":"template-full-width.php","meta":{"_bbp_topic_count":0,"_bbp_reply_count":0,"_bbp_total_topic_count":0,"_bbp_total_reply_count":0,"_bbp_voice_count":0,"_bbp_anonymous_reply_count":0,"_bbp_topic_count_hidden":0,"_bbp_reply_count_hidden":0,"_bbp_forum_subforum_count":0,"inline_featured_image":false,"spay_email":""},"translation":{"provider":"WPGlobus","version":"3.0.1","language":"sr","enabled_languages":["en","de","sr"],"languages":{"en":{"title":true,"content":true,"excerpt":false},"de":{"title":true,"content":true,"excerpt":false},"sr":{"title":true,"content":true,"excerpt":false}}},"yoast_head":"<!-- This site is optimized with the Yoast SEO plugin v18.3 - https:\/\/yoast.com\/wordpress\/plugins\/seo\/ -->\n<title>Besplatni \u010dasovi Hatha Joge, najsrda\u010dniji poziv - Lepota promene<\/title>\n<meta name=\"description\" content=\"Besplatni \u010dasovi Hatha Joge. Najsrda\u010dniji poziv za sve one koji \u017eele da otkriju nepregledne potencijale u sebi kao i da povrate svoj unutra\u0161nji mir i...\" \/>\n<meta name=\"robots\" content=\"index, follow, max-snippet:-1, max-image-preview:large, max-video-preview:-1\" \/>\n<link rel=\"canonical\" href=\"https:\/\/yogajagat.com\/free-hatha-yoga-classes-warmest-invitation\/\" \/>\n<meta name=\"twitter:label1\" content=\"Est. reading time\" \/>\n\t<meta name=\"twitter:data1\" content=\"8 minutes\" \/>\n<script type=\"application\/ld+json\" class=\"yoast-schema-graph\">{\"@context\":\"https:\/\/schema.org\",\"@graph\":[{\"@type\":\"Organization\",\"@id\":\"https:\/\/yogajagat.com\/#organization\",\"name\":\"Yogajagat\",\"url\":\"https:\/\/yogajagat.com\/\",\"sameAs\":[],\"logo\":{\"@type\":\"ImageObject\",\"@id\":\"https:\/\/yogajagat.com\/#logo\",\"inLanguage\":\"sr\",\"url\":\"https:\/\/i1.wp.com\/yogajagat.com\/wp-content\/uploads\/2019\/03\/DSC08478-Kopie-1.jpg?fit=798%2C800&ssl=1\",\"contentUrl\":\"https:\/\/i1.wp.com\/yogajagat.com\/wp-content\/uploads\/2019\/03\/DSC08478-Kopie-1.jpg?fit=798%2C800&ssl=1\",\"width\":798,\"height\":800,\"caption\":\"Yogajagat\"},\"image\":{\"@id\":\"https:\/\/yogajagat.com\/#logo\"}},{\"@type\":\"WebSite\",\"@id\":\"https:\/\/yogajagat.com\/#website\",\"url\":\"https:\/\/yogajagat.com\/\",\"name\":\"Lepota promene\",\"description\":\"Neprestanom promenom do najlepseg zivotnog iskustva\",\"publisher\":{\"@id\":\"https:\/\/yogajagat.com\/#organization\"},\"potentialAction\":[{\"@type\":\"SearchAction\",\"target\":{\"@type\":\"EntryPoint\",\"urlTemplate\":\"https:\/\/yogajagat.com\/?s={search_term_string}\"},\"query-input\":\"required name=search_term_string\"}],\"inLanguage\":\"sr\"},{\"@type\":\"ImageObject\",\"@id\":\"https:\/\/yogajagat.com\/free-hatha-yoga-classes-warmest-invitation\/#primaryimage\",\"inLanguage\":\"sr\",\"url\":\"http:\/\/yogajagat.com\/wp-content\/uploads\/2020\/01\/DSC02216.jpg\",\"contentUrl\":\"http:\/\/yogajagat.com\/wp-content\/uploads\/2020\/01\/DSC02216.jpg\"},{\"@type\":\"WebPage\",\"@id\":\"https:\/\/yogajagat.com\/free-hatha-yoga-classes-warmest-invitation\/#webpage\",\"url\":\"https:\/\/yogajagat.com\/free-hatha-yoga-classes-warmest-invitation\/\",\"name\":\"Besplatni \u010dasovi Hatha Joge, najsrda\u010dniji poziv - Lepota promene\",\"isPartOf\":{\"@id\":\"https:\/\/yogajagat.com\/#website\"},\"primaryImageOfPage\":{\"@id\":\"https:\/\/yogajagat.com\/free-hatha-yoga-classes-warmest-invitation\/#primaryimage\"},\"datePublished\":\"2020-01-19T20:46:50+00:00\",\"dateModified\":\"2020-02-28T19:40:17+00:00\",\"description\":\"Besplatni \u010dasovi Hatha Joge. Najsrda\u010dniji poziv za sve one koji \u017eele da otkriju nepregledne potencijale u sebi kao i da povrate svoj unutra\u0161nji mir i...\",\"breadcrumb\":{\"@id\":\"https:\/\/yogajagat.com\/free-hatha-yoga-classes-warmest-invitation\/#breadcrumb\"},\"inLanguage\":\"sr\",\"potentialAction\":[{\"@type\":\"ReadAction\",\"target\":[\"https:\/\/yogajagat.com\/free-hatha-yoga-classes-warmest-invitation\/\"]}]},{\"@type\":\"BreadcrumbList\",\"@id\":\"https:\/\/yogajagat.com\/free-hatha-yoga-classes-warmest-invitation\/#breadcrumb\",\"itemListElement\":[{\"@type\":\"ListItem\",\"position\":1,\"name\":\"Home\",\"item\":\"https:\/\/yogajagat.com\/sr\/\"},{\"@type\":\"ListItem\",\"position\":2,\"name\":\"Free Hatha Yoga Classes Warmest Invitation\"}]}]}<\/script>\n<!-- \/ Yoast SEO plugin. -->","yoast_head_json":{"title":"Besplatni \u010dasovi Hatha Joge, najsrda\u010dniji poziv - Lepota promene","description":"Besplatni \u010dasovi Hatha Joge. Najsrda\u010dniji poziv za sve one koji \u017eele da otkriju nepregledne potencijale u sebi kao i da povrate svoj unutra\u0161nji mir i...","robots":{"index":"index","follow":"follow","max-snippet":"max-snippet:-1","max-image-preview":"max-image-preview:large","max-video-preview":"max-video-preview:-1"},"canonical":"https:\/\/yogajagat.com\/free-hatha-yoga-classes-warmest-invitation\/","twitter_misc":{"Est. reading time":"8 minutes"},"schema":{"@context":"https:\/\/schema.org","@graph":[{"@type":"Organization","@id":"https:\/\/yogajagat.com\/#organization","name":"Yogajagat","url":"https:\/\/yogajagat.com\/","sameAs":[],"logo":{"@type":"ImageObject","@id":"https:\/\/yogajagat.com\/#logo","inLanguage":"sr","url":"https:\/\/i1.wp.com\/yogajagat.com\/wp-content\/uploads\/2019\/03\/DSC08478-Kopie-1.jpg?fit=798%2C800&ssl=1","contentUrl":"https:\/\/i1.wp.com\/yogajagat.com\/wp-content\/uploads\/2019\/03\/DSC08478-Kopie-1.jpg?fit=798%2C800&ssl=1","width":798,"height":800,"caption":"Yogajagat"},"image":{"@id":"https:\/\/yogajagat.com\/#logo"}},{"@type":"WebSite","@id":"https:\/\/yogajagat.com\/#website","url":"https:\/\/yogajagat.com\/","name":"Lepota promene","description":"Neprestanom promenom do najlepseg zivotnog iskustva","publisher":{"@id":"https:\/\/yogajagat.com\/#organization"},"potentialAction":[{"@type":"SearchAction","target":{"@type":"EntryPoint","urlTemplate":"https:\/\/yogajagat.com\/?s={search_term_string}"},"query-input":"required name=search_term_string"}],"inLanguage":"sr"},{"@type":"ImageObject","@id":"https:\/\/yogajagat.com\/free-hatha-yoga-classes-warmest-invitation\/#primaryimage","inLanguage":"sr","url":"http:\/\/yogajagat.com\/wp-content\/uploads\/2020\/01\/DSC02216.jpg","contentUrl":"http:\/\/yogajagat.com\/wp-content\/uploads\/2020\/01\/DSC02216.jpg"},{"@type":"WebPage","@id":"https:\/\/yogajagat.com\/free-hatha-yoga-classes-warmest-invitation\/#webpage","url":"https:\/\/yogajagat.com\/free-hatha-yoga-classes-warmest-invitation\/","name":"Besplatni \u010dasovi Hatha Joge, najsrda\u010dniji poziv - Lepota promene","isPartOf":{"@id":"https:\/\/yogajagat.com\/#website"},"primaryImageOfPage":{"@id":"https:\/\/yogajagat.com\/free-hatha-yoga-classes-warmest-invitation\/#primaryimage"},"datePublished":"2020-01-19T20:46:50+00:00","dateModified":"2020-02-28T19:40:17+00:00","description":"Besplatni \u010dasovi Hatha Joge. Najsrda\u010dniji poziv za sve one koji \u017eele da otkriju nepregledne potencijale u sebi kao i da povrate svoj unutra\u0161nji mir i...","breadcrumb":{"@id":"https:\/\/yogajagat.com\/free-hatha-yoga-classes-warmest-invitation\/#breadcrumb"},"inLanguage":"sr","potentialAction":[{"@type":"ReadAction","target":["https:\/\/yogajagat.com\/free-hatha-yoga-classes-warmest-invitation\/"]}]},{"@type":"BreadcrumbList","@id":"https:\/\/yogajagat.com\/free-hatha-yoga-classes-warmest-invitation\/#breadcrumb","itemListElement":[{"@type":"ListItem","position":1,"name":"Home","item":"https:\/\/yogajagat.com\/sr\/"},{"@type":"ListItem","position":2,"name":"Free Hatha Yoga Classes Warmest Invitation"}]}]}},"_links":{"self":[{"href":"https:\/\/yogajagat.com\/sr\/wp-json\/wp\/v2\/pages\/4659"}],"collection":[{"href":"https:\/\/yogajagat.com\/sr\/wp-json\/wp\/v2\/pages"}],"about":[{"href":"https:\/\/yogajagat.com\/sr\/wp-json\/wp\/v2\/types\/page"}],"author":[{"embeddable":true,"href":"https:\/\/yogajagat.com\/sr\/wp-json\/wp\/v2\/users\/1"}],"replies":[{"embeddable":true,"href":"https:\/\/yogajagat.com\/sr\/wp-json\/wp\/v2\/comments?post=4659"}],"version-history":[{"count":27,"href":"https:\/\/yogajagat.com\/sr\/wp-json\/wp\/v2\/pages\/4659\/revisions"}],"predecessor-version":[{"id":5583,"href":"https:\/\/yogajagat.com\/sr\/wp-json\/wp\/v2\/pages\/4659\/revisions\/5583"}],"wp:attachment":[{"href":"https:\/\/yogajagat.com\/sr\/wp-json\/wp\/v2\/media?parent=4659"}],"curies":[{"name":"wp","href":"https:\/\/api.w.org\/{rel}","templated":true}]}}