{"id":4448,"date":"2020-01-29T20:47:11","date_gmt":"2020-01-29T19:47:11","guid":{"rendered":"http:\/\/yogajagat.com\/?page_id=4448"},"modified":"2021-06-18T08:13:03","modified_gmt":"2021-06-18T06:13:03","slug":"take-a-challenge-of-change-understand-practice-and-become-a-whole","status":"publish","type":"page","link":"https:\/\/yogajagat.com\/sr\/","title":{"rendered":"Prihvatite izazov promene i postanite slobodni"},"content":{"rendered":"[vc_row][vc_column][vc_custom_heading text=&#8221;Prihvatite izazov Promene&#8221; font_container=&#8221;tag:h1|font_size:40|text_align:center|color:%231a94ad&#8221; google_fonts=&#8221;font_family:Ubuntu%3A300%2C300italic%2Cregular%2Citalic%2C500%2C500italic%2C700%2C700italic|font_style:300%20light%20italic%3A300%3Aitalic&#8221;][\/vc_column][\/vc_row][vc_row][vc_column][vc_custom_heading text=&#8221;Shvatite, ve\u017ebajte i postanite slobodni i ujedinjeni u miru&#8221; font_container=&#8221;tag:h2|font_size:30|text_align:center|color:%23ba6d2a&#8221; google_fonts=&#8221;font_family:Ubuntu%3A300%2C300italic%2Cregular%2Citalic%2C500%2C500italic%2C700%2C700italic|font_style:300%20light%20italic%3A300%3Aitalic&#8221;][\/vc_column][\/vc_row][vc_row][vc_column][vc_column_text]\n<h4><\/h4>\n<h4 style=\"text-align: center;\"><\/h4>\n<hr \/>\n<p>&nbsp;<\/p>\n<p>Na\u0161 \u017eivot se sastoji od sretanja i susretanja.<\/p>\n<p>A na\u0161a sretanja i susretanja su na\u0161 izazovi za promene i ponude za mir i ljubav.<\/p>\n<p>&nbsp;<\/p>\n<p>Knjiga-web stranica <em>Prihvatite izazov promene<\/em> daje vam mnoge savete kako da obasjate i va\u0161e i dane drugih razumevanjem va\u0161eg soptvenog tela, sopstvenih misli i sopstvenog duha. Da prepoznate i negujete va\u0161u sopstvenu du\u0161u. Tako \u0107ete lako transformisati nespretne sva\u0111e i grube ratove u vama u ostvarenu ljubav i rafinirani mir i u vama samima i svuda oko vas.<\/p>\n<p>Slobodno smatrajte ove stranice kao <em>kr\u0161enje-pravila<\/em> savete.<\/p>\n<p>Ukoliko nisu \u010disto nau\u010dni ili citirani, tekstovi su isklju\u010divo refleksija mog iskustva razmi\u0161ljanja, delanja, u\u010denja, podu\u010davanja, slu\u0161anja, igranja, \u017eivota uop\u0161te. Svako moje novo iskustvo je na putu &#8220;prevo\u0111eno&#8221; novim iskustvima.[\/vc_column_text][\/vc_column][\/vc_row][vc_row][vc_column][vc_column_text]\n<h4><span style=\"color: #993300;\">Sa vi\u0161e strpljenja i iskrenosti ka unutra\u0161njoj zrelosti \u00a0<\/span><\/h4>\n<hr \/>\n<p>&nbsp;<\/p>\n<p>Mo\u017eda vam trenutno neki tekstovi iz ove knjige ne\u0107e biti ba\u0161 jasni ali ne brinite. To nije razlog da napustite ove tekstove. Umesto toga ulo\u017eite malo vi\u0161e strpljenja i iskrenosti u va\u0161e dane. Ovom kombinacijom najprirodnije i najspontanije \u0107e rasti i psihi\u010dka i duhovna zrelost unutar vas.<\/p>\n<p>Kako sazrevate iznutra tako \u0107ete vi\u0161e prepoznavati ne samo svrhu \u017eivota ve\u0107 i onu prirodnu, spontanu divljinu u vama koja je jo\u0161 uvek pod vrlo dobrom kontrolom.<\/p>\n<p>Ta divljina u vama ste istinski- vi, bez obzira na va\u0161e \u017eivotno doba.<\/p>\n<p>Kada ste celim va\u0161im bi\u0107em u toku sa va\u0161im istinskim-ja, svaka vrsta va\u0161eg zdravlja ima\u0107e mnogo vi\u0161e \u0161ansi za pravi kvalitet.[\/vc_column_text][\/vc_column][\/vc_row][vc_row][vc_column][vc_column_text]\n<h4><span style=\"color: #993300;\">Da li je ovo web stranica o Jogi<\/span><\/h4>\n<hr \/>\n<p>&nbsp;<\/p>\n<p>Nije.<\/p>\n<p>Iako \u0107ete na ovoj stranici prona\u0107i puno informacija o Jogi (istoj onoj Jogi koja se i pre mnogo vekova zvala Joga) i izraze koji poti\u010du iz stare nauke o Jogi, stranica <em>Prihvatite izazov promene<\/em>\u00a0govori\u00a0o putevima, krivinama i stepenicama prirode \u017eivota svakog od nas.<\/p>\n<p>Pisana je za svakog bez obzira \u010dime se on bavi i\u00a0namenjena je da razvije nadu, verovanje i pouzdanje u sve ono \u0161to je nepoznato i da \u0161iri \u017divot, Zdravlje i Ljubav.<\/p>\n<p>Iako je ova stranica jedno online podu\u010davanje, ona nije detaljna i sistemati\u010dna ni u jednoj temi niti je kona\u010dna definicija bilo \u010dega (koje ionako nema), ve\u0107 je impuls i uvod u razli\u010ditosti i transformacije u na\u0161em ljudskom \u017eivotu.[\/vc_column_text][\/vc_column][\/vc_row][vc_row][vc_column][vc_column_text]\n<h4><span style=\"color: #993300;\">Za\u0161to &#8220;Prihvatite izazov promene&#8221; nije \u0161tampana knjiga<\/span><\/h4>\n<hr \/>\n[\/vc_column_text][\/vc_column][\/vc_row][vc_row][vc_column width=&#8221;1\/2&#8243;][vc_column_text]Znam da bi ovakvi tekstovi trebali da budu \u0161tampana knjiga koju bi mogli da omiri\u0161ete i da osetite prstima i srcem.<\/p>\n<p>Ali tako\u0111e poznajem i najmanje jednu osobu koja nikada nije pro\u010ditala nijednu \u0161tampanu knjigu, koja je u o\u010dajni\u010dkoj potrazi za promenom i ljubavlju i koja tako\u0111e koristi Internet.<\/p>\n<p>Tako, zbog najmanje jedne osobe odlu\u010dila sam da ovaj put napi\u0161em takvu knjigu ba\u0161 ovde.[\/vc_column_text][\/vc_column][vc_column width=&#8221;1\/2&#8243;][vc_column_text]<img loading=\"lazy\" class=\"aligncenter size-full wp-image-4454\" src=\"https:\/\/i1.wp.com\/yogajagat.com\/wp-content\/uploads\/2020\/01\/DSC07420.jpg?resize=640%2C480\" alt=\"take a challenge of change prihvatite izazov promene nimm herausforderung an\" width=\"640\" height=\"480\" srcset=\"https:\/\/i1.wp.com\/yogajagat.com\/wp-content\/uploads\/2020\/01\/DSC07420.jpg?w=640&amp;ssl=1 640w, https:\/\/i1.wp.com\/yogajagat.com\/wp-content\/uploads\/2020\/01\/DSC07420.jpg?resize=300%2C225&amp;ssl=1 300w\" sizes=\"(max-width: 640px) 100vw, 640px\" data-recalc-dims=\"1\" \/>[\/vc_column_text][\/vc_column][\/vc_row][vc_row][vc_column][vc_column_text]\n<h4><span style=\"color: #993300;\">Kako \u010ditati ovu knjigu-web stranicu<\/span><\/h4>\n<hr \/>\n<p>&nbsp;<\/p>\n<p><em>Prihvatite izazov promene<\/em> mo\u017ee se \u010ditati preko reda ali kako ova knjiga-web stranica razvija ponude, mogu\u0107nosti, praktikovanja, iskustva, promene i ljubav stranicu po stranicu, najbolje je po\u010deti sa prvom gornjom stranicom.[\/vc_column_text][\/vc_column][\/vc_row][vc_row][vc_column][vc_column_text]\n<h4><span style=\"color: #993300;\">Par saveta<\/span><\/h4>\n<hr \/>\n<p>&nbsp;<\/p>\n<p>Inspiri\u0161ite se, pitajte, pitajte se, tra\u017eite i dobivajte odgovore, razmi\u0161ljajte, preispitujte se ali vam pre svega preporu\u010dujem da spavate manje ukoliko od dosade spavate previ\u0161e i da spavate vi\u0161e ukoliko nemate vremena da spavate, da jedete manje, di\u0161ete svesnije, budete aktivniji u prirodi, kreativniji, \u0107ute\u0107i i oslu\u0161kuju\u0107i, i da va\u0161e ruke i vreme delite sa onim stvarima koje va\u0161a du\u0161a zaista voli.<\/p>\n<p>I ne shvatajte \u017eivot i sve stvari bukvalno i smrtno ozbiljno.[\/vc_column_text][\/vc_column][\/vc_row][vc_row][vc_column][vc_column_text]\n<h4><span style=\"color: #993300;\">O nazivu Yogajagat<\/span><\/h4>\n<hr \/>\n<p>&nbsp;<\/p>\n<p>Re\u010d Yoga (<a href=\"https:\/\/yogajagat.com\/sr\/ujedinjenje-jedinstvo-dna-joga\/\"><span style=\"color: #993300;\">Joga)<\/span><\/a> zna\u010di jedinstvo.<\/p>\n<p>Re\u010d <em>Jagat<\/em> (d\u017eagat\/\u0111agat) ima, kao i mnoge re\u010di na sanskritu mnogobrojna zna\u010denja i neka od njih su ova:<\/p>\n<p>celokupan svet, celokupan univerzum, kosmi\u010dka manifestacija, sve sto je \u017eivo i sve sto je be\u017eivotno.<\/p>\n<p>&nbsp;<\/p>\n<p>Yogajagat bila je <a href=\"https:\/\/yogajagat.com\/sr\/bivsa-skola-hatha-joge-u-kelnu-nemacka\/\"><span style=\"color: #993300;\">\u0161kola Hatha Joge<\/span><\/a> u Kelnu, Nema\u010dka, od po\u010detka 2015. do sredine 2017. godine.[\/vc_column_text][\/vc_column][\/vc_row][vc_row][vc_column][vc_column_text]\n<h4><span style=\"color: #993300;\">Jezici<\/span><\/h4>\n<hr \/>\n<p>&nbsp;<\/p>\n<p>Pisanje oduzima mnogo vremena. Kada ista osoba ujedno pi\u0161e tekstove i odr\u017eava web stranicu onda je za takvu delatnost potrebno jo\u0161 vi\u0161e vremena.<\/p>\n<p>I pored mog ose\u0107aja i moje \u017eelje da se iz po\u0161tovanja prema razli\u010ditim narodima li\u010dno obra\u0107am na njihovom jeziku, zbog gore pomenutog, tekstovi su trenutno pisani ponekad na dva, a ponekad na sva tri jezika.<\/p>\n<p>Pored toga, dragi moji ijekavci, ikavci, kajkavci, \u010dakavci i svi ostali, uz svu ljubav svih dijalekata i izgovora na\u0161eg bogatog jezika, iz srca \u017eelim da vas knjiga-stranica ovakva kakva jeste sve podjednako inspiri\u0161e i izazove promene.[\/vc_column_text][\/vc_column][\/vc_row][vc_row][vc_column][vc_column_text]\n<h4><span style=\"color: #993300;\">Fotografije<\/span><\/h4>\n<hr \/>\n<p>&nbsp;<\/p>\n<p>Sve fotografije na ovoj web stranici su, ukoliko nije druga\u010dije nazna\u010deno, li\u010dne fotografije.<\/p>\n<p>Fotografije su na stranicama razli\u010ditih jezika \u010desto razli\u010dite.[\/vc_column_text][\/vc_column][\/vc_row][vc_row][vc_column][vc_column_text]\n<h4><span style=\"color: #993300;\">Logo<\/span><\/h4>\n<hr \/>\n<p>&nbsp;<\/p>\n<p><em>Yantra<\/em> koju vidite u levom gornjem uglu kopija je originalne slike u tehnici ulja na platnu iz moje li\u010dne kolekcije i li\u010dno je naslikana.<br \/>\nUkoliko ste zainteresovani za originalne slike Yantri ra\u0111ene kvalitetnim zapadnim uljima bez primene \u0161tetnog terpentina i na platnima nema\u010dke proizvodnje, jednostavno se <a href=\"https:\/\/yogajagat.com\/sr\/contact-new\/\" target=\"_blank\" rel=\"noopener noreferrer\"><span style=\"color: #993300;\">javite.<\/span><\/a>[\/vc_column_text][\/vc_column][\/vc_row][vc_row][vc_column][vc_column_text]\n<h4><span style=\"color: #993300;\">Web dizajn<\/span><\/h4>\n<hr \/>\n<p>&nbsp;<\/p>\n<p>Pored velike pomo\u0107i na samom nastajanju ove web stranice dragog znalca situiranog u Beogradu, ova stranica kako trenutno izgleda je uglavnom moj li\u010dni rad. Kompletnu web stranicu tako\u0111e odr\u017eavam sama.[\/vc_column_text][\/vc_column][\/vc_row]\n","protected":false},"excerpt":{"rendered":"<p>[vc_row][vc_column][vc_custom_heading text=&#8221;Prihvatite izazov Promene&#8221; font_container=&#8221;tag:h1|font_size:40|text_align:center|color:%231a94ad&#8221; google_fonts=&#8221;font_family:Ubuntu%3A300%2C300italic%2Cregular%2Citalic%2C500%2C500italic%2C700%2C700italic|font_style:300%20light%20italic%3A300%3Aitalic&#8221;][\/vc_column][\/vc_row][vc_row][vc_column][vc_custom_heading text=&#8221;Shvatite, ve\u017ebajte i postanite slobodni i ujedinjeni u miru&#8221; font_container=&#8221;tag:h2|font_size:30|text_align:center|color:%23ba6d2a&#8221; google_fonts=&#8221;font_family:Ubuntu%3A300%2C300italic%2Cregular%2Citalic%2C500%2C500italic%2C700%2C700italic|font_style:300%20light%20italic%3A300%3Aitalic&#8221;][\/vc_column][\/vc_row][vc_row][vc_column][vc_column_text]<\/p>\n<p>&nbsp;<br \/>\nNa\u0161 \u017eivot se sastoji od sretanja i susretanja.<br \/>\nA na\u0161a sretanja i susretanja su na\u0161 izazovi za promene i ponude za mir i ljubav.<br \/>\n&nbsp;<br \/>\nKnjiga-web stranica Prihvatite izazov promene daje vam mnoge savete kako da obasjate i va\u0161e i dane drugih razumevanjem va\u0161eg soptvenog tela, sopstvenih misli i sopstvenog duha. Da prepoznate i negujete va\u0161u sopstvenu du\u0161u. Tako &#8230;<\/p>\n","protected":false},"author":1,"featured_media":0,"parent":0,"menu_order":0,"comment_status":"closed","ping_status":"closed","template":"template-full-width.php","meta":{"_bbp_topic_count":0,"_bbp_reply_count":0,"_bbp_total_topic_count":0,"_bbp_total_reply_count":0,"_bbp_voice_count":0,"_bbp_anonymous_reply_count":0,"_bbp_topic_count_hidden":0,"_bbp_reply_count_hidden":0,"_bbp_forum_subforum_count":0,"inline_featured_image":false,"spay_email":""},"translation":{"provider":"WPGlobus","version":"3.0.1","language":"sr","enabled_languages":["en","de","sr"],"languages":{"en":{"title":true,"content":true,"excerpt":false},"de":{"title":true,"content":true,"excerpt":false},"sr":{"title":true,"content":true,"excerpt":false}}},"yoast_head":"<!-- This site is optimized with the Yoast SEO plugin v18.3 - https:\/\/yoast.com\/wordpress\/plugins\/seo\/ -->\n<title>Prihvatite izazov promene i postanite slobodni - Lepota promene<\/title>\n<meta name=\"description\" content=\"Knjiga- web stranica &quot;Prihvatite izazov promene&quot; namenjena je da razvijaje veru, nadu i pouzdanje za sve \u0161to je nepoznato, da \u0161iri \u017eivot i ljubav...\" \/>\n<meta name=\"robots\" content=\"index, follow, max-snippet:-1, max-image-preview:large, max-video-preview:-1\" \/>\n<link rel=\"canonical\" href=\"https:\/\/yogajagat.com\/sr\/\" \/>\n<meta name=\"twitter:label1\" content=\"Est. reading time\" \/>\n\t<meta name=\"twitter:data1\" content=\"5 minutes\" \/>\n<script type=\"application\/ld+json\" class=\"yoast-schema-graph\">{\"@context\":\"https:\/\/schema.org\",\"@graph\":[{\"@type\":\"Organization\",\"@id\":\"https:\/\/yogajagat.com\/#organization\",\"name\":\"Yogajagat\",\"url\":\"https:\/\/yogajagat.com\/\",\"sameAs\":[],\"logo\":{\"@type\":\"ImageObject\",\"@id\":\"https:\/\/yogajagat.com\/#logo\",\"inLanguage\":\"sr\",\"url\":\"https:\/\/i1.wp.com\/yogajagat.com\/wp-content\/uploads\/2019\/03\/DSC08478-Kopie-1.jpg?fit=798%2C800&ssl=1\",\"contentUrl\":\"https:\/\/i1.wp.com\/yogajagat.com\/wp-content\/uploads\/2019\/03\/DSC08478-Kopie-1.jpg?fit=798%2C800&ssl=1\",\"width\":798,\"height\":800,\"caption\":\"Yogajagat\"},\"image\":{\"@id\":\"https:\/\/yogajagat.com\/#logo\"}},{\"@type\":\"WebSite\",\"@id\":\"https:\/\/yogajagat.com\/#website\",\"url\":\"https:\/\/yogajagat.com\/\",\"name\":\"Lepota promene\",\"description\":\"Neprestanom promenom do najlepseg zivotnog iskustva\",\"publisher\":{\"@id\":\"https:\/\/yogajagat.com\/#organization\"},\"potentialAction\":[{\"@type\":\"SearchAction\",\"target\":{\"@type\":\"EntryPoint\",\"urlTemplate\":\"https:\/\/yogajagat.com\/?s={search_term_string}\"},\"query-input\":\"required name=search_term_string\"}],\"inLanguage\":\"sr\"},{\"@type\":\"ImageObject\",\"@id\":\"https:\/\/yogajagat.com\/sr\/#primaryimage\",\"inLanguage\":\"sr\",\"url\":\"http:\/\/yogajagat.com\/wp-content\/uploads\/2020\/01\/DSC07420-300x225.jpg\",\"contentUrl\":\"http:\/\/yogajagat.com\/wp-content\/uploads\/2020\/01\/DSC07420-300x225.jpg\"},{\"@type\":\"WebPage\",\"@id\":\"https:\/\/yogajagat.com\/sr\/#webpage\",\"url\":\"https:\/\/yogajagat.com\/sr\/\",\"name\":\"Prihvatite izazov promene i postanite slobodni - Lepota promene\",\"isPartOf\":{\"@id\":\"https:\/\/yogajagat.com\/#website\"},\"primaryImageOfPage\":{\"@id\":\"https:\/\/yogajagat.com\/sr\/#primaryimage\"},\"datePublished\":\"2020-01-29T19:47:11+00:00\",\"dateModified\":\"2021-06-18T06:13:03+00:00\",\"description\":\"Knjiga- web stranica \\\"Prihvatite izazov promene\\\" namenjena je da razvijaje veru, nadu i pouzdanje za sve \u0161to je nepoznato, da \u0161iri \u017eivot i ljubav...\",\"breadcrumb\":{\"@id\":\"https:\/\/yogajagat.com\/sr\/#breadcrumb\"},\"inLanguage\":\"sr\",\"potentialAction\":[{\"@type\":\"ReadAction\",\"target\":[\"https:\/\/yogajagat.com\/sr\/\"]}]},{\"@type\":\"BreadcrumbList\",\"@id\":\"https:\/\/yogajagat.com\/sr\/#breadcrumb\",\"itemListElement\":[{\"@type\":\"ListItem\",\"position\":1,\"name\":\"Home\",\"item\":\"https:\/\/yogajagat.com\/sr\/\"},{\"@type\":\"ListItem\",\"position\":2,\"name\":\"Prihvatite izazov promene i postanite slobodni\"}]}]}<\/script>\n<!-- \/ Yoast SEO plugin. -->","yoast_head_json":{"title":"Prihvatite izazov promene i postanite slobodni - Lepota promene","description":"Knjiga- web stranica \"Prihvatite izazov promene\" namenjena je da razvijaje veru, nadu i pouzdanje za sve \u0161to je nepoznato, da \u0161iri \u017eivot i ljubav...","robots":{"index":"index","follow":"follow","max-snippet":"max-snippet:-1","max-image-preview":"max-image-preview:large","max-video-preview":"max-video-preview:-1"},"canonical":"https:\/\/yogajagat.com\/sr\/","twitter_misc":{"Est. reading time":"5 minutes"},"schema":{"@context":"https:\/\/schema.org","@graph":[{"@type":"Organization","@id":"https:\/\/yogajagat.com\/#organization","name":"Yogajagat","url":"https:\/\/yogajagat.com\/","sameAs":[],"logo":{"@type":"ImageObject","@id":"https:\/\/yogajagat.com\/#logo","inLanguage":"sr","url":"https:\/\/i1.wp.com\/yogajagat.com\/wp-content\/uploads\/2019\/03\/DSC08478-Kopie-1.jpg?fit=798%2C800&ssl=1","contentUrl":"https:\/\/i1.wp.com\/yogajagat.com\/wp-content\/uploads\/2019\/03\/DSC08478-Kopie-1.jpg?fit=798%2C800&ssl=1","width":798,"height":800,"caption":"Yogajagat"},"image":{"@id":"https:\/\/yogajagat.com\/#logo"}},{"@type":"WebSite","@id":"https:\/\/yogajagat.com\/#website","url":"https:\/\/yogajagat.com\/","name":"Lepota promene","description":"Neprestanom promenom do najlepseg zivotnog iskustva","publisher":{"@id":"https:\/\/yogajagat.com\/#organization"},"potentialAction":[{"@type":"SearchAction","target":{"@type":"EntryPoint","urlTemplate":"https:\/\/yogajagat.com\/?s={search_term_string}"},"query-input":"required name=search_term_string"}],"inLanguage":"sr"},{"@type":"ImageObject","@id":"https:\/\/yogajagat.com\/sr\/#primaryimage","inLanguage":"sr","url":"http:\/\/yogajagat.com\/wp-content\/uploads\/2020\/01\/DSC07420-300x225.jpg","contentUrl":"http:\/\/yogajagat.com\/wp-content\/uploads\/2020\/01\/DSC07420-300x225.jpg"},{"@type":"WebPage","@id":"https:\/\/yogajagat.com\/sr\/#webpage","url":"https:\/\/yogajagat.com\/sr\/","name":"Prihvatite izazov promene i postanite slobodni - Lepota promene","isPartOf":{"@id":"https:\/\/yogajagat.com\/#website"},"primaryImageOfPage":{"@id":"https:\/\/yogajagat.com\/sr\/#primaryimage"},"datePublished":"2020-01-29T19:47:11+00:00","dateModified":"2021-06-18T06:13:03+00:00","description":"Knjiga- web stranica \"Prihvatite izazov promene\" namenjena je da razvijaje veru, nadu i pouzdanje za sve \u0161to je nepoznato, da \u0161iri \u017eivot i ljubav...","breadcrumb":{"@id":"https:\/\/yogajagat.com\/sr\/#breadcrumb"},"inLanguage":"sr","potentialAction":[{"@type":"ReadAction","target":["https:\/\/yogajagat.com\/sr\/"]}]},{"@type":"BreadcrumbList","@id":"https:\/\/yogajagat.com\/sr\/#breadcrumb","itemListElement":[{"@type":"ListItem","position":1,"name":"Home","item":"https:\/\/yogajagat.com\/sr\/"},{"@type":"ListItem","position":2,"name":"Prihvatite izazov promene i postanite slobodni"}]}]}},"_links":{"self":[{"href":"https:\/\/yogajagat.com\/sr\/wp-json\/wp\/v2\/pages\/4448"}],"collection":[{"href":"https:\/\/yogajagat.com\/sr\/wp-json\/wp\/v2\/pages"}],"about":[{"href":"https:\/\/yogajagat.com\/sr\/wp-json\/wp\/v2\/types\/page"}],"author":[{"embeddable":true,"href":"https:\/\/yogajagat.com\/sr\/wp-json\/wp\/v2\/users\/1"}],"replies":[{"embeddable":true,"href":"https:\/\/yogajagat.com\/sr\/wp-json\/wp\/v2\/comments?post=4448"}],"version-history":[{"count":152,"href":"https:\/\/yogajagat.com\/sr\/wp-json\/wp\/v2\/pages\/4448\/revisions"}],"predecessor-version":[{"id":6130,"href":"https:\/\/yogajagat.com\/sr\/wp-json\/wp\/v2\/pages\/4448\/revisions\/6130"}],"wp:attachment":[{"href":"https:\/\/yogajagat.com\/sr\/wp-json\/wp\/v2\/media?parent=4448"}],"curies":[{"name":"wp","href":"https:\/\/api.w.org\/{rel}","templated":true}]}}