{"id":4423,"date":"2020-01-16T19:41:33","date_gmt":"2020-01-16T18:41:33","guid":{"rendered":"http:\/\/yogajagat.com\/?page_id=4423"},"modified":"2020-02-28T22:12:47","modified_gmt":"2020-02-28T21:12:47","slug":"short-warm-message-to-yoga-teachers","status":"publish","type":"page","link":"https:\/\/yogajagat.com\/sr\/topla-kratka-poruka-joga-uciteljima\/","title":{"rendered":"Topla kratka poruka joga u\u010diteljima"},"content":{"rendered":"[vc_row][vc_column][vc_custom_heading text=&#8221;Kratka poruka joga u\u010diteljima&#8221; font_container=&#8221;tag:h2|text_align:center|color:%23a55926&#8243; google_fonts=&#8221;font_family:Ubuntu%3A300%2C300italic%2Cregular%2Citalic%2C500%2C500italic%2C700%2C700italic|font_style:300%20light%20italic%3A300%3Aitalic&#8221;][\/vc_column][\/vc_row][vc_row][vc_column][vc_column_text]\n<p>&nbsp;<\/p>\n<p>Celokupna knjiga-web stranica bazirana je na mom li\u010dnom iskustvu kao i na mom li\u010dnom prou\u010davanju nauka Joge.\u00a0Tako je i ova kratka, topla poruka joga u\u010diteljima bazirana na istom iskustvu i u\u010denika i <a href=\"https:\/\/yogajagat.com\/sr\/lika-holzem-yoga-world-of-teaching\/\"><span style=\"color: #993300;\">dugogodi\u0161njeg u\u010ditelja<\/span><\/a>.<\/p>\n[\/vc_column_text][vc_column_text]\n<hr \/>\n<h3 style=\"text-align: center;\"><span style=\"color: #33cccc;\">Moja kratka, topla poruka joga u\u010diteljima<\/span><\/h3>\n[\/vc_column_text][\/vc_column][\/vc_row][vc_row][vc_column width=&#8221;1\/2&#8243;][vc_column_text]\n<p>Godinama sam na mojim \u010dasovima i predavanjima ugo\u0161\u0107avala joga u\u010ditelje celim mojim srcem vole\u0107i pri tom sva \u010duda u na\u0161em prostoru, vole\u0107i i sam prostor mojim otvorenim umom.<\/p>\n<p>&nbsp;<\/p>\n<p>Dragi svi oni koji sebe nazivate joga u\u010diteljima,<\/p>\n<p>&nbsp;<\/p>\n<p>u ime vremena, <a href=\"https:\/\/yogajagat.com\/sr\/ujedinjenje-jedinstvo-dna-joga\/\"><span style=\"color: #993300;\">Joge<\/span><\/a> i razvijanja svih duhova i du\u0161a, molim vas radite na otvaranju i razvoju va\u0161eg li\u010dnog tela, duha i srca <span style=\"color: #993300;\"><a style=\"color: #993300;\" href=\"https:\/\/yogajagat.com\/sr\/moral\/\">praktikuju\u0107i<\/a> <\/span>ono \u0161to i sami <a href=\"https:\/\/yogajagat.com\/sr\/moral\/\"><span style=\"color: #993300;\">podu\u010davate<\/span><\/a>.<\/p>\n<p>&nbsp;<\/p>\n<p>Tako\u0111e, izbegavajte kori\u0161\u0107enje &#8220;tajnih&#8221; aplikacija na va\u0161im mobilnim telefonima na \u010dasovima, ili davanje &#8220;workshop-ova&#8221; baziranih na pozajmljenom iskustvu i znanju.<\/p>\n<p>Umesto toga praktikujte \u010dvrsto, marljivo, posve\u0107eno, strogi u svojim moralnim na\u010delima i u svom po\u0161tenju, i otkri\u0107ete najve\u0107e tajne.<\/p>\n[\/vc_column_text][\/vc_column][vc_column width=&#8221;1\/2&#8243;][vc_column_text]<img loading=\"lazy\" class=\"aligncenter wp-image-4425 size-full\" src=\"https:\/\/i1.wp.com\/yogajagat.com\/wp-content\/uploads\/2020\/01\/DSC05479.jpg-1-768x1024-2.jpg?resize=480%2C640\" alt=\"message to yoga teachers poruka uciteljima joge parvati\" width=\"480\" height=\"640\" srcset=\"https:\/\/i1.wp.com\/yogajagat.com\/wp-content\/uploads\/2020\/01\/DSC05479.jpg-1-768x1024-2.jpg?w=480&amp;ssl=1 480w, https:\/\/i1.wp.com\/yogajagat.com\/wp-content\/uploads\/2020\/01\/DSC05479.jpg-1-768x1024-2.jpg?resize=225%2C300&amp;ssl=1 225w\" sizes=\"(max-width: 480px) 100vw, 480px\" data-recalc-dims=\"1\" \/>[\/vc_column_text][\/vc_column][\/vc_row]\n","protected":false},"excerpt":{"rendered":"<p>[vc_row][vc_column][vc_custom_heading text=&#8221;Kratka poruka joga u\u010diteljima&#8221; font_container=&#8221;tag:h2|text_align:center|color:%23a55926&#8243; google_fonts=&#8221;font_family:Ubuntu%3A300%2C300italic%2Cregular%2Citalic%2C500%2C500italic%2C700%2C700italic|font_style:300%20light%20italic%3A300%3Aitalic&#8221;][\/vc_column][\/vc_row][vc_row][vc_column][vc_column_text]<br \/>\n&nbsp;<br \/>\nCelokupna knjiga-web stranica bazirana je na mom li\u010dnom iskustvu kao i na mom li\u010dnom prou\u010davanju nauka Joge.\u00a0Tako je i ova kratka, topla poruka joga u\u010diteljima bazirana na istom iskustvu i u\u010denika i dugogodi\u0161njeg u\u010ditelja.<br \/>\n[\/vc_column_text][vc_column_text]<\/p>\n<p>Moja kratka, topla poruka joga u\u010diteljima<br \/>\n[\/vc_column_text][\/vc_column][\/vc_row][vc_row][vc_column width=&#8221;1\/2&#8243;][vc_column_text]<br \/>\nGodinama sam na mojim \u010dasovima i predavanjima ugo\u0161\u0107avala joga u\u010ditelje celim mojim srcem vole\u0107i pri tom sva \u010duda u na\u0161em prostoru, vole\u0107i i sam prostor mojim otvorenim umom.<br ...\n<\/p>\n","protected":false},"author":1,"featured_media":0,"parent":0,"menu_order":0,"comment_status":"closed","ping_status":"closed","template":"template-full-width.php","meta":{"_bbp_topic_count":0,"_bbp_reply_count":0,"_bbp_total_topic_count":0,"_bbp_total_reply_count":0,"_bbp_voice_count":0,"_bbp_anonymous_reply_count":0,"_bbp_topic_count_hidden":0,"_bbp_reply_count_hidden":0,"_bbp_forum_subforum_count":0,"inline_featured_image":false,"spay_email":""},"translation":{"provider":"WPGlobus","version":"3.0.1","language":"sr","enabled_languages":["en","de","sr"],"languages":{"en":{"title":true,"content":true,"excerpt":false},"de":{"title":false,"content":false,"excerpt":false},"sr":{"title":true,"content":true,"excerpt":false}}},"yoast_head":"<!-- This site is optimized with the Yoast SEO plugin v18.3 - https:\/\/yoast.com\/wordpress\/plugins\/seo\/ -->\n<title>Topla kratka poruka joga u\u010diteljima - Lepota promene<\/title>\n<meta name=\"description\" content=\"Topla kratka poruka joga u\u010diteljima. Dragi svi oni koji sebe nazivate joga u\u010diteljima, u ime Joge, vremena, razvoja svih duhova i du\u0161a, ....\" \/>\n<meta name=\"robots\" content=\"index, follow, max-snippet:-1, max-image-preview:large, max-video-preview:-1\" \/>\n<link rel=\"canonical\" href=\"https:\/\/yogajagat.com\/short-warm-message-to-yoga-teachers\/\" \/>\n<meta name=\"twitter:label1\" content=\"Est. reading time\" \/>\n\t<meta name=\"twitter:data1\" content=\"3 minutes\" \/>\n<script type=\"application\/ld+json\" class=\"yoast-schema-graph\">{\"@context\":\"https:\/\/schema.org\",\"@graph\":[{\"@type\":\"Organization\",\"@id\":\"https:\/\/yogajagat.com\/#organization\",\"name\":\"Yogajagat\",\"url\":\"https:\/\/yogajagat.com\/\",\"sameAs\":[],\"logo\":{\"@type\":\"ImageObject\",\"@id\":\"https:\/\/yogajagat.com\/#logo\",\"inLanguage\":\"sr\",\"url\":\"https:\/\/i1.wp.com\/yogajagat.com\/wp-content\/uploads\/2019\/03\/DSC08478-Kopie-1.jpg?fit=798%2C800&ssl=1\",\"contentUrl\":\"https:\/\/i1.wp.com\/yogajagat.com\/wp-content\/uploads\/2019\/03\/DSC08478-Kopie-1.jpg?fit=798%2C800&ssl=1\",\"width\":798,\"height\":800,\"caption\":\"Yogajagat\"},\"image\":{\"@id\":\"https:\/\/yogajagat.com\/#logo\"}},{\"@type\":\"WebSite\",\"@id\":\"https:\/\/yogajagat.com\/#website\",\"url\":\"https:\/\/yogajagat.com\/\",\"name\":\"Lepota promene\",\"description\":\"Neprestanom promenom do najlepseg zivotnog iskustva\",\"publisher\":{\"@id\":\"https:\/\/yogajagat.com\/#organization\"},\"potentialAction\":[{\"@type\":\"SearchAction\",\"target\":{\"@type\":\"EntryPoint\",\"urlTemplate\":\"https:\/\/yogajagat.com\/?s={search_term_string}\"},\"query-input\":\"required name=search_term_string\"}],\"inLanguage\":\"sr\"},{\"@type\":\"ImageObject\",\"@id\":\"https:\/\/yogajagat.com\/short-warm-message-to-yoga-teachers\/#primaryimage\",\"inLanguage\":\"sr\",\"url\":\"http:\/\/yogajagat.com\/wp-content\/uploads\/2020\/01\/DSC05479.jpg-1-768x1024-2.jpg\",\"contentUrl\":\"http:\/\/yogajagat.com\/wp-content\/uploads\/2020\/01\/DSC05479.jpg-1-768x1024-2.jpg\"},{\"@type\":\"WebPage\",\"@id\":\"https:\/\/yogajagat.com\/short-warm-message-to-yoga-teachers\/#webpage\",\"url\":\"https:\/\/yogajagat.com\/short-warm-message-to-yoga-teachers\/\",\"name\":\"Topla kratka poruka joga u\u010diteljima - Lepota promene\",\"isPartOf\":{\"@id\":\"https:\/\/yogajagat.com\/#website\"},\"primaryImageOfPage\":{\"@id\":\"https:\/\/yogajagat.com\/short-warm-message-to-yoga-teachers\/#primaryimage\"},\"datePublished\":\"2020-01-16T18:41:33+00:00\",\"dateModified\":\"2020-02-28T21:12:47+00:00\",\"description\":\"Topla kratka poruka joga u\u010diteljima. Dragi svi oni koji sebe nazivate joga u\u010diteljima, u ime Joge, vremena, razvoja svih duhova i du\u0161a, ....\",\"breadcrumb\":{\"@id\":\"https:\/\/yogajagat.com\/short-warm-message-to-yoga-teachers\/#breadcrumb\"},\"inLanguage\":\"sr\",\"potentialAction\":[{\"@type\":\"ReadAction\",\"target\":[\"https:\/\/yogajagat.com\/short-warm-message-to-yoga-teachers\/\"]}]},{\"@type\":\"BreadcrumbList\",\"@id\":\"https:\/\/yogajagat.com\/short-warm-message-to-yoga-teachers\/#breadcrumb\",\"itemListElement\":[{\"@type\":\"ListItem\",\"position\":1,\"name\":\"Home\",\"item\":\"https:\/\/yogajagat.com\/sr\/\"},{\"@type\":\"ListItem\",\"position\":2,\"name\":\"Short Warm Message to Yoga Teachers\"}]}]}<\/script>\n<!-- \/ Yoast SEO plugin. -->","yoast_head_json":{"title":"Topla kratka poruka joga u\u010diteljima - Lepota promene","description":"Topla kratka poruka joga u\u010diteljima. Dragi svi oni koji sebe nazivate joga u\u010diteljima, u ime Joge, vremena, razvoja svih duhova i du\u0161a, ....","robots":{"index":"index","follow":"follow","max-snippet":"max-snippet:-1","max-image-preview":"max-image-preview:large","max-video-preview":"max-video-preview:-1"},"canonical":"https:\/\/yogajagat.com\/short-warm-message-to-yoga-teachers\/","twitter_misc":{"Est. reading time":"3 minutes"},"schema":{"@context":"https:\/\/schema.org","@graph":[{"@type":"Organization","@id":"https:\/\/yogajagat.com\/#organization","name":"Yogajagat","url":"https:\/\/yogajagat.com\/","sameAs":[],"logo":{"@type":"ImageObject","@id":"https:\/\/yogajagat.com\/#logo","inLanguage":"sr","url":"https:\/\/i1.wp.com\/yogajagat.com\/wp-content\/uploads\/2019\/03\/DSC08478-Kopie-1.jpg?fit=798%2C800&ssl=1","contentUrl":"https:\/\/i1.wp.com\/yogajagat.com\/wp-content\/uploads\/2019\/03\/DSC08478-Kopie-1.jpg?fit=798%2C800&ssl=1","width":798,"height":800,"caption":"Yogajagat"},"image":{"@id":"https:\/\/yogajagat.com\/#logo"}},{"@type":"WebSite","@id":"https:\/\/yogajagat.com\/#website","url":"https:\/\/yogajagat.com\/","name":"Lepota promene","description":"Neprestanom promenom do najlepseg zivotnog iskustva","publisher":{"@id":"https:\/\/yogajagat.com\/#organization"},"potentialAction":[{"@type":"SearchAction","target":{"@type":"EntryPoint","urlTemplate":"https:\/\/yogajagat.com\/?s={search_term_string}"},"query-input":"required name=search_term_string"}],"inLanguage":"sr"},{"@type":"ImageObject","@id":"https:\/\/yogajagat.com\/short-warm-message-to-yoga-teachers\/#primaryimage","inLanguage":"sr","url":"http:\/\/yogajagat.com\/wp-content\/uploads\/2020\/01\/DSC05479.jpg-1-768x1024-2.jpg","contentUrl":"http:\/\/yogajagat.com\/wp-content\/uploads\/2020\/01\/DSC05479.jpg-1-768x1024-2.jpg"},{"@type":"WebPage","@id":"https:\/\/yogajagat.com\/short-warm-message-to-yoga-teachers\/#webpage","url":"https:\/\/yogajagat.com\/short-warm-message-to-yoga-teachers\/","name":"Topla kratka poruka joga u\u010diteljima - Lepota promene","isPartOf":{"@id":"https:\/\/yogajagat.com\/#website"},"primaryImageOfPage":{"@id":"https:\/\/yogajagat.com\/short-warm-message-to-yoga-teachers\/#primaryimage"},"datePublished":"2020-01-16T18:41:33+00:00","dateModified":"2020-02-28T21:12:47+00:00","description":"Topla kratka poruka joga u\u010diteljima. Dragi svi oni koji sebe nazivate joga u\u010diteljima, u ime Joge, vremena, razvoja svih duhova i du\u0161a, ....","breadcrumb":{"@id":"https:\/\/yogajagat.com\/short-warm-message-to-yoga-teachers\/#breadcrumb"},"inLanguage":"sr","potentialAction":[{"@type":"ReadAction","target":["https:\/\/yogajagat.com\/short-warm-message-to-yoga-teachers\/"]}]},{"@type":"BreadcrumbList","@id":"https:\/\/yogajagat.com\/short-warm-message-to-yoga-teachers\/#breadcrumb","itemListElement":[{"@type":"ListItem","position":1,"name":"Home","item":"https:\/\/yogajagat.com\/sr\/"},{"@type":"ListItem","position":2,"name":"Short Warm Message to Yoga Teachers"}]}]}},"_links":{"self":[{"href":"https:\/\/yogajagat.com\/sr\/wp-json\/wp\/v2\/pages\/4423"}],"collection":[{"href":"https:\/\/yogajagat.com\/sr\/wp-json\/wp\/v2\/pages"}],"about":[{"href":"https:\/\/yogajagat.com\/sr\/wp-json\/wp\/v2\/types\/page"}],"author":[{"embeddable":true,"href":"https:\/\/yogajagat.com\/sr\/wp-json\/wp\/v2\/users\/1"}],"replies":[{"embeddable":true,"href":"https:\/\/yogajagat.com\/sr\/wp-json\/wp\/v2\/comments?post=4423"}],"version-history":[{"count":30,"href":"https:\/\/yogajagat.com\/sr\/wp-json\/wp\/v2\/pages\/4423\/revisions"}],"predecessor-version":[{"id":5602,"href":"https:\/\/yogajagat.com\/sr\/wp-json\/wp\/v2\/pages\/4423\/revisions\/5602"}],"wp:attachment":[{"href":"https:\/\/yogajagat.com\/sr\/wp-json\/wp\/v2\/media?parent=4423"}],"curies":[{"name":"wp","href":"https:\/\/api.w.org\/{rel}","templated":true}]}}