{"id":4412,"date":"2020-01-16T13:20:17","date_gmt":"2020-01-16T12:20:17","guid":{"rendered":"http:\/\/yogajagat.com\/?page_id=4412"},"modified":"2020-04-07T12:01:17","modified_gmt":"2020-04-07T10:01:17","slug":"art-of-teaching-hatha-yoga-mind-resistance","status":"publish","type":"page","link":"https:\/\/yogajagat.com\/sr\/nacin-poducavanja-hatha-joge-mentalni-otpor\/","title":{"rendered":"Na\u010din podu\u010davanja Hatha Joge. Mentalni otpor."},"content":{"rendered":"[vc_row][vc_column][vc_custom_heading text=&#8221;Na\u010din podu\u010davanja Hatha Joge&#8221; font_container=&#8221;tag:h2|text_align:center|color:%239b5a22&#8243; google_fonts=&#8221;font_family:Ubuntu%3A300%2C300italic%2Cregular%2Citalic%2C500%2C500italic%2C700%2C700italic|font_style:300%20light%20italic%3A300%3Aitalic&#8221;][\/vc_column][\/vc_row][vc_row][vc_column][vc_column_text]\n<h3><\/h3>\n<p>&nbsp;<\/p>\n<p><span style=\"color: #ff9900;\"><em>\u017divimo u vremenu<\/em> <\/span>kada je <a href=\"https:\/\/yogajagat.com\/sr\/ujedinjenje-jedinstvo-dna-joga\/\"><span style=\"color: #993300;\">Joga<\/span><\/a> na\u017ealost postala ogroman posao (biznis) ali posao koji je daleko od bilo kakvih moralnih pravila poslovanja. Oni koji su odlu\u010dili da se dr\u017ee dalje od tog tu\u017enog posla danas, umesto par re\u010denica o istinitoj lepoti i stvarnoj jednostavnosti Joge, moraju da pi\u0161u stranice.<br \/>\nIako moje telo mo\u017eda tako ne izgleda, ja sam jedan od onih poslednjih, retkih medveda koji nose tugu i breme <em>joga-je-ogroman-biznis<\/em> i na ovom mestu ose\u0107am da bih trebala malo du\u017ee da opi\u0161em moj na\u010din podu\u010davanja Hatha Joge.<\/p>\n<p>&nbsp;<\/p>\n<h3 style=\"text-align: center;\"><span style=\"color: #33cccc;\">Moj na\u010din podu\u010davanja Joge<\/span><\/h3>\n<hr \/>\n<p>&nbsp;<\/p>\n<p>Godinama sam svoje nove \u010dasove po\u010dinjala uvek istom re\u010denicom:<\/p>\n<p>Ja nisam ovde da vam poka\u017eem \u0161ta <em>Ja<\/em> mogu.[\/vc_column_text][\/vc_column][\/vc_row][vc_row][vc_column][vc_custom_heading text=&#8221;Mentalni otpor&#8221; font_container=&#8221;tag:h2|text_align:center|color:%23b57d29&#8243; google_fonts=&#8221;font_family:Ubuntu%3A300%2C300italic%2Cregular%2Citalic%2C500%2C500italic%2C700%2C700italic|font_style:300%20light%20italic%3A300%3Aitalic&#8221;][\/vc_column][\/vc_row][vc_row][vc_column][vc_column_text]\n<hr \/>\n<p>&nbsp;<\/p>\n<p>Gde god da krenete, koje god da je va\u0161e zanimanje, \u0161ta god, kad god i gde god da razmi\u0161ljate, koga god da sretnete, slu\u0161ate ili sa kim god da pri\u010date, uvek \u0107e vas ne\u0161to spre\u010davati da budete spokojni, uravnote\u017eeni i zadovoljni.<\/p>\n<p>&nbsp;<\/p>\n<p>Na\u010din podu\u010davanja Hatha Joge, onako kako ga ja primenjujem, mo\u017ee da transformi\u0161e ta\u010dno tog neprijatelja u vama koji vas sputava da vi budete ba\u0161 vi.<\/p>\n<p>&nbsp;<\/p>\n<p>Taj neprijatelj se zove <em>otpor uma<\/em>.[\/vc_column_text][\/vc_column][\/vc_row][vc_row][vc_column][vc_custom_heading text=&#8221;Kako ja to ta\u010dno podu\u010davam&#8221; font_container=&#8221;tag:h2|text_align:center|color:%23dd9933&#8243; google_fonts=&#8221;font_family:Ubuntu%3A300%2C300italic%2Cregular%2Citalic%2C500%2C500italic%2C700%2C700italic|font_style:300%20light%20italic%3A300%3Aitalic&#8221;][\/vc_column][\/vc_row][vc_row][vc_column][vc_column_text]\n<hr \/>\n<p>&nbsp;<\/p>\n<p>Ja li\u010dno nisam izmislila ni\u0161ta novo.<\/p>\n<p>Nisam izmislila nijednu &#8220;za\u0161titnu joga marku&#8221; niti novu joga etiketu.<\/p>\n<p>&nbsp;<\/p>\n<p>Na ovaj ili onaj na\u010din sa mnom (ili ja sa njim) je u kontakt do\u0161ao ta\u010dno onaj na\u010din koji je bio praktikovan, do\u017eivljen i zapisan od naroda Indije (a ne od zapadnjaka na Zapadu i zatim prenet u Indiju) jo\u0161 mnogo vekova pre Hrista.<\/p>\n<p>U\u017eivanje u takvoj privilegiji donosi mi mnogo sre\u0107e.<\/p>\n<p>Tako\u0111e sam veoma sre\u0107na da mogu da u\u017eivam u privilegiji da stvari nazivam njihovim pravim imenima.<\/p>\n<p>Joga pojmovi i svrha tih pojmova koje ja koristim (na ovoj celokupnoj web-knjizi, kao i na predavanjima i \u010dasovima) su ta\u010dno oni pojmovi koji su kori\u0161\u0107eni poslednjih nekoliko stotina godina u Indiji.[\/vc_column_text][\/vc_column][\/vc_row][vc_row][vc_column][vc_custom_heading text=&#8221;\u0160ta treba poneti na Hatha Yoga \u010das a \u0161ta ne&#8221; font_container=&#8221;tag:h2|text_align:center|color:%23dd9933&#8243; google_fonts=&#8221;font_family:Ubuntu%3A300%2C300italic%2Cregular%2Citalic%2C500%2C500italic%2C700%2C700italic|font_style:300%20light%20italic%3A300%3Aitalic&#8221;][\/vc_column][\/vc_row][vc_row][vc_column][vc_column_text]\n<hr \/>\n<p>&nbsp;<\/p>\n<p>Trenutno bi na \u010dasove (<span style=\"color: #993300;\">u Kelnu<\/span>) trebalo poneti li\u010dnu prostirku.<\/p>\n<p>Ukoliko pose\u0107ujete \u010dasove regularno, korisno je da ostavite makar kontakt adresu. Na vama je da odlu\u010dite. Ne treba da popunjavate bilo kakve upitnike, formulare i obrasce zato \u0161to ja ne sakupljam bilo kakvu statistiku o ljudima.<\/p>\n<p>&nbsp;<\/p>\n<p>Ne treba vam pe\u0161kir. Da bi \u010dovek otkrio ogromno blago u njemu, ne treba mu pe\u0161kir.<\/p>\n<p>Praktikujemo na zemlji (podu). Uvek je mudro praktikovati bos.<\/p>\n<p>&nbsp;<\/p>\n<p>U ovoj \u0161koli ne prodajemo kreme protiv bola i na \u010dasove u ovoj \u0161koli (ne studiju) ne treba da ponesete iste.<\/p>\n<p>&nbsp;<\/p>\n<p>U va\u0161oj ode\u0107i treba da se osetite prijatno i da volite ode\u0107u koju nosite.<\/p>\n<p>\u010cak i kao diplomirani kostimograf po akademskom obrazovanju savetujem vam da boje va\u0161e ode\u0107e vi\u0161e birate vo\u0111eni ose\u0107ajima a ne modom.<\/p>\n<p>Boje koje na sebi nosite i kojima sebe okru\u017eujete odre\u0111uje stanje va\u0161e epifize.[\/vc_column_text][\/vc_column][\/vc_row][vc_row][vc_column][vc_custom_heading text=&#8221;Korisni saveti&#8221; font_container=&#8221;tag:h2|text_align:center|color:%23dd9933&#8243; google_fonts=&#8221;font_family:Ubuntu%3A300%2C300italic%2Cregular%2Citalic%2C500%2C500italic%2C700%2C700italic|font_style:300%20light%20italic%3A300%3Aitalic&#8221;][\/vc_column][\/vc_row][vc_row][vc_column][vc_column_text]\n<hr \/>\n<p>&nbsp;<\/p>\n<p>Gge god da odlu\u010dite da krenete na prvi \u010das Hatha Joge uvek je dobro kao putokaz pa\u017eljivo pro\u010ditati web stranice Joga \u0161kola (ili mnogo \u010de\u0161\u0107e- studija).<\/p>\n<p>&nbsp;<\/p>\n<p>\u010citaju\u0107i ovu web stranicu ne samo da \u0107ete pokazati po\u0161tovanje prema meni i mom trudu, iskustvu i srcu, ve\u0107 vam \u010ditanje tako\u0111e mo\u017ee pomo\u0107i da steknete utisak kakva \u0107e atmosfera u ovoj \u0161koli, kakvo podu\u010davanje i kakva senzibilnost toplo zagrliti.<\/p>\n<p>&nbsp;<\/p>\n<p>\u010citaju\u0107i uputstva na ovoj web stranici tako\u0111e vam mo\u017ee pomo\u0107i da prepoznate da li va\u0161oj li\u010dnoj prirodi mo\u017eda ipak nisu potrebniji kru\u0107i \u010dasovi ili u\u010ditelji, kao i da li vam mo\u017eda nisu ipak potrebni druga\u010diji me\u0111uljudski odnosi.<\/p>\n<p>&nbsp;<\/p>\n<p>\u010covek slobodne prirode ne mo\u017ee biti niti rob niti komandant.<\/p>\n[\/vc_column_text][\/vc_column][\/vc_row][vc_row][vc_column][vc_column_text]<img loading=\"lazy\" class=\"aligncenter size-full wp-image-1819\" src=\"https:\/\/i1.wp.com\/yogajagat.com\/wp-content\/uploads\/2017\/12\/DSC01367.jpg?resize=640%2C480\" alt=\"art of teaching hatha yoga nacin poducavanja joge\" width=\"640\" height=\"480\" srcset=\"https:\/\/i1.wp.com\/yogajagat.com\/wp-content\/uploads\/2017\/12\/DSC01367.jpg?w=640&amp;ssl=1 640w, https:\/\/i1.wp.com\/yogajagat.com\/wp-content\/uploads\/2017\/12\/DSC01367.jpg?resize=300%2C225&amp;ssl=1 300w\" sizes=\"(max-width: 640px) 100vw, 640px\" data-recalc-dims=\"1\" \/>[\/vc_column_text][vc_custom_heading text=&#8221;Svaki \u010dovek je \u010disto blago&#8221; font_container=&#8221;tag:h2|text_align:center|color:%23dd9933&#8243; google_fonts=&#8221;font_family:Ubuntu%3A300%2C300italic%2Cregular%2Citalic%2C500%2C500italic%2C700%2C700italic|font_style:300%20light%20italic%3A300%3Aitalic&#8221;][\/vc_column][\/vc_row][vc_row][vc_column][vc_column_text]\n<hr \/>\n<p>&nbsp;<\/p>\n<p>Pored stotine napisanih stranica na ovoj knjizi-web stranici koje pi\u0161u o tome da je \u010dovek \u010disto blago, o mom li\u010dnom ose\u0107aju o tome mo\u017eete \u010ditati <a href=\"https:\/\/yogajagat.com\/sr\/svako-ljudsko-bice-je-pravo-blago\/\"><span style=\"color: #993300;\">ovde<\/span><\/a>.<\/p>\n<p>Pored toga, na slede\u0107im stranicama mo\u017eete \u010ditati \u0161ta vam<a href=\"https:\/\/yogajagat.com\/sr\/sta-vam-obecavam-posecujuci-casove-hatha-joge\/\"><span style=\"color: #993300;\"> obe\u0107avam<\/span><\/a>\u00a0ukoliko zajedno sa mnom praktikujete tehnike Joge ili o <a href=\"https:\/\/yogajagat.com\/sr\/sekvenca-joga-asana-i-tradicionalna-hatha-joga\/\"><span style=\"color: #993300;\">redosledu Joga Asana<\/span><\/a> koje ja li\u010dno praktikujem ve\u0107 mnogo godina i koje od 2011. godine i zvani\u010dno podu\u010davam.<\/p>\n<p>O meni <a href=\"https:\/\/yogajagat.com\/sr\/iz-sveta-poducavanja-joge\/\"><span style=\"color: #993300;\">iz sveta podu\u010davanja<\/span><\/a> kao i <a href=\"https:\/\/yogajagat.com\/sr\/zabuna-oko-casova-hatha-joge-sta-je-pametno-ciniti\/\"><span style=\"color: #993300;\">da li podu\u010davam napredne Joga Asane<\/span><\/a>.<\/p>\n<p>Mo\u017eete pogledati galeriju slika Joga Asana, pro\u010ditati o <a href=\"https:\/\/yogajagat.com\/sr\/besplatni-casovi-hatha-joge-najsrdacniji-poziv\/\"><span style=\"color: #993300;\">besplatnim<\/span><\/a> ili <a href=\"https:\/\/yogajagat.com\/sr\/privatni-casovi-joge-privatni-joga-coaching\/\"><span style=\"color: #993300;\">privatnim<\/span><\/a> \u010dasovima i gde rado mo\u017eete do\u0107i na\u010das ukoliko se desi da se trenutno na\u0111ete u Nema\u010dkoj i blizini<a href=\"https:\/\/yogajagat.com\/sr\/hatha-joga-casovi-keln-nemacka\/\"><span style=\"color: #993300;\"> Kelna<\/span><\/a>.<\/p>\n<p>I na kraju, ili pre svega o <a href=\"https:\/\/yogajagat.com\/sr\/koristi-praktikovanja-joge-joga-poruka-starih-naroda\/\"><span style=\"color: #993300;\">koristima praktikovanja Joga Asana i ostalih tehnika Joge.\u00a0<\/span><\/a><\/p>\n<p>&nbsp;<\/p>\n<p>U dodatku je i <a href=\"https:\/\/yogajagat.com\/sr\/topla-kratka-poruka-joga-uciteljima\/\"><span style=\"color: #993300;\">moja kratka topla poruka<\/span><\/a> onima koji sebe nazivaju joga u\u010diteljima.[\/vc_column_text][\/vc_column][\/vc_row]\n","protected":false},"excerpt":{"rendered":"<p>[vc_row][vc_column][vc_custom_heading text=&#8221;Na\u010din podu\u010davanja Hatha Joge&#8221; font_container=&#8221;tag:h2|text_align:center|color:%239b5a22&#8243; google_fonts=&#8221;font_family:Ubuntu%3A300%2C300italic%2Cregular%2Citalic%2C500%2C500italic%2C700%2C700italic|font_style:300%20light%20italic%3A300%3Aitalic&#8221;][\/vc_column][\/vc_row][vc_row][vc_column][vc_column_text]<\/p>\n<p>&nbsp;<br \/>\n\u017divimo u vremenu kada je Joga na\u017ealost postala ogroman posao (biznis) ali posao koji je daleko od bilo kakvih moralnih pravila poslovanja. Oni koji su odlu\u010dili da se dr\u017ee dalje od tog tu\u017enog posla danas, umesto par re\u010denica o istinitoj lepoti i stvarnoj jednostavnosti Joge, moraju da pi\u0161u stranice.<br \/>\nIako moje telo mo\u017eda tako ne izgleda, ja sam jedan od onih poslednjih, retkih medveda koji nose tugu i breme joga-je-ogroman-biznis i &#8230;<\/p>\n","protected":false},"author":1,"featured_media":0,"parent":0,"menu_order":0,"comment_status":"closed","ping_status":"closed","template":"template-full-width.php","meta":{"_bbp_topic_count":0,"_bbp_reply_count":0,"_bbp_total_topic_count":0,"_bbp_total_reply_count":0,"_bbp_voice_count":0,"_bbp_anonymous_reply_count":0,"_bbp_topic_count_hidden":0,"_bbp_reply_count_hidden":0,"_bbp_forum_subforum_count":0,"inline_featured_image":false,"spay_email":""},"translation":{"provider":"WPGlobus","version":"3.0.1","language":"sr","enabled_languages":["en","de","sr"],"languages":{"en":{"title":true,"content":true,"excerpt":false},"de":{"title":false,"content":false,"excerpt":false},"sr":{"title":true,"content":true,"excerpt":false}}},"yoast_head":"<!-- This site is optimized with the Yoast SEO plugin v18.3 - https:\/\/yoast.com\/wordpress\/plugins\/seo\/ -->\n<title>Na\u010din podu\u010davanja Hatha Joge. Mentalni otpor. - Lepota promene<\/title>\n<meta name=\"description\" content=\"Na\u010din podu\u010davanja Hatha Joge. \u0160ta spre\u010dava \u010doveka da bude spokojan, zadovoljan i uravnote\u017een? \u0160ta treba poneti na Hatha Joga \u010das i ostali saveti...\" \/>\n<meta name=\"robots\" content=\"index, follow, max-snippet:-1, max-image-preview:large, max-video-preview:-1\" \/>\n<link rel=\"canonical\" href=\"https:\/\/yogajagat.com\/art-of-teaching-hatha-yoga-mind-resistance\/\" \/>\n<meta name=\"twitter:label1\" content=\"Est. reading time\" \/>\n\t<meta name=\"twitter:data1\" content=\"12 minutes\" \/>\n<script type=\"application\/ld+json\" class=\"yoast-schema-graph\">{\"@context\":\"https:\/\/schema.org\",\"@graph\":[{\"@type\":\"Organization\",\"@id\":\"https:\/\/yogajagat.com\/#organization\",\"name\":\"Yogajagat\",\"url\":\"https:\/\/yogajagat.com\/\",\"sameAs\":[],\"logo\":{\"@type\":\"ImageObject\",\"@id\":\"https:\/\/yogajagat.com\/#logo\",\"inLanguage\":\"sr\",\"url\":\"https:\/\/i1.wp.com\/yogajagat.com\/wp-content\/uploads\/2019\/03\/DSC08478-Kopie-1.jpg?fit=798%2C800&ssl=1\",\"contentUrl\":\"https:\/\/i1.wp.com\/yogajagat.com\/wp-content\/uploads\/2019\/03\/DSC08478-Kopie-1.jpg?fit=798%2C800&ssl=1\",\"width\":798,\"height\":800,\"caption\":\"Yogajagat\"},\"image\":{\"@id\":\"https:\/\/yogajagat.com\/#logo\"}},{\"@type\":\"WebSite\",\"@id\":\"https:\/\/yogajagat.com\/#website\",\"url\":\"https:\/\/yogajagat.com\/\",\"name\":\"Lepota promene\",\"description\":\"Neprestanom promenom do najlepseg zivotnog iskustva\",\"publisher\":{\"@id\":\"https:\/\/yogajagat.com\/#organization\"},\"potentialAction\":[{\"@type\":\"SearchAction\",\"target\":{\"@type\":\"EntryPoint\",\"urlTemplate\":\"https:\/\/yogajagat.com\/?s={search_term_string}\"},\"query-input\":\"required name=search_term_string\"}],\"inLanguage\":\"sr\"},{\"@type\":\"ImageObject\",\"@id\":\"https:\/\/yogajagat.com\/art-of-teaching-hatha-yoga-mind-resistance\/#primaryimage\",\"inLanguage\":\"sr\",\"url\":\"http:\/\/yogajagat.com\/wp-content\/uploads\/2017\/12\/DSC01367.jpg\",\"contentUrl\":\"http:\/\/yogajagat.com\/wp-content\/uploads\/2017\/12\/DSC01367.jpg\"},{\"@type\":\"WebPage\",\"@id\":\"https:\/\/yogajagat.com\/art-of-teaching-hatha-yoga-mind-resistance\/#webpage\",\"url\":\"https:\/\/yogajagat.com\/art-of-teaching-hatha-yoga-mind-resistance\/\",\"name\":\"Na\u010din podu\u010davanja Hatha Joge. Mentalni otpor. - Lepota promene\",\"isPartOf\":{\"@id\":\"https:\/\/yogajagat.com\/#website\"},\"primaryImageOfPage\":{\"@id\":\"https:\/\/yogajagat.com\/art-of-teaching-hatha-yoga-mind-resistance\/#primaryimage\"},\"datePublished\":\"2020-01-16T12:20:17+00:00\",\"dateModified\":\"2020-04-07T10:01:17+00:00\",\"description\":\"Na\u010din podu\u010davanja Hatha Joge. \u0160ta spre\u010dava \u010doveka da bude spokojan, zadovoljan i uravnote\u017een? \u0160ta treba poneti na Hatha Joga \u010das i ostali saveti...\",\"breadcrumb\":{\"@id\":\"https:\/\/yogajagat.com\/art-of-teaching-hatha-yoga-mind-resistance\/#breadcrumb\"},\"inLanguage\":\"sr\",\"potentialAction\":[{\"@type\":\"ReadAction\",\"target\":[\"https:\/\/yogajagat.com\/art-of-teaching-hatha-yoga-mind-resistance\/\"]}]},{\"@type\":\"BreadcrumbList\",\"@id\":\"https:\/\/yogajagat.com\/art-of-teaching-hatha-yoga-mind-resistance\/#breadcrumb\",\"itemListElement\":[{\"@type\":\"ListItem\",\"position\":1,\"name\":\"Home\",\"item\":\"https:\/\/yogajagat.com\/sr\/\"},{\"@type\":\"ListItem\",\"position\":2,\"name\":\"Art of Teaching Hatha Yoga. Mind resistance\"}]}]}<\/script>\n<!-- \/ Yoast SEO plugin. -->","yoast_head_json":{"title":"Na\u010din podu\u010davanja Hatha Joge. Mentalni otpor. - Lepota promene","description":"Na\u010din podu\u010davanja Hatha Joge. \u0160ta spre\u010dava \u010doveka da bude spokojan, zadovoljan i uravnote\u017een? \u0160ta treba poneti na Hatha Joga \u010das i ostali saveti...","robots":{"index":"index","follow":"follow","max-snippet":"max-snippet:-1","max-image-preview":"max-image-preview:large","max-video-preview":"max-video-preview:-1"},"canonical":"https:\/\/yogajagat.com\/art-of-teaching-hatha-yoga-mind-resistance\/","twitter_misc":{"Est. reading time":"12 minutes"},"schema":{"@context":"https:\/\/schema.org","@graph":[{"@type":"Organization","@id":"https:\/\/yogajagat.com\/#organization","name":"Yogajagat","url":"https:\/\/yogajagat.com\/","sameAs":[],"logo":{"@type":"ImageObject","@id":"https:\/\/yogajagat.com\/#logo","inLanguage":"sr","url":"https:\/\/i1.wp.com\/yogajagat.com\/wp-content\/uploads\/2019\/03\/DSC08478-Kopie-1.jpg?fit=798%2C800&ssl=1","contentUrl":"https:\/\/i1.wp.com\/yogajagat.com\/wp-content\/uploads\/2019\/03\/DSC08478-Kopie-1.jpg?fit=798%2C800&ssl=1","width":798,"height":800,"caption":"Yogajagat"},"image":{"@id":"https:\/\/yogajagat.com\/#logo"}},{"@type":"WebSite","@id":"https:\/\/yogajagat.com\/#website","url":"https:\/\/yogajagat.com\/","name":"Lepota promene","description":"Neprestanom promenom do najlepseg zivotnog iskustva","publisher":{"@id":"https:\/\/yogajagat.com\/#organization"},"potentialAction":[{"@type":"SearchAction","target":{"@type":"EntryPoint","urlTemplate":"https:\/\/yogajagat.com\/?s={search_term_string}"},"query-input":"required name=search_term_string"}],"inLanguage":"sr"},{"@type":"ImageObject","@id":"https:\/\/yogajagat.com\/art-of-teaching-hatha-yoga-mind-resistance\/#primaryimage","inLanguage":"sr","url":"http:\/\/yogajagat.com\/wp-content\/uploads\/2017\/12\/DSC01367.jpg","contentUrl":"http:\/\/yogajagat.com\/wp-content\/uploads\/2017\/12\/DSC01367.jpg"},{"@type":"WebPage","@id":"https:\/\/yogajagat.com\/art-of-teaching-hatha-yoga-mind-resistance\/#webpage","url":"https:\/\/yogajagat.com\/art-of-teaching-hatha-yoga-mind-resistance\/","name":"Na\u010din podu\u010davanja Hatha Joge. Mentalni otpor. - Lepota promene","isPartOf":{"@id":"https:\/\/yogajagat.com\/#website"},"primaryImageOfPage":{"@id":"https:\/\/yogajagat.com\/art-of-teaching-hatha-yoga-mind-resistance\/#primaryimage"},"datePublished":"2020-01-16T12:20:17+00:00","dateModified":"2020-04-07T10:01:17+00:00","description":"Na\u010din podu\u010davanja Hatha Joge. \u0160ta spre\u010dava \u010doveka da bude spokojan, zadovoljan i uravnote\u017een? \u0160ta treba poneti na Hatha Joga \u010das i ostali saveti...","breadcrumb":{"@id":"https:\/\/yogajagat.com\/art-of-teaching-hatha-yoga-mind-resistance\/#breadcrumb"},"inLanguage":"sr","potentialAction":[{"@type":"ReadAction","target":["https:\/\/yogajagat.com\/art-of-teaching-hatha-yoga-mind-resistance\/"]}]},{"@type":"BreadcrumbList","@id":"https:\/\/yogajagat.com\/art-of-teaching-hatha-yoga-mind-resistance\/#breadcrumb","itemListElement":[{"@type":"ListItem","position":1,"name":"Home","item":"https:\/\/yogajagat.com\/sr\/"},{"@type":"ListItem","position":2,"name":"Art of Teaching Hatha Yoga. Mind resistance"}]}]}},"_links":{"self":[{"href":"https:\/\/yogajagat.com\/sr\/wp-json\/wp\/v2\/pages\/4412"}],"collection":[{"href":"https:\/\/yogajagat.com\/sr\/wp-json\/wp\/v2\/pages"}],"about":[{"href":"https:\/\/yogajagat.com\/sr\/wp-json\/wp\/v2\/types\/page"}],"author":[{"embeddable":true,"href":"https:\/\/yogajagat.com\/sr\/wp-json\/wp\/v2\/users\/1"}],"replies":[{"embeddable":true,"href":"https:\/\/yogajagat.com\/sr\/wp-json\/wp\/v2\/comments?post=4412"}],"version-history":[{"count":43,"href":"https:\/\/yogajagat.com\/sr\/wp-json\/wp\/v2\/pages\/4412\/revisions"}],"predecessor-version":[{"id":5760,"href":"https:\/\/yogajagat.com\/sr\/wp-json\/wp\/v2\/pages\/4412\/revisions\/5760"}],"wp:attachment":[{"href":"https:\/\/yogajagat.com\/sr\/wp-json\/wp\/v2\/media?parent=4412"}],"curies":[{"name":"wp","href":"https:\/\/api.w.org\/{rel}","templated":true}]}}