{"id":4406,"date":"2020-01-16T14:40:18","date_gmt":"2020-01-16T13:40:18","guid":{"rendered":"http:\/\/yogajagat.com\/?page_id=4406"},"modified":"2020-01-22T23:08:52","modified_gmt":"2020-01-22T22:08:52","slug":"asana-sequence-yogajagat-school","status":"publish","type":"page","link":"https:\/\/yogajagat.com\/sr\/sekvenca-joga-asana-i-tradicionalna-hatha-joga\/","title":{"rendered":"Sekvenca Joga Asana i tradicionalna Hatha Joga"},"content":{"rendered":"[vc_row][vc_column][vc_column_text]\n<h3 style=\"text-align: center;\"><span style=\"color: #993300;\">SEKVENCA (redosled) JOGA ASANA, JOGA POLO\u017dAJA<\/span><\/h3>\n<hr \/>\n<p>&nbsp;<\/p>\n<p><em>Koja se sekvenca Joga Asana praktikuje u ovoj \u0161koli?<\/em><\/p>\n<p>Na\u010din podu\u010davanja Joge u ovoj Joga \u0161koli (ne studiju) bazira se na originalnim korenima u tradicionalnoj Hatha Jogi, a koren tradicionalne Hatha Joge je Tantra. To je<a href=\"https:\/\/yogajagat.com\/sr\/ucenja-starih-naroda-vijnana-bhairava-tantra\/\"><span style=\"color: #993300;\"> staro u\u010denje<\/span><\/a> o \u010doveku i ujedno put ljudskog bi\u0107a do njegovih najvi\u0161ih mo\u0107i, kreativnih snaga i do otvaranja srca u potpunosti. (o tantri mo\u017eete dobiti mnogo vi\u0161e podataka ako re\u010d <em>tantra<\/em> ukucate u polje <em>search <\/em>u levom gornjem uglu ove web stranice).<\/p>\n<p>&nbsp;<\/p>\n<p>Nauka Tantre vidi manifestaciju Du\u0161e koja se de\u0161ava po odre\u0111enom redosledu. Hatha Joga je deo Tantre i ona vidi manifestaciju Du\u0161e ta\u010dno po istom redosledu. Taj redosled, na fizi\u010dkom i psihoenergetskom nivou po\u010dinje na temenu glave i spu\u0161ta se ka predelu pupka. Zna\u010di od grube materije do one najfinije.<\/p>\n<div id=\"attachment_1289\" style=\"width: 310px\" class=\"wp-caption alignright\"><img aria-describedby=\"caption-attachment-1289\" loading=\"lazy\" class=\"size-medium wp-image-1289\" src=\"https:\/\/i1.wp.com\/yogajagat.com\/wp-content\/uploads\/2016\/05\/DSC07185-300x225.jpg?resize=300%2C225\" alt=\"shiva the father of yoga\" width=\"300\" height=\"225\" srcset=\"https:\/\/i1.wp.com\/yogajagat.com\/wp-content\/uploads\/2016\/05\/DSC07185.jpg?resize=300%2C225&amp;ssl=1 300w, https:\/\/i1.wp.com\/yogajagat.com\/wp-content\/uploads\/2016\/05\/DSC07185.jpg?resize=768%2C576&amp;ssl=1 768w, https:\/\/i1.wp.com\/yogajagat.com\/wp-content\/uploads\/2016\/05\/DSC07185.jpg?resize=1024%2C768&amp;ssl=1 1024w, https:\/\/i1.wp.com\/yogajagat.com\/wp-content\/uploads\/2016\/05\/DSC07185.jpg?w=1280&amp;ssl=1 1280w\" sizes=\"(max-width: 300px) 100vw, 300px\" data-recalc-dims=\"1\" \/><p id=\"caption-attachment-1289\" class=\"wp-caption-text\">Shiva, \u201ethe father of Yoga\u201c. The original tradition of Hatha Yoga follows the same sequence of the Shiva\u2019s teachings.<\/p><\/div>\n<p>Ovakav redosled Joga Asana, <a href=\"https:\/\/yogajagat.com\/sr\/joga-polozaji-tela-izvodenje-joga-asana\/\"><span style=\"color: #993300;\">Joga polo\u017eaja<\/span><\/a>, sa mno\u0161tvom varijacija meni samoj doneo je mnogo lepote i promene i ovo je sekvenca Joga Asana koje se na mojim \u010dasovima praktikuju.<\/p>\n<p>&nbsp;<\/p>\n<p>Predla\u017eem vam regularno praktikovanje.<\/p>\n<p>Ukoliko se slu\u010dajno nalazite u okolini Kelna, u Nema\u010dkoj, najsr\u010danije ste dobrodo\u0161li na <a href=\"https:\/\/yogajagat.com\/sr\/hatha-joga-casovi\/\"><span style=\"color: #993300;\">\u010dasove<\/span><\/a>. Na ostalim stranicama ispod pomenute mo\u017eete \u010ditati o tome \u0161ta da o\u010dekujete i \u0161ta je potrebno poneti na jedan Hatha Joga \u010das u ovoj \u0161koli.<\/p>\n<p>&nbsp;<\/p>\n<p>A na svim ostalim stranicama na\u0107i \u0107ete podatke koje tra\u017eite.[\/vc_column_text][\/vc_column][\/vc_row][vc_row][vc_column][\/vc_column][\/vc_row][vc_row][vc_column][vc_custom_heading text=&#8221;Praktikovanje Joga Asana&#8221; font_container=&#8221;tag:h2|text_align:center|color:%231d9db7&#8243; google_fonts=&#8221;font_family:Ubuntu%3A300%2C300italic%2Cregular%2Citalic%2C500%2C500italic%2C700%2C700italic|font_style:300%20light%20italic%3A300%3Aitalic&#8221;][\/vc_column][\/vc_row][vc_row][vc_column][vc_column_text]\n<hr \/>\n<p>&nbsp;<\/p>\n<p>U \u0161koli <em>Yogajagat<\/em> Joga Asane se praktikuju sa pauzama. Ovaj na\u010din praktikovanja ima mnogo koristi i smisla, od detoksikacije tkiva i celokuupnog tela do dovo\u0111enja u ravnote\u017eu i potpunog umirivanja celokupnog nervnog sistema.[\/vc_column_text][\/vc_column][\/vc_row][vc_row][vc_column][vc_column_text]Uvek je najbolje da \u010dovek sam isproba svoje puteve ka unutra\u0161njim promenama i spokoju, i univerzalnom miru i Ljubavi.<\/p>\n<p>Ni\u0161ta na Zemlji nije od toga vrednije.<\/p>\n<p>&nbsp;<\/p>\n<p>Imate svu moju podr\u0161ku na ovakvim putevima.[\/vc_column_text][\/vc_column][\/vc_row]\n","protected":false},"excerpt":{"rendered":"<p>[vc_row][vc_column][vc_column_text]<br \/>\nSEKVENCA (redosled) JOGA ASANA, JOGA POLO\u017dAJA<\/p>\n<p>&nbsp;<br \/>\nKoja se sekvenca Joga Asana praktikuje u ovoj \u0161koli?<br \/>\nNa\u010din podu\u010davanja Joge u ovoj Joga \u0161koli (ne studiju) bazira se na originalnim korenima u tradicionalnoj Hatha Jogi, a koren tradicionalne Hatha Joge je Tantra. To je staro u\u010denje o \u010doveku i ujedno put ljudskog bi\u0107a do njegovih najvi\u0161ih mo\u0107i, kreativnih snaga i do otvaranja srca u potpunosti. (o tantri mo\u017eete dobiti mnogo vi\u0161e podataka ako re\u010d tantra ukucate u polje search &#8230;<\/p>\n","protected":false},"author":1,"featured_media":0,"parent":0,"menu_order":0,"comment_status":"closed","ping_status":"closed","template":"template-full-width.php","meta":{"_bbp_topic_count":0,"_bbp_reply_count":0,"_bbp_total_topic_count":0,"_bbp_total_reply_count":0,"_bbp_voice_count":0,"_bbp_anonymous_reply_count":0,"_bbp_topic_count_hidden":0,"_bbp_reply_count_hidden":0,"_bbp_forum_subforum_count":0,"inline_featured_image":false,"spay_email":""},"translation":{"provider":"WPGlobus","version":"3.0.1","language":"sr","enabled_languages":["en","de","sr"],"languages":{"en":{"title":true,"content":true,"excerpt":false},"de":{"title":true,"content":false,"excerpt":false},"sr":{"title":true,"content":true,"excerpt":false}}},"yoast_head":"<!-- This site is optimized with the Yoast SEO plugin v18.3 - https:\/\/yoast.com\/wordpress\/plugins\/seo\/ -->\n<title>Sekvenca Joga Asana i tradicionalna Hatha Joga - Lepota promene<\/title>\n<meta name=\"description\" content=\"Koji se redosled (sekvenca) Joga Asana praktikuje u tradicionalnoj Hatha Jogi? \u0160ta je tantra? Tantra i sekvenca Joga Asana (Joga polo\u017eaja)...\" \/>\n<meta name=\"robots\" content=\"index, follow, max-snippet:-1, max-image-preview:large, max-video-preview:-1\" \/>\n<link rel=\"canonical\" href=\"https:\/\/yogajagat.com\/asana-sequence-yogajagat-school\/\" \/>\n<meta name=\"twitter:label1\" content=\"Est. reading time\" \/>\n\t<meta name=\"twitter:data1\" content=\"5 minutes\" \/>\n<script type=\"application\/ld+json\" class=\"yoast-schema-graph\">{\"@context\":\"https:\/\/schema.org\",\"@graph\":[{\"@type\":\"Organization\",\"@id\":\"https:\/\/yogajagat.com\/#organization\",\"name\":\"Yogajagat\",\"url\":\"https:\/\/yogajagat.com\/\",\"sameAs\":[],\"logo\":{\"@type\":\"ImageObject\",\"@id\":\"https:\/\/yogajagat.com\/#logo\",\"inLanguage\":\"sr\",\"url\":\"https:\/\/i1.wp.com\/yogajagat.com\/wp-content\/uploads\/2019\/03\/DSC08478-Kopie-1.jpg?fit=798%2C800&ssl=1\",\"contentUrl\":\"https:\/\/i1.wp.com\/yogajagat.com\/wp-content\/uploads\/2019\/03\/DSC08478-Kopie-1.jpg?fit=798%2C800&ssl=1\",\"width\":798,\"height\":800,\"caption\":\"Yogajagat\"},\"image\":{\"@id\":\"https:\/\/yogajagat.com\/#logo\"}},{\"@type\":\"WebSite\",\"@id\":\"https:\/\/yogajagat.com\/#website\",\"url\":\"https:\/\/yogajagat.com\/\",\"name\":\"Lepota promene\",\"description\":\"Neprestanom promenom do najlepseg zivotnog iskustva\",\"publisher\":{\"@id\":\"https:\/\/yogajagat.com\/#organization\"},\"potentialAction\":[{\"@type\":\"SearchAction\",\"target\":{\"@type\":\"EntryPoint\",\"urlTemplate\":\"https:\/\/yogajagat.com\/?s={search_term_string}\"},\"query-input\":\"required name=search_term_string\"}],\"inLanguage\":\"sr\"},{\"@type\":\"ImageObject\",\"@id\":\"https:\/\/yogajagat.com\/asana-sequence-yogajagat-school\/#primaryimage\",\"inLanguage\":\"sr\",\"url\":\"http:\/\/yogajagat.com\/wp-content\/uploads\/2016\/05\/DSC07185-300x225.jpg\",\"contentUrl\":\"http:\/\/yogajagat.com\/wp-content\/uploads\/2016\/05\/DSC07185-300x225.jpg\"},{\"@type\":\"WebPage\",\"@id\":\"https:\/\/yogajagat.com\/asana-sequence-yogajagat-school\/#webpage\",\"url\":\"https:\/\/yogajagat.com\/asana-sequence-yogajagat-school\/\",\"name\":\"Sekvenca Joga Asana i tradicionalna Hatha Joga - Lepota promene\",\"isPartOf\":{\"@id\":\"https:\/\/yogajagat.com\/#website\"},\"primaryImageOfPage\":{\"@id\":\"https:\/\/yogajagat.com\/asana-sequence-yogajagat-school\/#primaryimage\"},\"datePublished\":\"2020-01-16T13:40:18+00:00\",\"dateModified\":\"2020-01-22T22:08:52+00:00\",\"description\":\"Koji se redosled (sekvenca) Joga Asana praktikuje u tradicionalnoj Hatha Jogi? \u0160ta je tantra? Tantra i sekvenca Joga Asana (Joga polo\u017eaja)...\",\"breadcrumb\":{\"@id\":\"https:\/\/yogajagat.com\/asana-sequence-yogajagat-school\/#breadcrumb\"},\"inLanguage\":\"sr\",\"potentialAction\":[{\"@type\":\"ReadAction\",\"target\":[\"https:\/\/yogajagat.com\/asana-sequence-yogajagat-school\/\"]}]},{\"@type\":\"BreadcrumbList\",\"@id\":\"https:\/\/yogajagat.com\/asana-sequence-yogajagat-school\/#breadcrumb\",\"itemListElement\":[{\"@type\":\"ListItem\",\"position\":1,\"name\":\"Home\",\"item\":\"https:\/\/yogajagat.com\/sr\/\"},{\"@type\":\"ListItem\",\"position\":2,\"name\":\"Asana Sequence Yogajagat School\"}]}]}<\/script>\n<!-- \/ Yoast SEO plugin. -->","yoast_head_json":{"title":"Sekvenca Joga Asana i tradicionalna Hatha Joga - Lepota promene","description":"Koji se redosled (sekvenca) Joga Asana praktikuje u tradicionalnoj Hatha Jogi? \u0160ta je tantra? Tantra i sekvenca Joga Asana (Joga polo\u017eaja)...","robots":{"index":"index","follow":"follow","max-snippet":"max-snippet:-1","max-image-preview":"max-image-preview:large","max-video-preview":"max-video-preview:-1"},"canonical":"https:\/\/yogajagat.com\/asana-sequence-yogajagat-school\/","twitter_misc":{"Est. reading time":"5 minutes"},"schema":{"@context":"https:\/\/schema.org","@graph":[{"@type":"Organization","@id":"https:\/\/yogajagat.com\/#organization","name":"Yogajagat","url":"https:\/\/yogajagat.com\/","sameAs":[],"logo":{"@type":"ImageObject","@id":"https:\/\/yogajagat.com\/#logo","inLanguage":"sr","url":"https:\/\/i1.wp.com\/yogajagat.com\/wp-content\/uploads\/2019\/03\/DSC08478-Kopie-1.jpg?fit=798%2C800&ssl=1","contentUrl":"https:\/\/i1.wp.com\/yogajagat.com\/wp-content\/uploads\/2019\/03\/DSC08478-Kopie-1.jpg?fit=798%2C800&ssl=1","width":798,"height":800,"caption":"Yogajagat"},"image":{"@id":"https:\/\/yogajagat.com\/#logo"}},{"@type":"WebSite","@id":"https:\/\/yogajagat.com\/#website","url":"https:\/\/yogajagat.com\/","name":"Lepota promene","description":"Neprestanom promenom do najlepseg zivotnog iskustva","publisher":{"@id":"https:\/\/yogajagat.com\/#organization"},"potentialAction":[{"@type":"SearchAction","target":{"@type":"EntryPoint","urlTemplate":"https:\/\/yogajagat.com\/?s={search_term_string}"},"query-input":"required name=search_term_string"}],"inLanguage":"sr"},{"@type":"ImageObject","@id":"https:\/\/yogajagat.com\/asana-sequence-yogajagat-school\/#primaryimage","inLanguage":"sr","url":"http:\/\/yogajagat.com\/wp-content\/uploads\/2016\/05\/DSC07185-300x225.jpg","contentUrl":"http:\/\/yogajagat.com\/wp-content\/uploads\/2016\/05\/DSC07185-300x225.jpg"},{"@type":"WebPage","@id":"https:\/\/yogajagat.com\/asana-sequence-yogajagat-school\/#webpage","url":"https:\/\/yogajagat.com\/asana-sequence-yogajagat-school\/","name":"Sekvenca Joga Asana i tradicionalna Hatha Joga - Lepota promene","isPartOf":{"@id":"https:\/\/yogajagat.com\/#website"},"primaryImageOfPage":{"@id":"https:\/\/yogajagat.com\/asana-sequence-yogajagat-school\/#primaryimage"},"datePublished":"2020-01-16T13:40:18+00:00","dateModified":"2020-01-22T22:08:52+00:00","description":"Koji se redosled (sekvenca) Joga Asana praktikuje u tradicionalnoj Hatha Jogi? \u0160ta je tantra? Tantra i sekvenca Joga Asana (Joga polo\u017eaja)...","breadcrumb":{"@id":"https:\/\/yogajagat.com\/asana-sequence-yogajagat-school\/#breadcrumb"},"inLanguage":"sr","potentialAction":[{"@type":"ReadAction","target":["https:\/\/yogajagat.com\/asana-sequence-yogajagat-school\/"]}]},{"@type":"BreadcrumbList","@id":"https:\/\/yogajagat.com\/asana-sequence-yogajagat-school\/#breadcrumb","itemListElement":[{"@type":"ListItem","position":1,"name":"Home","item":"https:\/\/yogajagat.com\/sr\/"},{"@type":"ListItem","position":2,"name":"Asana Sequence Yogajagat School"}]}]}},"_links":{"self":[{"href":"https:\/\/yogajagat.com\/sr\/wp-json\/wp\/v2\/pages\/4406"}],"collection":[{"href":"https:\/\/yogajagat.com\/sr\/wp-json\/wp\/v2\/pages"}],"about":[{"href":"https:\/\/yogajagat.com\/sr\/wp-json\/wp\/v2\/types\/page"}],"author":[{"embeddable":true,"href":"https:\/\/yogajagat.com\/sr\/wp-json\/wp\/v2\/users\/1"}],"replies":[{"embeddable":true,"href":"https:\/\/yogajagat.com\/sr\/wp-json\/wp\/v2\/comments?post=4406"}],"version-history":[{"count":30,"href":"https:\/\/yogajagat.com\/sr\/wp-json\/wp\/v2\/pages\/4406\/revisions"}],"predecessor-version":[{"id":4882,"href":"https:\/\/yogajagat.com\/sr\/wp-json\/wp\/v2\/pages\/4406\/revisions\/4882"}],"wp:attachment":[{"href":"https:\/\/yogajagat.com\/sr\/wp-json\/wp\/v2\/media?parent=4406"}],"curies":[{"name":"wp","href":"https:\/\/api.w.org\/{rel}","templated":true}]}}