{"id":4401,"date":"2020-01-16T19:05:58","date_gmt":"2020-01-16T18:05:58","guid":{"rendered":"http:\/\/yogajagat.com\/?page_id=4401"},"modified":"2020-02-28T22:08:56","modified_gmt":"2020-02-28T21:08:56","slug":"clearing-up-confusion-in-life-and-about-hatha-yoga-classes","status":"publish","type":"page","link":"https:\/\/yogajagat.com\/sr\/zabuna-oko-casova-hatha-joge-sta-je-pametno-ciniti\/","title":{"rendered":"Zabuna oko \u010dasova Hatha Joge, \u0161ta je pametno \u010diniti"},"content":{"rendered":"[vc_row][vc_column][vc_column_text]\n<h3 style=\"text-align: center;\"><span style=\"color: #993300;\">Zabuna oko \u010dasova Hatha Joge<\/span><\/h3>\n<hr \/>\n<p>&nbsp;<\/p>\n<p><em>\u017divimo u vremenu kada je <strong><span style=\"color: #993300;\"><a style=\"color: #993300;\" href=\"https:\/\/yogajagat.com\/sr\/ujedinjenje-jedinstvo-dna-joga\/\">Joga<\/a> <\/span><\/strong>na\u017ealost postala ogroman posao (biznis) ali posao koji je daleko od bilo kakvih moralnih pravila poslovanja. Oni koji su odlu\u010dili da se dr\u017ee dalje od tog tu\u017enog posla, danas, umesto par re\u010denica o istinitoj lepoti i stvarnoj jednostavnosti Joge, moraju da pi\u0161u stranice.<\/em><br \/>\n<span style=\"color: #008080;\">Postoji ogromna potreba da se stvari postave na pravo mesto. I da se re\u0161i zabuna na \u010dasovima i oko \u010dasova Hatha Joge.<\/span><\/p>\n<p>&nbsp;<\/p>\n[\/vc_column_text][\/vc_column][\/vc_row][vc_row][vc_column][vc_column_text]Na <a href=\"https:\/\/yogajagat.com\/sr\/fotografije-joga-asana-joga-polozaji\/\"><span style=\"color: #993300;\">ovim fotografijama<\/span> <\/a>mo\u017eete videti mnoge od vrlo naprednih asana ali nemojte da vas one bune. Mnoge od ovih Joga polo\u017eaja ja ne podu\u010davam na Hatha Joga \u010dasovima.<\/p>\n<p>&nbsp;<\/p>\n<p>Onima koji ovakve polo\u017eaje mogu da izvedu ne treba \u010das Joge osim ukoliko takvi ljudi svu muku do sada nisu obavili da bi reklamirali ne\u0161to ili nekoga. Na moje \u010dasove <a href=\"https:\/\/yogajagat.com\/sr\/nacin-poducavanja-hatha-joge-mentalni-otpor\/\"><span style=\"color: #993300;\">ne morate<\/span><\/a> da donesete ovakve opsesije. Ja sam ipak vi\u0161e za evoluciju divne ljudske du\u0161e i za radosno izvo\u0111enje Joga polo\u017eaja bez ikakvog takmi\u010denja, znojenja i bola.<\/p>\n<p>&nbsp;<\/p>\n<p>U mojim pedestim godinama moje telo je jo\u0161 uvek fleksibilnije od mnogih tela dvadesetogodi\u0161njaka. I jo\u0161 uvek mogu da izvedem mno\u0161tvo vrlo naprednih Joga polo\u017eaja svejedno da li su one nazvane po delovima tela, raznim \u017eivotinjama, suncu, mesecu ili bogovima.<\/p>\n<p>Moja praksa i ostale okolnosti su mi jo\u0161 davno, sasvim prirodno i spontano donele ose\u0107aj vrste produ\u017eetka nekog drveta, vodopada, fotona, li\u010dne zrelosti, neke druge ruke ili ne\u010dijeg rebra, same lepote, gena, neba, dana, no\u0107i.<\/p>\n[\/vc_column_text][\/vc_column][\/vc_row][vc_row][vc_column][vc_custom_heading text=&#8221;\u0160ta je jedino va\u017eno&#8221; font_container=&#8221;tag:h2|text_align:center|color:%23dd9933&#8243; google_fonts=&#8221;font_family:Ubuntu%3A300%2C300italic%2Cregular%2Citalic%2C500%2C500italic%2C700%2C700italic|font_style:300%20light%20italic%3A300%3Aitalic&#8221;][\/vc_column][\/vc_row][vc_row][vc_column][vc_column_text]\n<hr \/>\n<p>&nbsp;<\/p>\n<p><span style=\"color: #993300;\">Va\u017eno je da \u010dovek ne osu\u0111uje nasumice, da ne meri, da ima poverenja i da se ne poredi sa bilo kim i bilo \u010dime.<\/span><\/p>\n<p>&nbsp;<\/p>\n<p>Jedina stvar koja je za vas va\u017ena jeste da budete svoji i to ne\u017eni-svoji, da budete ljubazni prema sebi samima i da praktikujete stvari na pravi na\u010din.<\/p>\n<p>I prave stvari \u0107e do\u0107i.<\/p>\n<p>&nbsp;<\/p>\n<p>Naravno da ima mnogo onih koji bi hteli da nau\u010de interesantne Joga polo\u017eaje kao recimo stajanje na glavi. Ovakve asane ja i dalje izvodim stabilno i bez ikakvih prepreka, i rado ih <a href=\"https:\/\/yogajagat.com\/sr\/nacin-poducavanja-hatha-joge-mentalni-otpor\/\"><span style=\"color: #993300;\">podu\u010davam<\/span><\/a>. Na sanskritu se stoj na glavi zove <em>\u0160ir\u0161asana<\/em>, i bukvalno zna\u010di stajanje na glavi.<\/p>\n<p>&nbsp;<\/p>\n<p>Ali molim vas, imajte na umu da je stajanje na glavi kao i sam \u017eivot.<\/p>\n<p>Kada prestanete da se slu\u017eite pre\u010dicama na kojima pri tom izgledate kao bezuspe\u0161no skakaju\u0107a \u017eaba, i kada nau\u010dite da koristite va\u0161u<em> unutra\u0161nju<\/em>, ljudsku snagu, bi\u0107ete sposobni da na va\u0161oj glavi nosite va\u0161 ceo \u017eivot. I mnogo vi\u0161e od toga.<\/p>\n<p>&nbsp;<\/p>\n<p>Naravno, da bi zapadni \u010dovek stajao na glavi (\u010dije se telo, praksa Joge kao i kompletan pristup duhovnosti veoma razlikuje od onog na Istoku) treba da ima i \u010dvrsto telo, tj. fleksibilne mi\u0161i\u0107e. U\u010denje ovakvih Joga polo\u017eaja donosi mnogo zabave i sve zavisi od vas jer ja ipak ne podu\u010davam imena Joga polo\u017eaja ve\u0107 \u017eive ljude.<\/p>\n<p>Ali opet, imajte na umu da stoj na glavi definitivno ne bi trebao da bude cilj ljudskog \u017eivota.<\/p>\n<p>Telesni manevri kao \u0161to je stajanje na rukama nikada nisu bili i nikada ne\u0107e biti Joga praksa koja ima va\u017enost u bilo kom smislu.<\/p>\n<p>&nbsp;<\/p>\n<p>Uvek je najmudrije i sam praktikovati i sam sticati iskustvo i znanje a ne po\u010dinjati dan i zavr\u0161avati ga suvoparnim komentarisanjem i \u010ditanjem.<\/p>\n<p>Najbolji na\u010din je da se proba, da se praktikuje, i da se sre\u0107no nastavi sa onim \u0161to za um, duh, srce i du\u0161u funkcioni\u0161e odbacuju\u0107i sve ono \u0161to ne funkcioni\u0161e.<\/p>\n<p><span style=\"color: #993300;\">Jedino pravo znanje je ono koje dolazi iz unutra\u0161njeg znanja.<\/span><\/p>\n<p><span style=\"color: #993300;\">Unutra\u0161nje znanje dolazi iz unutra\u0161njeg iskustva.<\/span><\/p>\n<p><span style=\"color: #993300;\">Unutra\u0161nje iskustvo dolazi iz unutra\u0161njeg po\u017ertvovanja.<\/span><\/p>\n<p>&nbsp;<\/p>\n<p><a href=\"https:\/\/yogajagat.com\/sr\/koristi-praktikovanja-joge-joga-poruka-starih-naroda\/\"><span style=\"color: #993300;\">Koristi<\/span> <\/a>od praktikovanja tehnika Joge ima bezbroj. Pored toga <a href=\"https:\/\/yogajagat.com\/sr\/svako-ljudsko-bice-je-pravo-blago\/\"><span style=\"color: #993300;\">svako ljudsko bi\u0107e je \u010disto blago<\/span><\/a>.<\/p>\n[\/vc_column_text][\/vc_column][\/vc_row][vc_row][vc_column][vc_column_text]<img loading=\"lazy\" class=\"aligncenter size-full wp-image-4371\" src=\"https:\/\/i2.wp.com\/yogajagat.com\/wp-content\/uploads\/2020\/01\/DSC04620.jpg?resize=640%2C480\" alt=\"zabuna oko \u010dasova hatha joge \u0161ta je va\u017eno na \u010dasovima\" width=\"640\" height=\"480\" srcset=\"https:\/\/i2.wp.com\/yogajagat.com\/wp-content\/uploads\/2020\/01\/DSC04620.jpg?w=640&amp;ssl=1 640w, https:\/\/i2.wp.com\/yogajagat.com\/wp-content\/uploads\/2020\/01\/DSC04620.jpg?resize=300%2C225&amp;ssl=1 300w\" sizes=\"(max-width: 640px) 100vw, 640px\" data-recalc-dims=\"1\" \/>[\/vc_column_text][\/vc_column][\/vc_row]\n","protected":false},"excerpt":{"rendered":"<p>[vc_row][vc_column][vc_column_text]<br \/>\nZabuna oko \u010dasova Hatha Joge<\/p>\n<p>&nbsp;<br \/>\n\u017divimo u vremenu kada je Joga na\u017ealost postala ogroman posao (biznis) ali posao koji je daleko od bilo kakvih moralnih pravila poslovanja. Oni koji su odlu\u010dili da se dr\u017ee dalje od tog tu\u017enog posla, danas, umesto par re\u010denica o istinitoj lepoti i stvarnoj jednostavnosti Joge, moraju da pi\u0161u stranice.<br \/>\nPostoji ogromna potreba da se stvari postave na pravo mesto. I da se re\u0161i zabuna na \u010dasovima i oko \u010dasova Hatha Joge.<br \/>\n&nbsp;<br ...\n<\/p>\n","protected":false},"author":1,"featured_media":0,"parent":0,"menu_order":0,"comment_status":"closed","ping_status":"closed","template":"template-full-width.php","meta":{"_bbp_topic_count":0,"_bbp_reply_count":0,"_bbp_total_topic_count":0,"_bbp_total_reply_count":0,"_bbp_voice_count":0,"_bbp_anonymous_reply_count":0,"_bbp_topic_count_hidden":0,"_bbp_reply_count_hidden":0,"_bbp_forum_subforum_count":0,"inline_featured_image":false,"spay_email":""},"translation":{"provider":"WPGlobus","version":"3.0.1","language":"sr","enabled_languages":["en","de","sr"],"languages":{"en":{"title":true,"content":true,"excerpt":false},"de":{"title":false,"content":false,"excerpt":false},"sr":{"title":true,"content":true,"excerpt":false}}},"yoast_head":"<!-- This site is optimized with the Yoast SEO plugin v18.3 - https:\/\/yoast.com\/wordpress\/plugins\/seo\/ -->\n<title>Zabuna oko \u010dasova Hatha Joge, \u0161ta je pametno \u010diniti - Lepota promene<\/title>\n<meta name=\"description\" content=\"Zabuna oko \u010dasova Hatha Joge. \u0160ta je va\u017eno na \u010dasovima Hatha Joge? \u0160ta je stoj na glavi? Da li je stoj na rukama Hatha Joga...\" \/>\n<meta name=\"robots\" content=\"index, follow, max-snippet:-1, max-image-preview:large, max-video-preview:-1\" \/>\n<link rel=\"canonical\" href=\"https:\/\/yogajagat.com\/clearing-up-confusion-in-life-and-about-hatha-yoga-classes\/\" \/>\n<meta name=\"twitter:label1\" content=\"Est. reading time\" \/>\n\t<meta name=\"twitter:data1\" content=\"7 minutes\" \/>\n<script type=\"application\/ld+json\" class=\"yoast-schema-graph\">{\"@context\":\"https:\/\/schema.org\",\"@graph\":[{\"@type\":\"Organization\",\"@id\":\"https:\/\/yogajagat.com\/#organization\",\"name\":\"Yogajagat\",\"url\":\"https:\/\/yogajagat.com\/\",\"sameAs\":[],\"logo\":{\"@type\":\"ImageObject\",\"@id\":\"https:\/\/yogajagat.com\/#logo\",\"inLanguage\":\"sr\",\"url\":\"https:\/\/i1.wp.com\/yogajagat.com\/wp-content\/uploads\/2019\/03\/DSC08478-Kopie-1.jpg?fit=798%2C800&ssl=1\",\"contentUrl\":\"https:\/\/i1.wp.com\/yogajagat.com\/wp-content\/uploads\/2019\/03\/DSC08478-Kopie-1.jpg?fit=798%2C800&ssl=1\",\"width\":798,\"height\":800,\"caption\":\"Yogajagat\"},\"image\":{\"@id\":\"https:\/\/yogajagat.com\/#logo\"}},{\"@type\":\"WebSite\",\"@id\":\"https:\/\/yogajagat.com\/#website\",\"url\":\"https:\/\/yogajagat.com\/\",\"name\":\"Lepota promene\",\"description\":\"Neprestanom promenom do najlepseg zivotnog iskustva\",\"publisher\":{\"@id\":\"https:\/\/yogajagat.com\/#organization\"},\"potentialAction\":[{\"@type\":\"SearchAction\",\"target\":{\"@type\":\"EntryPoint\",\"urlTemplate\":\"https:\/\/yogajagat.com\/?s={search_term_string}\"},\"query-input\":\"required name=search_term_string\"}],\"inLanguage\":\"sr\"},{\"@type\":\"ImageObject\",\"@id\":\"https:\/\/yogajagat.com\/clearing-up-confusion-in-life-and-about-hatha-yoga-classes\/#primaryimage\",\"inLanguage\":\"sr\",\"url\":\"http:\/\/yogajagat.com\/wp-content\/uploads\/2018\/06\/DSC09093.jpg\",\"contentUrl\":\"http:\/\/yogajagat.com\/wp-content\/uploads\/2018\/06\/DSC09093.jpg\"},{\"@type\":\"WebPage\",\"@id\":\"https:\/\/yogajagat.com\/clearing-up-confusion-in-life-and-about-hatha-yoga-classes\/#webpage\",\"url\":\"https:\/\/yogajagat.com\/clearing-up-confusion-in-life-and-about-hatha-yoga-classes\/\",\"name\":\"Zabuna oko \u010dasova Hatha Joge, \u0161ta je pametno \u010diniti - Lepota promene\",\"isPartOf\":{\"@id\":\"https:\/\/yogajagat.com\/#website\"},\"primaryImageOfPage\":{\"@id\":\"https:\/\/yogajagat.com\/clearing-up-confusion-in-life-and-about-hatha-yoga-classes\/#primaryimage\"},\"datePublished\":\"2020-01-16T18:05:58+00:00\",\"dateModified\":\"2020-02-28T21:08:56+00:00\",\"description\":\"Zabuna oko \u010dasova Hatha Joge. \u0160ta je va\u017eno na \u010dasovima Hatha Joge? \u0160ta je stoj na glavi? Da li je stoj na rukama Hatha Joga...\",\"breadcrumb\":{\"@id\":\"https:\/\/yogajagat.com\/clearing-up-confusion-in-life-and-about-hatha-yoga-classes\/#breadcrumb\"},\"inLanguage\":\"sr\",\"potentialAction\":[{\"@type\":\"ReadAction\",\"target\":[\"https:\/\/yogajagat.com\/clearing-up-confusion-in-life-and-about-hatha-yoga-classes\/\"]}]},{\"@type\":\"BreadcrumbList\",\"@id\":\"https:\/\/yogajagat.com\/clearing-up-confusion-in-life-and-about-hatha-yoga-classes\/#breadcrumb\",\"itemListElement\":[{\"@type\":\"ListItem\",\"position\":1,\"name\":\"Home\",\"item\":\"https:\/\/yogajagat.com\/sr\/\"},{\"@type\":\"ListItem\",\"position\":2,\"name\":\"Clearing Up Confusion in Life and About Hatha Yoga Classes\"}]}]}<\/script>\n<!-- \/ Yoast SEO plugin. -->","yoast_head_json":{"title":"Zabuna oko \u010dasova Hatha Joge, \u0161ta je pametno \u010diniti - Lepota promene","description":"Zabuna oko \u010dasova Hatha Joge. \u0160ta je va\u017eno na \u010dasovima Hatha Joge? \u0160ta je stoj na glavi? Da li je stoj na rukama Hatha Joga...","robots":{"index":"index","follow":"follow","max-snippet":"max-snippet:-1","max-image-preview":"max-image-preview:large","max-video-preview":"max-video-preview:-1"},"canonical":"https:\/\/yogajagat.com\/clearing-up-confusion-in-life-and-about-hatha-yoga-classes\/","twitter_misc":{"Est. reading time":"7 minutes"},"schema":{"@context":"https:\/\/schema.org","@graph":[{"@type":"Organization","@id":"https:\/\/yogajagat.com\/#organization","name":"Yogajagat","url":"https:\/\/yogajagat.com\/","sameAs":[],"logo":{"@type":"ImageObject","@id":"https:\/\/yogajagat.com\/#logo","inLanguage":"sr","url":"https:\/\/i1.wp.com\/yogajagat.com\/wp-content\/uploads\/2019\/03\/DSC08478-Kopie-1.jpg?fit=798%2C800&ssl=1","contentUrl":"https:\/\/i1.wp.com\/yogajagat.com\/wp-content\/uploads\/2019\/03\/DSC08478-Kopie-1.jpg?fit=798%2C800&ssl=1","width":798,"height":800,"caption":"Yogajagat"},"image":{"@id":"https:\/\/yogajagat.com\/#logo"}},{"@type":"WebSite","@id":"https:\/\/yogajagat.com\/#website","url":"https:\/\/yogajagat.com\/","name":"Lepota promene","description":"Neprestanom promenom do najlepseg zivotnog iskustva","publisher":{"@id":"https:\/\/yogajagat.com\/#organization"},"potentialAction":[{"@type":"SearchAction","target":{"@type":"EntryPoint","urlTemplate":"https:\/\/yogajagat.com\/?s={search_term_string}"},"query-input":"required name=search_term_string"}],"inLanguage":"sr"},{"@type":"ImageObject","@id":"https:\/\/yogajagat.com\/clearing-up-confusion-in-life-and-about-hatha-yoga-classes\/#primaryimage","inLanguage":"sr","url":"http:\/\/yogajagat.com\/wp-content\/uploads\/2018\/06\/DSC09093.jpg","contentUrl":"http:\/\/yogajagat.com\/wp-content\/uploads\/2018\/06\/DSC09093.jpg"},{"@type":"WebPage","@id":"https:\/\/yogajagat.com\/clearing-up-confusion-in-life-and-about-hatha-yoga-classes\/#webpage","url":"https:\/\/yogajagat.com\/clearing-up-confusion-in-life-and-about-hatha-yoga-classes\/","name":"Zabuna oko \u010dasova Hatha Joge, \u0161ta je pametno \u010diniti - Lepota promene","isPartOf":{"@id":"https:\/\/yogajagat.com\/#website"},"primaryImageOfPage":{"@id":"https:\/\/yogajagat.com\/clearing-up-confusion-in-life-and-about-hatha-yoga-classes\/#primaryimage"},"datePublished":"2020-01-16T18:05:58+00:00","dateModified":"2020-02-28T21:08:56+00:00","description":"Zabuna oko \u010dasova Hatha Joge. \u0160ta je va\u017eno na \u010dasovima Hatha Joge? \u0160ta je stoj na glavi? Da li je stoj na rukama Hatha Joga...","breadcrumb":{"@id":"https:\/\/yogajagat.com\/clearing-up-confusion-in-life-and-about-hatha-yoga-classes\/#breadcrumb"},"inLanguage":"sr","potentialAction":[{"@type":"ReadAction","target":["https:\/\/yogajagat.com\/clearing-up-confusion-in-life-and-about-hatha-yoga-classes\/"]}]},{"@type":"BreadcrumbList","@id":"https:\/\/yogajagat.com\/clearing-up-confusion-in-life-and-about-hatha-yoga-classes\/#breadcrumb","itemListElement":[{"@type":"ListItem","position":1,"name":"Home","item":"https:\/\/yogajagat.com\/sr\/"},{"@type":"ListItem","position":2,"name":"Clearing Up Confusion in Life and About Hatha Yoga Classes"}]}]}},"_links":{"self":[{"href":"https:\/\/yogajagat.com\/sr\/wp-json\/wp\/v2\/pages\/4401"}],"collection":[{"href":"https:\/\/yogajagat.com\/sr\/wp-json\/wp\/v2\/pages"}],"about":[{"href":"https:\/\/yogajagat.com\/sr\/wp-json\/wp\/v2\/types\/page"}],"author":[{"embeddable":true,"href":"https:\/\/yogajagat.com\/sr\/wp-json\/wp\/v2\/users\/1"}],"replies":[{"embeddable":true,"href":"https:\/\/yogajagat.com\/sr\/wp-json\/wp\/v2\/comments?post=4401"}],"version-history":[{"count":25,"href":"https:\/\/yogajagat.com\/sr\/wp-json\/wp\/v2\/pages\/4401\/revisions"}],"predecessor-version":[{"id":5600,"href":"https:\/\/yogajagat.com\/sr\/wp-json\/wp\/v2\/pages\/4401\/revisions\/5600"}],"wp:attachment":[{"href":"https:\/\/yogajagat.com\/sr\/wp-json\/wp\/v2\/media?parent=4401"}],"curies":[{"name":"wp","href":"https:\/\/api.w.org\/{rel}","templated":true}]}}