{"id":4380,"date":"2020-01-16T17:19:15","date_gmt":"2020-01-16T16:19:15","guid":{"rendered":"http:\/\/yogajagat.com\/?page_id=4380"},"modified":"2020-02-28T22:04:22","modified_gmt":"2020-02-28T21:04:22","slug":"what-i-promise-you-coming-to-hatha-yoga-classes","status":"publish","type":"page","link":"https:\/\/yogajagat.com\/sr\/sta-vam-obecavam-posecujuci-casove-hatha-joge\/","title":{"rendered":"\u0160ta vam obe\u0107avam pose\u0107uju\u0107i \u010dasove Hatha Joge"},"content":{"rendered":"[vc_row][vc_column][vc_column_text]\n<h3 style=\"text-align: center;\"><span style=\"color: #993300;\">\u0160ta vam obe\u0107avam<\/span><\/h3>\n<hr \/>\n<p>&nbsp;<\/p>\n<p>Ono \u0161ta vam obe\u0107avam je- ni\u0161ta.<\/p>\n<p>Pose\u0107uju\u0107i Hatha Joga \u010dasove koje ja vodim, ne obe\u0107avam vam niti da \u0107ete biti fleksibilni kao guma, niti da \u0107ete smr\u0161ati, niti da \u0107ete i sami postati <span style=\"color: #993300;\">Joga<\/span>.<\/p>\n[\/vc_column_text][\/vc_column][\/vc_row][vc_row][vc_column][vc_custom_heading text=&#8221;\u0160ta je u \u017eivotu i na \u010dasovima Hatha Joge va\u017eno&#8221; font_container=&#8221;tag:h2|text_align:center|color:%231997aa&#8221; google_fonts=&#8221;font_family:Ubuntu%3A300%2C300italic%2Cregular%2Citalic%2C500%2C500italic%2C700%2C700italic|font_style:300%20light%20italic%3A300%3Aitalic&#8221;][\/vc_column][\/vc_row][vc_row][vc_column][vc_column_text]\n<hr \/>\n<p>&nbsp;<\/p>\n<p>Joga nije gimnasticiranje ve\u0107<a href=\"https:\/\/yogajagat.com\/sr\/ujedinjenje-jedinstvo-dna-joga\/\"><span style=\"color: #993300;\"> nauka o du\u0161i<\/span>,<\/a> a rezultat zavisi od vas.<\/p>\n<p>Ukoliko tehnike Joge praktikujete sa:<\/p>\n<p><span style=\"color: #993300;\"> puno iskrenosti, <\/span><\/p>\n<p><span style=\"color: #993300;\">strpljenja, <\/span><\/p>\n<p><span style=\"color: #993300;\">poniznosti, <\/span><\/p>\n<p><span style=\"color: #993300;\">dubokim razumevanjem ne\u017enosti, <\/span><\/p>\n<p><span style=\"color: #993300;\">ispravnom ishranom i samokontrolom, <\/span><\/p>\n<p><span style=\"color: #993300;\">tolerancijom prema i prihvatanjem va\u0161ih slabosti bilo one slabosti va\u0161ih zglobova ili va\u0161eg duha,<\/span><\/p>\n<p><span style=\"color: #993300;\">velikom snagom volje da prevazi\u0111ete va\u0161u pro\u0161lost, lenjost, potrebu za imitacijom, va\u0161e predrasude, gnev, ljubomoru, mr\u017enju, zlobu, \u017eudnju da budete bolji od drugih ili ose\u0107aj da ste gori od\u00a0 drugih, <\/span><\/p>\n<p><span style=\"color: #993300;\">onda ste na najboljem putu da otvorite va\u0161e telo i va\u0161 duh.<\/span><\/p>\n<p>&nbsp;<\/p>\n<p>Najbitnija stvar koja je na ovakvom putu va\u017ena jeste da biste i vi sami trebali da iskreno i prili\u010dno kriti\u010dki preispitate podlogu va\u0161eg li\u010dnog bi\u0107a i va\u0161e li\u010dne svesti.<\/p>\n<p>I rezultati \u0107e i sami do\u0107i.<\/p>\n[\/vc_column_text][vc_custom_heading text=&#8221;Imate svu moju podr\u0161ku&#8221; font_container=&#8221;tag:h2|text_align:center|color:%231997aa&#8221; google_fonts=&#8221;font_family:Ubuntu%3A300%2C300italic%2Cregular%2Citalic%2C500%2C500italic%2C700%2C700italic|font_style:300%20light%20italic%3A300%3Aitalic&#8221;][\/vc_column][\/vc_row][vc_row][vc_column][vc_column_text]\n<hr \/>\n<p>&nbsp;<\/p>\n<p>U svemu ovome ja vas podr\u017eavam celom svojim srcem i iskustvom.<\/p>\n<p>Svako ljudsko bi\u0107e je<a href=\"https:\/\/yogajagat.com\/sr\/svako-ljudsko-bice-je-pravo-blago\/\"><span style=\"color: #993300;\"> \u010disto blago<\/span><\/a> i od svako ljudsko bi\u0107e ima i od mene \u0107e uvek, koliko god je to mogu\u0107e, imati podr\u0161ku na putu prepoznavanja va\u0161e sopstvene autenti\u010dnosti i podr\u0161ku za \u017eivot oslobo\u0111en od najrazli\u010ditih problema i bolesti bilo onih u telu ili duhu.<\/p>\n[\/vc_column_text][vc_custom_heading text=&#8221;Pravo znanje je \u010disto blago&#8221; font_container=&#8221;tag:h2|text_align:center|color:%231997aa&#8221; google_fonts=&#8221;font_family:Ubuntu%3A300%2C300italic%2Cregular%2Citalic%2C500%2C500italic%2C700%2C700italic|font_style:300%20light%20italic%3A300%3Aitalic&#8221;][\/vc_column][\/vc_row][vc_row][vc_column][vc_column_text]\n<hr \/>\n<p>&nbsp;<\/p>\n<p>Kao na svim poljima ljudskog \u017eivota uvek je bolje i sam isprobati nego samo \u010ditati ili sebi dozvoljavati da se bude vo\u0111en mi\u0161ljenjem i pravilima drugih.<\/p>\n<p>Jedino pravo znanje je ono koje dolazi iz unutra\u0161njeg znanja.<\/p>\n<p>Unutra\u0161nje znanje dolazi iz unutra\u0161njeg iskustva.<\/p>\n<p>Unutra\u0161nje iskustvo dolazi iz unutra\u0161njeg po\u017ertvovanja.<\/p>\n<p>&nbsp;<\/p>\n<p>Leonard Cohen je u svom &#8220;<em>Anthem<\/em>-u&#8221; rekao <em>&#8220;Forget your perfect offerings, let the light come in.&#8221;<\/em><\/p>\n<p>&nbsp;<\/p>\n<p>Zaboravite va\u0161e savr\u0161ene ponude, dozvolite da svetlost u\u0111e.<\/p>\n<p>Pored toga, ostavite va\u0161a ogromna o\u010dekivanja iza vas i dozvolite da zdravlje u\u0111e.<\/p>\n<p>I zdravlje \u0107e u\u0107i.<\/p>\n<p>&nbsp;<\/p>\n<p style=\"text-align: center;\"><span style=\"color: #993300;\">Preuzmite rizik.<\/span><\/p>\n[\/vc_column_text][\/vc_column][\/vc_row][vc_row][vc_column][vc_column_text]<img loading=\"lazy\" class=\"aligncenter size-full wp-image-4248\" src=\"https:\/\/i2.wp.com\/yogajagat.com\/wp-content\/uploads\/2019\/12\/DSC00357.jpg?resize=640%2C480\" alt=\"\u0161ta vam obe\u017eavam pose\u0107iju\u0107i \u010dasove hatha joge\" width=\"640\" height=\"480\" srcset=\"https:\/\/i2.wp.com\/yogajagat.com\/wp-content\/uploads\/2019\/12\/DSC00357.jpg?w=640&amp;ssl=1 640w, https:\/\/i2.wp.com\/yogajagat.com\/wp-content\/uploads\/2019\/12\/DSC00357.jpg?resize=300%2C225&amp;ssl=1 300w\" sizes=\"(max-width: 640px) 100vw, 640px\" data-recalc-dims=\"1\" \/>[\/vc_column_text][\/vc_column][\/vc_row]\n","protected":false},"excerpt":{"rendered":"<p>[vc_row][vc_column][vc_column_text]<br \/>\n\u0160ta vam obe\u0107avam<\/p>\n<p>&nbsp;<br \/>\nOno \u0161ta vam obe\u0107avam je- ni\u0161ta.<br \/>\nPose\u0107uju\u0107i Hatha Joga \u010dasove koje ja vodim, ne obe\u0107avam vam niti da \u0107ete biti fleksibilni kao guma, niti da \u0107ete smr\u0161ati, niti da \u0107ete i sami postati Joga.<br \/>\n[\/vc_column_text][\/vc_column][\/vc_row][vc_row][vc_column][vc_custom_heading text=&#8221;\u0160ta je u \u017eivotu i na \u010dasovima Hatha Joge va\u017eno&#8221; font_container=&#8221;tag:h2|text_align:center|color:%231997aa&#8221; google_fonts=&#8221;font_family:Ubuntu%3A300%2C300italic%2Cregular%2Citalic%2C500%2C500italic%2C700%2C700italic|font_style:300%20light%20italic%3A300%3Aitalic&#8221;][\/vc_column][\/vc_row][vc_row][vc_column][vc_column_text]<\/p>\n<p>&nbsp;<br \/>\nJoga nije gimnasticiranje ve\u0107 nauka o du\u0161i, a rezultat zavisi od vas.<br \/>\nUkoliko tehnike Joge praktikujete sa:<br \/>\n puno iskrenosti, <br \/>\nstrpljenja, <br \/>\nponiznosti, <br ...\n<\/p>\n","protected":false},"author":1,"featured_media":0,"parent":0,"menu_order":0,"comment_status":"closed","ping_status":"closed","template":"template-full-width.php","meta":{"_bbp_topic_count":0,"_bbp_reply_count":0,"_bbp_total_topic_count":0,"_bbp_total_reply_count":0,"_bbp_voice_count":0,"_bbp_anonymous_reply_count":0,"_bbp_topic_count_hidden":0,"_bbp_reply_count_hidden":0,"_bbp_forum_subforum_count":0,"inline_featured_image":false,"spay_email":""},"translation":{"provider":"WPGlobus","version":"3.0.1","language":"sr","enabled_languages":["en","de","sr"],"languages":{"en":{"title":true,"content":true,"excerpt":false},"de":{"title":false,"content":false,"excerpt":false},"sr":{"title":true,"content":true,"excerpt":false}}},"yoast_head":"<!-- This site is optimized with the Yoast SEO plugin v18.3 - https:\/\/yoast.com\/wordpress\/plugins\/seo\/ -->\n<title>\u0160ta vam obe\u0107avam pose\u0107uju\u0107i \u010dasove Hatha Joge - Lepota promene<\/title>\n<meta name=\"description\" content=\"\u0160ta vam obe\u0107avam, pose\u0107uju\u0107i \u010dasove Hatha Joge, je- ni\u0161ta. Umesto toga, imate moju podr\u0161ku na putu prepoznavanja va\u0161e jedinstvenosti...\" \/>\n<meta name=\"robots\" content=\"index, follow, max-snippet:-1, max-image-preview:large, max-video-preview:-1\" \/>\n<link rel=\"canonical\" href=\"https:\/\/yogajagat.com\/what-i-promise-you-coming-to-hatha-yoga-classes\/\" \/>\n<meta name=\"twitter:label1\" content=\"Est. reading time\" \/>\n\t<meta name=\"twitter:data1\" content=\"6 minutes\" \/>\n<script type=\"application\/ld+json\" class=\"yoast-schema-graph\">{\"@context\":\"https:\/\/schema.org\",\"@graph\":[{\"@type\":\"Organization\",\"@id\":\"https:\/\/yogajagat.com\/#organization\",\"name\":\"Yogajagat\",\"url\":\"https:\/\/yogajagat.com\/\",\"sameAs\":[],\"logo\":{\"@type\":\"ImageObject\",\"@id\":\"https:\/\/yogajagat.com\/#logo\",\"inLanguage\":\"sr\",\"url\":\"https:\/\/i1.wp.com\/yogajagat.com\/wp-content\/uploads\/2019\/03\/DSC08478-Kopie-1.jpg?fit=798%2C800&ssl=1\",\"contentUrl\":\"https:\/\/i1.wp.com\/yogajagat.com\/wp-content\/uploads\/2019\/03\/DSC08478-Kopie-1.jpg?fit=798%2C800&ssl=1\",\"width\":798,\"height\":800,\"caption\":\"Yogajagat\"},\"image\":{\"@id\":\"https:\/\/yogajagat.com\/#logo\"}},{\"@type\":\"WebSite\",\"@id\":\"https:\/\/yogajagat.com\/#website\",\"url\":\"https:\/\/yogajagat.com\/\",\"name\":\"Lepota promene\",\"description\":\"Neprestanom promenom do najlepseg zivotnog iskustva\",\"publisher\":{\"@id\":\"https:\/\/yogajagat.com\/#organization\"},\"potentialAction\":[{\"@type\":\"SearchAction\",\"target\":{\"@type\":\"EntryPoint\",\"urlTemplate\":\"https:\/\/yogajagat.com\/?s={search_term_string}\"},\"query-input\":\"required name=search_term_string\"}],\"inLanguage\":\"sr\"},{\"@type\":\"ImageObject\",\"@id\":\"https:\/\/yogajagat.com\/what-i-promise-you-coming-to-hatha-yoga-classes\/#primaryimage\",\"inLanguage\":\"sr\",\"url\":\"http:\/\/yogajagat.com\/wp-content\/uploads\/2019\/12\/DSC04691-2.jpg\",\"contentUrl\":\"http:\/\/yogajagat.com\/wp-content\/uploads\/2019\/12\/DSC04691-2.jpg\"},{\"@type\":\"WebPage\",\"@id\":\"https:\/\/yogajagat.com\/what-i-promise-you-coming-to-hatha-yoga-classes\/#webpage\",\"url\":\"https:\/\/yogajagat.com\/what-i-promise-you-coming-to-hatha-yoga-classes\/\",\"name\":\"\u0160ta vam obe\u0107avam pose\u0107uju\u0107i \u010dasove Hatha Joge - Lepota promene\",\"isPartOf\":{\"@id\":\"https:\/\/yogajagat.com\/#website\"},\"primaryImageOfPage\":{\"@id\":\"https:\/\/yogajagat.com\/what-i-promise-you-coming-to-hatha-yoga-classes\/#primaryimage\"},\"datePublished\":\"2020-01-16T16:19:15+00:00\",\"dateModified\":\"2020-02-28T21:04:22+00:00\",\"description\":\"\u0160ta vam obe\u0107avam, pose\u0107uju\u0107i \u010dasove Hatha Joge, je- ni\u0161ta. Umesto toga, imate moju podr\u0161ku na putu prepoznavanja va\u0161e jedinstvenosti...\",\"breadcrumb\":{\"@id\":\"https:\/\/yogajagat.com\/what-i-promise-you-coming-to-hatha-yoga-classes\/#breadcrumb\"},\"inLanguage\":\"sr\",\"potentialAction\":[{\"@type\":\"ReadAction\",\"target\":[\"https:\/\/yogajagat.com\/what-i-promise-you-coming-to-hatha-yoga-classes\/\"]}]},{\"@type\":\"BreadcrumbList\",\"@id\":\"https:\/\/yogajagat.com\/what-i-promise-you-coming-to-hatha-yoga-classes\/#breadcrumb\",\"itemListElement\":[{\"@type\":\"ListItem\",\"position\":1,\"name\":\"Home\",\"item\":\"https:\/\/yogajagat.com\/sr\/\"},{\"@type\":\"ListItem\",\"position\":2,\"name\":\"What I Promise You Coming to Hatha Yoga Classes\"}]}]}<\/script>\n<!-- \/ Yoast SEO plugin. -->","yoast_head_json":{"title":"\u0160ta vam obe\u0107avam pose\u0107uju\u0107i \u010dasove Hatha Joge - Lepota promene","description":"\u0160ta vam obe\u0107avam, pose\u0107uju\u0107i \u010dasove Hatha Joge, je- ni\u0161ta. Umesto toga, imate moju podr\u0161ku na putu prepoznavanja va\u0161e jedinstvenosti...","robots":{"index":"index","follow":"follow","max-snippet":"max-snippet:-1","max-image-preview":"max-image-preview:large","max-video-preview":"max-video-preview:-1"},"canonical":"https:\/\/yogajagat.com\/what-i-promise-you-coming-to-hatha-yoga-classes\/","twitter_misc":{"Est. reading time":"6 minutes"},"schema":{"@context":"https:\/\/schema.org","@graph":[{"@type":"Organization","@id":"https:\/\/yogajagat.com\/#organization","name":"Yogajagat","url":"https:\/\/yogajagat.com\/","sameAs":[],"logo":{"@type":"ImageObject","@id":"https:\/\/yogajagat.com\/#logo","inLanguage":"sr","url":"https:\/\/i1.wp.com\/yogajagat.com\/wp-content\/uploads\/2019\/03\/DSC08478-Kopie-1.jpg?fit=798%2C800&ssl=1","contentUrl":"https:\/\/i1.wp.com\/yogajagat.com\/wp-content\/uploads\/2019\/03\/DSC08478-Kopie-1.jpg?fit=798%2C800&ssl=1","width":798,"height":800,"caption":"Yogajagat"},"image":{"@id":"https:\/\/yogajagat.com\/#logo"}},{"@type":"WebSite","@id":"https:\/\/yogajagat.com\/#website","url":"https:\/\/yogajagat.com\/","name":"Lepota promene","description":"Neprestanom promenom do najlepseg zivotnog iskustva","publisher":{"@id":"https:\/\/yogajagat.com\/#organization"},"potentialAction":[{"@type":"SearchAction","target":{"@type":"EntryPoint","urlTemplate":"https:\/\/yogajagat.com\/?s={search_term_string}"},"query-input":"required name=search_term_string"}],"inLanguage":"sr"},{"@type":"ImageObject","@id":"https:\/\/yogajagat.com\/what-i-promise-you-coming-to-hatha-yoga-classes\/#primaryimage","inLanguage":"sr","url":"http:\/\/yogajagat.com\/wp-content\/uploads\/2019\/12\/DSC04691-2.jpg","contentUrl":"http:\/\/yogajagat.com\/wp-content\/uploads\/2019\/12\/DSC04691-2.jpg"},{"@type":"WebPage","@id":"https:\/\/yogajagat.com\/what-i-promise-you-coming-to-hatha-yoga-classes\/#webpage","url":"https:\/\/yogajagat.com\/what-i-promise-you-coming-to-hatha-yoga-classes\/","name":"\u0160ta vam obe\u0107avam pose\u0107uju\u0107i \u010dasove Hatha Joge - Lepota promene","isPartOf":{"@id":"https:\/\/yogajagat.com\/#website"},"primaryImageOfPage":{"@id":"https:\/\/yogajagat.com\/what-i-promise-you-coming-to-hatha-yoga-classes\/#primaryimage"},"datePublished":"2020-01-16T16:19:15+00:00","dateModified":"2020-02-28T21:04:22+00:00","description":"\u0160ta vam obe\u0107avam, pose\u0107uju\u0107i \u010dasove Hatha Joge, je- ni\u0161ta. Umesto toga, imate moju podr\u0161ku na putu prepoznavanja va\u0161e jedinstvenosti...","breadcrumb":{"@id":"https:\/\/yogajagat.com\/what-i-promise-you-coming-to-hatha-yoga-classes\/#breadcrumb"},"inLanguage":"sr","potentialAction":[{"@type":"ReadAction","target":["https:\/\/yogajagat.com\/what-i-promise-you-coming-to-hatha-yoga-classes\/"]}]},{"@type":"BreadcrumbList","@id":"https:\/\/yogajagat.com\/what-i-promise-you-coming-to-hatha-yoga-classes\/#breadcrumb","itemListElement":[{"@type":"ListItem","position":1,"name":"Home","item":"https:\/\/yogajagat.com\/sr\/"},{"@type":"ListItem","position":2,"name":"What I Promise You Coming to Hatha Yoga Classes"}]}]}},"_links":{"self":[{"href":"https:\/\/yogajagat.com\/sr\/wp-json\/wp\/v2\/pages\/4380"}],"collection":[{"href":"https:\/\/yogajagat.com\/sr\/wp-json\/wp\/v2\/pages"}],"about":[{"href":"https:\/\/yogajagat.com\/sr\/wp-json\/wp\/v2\/types\/page"}],"author":[{"embeddable":true,"href":"https:\/\/yogajagat.com\/sr\/wp-json\/wp\/v2\/users\/1"}],"replies":[{"embeddable":true,"href":"https:\/\/yogajagat.com\/sr\/wp-json\/wp\/v2\/comments?post=4380"}],"version-history":[{"count":34,"href":"https:\/\/yogajagat.com\/sr\/wp-json\/wp\/v2\/pages\/4380\/revisions"}],"predecessor-version":[{"id":5598,"href":"https:\/\/yogajagat.com\/sr\/wp-json\/wp\/v2\/pages\/4380\/revisions\/5598"}],"wp:attachment":[{"href":"https:\/\/yogajagat.com\/sr\/wp-json\/wp\/v2\/media?parent=4380"}],"curies":[{"name":"wp","href":"https:\/\/api.w.org\/{rel}","templated":true}]}}