{"id":4353,"date":"2020-01-16T15:15:35","date_gmt":"2020-01-16T14:15:35","guid":{"rendered":"http:\/\/yogajagat.com\/?page_id=4353"},"modified":"2020-01-16T16:57:05","modified_gmt":"2020-01-16T15:57:05","slug":"every-human-being-is-a-true-treasure","status":"publish","type":"page","link":"https:\/\/yogajagat.com\/sr\/svako-ljudsko-bice-je-pravo-blago\/","title":{"rendered":"Svako ljudsko bi\u0107e je pravo blago"},"content":{"rendered":"[vc_row][vc_column][vc_custom_heading text=&#8221;Kako podu\u010davam Hatha Jogu&#8221; font_container=&#8221;tag:h2|text_align:center|color:%23b26d29&#8243; google_fonts=&#8221;font_family:Ubuntu%3A300%2C300italic%2Cregular%2Citalic%2C500%2C500italic%2C700%2C700italic|font_style:300%20light%20italic%3A300%3Aitalic&#8221;][\/vc_column][\/vc_row][vc_row][vc_column][vc_column_text]\n<hr \/>\n<h3><\/h3>\n<h3><\/h3>\n<h3 style=\"text-align: center;\"><span style=\"color: #33cccc;\">Svako ljudsko bi\u0107e je pravo blago<\/span><\/h3>\n<p>&nbsp;<\/p>\n<p>Moja ose\u0107anja i ube\u0111enja su da je svako ljudsko bi\u0107e pravo blago.<\/p>\n<p>&nbsp;<\/p>\n<p>Kako ja li\u010dno podu\u010davam tehnike Hatha Joge?<\/p>\n<p>&nbsp;<\/p>\n<p>Bez izuzetaka, moje srce do\u010dekuje svakog ko \u017eeli da se pribli\u017ei istini da je svako ljudsko bi\u0107e pravo blago.<\/p>\n<p>Bez izuzetaka moje srce do\u010dekuje svakog ko zaista \u017eeli da \u017eivi, ko \u017eeli da se pobrine o radosnom i zdravom postojanju punom zadovoljstva, ko je spreman da se promeni<em> iznutra<\/em>, ko je otvoren da se smiri i da kreira nove snage dozvoljavaju\u0107i sebi da od svog \u017eivota \u017eivi ono najbolje.[\/vc_column_text][\/vc_column][\/vc_row][vc_row][vc_column][vc_custom_heading text=&#8221;Mali primer&#8221; font_container=&#8221;tag:h2|text_align:center|color:%23dd9933&#8243; google_fonts=&#8221;font_family:Ubuntu%3A300%2C300italic%2Cregular%2Citalic%2C500%2C500italic%2C700%2C700italic|font_style:300%20light%20italic%3A300%3Aitalic&#8221;][\/vc_column][\/vc_row][vc_row][vc_column][vc_column_text]\n<hr \/>\n<p>&nbsp;<\/p>\n<p>Pozdrav suncu je, na primer, pozdravljanje sunca, a sunce je \u017divot. Na vama je da odlu\u010dite kako \u0107ete da tretirate va\u0161 \u017eivot. Da li \u0107ete pre voleti da budete vojnik (u) va\u0161em \u017eivotu ili \u0107ete radije gajiti najne\u017eniju komunikaciju sa svojim \u017eivotom, va\u0161 je li\u010dni izbor.<\/p>\n<p>Ipak, svi znamo da je ne\u017enost uvek mnogo unosniji izbor.<\/p>\n[\/vc_column_text][\/vc_column][\/vc_row][vc_row][vc_column][vc_custom_heading text=&#8221;Par re\u010di iz mog li\u010dnog \u017eivota&#8221; font_container=&#8221;tag:h2|text_align:center|color:%23dd9933&#8243; google_fonts=&#8221;font_family:Ubuntu%3A300%2C300italic%2Cregular%2Citalic%2C500%2C500italic%2C700%2C700italic|font_style:300%20light%20italic%3A300%3Aitalic&#8221;][\/vc_column][\/vc_row][vc_row][vc_column][vc_column_text]\n<hr \/>\n<p>&nbsp;<\/p>\n<p>Blizanci su obi\u010dno operisani od mnogih stvari. Oni su ro\u0111eni sa nekim stvarima vi\u0161e i sa nekim stvarima manje od obi\u010dnih jedinaca. Imaju\u0107i prilike da se razvijam, rastem i odrastem kao bliznaknja, moj sistem je tako prirodno operisan od zavisti i takmi\u010denja.<\/p>\n<p>&nbsp;<\/p>\n<p>I umetnici i studenti umetnosti su operisani od nekih stvari. \u017diveti kao student umetnosti ili kao umetnik zna\u010di da je \u010dovek u potpunosti slobodan da se izrazi. U takvoj sredini, umesto takmi\u010denja ima podr\u0161ke i me\u0111usobne inspiracije. \u017dive\u0107i takav \u017eivot \u00a0i sama sam naviknuta da po\u0161tujem autenti\u010dnost, ne\u017enost i slobodu svakog drugog \u017eivota.<\/p>\n<p>&nbsp;<\/p>\n<p>Kao veliki neprijatelj kontrole, ispiranja mozga i manipulacije ljudima i njihovim emocijama, ose\u0107anjima, umom, kreativno\u0161\u0107u, fantaziranjem, sistemima verovanja, novcem ili telom, prirodno je da ovakve stvari ni ja drugima ne \u010dinim.<\/p>\n<p>&nbsp;<\/p>\n<p>Stavljaju\u0107i me pod kontrolu bila je nemogu\u0107a misija za mnoge \u010dak i kada sam bila dete. \u010cak je i moj otac, koji je velikim delom svog \u017eivota bio vojnik u njegovom izra\u017eavanju, \u017eeljama, srcu i kompletnom umu omanuo u kontroli mojih izra\u017eavanja iz srca i\u00a0 glave.<\/p>\n[\/vc_column_text][\/vc_column][\/vc_row][vc_row][vc_column][vc_column_text]<img loading=\"lazy\" class=\"aligncenter size-full wp-image-4373\" src=\"https:\/\/i0.wp.com\/yogajagat.com\/wp-content\/uploads\/2020\/01\/DSC01789-1024x768-1.jpg?resize=640%2C480\" alt=\"svako ljudsko bi\u0107e je pravo blago\" width=\"640\" height=\"480\" srcset=\"https:\/\/i0.wp.com\/yogajagat.com\/wp-content\/uploads\/2020\/01\/DSC01789-1024x768-1.jpg?w=640&amp;ssl=1 640w, https:\/\/i0.wp.com\/yogajagat.com\/wp-content\/uploads\/2020\/01\/DSC01789-1024x768-1.jpg?resize=300%2C225&amp;ssl=1 300w\" sizes=\"(max-width: 640px) 100vw, 640px\" data-recalc-dims=\"1\" \/>[\/vc_column_text][vc_custom_heading text=&#8221;Ipak, na \u010dasovima Joge&#8221; font_container=&#8221;tag:h2|text_align:center|color:%23dd9933&#8243; google_fonts=&#8221;font_family:Ubuntu%3A300%2C300italic%2Cregular%2Citalic%2C500%2C500italic%2C700%2C700italic|font_style:300%20light%20italic%3A300%3Aitalic&#8221;][\/vc_column][\/vc_row][vc_row][vc_column][vc_column_text]\n<hr \/>\n<p>&nbsp;<\/p>\n<p>&#8230; \u00a0potrebno je da \u010dovek pokre\u0107e svoje telo a nepravilno izvo\u0111enje <a href=\"https:\/\/yogajagat.com\/sr\/joga-polozaji-tela-izvodenje-joga-asana\/\"><span style=\"color: #993300;\">Joga polo\u017eaja<\/span><\/a> vodi do povreda i mi\u0161i\u0107no-skeletnog sistema i sistema u umu.<\/p>\n<p>Va\u0161e telo i va\u0161 um su isuvi\u0161e dragoceni da bi se toliko povre\u0111ivali. Posebna je \u0161teta kada vi sami sebe povre\u0111ujete.<\/p>\n<p>Pored toga, na svetu ne postoje dve identi\u010dne ki\u010dme i nijedno telo nije sastavljeno kao drugo.<\/p>\n<p>&nbsp;<\/p>\n<p style=\"text-align: center;\"><em>Svako ljudsko bi\u0107e je pravo blago.<\/em><\/p>\n<p>&nbsp;<\/p>\n<p>Prate\u0107i i po\u0161tuju\u0107i ovu istinu, mojim ogromnim iskustvom praktikovanja, ali nikad ne povre\u0111uju\u0107i sebe, kao i mojim velikim iskustvom posle samoprou\u010davanja i dugogodi\u0161njeg podu\u010davanja <a href=\"https:\/\/yogajagat.com\/sr\/joga-polozaji-tela-izvodenje-joga-asana\/\"><span style=\"color: #993300;\">Asana<\/span><\/a> i <a href=\"https:\/\/yogajagat.com\/sr\/pranajama-jogicka-tehnika-disanja-stanje-potunog-mira\/\"><span style=\"color: #993300;\">Pranajama<\/span><\/a> i ostalih tehnika Joge, na mojim \u010dasovima \u0107ete, u skladu sa arhitekturom va\u0161eg tela, sigurno dobiti savete kako da sebe sa\u010duvate od nepotrebnih povreda.<\/p>\n<p>Pored toga to \u0107e vam tako\u0111e pomo\u0107i da va\u0161u energiju oslobodite i prepustite da te\u010de na najautenti\u010dniji na\u010din.<\/p>\n<p>A ovo \u0107e vam tako dati i nagove\u0161taj kako da probudite ceo va\u0161 \u017eivot na svakom stepenu va\u0161eg divnog postojanja.<\/p>\n<p>&nbsp;<\/p>\n<p style=\"text-align: center;\">To je kako ja podu\u010davam Hatha Jogu i njene tehnike.<\/p>\n[\/vc_column_text][\/vc_column][\/vc_row]\n","protected":false},"excerpt":{"rendered":"<p>[vc_row][vc_column][vc_custom_heading text=&#8221;Kako podu\u010davam Hatha Jogu&#8221; font_container=&#8221;tag:h2|text_align:center|color:%23b26d29&#8243; google_fonts=&#8221;font_family:Ubuntu%3A300%2C300italic%2Cregular%2Citalic%2C500%2C500italic%2C700%2C700italic|font_style:300%20light%20italic%3A300%3Aitalic&#8221;][\/vc_column][\/vc_row][vc_row][vc_column][vc_column_text]<\/p>\n<p>Svako ljudsko bi\u0107e je pravo blago<br \/>\n&nbsp;<br \/>\nMoja ose\u0107anja i ube\u0111enja su da je svako ljudsko bi\u0107e pravo blago.<br \/>\n&nbsp;<br \/>\nKako ja li\u010dno podu\u010davam tehnike Hatha Joge?<br \/>\n&nbsp;<br \/>\nBez izuzetaka, moje srce do\u010dekuje svakog ko \u017eeli da se pribli\u017ei istini da je svako ljudsko bi\u0107e pravo blago.<br \/>\nBez izuzetaka moje srce do\u010dekuje svakog ko zaista \u017eeli da \u017eivi, ko \u017eeli da se pobrine o radosnom i zdravom postojanju punom zadovoljstva, &#8230;<\/p>\n","protected":false},"author":1,"featured_media":0,"parent":0,"menu_order":0,"comment_status":"closed","ping_status":"closed","template":"template-full-width.php","meta":{"_bbp_topic_count":0,"_bbp_reply_count":0,"_bbp_total_topic_count":0,"_bbp_total_reply_count":0,"_bbp_voice_count":0,"_bbp_anonymous_reply_count":0,"_bbp_topic_count_hidden":0,"_bbp_reply_count_hidden":0,"_bbp_forum_subforum_count":0,"inline_featured_image":false,"spay_email":""},"translation":{"provider":"WPGlobus","version":"3.0.1","language":"sr","enabled_languages":["en","de","sr"],"languages":{"en":{"title":true,"content":true,"excerpt":false},"de":{"title":false,"content":false,"excerpt":false},"sr":{"title":true,"content":true,"excerpt":false}}},"yoast_head":"<!-- This site is optimized with the Yoast SEO plugin v18.3 - https:\/\/yoast.com\/wordpress\/plugins\/seo\/ -->\n<title>Svako ljudsko bi\u0107e je pravo blago - Lepota promene<\/title>\n<meta name=\"description\" content=\"Svako ljudsko bi\u0107e je pravo blago. Bez izuzetaka, moje srce najtoplije do\u010dekuje svakoga ko \u017eeli da se pribli\u017ei ovoj istini, ko je spreman da se promeni...\" \/>\n<meta name=\"robots\" content=\"index, follow, max-snippet:-1, max-image-preview:large, max-video-preview:-1\" \/>\n<link rel=\"canonical\" href=\"https:\/\/yogajagat.com\/de\/every-human-being-is-a-true-treasure\/\" \/>\n<meta name=\"twitter:label1\" content=\"Est. reading time\" \/>\n\t<meta name=\"twitter:data1\" content=\"8 minutes\" \/>\n<script type=\"application\/ld+json\" class=\"yoast-schema-graph\">{\"@context\":\"https:\/\/schema.org\",\"@graph\":[{\"@type\":\"Organization\",\"@id\":\"https:\/\/yogajagat.com\/#organization\",\"name\":\"Yogajagat\",\"url\":\"https:\/\/yogajagat.com\/\",\"sameAs\":[],\"logo\":{\"@type\":\"ImageObject\",\"@id\":\"https:\/\/yogajagat.com\/#logo\",\"inLanguage\":\"sr\",\"url\":\"https:\/\/i1.wp.com\/yogajagat.com\/wp-content\/uploads\/2019\/03\/DSC08478-Kopie-1.jpg?fit=798%2C800&ssl=1\",\"contentUrl\":\"https:\/\/i1.wp.com\/yogajagat.com\/wp-content\/uploads\/2019\/03\/DSC08478-Kopie-1.jpg?fit=798%2C800&ssl=1\",\"width\":798,\"height\":800,\"caption\":\"Yogajagat\"},\"image\":{\"@id\":\"https:\/\/yogajagat.com\/#logo\"}},{\"@type\":\"WebSite\",\"@id\":\"https:\/\/yogajagat.com\/#website\",\"url\":\"https:\/\/yogajagat.com\/\",\"name\":\"Lepota promene\",\"description\":\"Neprestanom promenom do najlepseg zivotnog iskustva\",\"publisher\":{\"@id\":\"https:\/\/yogajagat.com\/#organization\"},\"potentialAction\":[{\"@type\":\"SearchAction\",\"target\":{\"@type\":\"EntryPoint\",\"urlTemplate\":\"https:\/\/yogajagat.com\/?s={search_term_string}\"},\"query-input\":\"required name=search_term_string\"}],\"inLanguage\":\"sr\"},{\"@type\":\"ImageObject\",\"@id\":\"https:\/\/yogajagat.com\/de\/every-human-being-is-a-true-treasure\/#primaryimage\",\"inLanguage\":\"sr\",\"url\":\"http:\/\/yogajagat.com\/wp-content\/uploads\/2019\/12\/DSC05009.jpg\",\"contentUrl\":\"http:\/\/yogajagat.com\/wp-content\/uploads\/2019\/12\/DSC05009.jpg\"},{\"@type\":\"WebPage\",\"@id\":\"https:\/\/yogajagat.com\/de\/every-human-being-is-a-true-treasure\/#webpage\",\"url\":\"https:\/\/yogajagat.com\/de\/every-human-being-is-a-true-treasure\/\",\"name\":\"Svako ljudsko bi\u0107e je pravo blago - Lepota promene\",\"isPartOf\":{\"@id\":\"https:\/\/yogajagat.com\/#website\"},\"primaryImageOfPage\":{\"@id\":\"https:\/\/yogajagat.com\/de\/every-human-being-is-a-true-treasure\/#primaryimage\"},\"datePublished\":\"2020-01-16T14:15:35+00:00\",\"dateModified\":\"2020-01-16T15:57:05+00:00\",\"description\":\"Svako ljudsko bi\u0107e je pravo blago. Bez izuzetaka, moje srce najtoplije do\u010dekuje svakoga ko \u017eeli da se pribli\u017ei ovoj istini, ko je spreman da se promeni...\",\"breadcrumb\":{\"@id\":\"https:\/\/yogajagat.com\/de\/every-human-being-is-a-true-treasure\/#breadcrumb\"},\"inLanguage\":\"sr\",\"potentialAction\":[{\"@type\":\"ReadAction\",\"target\":[\"https:\/\/yogajagat.com\/de\/every-human-being-is-a-true-treasure\/\"]}]},{\"@type\":\"BreadcrumbList\",\"@id\":\"https:\/\/yogajagat.com\/de\/every-human-being-is-a-true-treasure\/#breadcrumb\",\"itemListElement\":[{\"@type\":\"ListItem\",\"position\":1,\"name\":\"Home\",\"item\":\"https:\/\/yogajagat.com\/sr\/\"},{\"@type\":\"ListItem\",\"position\":2,\"name\":\"Every Human Being Is a True Treasure\"}]}]}<\/script>\n<!-- \/ Yoast SEO plugin. -->","yoast_head_json":{"title":"Svako ljudsko bi\u0107e je pravo blago - Lepota promene","description":"Svako ljudsko bi\u0107e je pravo blago. Bez izuzetaka, moje srce najtoplije do\u010dekuje svakoga ko \u017eeli da se pribli\u017ei ovoj istini, ko je spreman da se promeni...","robots":{"index":"index","follow":"follow","max-snippet":"max-snippet:-1","max-image-preview":"max-image-preview:large","max-video-preview":"max-video-preview:-1"},"canonical":"https:\/\/yogajagat.com\/de\/every-human-being-is-a-true-treasure\/","twitter_misc":{"Est. reading time":"8 minutes"},"schema":{"@context":"https:\/\/schema.org","@graph":[{"@type":"Organization","@id":"https:\/\/yogajagat.com\/#organization","name":"Yogajagat","url":"https:\/\/yogajagat.com\/","sameAs":[],"logo":{"@type":"ImageObject","@id":"https:\/\/yogajagat.com\/#logo","inLanguage":"sr","url":"https:\/\/i1.wp.com\/yogajagat.com\/wp-content\/uploads\/2019\/03\/DSC08478-Kopie-1.jpg?fit=798%2C800&ssl=1","contentUrl":"https:\/\/i1.wp.com\/yogajagat.com\/wp-content\/uploads\/2019\/03\/DSC08478-Kopie-1.jpg?fit=798%2C800&ssl=1","width":798,"height":800,"caption":"Yogajagat"},"image":{"@id":"https:\/\/yogajagat.com\/#logo"}},{"@type":"WebSite","@id":"https:\/\/yogajagat.com\/#website","url":"https:\/\/yogajagat.com\/","name":"Lepota promene","description":"Neprestanom promenom do najlepseg zivotnog iskustva","publisher":{"@id":"https:\/\/yogajagat.com\/#organization"},"potentialAction":[{"@type":"SearchAction","target":{"@type":"EntryPoint","urlTemplate":"https:\/\/yogajagat.com\/?s={search_term_string}"},"query-input":"required name=search_term_string"}],"inLanguage":"sr"},{"@type":"ImageObject","@id":"https:\/\/yogajagat.com\/de\/every-human-being-is-a-true-treasure\/#primaryimage","inLanguage":"sr","url":"http:\/\/yogajagat.com\/wp-content\/uploads\/2019\/12\/DSC05009.jpg","contentUrl":"http:\/\/yogajagat.com\/wp-content\/uploads\/2019\/12\/DSC05009.jpg"},{"@type":"WebPage","@id":"https:\/\/yogajagat.com\/de\/every-human-being-is-a-true-treasure\/#webpage","url":"https:\/\/yogajagat.com\/de\/every-human-being-is-a-true-treasure\/","name":"Svako ljudsko bi\u0107e je pravo blago - Lepota promene","isPartOf":{"@id":"https:\/\/yogajagat.com\/#website"},"primaryImageOfPage":{"@id":"https:\/\/yogajagat.com\/de\/every-human-being-is-a-true-treasure\/#primaryimage"},"datePublished":"2020-01-16T14:15:35+00:00","dateModified":"2020-01-16T15:57:05+00:00","description":"Svako ljudsko bi\u0107e je pravo blago. Bez izuzetaka, moje srce najtoplije do\u010dekuje svakoga ko \u017eeli da se pribli\u017ei ovoj istini, ko je spreman da se promeni...","breadcrumb":{"@id":"https:\/\/yogajagat.com\/de\/every-human-being-is-a-true-treasure\/#breadcrumb"},"inLanguage":"sr","potentialAction":[{"@type":"ReadAction","target":["https:\/\/yogajagat.com\/de\/every-human-being-is-a-true-treasure\/"]}]},{"@type":"BreadcrumbList","@id":"https:\/\/yogajagat.com\/de\/every-human-being-is-a-true-treasure\/#breadcrumb","itemListElement":[{"@type":"ListItem","position":1,"name":"Home","item":"https:\/\/yogajagat.com\/sr\/"},{"@type":"ListItem","position":2,"name":"Every Human Being Is a True Treasure"}]}]}},"_links":{"self":[{"href":"https:\/\/yogajagat.com\/sr\/wp-json\/wp\/v2\/pages\/4353"}],"collection":[{"href":"https:\/\/yogajagat.com\/sr\/wp-json\/wp\/v2\/pages"}],"about":[{"href":"https:\/\/yogajagat.com\/sr\/wp-json\/wp\/v2\/types\/page"}],"author":[{"embeddable":true,"href":"https:\/\/yogajagat.com\/sr\/wp-json\/wp\/v2\/users\/1"}],"replies":[{"embeddable":true,"href":"https:\/\/yogajagat.com\/sr\/wp-json\/wp\/v2\/comments?post=4353"}],"version-history":[{"count":26,"href":"https:\/\/yogajagat.com\/sr\/wp-json\/wp\/v2\/pages\/4353\/revisions"}],"predecessor-version":[{"id":4608,"href":"https:\/\/yogajagat.com\/sr\/wp-json\/wp\/v2\/pages\/4353\/revisions\/4608"}],"wp:attachment":[{"href":"https:\/\/yogajagat.com\/sr\/wp-json\/wp\/v2\/media?parent=4353"}],"curies":[{"name":"wp","href":"https:\/\/api.w.org\/{rel}","templated":true}]}}