{"id":3869,"date":"2019-07-27T19:53:29","date_gmt":"2019-07-27T18:53:29","guid":{"rendered":"http:\/\/yogajagat.com\/?page_id=3869"},"modified":"2020-06-17T14:08:07","modified_gmt":"2020-06-17T12:08:07","slug":"yoga-sutra-threads-of-unification","status":"publish","type":"page","link":"https:\/\/yogajagat.com\/sr\/joga-sutra-temelj-tradicije-joge\/","title":{"rendered":"Joga sutra. Temelj tradicije Joge"},"content":{"rendered":"[vc_row][vc_column][vc_column_text]\n<h3 style=\"text-align: center;\"><span style=\"color: #993300;\">JOGA SUTRA JE TEMELJ TRADICIJE JOGE<\/span><\/h3>\n<hr \/>\n<p>&nbsp;<\/p>\n<p>Joga Sutra je stari indijski duhovni (ne religiozni) tekst koji govori o ljudskom duhu i <a href=\"https:\/\/yogajagat.com\/sr\/duh-ljudski-kako-organizovati-um\/\"><span style=\"color: #993300;\">kako organizovati<\/span><\/a> i duh i um, i srce i du\u0161u (pogledajte i prilo\u017een tekst).<\/p>\n<p><em>Joga\u00a0<\/em>zna\u010di ujedinjenje, <em>sutra\u00a0<\/em>zna\u010di nit. Zna\u010di da se ne\u0161to dr\u017ei povezano, zajedno.<\/p>\n<p>Tekst po\u010dinje sutrom:[\/vc_column_text][\/vc_column][\/vc_row][vc_row][vc_column][vc_cta h2=&#8221;&#8221;]\n<p style=\"text-align: center;\"><span style=\"color: #800080;\"><em>\u201cYogash citta-vritti-nirodha&#8221;<\/em><\/span><\/p>\n[\/vc_cta][vc_column_text]Joga Sutra su kratke i mudre misli. Nastale su usmenim predanjem. Veruje se da ih je sakupio Patan\u0111ali.<\/p>\n<p>Joga Sutre su temelj <span style=\"color: #993300;\">Rad\u017ea Joge <\/span>koja je <a href=\"https:\/\/yogajagat.com\/sr\/spoznaj-sebe-joga-sutra-detaljni-vodic\/\"><span style=\"color: #800080;\">temelj tradicije Joge<\/span><\/a>.[\/vc_column_text][\/vc_column][\/vc_row][vc_row][vc_column][vc_column_text]U zavisnosti od kolektivne ili li\u010dne psihologije, ova sutra se mo\u017ee shvatiti razli\u010dito. Zna\u010denje pojedina\u010dnih re\u010di je:<\/p>\n<p><em>Joga<\/em>&#8211; ujedinjenje<\/p>\n<p><em>Citta<\/em>&#8211; duh<\/p>\n<p><em>vritti<\/em>&#8211; vrtlog, kolebanje, vibracija, fluktuacija (&#8220;talasanje, lelujanje, gibanje, \u017emi\u0107kanje&#8221;)<\/p>\n<p><em>nirodha<\/em>&#8211; ne\u0161to \u0161to je dovedeno do majstorstva, savr\u0161enstva; kontrola; ne\u0161to \u0161to je regulisano.<\/p>\n<p>&nbsp;<\/p>\n<p>Joga je kontrola vibracija uma (duha).<\/p>\n<p>&nbsp;<\/p>\n<p>Rad\u017ea Joga je put za one koji imaju dar temeljnog razmi\u0161ljanja, beziluzornog rezonovanja. Ovaj put vodi do istinskog uvida prirode svih stvari. To je dug put i kao \u0161to i samo ime ka\u017ee, <em>aspirant<\/em> (praktikant) je kralj koji vlastiti um ima pod kontrolom. Materijalno bogatstvo kralja ili onoga ko se svojim materijalnim posedima (ili akademskom titulom) ose\u0107a kao kralj u ovom slu\u010daju nema nikakvu vrednost.<\/p>\n<p>Joga sutra upore\u0111uje na\u0161 um <em>(citta)<\/em> i njegove vibracije <em>(vrittis)<\/em> sa talasima na povr\u0161ini jezera koje su izazvane spolja\u0161njim i unutra\u0161njim faktorima.<\/p>\n<p>Re\u010dima obja\u0161njeno, to izgleda ukratko ovako.<\/p>\n<p>Na\u0161e emocije, misli, utisci, uspomene (zna\u010di nesvesni i podsvesni um) su unutra\u0161nje vibracije ili morsko dno.<\/p>\n<p>Na\u0161a \u010dula, vid, miris, ukus, dodir i sluh proizvode vetar ili talase i one su spoljne vibracije.<\/p>\n<p>I samo kada je voda mirna dakle svesna, \u010dovek mo\u017ee sagledati svoje pravo bi\u0107e, da shvati svoju du\u0161u i da je pove\u017ee sa duhom, vi\u0161om stvarno\u0161\u0107u, vi\u0161om sve\u0161\u0107u.<\/p>\n<p>&nbsp;<\/p>\n<p>Ovaj put je tako\u0111e poznat kao <em>Ashtanga<\/em> Joga (ne treba me\u0161ati sa modernim stilom joge koji je izmislio Pattabhi Jois u Misore, Indija).<\/p>\n<p><em>Ashta<\/em> zna\u010di osam, a <em>Anga<\/em> udovi.<\/p>\n<p>&nbsp;<\/p>\n<p>O Joga Sutri i o tome da li je <em>Spoznaj Sebe<\/em> samo izreka ili mogu\u0107nost, \u010ditajte u ovom <a href=\"https:\/\/yogajagat.com\/sr\/spoznaj-sebe-joga-sutra-detaljni-vodic\/\"><span style=\"color: #993300;\">kratkom tekstu.<\/span><\/a><\/p>\n[\/vc_column_text][\/vc_column][\/vc_row][vc_row][vc_column][vc_column_text]<img loading=\"lazy\" class=\"aligncenter wp-image-5342 size-full\" src=\"https:\/\/i2.wp.com\/yogajagat.com\/wp-content\/uploads\/2020\/02\/DSC05829-1024x768-1.jpg?resize=640%2C480\" alt=\"joga sutra\" width=\"640\" height=\"480\" srcset=\"https:\/\/i2.wp.com\/yogajagat.com\/wp-content\/uploads\/2020\/02\/DSC05829-1024x768-1.jpg?w=640&amp;ssl=1 640w, https:\/\/i2.wp.com\/yogajagat.com\/wp-content\/uploads\/2020\/02\/DSC05829-1024x768-1.jpg?resize=300%2C225&amp;ssl=1 300w\" sizes=\"(max-width: 640px) 100vw, 640px\" data-recalc-dims=\"1\" \/>[\/vc_column_text][\/vc_column][\/vc_row]\n","protected":false},"excerpt":{"rendered":"<p>[vc_row][vc_column][vc_column_text]<br \/>\nJOGA SUTRA JE TEMELJ TRADICIJE JOGE<\/p>\n<p>&nbsp;<br \/>\nJoga Sutra je stari indijski duhovni (ne religiozni) tekst koji govori o ljudskom duhu i kako organizovati i duh i um, i srce i du\u0161u (pogledajte i prilo\u017een tekst).<br \/>\nJoga\u00a0zna\u010di ujedinjenje, sutra\u00a0zna\u010di nit. Zna\u010di da se ne\u0161to dr\u017ei povezano, zajedno.<br \/>\nTekst po\u010dinje sutrom:[\/vc_column_text][\/vc_column][\/vc_row][vc_row][vc_column][vc_cta h2=&#8221;&#8221;]<br \/>\n\u201cYogash citta-vritti-nirodha&#8221;<br \/>\n[\/vc_cta][vc_column_text]Joga Sutra su kratke i mudre misli. Nastale su usmenim predanjem. Veruje se da ih je sakupio Patan\u0111ali.<br \/>\nJoga Sutre su temelj Rad\u017ea Joge koja &#8230;<\/p>\n","protected":false},"author":1,"featured_media":0,"parent":0,"menu_order":0,"comment_status":"closed","ping_status":"closed","template":"template-full-width.php","meta":{"_bbp_topic_count":0,"_bbp_reply_count":0,"_bbp_total_topic_count":0,"_bbp_total_reply_count":0,"_bbp_voice_count":0,"_bbp_anonymous_reply_count":0,"_bbp_topic_count_hidden":0,"_bbp_reply_count_hidden":0,"_bbp_forum_subforum_count":0,"inline_featured_image":false,"spay_email":""},"translation":{"provider":"WPGlobus","version":"3.0.1","language":"sr","enabled_languages":["en","de","sr"],"languages":{"en":{"title":true,"content":true,"excerpt":false},"de":{"title":true,"content":true,"excerpt":false},"sr":{"title":true,"content":true,"excerpt":false}}},"yoast_head":"<!-- This site is optimized with the Yoast SEO plugin v18.3 - https:\/\/yoast.com\/wordpress\/plugins\/seo\/ -->\n<title>Joga sutra. Temelj tradicije Joge - Lepota promene<\/title>\n<meta name=\"description\" content=\"\u201cYogash citta-vritti-nirodha\u201d. Joga Sutra. Na\u0161e emocije, misli, utisci, uspomene (zna\u010di nesvesni i podsvesni um) su unutra\u0161nje vibracije ili morsko dno,...\" \/>\n<meta name=\"robots\" content=\"index, follow, max-snippet:-1, max-image-preview:large, max-video-preview:-1\" \/>\n<link rel=\"canonical\" href=\"https:\/\/yogajagat.com\/de\/das-yoga-sutra\/\" \/>\n<meta name=\"twitter:label1\" content=\"Est. reading time\" \/>\n\t<meta name=\"twitter:data1\" content=\"7 minutes\" \/>\n<script type=\"application\/ld+json\" class=\"yoast-schema-graph\">{\"@context\":\"https:\/\/schema.org\",\"@graph\":[{\"@type\":\"Organization\",\"@id\":\"https:\/\/yogajagat.com\/#organization\",\"name\":\"Yogajagat\",\"url\":\"https:\/\/yogajagat.com\/\",\"sameAs\":[],\"logo\":{\"@type\":\"ImageObject\",\"@id\":\"https:\/\/yogajagat.com\/#logo\",\"inLanguage\":\"sr\",\"url\":\"https:\/\/i1.wp.com\/yogajagat.com\/wp-content\/uploads\/2019\/03\/DSC08478-Kopie-1.jpg?fit=798%2C800&ssl=1\",\"contentUrl\":\"https:\/\/i1.wp.com\/yogajagat.com\/wp-content\/uploads\/2019\/03\/DSC08478-Kopie-1.jpg?fit=798%2C800&ssl=1\",\"width\":798,\"height\":800,\"caption\":\"Yogajagat\"},\"image\":{\"@id\":\"https:\/\/yogajagat.com\/#logo\"}},{\"@type\":\"WebSite\",\"@id\":\"https:\/\/yogajagat.com\/#website\",\"url\":\"https:\/\/yogajagat.com\/\",\"name\":\"Lepota promene\",\"description\":\"Neprestanom promenom do najlepseg zivotnog iskustva\",\"publisher\":{\"@id\":\"https:\/\/yogajagat.com\/#organization\"},\"potentialAction\":[{\"@type\":\"SearchAction\",\"target\":{\"@type\":\"EntryPoint\",\"urlTemplate\":\"https:\/\/yogajagat.com\/?s={search_term_string}\"},\"query-input\":\"required name=search_term_string\"}],\"inLanguage\":\"sr\"},{\"@type\":\"ImageObject\",\"@id\":\"https:\/\/yogajagat.com\/de\/das-yoga-sutra\/#primaryimage\",\"inLanguage\":\"sr\",\"url\":\"http:\/\/yogajagat.com\/wp-content\/uploads\/2020\/02\/DSC09133-1024x768-1.jpg\",\"contentUrl\":\"http:\/\/yogajagat.com\/wp-content\/uploads\/2020\/02\/DSC09133-1024x768-1.jpg\"},{\"@type\":\"WebPage\",\"@id\":\"https:\/\/yogajagat.com\/de\/das-yoga-sutra\/#webpage\",\"url\":\"https:\/\/yogajagat.com\/de\/das-yoga-sutra\/\",\"name\":\"Joga sutra. Temelj tradicije Joge - Lepota promene\",\"isPartOf\":{\"@id\":\"https:\/\/yogajagat.com\/#website\"},\"primaryImageOfPage\":{\"@id\":\"https:\/\/yogajagat.com\/de\/das-yoga-sutra\/#primaryimage\"},\"datePublished\":\"2019-07-27T18:53:29+00:00\",\"dateModified\":\"2020-06-17T12:08:07+00:00\",\"description\":\"\u201cYogash citta-vritti-nirodha\u201d. Joga Sutra. Na\u0161e emocije, misli, utisci, uspomene (zna\u010di nesvesni i podsvesni um) su unutra\u0161nje vibracije ili morsko dno,...\",\"breadcrumb\":{\"@id\":\"https:\/\/yogajagat.com\/de\/das-yoga-sutra\/#breadcrumb\"},\"inLanguage\":\"sr\",\"potentialAction\":[{\"@type\":\"ReadAction\",\"target\":[\"https:\/\/yogajagat.com\/de\/das-yoga-sutra\/\"]}]},{\"@type\":\"BreadcrumbList\",\"@id\":\"https:\/\/yogajagat.com\/de\/das-yoga-sutra\/#breadcrumb\",\"itemListElement\":[{\"@type\":\"ListItem\",\"position\":1,\"name\":\"Home\",\"item\":\"https:\/\/yogajagat.com\/sr\/\"},{\"@type\":\"ListItem\",\"position\":2,\"name\":\"Das Yoga Sutra\"}]}]}<\/script>\n<!-- \/ Yoast SEO plugin. -->","yoast_head_json":{"title":"Joga sutra. Temelj tradicije Joge - Lepota promene","description":"\u201cYogash citta-vritti-nirodha\u201d. Joga Sutra. Na\u0161e emocije, misli, utisci, uspomene (zna\u010di nesvesni i podsvesni um) su unutra\u0161nje vibracije ili morsko dno,...","robots":{"index":"index","follow":"follow","max-snippet":"max-snippet:-1","max-image-preview":"max-image-preview:large","max-video-preview":"max-video-preview:-1"},"canonical":"https:\/\/yogajagat.com\/de\/das-yoga-sutra\/","twitter_misc":{"Est. reading time":"7 minutes"},"schema":{"@context":"https:\/\/schema.org","@graph":[{"@type":"Organization","@id":"https:\/\/yogajagat.com\/#organization","name":"Yogajagat","url":"https:\/\/yogajagat.com\/","sameAs":[],"logo":{"@type":"ImageObject","@id":"https:\/\/yogajagat.com\/#logo","inLanguage":"sr","url":"https:\/\/i1.wp.com\/yogajagat.com\/wp-content\/uploads\/2019\/03\/DSC08478-Kopie-1.jpg?fit=798%2C800&ssl=1","contentUrl":"https:\/\/i1.wp.com\/yogajagat.com\/wp-content\/uploads\/2019\/03\/DSC08478-Kopie-1.jpg?fit=798%2C800&ssl=1","width":798,"height":800,"caption":"Yogajagat"},"image":{"@id":"https:\/\/yogajagat.com\/#logo"}},{"@type":"WebSite","@id":"https:\/\/yogajagat.com\/#website","url":"https:\/\/yogajagat.com\/","name":"Lepota promene","description":"Neprestanom promenom do najlepseg zivotnog iskustva","publisher":{"@id":"https:\/\/yogajagat.com\/#organization"},"potentialAction":[{"@type":"SearchAction","target":{"@type":"EntryPoint","urlTemplate":"https:\/\/yogajagat.com\/?s={search_term_string}"},"query-input":"required name=search_term_string"}],"inLanguage":"sr"},{"@type":"ImageObject","@id":"https:\/\/yogajagat.com\/de\/das-yoga-sutra\/#primaryimage","inLanguage":"sr","url":"http:\/\/yogajagat.com\/wp-content\/uploads\/2020\/02\/DSC09133-1024x768-1.jpg","contentUrl":"http:\/\/yogajagat.com\/wp-content\/uploads\/2020\/02\/DSC09133-1024x768-1.jpg"},{"@type":"WebPage","@id":"https:\/\/yogajagat.com\/de\/das-yoga-sutra\/#webpage","url":"https:\/\/yogajagat.com\/de\/das-yoga-sutra\/","name":"Joga sutra. Temelj tradicije Joge - Lepota promene","isPartOf":{"@id":"https:\/\/yogajagat.com\/#website"},"primaryImageOfPage":{"@id":"https:\/\/yogajagat.com\/de\/das-yoga-sutra\/#primaryimage"},"datePublished":"2019-07-27T18:53:29+00:00","dateModified":"2020-06-17T12:08:07+00:00","description":"\u201cYogash citta-vritti-nirodha\u201d. Joga Sutra. Na\u0161e emocije, misli, utisci, uspomene (zna\u010di nesvesni i podsvesni um) su unutra\u0161nje vibracije ili morsko dno,...","breadcrumb":{"@id":"https:\/\/yogajagat.com\/de\/das-yoga-sutra\/#breadcrumb"},"inLanguage":"sr","potentialAction":[{"@type":"ReadAction","target":["https:\/\/yogajagat.com\/de\/das-yoga-sutra\/"]}]},{"@type":"BreadcrumbList","@id":"https:\/\/yogajagat.com\/de\/das-yoga-sutra\/#breadcrumb","itemListElement":[{"@type":"ListItem","position":1,"name":"Home","item":"https:\/\/yogajagat.com\/sr\/"},{"@type":"ListItem","position":2,"name":"Das Yoga Sutra"}]}]}},"_links":{"self":[{"href":"https:\/\/yogajagat.com\/sr\/wp-json\/wp\/v2\/pages\/3869"}],"collection":[{"href":"https:\/\/yogajagat.com\/sr\/wp-json\/wp\/v2\/pages"}],"about":[{"href":"https:\/\/yogajagat.com\/sr\/wp-json\/wp\/v2\/types\/page"}],"author":[{"embeddable":true,"href":"https:\/\/yogajagat.com\/sr\/wp-json\/wp\/v2\/users\/1"}],"replies":[{"embeddable":true,"href":"https:\/\/yogajagat.com\/sr\/wp-json\/wp\/v2\/comments?post=3869"}],"version-history":[{"count":13,"href":"https:\/\/yogajagat.com\/sr\/wp-json\/wp\/v2\/pages\/3869\/revisions"}],"predecessor-version":[{"id":5967,"href":"https:\/\/yogajagat.com\/sr\/wp-json\/wp\/v2\/pages\/3869\/revisions\/5967"}],"wp:attachment":[{"href":"https:\/\/yogajagat.com\/sr\/wp-json\/wp\/v2\/media?parent=3869"}],"curies":[{"name":"wp","href":"https:\/\/api.w.org\/{rel}","templated":true}]}}