{"id":3854,"date":"2019-07-27T14:02:34","date_gmt":"2019-07-27T13:02:34","guid":{"rendered":"http:\/\/yogajagat.com\/?page_id=3854"},"modified":"2020-01-30T22:03:48","modified_gmt":"2020-01-30T21:03:48","slug":"homunculus-and-deep-relaxation","status":"publish","type":"page","link":"https:\/\/yogajagat.com\/sr\/homunculus-i-potpuno-opustanje\/","title":{"rendered":"Homunculus i potpuno opu\u0161tanje"},"content":{"rendered":"[vc_row][vc_column][vc_column_text]\n<h3 style=\"text-align: center;\"><span style=\"color: #993300;\">Vizuelno opa\u017eanje, Homunculus i potpuno opu\u0161tanje<\/span><\/h3>\n<p>&nbsp;<\/p>\n<p style=\"text-align: center;\">Po nau\u010dnim istra\u017eivanjima, na\u0161e vizuelno opa\u017eanje izgleda ovako:<\/p>\n<p>&nbsp;<\/p>\n<p><img loading=\"lazy\" class=\"size-medium wp-image-3855 aligncenter\" src=\"https:\/\/i1.wp.com\/yogajagat.com\/wp-content\/uploads\/2019\/07\/Infinite_regress_of_homunculus-300x156.png?resize=300%2C156\" alt=\"vizuelno opa\u017eanje homunculus potpuno opu\u0161tanje\" width=\"300\" height=\"156\" srcset=\"https:\/\/i2.wp.com\/yogajagat.com\/wp-content\/uploads\/2019\/07\/Infinite_regress_of_homunculus.png?resize=300%2C156&amp;ssl=1 300w, https:\/\/i2.wp.com\/yogajagat.com\/wp-content\/uploads\/2019\/07\/Infinite_regress_of_homunculus.png?resize=768%2C400&amp;ssl=1 768w, https:\/\/i2.wp.com\/yogajagat.com\/wp-content\/uploads\/2019\/07\/Infinite_regress_of_homunculus.png?resize=1024%2C533&amp;ssl=1 1024w, https:\/\/i2.wp.com\/yogajagat.com\/wp-content\/uploads\/2019\/07\/Infinite_regress_of_homunculus.png?w=1547&amp;ssl=1 1547w\" sizes=\"(max-width: 300px) 100vw, 300px\" data-recalc-dims=\"1\" \/><\/p>\n<p>&nbsp;<\/p>\n<p style=\"text-align: center;\">A kada bi se ova predstava prevela u re\u010di, taj bi opis zvu\u010dao:<\/p>\n[\/vc_column_text][\/vc_column][\/vc_row][vc_row][vc_column][vc_custom_heading text=&#8221;Neko u na\u0161oj glavi posmatra nekog drugog, ko posmatra nekog drugog, ko posmatra drugi film&#8221; font_container=&#8221;tag:h2|text_align:center|color:%231aa3b2&#8243; google_fonts=&#8221;font_family:Ubuntu%3A300%2C300italic%2Cregular%2Citalic%2C500%2C500italic%2C700%2C700italic|font_style:300%20light%20italic%3A300%3Aitalic&#8221;][\/vc_column][\/vc_row][vc_row][vc_column][vc_column_text]\n<hr \/>\n<p>&nbsp;<\/p>\n<p>Oni koji prou\u010davaju kako ljudski mozak razmi\u0161lja, ose\u0107a i razume, kao i oni koji prou\u010davaju kako ma\u0161ine funkcioni\u0161u (koje su, opet, napravili ljudi) veruju da se ova gore navedena komplikovana i \u010dudna situacija de\u0161ava u na\u0161em mozgu.<\/p>\n<p>Veruje se da se u korteksu (spolja\u0161njem omota\u010du na\u0161eg mozga) nalaze neka mesta\u0161ca koja koja preko malih antenica, receptora, primaju i prenose informacije onoga \u0161to dodirnemo, vidimo ili \u010dujemo. Ta mesta\u0161ca kontroli\u0161u odre\u0111ene delove tela.<\/p>\n<p>\u0160ta mi do sada znamo, ili pretpostvlajmo, je da kora na\u0161eg mozga li\u010di na mapu:<\/p>\n[\/vc_column_text][\/vc_column][\/vc_row][vc_row][vc_column][vc_column_text]\n<div id=\"attachment_1214\" style=\"width: 310px\" class=\"wp-caption aligncenter\"><img aria-describedby=\"caption-attachment-1214\" loading=\"lazy\" class=\"size-medium wp-image-1214\" src=\"https:\/\/i1.wp.com\/yogajagat.com\/wp-content\/uploads\/2016\/05\/1421_Sensory_Homunculus-300x300.jpg?resize=300%2C300\" alt=\"potpuno opu\u0161tanje homunculus visuelno opa\u017eanje\" width=\"300\" height=\"300\" srcset=\"https:\/\/i2.wp.com\/yogajagat.com\/wp-content\/uploads\/2016\/05\/1421_Sensory_Homunculus.jpg?resize=300%2C300&amp;ssl=1 300w, https:\/\/i2.wp.com\/yogajagat.com\/wp-content\/uploads\/2016\/05\/1421_Sensory_Homunculus.jpg?resize=150%2C150&amp;ssl=1 150w, https:\/\/i2.wp.com\/yogajagat.com\/wp-content\/uploads\/2016\/05\/1421_Sensory_Homunculus.jpg?w=602&amp;ssl=1 602w\" sizes=\"(max-width: 300px) 100vw, 300px\" data-recalc-dims=\"1\" \/><p id=\"caption-attachment-1214\" class=\"wp-caption-text\">Source: wikipedia<\/p><\/div>\n[\/vc_column_text][\/vc_column][\/vc_row][vc_row][vc_column][vc_column_text]\n<hr \/>\n<p>&nbsp;<\/p>\n<p>Ovaj &#8220;\u010dove\u010duljak&#8221; iza drugog \u010dove\u010duljka, koji se opet nalazi iza drugog \u010dove\u010duljka u na\u0161oj glavi naziva se\u00a0<em>Homunculus.<\/em> Ova slika predstavlja kojim delovima tela pripadaju odre\u0111ena mesta\u0161ca u na\u0161em mozgu.<\/p>\n<p>Tako, ka\u017eu nau\u010dnici koji prou\u010davaju ljudski mozak, \u0161to je organ \u010dula i samo \u010dulo va\u017enije, to mu pripada ve\u0107e mesta\u0161ce u kori mozga.<\/p>\n<p>I, jer su su dodir, govor i hodanje za nas od velike va\u017enosti, ovim radnjama pripadaju i najve\u0107i centri.<\/p>\n<p>&nbsp;<\/p>\n<p>Joga Nidra, ili svesno, &#8220;jogi\u010dko&#8221; spavanje, je jogi\u010dka tehnika potpunog opu\u0161tanja i ona koristi ovu mapu mozga. U takvoj vezi su vizuelno opa\u017eanje, Homunculus i potpuno opu\u0161tanje.<\/p>\n<p>&nbsp;<\/p>\n<p>Svakako da svako duboko i potpuno opu\u0161tanje odmara na\u0161 prebrzi um i na\u0161e, od posledica prebrzog uma, umorno telo, ali praktikovanje dubokog i potpunog opu\u0161tanja po tehnikama Joge Nidre donosi ne samo ogroman mir, emotivni, umni, du\u0161evni a time i telesni, ve\u0107 vodi do najve\u0107ih dubina onog skrivenog u nama.<\/p>\n<p>Potpuno i duboko opu\u0161tanje po\u010dinje sa opu\u0161tanjem ruku, i preko opu\u0161tanja ostalih delova tela i opa\u017eanja disanja vodi do vizualizacije \u010dakri ili psiho-energetskih podru\u010dja u nama.<\/p>\n<p>&nbsp;<\/p>\n<p>\u0160ta je ta\u010dno tehnika Joga Nidre a \u0161ta nije, mo\u017eete \u010ditati <a href=\"https:\/\/yogajagat.com\/sr\/potpuno-opustanje-joga-nidra-tehnika-dubokog-opustanja-jogicko-spavanje\/\"><span style=\"color: #993300;\">ovde<\/span><\/a>.<\/p>\n<p>I dalje, u kakvoj su vezi duboko opu\u0161tanje i frenkvencije mozga, <a href=\"https:\/\/yogajagat.com\/sr\/frekvencije-mozga-dusevni-mir-joga-nidra\/\"><span style=\"color: #993300;\">ovde<\/span><\/a>.[\/vc_column_text][\/vc_column][\/vc_row]\n","protected":false},"excerpt":{"rendered":"<p>[vc_row][vc_column][vc_column_text]<br \/>\nVizuelno opa\u017eanje, Homunculus i potpuno opu\u0161tanje<br \/>\n&nbsp;<br \/>\nPo nau\u010dnim istra\u017eivanjima, na\u0161e vizuelno opa\u017eanje izgleda ovako:<br \/>\n&nbsp;<\/p>\n<p>&nbsp;<br \/>\nA kada bi se ova predstava prevela u re\u010di, taj bi opis zvu\u010dao:<br \/>\n[\/vc_column_text][\/vc_column][\/vc_row][vc_row][vc_column][vc_custom_heading text=&#8221;Neko u na\u0161oj glavi posmatra nekog drugog, ko posmatra nekog drugog, ko posmatra drugi film&#8221; font_container=&#8221;tag:h2|text_align:center|color:%231aa3b2&#8243; google_fonts=&#8221;font_family:Ubuntu%3A300%2C300italic%2Cregular%2Citalic%2C500%2C500italic%2C700%2C700italic|font_style:300%20light%20italic%3A300%3Aitalic&#8221;][\/vc_column][\/vc_row][vc_row][vc_column][vc_column_text]<\/p>\n<p>&nbsp;<br \/>\nOni koji prou\u010davaju kako ljudski mozak razmi\u0161lja, ose\u0107a i razume, kao i oni koji prou\u010davaju kako ma\u0161ine funkcioni\u0161u (koje su, opet, napravili ljudi) veruju da se ova gore &#8230;<\/p>\n","protected":false},"author":1,"featured_media":0,"parent":0,"menu_order":0,"comment_status":"closed","ping_status":"closed","template":"template-full-width.php","meta":{"_bbp_topic_count":0,"_bbp_reply_count":0,"_bbp_total_topic_count":0,"_bbp_total_reply_count":0,"_bbp_voice_count":0,"_bbp_anonymous_reply_count":0,"_bbp_topic_count_hidden":0,"_bbp_reply_count_hidden":0,"_bbp_forum_subforum_count":0,"inline_featured_image":false,"spay_email":""},"translation":{"provider":"WPGlobus","version":"3.0.1","language":"sr","enabled_languages":["en","de","sr"],"languages":{"en":{"title":true,"content":true,"excerpt":false},"de":{"title":false,"content":false,"excerpt":false},"sr":{"title":true,"content":true,"excerpt":false}}},"yoast_head":"<!-- This site is optimized with the Yoast SEO plugin v18.3 - https:\/\/yoast.com\/wordpress\/plugins\/seo\/ -->\n<title>Homunculus i potpuno opu\u0161tanje - Lepota promene<\/title>\n<meta name=\"description\" content=\"Vizuelno opa\u017eanje, Homunculus, &quot;\u010dove\u010duljak&quot;, i kako potpuno i duboko opu\u0161tanje mo\u017ee da uti\u010de na tu slo\u017eenu situaciju u na\u0161oj glavi.\" \/>\n<meta name=\"robots\" content=\"index, follow, max-snippet:-1, max-image-preview:large, max-video-preview:-1\" \/>\n<link rel=\"canonical\" href=\"https:\/\/yogajagat.com\/homunculus-and-deep-relaxation\/\" \/>\n<meta name=\"twitter:label1\" content=\"Est. reading time\" \/>\n\t<meta name=\"twitter:data1\" content=\"5 minutes\" \/>\n<script type=\"application\/ld+json\" class=\"yoast-schema-graph\">{\"@context\":\"https:\/\/schema.org\",\"@graph\":[{\"@type\":\"Organization\",\"@id\":\"https:\/\/yogajagat.com\/#organization\",\"name\":\"Yogajagat\",\"url\":\"https:\/\/yogajagat.com\/\",\"sameAs\":[],\"logo\":{\"@type\":\"ImageObject\",\"@id\":\"https:\/\/yogajagat.com\/#logo\",\"inLanguage\":\"sr\",\"url\":\"https:\/\/i1.wp.com\/yogajagat.com\/wp-content\/uploads\/2019\/03\/DSC08478-Kopie-1.jpg?fit=798%2C800&ssl=1\",\"contentUrl\":\"https:\/\/i1.wp.com\/yogajagat.com\/wp-content\/uploads\/2019\/03\/DSC08478-Kopie-1.jpg?fit=798%2C800&ssl=1\",\"width\":798,\"height\":800,\"caption\":\"Yogajagat\"},\"image\":{\"@id\":\"https:\/\/yogajagat.com\/#logo\"}},{\"@type\":\"WebSite\",\"@id\":\"https:\/\/yogajagat.com\/#website\",\"url\":\"https:\/\/yogajagat.com\/\",\"name\":\"Lepota promene\",\"description\":\"Neprestanom promenom do najlepseg zivotnog iskustva\",\"publisher\":{\"@id\":\"https:\/\/yogajagat.com\/#organization\"},\"potentialAction\":[{\"@type\":\"SearchAction\",\"target\":{\"@type\":\"EntryPoint\",\"urlTemplate\":\"https:\/\/yogajagat.com\/?s={search_term_string}\"},\"query-input\":\"required name=search_term_string\"}],\"inLanguage\":\"sr\"},{\"@type\":\"ImageObject\",\"@id\":\"https:\/\/yogajagat.com\/homunculus-and-deep-relaxation\/#primaryimage\",\"inLanguage\":\"sr\",\"url\":\"http:\/\/yogajagat.com\/wp-content\/uploads\/2019\/07\/Infinite_regress_of_homunculus-300x156.png\",\"contentUrl\":\"http:\/\/yogajagat.com\/wp-content\/uploads\/2019\/07\/Infinite_regress_of_homunculus-300x156.png\"},{\"@type\":\"WebPage\",\"@id\":\"https:\/\/yogajagat.com\/homunculus-and-deep-relaxation\/#webpage\",\"url\":\"https:\/\/yogajagat.com\/homunculus-and-deep-relaxation\/\",\"name\":\"Homunculus i potpuno opu\u0161tanje - Lepota promene\",\"isPartOf\":{\"@id\":\"https:\/\/yogajagat.com\/#website\"},\"primaryImageOfPage\":{\"@id\":\"https:\/\/yogajagat.com\/homunculus-and-deep-relaxation\/#primaryimage\"},\"datePublished\":\"2019-07-27T13:02:34+00:00\",\"dateModified\":\"2020-01-30T21:03:48+00:00\",\"description\":\"Vizuelno opa\u017eanje, Homunculus, \\\"\u010dove\u010duljak\\\", i kako potpuno i duboko opu\u0161tanje mo\u017ee da uti\u010de na tu slo\u017eenu situaciju u na\u0161oj glavi.\",\"breadcrumb\":{\"@id\":\"https:\/\/yogajagat.com\/homunculus-and-deep-relaxation\/#breadcrumb\"},\"inLanguage\":\"sr\",\"potentialAction\":[{\"@type\":\"ReadAction\",\"target\":[\"https:\/\/yogajagat.com\/homunculus-and-deep-relaxation\/\"]}]},{\"@type\":\"BreadcrumbList\",\"@id\":\"https:\/\/yogajagat.com\/homunculus-and-deep-relaxation\/#breadcrumb\",\"itemListElement\":[{\"@type\":\"ListItem\",\"position\":1,\"name\":\"Home\",\"item\":\"https:\/\/yogajagat.com\/sr\/\"},{\"@type\":\"ListItem\",\"position\":2,\"name\":\"Homunculus and Deep Relaxation\"}]}]}<\/script>\n<!-- \/ Yoast SEO plugin. -->","yoast_head_json":{"title":"Homunculus i potpuno opu\u0161tanje - Lepota promene","description":"Vizuelno opa\u017eanje, Homunculus, \"\u010dove\u010duljak\", i kako potpuno i duboko opu\u0161tanje mo\u017ee da uti\u010de na tu slo\u017eenu situaciju u na\u0161oj glavi.","robots":{"index":"index","follow":"follow","max-snippet":"max-snippet:-1","max-image-preview":"max-image-preview:large","max-video-preview":"max-video-preview:-1"},"canonical":"https:\/\/yogajagat.com\/homunculus-and-deep-relaxation\/","twitter_misc":{"Est. reading time":"5 minutes"},"schema":{"@context":"https:\/\/schema.org","@graph":[{"@type":"Organization","@id":"https:\/\/yogajagat.com\/#organization","name":"Yogajagat","url":"https:\/\/yogajagat.com\/","sameAs":[],"logo":{"@type":"ImageObject","@id":"https:\/\/yogajagat.com\/#logo","inLanguage":"sr","url":"https:\/\/i1.wp.com\/yogajagat.com\/wp-content\/uploads\/2019\/03\/DSC08478-Kopie-1.jpg?fit=798%2C800&ssl=1","contentUrl":"https:\/\/i1.wp.com\/yogajagat.com\/wp-content\/uploads\/2019\/03\/DSC08478-Kopie-1.jpg?fit=798%2C800&ssl=1","width":798,"height":800,"caption":"Yogajagat"},"image":{"@id":"https:\/\/yogajagat.com\/#logo"}},{"@type":"WebSite","@id":"https:\/\/yogajagat.com\/#website","url":"https:\/\/yogajagat.com\/","name":"Lepota promene","description":"Neprestanom promenom do najlepseg zivotnog iskustva","publisher":{"@id":"https:\/\/yogajagat.com\/#organization"},"potentialAction":[{"@type":"SearchAction","target":{"@type":"EntryPoint","urlTemplate":"https:\/\/yogajagat.com\/?s={search_term_string}"},"query-input":"required name=search_term_string"}],"inLanguage":"sr"},{"@type":"ImageObject","@id":"https:\/\/yogajagat.com\/homunculus-and-deep-relaxation\/#primaryimage","inLanguage":"sr","url":"http:\/\/yogajagat.com\/wp-content\/uploads\/2019\/07\/Infinite_regress_of_homunculus-300x156.png","contentUrl":"http:\/\/yogajagat.com\/wp-content\/uploads\/2019\/07\/Infinite_regress_of_homunculus-300x156.png"},{"@type":"WebPage","@id":"https:\/\/yogajagat.com\/homunculus-and-deep-relaxation\/#webpage","url":"https:\/\/yogajagat.com\/homunculus-and-deep-relaxation\/","name":"Homunculus i potpuno opu\u0161tanje - Lepota promene","isPartOf":{"@id":"https:\/\/yogajagat.com\/#website"},"primaryImageOfPage":{"@id":"https:\/\/yogajagat.com\/homunculus-and-deep-relaxation\/#primaryimage"},"datePublished":"2019-07-27T13:02:34+00:00","dateModified":"2020-01-30T21:03:48+00:00","description":"Vizuelno opa\u017eanje, Homunculus, \"\u010dove\u010duljak\", i kako potpuno i duboko opu\u0161tanje mo\u017ee da uti\u010de na tu slo\u017eenu situaciju u na\u0161oj glavi.","breadcrumb":{"@id":"https:\/\/yogajagat.com\/homunculus-and-deep-relaxation\/#breadcrumb"},"inLanguage":"sr","potentialAction":[{"@type":"ReadAction","target":["https:\/\/yogajagat.com\/homunculus-and-deep-relaxation\/"]}]},{"@type":"BreadcrumbList","@id":"https:\/\/yogajagat.com\/homunculus-and-deep-relaxation\/#breadcrumb","itemListElement":[{"@type":"ListItem","position":1,"name":"Home","item":"https:\/\/yogajagat.com\/sr\/"},{"@type":"ListItem","position":2,"name":"Homunculus and Deep Relaxation"}]}]}},"_links":{"self":[{"href":"https:\/\/yogajagat.com\/sr\/wp-json\/wp\/v2\/pages\/3854"}],"collection":[{"href":"https:\/\/yogajagat.com\/sr\/wp-json\/wp\/v2\/pages"}],"about":[{"href":"https:\/\/yogajagat.com\/sr\/wp-json\/wp\/v2\/types\/page"}],"author":[{"embeddable":true,"href":"https:\/\/yogajagat.com\/sr\/wp-json\/wp\/v2\/users\/1"}],"replies":[{"embeddable":true,"href":"https:\/\/yogajagat.com\/sr\/wp-json\/wp\/v2\/comments?post=3854"}],"version-history":[{"count":15,"href":"https:\/\/yogajagat.com\/sr\/wp-json\/wp\/v2\/pages\/3854\/revisions"}],"predecessor-version":[{"id":5048,"href":"https:\/\/yogajagat.com\/sr\/wp-json\/wp\/v2\/pages\/3854\/revisions\/5048"}],"wp:attachment":[{"href":"https:\/\/yogajagat.com\/sr\/wp-json\/wp\/v2\/media?parent=3854"}],"curies":[{"name":"wp","href":"https:\/\/api.w.org\/{rel}","templated":true}]}}