{"id":3818,"date":"2019-07-26T11:46:06","date_gmt":"2019-07-26T10:46:06","guid":{"rendered":"http:\/\/yogajagat.com\/?page_id=3818"},"modified":"2020-06-16T16:05:07","modified_gmt":"2020-06-16T14:05:07","slug":"supernatural-powers","status":"publish","type":"page","link":"https:\/\/yogajagat.com\/sr\/natprirodne-moci-vise-snage-duha\/","title":{"rendered":"Natprirodne mo\u0107i, vi\u0161e snage duha"},"content":{"rendered":"[vc_row][vc_column][vc_column_text]\n<h3><\/h3>\n<h3 style=\"text-align: center;\"><span style=\"color: #800080;\">NATRIRODNE MO\u0106I<\/span><\/h3>\n<h3 style=\"text-align: center;\"><span style=\"color: #993300;\">VI\u0160E SNAGE DUHA <\/span><\/h3>\n<h3 style=\"text-align: center;\"><\/h3>\n<hr \/>\n<p>&nbsp;<\/p>\n<p>Sa dotignu\u0107em pravih psihi\u010dkih mo\u0107i ja\u010daju se vi\u0161e snage duha kao i natprirodne mo\u0107i.<\/p>\n<p>Okultne, <a href=\"https:\/\/yogajagat.com\/sr\/sidi-okultna-psihicka-moc-moc-jednoj-jogija\/\"><span style=\"color: #993300;\">psihi\u010dke mo\u0107i<\/span> <\/a>imaju dar da same sebe dalje razvijaju. <a href=\"https:\/\/yogajagat.com\/sr\/spoznaj-sebe-joga-sutra-detaljni-vodic\/\"><span style=\"color: #993300;\">Joga Sutra<\/span><\/a> opisuje \u0161ta se dalje de\u0161ava sa mo\u0107ima onih osoba koje su ve\u0107 dostigle odre\u0111eni nivo mo\u0107i.<\/p>\n<p>Razmatramo vi\u0161e snage duha i natprirodne mo\u0107i onako kako se one opisuju u tre\u0107em i \u010detvrtom poglavlju, i aforizme (ili <em>sutre<\/em>&#8211; &#8220;niti&#8221;) od sutre 3.39 do sutre 3.49.[\/vc_column_text][\/vc_column][\/vc_row][vc_row][vc_column][vc_custom_heading text=&#8221;Ula\u017eenje duha jedne u duh i telo druge osobe&#8221; font_container=&#8221;tag:h2|text_align:center|color:%231ba2b7&#8243; google_fonts=&#8221;font_family:Ubuntu%3A300%2C300italic%2Cregular%2Citalic%2C500%2C500italic%2C700%2C700italic|font_style:300%20light%20italic%3A300%3Aitalic&#8221;][\/vc_column][\/vc_row][vc_row][vc_column][vc_column_text]\n<h4><\/h4>\n<hr \/>\n<h4><\/h4>\n<p style=\"text-align: center;\"><strong><span style=\"color: #993300;\">Paranormalne pojave\u00a0<\/span><\/strong><\/p>\n<p>&nbsp;<\/p>\n<p>Ka\u017ee se da ukoliko jogi mo\u017ee da se odvoji od vezivanja za svoje telo koriste\u0107i njegove li\u010dne<a href=\"https:\/\/yogajagat.com\/sr\/sidi-okultna-psihicka-moc-moc-jednoj-jogija\/\"><span style=\"color: #993300;\"> sidije<\/span><\/a> (mo\u0107i) i znanje o <a href=\"https:\/\/yogajagat.com\/sr\/kundalini-sakti-zmijska-snaga\/\"><span style=\"color: #993300;\">energetskim kanalima<\/span><\/a>, njegova svest \u0107e mo\u0107i da prodre u drugo telo i da u tom telu deluje.<\/p>\n<p>&nbsp;<\/p>\n<p>Ovakve ljudske nad-mo\u0107i su se de\u0161avale i, iako vrlo retko, one se de\u0161avaju i dalje. Ipak se\u00a0ve\u0107ina ljudi na Zemlji jo\u0161 uvek bavi akcijama i reakcijama svoje ni\u017ee prirode, a za dostizanje nad-mo\u0107i potrebno je mnogo odricanja i po\u017ertvovanja po\u010dev od niskih priroda svesti sve do one najotmenije prirode. \u010cak \u0107e i oni koji su dostigli natprirodne mo\u0107i morati da se dalje pozabave i nalaze odgovor da li su im te mo\u0107i prave, ili la\u017ene.<\/p>\n<p>Ima ljudi koji poseduju razne nad-mo\u0107i, izme\u0111u ostalih i sposobnost da &#8220;u\u0111u&#8221; u tu\u0111e telo i da ga ozdrave. Postoji, naravno, i druga strana takvih energetskih izla\u017eenja iz sopstvenog i ula\u017eenja u tu\u0111a tela. \u010covek je ili moralan ili nije.<\/p>\n<p>Ovim nadljudskim fenomenima svejedno jednih ili drugih vrednosti, bavi se vrlo mlada nauka koja se zove parapsihologija.<\/p>\n<p>&nbsp;<\/p>\n<p>\u010covekov um je, iako je \u010disto blago, ipak manje vi\u0161e proklet jer \u010dim oseti sopstvene mo\u0107i, sve ono \u0161to je do tada bilo moralno vrlo lako mo\u017ee da se pretvori u nemoralno. \u017divot, vreme i prostor \u010doveku uvek postavljaju novi zadatak samokontrole. Zato ka\u017eem da je ceo \u017eivot, od jutra do slede\u0107eg svitanja ni\u0161ta drugo nego <em>sadhana<\/em>&#8211; praksa duha i du\u0161e, praksa Joge.<\/p>\n<p>Joga je tako ceo \u017eivot (ne me\u0161ajte <a href=\"https:\/\/yogajagat.com\/sr\/ujedinjenje-jedinstvo-dna-joga\/\"><span style=\"color: #993300;\">Jogu<\/span><\/a> sa jogom u kojoj \u010dovek nosi svoje kosti, mi\u0161i\u0107e i ego na takmi\u010denje sa drugim kostima, mi\u0161i\u0107ima i egom. Na nesre\u0107u ljudske inteligencije vrlo malo ljudi zaista raspola\u017ee znanjem o tome \u0161ta je Joga. Iz tog razloga sam u ovu kompletnu knjigu-web stranicu ulo\u017eila hilljade sati i prakse, iskustva i truda, ne bih li poku\u0161ala da objasnim makar i najmanji deo smisla, zna\u010denja i veli\u010dine transformacije duha).<\/p>\n<p>&nbsp;<\/p>\n<p>Neki od ljudi koji su imali iskustvo smrti, svoje ili smrti najbli\u017eih, imaju i iskustvo &#8220;ula\u017eenja&#8221; tu\u0111eg duha u svoje telo, i obrnuto. Ali to su ipak teme koje racionalni mozak ne mo\u017ee lako da doku\u010di. Posebno nauka ne veruje u &#8220;bajke&#8221; i u ono \u0161to ne mo\u017ee da izmeri brojevima. Kako god, u takvim &#8220;bajkama&#8221; kao \u0161to je ula\u017eenje jednog energetskog tela u drugo menja se svetlost i de\u0161avalo se da tu svetlost mogu da uslikaju razni aparati (tako\u0111e napravljeni od ruke \u010doveka).<\/p>\n<p>Iako je tema vrlo nesvakida\u0161nja, njenom fantazijom mo\u017ee da zainteresuje sve ljude otvorenog uma.<\/p>\n<p>Osobe koje poseduju ovakve sidije ili psihi\u010dke, natprirodne mo\u0107i ukoliko su prave i mo\u0107i i osobe, njima se ne hvale i sa njima se ne igraju.<\/p>\n<p>Filozofskih razmatranja na ovakve teme bilo je oduvek. Ali ne zaboravite da su najbolji filozofi uvek bili jo\u0161 bolji psihoanaliti\u010dari iako je, posebno na Zapadu, interesovanje ljudi za svoje li\u010dne psihi\u010dke i nadljudske mo\u0107i (ukoliko nije retka profesija) zamenila- trgovina, ili planiranje slede\u0107eg odmora.<\/p>\n<p>Ima mnogo mesta u literaturi Joge u kojima se mo\u017ee \u010ditati o energetskom izla\u017eenju iz tela i ula\u017eenjem u drugo. Ipak ne treba sve ni \u010ditati, posebno<a href=\"https:\/\/yogajagat.com\/sr\/knjige-covekov-najbolji-prijatelj\/\"><span style=\"color: #993300;\"> nepripremljenog<\/span> <\/a>uma, duha i srca jer \u0107e racionalni um vrlo lako poverovati da je \u010ditanjem i sam dostigao takve paranormalne ili parapsihi\u010dke mo\u0107i.<\/p>\n[\/vc_column_text][\/vc_column][\/vc_row][vc_row][vc_column][vc_custom_heading text=&#8221;Joga Sutra o ostalim mo\u0107ima&#8221; font_container=&#8221;tag:h2|text_align:center|color:%231ba2b7&#8243; google_fonts=&#8221;font_family:Ubuntu%3A300%2C300italic%2Cregular%2Citalic%2C500%2C500italic%2C700%2C700italic|font_style:300%20light%20italic%3A300%3Aitalic&#8221;][\/vc_column][\/vc_row][vc_row][vc_column][vc_column_text]\n<hr \/>\n<p>&nbsp;<\/p>\n<p>Slede\u0107i redovi, ili Sutre, govore o daljim, vi\u0161im meditacijama, ili <a href=\"https:\/\/yogajagat.com\/sr\/vise-moci-svesti\/\"><span style=\"color: #993300;\">Samjamama<\/span><\/a>. Mogu izgledati kao fantasti\u010dno ali upravo su te stranice Joga literature bile inspiracija i tema za mnogobrojne snimljene filmove i napisane knjige o paranormalnim ljudskim mo\u0107ima.<\/p>\n<p>Ostaje na vama kako \u0107ete ih shvatiti.<\/p>\n<p>&nbsp;<\/p>\n<h4 style=\"text-align: center;\"><span style=\"color: #993300;\">Vi\u0161e snage duha i du\u0161e, natprirodne mo\u0107i i Joga Sutra<\/span><\/h4>\n<p>&nbsp;<\/p>\n<p>Taj stari tekst Joga Sutra ka\u017ee da jogi koji je usavr\u0161io srednje disanje ili <em>samana pranu<\/em>, i sam mo\u017ee da emituje zrake svetlosti.<\/p>\n<p>Samana prana je vitalna, \u017eivotna snaga koja upravlja podru\u010djem <em>izme\u0111u srca i pupka<\/em>, i koja je povezana sa pro\u0161irivanjem svesti i transformacije.<\/p>\n<p>&nbsp;<\/p>\n<p>Zatim, Samjamom (meditacijom) na <em>vezu izme\u0111u uha i etra<\/em> (etar- prostor, <em>akasha<\/em>), \u010dovek sti\u010de bo\u017eanski, natprirodni sluh svih zvukova.<\/p>\n<p>&nbsp;<\/p>\n<p>Samjamom <em>na spolja\u0161nje talase uma koji su odvojeni od tela i ega<\/em>, veo unutra\u0161nje svetlosti, tame i neznanja nestaje. Svest jogija tada mo\u017ee u\u0107i u drugo telo bez zami\u0161ljanja.<\/p>\n<p>Samjamom <em>na grube elemente i njihove forme<\/em>, <em>na finije elemente, na su\u0161tinske karakteristike i grubih i finijih elemenata, i na uticaje koje one imaju na du\u0161u<\/em>,\u00a0 \u010dovek posti\u017ee majstorstvo nad svim elementima.<\/p>\n<p>Kroz majstorstvo nad elementima, \u010dovek posti\u017ee mo\u0107 da svoje telo napravi malim kao atom (<em>anima<\/em> ) i sli\u010dne mo\u0107i, kao i perfekciju tela.<\/p>\n<p>&nbsp;<\/p>\n<p>Ukoliko je jogi dostigao ove mo\u0107i (<em>mahasiddhi<\/em> ), onda on mo\u017ee sam sebe da smanji kao atom ili da sebe napravi velikim kao planina (<em>manima<\/em> ), te\u0161kim (<em>gharima<\/em> ) ili lakim (<em>laghima<\/em> ), onda on mo\u017ee da realizuje sve \u0161to po\u017eeli (<em>prakamya<\/em> ). On tada mo\u017ee da upravlja i svojim sopstvenim telom i duhovnim mo\u0107ima (<em>ishitva<\/em> ). Tako\u0111e mo\u017ee da upravlja i drugim bi\u0107ima i elementima (<em>vashtiva<\/em> ).<\/p>\n<p>&nbsp;<\/p>\n<p>Takvoj osobi na putu ne stoji vi\u0161e niko i ni\u0161ta.<\/p>\n<p>&nbsp;<\/p>\n<p>Savr\u0161enstvo fizi\u010dkog tela (<em>kaya-sampat<\/em> ) podrazumeva i lepotu (<em>rupa<\/em> ), gracioznost (<em>lavanaya<\/em> ), snagu (<em>bala<\/em> ) i nesalomljivu \u010dvstinu (<em>vajra<\/em> ). Ove odlike ni\u0161ta ne mo\u017ee da uni\u0161ti (<em>samhanana<\/em> ) i osobu sa ovakvim mo\u0107ima bolest i bol ne doti\u010du sve dok jogi to i sam ne po\u017eeli. (ovo poslednje nema povr\u0161no ve\u0107 vrlo duboko zna\u010denje, te\u0161ko se mo\u017ee razumeti za\u0161to bi se i kako desilo da se osobe koje su dostigle ovakve mo\u0107i mogu &#8220;predati&#8221; i oboleti).<\/p>\n<p>Samjamom (meditacijom) na opa\u017eanje (<em>grahana<\/em> ), na znanje o objektu, na njegovu prirodu ili formu (<em>svarupa<\/em> ) i na trasformaciju koja se pojavljuje kroz opa\u017eanje i znanje, na ego-ose\u0107aju ili moje-ja (<em>asmita<\/em> ) koje je u centru indrija (<em>indriyas<\/em>&#8211; umne forme delovanja i \u010dula), samjamom na odnos izme\u0111u tri najdublje prirode organa (<em>gunas<\/em> ) i na iskustvo o njima, jogi dosti\u017ee majstorstvo nad organima.<\/p>\n<p>Ovim majstorskim sav\u0161enstvom (<em>tato<\/em> ) telo dosti\u017ee mo\u0107 brzog kretanja kao \u0161to je brzina uma (<em>manojavitvam<\/em> ), mo\u0107 nad\u010dulnih opa\u017eanja (kao \u0161to su vidovitost i sposobnost da se \u010duju zvuci i signali koji obi\u010dnom umu nisu dostupni) ili mo\u0107 nad organima \u010dula (<em>vikaranabhavah<\/em> ) odvojeno od tela. Takvo telo dosti\u017ee i mo\u0107 nad prvobitnom uzroku, prakriti (<em>pradhanajayasca<\/em> ).<\/p>\n<p>&nbsp;<\/p>\n<p>Mo\u0107 kontrole nad prirodom, <a href=\"https:\/\/yogajagat.com\/sr\/kundalini-sakti-zmijska-snaga\/\"><span style=\"color: #993300;\">prakriti<\/span><\/a>, je najvi\u0161a i, izgleda, vrlo slatka mo\u0107, ali se osoba (jogi) koja je dostigla ove mo\u0107i ne vezuje za njih iz razloga \u0161to takva osoba ve\u0107 poseduje su\u0161tinsko i intuitivno znanje o svom Bi\u0107u.<\/p>\n<p>&nbsp;<\/p>\n[\/vc_column_text][\/vc_column][\/vc_row][vc_row][vc_column][vc_column_text]\n<div id=\"attachment_4304\" style=\"width: 650px\" class=\"wp-caption aligncenter\"><img aria-describedby=\"caption-attachment-4304\" loading=\"lazy\" class=\"wp-image-4304 size-full\" src=\"https:\/\/i1.wp.com\/yogajagat.com\/wp-content\/uploads\/2020\/01\/p02l54v5.jpg?resize=640%2C763\" alt=\"vi\u0161e snage duha natprirodne mo\u0107i\" width=\"640\" height=\"763\" srcset=\"https:\/\/i1.wp.com\/yogajagat.com\/wp-content\/uploads\/2020\/01\/p02l54v5.jpg?w=640&amp;ssl=1 640w, https:\/\/i1.wp.com\/yogajagat.com\/wp-content\/uploads\/2020\/01\/p02l54v5.jpg?resize=252%2C300&amp;ssl=1 252w\" sizes=\"(max-width: 640px) 100vw, 640px\" data-recalc-dims=\"1\" \/><p id=\"caption-attachment-4304\" class=\"wp-caption-text\">image source: https:\/\/www.bbc.co.uk\/programmes\/articles\/p0wkzD0t9YfNmvgcSCrZHr\/visions-of-chagall-seeing-a-new-world<\/p><\/div>\n[\/vc_column_text][\/vc_column][\/vc_row]\n","protected":false},"excerpt":{"rendered":"<p>[vc_row][vc_column][vc_column_text]<\/p>\n<p>NATRIRODNE MO\u0106I<br \/>\nVI\u0160E SNAGE DUHA <\/p>\n<p>\n&nbsp;<br \/>\nSa dotignu\u0107em pravih psihi\u010dkih mo\u0107i ja\u010daju se vi\u0161e snage duha kao i natprirodne mo\u0107i.<br \/>\nOkultne, psihi\u010dke mo\u0107i imaju dar da same sebe dalje razvijaju. Joga Sutra opisuje \u0161ta se dalje de\u0161ava sa mo\u0107ima onih osoba koje su ve\u0107 dostigle odre\u0111eni nivo mo\u0107i.<br \/>\nRazmatramo vi\u0161e snage duha i natprirodne mo\u0107i onako kako se one opisuju u tre\u0107em i \u010detvrtom poglavlju, i aforizme (ili sutre&#8211; &#8220;niti&#8221;) od sutre 3.39 do sutre &#8230;<\/p>\n","protected":false},"author":1,"featured_media":0,"parent":0,"menu_order":0,"comment_status":"closed","ping_status":"closed","template":"template-full-width.php","meta":{"_bbp_topic_count":0,"_bbp_reply_count":0,"_bbp_total_topic_count":0,"_bbp_total_reply_count":0,"_bbp_voice_count":0,"_bbp_anonymous_reply_count":0,"_bbp_topic_count_hidden":0,"_bbp_reply_count_hidden":0,"_bbp_forum_subforum_count":0,"inline_featured_image":false,"spay_email":""},"translation":{"provider":"WPGlobus","version":"3.0.1","language":"sr","enabled_languages":["en","de","sr"],"languages":{"en":{"title":true,"content":true,"excerpt":false},"de":{"title":true,"content":true,"excerpt":false},"sr":{"title":true,"content":true,"excerpt":false}}},"yoast_head":"<!-- This site is optimized with the Yoast SEO plugin v18.3 - https:\/\/yoast.com\/wordpress\/plugins\/seo\/ -->\n<title>Natprirodne mo\u0107i, vi\u0161e snage duha - Lepota promene<\/title>\n<meta name=\"description\" content=\"Sa dostignu\u0107em pravih psihi\u010dkih mo\u0107i, ja\u010daju se vi\u0161e snage duha i du\u0161e i natprirodne mo\u0107i. Joga Sutra o natprirodnim mo\u0107ima.\" \/>\n<meta name=\"robots\" content=\"index, follow, max-snippet:-1, max-image-preview:large, max-video-preview:-1\" \/>\n<link rel=\"canonical\" href=\"https:\/\/yogajagat.com\/supernatural-powers\/\" \/>\n<meta name=\"twitter:label1\" content=\"Est. reading time\" \/>\n\t<meta name=\"twitter:data1\" content=\"23 minutes\" \/>\n<script type=\"application\/ld+json\" class=\"yoast-schema-graph\">{\"@context\":\"https:\/\/schema.org\",\"@graph\":[{\"@type\":\"Organization\",\"@id\":\"https:\/\/yogajagat.com\/#organization\",\"name\":\"Yogajagat\",\"url\":\"https:\/\/yogajagat.com\/\",\"sameAs\":[],\"logo\":{\"@type\":\"ImageObject\",\"@id\":\"https:\/\/yogajagat.com\/#logo\",\"inLanguage\":\"sr\",\"url\":\"https:\/\/i1.wp.com\/yogajagat.com\/wp-content\/uploads\/2019\/03\/DSC08478-Kopie-1.jpg?fit=798%2C800&ssl=1\",\"contentUrl\":\"https:\/\/i1.wp.com\/yogajagat.com\/wp-content\/uploads\/2019\/03\/DSC08478-Kopie-1.jpg?fit=798%2C800&ssl=1\",\"width\":798,\"height\":800,\"caption\":\"Yogajagat\"},\"image\":{\"@id\":\"https:\/\/yogajagat.com\/#logo\"}},{\"@type\":\"WebSite\",\"@id\":\"https:\/\/yogajagat.com\/#website\",\"url\":\"https:\/\/yogajagat.com\/\",\"name\":\"Lepota promene\",\"description\":\"Neprestanom promenom do najlepseg zivotnog iskustva\",\"publisher\":{\"@id\":\"https:\/\/yogajagat.com\/#organization\"},\"potentialAction\":[{\"@type\":\"SearchAction\",\"target\":{\"@type\":\"EntryPoint\",\"urlTemplate\":\"https:\/\/yogajagat.com\/?s={search_term_string}\"},\"query-input\":\"required name=search_term_string\"}],\"inLanguage\":\"sr\"},{\"@type\":\"ImageObject\",\"@id\":\"https:\/\/yogajagat.com\/supernatural-powers\/#primaryimage\",\"inLanguage\":\"sr\",\"url\":\"http:\/\/yogajagat.com\/wp-content\/uploads\/2020\/01\/p02l54v5.jpg\",\"contentUrl\":\"http:\/\/yogajagat.com\/wp-content\/uploads\/2020\/01\/p02l54v5.jpg\"},{\"@type\":\"WebPage\",\"@id\":\"https:\/\/yogajagat.com\/supernatural-powers\/#webpage\",\"url\":\"https:\/\/yogajagat.com\/supernatural-powers\/\",\"name\":\"Natprirodne mo\u0107i, vi\u0161e snage duha - Lepota promene\",\"isPartOf\":{\"@id\":\"https:\/\/yogajagat.com\/#website\"},\"primaryImageOfPage\":{\"@id\":\"https:\/\/yogajagat.com\/supernatural-powers\/#primaryimage\"},\"datePublished\":\"2019-07-26T10:46:06+00:00\",\"dateModified\":\"2020-06-16T14:05:07+00:00\",\"description\":\"Sa dostignu\u0107em pravih psihi\u010dkih mo\u0107i, ja\u010daju se vi\u0161e snage duha i du\u0161e i natprirodne mo\u0107i. Joga Sutra o natprirodnim mo\u0107ima.\",\"breadcrumb\":{\"@id\":\"https:\/\/yogajagat.com\/supernatural-powers\/#breadcrumb\"},\"inLanguage\":\"sr\",\"potentialAction\":[{\"@type\":\"ReadAction\",\"target\":[\"https:\/\/yogajagat.com\/supernatural-powers\/\"]}]},{\"@type\":\"BreadcrumbList\",\"@id\":\"https:\/\/yogajagat.com\/supernatural-powers\/#breadcrumb\",\"itemListElement\":[{\"@type\":\"ListItem\",\"position\":1,\"name\":\"Home\",\"item\":\"https:\/\/yogajagat.com\/sr\/\"},{\"@type\":\"ListItem\",\"position\":2,\"name\":\"Supernatural Powers\"}]}]}<\/script>\n<!-- \/ Yoast SEO plugin. -->","yoast_head_json":{"title":"Natprirodne mo\u0107i, vi\u0161e snage duha - Lepota promene","description":"Sa dostignu\u0107em pravih psihi\u010dkih mo\u0107i, ja\u010daju se vi\u0161e snage duha i du\u0161e i natprirodne mo\u0107i. Joga Sutra o natprirodnim mo\u0107ima.","robots":{"index":"index","follow":"follow","max-snippet":"max-snippet:-1","max-image-preview":"max-image-preview:large","max-video-preview":"max-video-preview:-1"},"canonical":"https:\/\/yogajagat.com\/supernatural-powers\/","twitter_misc":{"Est. reading time":"23 minutes"},"schema":{"@context":"https:\/\/schema.org","@graph":[{"@type":"Organization","@id":"https:\/\/yogajagat.com\/#organization","name":"Yogajagat","url":"https:\/\/yogajagat.com\/","sameAs":[],"logo":{"@type":"ImageObject","@id":"https:\/\/yogajagat.com\/#logo","inLanguage":"sr","url":"https:\/\/i1.wp.com\/yogajagat.com\/wp-content\/uploads\/2019\/03\/DSC08478-Kopie-1.jpg?fit=798%2C800&ssl=1","contentUrl":"https:\/\/i1.wp.com\/yogajagat.com\/wp-content\/uploads\/2019\/03\/DSC08478-Kopie-1.jpg?fit=798%2C800&ssl=1","width":798,"height":800,"caption":"Yogajagat"},"image":{"@id":"https:\/\/yogajagat.com\/#logo"}},{"@type":"WebSite","@id":"https:\/\/yogajagat.com\/#website","url":"https:\/\/yogajagat.com\/","name":"Lepota promene","description":"Neprestanom promenom do najlepseg zivotnog iskustva","publisher":{"@id":"https:\/\/yogajagat.com\/#organization"},"potentialAction":[{"@type":"SearchAction","target":{"@type":"EntryPoint","urlTemplate":"https:\/\/yogajagat.com\/?s={search_term_string}"},"query-input":"required name=search_term_string"}],"inLanguage":"sr"},{"@type":"ImageObject","@id":"https:\/\/yogajagat.com\/supernatural-powers\/#primaryimage","inLanguage":"sr","url":"http:\/\/yogajagat.com\/wp-content\/uploads\/2020\/01\/p02l54v5.jpg","contentUrl":"http:\/\/yogajagat.com\/wp-content\/uploads\/2020\/01\/p02l54v5.jpg"},{"@type":"WebPage","@id":"https:\/\/yogajagat.com\/supernatural-powers\/#webpage","url":"https:\/\/yogajagat.com\/supernatural-powers\/","name":"Natprirodne mo\u0107i, vi\u0161e snage duha - Lepota promene","isPartOf":{"@id":"https:\/\/yogajagat.com\/#website"},"primaryImageOfPage":{"@id":"https:\/\/yogajagat.com\/supernatural-powers\/#primaryimage"},"datePublished":"2019-07-26T10:46:06+00:00","dateModified":"2020-06-16T14:05:07+00:00","description":"Sa dostignu\u0107em pravih psihi\u010dkih mo\u0107i, ja\u010daju se vi\u0161e snage duha i du\u0161e i natprirodne mo\u0107i. Joga Sutra o natprirodnim mo\u0107ima.","breadcrumb":{"@id":"https:\/\/yogajagat.com\/supernatural-powers\/#breadcrumb"},"inLanguage":"sr","potentialAction":[{"@type":"ReadAction","target":["https:\/\/yogajagat.com\/supernatural-powers\/"]}]},{"@type":"BreadcrumbList","@id":"https:\/\/yogajagat.com\/supernatural-powers\/#breadcrumb","itemListElement":[{"@type":"ListItem","position":1,"name":"Home","item":"https:\/\/yogajagat.com\/sr\/"},{"@type":"ListItem","position":2,"name":"Supernatural Powers"}]}]}},"_links":{"self":[{"href":"https:\/\/yogajagat.com\/sr\/wp-json\/wp\/v2\/pages\/3818"}],"collection":[{"href":"https:\/\/yogajagat.com\/sr\/wp-json\/wp\/v2\/pages"}],"about":[{"href":"https:\/\/yogajagat.com\/sr\/wp-json\/wp\/v2\/types\/page"}],"author":[{"embeddable":true,"href":"https:\/\/yogajagat.com\/sr\/wp-json\/wp\/v2\/users\/1"}],"replies":[{"embeddable":true,"href":"https:\/\/yogajagat.com\/sr\/wp-json\/wp\/v2\/comments?post=3818"}],"version-history":[{"count":10,"href":"https:\/\/yogajagat.com\/sr\/wp-json\/wp\/v2\/pages\/3818\/revisions"}],"predecessor-version":[{"id":5947,"href":"https:\/\/yogajagat.com\/sr\/wp-json\/wp\/v2\/pages\/3818\/revisions\/5947"}],"wp:attachment":[{"href":"https:\/\/yogajagat.com\/sr\/wp-json\/wp\/v2\/media?parent=3818"}],"curies":[{"name":"wp","href":"https:\/\/api.w.org\/{rel}","templated":true}]}}