{"id":3805,"date":"2019-07-25T17:40:59","date_gmt":"2019-07-25T16:40:59","guid":{"rendered":"http:\/\/yogajagat.com\/?page_id=3805"},"modified":"2020-06-13T15:05:10","modified_gmt":"2020-06-13T13:05:10","slug":"real-and-false-meditation","status":"publish","type":"page","link":"https:\/\/yogajagat.com\/sr\/prava-i-lazna-meditacija-pravi-ili-uzaludni-meditator\/","title":{"rendered":"Prava i la\u017ena meditacija, pravi ili uzaludni meditator?"},"content":{"rendered":"[vc_row][vc_column][vc_column_text]\n<h3 style=\"text-align: center;\"><span style=\"color: #993300;\">DA LI POSTOJI PRAVA I LA\u017dNA MEDITACIJA?<\/span><\/h3>\n<hr \/>\n<h3><\/h3>\n<h3 style=\"text-align: center;\"><span style=\"color: #993300;\"><span style=\"color: #33cccc;\">Neuronauka i meditacija<\/span>\u00a0<\/span><\/h3>\n<p style=\"text-align: left;\">\u010covek je u mladom kamenom dobu, pre oko pet hiljada godina, koristio kremen ne samo da bi palio vatru ve\u0107 i da bi otvarao lobanje i istra\u017eivao kako na\u0161 nervni sistem radi. Ne\u0161to mla\u0111i indijski mudraci tako\u0111e nisu poznavali na\u0161u dana\u0161nju\u00a0neuronauku (nem. Neurowissenschaft, engl. neuroscience), ali nisu ni imali potrebe da pi\u0161u i razmi\u0161ljaju o tome \u0161ta su prava i la\u017ena meditacija.<\/p>\n<p>Na\u0161 sistem telo-um-du\u0161a je ekstremno inteligentan i slo\u017een sistem o kome, i pored svih nauka svejedno starih ili mladih, mi ustvari jo\u0161 uvek vrlo, vrlo malo znamo.\u00a0Kako meditacija, ili razli\u010dite tehnike meditacije uti\u010du na na\u0161 nervni sistem, jo\u0161 uvek nije toliko va\u017ena tema toj mladoj, vi\u0161eslojnoj neuronauci.<\/p>\n<p>Nau\u010dnici koji su se u novije doba ipak upustili u ovakva ispitivanja sla\u017eu se da se u mozgu osobe koja odre\u0111eno vreme provodi u meditaciji de\u0161avaju promene (<a href=\"https:\/\/news.harvard.edu\/gazette\/story\/2018\/04\/harvard-researchers-study-how-mindfulness-may-change-the-brain-in-depressed-patients\/\"><span style=\"color: #993300;\">jedno<\/span><\/a> od novijih istra\u017eivanja svesne pa\u017enje, kojom se na Zapadu \u010desto naziva meditacija). A ta promena nije ni\u0161ta, ve\u0107 je ne\u0161to i za ljudsku svest veliko ne\u0161to.<\/p>\n<p>Promene koje se de\u0161avaju u mozgu de\u0161avaju se u elektro-magnetskoj strukturi mozga.[\/vc_column_text][\/vc_column][\/vc_row][vc_row][vc_column][vc_custom_heading text=&#8221;Kada je meditacija uzaludna i kad se u meditaciji de\u0161avaju sme\u0161ne stvari&#8221; font_container=&#8221;tag:h2|text_align:center|color:%231ba2b7&#8243; google_fonts=&#8221;font_family:Ubuntu%3A300%2C300italic%2Cregular%2Citalic%2C500%2C500italic%2C700%2C700italic|font_style:300%20light%20italic%3A300%3Aitalic&#8221;][\/vc_column][\/vc_row][vc_row][vc_column][vc_column_text]\n<hr \/>\n<p>&nbsp;<\/p>\n<p>Nije retkost da neki ljudi primete da se posle meditacije ose\u0107aju jo\u0161 uzrujanije nego pre meditacije.<\/p>\n<p>Mnogi vremenom, opet, postanu pravi majstori uronjavanja u stanje spavanja u sede\u0107em polo\u017eaju. Neki \u0107e \u010dak biti toliko iskusni upada\u010di u san na jastuku za meditaciju da \u0107e sasvim samopouzdano pasti na le\u0111a i nastaviti da hr\u010du \u0161to je, za razliku od psiholo\u0161ke ili fizi\u010dke zbunjenosti (koju su i psihologija i neuronauka potvrdile) vrlo blag produkt pogre\u0161nog shvatanja i praktikovanja meditacije.<\/p>\n<p>Mo\u017ee biti da su ovi ljudi koji su sasvim pogre\u0161no shvatili meditaciju ovakvim shvatanjem i praksom uspeli da re\u0161e neke od svojih \u017eivotnih problema ili da su dospeli do vi\u0161ih nivoa znanja, ali na\u017ealost, \u0161anse za ovu istinu su vrlo male.<\/p>\n<p>\u010cak i oni koji misle da su do\u017eiveli neko vrlo posebno ili \u010dak vrhovno stanje stanje jer su se &#8220;raspali u hiljadu delova i onda se ponovo sastavili&#8221; (\u0161to nije nikakvo misti\u010dno iskustvo ve\u0107 sasvim normalna reakcija ljudske svesti koja se korak po korak smiruje) na\u017ealost su jako daleko od prave istine. Ako pored toga jo\u0161 i kompletnu <a href=\"https:\/\/yogajagat.com\/sr\/ujedinjenje-jedinstvo-dna-joga\/\"><span style=\"color: #993300;\">Jogu<\/span><\/a>, tu prastaru, gospodsku i prefinjenu i praksu i nauku skrnave na isti takav na\u010din, onda su oni definitivno omanuli u razumevanju slobode svoje svesti, srca, duha i du\u0161e.[\/vc_column_text][\/vc_column][\/vc_row][vc_row][vc_column][vc_custom_heading text=&#8221;\u0160ta je, onda, prava meditacija, i ko je pravi meditator?&#8221; font_container=&#8221;tag:h2|text_align:center|color:%231ba2b7&#8243; google_fonts=&#8221;font_family:Ubuntu%3A300%2C300italic%2Cregular%2Citalic%2C500%2C500italic%2C700%2C700italic|font_style:300%20light%20italic%3A300%3Aitalic&#8221;][\/vc_column][\/vc_row][vc_row][vc_column][vc_column_text]\n<hr \/>\n<p>&nbsp;<\/p>\n<p>Molim vas imajte u vidu da<a href=\"https:\/\/yogajagat.com\/sr\/meditacija-o-meditaciji-kao-stanju-duha\/\"><span style=\"color: #993300;\"> meditacija<\/span><\/a> mo\u017ee biti plodna (i zdrava) samo onda kada je duh postojan u svojoj iskrenosti i u otvorenom umu \u0161to ne zna\u010di ni\u0161ta drugo nego otvorenom srcu.<\/p>\n<p>Isto je i sa praktikovanjem <a href=\"https:\/\/yogajagat.com\/sr\/joga-polozaji-tela-izvodenje-joga-asana\/\"><span style=\"color: #993300;\">asana<\/span><\/a>, jogi\u010dkih polo\u017eaja tela. Kada se asane ne izvode sa \u017eudnjom za takmi\u010denjem ili jo\u0161 tu\u017enije za pobedom ve\u0107 posve\u0107eno pravim vrednostima i istini, rezultat \u0107e biti osna\u017eeno i telo i duh. Ovakvo praktikovanje vodi do pro\u010di\u0161\u0107enja i srca i duha.<\/p>\n<p>Ona osoba koja je sposobna da<a href=\"https:\/\/yogajagat.com\/sr\/pratjahara-povlacenje-cula-umetnost-priroda\/\"><span style=\"color: #993300;\"> povu\u010de njena \u010dula<\/span><\/a> i u potpunosti napravi razliku \u0161ta je stvarno a \u0161ta ne, vrlo je blizu <a href=\"https:\/\/yogajagat.com\/sr\/praktikovanje-meditacije-sta-se-desava-u-meditaciji\/\"><span style=\"color: #993300;\">meditativnom<\/span><\/a> stanju uma.<\/p>\n<p>\u010covek koji zna kako da <a href=\"https:\/\/yogajagat.com\/sr\/koncentracija-korisno-odvajanje-uma-od-bure-darana\/\"><span style=\"color: #993300;\">fokusira svest<\/span><\/a> i onaj koji, posle svega,<em> ima ljubav za sam \u017eivot,<\/em> nalazi se na najboljem putu svoje ljudske du\u0161e.<\/p>\n<p>Iz ovih razloga se ka\u017ee da je meditacija <a href=\"https:\/\/yogajagat.com\/sr\/stanja-svesti-vedanta-meditacija-anticke-duhovne-knjige\/\"><span style=\"color: #993300;\">najvi\u0161e stanje<\/span><\/a> u Jogi, Vedanti, Tantri (i formama Tantre u Japanu, Kini i Tibetu), Budizmu ili bilo kom drugom sistemu mi\u0161ljenja.<\/p>\n[\/vc_column_text][\/vc_column][\/vc_row][vc_row][vc_column][vc_custom_heading text=&#8221;Ni\u0161ta nije nemogu\u0107e&#8221; font_container=&#8221;tag:h2|text_align:center|color:%231ba2b7&#8243; google_fonts=&#8221;font_family:Ubuntu%3A300%2C300italic%2Cregular%2Citalic%2C500%2C500italic%2C700%2C700italic|font_style:300%20light%20italic%3A300%3Aitalic&#8221;][\/vc_column][\/vc_row][vc_row][vc_column][vc_column_text]\n<hr \/>\n<p>&nbsp;<\/p>\n<p>Meditiranje zahteva dobru i \u010dvrstu pripremu. U suprotnom se nepripremljena osoba mo\u017ee izgubiti u svom identitetu, ponosu, svojoj aroganciji, svojim o\u010dekivanjima, vrednostima, kompleksima vi\u0161e vrednosti (koji su samo mekano \u0107ebence za kompleks ni\u017ee vrednosti), u smislu \u017eivota, u kompletnom nala\u017eenju u prostoru. U ovakvom slu\u010daju \u0107e meditacija umesto opu\u0161tenog uma i spokojnog srca doneti jo\u0161 ve\u0107e konfuzije u navedenim i drugim stanjima ljudske psihe.<\/p>\n<p>Oba, i praksa (ili stanje) potpune koncentracije i duboka meditacija mogu da probude vi\u0161e centre u<a href=\"https:\/\/yogajagat.com\/sr\/frekvencije-mozga-dusevni-mir\/\"><span style=\"color: #993300;\"> frekvencijama mozga<\/span> <\/a>menjaju\u0107i elektro-magnetne talase. Ukoliko nema pripreme za ovakvu transformaciju, ono \u0161to se meditacijom eventualno unosi u mozak mo\u017ee biti previ\u0161e.<\/p>\n<p>\u010covek ne treba da maltretira sebe po svaku cenu ve\u0107 treba da bude iskren i svestan svoje li\u010dne prirode i svog li\u010dnog mentaliteta i da na njegovom putu iskreno \u010dini ono \u0161to za njega mogu\u0107e i da istovremeno odbaci ono \u0161to nije.<\/p>\n<p>Put samorealizacije se u Jogi zove<a href=\"https:\/\/yogajagat.com\/sr\/prepoznavanje-istine-put-iskustva-i-najcistijeg-znanja\/\"><span style=\"color: #993300;\"> put diskriminacije<\/span><\/a> (<em>viveka<\/em> ).<\/p>\n<p>Ovaj put se ne mo\u017ee podu\u010davati nijednom knjigom niti postoji osoba koja o ovom putu mo\u017ee da podu\u010di drugog \u010doveka. Ovim putem se jedino mo\u017ee po\u0107i i pro\u0107i iskrenim posmatranjem <em>unutra<\/em>, samo ispitivanjem (<em>vichara<\/em> ) i menjanjem unutra\u0161njeg \u017eivota jakom snagom volje i svakako bez bilo kakvog ose\u0107aja krivice ili bilo kakvim preterivanjima.<\/p>\n<p>Za ovakav put neophodno je biti uzemljen, bili vi duhovnjaci, materijalisti, ideolozi ili sanjari.<\/p>\n<p>Ni\u0161ta nije nemogu\u0107e.<\/p>\n[\/vc_column_text][\/vc_column][\/vc_row][vc_row][vc_column][vc_custom_heading text=&#8221;Kuda krenuti?&#8221; font_container=&#8221;tag:h2|text_align:center|color:%231ba2b7&#8243; google_fonts=&#8221;font_family:Ubuntu%3A300%2C300italic%2Cregular%2Citalic%2C500%2C500italic%2C700%2C700italic|font_style:300%20light%20italic%3A300%3Aitalic&#8221;][\/vc_column][\/vc_row][vc_row][vc_column][vc_column_text]\n<hr \/>\n<p>&nbsp;<\/p>\n<p>Kada je meditacija prava a ne la\u017ena, \u0161to zna\u010di kada se meditacija praktikuje na pravi na\u010din, njeni plodovi se prenose na \u010ditav karakter \u010doveka. \u010citav karakter \u010doveka se menja. Ovakvu transformaciju \u0107e okolina neizbe\u017eno osetiti i videti, ali svakako samo ona okolina koja ve\u0107 i sama ima dovoljno otvoreno srce da primeti i primi transformacije ovih ljudi.<\/p>\n<p>Sjaj u o\u010dima ne mo\u017ee da la\u017ee. Niti to mo\u017ee srce. A du\u0161a ni najmanje.<\/p>\n<p>&nbsp;<\/p>\n<p>Nema ni\u010dega lo\u0161e u obrazovanju, \u010ditanju ili slu\u0161anju o tu\u0111im iskustvima.<\/p>\n<p>Ali, nauka je kruta, hladna, nefleksibilna i \u010desto vrlo samoube\u0111ena a\u00a0i sa tu\u0111im iskustvima, posebno onih koji su vrlo glasni misle\u0107i da su ve\u0107 otkrili sve tajne svih univerzuma, treba biti na dobroj distanci.<\/p>\n<p>&nbsp;<\/p>\n<p>Jedan dobar prijatelj, na\u017ealost ili na sre\u0107u nosilac retkih mo\u017edanih sposobnosti, u o\u010dajni\u010dkoj borbi za ljudsko jednom je napisao prostu istinu:<\/p>\n<p>&#8220;Ne zanima me \u0161ta ste bili, zanima me \u0161ta ste postali.&#8221;<\/p>\n[\/vc_column_text][\/vc_column][\/vc_row][vc_row][vc_column][vc_custom_heading text=&#8221;Kako prepoznati pravog meditatora, iskrenog u\u010ditelja, ispravan put?&#8221; font_container=&#8221;tag:h2|text_align:center|color:%231ba2b7&#8243; google_fonts=&#8221;font_family:Ubuntu%3A300%2C300italic%2Cregular%2Citalic%2C500%2C500italic%2C700%2C700italic|font_style:300%20light%20italic%3A300%3Aitalic&#8221;][\/vc_column][\/vc_row][vc_row][vc_column][vc_column_text]\n<hr \/>\n<p>&nbsp;<\/p>\n[\/vc_column_text][\/vc_column][\/vc_row][vc_row][vc_column width=&#8221;2\/3&#8243;][vc_column_text]Normalno, nijedna zdrava osoba ne voli da bude manipulisana i vo\u0111ena prevarantima. Na\u017ealost takvi slu\u010dajevi nisu novi, mada je svet danas u ve\u0107oj konfuziji nego ikada ranije. Da biste sebe sa\u010duvali u traganju za pravim u\u010diteljima za po\u010detak jednostavno obratite pa\u017enju na par velikih ali (na prvi pogled) skrivenih detalja:<\/p>\n<p>&#8211; kako \u010dovek \u017eivi<br \/>\n&#8211; \u0161ta je svom telu, svom duhu i svojoj du\u0161i dozvoljavao da mu drugi \u010dine a time i on sam sebi \u010dinio, i dalje \u010dini<br \/>\n&#8211; \u0161ta danas pri\u010da<br \/>\n&#8211; kako deluje danas<br \/>\n&#8211; \u0161ta su mu li\u010dni koraci doneli i da li je nau\u010dio nove lekcije mudrosti iz sopstvenog bola<br \/>\n&#8211; gde se nalaze njegova blagost i grubost.[\/vc_column_text][\/vc_column][vc_column width=&#8221;1\/3&#8243;][vc_column_text]\n<div id=\"attachment_4300\" style=\"width: 330px\" class=\"wp-caption aligncenter\"><img aria-describedby=\"caption-attachment-4300\" loading=\"lazy\" class=\"wp-image-4300 size-full\" src=\"https:\/\/i2.wp.com\/yogajagat.com\/wp-content\/uploads\/2020\/01\/DSC01590-Kopie.jpg?resize=320%2C319\" alt=\"prava i la\u017ena meditacija\" width=\"320\" height=\"319\" srcset=\"https:\/\/i2.wp.com\/yogajagat.com\/wp-content\/uploads\/2020\/01\/DSC01590-Kopie.jpg?w=320&amp;ssl=1 320w, https:\/\/i2.wp.com\/yogajagat.com\/wp-content\/uploads\/2020\/01\/DSC01590-Kopie.jpg?resize=300%2C300&amp;ssl=1 300w, https:\/\/i2.wp.com\/yogajagat.com\/wp-content\/uploads\/2020\/01\/DSC01590-Kopie.jpg?resize=150%2C150&amp;ssl=1 150w, https:\/\/i2.wp.com\/yogajagat.com\/wp-content\/uploads\/2020\/01\/DSC01590-Kopie.jpg?resize=71%2C71&amp;ssl=1 71w, https:\/\/i2.wp.com\/yogajagat.com\/wp-content\/uploads\/2020\/01\/DSC01590-Kopie.jpg?resize=36%2C36&amp;ssl=1 36w\" sizes=\"(max-width: 320px) 100vw, 320px\" data-recalc-dims=\"1\" \/><p id=\"caption-attachment-4300\" class=\"wp-caption-text\">yogajagat.com<\/p><\/div>\n[\/vc_column_text][\/vc_column][\/vc_row][vc_row][vc_column][vc_column_text]I lako \u0107ete prepoznati \u0161arlatana od istinskog mudraca.<\/p>\n<p>A tako \u0107ete postaviti na prava mesta i odgovore na nedoumicu \u0161ta je prava a \u0161ta la\u017ena meditacija.<\/p>\n<p>Isto je i sa u\u010diteljem Joge, meditacije, duhovnosti ili bilo kakve nauke (ili bolje, istine) o slojevima ljudskog tela, duha, uma ili du\u0161e.<\/p>\n<p>Bili vi i sami motivisani neuronau\u010dnici ili iskusni govornici, ipak je najbolje da se i sami upustite na taj lep i beskrajan put meditacije.<\/p>\n<p>Ulo\u017eite trud i ljubavi u same sebe, svoju ne\u017enost i istinu, i praktikujte sami.<\/p>\n<p>Takva putovanja ka slobodi uma, srca i du\u0161e su prava iskustva i znanja.<\/p>\n<p>&nbsp;<\/p>\n<p><span style=\"color: #993300;\">A mentalna, i sloboda u ljudskom srcu i emocijama su najvrednija blaga ljudskog bi\u0107a.<\/span>[\/vc_column_text][\/vc_column][\/vc_row][vc_row][vc_column][vc_custom_heading text=&#8221;Govorite Tim jezikom&#8221; font_container=&#8221;tag:h2|text_align:center|color:%231ba2b7&#8243; google_fonts=&#8221;font_family:Ubuntu%3A300%2C300italic%2Cregular%2Citalic%2C500%2C500italic%2C700%2C700italic|font_style:300%20light%20italic%3A300%3Aitalic&#8221;][\/vc_column][\/vc_row]\n","protected":false},"excerpt":{"rendered":"<p>[vc_row][vc_column][vc_column_text]<br \/>\nDA LI POSTOJI PRAVA I LA\u017dNA MEDITACIJA?<\/p>\n<p>\nNeuronauka i meditacija\u00a0<br \/>\n\u010covek je u mladom kamenom dobu, pre oko pet hiljada godina, koristio kremen ne samo da bi palio vatru ve\u0107 i da bi otvarao lobanje i istra\u017eivao kako na\u0161 nervni sistem radi. Ne\u0161to mla\u0111i indijski mudraci tako\u0111e nisu poznavali na\u0161u dana\u0161nju\u00a0neuronauku (nem. Neurowissenschaft, engl. neuroscience), ali nisu ni imali potrebe da pi\u0161u i razmi\u0161ljaju o tome \u0161ta su prava i la\u017ena meditacija.<br \/>\nNa\u0161 sistem telo-um-du\u0161a je ekstremno &#8230;<\/p>\n","protected":false},"author":1,"featured_media":0,"parent":0,"menu_order":0,"comment_status":"closed","ping_status":"closed","template":"template-full-width.php","meta":{"_bbp_topic_count":0,"_bbp_reply_count":0,"_bbp_total_topic_count":0,"_bbp_total_reply_count":0,"_bbp_voice_count":0,"_bbp_anonymous_reply_count":0,"_bbp_topic_count_hidden":0,"_bbp_reply_count_hidden":0,"_bbp_forum_subforum_count":0,"inline_featured_image":false,"spay_email":""},"translation":{"provider":"WPGlobus","version":"3.0.1","language":"sr","enabled_languages":["en","de","sr"],"languages":{"en":{"title":true,"content":true,"excerpt":false},"de":{"title":true,"content":true,"excerpt":false},"sr":{"title":true,"content":true,"excerpt":false}}},"yoast_head":"<!-- This site is optimized with the Yoast SEO plugin v18.3 - https:\/\/yoast.com\/wordpress\/plugins\/seo\/ -->\n<title>Prava i la\u017ena meditacija, pravi ili uzaludni meditator? - Lepota promene<\/title>\n<meta name=\"description\" content=\"Kada je meditacija prava a ne la\u017ena, \u0161to zna\u010di kada se meditacija praktikuje na pravi na\u010din, rezultat je transformacija celokupnog karaktera \u010doveka.\" \/>\n<meta name=\"robots\" content=\"index, follow, max-snippet:-1, max-image-preview:large, max-video-preview:-1\" \/>\n<link rel=\"canonical\" href=\"https:\/\/yogajagat.com\/de\/echte-oder-falsche-meditation\/\" \/>\n<meta name=\"twitter:label1\" content=\"Est. reading time\" \/>\n\t<meta name=\"twitter:data1\" content=\"19 minutes\" \/>\n<script type=\"application\/ld+json\" class=\"yoast-schema-graph\">{\"@context\":\"https:\/\/schema.org\",\"@graph\":[{\"@type\":\"Organization\",\"@id\":\"https:\/\/yogajagat.com\/#organization\",\"name\":\"Yogajagat\",\"url\":\"https:\/\/yogajagat.com\/\",\"sameAs\":[],\"logo\":{\"@type\":\"ImageObject\",\"@id\":\"https:\/\/yogajagat.com\/#logo\",\"inLanguage\":\"sr\",\"url\":\"https:\/\/i1.wp.com\/yogajagat.com\/wp-content\/uploads\/2019\/03\/DSC08478-Kopie-1.jpg?fit=798%2C800&ssl=1\",\"contentUrl\":\"https:\/\/i1.wp.com\/yogajagat.com\/wp-content\/uploads\/2019\/03\/DSC08478-Kopie-1.jpg?fit=798%2C800&ssl=1\",\"width\":798,\"height\":800,\"caption\":\"Yogajagat\"},\"image\":{\"@id\":\"https:\/\/yogajagat.com\/#logo\"}},{\"@type\":\"WebSite\",\"@id\":\"https:\/\/yogajagat.com\/#website\",\"url\":\"https:\/\/yogajagat.com\/\",\"name\":\"Lepota promene\",\"description\":\"Neprestanom promenom do najlepseg zivotnog iskustva\",\"publisher\":{\"@id\":\"https:\/\/yogajagat.com\/#organization\"},\"potentialAction\":[{\"@type\":\"SearchAction\",\"target\":{\"@type\":\"EntryPoint\",\"urlTemplate\":\"https:\/\/yogajagat.com\/?s={search_term_string}\"},\"query-input\":\"required name=search_term_string\"}],\"inLanguage\":\"sr\"},{\"@type\":\"ImageObject\",\"@id\":\"https:\/\/yogajagat.com\/de\/echte-oder-falsche-meditation\/#primaryimage\",\"inLanguage\":\"sr\",\"url\":\"http:\/\/yogajagat.com\/wp-content\/uploads\/2020\/01\/DSC01590-Kopie.jpg\",\"contentUrl\":\"http:\/\/yogajagat.com\/wp-content\/uploads\/2020\/01\/DSC01590-Kopie.jpg\"},{\"@type\":\"WebPage\",\"@id\":\"https:\/\/yogajagat.com\/de\/echte-oder-falsche-meditation\/#webpage\",\"url\":\"https:\/\/yogajagat.com\/de\/echte-oder-falsche-meditation\/\",\"name\":\"Prava i la\u017ena meditacija, pravi ili uzaludni meditator? - Lepota promene\",\"isPartOf\":{\"@id\":\"https:\/\/yogajagat.com\/#website\"},\"primaryImageOfPage\":{\"@id\":\"https:\/\/yogajagat.com\/de\/echte-oder-falsche-meditation\/#primaryimage\"},\"datePublished\":\"2019-07-25T16:40:59+00:00\",\"dateModified\":\"2020-06-13T13:05:10+00:00\",\"description\":\"Kada je meditacija prava a ne la\u017ena, \u0161to zna\u010di kada se meditacija praktikuje na pravi na\u010din, rezultat je transformacija celokupnog karaktera \u010doveka.\",\"breadcrumb\":{\"@id\":\"https:\/\/yogajagat.com\/de\/echte-oder-falsche-meditation\/#breadcrumb\"},\"inLanguage\":\"sr\",\"potentialAction\":[{\"@type\":\"ReadAction\",\"target\":[\"https:\/\/yogajagat.com\/de\/echte-oder-falsche-meditation\/\"]}]},{\"@type\":\"BreadcrumbList\",\"@id\":\"https:\/\/yogajagat.com\/de\/echte-oder-falsche-meditation\/#breadcrumb\",\"itemListElement\":[{\"@type\":\"ListItem\",\"position\":1,\"name\":\"Home\",\"item\":\"https:\/\/yogajagat.com\/sr\/\"},{\"@type\":\"ListItem\",\"position\":2,\"name\":\"Echte oder falsche Meditation?\"}]}]}<\/script>\n<!-- \/ Yoast SEO plugin. -->","yoast_head_json":{"title":"Prava i la\u017ena meditacija, pravi ili uzaludni meditator? - Lepota promene","description":"Kada je meditacija prava a ne la\u017ena, \u0161to zna\u010di kada se meditacija praktikuje na pravi na\u010din, rezultat je transformacija celokupnog karaktera \u010doveka.","robots":{"index":"index","follow":"follow","max-snippet":"max-snippet:-1","max-image-preview":"max-image-preview:large","max-video-preview":"max-video-preview:-1"},"canonical":"https:\/\/yogajagat.com\/de\/echte-oder-falsche-meditation\/","twitter_misc":{"Est. reading time":"19 minutes"},"schema":{"@context":"https:\/\/schema.org","@graph":[{"@type":"Organization","@id":"https:\/\/yogajagat.com\/#organization","name":"Yogajagat","url":"https:\/\/yogajagat.com\/","sameAs":[],"logo":{"@type":"ImageObject","@id":"https:\/\/yogajagat.com\/#logo","inLanguage":"sr","url":"https:\/\/i1.wp.com\/yogajagat.com\/wp-content\/uploads\/2019\/03\/DSC08478-Kopie-1.jpg?fit=798%2C800&ssl=1","contentUrl":"https:\/\/i1.wp.com\/yogajagat.com\/wp-content\/uploads\/2019\/03\/DSC08478-Kopie-1.jpg?fit=798%2C800&ssl=1","width":798,"height":800,"caption":"Yogajagat"},"image":{"@id":"https:\/\/yogajagat.com\/#logo"}},{"@type":"WebSite","@id":"https:\/\/yogajagat.com\/#website","url":"https:\/\/yogajagat.com\/","name":"Lepota promene","description":"Neprestanom promenom do najlepseg zivotnog iskustva","publisher":{"@id":"https:\/\/yogajagat.com\/#organization"},"potentialAction":[{"@type":"SearchAction","target":{"@type":"EntryPoint","urlTemplate":"https:\/\/yogajagat.com\/?s={search_term_string}"},"query-input":"required name=search_term_string"}],"inLanguage":"sr"},{"@type":"ImageObject","@id":"https:\/\/yogajagat.com\/de\/echte-oder-falsche-meditation\/#primaryimage","inLanguage":"sr","url":"http:\/\/yogajagat.com\/wp-content\/uploads\/2020\/01\/DSC01590-Kopie.jpg","contentUrl":"http:\/\/yogajagat.com\/wp-content\/uploads\/2020\/01\/DSC01590-Kopie.jpg"},{"@type":"WebPage","@id":"https:\/\/yogajagat.com\/de\/echte-oder-falsche-meditation\/#webpage","url":"https:\/\/yogajagat.com\/de\/echte-oder-falsche-meditation\/","name":"Prava i la\u017ena meditacija, pravi ili uzaludni meditator? - Lepota promene","isPartOf":{"@id":"https:\/\/yogajagat.com\/#website"},"primaryImageOfPage":{"@id":"https:\/\/yogajagat.com\/de\/echte-oder-falsche-meditation\/#primaryimage"},"datePublished":"2019-07-25T16:40:59+00:00","dateModified":"2020-06-13T13:05:10+00:00","description":"Kada je meditacija prava a ne la\u017ena, \u0161to zna\u010di kada se meditacija praktikuje na pravi na\u010din, rezultat je transformacija celokupnog karaktera \u010doveka.","breadcrumb":{"@id":"https:\/\/yogajagat.com\/de\/echte-oder-falsche-meditation\/#breadcrumb"},"inLanguage":"sr","potentialAction":[{"@type":"ReadAction","target":["https:\/\/yogajagat.com\/de\/echte-oder-falsche-meditation\/"]}]},{"@type":"BreadcrumbList","@id":"https:\/\/yogajagat.com\/de\/echte-oder-falsche-meditation\/#breadcrumb","itemListElement":[{"@type":"ListItem","position":1,"name":"Home","item":"https:\/\/yogajagat.com\/sr\/"},{"@type":"ListItem","position":2,"name":"Echte oder falsche Meditation?"}]}]}},"_links":{"self":[{"href":"https:\/\/yogajagat.com\/sr\/wp-json\/wp\/v2\/pages\/3805"}],"collection":[{"href":"https:\/\/yogajagat.com\/sr\/wp-json\/wp\/v2\/pages"}],"about":[{"href":"https:\/\/yogajagat.com\/sr\/wp-json\/wp\/v2\/types\/page"}],"author":[{"embeddable":true,"href":"https:\/\/yogajagat.com\/sr\/wp-json\/wp\/v2\/users\/1"}],"replies":[{"embeddable":true,"href":"https:\/\/yogajagat.com\/sr\/wp-json\/wp\/v2\/comments?post=3805"}],"version-history":[{"count":13,"href":"https:\/\/yogajagat.com\/sr\/wp-json\/wp\/v2\/pages\/3805\/revisions"}],"predecessor-version":[{"id":5935,"href":"https:\/\/yogajagat.com\/sr\/wp-json\/wp\/v2\/pages\/3805\/revisions\/5935"}],"wp:attachment":[{"href":"https:\/\/yogajagat.com\/sr\/wp-json\/wp\/v2\/media?parent=3805"}],"curies":[{"name":"wp","href":"https:\/\/api.w.org\/{rel}","templated":true}]}}