{"id":3800,"date":"2019-07-25T15:46:18","date_gmt":"2019-07-25T14:46:18","guid":{"rendered":"http:\/\/yogajagat.com\/?page_id=3800"},"modified":"2021-06-16T09:42:57","modified_gmt":"2021-06-16T07:42:57","slug":"the-stages-of-consciousness-and-vedanta","status":"publish","type":"page","link":"https:\/\/yogajagat.com\/sr\/stanja-svesti-i-vedanta-meditacija-anticke-duhovne-knjige\/","title":{"rendered":"Stanja svesti i Vedanta. Meditacija. Anti\u010dke duhovne knjige"},"content":{"rendered":"[vc_row][vc_column][vc_custom_heading text=&#8221;\u0160ta ka\u017eu anti\u010dke knjige o meditaciji&#8221; font_container=&#8221;tag:h2|text_align:center|color:%231a8bad&#8221; google_fonts=&#8221;font_family:Ubuntu%3A300%2C300italic%2Cregular%2Citalic%2C500%2C500italic%2C700%2C700italic|font_style:300%20light%20italic%3A300%3Aitalic&#8221;][\/vc_column][\/vc_row][vc_row][vc_column][vc_column_text]\n<h3><\/h3>\n<h3 style=\"text-align: center;\"><span style=\"color: #993300;\">Stanja svesti i Vedanta<\/span><\/h3>\n<hr \/>\n<p>&nbsp;<\/p>\n<p>Anti\u010dke knjige su nam ostavile pravo blago za \u010ditanje, razmi\u0161ljanje, tihovanje, praktikovanje. Stanja svesti je Vedanta-nauka objasnila jo\u0161 mnogo stotina godina pre nego \u0161to mi po\u010deli da meditiramo i da praktikujemo Jogu.<\/p>\n<p><a href=\"https:\/\/yogajagat.com\/sr\/ucenja-starih-naroda-vijnana-bhairava-tantra\/\"><span style=\"color: #993300;\">Vijnana Bhairava Tantra<\/span><\/a> je stari tekst o znanju uma i duha. On podu\u010dava 112 razli\u010ditih tehnika meditacije koje su ozna\u010dene kao <em>dharane<\/em> ili <a href=\"https:\/\/yogajagat.com\/sr\/koncentracija-korisno-odvajanje-uma-od-bure-darana\/\"><span style=\"color: #993300;\">koncentracije<\/span><\/a>. Osho je te tehnike opisao vrlo upro\u0161\u0107eno ali i op\u0161irno u <a href=\"https:\/\/kupdf.net\/download\/79891467-osho-knjiga-tajni-1_590af37adc0d60d251959eaf_pdf\"><span style=\"color: #993300;\"><em>Knjizi <\/em>Tajni<\/span><\/a> ili <a href=\"https:\/\/www.amazon.co.uk\/Book-Secrets-Meditations-Discover-Mystery\/dp\/0312650604\/ref=sr_1_1?keywords=osho+the+book+of+secrets&amp;qid=1579728828&amp;sr=8-1\"><span style=\"color: #993300;\"><em>The book of Secrets<\/em><\/span><\/a>.<\/p>\n<p>Na\u010din \u017eivljenja i voljenja, disanja, razmi\u0161ljanja i delanja na na\u010din <em>Tantra<\/em> nauke vodi (mo\u017ee da dovede) do krajnjeg stanja svesti. To krajnje, poslednje stanje svesti se mo\u017ee dosti\u0107i samo sa ve\u0107 dobro pripremljenim srcem, telom i fokusom uma. Ovo vrlo otmeno stanje se na\u017ealost ne mo\u017ee dosti\u0107i pre\u010dicama, to nisu pri\u010de i komentari, to je stanje krajnje svesti.<\/p>\n<p><em>Redovi ove kompletne stranice-knjige govore o stepenicama. Ukoliko ulo\u017eite truda i ljubavi u \u010ditanje i tuma\u010denje, na\u0107i \u0107ete dosta odgovora i inspiracije i izme\u0111u redova.<\/em><\/p>\n<p>&nbsp;<\/p>\n<p>Stanja svesti po Vedanti su:<\/p>\n<p>1. duboko spavanje<\/p>\n<p>2. sanjanje (REM faza)<\/p>\n<p>3. budno stanje, koje je obi\u010dno stanje svakog uma<\/p>\n<p>4. otvaranje du\u0161e, svest du\u0161e (kada \u010dovek u njegovom najti\u0161em svedo\u010denju postane posmatra\u010d vo\u0111en ne mislima nego intuicijom. Ovo stanje je duboko stanje \u010diste iskrenosti prema sebi i svojoj du\u0161i, a time i prema svemu i svakome)<\/p>\n<p>5. kosmi\u010dka, univerzalna svest (kada \u010dovek prepozna da njegova du\u0161a pro\u017eima sva stanja i sve forme njegovog postojanja i svega drugog. U ovom stanju \u010dovek je imun na stres a njegova tiha i mirna opu\u0161tenost je prava hrana za sve ljude i za \u010ditavu okolinu)<\/p>\n<p>6. bo\u017eanska svest (ili svedo\u010denje odsjaja bo\u017eanskog)<\/p>\n<p>7. ujedinjena svest (stapanje li\u010dne du\u0161e sa univerzalnom, kosmi\u010dkom du\u0161om, ujedno u \u010distoj harmoniji sa zakonima prirode)<\/p>\n<p>&nbsp;<\/p>\n<p>Kako do\u017eivljavate svet zavisi od stanja va\u0161e svesti.<\/p>\n<p>&nbsp;<\/p>\n<p>Ovako nas <a href=\"https:\/\/yogajagat.com\/sr\/ujedinjenje-jedinstvo-dna-joga\/\"><span style=\"color: #993300;\">Joga<\/span> <\/a>koja je praksa <em>Tantre,<\/em> vodi preko tri osnovna stanja svesti, budno stanje (<em>jagrat<\/em> ), stanje sanjanja (<em>swapna<\/em> ) i stanje spavanja (<em>sushupti<\/em> ) do \u010detvrtog stanja svesti <em>turiya<\/em>, koje je po <a href=\"https:\/\/yogajagat.com\/sr\/spoznaj-sebe-joga-sutra-detaljni-vodic\/\"><span style=\"color: #993300;\">Patan\u0111aliju<\/span> <\/a>kraj i novi po\u010detak.<\/p>\n[\/vc_column_text][vc_custom_heading text=&#8221;Meditacija u Sankhya filozofiji&#8221; font_container=&#8221;tag:h2|text_align:center|color:%231b8db7&#8243; google_fonts=&#8221;font_family:Ubuntu%3A300%2C300italic%2Cregular%2Citalic%2C500%2C500italic%2C700%2C700italic|font_style:300%20light%20italic%3A300%3Aitalic&#8221;][\/vc_column][\/vc_row][vc_row][vc_column][vc_column_text]\n<hr \/>\n<p>&nbsp;<\/p>\n<p><em>Sankhya<\/em> je jedna od \u0161est klasi\u010dnih \u0161kola indijske filozofije ili vi\u0111enja (<em>darshanas<\/em> ). Ona defini\u0161e meditaciju kao alat koji ujedinjuje dva principa.<\/p>\n<p>Joga Sutra je tekst baziran na Sankhya filozofiji.[\/vc_column_text][\/vc_column][\/vc_row][vc_row][vc_column][vc_cta h2=&#8221;Joga Sutra 3.2:&#8221; color=&#8221;turquoise&#8221;]&#8221;Meditacija je neprekidan i produ\u017een tok opa\u017eanja (misli, ideje, verovanja) u smeru predmeta koncentracije.&#8221;[\/vc_cta][\/vc_column][\/vc_row][vc_row][vc_column][vc_column_text]<em>Katha Upanishad<\/em> se bavi prou\u010davanjem svih mogu\u0107ih misterija.<\/p>\n<p>Stih 2.3.10 ka\u017ee:[\/vc_column_text][\/vc_column][\/vc_row][vc_row][vc_column][vc_cta h2=&#8221;Katha Upanishad 2.3.10:&#8221; color=&#8221;turquoise&#8221;]&#8221;Kada su pet \u010dula prekinuta i smirena, kada ostatak uma miruje zajedno sa njima i kada vi\u0161i se vi\u0161i um povu\u010de od svoje antivnosti, to je najvi\u0161e stanje, ka\u017eu mislioci.&#8221;[\/vc_cta][\/vc_column][\/vc_row][vc_row][vc_column][vc_cta h2=&#8221;Bhagavad Gita 6.5:&#8221; color=&#8221;turquoise&#8221;]&#8221;\u010covek treba sebe da uzdigne svojim sopstvenim Bi\u0107em, zato mu ne dozvoli da oslabi to Bi\u0107e. Jer to Bi\u0107e je sam svoj prijatelj i sam sebi neprijatelj.&#8221;[\/vc_cta][\/vc_column][\/vc_row][vc_row][vc_column][vc_column_text](li\u010dni prevod stiha sa sanskrita od Swami Swarupanande)<\/p>\n<p>Da u \u017eivotu nema pre\u010dica i da se \u010dovek ne ostvaruje sa nepro\u010di\u0161\u0107enim srcem ve\u0107 da mora da pro\u010disti i svoje srce, navike, ube\u0111enja, da promeni smer svog egoizma. Koliko je put srca dug govori slede\u0107i stih, a gde i kako bi \u010dovek trebao da zapo\u010dne ovaj put mo\u017eete po\u010deti \u010ditati od stranice\u00a0<a href=\"https:\/\/yogajagat.com\/sr\/ujedinjenje-jedinstvo-dna-joga\/\"><span style=\"color: #993300;\">ujedinjenje<\/span><\/a>\u00a0 sve do stranice <a href=\"https:\/\/yogajagat.com\/sr\/transcendentno-znanje-vrhovno-znanje-sveznanje\/\"><span style=\"color: #993300;\">znanje raste u vrhovno<\/span><\/a>.[\/vc_column_text][\/vc_column][\/vc_row][vc_row][vc_column][vc_cta h2=&#8221;Bhagavad Gita 6.3:&#8221; color=&#8221;turquoise&#8221;]&#8221;Za onog ko se nalazi na po\u010detku Joge (ili na putu da<em>\u00a0dostigne pro\u0107i\u0161\u0107enje srca koje vodi do koncentracije<\/em>), put je rad. Za onog ko je ve\u0107 uzvi\u0161en u Jogi (<em>kada je takvu koncentraciju ostvari<\/em>o), njegov put je prestanak svih materijalnih aktivnosti.&#8221;<\/p>\n[\/vc_cta][\/vc_column][\/vc_row][vc_row][vc_column width=&#8221;1\/4&#8243;][vc_column_text]<em>\u0101ruruk\u1e63or muner yoga\u1e3f<\/em><\/p>\n<p>&nbsp;<\/p>\n<p><em>arurukoh<\/em>&#8211; onaj koji je tek zapo\u010deo Jogu<\/p>\n<p><em>muneh-<\/em> mudraca<\/p>\n<p><em>yogam<\/em>&#8211; sistem<\/p>\n[\/vc_column_text][\/vc_column][vc_column width=&#8221;1\/4&#8243;][vc_column_text]<em>karma k\u0101ra\u1e47am ucyate<\/em><\/p>\n<p>&nbsp;<\/p>\n<p><em>karma<\/em>\u2013 rad<\/p>\n<p><em>karanam<\/em>\u2013 put<\/p>\n<p><em>ucyate<\/em>\u2013 ka\u017ee se, trebalo bi[\/vc_column_text][\/vc_column][vc_column width=&#8221;1\/4&#8243;][vc_column_text]<em>yog\u0101r\u016b\u1e0dhasya tasyaiva<\/em><\/p>\n<p>&nbsp;<\/p>\n<p><em>yoga<\/em>\u2013 osmostruka Joga<\/p>\n<p><em>arudhasya<\/em>\u2013 od onoga koji je ve\u0107 dostignuo<\/p>\n<p><em>tasya<\/em>\u2013 biti<\/p>\n<p><em>eva<\/em>\u2013 zasigurno[\/vc_column_text][\/vc_column][vc_column width=&#8221;1\/4&#8243;][vc_column_text]<em>\u015bama\u1e25 k\u0101ra\u1e47am ucyat<\/em><\/p>\n<p>&nbsp;<\/p>\n<p><em>samah<\/em>\u2013 prestanak svih materijalnih aktivnosti<\/p>\n<p><em>karanam<\/em>\u2013 put<\/p>\n<p><em>ucyate<\/em>\u2013 ka\u017ee se, trebalo bi[\/vc_column_text][\/vc_column][\/vc_row][vc_row][vc_column][vc_cta h2=&#8221;Bhagavad Gita 6.7:&#8221; color=&#8221;turquoise&#8221;]&#8221;Onaj ko ima samokontrolu i ko je spokojan ostvario je Uzvi\u0161eno Bi\u0107e. Takvom \u010doveku su sre\u0107a i bol, toplo i hladno, \u010dast i be\u0161\u010da\u0161\u0107e isto.&#8221;[\/vc_cta][\/vc_column][\/vc_row][vc_row][vc_column][vc_column_text]\u010covek koji vlada samokontrolom vo\u0111en je Du\u0161om Kosmosa.<\/p>\n<p>Ova prilika data je svakom \u017eivom bi\u0107u\u00a0samim dolaskom na Zemlju i ta ista Du\u0161a je na raspolaganju svakome.<\/p>\n<p>Ali tek onda kada mali um prevazi\u0111e svoju nisku prirodu i kada se pretvori u duh koji vlada samokontrolom, ova ista Du\u0161a Kosmosa mo\u017ee da se do\u017eivi.[\/vc_column_text][\/vc_column][\/vc_row][vc_row][vc_column][vc_cta h2=&#8221;Bhagavad Gita 6.8:&#8221; color=&#8221;turquoise&#8221;]&#8221;\u010covek \u010dije je srce ispunjeno zadovoljstvom sa mudrosti i samoostvarenjem i koje je nepromenljivo, \u010dija su \u010dula osvojena i kome je grudva zemlje, kamena i zlata ista, takav Jogi je postojan.&#8221;[\/vc_cta][\/vc_column][\/vc_row][vc_row][vc_column][vc_column_text]<em>Jogi<\/em> je &#8220;misti\u010dna&#8221; osoba, to je neko koga obi\u010dan svet ne mo\u017ee da razume i da ho\u0107e. Jogi je postojan u svojoj samokontroli i materijalno za njega nema nikakvu va\u017enost.<\/p>\n<p><a href=\"https:\/\/yogajagat.com\/sr\/razmisljanje-i-uvid-put-rezonovanja\/\"><span style=\"color: #993300;\">Raja Jogiji<\/span> <\/a>su upravo ti kraljevi. I upravo zato <a href=\"https:\/\/yogajagat.com\/sr\/knjige-covekov-najbolji-prijatelj\/\"><span style=\"color: #993300;\">knji\u0161ko<\/span> <\/a>znanje nema nikakvu korist za Vrhovnu Istinu.<\/p>\n<p>Tako Vedanta poznaje stanja svesti.[\/vc_column_text][\/vc_column][\/vc_row][vc_row][vc_column][vc_column_text]<img loading=\"lazy\" class=\"aligncenter size-full wp-image-4465\" src=\"https:\/\/i0.wp.com\/yogajagat.com\/wp-content\/uploads\/2020\/01\/DSC00204.jpg?resize=640%2C480\" alt=\"stanja svesti i vedanta\" width=\"640\" height=\"480\" srcset=\"https:\/\/i0.wp.com\/yogajagat.com\/wp-content\/uploads\/2020\/01\/DSC00204.jpg?w=640&amp;ssl=1 640w, https:\/\/i0.wp.com\/yogajagat.com\/wp-content\/uploads\/2020\/01\/DSC00204.jpg?resize=300%2C225&amp;ssl=1 300w\" sizes=\"(max-width: 640px) 100vw, 640px\" data-recalc-dims=\"1\" \/>[\/vc_column_text][\/vc_column][\/vc_row]\n","protected":false},"excerpt":{"rendered":"<p>[vc_row][vc_column][vc_custom_heading text=&#8221;\u0160ta ka\u017eu anti\u010dke knjige o meditaciji&#8221; font_container=&#8221;tag:h2|text_align:center|color:%231a8bad&#8221; google_fonts=&#8221;font_family:Ubuntu%3A300%2C300italic%2Cregular%2Citalic%2C500%2C500italic%2C700%2C700italic|font_style:300%20light%20italic%3A300%3Aitalic&#8221;][\/vc_column][\/vc_row][vc_row][vc_column][vc_column_text]<\/p>\n<p>Stanja svesti i Vedanta<\/p>\n<p>&nbsp;<br \/>\nAnti\u010dke knjige su nam ostavile pravo blago za \u010ditanje, razmi\u0161ljanje, tihovanje, praktikovanje. Stanja svesti je Vedanta-nauka objasnila jo\u0161 mnogo stotina godina pre nego \u0161to mi po\u010deli da meditiramo i da praktikujemo Jogu.<br \/>\nVijnana Bhairava Tantra je stari tekst o znanju uma i duha. On podu\u010dava 112 razli\u010ditih tehnika meditacije koje su ozna\u010dene kao dharane ili koncentracije. Osho je te tehnike opisao vrlo upro\u0161\u0107eno ali &#8230;<\/p>\n","protected":false},"author":1,"featured_media":0,"parent":0,"menu_order":0,"comment_status":"closed","ping_status":"closed","template":"template-full-width.php","meta":{"_bbp_topic_count":0,"_bbp_reply_count":0,"_bbp_total_topic_count":0,"_bbp_total_reply_count":0,"_bbp_voice_count":0,"_bbp_anonymous_reply_count":0,"_bbp_topic_count_hidden":0,"_bbp_reply_count_hidden":0,"_bbp_forum_subforum_count":0,"inline_featured_image":false,"spay_email":""},"translation":{"provider":"WPGlobus","version":"3.0.1","language":"sr","enabled_languages":["en","de","sr"],"languages":{"en":{"title":true,"content":true,"excerpt":false},"de":{"title":true,"content":true,"excerpt":false},"sr":{"title":true,"content":true,"excerpt":false}}},"yoast_head":"<!-- This site is optimized with the Yoast SEO plugin v18.3 - https:\/\/yoast.com\/wordpress\/plugins\/seo\/ -->\n<title>Stanja svesti i Vedanta. Meditacija. Anti\u010dke duhovne knjige - Lepota promene<\/title>\n<meta name=\"description\" content=\"Anti\u010dke knjige su nam ostavile pravo blago za \u010ditanje, razmi\u0161ljanje, tihovanje, praktikovanje. Stanja svesti je Vedanta-nauka objasnila pre stotine godina.\" \/>\n<meta name=\"robots\" content=\"index, follow, max-snippet:-1, max-image-preview:large, max-video-preview:-1\" \/>\n<link rel=\"canonical\" href=\"https:\/\/yogajagat.com\/the-stages-of-consciousness-and-vedanta\/\" \/>\n<meta name=\"twitter:label1\" content=\"Est. reading time\" \/>\n\t<meta name=\"twitter:data1\" content=\"4 minutes\" \/>\n<script type=\"application\/ld+json\" class=\"yoast-schema-graph\">{\"@context\":\"https:\/\/schema.org\",\"@graph\":[{\"@type\":\"Organization\",\"@id\":\"https:\/\/yogajagat.com\/#organization\",\"name\":\"Yogajagat\",\"url\":\"https:\/\/yogajagat.com\/\",\"sameAs\":[],\"logo\":{\"@type\":\"ImageObject\",\"@id\":\"https:\/\/yogajagat.com\/#logo\",\"inLanguage\":\"sr\",\"url\":\"https:\/\/i1.wp.com\/yogajagat.com\/wp-content\/uploads\/2019\/03\/DSC08478-Kopie-1.jpg?fit=798%2C800&ssl=1\",\"contentUrl\":\"https:\/\/i1.wp.com\/yogajagat.com\/wp-content\/uploads\/2019\/03\/DSC08478-Kopie-1.jpg?fit=798%2C800&ssl=1\",\"width\":798,\"height\":800,\"caption\":\"Yogajagat\"},\"image\":{\"@id\":\"https:\/\/yogajagat.com\/#logo\"}},{\"@type\":\"WebSite\",\"@id\":\"https:\/\/yogajagat.com\/#website\",\"url\":\"https:\/\/yogajagat.com\/\",\"name\":\"Lepota promene\",\"description\":\"Neprestanom promenom do najlepseg zivotnog iskustva\",\"publisher\":{\"@id\":\"https:\/\/yogajagat.com\/#organization\"},\"potentialAction\":[{\"@type\":\"SearchAction\",\"target\":{\"@type\":\"EntryPoint\",\"urlTemplate\":\"https:\/\/yogajagat.com\/?s={search_term_string}\"},\"query-input\":\"required name=search_term_string\"}],\"inLanguage\":\"sr\"},{\"@type\":\"ImageObject\",\"@id\":\"https:\/\/yogajagat.com\/the-stages-of-consciousness-and-vedanta\/#primaryimage\",\"inLanguage\":\"sr\",\"url\":\"http:\/\/yogajagat.com\/wp-content\/uploads\/2020\/01\/DSC00201.jpg\",\"contentUrl\":\"http:\/\/yogajagat.com\/wp-content\/uploads\/2020\/01\/DSC00201.jpg\"},{\"@type\":\"WebPage\",\"@id\":\"https:\/\/yogajagat.com\/the-stages-of-consciousness-and-vedanta\/#webpage\",\"url\":\"https:\/\/yogajagat.com\/the-stages-of-consciousness-and-vedanta\/\",\"name\":\"Stanja svesti i Vedanta. Meditacija. Anti\u010dke duhovne knjige - Lepota promene\",\"isPartOf\":{\"@id\":\"https:\/\/yogajagat.com\/#website\"},\"primaryImageOfPage\":{\"@id\":\"https:\/\/yogajagat.com\/the-stages-of-consciousness-and-vedanta\/#primaryimage\"},\"datePublished\":\"2019-07-25T14:46:18+00:00\",\"dateModified\":\"2021-06-16T07:42:57+00:00\",\"description\":\"Anti\u010dke knjige su nam ostavile pravo blago za \u010ditanje, razmi\u0161ljanje, tihovanje, praktikovanje. Stanja svesti je Vedanta-nauka objasnila pre stotine godina.\",\"breadcrumb\":{\"@id\":\"https:\/\/yogajagat.com\/the-stages-of-consciousness-and-vedanta\/#breadcrumb\"},\"inLanguage\":\"sr\",\"potentialAction\":[{\"@type\":\"ReadAction\",\"target\":[\"https:\/\/yogajagat.com\/the-stages-of-consciousness-and-vedanta\/\"]}]},{\"@type\":\"BreadcrumbList\",\"@id\":\"https:\/\/yogajagat.com\/the-stages-of-consciousness-and-vedanta\/#breadcrumb\",\"itemListElement\":[{\"@type\":\"ListItem\",\"position\":1,\"name\":\"Home\",\"item\":\"https:\/\/yogajagat.com\/sr\/\"},{\"@type\":\"ListItem\",\"position\":2,\"name\":\"The Stages of Consciousness and Vedanta\"}]}]}<\/script>\n<!-- \/ Yoast SEO plugin. -->","yoast_head_json":{"title":"Stanja svesti i Vedanta. Meditacija. Anti\u010dke duhovne knjige - Lepota promene","description":"Anti\u010dke knjige su nam ostavile pravo blago za \u010ditanje, razmi\u0161ljanje, tihovanje, praktikovanje. Stanja svesti je Vedanta-nauka objasnila pre stotine godina.","robots":{"index":"index","follow":"follow","max-snippet":"max-snippet:-1","max-image-preview":"max-image-preview:large","max-video-preview":"max-video-preview:-1"},"canonical":"https:\/\/yogajagat.com\/the-stages-of-consciousness-and-vedanta\/","twitter_misc":{"Est. reading time":"4 minutes"},"schema":{"@context":"https:\/\/schema.org","@graph":[{"@type":"Organization","@id":"https:\/\/yogajagat.com\/#organization","name":"Yogajagat","url":"https:\/\/yogajagat.com\/","sameAs":[],"logo":{"@type":"ImageObject","@id":"https:\/\/yogajagat.com\/#logo","inLanguage":"sr","url":"https:\/\/i1.wp.com\/yogajagat.com\/wp-content\/uploads\/2019\/03\/DSC08478-Kopie-1.jpg?fit=798%2C800&ssl=1","contentUrl":"https:\/\/i1.wp.com\/yogajagat.com\/wp-content\/uploads\/2019\/03\/DSC08478-Kopie-1.jpg?fit=798%2C800&ssl=1","width":798,"height":800,"caption":"Yogajagat"},"image":{"@id":"https:\/\/yogajagat.com\/#logo"}},{"@type":"WebSite","@id":"https:\/\/yogajagat.com\/#website","url":"https:\/\/yogajagat.com\/","name":"Lepota promene","description":"Neprestanom promenom do najlepseg zivotnog iskustva","publisher":{"@id":"https:\/\/yogajagat.com\/#organization"},"potentialAction":[{"@type":"SearchAction","target":{"@type":"EntryPoint","urlTemplate":"https:\/\/yogajagat.com\/?s={search_term_string}"},"query-input":"required name=search_term_string"}],"inLanguage":"sr"},{"@type":"ImageObject","@id":"https:\/\/yogajagat.com\/the-stages-of-consciousness-and-vedanta\/#primaryimage","inLanguage":"sr","url":"http:\/\/yogajagat.com\/wp-content\/uploads\/2020\/01\/DSC00201.jpg","contentUrl":"http:\/\/yogajagat.com\/wp-content\/uploads\/2020\/01\/DSC00201.jpg"},{"@type":"WebPage","@id":"https:\/\/yogajagat.com\/the-stages-of-consciousness-and-vedanta\/#webpage","url":"https:\/\/yogajagat.com\/the-stages-of-consciousness-and-vedanta\/","name":"Stanja svesti i Vedanta. Meditacija. Anti\u010dke duhovne knjige - Lepota promene","isPartOf":{"@id":"https:\/\/yogajagat.com\/#website"},"primaryImageOfPage":{"@id":"https:\/\/yogajagat.com\/the-stages-of-consciousness-and-vedanta\/#primaryimage"},"datePublished":"2019-07-25T14:46:18+00:00","dateModified":"2021-06-16T07:42:57+00:00","description":"Anti\u010dke knjige su nam ostavile pravo blago za \u010ditanje, razmi\u0161ljanje, tihovanje, praktikovanje. Stanja svesti je Vedanta-nauka objasnila pre stotine godina.","breadcrumb":{"@id":"https:\/\/yogajagat.com\/the-stages-of-consciousness-and-vedanta\/#breadcrumb"},"inLanguage":"sr","potentialAction":[{"@type":"ReadAction","target":["https:\/\/yogajagat.com\/the-stages-of-consciousness-and-vedanta\/"]}]},{"@type":"BreadcrumbList","@id":"https:\/\/yogajagat.com\/the-stages-of-consciousness-and-vedanta\/#breadcrumb","itemListElement":[{"@type":"ListItem","position":1,"name":"Home","item":"https:\/\/yogajagat.com\/sr\/"},{"@type":"ListItem","position":2,"name":"The Stages of Consciousness and Vedanta"}]}]}},"_links":{"self":[{"href":"https:\/\/yogajagat.com\/sr\/wp-json\/wp\/v2\/pages\/3800"}],"collection":[{"href":"https:\/\/yogajagat.com\/sr\/wp-json\/wp\/v2\/pages"}],"about":[{"href":"https:\/\/yogajagat.com\/sr\/wp-json\/wp\/v2\/types\/page"}],"author":[{"embeddable":true,"href":"https:\/\/yogajagat.com\/sr\/wp-json\/wp\/v2\/users\/1"}],"replies":[{"embeddable":true,"href":"https:\/\/yogajagat.com\/sr\/wp-json\/wp\/v2\/comments?post=3800"}],"version-history":[{"count":17,"href":"https:\/\/yogajagat.com\/sr\/wp-json\/wp\/v2\/pages\/3800\/revisions"}],"predecessor-version":[{"id":6122,"href":"https:\/\/yogajagat.com\/sr\/wp-json\/wp\/v2\/pages\/3800\/revisions\/6122"}],"wp:attachment":[{"href":"https:\/\/yogajagat.com\/sr\/wp-json\/wp\/v2\/media?parent=3800"}],"curies":[{"name":"wp","href":"https:\/\/api.w.org\/{rel}","templated":true}]}}