{"id":3778,"date":"2019-07-25T11:24:58","date_gmt":"2019-07-25T10:24:58","guid":{"rendered":"http:\/\/yogajagat.com\/?page_id=3778"},"modified":"2022-01-27T22:40:15","modified_gmt":"2022-01-27T21:40:15","slug":"ancient-teachings-vijnana-bhairava-tantra","status":"publish","type":"page","link":"https:\/\/yogajagat.com\/sr\/ucenja-starih-naroda-vijnana-bhairava-tantra\/","title":{"rendered":"U\u010denja starih naroda Vijnana Bhairava Tantra"},"content":{"rendered":"[vc_row][vc_column][vc_custom_heading text=&#8221;\u0160ta su nam anti\u010dki narodi ostavili da ve\u017ebamo&#8221; font_container=&#8221;tag:h2|text_align:center|color:%231ba2b7&#8243; google_fonts=&#8221;font_family:Ubuntu%3A300%2C300italic%2Cregular%2Citalic%2C500%2C500italic%2C700%2C700italic|font_style:300%20light%20italic%3A300%3Aitalic&#8221;][\/vc_column][\/vc_row][vc_row][vc_column][vc_column_text]\n<h3><\/h3>\n<h3 style=\"text-align: center;\"><span style=\"color: #993300;\">U\u010denja starih naroda o svesnoj pa\u017enji, Vijnana Bhairava Tantra<\/span><\/h3>\n<hr \/>\n<p>&nbsp;<\/p>\n<p>U\u010denja starih naroda imaju ogromnu vrednosti i dimenzije, a svesna pa\u017enja ili koncentracija je centralna tema u starom tekstu koji se zove<em> Vijnana Bhairava Tantra<\/em>.<\/p>\n<p>Osho je to vrlo op\u0161irno opisao u svojoj <em>Knjizi Tajni<\/em>. Kniga je obimna i nju, kao i mno\u0161tvo onoga \u0161to je taj kontroverzno-genijalno-jedinstveni stvor na planeti ikada rekao, uredio, uradio ili napisao, ljudi uglavnom ocenjuju kao &#8220;te\u0161ku&#8221; i neshvatljivu. Tu ogromnu knji\u017eurinu,<a href=\"https:\/\/kupdf.net\/download\/79891467-osho-knjiga-tajni-1_590af37adc0d60d251959eaf_pdf\"><span style=\"color: #993300;\"> Knjigu Tajni<\/span><\/a> ili <a href=\"https:\/\/www.amazon.co.uk\/Secret-Secrets-Osho\/dp\/1780289979\/ref=sr_1_2?crid=1L00WOKGT0BPC&#038;keywords=the+book+of+secrets+osho&#038;qid=1576159703&#038;sprefix=the+book+of+secrets%2Caps%2C170&#038;sr=8-2\"><span style=\"color: #993300;\">The Book of Secrets<\/span><\/a>, ipak treba poku\u0161ati.<\/p>\n<p>&nbsp;<\/p>\n<p>I Joga Sutra ili <a href=\"https:\/\/yogajagat.com\/sr\/spoznaj-sebe-joga-sutra-detaljni-vodic\/\"><span style=\"color: #800080;\">spoznavanje sebe<\/span><\/a>\u00a0je vrlo prakti\u010dan tekst kako se sna\u0107i sa \u017eivotom.<\/p>\n<p>Tre\u0107e poglavlje Joga Sutre obja\u0161njava <em>Mo\u0107i<\/em>, ili vi\u0161e stepene Joge i njihovu praksu. To su <a href=\"https:\/\/yogajagat.com\/sr\/koncentracija-korisno-odvajanje-uma-od-bure-darana\/\"><span style=\"color: #008080;\">Darana <\/span><\/a>(Dharana, koncentracija), <a href=\"https:\/\/yogajagat.com\/sr\/meditacija-o-meditaciji-kao-stanju-duha\/\"><span style=\"color: #800080;\">dhyana<\/span><\/a> (meditacija) i <a href=\"https:\/\/yogajagat.com\/sr\/samadi-sta-se-desava-u-stanju-samadija\/\"><span style=\"color: #800080;\">samadi<\/span><\/a> (samorealizacija koja je jednaka sa samo-znanjem, znanjem i spoznajom Vi\u0161eg Bi\u0107a, Sopstva, Jastva).<\/p>\n<p>Patan\u0111alijeva Joga je put samorealizacije. Ona pripada Kapilinoj Sankhya filozofiji koja ka\u017ee da je \u010dista svest (<em>puru\u0161a<\/em>) odvojena od energije (<em>prakriti<\/em>).<\/p>\n<p>&nbsp;<\/p>\n<p>Budizam i ostali duhovni sistemi su tako\u0111e bazirani na Kapilinoj misli.<\/p>\n<p>U <em>Vedanti<\/em> (&#8220;kraj znanja&#8221;, vrhunsko znanje) \u010dista svest je odvojena od maje (<em>maya<\/em> ) ili iluzije.[\/vc_column_text][\/vc_column][\/vc_row][vc_row][vc_column][vc_custom_heading text=&#8221;Bi\u0107e koje raste iz dubine&#8221; font_container=&#8221;tag:h2|text_align:center|color:%231ba2b7&#8243; google_fonts=&#8221;font_family:Ubuntu%3A300%2C300italic%2Cregular%2Citalic%2C500%2C500italic%2C700%2C700italic|font_style:300%20light%20italic%3A300%3Aitalic&#8221;][\/vc_column][\/vc_row][vc_row][vc_column][vc_column_text]\n<hr \/>\n<p>&nbsp;<\/p>\n[\/vc_column_text][\/vc_column][\/vc_row][vc_row][vc_column width=&#8221;2\/3&#8243;][vc_column_text]\n<p>&nbsp;<\/p>\n<p>Ako bi postojala hijerarhija u putevima kojima se Bi\u0107e razvija od dna do njegovih najvi\u0161ih vrhova, onda bi na samom korenu puta, kao neophodno pro\u010di\u0161\u0107enje Bi\u0107a, bila Patan\u0111alijeva Joga.<\/p>\n<p>Iznad Joge bila bi Vedanta i sam vrh bi bio Tantra.[\/vc_column_text][\/vc_column][vc_column width=&#8221;1\/3&#8243;][vc_column_text]<img loading=\"lazy\" class=\"aligncenter size-full wp-image-4237\" src=\"https:\/\/i0.wp.com\/yogajagat.com\/wp-content\/uploads\/2019\/12\/DSC05500-Kopie.jpg?resize=640%2C480\" alt=\"u\u010denje starih naroda vijnana bhairava tantra\" width=\"640\" height=\"480\" srcset=\"https:\/\/i0.wp.com\/yogajagat.com\/wp-content\/uploads\/2019\/12\/DSC05500-Kopie.jpg?w=640&amp;ssl=1 640w, https:\/\/i0.wp.com\/yogajagat.com\/wp-content\/uploads\/2019\/12\/DSC05500-Kopie.jpg?resize=300%2C225&amp;ssl=1 300w\" sizes=\"(max-width: 640px) 100vw, 640px\" data-recalc-dims=\"1\" \/>[\/vc_column_text][\/vc_column][\/vc_row][vc_row][vc_column][vc_custom_heading text=&#8221;Tantra&#8221; font_container=&#8221;tag:h2|text_align:center|color:%2320b8c9&#8243; google_fonts=&#8221;font_family:Ubuntu%3A300%2C300italic%2Cregular%2Citalic%2C500%2C500italic%2C700%2C700italic|font_style:300%20light%20italic%3A300%3Aitalic&#8221;][\/vc_column][\/vc_row][vc_row][vc_column][vc_column_text]\n<hr \/>\n<p>&nbsp;<\/p>\n<p>Na\u017ealost, to nije ono \u0161to vi mislite da jeste.<\/p>\n<h3><span style=\"color: #993300;\">Tantra je prefinjen i otmen pristup \u017eivotu. To je put ujedinjenja du\u0161e \u010doveka sa univerzalnom du\u0161om na nivou kosmi\u010dke svesti, put potpunog otvaranja srca bez sumnje i povratka nazad.<\/span><\/h3>\n<p>&nbsp;<\/p>\n<p>U\u010denja starih naroda,<em> Vijnana Bhairava Tantra<\/em> je jednostavan i produbljen tekst o Jogi. Jaideva Singh je ovaj tekst nazvao\u00a0 &#8220;Joga velike radosti, \u010duda i zadivljenosti&#8221;.<\/p>\n<p><a href=\"https:\/\/www.amazon.de\/Vijnana-Bhairava-Practice-Centring-Awareness\/dp\/8186569359\/ref=sr_1_5?__mk_de_DE=\u00c5M\u00c5\u017d\u00d5\u00d1&#038;crid=2VYI3QL3AXA5R&#038;keywords=vijnana+bhairava+tantra&#038;qid=1576160372&#038;sprefix=vijna%2Caps%2C172&#038;sr=8-5\"><span style=\"color: #993300;\">Ovaj tekst<\/span> <\/a>je prakti\u010dan vodi\u010d koji nudi mnogo razli\u010ditih na\u010dina folkusiranja i odr\u017eavanja svesne pa\u017enje koja vodi do Vijnane Bhairave, stanja visokog razumevanja.<\/p>\n<p>&nbsp;<\/p>\n<p>To je stanje <em>nirvikalpa samadhi<\/em>, stanje bez misli i bez mentalog brbljanja u unutra\u0161njosti glave. U ovom stanju \u010dovek do\u017eivljava transcendenciju manifestovanog sveta.<\/p>\n<p>Stanje perfektne koncentracije se naziva <em>ekagrata,<\/em> gde <em>eka<\/em> zna\u010di jedan a <em>agrata<\/em> usmeravanje ili zao\u0161travanje (engl. pointedness).<\/p>\n<p>&nbsp;<\/p>\n<p>Izme\u0111u koncentracije i meditacije je samo mala nit.<\/p>\n<p>Kada je \u010dovek u stanju da odr\u017ei svesnost na jednoj stvari onda \u0107e lako potonuti u stanje meditacije. U\u010denje starih naroda, Vijnana Bhairava Tantra, i njihove mudrosti ka\u017eu da je meditacija najvi\u0161e stanje duhovne visine.<\/p>\n[\/vc_column_text][\/vc_column][\/vc_row]\n","protected":false},"excerpt":{"rendered":"<p>[vc_row][vc_column][vc_custom_heading text=&#8221;\u0160ta su nam anti\u010dki narodi ostavili da ve\u017ebamo&#8221; font_container=&#8221;tag:h2|text_align:center|color:%231ba2b7&#8243; google_fonts=&#8221;font_family:Ubuntu%3A300%2C300italic%2Cregular%2Citalic%2C500%2C500italic%2C700%2C700italic|font_style:300%20light%20italic%3A300%3Aitalic&#8221;][\/vc_column][\/vc_row][vc_row][vc_column][vc_column_text]<\/p>\n<p>U\u010denja starih naroda o svesnoj pa\u017enji, Vijnana Bhairava Tantra<\/p>\n<p>&nbsp;<br \/>\nU\u010denja starih naroda imaju ogromnu vrednosti i dimenzije, a svesna pa\u017enja ili koncentracija je centralna tema u starom tekstu koji se zove Vijnana Bhairava Tantra.<br \/>\nOsho je to vrlo op\u0161irno opisao u svojoj Knjizi Tajni. Kniga je obimna i nju, kao i mno\u0161tvo onoga \u0161to je taj kontroverzno-genijalno-jedinstveni stvor na planeti ikada rekao, uredio, uradio ili napisao, &#8230;<\/p>\n","protected":false},"author":1,"featured_media":0,"parent":0,"menu_order":0,"comment_status":"closed","ping_status":"open","template":"template-full-width.php","meta":{"_bbp_topic_count":0,"_bbp_reply_count":0,"_bbp_total_topic_count":0,"_bbp_total_reply_count":0,"_bbp_voice_count":0,"_bbp_anonymous_reply_count":0,"_bbp_topic_count_hidden":0,"_bbp_reply_count_hidden":0,"_bbp_forum_subforum_count":0,"inline_featured_image":false,"spay_email":""},"translation":{"provider":"WPGlobus","version":"3.0.1","language":"sr","enabled_languages":["en","de","sr"],"languages":{"en":{"title":true,"content":true,"excerpt":false},"de":{"title":true,"content":true,"excerpt":false},"sr":{"title":true,"content":true,"excerpt":false}}},"yoast_head":"<!-- This site is optimized with the Yoast SEO plugin v18.3 - https:\/\/yoast.com\/wordpress\/plugins\/seo\/ -->\n<title>U\u010denja starih naroda Vijnana Bhairava Tantra - Lepota promene<\/title>\n<meta name=\"description\" content=\"U\u010denja starih naroda imaju ogromnu vrednosti i dimenzije, a svesna pa\u017enja ili koncentracija je centralna tema u starom tekstu, Vijnana Bhairava Tantra.\" \/>\n<meta name=\"robots\" content=\"index, follow, max-snippet:-1, max-image-preview:large, max-video-preview:-1\" \/>\n<link rel=\"canonical\" href=\"https:\/\/yogajagat.com\/ancient-teachings-vijnana-bhairava-tantra\/\" \/>\n<meta name=\"twitter:label1\" content=\"Est. reading time\" \/>\n\t<meta name=\"twitter:data1\" content=\"10 minutes\" \/>\n<script type=\"application\/ld+json\" class=\"yoast-schema-graph\">{\"@context\":\"https:\/\/schema.org\",\"@graph\":[{\"@type\":\"Organization\",\"@id\":\"https:\/\/yogajagat.com\/#organization\",\"name\":\"Yogajagat\",\"url\":\"https:\/\/yogajagat.com\/\",\"sameAs\":[],\"logo\":{\"@type\":\"ImageObject\",\"@id\":\"https:\/\/yogajagat.com\/#logo\",\"inLanguage\":\"sr\",\"url\":\"https:\/\/i1.wp.com\/yogajagat.com\/wp-content\/uploads\/2019\/03\/DSC08478-Kopie-1.jpg?fit=798%2C800&ssl=1\",\"contentUrl\":\"https:\/\/i1.wp.com\/yogajagat.com\/wp-content\/uploads\/2019\/03\/DSC08478-Kopie-1.jpg?fit=798%2C800&ssl=1\",\"width\":798,\"height\":800,\"caption\":\"Yogajagat\"},\"image\":{\"@id\":\"https:\/\/yogajagat.com\/#logo\"}},{\"@type\":\"WebSite\",\"@id\":\"https:\/\/yogajagat.com\/#website\",\"url\":\"https:\/\/yogajagat.com\/\",\"name\":\"Lepota promene\",\"description\":\"Neprestanom promenom do najlepseg zivotnog iskustva\",\"publisher\":{\"@id\":\"https:\/\/yogajagat.com\/#organization\"},\"potentialAction\":[{\"@type\":\"SearchAction\",\"target\":{\"@type\":\"EntryPoint\",\"urlTemplate\":\"https:\/\/yogajagat.com\/?s={search_term_string}\"},\"query-input\":\"required name=search_term_string\"}],\"inLanguage\":\"sr\"},{\"@type\":\"ImageObject\",\"@id\":\"https:\/\/yogajagat.com\/ancient-teachings-vijnana-bhairava-tantra\/#primaryimage\",\"inLanguage\":\"sr\",\"url\":\"http:\/\/yogajagat.com\/wp-content\/uploads\/2019\/12\/DSC00582.jpg\",\"contentUrl\":\"http:\/\/yogajagat.com\/wp-content\/uploads\/2019\/12\/DSC00582.jpg\"},{\"@type\":\"WebPage\",\"@id\":\"https:\/\/yogajagat.com\/ancient-teachings-vijnana-bhairava-tantra\/#webpage\",\"url\":\"https:\/\/yogajagat.com\/ancient-teachings-vijnana-bhairava-tantra\/\",\"name\":\"U\u010denja starih naroda Vijnana Bhairava Tantra - Lepota promene\",\"isPartOf\":{\"@id\":\"https:\/\/yogajagat.com\/#website\"},\"primaryImageOfPage\":{\"@id\":\"https:\/\/yogajagat.com\/ancient-teachings-vijnana-bhairava-tantra\/#primaryimage\"},\"datePublished\":\"2019-07-25T10:24:58+00:00\",\"dateModified\":\"2022-01-27T21:40:15+00:00\",\"description\":\"Ancient teachings are immensely valuable and of huge dimensions and mindfulness is a central issue in the Vijnana Bhairava Tantra.\",\"breadcrumb\":{\"@id\":\"https:\/\/yogajagat.com\/ancient-teachings-vijnana-bhairava-tantra\/#breadcrumb\"},\"inLanguage\":\"sr\",\"potentialAction\":[{\"@type\":\"ReadAction\",\"target\":[\"https:\/\/yogajagat.com\/ancient-teachings-vijnana-bhairava-tantra\/\"]}]},{\"@type\":\"BreadcrumbList\",\"@id\":\"https:\/\/yogajagat.com\/ancient-teachings-vijnana-bhairava-tantra\/#breadcrumb\",\"itemListElement\":[{\"@type\":\"ListItem\",\"position\":1,\"name\":\"Home\",\"item\":\"https:\/\/yogajagat.com\/sr\/\"},{\"@type\":\"ListItem\",\"position\":2,\"name\":\"Ancient Teachings Vijnana Bhairava Tantra\"}]}]}<\/script>\n<!-- \/ Yoast SEO plugin. -->","yoast_head_json":{"title":"U\u010denja starih naroda Vijnana Bhairava Tantra - Lepota promene","description":"U\u010denja starih naroda imaju ogromnu vrednosti i dimenzije, a svesna pa\u017enja ili koncentracija je centralna tema u starom tekstu, Vijnana Bhairava Tantra.","robots":{"index":"index","follow":"follow","max-snippet":"max-snippet:-1","max-image-preview":"max-image-preview:large","max-video-preview":"max-video-preview:-1"},"canonical":"https:\/\/yogajagat.com\/ancient-teachings-vijnana-bhairava-tantra\/","twitter_misc":{"Est. reading time":"10 minutes"},"schema":{"@context":"https:\/\/schema.org","@graph":[{"@type":"Organization","@id":"https:\/\/yogajagat.com\/#organization","name":"Yogajagat","url":"https:\/\/yogajagat.com\/","sameAs":[],"logo":{"@type":"ImageObject","@id":"https:\/\/yogajagat.com\/#logo","inLanguage":"sr","url":"https:\/\/i1.wp.com\/yogajagat.com\/wp-content\/uploads\/2019\/03\/DSC08478-Kopie-1.jpg?fit=798%2C800&ssl=1","contentUrl":"https:\/\/i1.wp.com\/yogajagat.com\/wp-content\/uploads\/2019\/03\/DSC08478-Kopie-1.jpg?fit=798%2C800&ssl=1","width":798,"height":800,"caption":"Yogajagat"},"image":{"@id":"https:\/\/yogajagat.com\/#logo"}},{"@type":"WebSite","@id":"https:\/\/yogajagat.com\/#website","url":"https:\/\/yogajagat.com\/","name":"Lepota promene","description":"Neprestanom promenom do najlepseg zivotnog iskustva","publisher":{"@id":"https:\/\/yogajagat.com\/#organization"},"potentialAction":[{"@type":"SearchAction","target":{"@type":"EntryPoint","urlTemplate":"https:\/\/yogajagat.com\/?s={search_term_string}"},"query-input":"required name=search_term_string"}],"inLanguage":"sr"},{"@type":"ImageObject","@id":"https:\/\/yogajagat.com\/ancient-teachings-vijnana-bhairava-tantra\/#primaryimage","inLanguage":"sr","url":"http:\/\/yogajagat.com\/wp-content\/uploads\/2019\/12\/DSC00582.jpg","contentUrl":"http:\/\/yogajagat.com\/wp-content\/uploads\/2019\/12\/DSC00582.jpg"},{"@type":"WebPage","@id":"https:\/\/yogajagat.com\/ancient-teachings-vijnana-bhairava-tantra\/#webpage","url":"https:\/\/yogajagat.com\/ancient-teachings-vijnana-bhairava-tantra\/","name":"U\u010denja starih naroda Vijnana Bhairava Tantra - Lepota promene","isPartOf":{"@id":"https:\/\/yogajagat.com\/#website"},"primaryImageOfPage":{"@id":"https:\/\/yogajagat.com\/ancient-teachings-vijnana-bhairava-tantra\/#primaryimage"},"datePublished":"2019-07-25T10:24:58+00:00","dateModified":"2022-01-27T21:40:15+00:00","description":"Ancient teachings are immensely valuable and of huge dimensions and mindfulness is a central issue in the Vijnana Bhairava Tantra.","breadcrumb":{"@id":"https:\/\/yogajagat.com\/ancient-teachings-vijnana-bhairava-tantra\/#breadcrumb"},"inLanguage":"sr","potentialAction":[{"@type":"ReadAction","target":["https:\/\/yogajagat.com\/ancient-teachings-vijnana-bhairava-tantra\/"]}]},{"@type":"BreadcrumbList","@id":"https:\/\/yogajagat.com\/ancient-teachings-vijnana-bhairava-tantra\/#breadcrumb","itemListElement":[{"@type":"ListItem","position":1,"name":"Home","item":"https:\/\/yogajagat.com\/sr\/"},{"@type":"ListItem","position":2,"name":"Ancient Teachings Vijnana Bhairava Tantra"}]}]}},"_links":{"self":[{"href":"https:\/\/yogajagat.com\/sr\/wp-json\/wp\/v2\/pages\/3778"}],"collection":[{"href":"https:\/\/yogajagat.com\/sr\/wp-json\/wp\/v2\/pages"}],"about":[{"href":"https:\/\/yogajagat.com\/sr\/wp-json\/wp\/v2\/types\/page"}],"author":[{"embeddable":true,"href":"https:\/\/yogajagat.com\/sr\/wp-json\/wp\/v2\/users\/1"}],"replies":[{"embeddable":true,"href":"https:\/\/yogajagat.com\/sr\/wp-json\/wp\/v2\/comments?post=3778"}],"version-history":[{"count":10,"href":"https:\/\/yogajagat.com\/sr\/wp-json\/wp\/v2\/pages\/3778\/revisions"}],"predecessor-version":[{"id":5879,"href":"https:\/\/yogajagat.com\/sr\/wp-json\/wp\/v2\/pages\/3778\/revisions\/5879"}],"wp:attachment":[{"href":"https:\/\/yogajagat.com\/sr\/wp-json\/wp\/v2\/media?parent=3778"}],"curies":[{"name":"wp","href":"https:\/\/api.w.org\/{rel}","templated":true}]}}