{"id":3776,"date":"2019-07-25T10:34:35","date_gmt":"2019-07-25T09:34:35","guid":{"rendered":"http:\/\/yogajagat.com\/?page_id=3776"},"modified":"2022-01-27T22:39:01","modified_gmt":"2022-01-27T21:39:01","slug":"mindfulness-technique","status":"publish","type":"page","link":"https:\/\/yogajagat.com\/sr\/svesna-usredsredena-paznja-praktikovanje-svesne-paznje\/","title":{"rendered":"Svesna usredsre\u0111ena pa\u017enja. Praktikovanje."},"content":{"rendered":"[vc_row][vc_column][vc_custom_heading text=&#8221;Praktikovanje svesne i usredsre\u0111ene pa\u017enje&#8221; font_container=&#8221;tag:h2|text_align:center|color:%231ba2b7&#8243; google_fonts=&#8221;font_family:Ubuntu%3A300%2C300italic%2Cregular%2Citalic%2C500%2C500italic%2C700%2C700italic|font_style:300%20light%20italic%3A300%3Aitalic&#8221;][\/vc_column][\/vc_row][vc_row][vc_column][vc_column_text]\n<p>&nbsp;<\/p>\n<p><img loading=\"lazy\" class=\"aligncenter size-full wp-image-4227\" src=\"https:\/\/i1.wp.com\/yogajagat.com\/wp-content\/uploads\/2019\/12\/DSC05524.jpg?resize=640%2C480\" alt=\"svesna usredsre\u0111ena pa\u017enja\" width=\"640\" height=\"480\" srcset=\"https:\/\/i1.wp.com\/yogajagat.com\/wp-content\/uploads\/2019\/12\/DSC05524.jpg?w=640&amp;ssl=1 640w, https:\/\/i1.wp.com\/yogajagat.com\/wp-content\/uploads\/2019\/12\/DSC05524.jpg?resize=300%2C225&amp;ssl=1 300w\" sizes=\"(max-width: 640px) 100vw, 640px\" data-recalc-dims=\"1\" \/><\/p>\n<p>&nbsp;<\/p>\n[\/vc_column_text][vc_column_text]\n<h3><\/h3>\n<h3 style=\"text-align: center;\"><span style=\"color: #993300;\">Predmeti, stvari i objekti na kojima se svesna usredsre\u0111ena pa\u017enja mo\u017ee ve\u017ebati<\/span><\/h3>\n<hr \/>\n<p>&nbsp;<\/p>\n<p><em>Ovaj tekst je nastavak teksta o <a href=\"https:\/\/yogajagat.com\/sr\/koncentracija-korisno-odvajanje-uma-od-bure-darana\/\"><span style=\"color: #800080;\">koncentraciji,<\/span><\/a> ili svesnoj pa\u017enji.\u00a0<\/em>Svesna usredsre\u0111ena pa\u017enja ili usredsre\u0111enost uma ve\u017eba se koncentracijom na jednom predmetu ili stvari. Objekti mogu biti unutra\u0161nji ili spolja\u0161nji.<\/p>\n<p>&nbsp;<\/p>\n<p>To mo\u017ee biti plamen sve\u0107e, zvezda, mesec, sopstveni dah, mantra ili duhovne re\u010di, slika, o\u010di drugog \u017eivog bi\u0107a.<\/p>\n<p>&nbsp;<\/p>\n<p>\u010cak i sopstvene o\u010di mogu biti predmet svesne pa\u017enje i usredsre\u0111enosti uma.<\/p>\n<p>\u010covek mo\u017ee stati ispred ogledala i duboko gledati u svoje o\u010di, iako \u0107e to mnogima mo\u017eda najte\u017ee pasti.\u00a0Mnogi ljudi \u0107e mo\u017eda imati strah, jer, ogledalo nije uvek ono \u0161to izgleda. \u010cak ni ogledalo nije jedna jedina ravna povr\u0161ina ve\u0107 je ba\u0161 kao i \u010dovek sastavljeno od mnogo rupica i deli\u0107a. Poznato je da prose\u010dan um ima <a href=\"https:\/\/yogajagat.com\/sr\/sahaja-samadi-prirodna-transcendentnost\/\"><span style=\"color: #993300;\">strah od nepoznatog<\/span><\/a>.<\/p>\n<p>&nbsp;<\/p>\n<p>Svesna pa\u017enja ili usredsre\u0111enost uma se mo\u017ee praktikovati i pisanjem. Mo\u017eda nam svaka nova napisana stranica donese neki kilogram vi\u0161ka na mesu, ali pisanje produbljuje um i koncentraciju. Naravno, ovde mislim na pisanje kao predmet svesne pa\u017enje i koncentracije, na ono kreativno pisanje koje transformi\u0161e i na\u0161 sopstveni um a i inspiri\u0161e tu\u0111, do najve\u0107ih dubina na\u0161ih du\u0161a.<\/p>\n<p>I \u010ditanje mo\u017ee biti produbiti koncentraciju. Ipak ne zaboravite da sa vremena na vreme ustanete i gledate u daljinu ili u zelenilo.<\/p>\n<p>&nbsp;<\/p>\n<p>Bilo koja metoda koja nas dovede do stanja <em>razumevanja<\/em>, bilo to razumevanje ose\u0107anja, misli, daha, uspomene, ideje, iskustva, \u010doveka, pro\u0161losti, sada\u0161njosti, budu\u0107nosti, smisla \u017eivota, zna\u010denje ljudskog postojanja, vizija, simbola, snova, izvora&#8230; je dobra tehnika za praktikovanje svesne pa\u017enje.<\/p>\n[\/vc_column_text][\/vc_column][\/vc_row][vc_row][vc_column][vc_custom_heading text=&#8221;Ponovo, umetnik&#8221; font_container=&#8221;tag:h2|text_align:center|color:%231ba2b7&#8243; google_fonts=&#8221;font_family:Ubuntu%3A300%2C300italic%2Cregular%2Citalic%2C500%2C500italic%2C700%2C700italic|font_style:300%20light%20italic%3A300%3Aitalic&#8221;][\/vc_column][\/vc_row][vc_row][vc_column][vc_column_text]\n<hr \/>\n<p>&nbsp;<\/p>\n<p>Stanje potpune kocentracije je jednom <a href=\"https:\/\/yogajagat.com\/sr\/pratjahara-povlacenje-cula-umetnost-priroda\/\"><span style=\"color: #800080;\">umetniku<\/span><\/a> vrlo dobro poznat.<\/p>\n<p>Slikar \u0107e satima sedeti ispred njegovog belog platna potpuno upijen u prazninu belila.<\/p>\n<p>Iz te praznine koja je u su\u0161tini potpuna koncentracija ispada\u0107e linije, jedna za drugom. Posle, obi\u010dno kratkog, vremena, platno \u0107e biti ispunjeno \u0161arenim, potpunim realizovanim opa\u017eanjem, ose\u0107ajem, mislima, idejom, iskustvom unutra\u0161njeg sveta ili mo\u0107nom porukom.<\/p>\n<p>&nbsp;<\/p>\n<p>To je divan ose\u0107aj. To je samo izra\u017eavanje u njegovoj naj\u010distijoj kreaciji. Dok kreira, umetnikova misao je \u010dvrsta i poverljiva.<\/p>\n<p>&nbsp;<\/p>\n<p>I kada su pi\u0161\u010deve stranice ili pokreti plesa\u010da izvedeni sa poverenjem i \u010dvrstinom, belina koja stoji ispred<em> kreacije<\/em> biva ispunjena u vrlo kratkom vremenu.<\/p>\n<p>&nbsp;<\/p>\n<h3><span style=\"color: #800080;\">Darana <em>(Dharana)<\/em> ili jogi\u010dka tehnika svesne i usredsre\u0111ene pa\u017enje<em> (engl. mindfulness)<\/em> je kao i kompletna Joga pre na\u010din \u017eivota nego suva mehani\u010dka praksa.<\/span><\/h3>\n<p>&nbsp;<\/p>\n<p>Kada se <a href=\"https:\/\/yogajagat.com\/sr\/joga-polozaji-tela-izvodenje-joga-asana\/\"><span style=\"color: #ff6600;\">asane<\/span><\/a>, <a href=\"https:\/\/yogajagat.com\/sr\/pranajama-jogicka-tehnika-disanja-stanje-potunog-mira\/\"><span style=\"color: #33cccc;\">pranajama<\/span><\/a>, <span style=\"color: #993300;\">kundalini, krija ili tantra<\/span> Joga tehnike obavljaju ispravno, takva praksa prirodno postaje svesna usredsre\u0111ena pa\u017enja.<\/p>\n<p>&nbsp;<\/p>\n<p>Uvek je bolje sam praktikovati i sam do\u0107i do vi\u0161eg iskustva i znanja nego \u010ditati ili namapet ponavljati ove, za \u010doveka kao najrazvijenijeg bi\u0107a na Zemlji prave blagosti.<\/p>\n[\/vc_column_text][\/vc_column][\/vc_row][vc_row][vc_column][\/vc_column][\/vc_row]\n","protected":false},"excerpt":{"rendered":"<p>[vc_row][vc_column][vc_custom_heading text=&#8221;Praktikovanje svesne i usredsre\u0111ene pa\u017enje&#8221; font_container=&#8221;tag:h2|text_align:center|color:%231ba2b7&#8243; google_fonts=&#8221;font_family:Ubuntu%3A300%2C300italic%2Cregular%2Citalic%2C500%2C500italic%2C700%2C700italic|font_style:300%20light%20italic%3A300%3Aitalic&#8221;][\/vc_column][\/vc_row][vc_row][vc_column][vc_column_text]<br \/>\n&nbsp;<\/p>\n<p>&nbsp;<br \/>\n[\/vc_column_text][vc_column_text]<\/p>\n<p>Predmeti, stvari i objekti na kojima se svesna usredsre\u0111ena pa\u017enja mo\u017ee ve\u017ebati<\/p>\n<p>&nbsp;<br \/>\nOvaj tekst je nastavak teksta o koncentraciji, ili svesnoj pa\u017enji.\u00a0Svesna usredsre\u0111ena pa\u017enja ili usredsre\u0111enost uma ve\u017eba se koncentracijom na jednom predmetu ili stvari. Objekti mogu biti unutra\u0161nji ili spolja\u0161nji.<br \/>\n&nbsp;<br \/>\nTo mo\u017ee biti plamen sve\u0107e, zvezda, mesec, sopstveni dah, mantra ili duhovne re\u010di, slika, o\u010di drugog \u017eivog bi\u0107a.<br \/>\n&nbsp;<br \/>\n\u010cak i sopstvene o\u010di &#8230;<\/p>\n","protected":false},"author":1,"featured_media":0,"parent":0,"menu_order":0,"comment_status":"closed","ping_status":"closed","template":"template-full-width.php","meta":{"_bbp_topic_count":0,"_bbp_reply_count":0,"_bbp_total_topic_count":0,"_bbp_total_reply_count":0,"_bbp_voice_count":0,"_bbp_anonymous_reply_count":0,"_bbp_topic_count_hidden":0,"_bbp_reply_count_hidden":0,"_bbp_forum_subforum_count":0,"inline_featured_image":false,"spay_email":""},"translation":{"provider":"WPGlobus","version":"3.0.1","language":"sr","enabled_languages":["en","de","sr"],"languages":{"en":{"title":true,"content":true,"excerpt":false},"de":{"title":true,"content":true,"excerpt":false},"sr":{"title":true,"content":true,"excerpt":false}}},"yoast_head":"<!-- This site is optimized with the Yoast SEO plugin v18.3 - https:\/\/yoast.com\/wordpress\/plugins\/seo\/ -->\n<title>Svesna usredsre\u0111ena pa\u017enja. Praktikovanje. - Lepota promene<\/title>\n<meta name=\"description\" content=\"Svesna usredsre\u0111ena pa\u017enja ili usredsre\u0111enost uma ve\u017eba se koncentracijom na jednom predmetu ili stvari. Objekti mogu biti unutra\u0161nji ili spolja\u0161nji.\" \/>\n<meta name=\"robots\" content=\"index, follow, max-snippet:-1, max-image-preview:large, max-video-preview:-1\" \/>\n<link rel=\"canonical\" href=\"https:\/\/yogajagat.com\/mindfulness-technique\/\" \/>\n<meta name=\"twitter:label1\" content=\"Est. reading time\" \/>\n\t<meta name=\"twitter:data1\" content=\"8 minutes\" \/>\n<script type=\"application\/ld+json\" class=\"yoast-schema-graph\">{\"@context\":\"https:\/\/schema.org\",\"@graph\":[{\"@type\":\"Organization\",\"@id\":\"https:\/\/yogajagat.com\/#organization\",\"name\":\"Yogajagat\",\"url\":\"https:\/\/yogajagat.com\/\",\"sameAs\":[],\"logo\":{\"@type\":\"ImageObject\",\"@id\":\"https:\/\/yogajagat.com\/#logo\",\"inLanguage\":\"sr\",\"url\":\"https:\/\/i1.wp.com\/yogajagat.com\/wp-content\/uploads\/2019\/03\/DSC08478-Kopie-1.jpg?fit=798%2C800&ssl=1\",\"contentUrl\":\"https:\/\/i1.wp.com\/yogajagat.com\/wp-content\/uploads\/2019\/03\/DSC08478-Kopie-1.jpg?fit=798%2C800&ssl=1\",\"width\":798,\"height\":800,\"caption\":\"Yogajagat\"},\"image\":{\"@id\":\"https:\/\/yogajagat.com\/#logo\"}},{\"@type\":\"WebSite\",\"@id\":\"https:\/\/yogajagat.com\/#website\",\"url\":\"https:\/\/yogajagat.com\/\",\"name\":\"Lepota promene\",\"description\":\"Neprestanom promenom do najlepseg zivotnog iskustva\",\"publisher\":{\"@id\":\"https:\/\/yogajagat.com\/#organization\"},\"potentialAction\":[{\"@type\":\"SearchAction\",\"target\":{\"@type\":\"EntryPoint\",\"urlTemplate\":\"https:\/\/yogajagat.com\/?s={search_term_string}\"},\"query-input\":\"required name=search_term_string\"}],\"inLanguage\":\"sr\"},{\"@type\":\"ImageObject\",\"@id\":\"https:\/\/yogajagat.com\/mindfulness-technique\/#primaryimage\",\"inLanguage\":\"sr\",\"url\":\"http:\/\/yogajagat.com\/wp-content\/uploads\/2019\/12\/DSC03454-Kopie.jpg\",\"contentUrl\":\"http:\/\/yogajagat.com\/wp-content\/uploads\/2019\/12\/DSC03454-Kopie.jpg\"},{\"@type\":\"WebPage\",\"@id\":\"https:\/\/yogajagat.com\/mindfulness-technique\/#webpage\",\"url\":\"https:\/\/yogajagat.com\/mindfulness-technique\/\",\"name\":\"Svesna usredsre\u0111ena pa\u017enja. Praktikovanje. - Lepota promene\",\"isPartOf\":{\"@id\":\"https:\/\/yogajagat.com\/#website\"},\"primaryImageOfPage\":{\"@id\":\"https:\/\/yogajagat.com\/mindfulness-technique\/#primaryimage\"},\"datePublished\":\"2019-07-25T09:34:35+00:00\",\"dateModified\":\"2022-01-27T21:39:01+00:00\",\"description\":\"Mindfulness technique can be focusing the mind on an internal or an external object. It can be a candle flame, a star, the moon, our breath...\",\"breadcrumb\":{\"@id\":\"https:\/\/yogajagat.com\/mindfulness-technique\/#breadcrumb\"},\"inLanguage\":\"sr\",\"potentialAction\":[{\"@type\":\"ReadAction\",\"target\":[\"https:\/\/yogajagat.com\/mindfulness-technique\/\"]}]},{\"@type\":\"BreadcrumbList\",\"@id\":\"https:\/\/yogajagat.com\/mindfulness-technique\/#breadcrumb\",\"itemListElement\":[{\"@type\":\"ListItem\",\"position\":1,\"name\":\"Home\",\"item\":\"https:\/\/yogajagat.com\/sr\/\"},{\"@type\":\"ListItem\",\"position\":2,\"name\":\"Mindfulness Technique Focusing the Mind\"}]}]}<\/script>\n<!-- \/ Yoast SEO plugin. -->","yoast_head_json":{"title":"Svesna usredsre\u0111ena pa\u017enja. Praktikovanje. - Lepota promene","description":"Svesna usredsre\u0111ena pa\u017enja ili usredsre\u0111enost uma ve\u017eba se koncentracijom na jednom predmetu ili stvari. Objekti mogu biti unutra\u0161nji ili spolja\u0161nji.","robots":{"index":"index","follow":"follow","max-snippet":"max-snippet:-1","max-image-preview":"max-image-preview:large","max-video-preview":"max-video-preview:-1"},"canonical":"https:\/\/yogajagat.com\/mindfulness-technique\/","twitter_misc":{"Est. reading time":"8 minutes"},"schema":{"@context":"https:\/\/schema.org","@graph":[{"@type":"Organization","@id":"https:\/\/yogajagat.com\/#organization","name":"Yogajagat","url":"https:\/\/yogajagat.com\/","sameAs":[],"logo":{"@type":"ImageObject","@id":"https:\/\/yogajagat.com\/#logo","inLanguage":"sr","url":"https:\/\/i1.wp.com\/yogajagat.com\/wp-content\/uploads\/2019\/03\/DSC08478-Kopie-1.jpg?fit=798%2C800&ssl=1","contentUrl":"https:\/\/i1.wp.com\/yogajagat.com\/wp-content\/uploads\/2019\/03\/DSC08478-Kopie-1.jpg?fit=798%2C800&ssl=1","width":798,"height":800,"caption":"Yogajagat"},"image":{"@id":"https:\/\/yogajagat.com\/#logo"}},{"@type":"WebSite","@id":"https:\/\/yogajagat.com\/#website","url":"https:\/\/yogajagat.com\/","name":"Lepota promene","description":"Neprestanom promenom do najlepseg zivotnog iskustva","publisher":{"@id":"https:\/\/yogajagat.com\/#organization"},"potentialAction":[{"@type":"SearchAction","target":{"@type":"EntryPoint","urlTemplate":"https:\/\/yogajagat.com\/?s={search_term_string}"},"query-input":"required name=search_term_string"}],"inLanguage":"sr"},{"@type":"ImageObject","@id":"https:\/\/yogajagat.com\/mindfulness-technique\/#primaryimage","inLanguage":"sr","url":"http:\/\/yogajagat.com\/wp-content\/uploads\/2019\/12\/DSC03454-Kopie.jpg","contentUrl":"http:\/\/yogajagat.com\/wp-content\/uploads\/2019\/12\/DSC03454-Kopie.jpg"},{"@type":"WebPage","@id":"https:\/\/yogajagat.com\/mindfulness-technique\/#webpage","url":"https:\/\/yogajagat.com\/mindfulness-technique\/","name":"Svesna usredsre\u0111ena pa\u017enja. Praktikovanje. - Lepota promene","isPartOf":{"@id":"https:\/\/yogajagat.com\/#website"},"primaryImageOfPage":{"@id":"https:\/\/yogajagat.com\/mindfulness-technique\/#primaryimage"},"datePublished":"2019-07-25T09:34:35+00:00","dateModified":"2022-01-27T21:39:01+00:00","description":"Mindfulness technique can be focusing the mind on an internal or an external object. It can be a candle flame, a star, the moon, our breath...","breadcrumb":{"@id":"https:\/\/yogajagat.com\/mindfulness-technique\/#breadcrumb"},"inLanguage":"sr","potentialAction":[{"@type":"ReadAction","target":["https:\/\/yogajagat.com\/mindfulness-technique\/"]}]},{"@type":"BreadcrumbList","@id":"https:\/\/yogajagat.com\/mindfulness-technique\/#breadcrumb","itemListElement":[{"@type":"ListItem","position":1,"name":"Home","item":"https:\/\/yogajagat.com\/sr\/"},{"@type":"ListItem","position":2,"name":"Mindfulness Technique Focusing the Mind"}]}]}},"_links":{"self":[{"href":"https:\/\/yogajagat.com\/sr\/wp-json\/wp\/v2\/pages\/3776"}],"collection":[{"href":"https:\/\/yogajagat.com\/sr\/wp-json\/wp\/v2\/pages"}],"about":[{"href":"https:\/\/yogajagat.com\/sr\/wp-json\/wp\/v2\/types\/page"}],"author":[{"embeddable":true,"href":"https:\/\/yogajagat.com\/sr\/wp-json\/wp\/v2\/users\/1"}],"replies":[{"embeddable":true,"href":"https:\/\/yogajagat.com\/sr\/wp-json\/wp\/v2\/comments?post=3776"}],"version-history":[{"count":12,"href":"https:\/\/yogajagat.com\/sr\/wp-json\/wp\/v2\/pages\/3776\/revisions"}],"predecessor-version":[{"id":5876,"href":"https:\/\/yogajagat.com\/sr\/wp-json\/wp\/v2\/pages\/3776\/revisions\/5876"}],"wp:attachment":[{"href":"https:\/\/yogajagat.com\/sr\/wp-json\/wp\/v2\/media?parent=3776"}],"curies":[{"name":"wp","href":"https:\/\/api.w.org\/{rel}","templated":true}]}}