{"id":3769,"date":"2019-07-24T18:28:47","date_gmt":"2019-07-24T17:28:47","guid":{"rendered":"http:\/\/yogajagat.com\/?page_id=3769"},"modified":"2022-01-27T22:30:45","modified_gmt":"2022-01-27T21:30:45","slug":"human-senses-and-the-ancients","status":"publish","type":"page","link":"https:\/\/yogajagat.com\/sr\/ljudska-cula-znanje-antickih-naroda\/","title":{"rendered":"Ljudska \u010dula. Znanje anti\u010dkih naroda"},"content":{"rendered":"[vc_row][vc_column][vc_column_text]\n<h3><\/h3>\n<h3 style=\"text-align: center;\"><span style=\"color: #993300;\">LJUDSKA \u010cULA, ANTI\u010cKI NARODI <\/span><\/h3>\n<h3 style=\"text-align: center;\"><span style=\"color: #800080;\">I \u0160TA SU ONI ZNALI O LJUDSKIM \u010cULIMA<\/span><\/h3>\n<hr \/>\n<p>&nbsp;<\/p>\n<p>U anti\u010dkim vremenima, mnogi ljudi su mislili da je Zemlja samo jedan ravni pokriva\u010d ali su zato imali znanje o &#8220;nepoznatim&#8221; silama. Poznavali su ljudska \u010dula a \u0161esto \u010dulo su i sami spoznali.<\/p>\n<p>Danas \u010dovek istra\u017euje zvezde i nebeska tela najfantasti\u010dnijim i najneverovatnijim instrumentima ali je ipak uhva\u0107en u zamku o znanju o tim &#8220;nepoznatim silama&#8221;.<\/p>\n<p>Iako danas neverovatnom brzinom izmi\u0161ljamo nove aparate, robote, kompjutere i ma\u0161ine, ipak i dalje \u010ditamo i tuma\u010dimo stara znanja i tekstove koje su nam anti\u010dki narodi ostavili. Svaki \u010dovek mo\u017ee da spozna \u0161esto i vi\u0161a \u010dula.<\/p>\n<p>O mo\u0107ima osnovnih ljudskih \u010dula, kako ih usavr\u0161iti, i \u0161ta je vi\u0161e ili \u0161esto \u010dulo, ostaje nam da i sami spoznamo i osetimo. Stari tekstovi svakako nam ukazuju na ono \u0161ta \u0161esto \u010dulo jeste a \u0161ta nije.<\/p>\n<p>&nbsp;<\/p>\n<p>Jedan od izuzetno vrednih starih tekstova je <em>Katha Upanishad.<\/em> To je studija mistike kreacije, studija \u017eivota i smrti. O ljudskim \u010dulima, Katha Upanishad ka\u017ee:[\/vc_column_text][\/vc_column][\/vc_row][vc_row][vc_column][vc_cta h2=&#8221;&#8221;]&#8221;Spoznaj telo kao ko\u010diju i du\u0161u kao gospodara ko\u010dija: shvati Razum kao ko\u010dija\u0161a a um samo kao uzde.&#8221;[\/vc_cta][\/vc_column][\/vc_row][vc_row][vc_column][vc_column_text]Slede\u0107i tekst je <em>Vivekachudamani<\/em>, ostavio nam ga je <em>Adi Shankara,<\/em> mudrac koji je \u017eiveo u 8. veku na\u0161e ere. O mo\u0107i ljudskih \u010dula ka\u017ee:[\/vc_column_text][\/vc_column][\/vc_row][vc_row][vc_column][vc_cta h2=&#8221;&#8221;]\u201eOkretanje obe vrste organa \u010dula od \u010dulnih objekata, i postavljanje u njihove centre naziva se <em>Dama<\/em> ili samokontrola. Najbolji <em>Uparati<\/em> ili samo-povla\u010denje sastoji se u tome da funkcija uma prestaje da bude pod uticajem spoljnih objekata. &#8221;<\/p>\n<p>&nbsp;<\/p>\n<p>&#8220;Postojano opu\u0161tanje uma na svom Cilju nakon \u0161to se odvojio od mnogostrukih \u010dulnih objekata neprestano posmatraju\u0107i njihove nedostatke, naziva se <em>\u0160ama<\/em> (Shama ) ili smirenost.&#8221;[\/vc_cta][\/vc_column][\/vc_row][vc_row][vc_column][vc_column_text]<em>Bagavad Gita<\/em> (Bhagavad Gita) je deo starog indijskog teksta na sanskritu, <em>Mahabharata.<\/em>\u00a0Nastao je mnogo pre nove ere i ka\u017ee:[\/vc_column_text][\/vc_column][\/vc_row][vc_row][vc_column][vc_cta h2=&#8221;Bhagavad Gita 1.3.5:&#8221; color=&#8221;turquoise&#8221;]&#8221;Sada onome \u0161to je bez znanja, sa umom koji se nikada nije primenio, njegova \u010dula su mu kao divlji konji koji ne slu\u0161aju svog ko\u010dija\u0161a&#8221;.<\/p>\n[\/vc_cta][\/vc_column][\/vc_row][vc_row][vc_column][vc_column_text]Pet ljudskih \u010dula su opisana kao pet konja a um kao ko\u010dija.<\/p>\n<p>&nbsp;<\/p>\n<p>Anti\u010dki narodi su znali da, ako ko\u010dija\u0161 nema znanje i nije sposoban da elimini\u0161e ono \u0161to nije dobro i da napravi razliku izme\u0111u ispravnog i pogre\u0161nog (ovo se zove <em>Viveka<\/em> ), svaki od pet konja \u0107e vu\u0107i na svoju stranu. Umesto ujedinjenja i harmonije ova nesposobnost pravljenja razlika vodi do jo\u0161 dubljeg razdvajanja.<\/p>\n<p>&nbsp;<\/p>\n<p>Jo\u0161 su, zna\u010di, stari anti\u010dki narodi znali da neznanje boli.<\/p>\n<p>&nbsp;<\/p>\n<p>U drugom poglavlju <span style=\"color: #333399;\"><a style=\"color: #333399;\" href=\"https:\/\/yogajagat.com\/sr\/spoznaj-sebe-joga-sutra-detaljni-vodic\/\">Joga Sutre<\/a> <\/span>obja\u0161njava se ni\u017ea praksa Joge.<\/p>\n<p>Tre\u0107e poglavlje obja\u0161njava mo\u0107i vi\u0161ih faza Joge i njihovu praksu. To su:<\/p>\n<p>&nbsp;<\/p>\n<p><em>Darana<\/em> (dharana ) ili <a href=\"https:\/\/yogajagat.com\/sr\/koncentracija-korisno-odvajanje-uma-od-bure-darana\/\"><span style=\"color: #993300;\">koncentracija<\/span><\/a>,<\/p>\n<p><em>Djana<\/em> (dhyana ) ili <a href=\"https:\/\/yogajagat.com\/sr\/meditacija-o-meditaciji-kao-stanju-duha\/\"><span style=\"color: #800080;\">meditacija<\/span><\/a>,<\/p>\n<p>i <em>Samadi<\/em> (samadhi ), \u0161to je samo-realizacija, koja je isto \u0161to i <a href=\"https:\/\/yogajagat.com\/sr\/samadi-sta-se-desava-u-stanju-samadija\/\"><span style=\"color: #993300;\">samo-znanje<\/span><\/a> ili znanje Sopstva.<\/p>\n<p>&nbsp;<\/p>\n<p>Kada vreme sazri, \u010dovek se bez posebnog truda na\u0111e na fazama vi\u0161e Joge. Ove tri visoke faze Joge, koncentracija, meditacija i samadi, su\u017eavaju um gde pri tom &#8220;su\u017eavanje uma&#8221; vodi ka velikoj dubini srca a ne do beskrajne patnje prouzrokovanom najdubljim neznanjem.<\/p>\n<p>&nbsp;<\/p>\n<p>U su\u0161tini, nema razlike izme\u0111u ova tri visoka stanja Joge i svesti. Ova stanja su pre razli\u010diti stepeni transformacije.<\/p>\n<p>&nbsp;<\/p>\n<p><img loading=\"lazy\" class=\"aligncenter wp-image-4218 size-full\" src=\"https:\/\/i2.wp.com\/yogajagat.com\/wp-content\/uploads\/2019\/12\/12080295_10153601980842512_469927387885265391_o-Kopie.jpg?resize=320%2C240\" alt=\"ljudska \u010dula \u0161esto \u010dulo\" width=\"320\" height=\"240\" srcset=\"https:\/\/i2.wp.com\/yogajagat.com\/wp-content\/uploads\/2019\/12\/12080295_10153601980842512_469927387885265391_o-Kopie.jpg?w=320&amp;ssl=1 320w, https:\/\/i2.wp.com\/yogajagat.com\/wp-content\/uploads\/2019\/12\/12080295_10153601980842512_469927387885265391_o-Kopie.jpg?resize=300%2C225&amp;ssl=1 300w\" sizes=\"(max-width: 320px) 100vw, 320px\" data-recalc-dims=\"1\" \/><\/p>\n<p>&nbsp;<\/p>\n<p>Praktikovanje koncentracije i meditacije mogu da probude najve\u0107e <span style=\"color: #993300;\"><a style=\"color: #993300;\" href=\"https:\/\/yogajagat.com\/sr\/frekvencije-mozga-dusevni-mir\/\">potencijale mozga<\/a>.<\/span><\/p>\n[\/vc_column_text][\/vc_column][\/vc_row]\n","protected":false},"excerpt":{"rendered":"<p>[vc_row][vc_column][vc_column_text]<\/p>\n<p>LJUDSKA \u010cULA, ANTI\u010cKI NARODI <br \/>\nI \u0160TA SU ONI ZNALI O LJUDSKIM \u010cULIMA<\/p>\n<p>&nbsp;<br \/>\nU anti\u010dkim vremenima, mnogi ljudi su mislili da je Zemlja samo jedan ravni pokriva\u010d ali su zato imali znanje o &#8220;nepoznatim&#8221; silama. Poznavali su ljudska \u010dula a \u0161esto \u010dulo su i sami spoznali.<br \/>\nDanas \u010dovek istra\u017euje zvezde i nebeska tela najfantasti\u010dnijim i najneverovatnijim instrumentima ali je ipak uhva\u0107en u zamku o znanju o tim &#8220;nepoznatim silama&#8221;.<br \/>\nIako danas neverovatnom brzinom izmi\u0161ljamo nove aparate, &#8230;<\/p>\n","protected":false},"author":1,"featured_media":0,"parent":0,"menu_order":0,"comment_status":"closed","ping_status":"closed","template":"template-full-width.php","meta":{"_bbp_topic_count":0,"_bbp_reply_count":0,"_bbp_total_topic_count":0,"_bbp_total_reply_count":0,"_bbp_voice_count":0,"_bbp_anonymous_reply_count":0,"_bbp_topic_count_hidden":0,"_bbp_reply_count_hidden":0,"_bbp_forum_subforum_count":0,"inline_featured_image":false,"spay_email":""},"translation":{"provider":"WPGlobus","version":"3.0.1","language":"sr","enabled_languages":["en","de","sr"],"languages":{"en":{"title":true,"content":true,"excerpt":false},"de":{"title":true,"content":true,"excerpt":false},"sr":{"title":true,"content":true,"excerpt":false}}},"yoast_head":"<!-- This site is optimized with the Yoast SEO plugin v18.3 - https:\/\/yoast.com\/wordpress\/plugins\/seo\/ -->\n<title>Ljudska \u010dula. Znanje anti\u010dkih naroda - Lepota promene<\/title>\n<meta name=\"description\" content=\"Ljudska \u010dula su anti\u010dkim narodima bila dobro poznata. Oni su spoznali i \u0161esto \u010dulo. Koncentracija i meditacija vode do spoznaje i bu\u0111enja \u0161estog \u010dula.\" \/>\n<meta name=\"robots\" content=\"index, follow, max-snippet:-1, max-image-preview:large, max-video-preview:-1\" \/>\n<link rel=\"canonical\" href=\"https:\/\/yogajagat.com\/human-senses-and-the-ancients\/\" \/>\n<meta name=\"twitter:label1\" content=\"Est. reading time\" \/>\n\t<meta name=\"twitter:data1\" content=\"9 minutes\" \/>\n<script type=\"application\/ld+json\" class=\"yoast-schema-graph\">{\"@context\":\"https:\/\/schema.org\",\"@graph\":[{\"@type\":\"Organization\",\"@id\":\"https:\/\/yogajagat.com\/#organization\",\"name\":\"Yogajagat\",\"url\":\"https:\/\/yogajagat.com\/\",\"sameAs\":[],\"logo\":{\"@type\":\"ImageObject\",\"@id\":\"https:\/\/yogajagat.com\/#logo\",\"inLanguage\":\"sr\",\"url\":\"https:\/\/i1.wp.com\/yogajagat.com\/wp-content\/uploads\/2019\/03\/DSC08478-Kopie-1.jpg?fit=798%2C800&ssl=1\",\"contentUrl\":\"https:\/\/i1.wp.com\/yogajagat.com\/wp-content\/uploads\/2019\/03\/DSC08478-Kopie-1.jpg?fit=798%2C800&ssl=1\",\"width\":798,\"height\":800,\"caption\":\"Yogajagat\"},\"image\":{\"@id\":\"https:\/\/yogajagat.com\/#logo\"}},{\"@type\":\"WebSite\",\"@id\":\"https:\/\/yogajagat.com\/#website\",\"url\":\"https:\/\/yogajagat.com\/\",\"name\":\"Lepota promene\",\"description\":\"Neprestanom promenom do najlepseg zivotnog iskustva\",\"publisher\":{\"@id\":\"https:\/\/yogajagat.com\/#organization\"},\"potentialAction\":[{\"@type\":\"SearchAction\",\"target\":{\"@type\":\"EntryPoint\",\"urlTemplate\":\"https:\/\/yogajagat.com\/?s={search_term_string}\"},\"query-input\":\"required name=search_term_string\"}],\"inLanguage\":\"sr\"},{\"@type\":\"ImageObject\",\"@id\":\"https:\/\/yogajagat.com\/human-senses-and-the-ancients\/#primaryimage\",\"inLanguage\":\"sr\",\"url\":\"http:\/\/yogajagat.com\/wp-content\/uploads\/2020\/02\/DSC00501.jpg\",\"contentUrl\":\"http:\/\/yogajagat.com\/wp-content\/uploads\/2020\/02\/DSC00501.jpg\"},{\"@type\":\"WebPage\",\"@id\":\"https:\/\/yogajagat.com\/human-senses-and-the-ancients\/#webpage\",\"url\":\"https:\/\/yogajagat.com\/human-senses-and-the-ancients\/\",\"name\":\"Ljudska \u010dula. Znanje anti\u010dkih naroda - Lepota promene\",\"isPartOf\":{\"@id\":\"https:\/\/yogajagat.com\/#website\"},\"primaryImageOfPage\":{\"@id\":\"https:\/\/yogajagat.com\/human-senses-and-the-ancients\/#primaryimage\"},\"datePublished\":\"2019-07-24T17:28:47+00:00\",\"dateModified\":\"2022-01-27T21:30:45+00:00\",\"description\":\"The ancients knew the human senses. The sixth and further senses they have experienced themselves. What they left us to practice?\",\"breadcrumb\":{\"@id\":\"https:\/\/yogajagat.com\/human-senses-and-the-ancients\/#breadcrumb\"},\"inLanguage\":\"sr\",\"potentialAction\":[{\"@type\":\"ReadAction\",\"target\":[\"https:\/\/yogajagat.com\/human-senses-and-the-ancients\/\"]}]},{\"@type\":\"BreadcrumbList\",\"@id\":\"https:\/\/yogajagat.com\/human-senses-and-the-ancients\/#breadcrumb\",\"itemListElement\":[{\"@type\":\"ListItem\",\"position\":1,\"name\":\"Home\",\"item\":\"https:\/\/yogajagat.com\/sr\/\"},{\"@type\":\"ListItem\",\"position\":2,\"name\":\"Human Senses and the Ancients\"}]}]}<\/script>\n<!-- \/ Yoast SEO plugin. -->","yoast_head_json":{"title":"Ljudska \u010dula. Znanje anti\u010dkih naroda - Lepota promene","description":"Ljudska \u010dula su anti\u010dkim narodima bila dobro poznata. Oni su spoznali i \u0161esto \u010dulo. Koncentracija i meditacija vode do spoznaje i bu\u0111enja \u0161estog \u010dula.","robots":{"index":"index","follow":"follow","max-snippet":"max-snippet:-1","max-image-preview":"max-image-preview:large","max-video-preview":"max-video-preview:-1"},"canonical":"https:\/\/yogajagat.com\/human-senses-and-the-ancients\/","twitter_misc":{"Est. reading time":"9 minutes"},"schema":{"@context":"https:\/\/schema.org","@graph":[{"@type":"Organization","@id":"https:\/\/yogajagat.com\/#organization","name":"Yogajagat","url":"https:\/\/yogajagat.com\/","sameAs":[],"logo":{"@type":"ImageObject","@id":"https:\/\/yogajagat.com\/#logo","inLanguage":"sr","url":"https:\/\/i1.wp.com\/yogajagat.com\/wp-content\/uploads\/2019\/03\/DSC08478-Kopie-1.jpg?fit=798%2C800&ssl=1","contentUrl":"https:\/\/i1.wp.com\/yogajagat.com\/wp-content\/uploads\/2019\/03\/DSC08478-Kopie-1.jpg?fit=798%2C800&ssl=1","width":798,"height":800,"caption":"Yogajagat"},"image":{"@id":"https:\/\/yogajagat.com\/#logo"}},{"@type":"WebSite","@id":"https:\/\/yogajagat.com\/#website","url":"https:\/\/yogajagat.com\/","name":"Lepota promene","description":"Neprestanom promenom do najlepseg zivotnog iskustva","publisher":{"@id":"https:\/\/yogajagat.com\/#organization"},"potentialAction":[{"@type":"SearchAction","target":{"@type":"EntryPoint","urlTemplate":"https:\/\/yogajagat.com\/?s={search_term_string}"},"query-input":"required name=search_term_string"}],"inLanguage":"sr"},{"@type":"ImageObject","@id":"https:\/\/yogajagat.com\/human-senses-and-the-ancients\/#primaryimage","inLanguage":"sr","url":"http:\/\/yogajagat.com\/wp-content\/uploads\/2020\/02\/DSC00501.jpg","contentUrl":"http:\/\/yogajagat.com\/wp-content\/uploads\/2020\/02\/DSC00501.jpg"},{"@type":"WebPage","@id":"https:\/\/yogajagat.com\/human-senses-and-the-ancients\/#webpage","url":"https:\/\/yogajagat.com\/human-senses-and-the-ancients\/","name":"Ljudska \u010dula. Znanje anti\u010dkih naroda - Lepota promene","isPartOf":{"@id":"https:\/\/yogajagat.com\/#website"},"primaryImageOfPage":{"@id":"https:\/\/yogajagat.com\/human-senses-and-the-ancients\/#primaryimage"},"datePublished":"2019-07-24T17:28:47+00:00","dateModified":"2022-01-27T21:30:45+00:00","description":"The ancients knew the human senses. The sixth and further senses they have experienced themselves. What they left us to practice?","breadcrumb":{"@id":"https:\/\/yogajagat.com\/human-senses-and-the-ancients\/#breadcrumb"},"inLanguage":"sr","potentialAction":[{"@type":"ReadAction","target":["https:\/\/yogajagat.com\/human-senses-and-the-ancients\/"]}]},{"@type":"BreadcrumbList","@id":"https:\/\/yogajagat.com\/human-senses-and-the-ancients\/#breadcrumb","itemListElement":[{"@type":"ListItem","position":1,"name":"Home","item":"https:\/\/yogajagat.com\/sr\/"},{"@type":"ListItem","position":2,"name":"Human Senses and the Ancients"}]}]}},"_links":{"self":[{"href":"https:\/\/yogajagat.com\/sr\/wp-json\/wp\/v2\/pages\/3769"}],"collection":[{"href":"https:\/\/yogajagat.com\/sr\/wp-json\/wp\/v2\/pages"}],"about":[{"href":"https:\/\/yogajagat.com\/sr\/wp-json\/wp\/v2\/types\/page"}],"author":[{"embeddable":true,"href":"https:\/\/yogajagat.com\/sr\/wp-json\/wp\/v2\/users\/1"}],"replies":[{"embeddable":true,"href":"https:\/\/yogajagat.com\/sr\/wp-json\/wp\/v2\/comments?post=3769"}],"version-history":[{"count":12,"href":"https:\/\/yogajagat.com\/sr\/wp-json\/wp\/v2\/pages\/3769\/revisions"}],"predecessor-version":[{"id":4219,"href":"https:\/\/yogajagat.com\/sr\/wp-json\/wp\/v2\/pages\/3769\/revisions\/4219"}],"wp:attachment":[{"href":"https:\/\/yogajagat.com\/sr\/wp-json\/wp\/v2\/media?parent=3769"}],"curies":[{"name":"wp","href":"https:\/\/api.w.org\/{rel}","templated":true}]}}