{"id":3766,"date":"2019-07-24T17:37:17","date_gmt":"2019-07-24T16:37:17","guid":{"rendered":"http:\/\/yogajagat.com\/?page_id=3766"},"modified":"2022-01-27T22:29:31","modified_gmt":"2022-01-27T21:29:31","slug":"unfolding-and-healing-the-heart","status":"publish","type":"page","link":"https:\/\/yogajagat.com\/sr\/samoistrazivanje-i-potpuno-otvaranje-srca\/","title":{"rendered":"Samoistra\u017eivanje i potpuno otvaranje srca"},"content":{"rendered":"[vc_row][vc_column][vc_custom_heading text=&#8221;Otvaranje srca pomo\u0107u samoistra\u017eivanja&#8221; font_container=&#8221;tag:h2|text_align:center|color:%231ba2b7&#8243; google_fonts=&#8221;font_family:Ubuntu%3A300%2C300italic%2Cregular%2Citalic%2C500%2C500italic%2C700%2C700italic|font_style:300%20light%20italic%3A300%3Aitalic&#8221;][\/vc_column][\/vc_row][vc_row][vc_column][vc_column_text]\n<h3><\/h3>\n<h3 style=\"text-align: center;\"><span style=\"color: #993300;\">Samoistra\u017eivanje u toku svesnog disanja<\/span><\/h3>\n<hr \/>\n<p>&nbsp;<\/p>\n<p>Samoistra\u017eivanje (engl. <em>self-enquiry<\/em> ili inquiry, nem. <em>Selbsterforschung<\/em>) je istra\u017eivanje novih dimenzija svesti. To je duboka koncentracija na dublje istine svog Bi\u0107a, svog Ja(stva), svog Sopstva.<\/p>\n<p><em>Kao ni ostali tekstovi na ovoj web stranici (ukoliko nisu \u010diste nau\u010dne \u010dinjenice ili pretpostavke), ni ovaj tekst nije prepisan tekst bez li\u010dnog isustva i truda ve\u0107 &#8220;prevo\u0111enje&#8221; mojih li\u010dnih iskustava novim prepoznavanjima.\u00a0Proba\u0107u i ovde da kratko objasnim \u0161ta je &#8220;otvaranje srca&#8221; ovog puta na nivou prakse i iskustva jogi\u010dkih tehnika povla\u010denja \u010dula i tehnika disanja.<\/em><\/p>\n<p>&nbsp;<\/p>\n<p>Kada se \u010dovek nalazi u stanju u kome su njegova (osnovna) \u010dula <a href=\"https:\/\/yogajagat.com\/sr\/pratjahara-povlacenje-cula-umetnost-priroda\/\"><span style=\"color: #993300;\">povu\u010dena<\/span><\/a>, samoistra\u017eivanje se de\u0161ava sasvim prirodno i spontano.<\/p>\n[\/vc_column_text][\/vc_column][\/vc_row][vc_row][vc_column][vc_custom_heading text=&#8221;Otvaranje srca pomo\u0107u pranajame&#8221; font_container=&#8221;tag:h2|text_align:center|color:%231ba2b7&#8243; google_fonts=&#8221;font_family:Ubuntu%3A300%2C300italic%2Cregular%2Citalic%2C500%2C500italic%2C700%2C700italic|font_style:300%20light%20italic%3A300%3Aitalic&#8221;][\/vc_column][\/vc_row][vc_row][vc_column][vc_column_text]\n<hr \/>\n<p>&nbsp;<\/p>\n<p>Kada se jogi\u010dke tehnike disanja koje nisu ni\u0161ta drugo nego <a href=\"https:\/\/yogajagat.com\/sr\/pranajama-jogicka-tehnika-disanja-stanje-potunog-mira\/\"><span style=\"color: #993300;\">svesna kontrola disanja<\/span><\/a>, na jeziku Joge <em>pranajama,<\/em> praktikuju pravilno \u0161to zna\u010di sa punom koncentracijom, bez sumnje i sa potpunom iskreno\u0161\u0107u i predano\u0161\u0107u, onda pranajama prirodno postaje tiho istra\u017eivanje u potpunoj intimnosti.<\/p>\n<p><span style=\"color: #008080;\"><a style=\"color: #008080;\" href=\"https:\/\/yogajagat.com\/sr\/prana-i-pet-slojeva-energetskog-tela\/\">Prana<\/a> <\/span>je bioplazmi\u010dna energija koja se nalazi iza svake \u017eive \u0107elije, svakog daha, svakog \u017eivog tela, misli, dela, pojave. <em>Ajama<\/em> zna\u010di produ\u017eavanje energije ka novoj dimenziji prostora i vremena, <em>Jama <\/em>zna\u010di kontrola.<\/p>\n<p>To je direktan i mo\u0107an put koji vodi do dubljih prepoznavanja.<\/p>\n<p>Samoistra\u017eivanje vodi do vi\u0161eg znanja gde i ono \u0161to bi trebalo da je &#8220;tu\u0111e&#8221; vi\u0161e nije tu\u0111e. To znanje vi\u0161ih energija jeste znanje vi\u0161eg Sopstva, a tako i potpuno razumevanje svih drugih energija na najvi\u0161em nivou i najdubljih \u010dari.<\/p>\n<p>&nbsp;<\/p>\n<p>Jedan stvaralac tako dok slika ili vaja, ne samo da stvara ve\u0107 samo istra\u017euje. Pisanje je tako\u0111e predivno stvarala\u0161tvo i divan poklon \u010dove\u010danstvu od \u010doveka.<em> Svakako na ovom mestu\u00a0na\u017ealost ne ra\u010dunam neophodno bilo koje pisanje jer se tekstovi na teme\u00a0kao \u0161to su &#8220;svesna pa\u017enja&#8221; (engl. mindfulness), meditacija ili tekstovi na bilo koje duhovne teme danas uglavnom ne pi\u0161u sa direktnim iskustvima ve\u0107 se mnogo vi\u0161e prepisuju tako da tu na\u017ealost nema dragocenosti samoistra\u017eivanja. Takav put na\u017ealost ne vodi do dubokog prepoznavanja \u010diste istine o Sopstvu i dubljih istina, bilo da je u pitanju Swami ili doktor trgovine.<\/em>\u00a0<em>Moje najdublje po\u0161tovanje i naklon svim iskrenim znalcima i piscima.<\/em><\/p>\n<p>Najdublje prepoznavanje (engl. <em>recognition<\/em>) je prepoznavanje Sopstva (engl. <em>Self\u00a0<\/em>).<\/p>\n<p>&nbsp;<\/p>\n<p>Onim osobama kome je po\u0161lo za rukom da prepoznaju svoje Sopstvo, vi\u0161a prepoznavanja \u0107e se desiti spontano i vrlo lako.<\/p>\n<p>&nbsp;<\/p>\n<p>Ukoliko raspola\u017eete dobrim znanjem jogi\u010dkih tehnika disanja onda vam je i zadr\u017eavanje daha vrlo dobro poznato.<\/p>\n<p><span style=\"color: #800080;\"><a style=\"color: #800080;\" href=\"https:\/\/yogajagat.com\/sr\/zadrzavanje-daha-jogicke-tehnike-disanja\/\">Zadr\u017eavanje daha<\/a><\/span> u toku pranajame je najbolji na\u010din da se nemirna \u010dula, odn. nemir u organima \u010dula, dovede pod kontrolu.<\/p>\n<p>&nbsp;<\/p>\n<p>Kada se \u010dula dovedu pod kontrolu, dolazi se do najtananije dubine srca. A tamo \u017eivi \u010dista dobrota srca.<\/p>\n<p>&nbsp;<\/p>\n<p>\u010cista dobrota srca nema jedinicu, ona nema analizu, nema sumnje, ona ne meri, niti se sama mo\u017ee izmeriti.<\/p>\n[\/vc_column_text][vc_custom_heading text=&#8221;Dobrota srca je beskona\u010dnost, a beskona\u010dnost se ne mo\u017ee meriti&#8221; font_container=&#8221;tag:h2|text_align:center|color:%23008eaa&#8221; google_fonts=&#8221;font_family:Ubuntu%3A300%2C300italic%2Cregular%2Citalic%2C500%2C500italic%2C700%2C700italic|font_style:300%20light%20italic%3A300%3Aitalic&#8221;][\/vc_column][\/vc_row][vc_row][vc_column][vc_column_text]\n<p>&nbsp;<\/p>\n<p><img loading=\"lazy\" class=\"aligncenter wp-image-4214 size-full\" src=\"https:\/\/i0.wp.com\/yogajagat.com\/wp-content\/uploads\/2019\/12\/DSC05217.jpg?resize=640%2C480\" alt=\"samoistra\u017eivanje otvaranje srca\" width=\"640\" height=\"480\" srcset=\"https:\/\/i0.wp.com\/yogajagat.com\/wp-content\/uploads\/2019\/12\/DSC05217.jpg?w=640&amp;ssl=1 640w, https:\/\/i0.wp.com\/yogajagat.com\/wp-content\/uploads\/2019\/12\/DSC05217.jpg?resize=300%2C225&amp;ssl=1 300w\" sizes=\"(max-width: 640px) 100vw, 640px\" data-recalc-dims=\"1\" \/>[\/vc_column_text][vc_cta h2=&#8221;&#8221;]\n<p style=\"text-align: center;\"><span style=\"color: #800080;\">&#8220;Najbolje i najlep\u0161e stvari na svetu se ne mogu videti ili dodirnuti- one se moraju osetiti srcem.&#8221;<\/span><\/p>\n<p style=\"text-align: center;\"><span style=\"color: #800080;\">Helen Keller<\/span><\/p>\n[\/vc_cta][\/vc_column][\/vc_row][vc_row][vc_column][vc_column_text]Kada se srce preko samokontrole, samoistra\u017eivanja i sopstvenim trudom i radom na dubini li\u010dne promene i duhovnosti otvori do svoje najdublje skrivene dobrote, tada i svih pet \u010dula budu ukro\u0107ena.<\/p>\n<p>Kada su pet \u010dula ukro\u0107ena, onda se bude vi\u0161a \u010dula.[\/vc_column_text][\/vc_column][\/vc_row]\n","protected":false},"excerpt":{"rendered":"<p>[vc_row][vc_column][vc_custom_heading text=&#8221;Otvaranje srca pomo\u0107u samoistra\u017eivanja&#8221; font_container=&#8221;tag:h2|text_align:center|color:%231ba2b7&#8243; google_fonts=&#8221;font_family:Ubuntu%3A300%2C300italic%2Cregular%2Citalic%2C500%2C500italic%2C700%2C700italic|font_style:300%20light%20italic%3A300%3Aitalic&#8221;][\/vc_column][\/vc_row][vc_row][vc_column][vc_column_text]<\/p>\n<p>Samoistra\u017eivanje u toku svesnog disanja<\/p>\n<p>&nbsp;<br \/>\nSamoistra\u017eivanje (engl. self-enquiry ili inquiry, nem. Selbsterforschung) je istra\u017eivanje novih dimenzija svesti. To je duboka koncentracija na dublje istine svog Bi\u0107a, svog Ja(stva), svog Sopstva.<br \/>\nKao ni ostali tekstovi na ovoj web stranici (ukoliko nisu \u010diste nau\u010dne \u010dinjenice ili pretpostavke), ni ovaj tekst nije prepisan tekst bez li\u010dnog isustva i truda ve\u0107 &#8220;prevo\u0111enje&#8221; mojih li\u010dnih iskustava novim prepoznavanjima.\u00a0Proba\u0107u i ovde da kratko objasnim \u0161ta je &#8230;<\/p>\n","protected":false},"author":1,"featured_media":5327,"parent":0,"menu_order":0,"comment_status":"closed","ping_status":"closed","template":"template-full-width.php","meta":{"_bbp_topic_count":0,"_bbp_reply_count":0,"_bbp_total_topic_count":0,"_bbp_total_reply_count":0,"_bbp_voice_count":0,"_bbp_anonymous_reply_count":0,"_bbp_topic_count_hidden":0,"_bbp_reply_count_hidden":0,"_bbp_forum_subforum_count":0,"inline_featured_image":false,"spay_email":""},"translation":{"provider":"WPGlobus","version":"3.0.1","language":"sr","enabled_languages":["en","de","sr"],"languages":{"en":{"title":true,"content":true,"excerpt":false},"de":{"title":true,"content":true,"excerpt":false},"sr":{"title":true,"content":true,"excerpt":false}}},"yoast_head":"<!-- This site is optimized with the Yoast SEO plugin v18.3 - https:\/\/yoast.com\/wordpress\/plugins\/seo\/ -->\n<title>Samoistra\u017eivanje i potpuno otvaranje srca - Lepota promene<\/title>\n<meta name=\"description\" content=\"Samoistra\u017eivanje je istra\u017eivanje novih dimenzija svesti. To je duboka koncentracija na dublje istine svog Bi\u0107a. Ono vodi do otvaranja srca.\" \/>\n<meta name=\"robots\" content=\"index, follow, max-snippet:-1, max-image-preview:large, max-video-preview:-1\" \/>\n<link rel=\"canonical\" href=\"https:\/\/yogajagat.com\/unfolding-and-healing-the-heart\/\" \/>\n<meta name=\"twitter:label1\" content=\"Est. reading time\" \/>\n\t<meta name=\"twitter:data1\" content=\"8 minutes\" \/>\n<script type=\"application\/ld+json\" class=\"yoast-schema-graph\">{\"@context\":\"https:\/\/schema.org\",\"@graph\":[{\"@type\":\"Organization\",\"@id\":\"https:\/\/yogajagat.com\/#organization\",\"name\":\"Yogajagat\",\"url\":\"https:\/\/yogajagat.com\/\",\"sameAs\":[],\"logo\":{\"@type\":\"ImageObject\",\"@id\":\"https:\/\/yogajagat.com\/#logo\",\"inLanguage\":\"sr\",\"url\":\"https:\/\/i1.wp.com\/yogajagat.com\/wp-content\/uploads\/2019\/03\/DSC08478-Kopie-1.jpg?fit=798%2C800&ssl=1\",\"contentUrl\":\"https:\/\/i1.wp.com\/yogajagat.com\/wp-content\/uploads\/2019\/03\/DSC08478-Kopie-1.jpg?fit=798%2C800&ssl=1\",\"width\":798,\"height\":800,\"caption\":\"Yogajagat\"},\"image\":{\"@id\":\"https:\/\/yogajagat.com\/#logo\"}},{\"@type\":\"WebSite\",\"@id\":\"https:\/\/yogajagat.com\/#website\",\"url\":\"https:\/\/yogajagat.com\/\",\"name\":\"Lepota promene\",\"description\":\"Neprestanom promenom do najlepseg zivotnog iskustva\",\"publisher\":{\"@id\":\"https:\/\/yogajagat.com\/#organization\"},\"potentialAction\":[{\"@type\":\"SearchAction\",\"target\":{\"@type\":\"EntryPoint\",\"urlTemplate\":\"https:\/\/yogajagat.com\/?s={search_term_string}\"},\"query-input\":\"required name=search_term_string\"}],\"inLanguage\":\"sr\"},{\"@type\":\"ImageObject\",\"@id\":\"https:\/\/yogajagat.com\/unfolding-and-healing-the-heart\/#primaryimage\",\"inLanguage\":\"sr\",\"url\":\"https:\/\/i2.wp.com\/yogajagat.com\/wp-content\/uploads\/2020\/02\/DSC05228-1024x768-1.jpg?fit=640%2C480&ssl=1\",\"contentUrl\":\"https:\/\/i2.wp.com\/yogajagat.com\/wp-content\/uploads\/2020\/02\/DSC05228-1024x768-1.jpg?fit=640%2C480&ssl=1\",\"width\":640,\"height\":480},{\"@type\":\"WebPage\",\"@id\":\"https:\/\/yogajagat.com\/unfolding-and-healing-the-heart\/#webpage\",\"url\":\"https:\/\/yogajagat.com\/unfolding-and-healing-the-heart\/\",\"name\":\"Samoistra\u017eivanje i potpuno otvaranje srca - Lepota promene\",\"isPartOf\":{\"@id\":\"https:\/\/yogajagat.com\/#website\"},\"primaryImageOfPage\":{\"@id\":\"https:\/\/yogajagat.com\/unfolding-and-healing-the-heart\/#primaryimage\"},\"datePublished\":\"2019-07-24T16:37:17+00:00\",\"dateModified\":\"2022-01-27T21:29:31+00:00\",\"description\":\"There is always some higher recognition. Unfolding and healing the heart and how to achieve this wonderful phenomenon by simple practicing.\",\"breadcrumb\":{\"@id\":\"https:\/\/yogajagat.com\/unfolding-and-healing-the-heart\/#breadcrumb\"},\"inLanguage\":\"sr\",\"potentialAction\":[{\"@type\":\"ReadAction\",\"target\":[\"https:\/\/yogajagat.com\/unfolding-and-healing-the-heart\/\"]}]},{\"@type\":\"BreadcrumbList\",\"@id\":\"https:\/\/yogajagat.com\/unfolding-and-healing-the-heart\/#breadcrumb\",\"itemListElement\":[{\"@type\":\"ListItem\",\"position\":1,\"name\":\"Home\",\"item\":\"https:\/\/yogajagat.com\/sr\/\"},{\"@type\":\"ListItem\",\"position\":2,\"name\":\"Unfolding and Healing the Heart\"}]}]}<\/script>\n<!-- \/ Yoast SEO plugin. -->","yoast_head_json":{"title":"Samoistra\u017eivanje i potpuno otvaranje srca - Lepota promene","description":"Samoistra\u017eivanje je istra\u017eivanje novih dimenzija svesti. To je duboka koncentracija na dublje istine svog Bi\u0107a. Ono vodi do otvaranja srca.","robots":{"index":"index","follow":"follow","max-snippet":"max-snippet:-1","max-image-preview":"max-image-preview:large","max-video-preview":"max-video-preview:-1"},"canonical":"https:\/\/yogajagat.com\/unfolding-and-healing-the-heart\/","twitter_misc":{"Est. reading time":"8 minutes"},"schema":{"@context":"https:\/\/schema.org","@graph":[{"@type":"Organization","@id":"https:\/\/yogajagat.com\/#organization","name":"Yogajagat","url":"https:\/\/yogajagat.com\/","sameAs":[],"logo":{"@type":"ImageObject","@id":"https:\/\/yogajagat.com\/#logo","inLanguage":"sr","url":"https:\/\/i1.wp.com\/yogajagat.com\/wp-content\/uploads\/2019\/03\/DSC08478-Kopie-1.jpg?fit=798%2C800&ssl=1","contentUrl":"https:\/\/i1.wp.com\/yogajagat.com\/wp-content\/uploads\/2019\/03\/DSC08478-Kopie-1.jpg?fit=798%2C800&ssl=1","width":798,"height":800,"caption":"Yogajagat"},"image":{"@id":"https:\/\/yogajagat.com\/#logo"}},{"@type":"WebSite","@id":"https:\/\/yogajagat.com\/#website","url":"https:\/\/yogajagat.com\/","name":"Lepota promene","description":"Neprestanom promenom do najlepseg zivotnog iskustva","publisher":{"@id":"https:\/\/yogajagat.com\/#organization"},"potentialAction":[{"@type":"SearchAction","target":{"@type":"EntryPoint","urlTemplate":"https:\/\/yogajagat.com\/?s={search_term_string}"},"query-input":"required name=search_term_string"}],"inLanguage":"sr"},{"@type":"ImageObject","@id":"https:\/\/yogajagat.com\/unfolding-and-healing-the-heart\/#primaryimage","inLanguage":"sr","url":"https:\/\/i2.wp.com\/yogajagat.com\/wp-content\/uploads\/2020\/02\/DSC05228-1024x768-1.jpg?fit=640%2C480&ssl=1","contentUrl":"https:\/\/i2.wp.com\/yogajagat.com\/wp-content\/uploads\/2020\/02\/DSC05228-1024x768-1.jpg?fit=640%2C480&ssl=1","width":640,"height":480},{"@type":"WebPage","@id":"https:\/\/yogajagat.com\/unfolding-and-healing-the-heart\/#webpage","url":"https:\/\/yogajagat.com\/unfolding-and-healing-the-heart\/","name":"Samoistra\u017eivanje i potpuno otvaranje srca - Lepota promene","isPartOf":{"@id":"https:\/\/yogajagat.com\/#website"},"primaryImageOfPage":{"@id":"https:\/\/yogajagat.com\/unfolding-and-healing-the-heart\/#primaryimage"},"datePublished":"2019-07-24T16:37:17+00:00","dateModified":"2022-01-27T21:29:31+00:00","description":"There is always some higher recognition. Unfolding and healing the heart and how to achieve this wonderful phenomenon by simple practicing.","breadcrumb":{"@id":"https:\/\/yogajagat.com\/unfolding-and-healing-the-heart\/#breadcrumb"},"inLanguage":"sr","potentialAction":[{"@type":"ReadAction","target":["https:\/\/yogajagat.com\/unfolding-and-healing-the-heart\/"]}]},{"@type":"BreadcrumbList","@id":"https:\/\/yogajagat.com\/unfolding-and-healing-the-heart\/#breadcrumb","itemListElement":[{"@type":"ListItem","position":1,"name":"Home","item":"https:\/\/yogajagat.com\/sr\/"},{"@type":"ListItem","position":2,"name":"Unfolding and Healing the Heart"}]}]}},"_links":{"self":[{"href":"https:\/\/yogajagat.com\/sr\/wp-json\/wp\/v2\/pages\/3766"}],"collection":[{"href":"https:\/\/yogajagat.com\/sr\/wp-json\/wp\/v2\/pages"}],"about":[{"href":"https:\/\/yogajagat.com\/sr\/wp-json\/wp\/v2\/types\/page"}],"author":[{"embeddable":true,"href":"https:\/\/yogajagat.com\/sr\/wp-json\/wp\/v2\/users\/1"}],"replies":[{"embeddable":true,"href":"https:\/\/yogajagat.com\/sr\/wp-json\/wp\/v2\/comments?post=3766"}],"version-history":[{"count":8,"href":"https:\/\/yogajagat.com\/sr\/wp-json\/wp\/v2\/pages\/3766\/revisions"}],"predecessor-version":[{"id":5857,"href":"https:\/\/yogajagat.com\/sr\/wp-json\/wp\/v2\/pages\/3766\/revisions\/5857"}],"wp:featuredmedia":[{"embeddable":true,"href":"https:\/\/yogajagat.com\/sr\/wp-json\/wp\/v2\/media\/5327"}],"wp:attachment":[{"href":"https:\/\/yogajagat.com\/sr\/wp-json\/wp\/v2\/media?parent=3766"}],"curies":[{"name":"wp","href":"https:\/\/api.w.org\/{rel}","templated":true}]}}