{"id":3755,"date":"2019-07-24T14:25:17","date_gmt":"2019-07-24T13:25:17","guid":{"rendered":"http:\/\/yogajagat.com\/?page_id=3755"},"modified":"2020-05-07T12:51:02","modified_gmt":"2020-05-07T10:51:02","slug":"sahaja-samadhi-natural-transcendence","status":"publish","type":"page","link":"https:\/\/yogajagat.com\/sr\/sahaja-samadi-prirodna-transcendentnost\/","title":{"rendered":"Sahaja Samadi Prirodna Transcendentnost"},"content":{"rendered":"[vc_row][vc_column][vc_custom_heading text=&#8221;Kuda nas vode jogi\u010dke tehnike disanja&#8221; font_container=&#8221;tag:h2|text_align:center|color:%231ba2b7&#8243; google_fonts=&#8221;font_family:Ubuntu%3A300%2C300italic%2Cregular%2Citalic%2C500%2C500italic%2C700%2C700italic|font_style:300%20light%20italic%3A300%3Aitalic&#8221;][\/vc_column][\/vc_row][vc_row][vc_column][vc_column_text]\n<h4><\/h4>\n<h4 style=\"text-align: center;\"><span style=\"color: #993300;\">Visoko stanje svesti<\/span><\/h4>\n<hr \/>\n<p>&nbsp;<\/p>\n<p>Ovaj tekst je nastavak tesktova o <a href=\"https:\/\/yogajagat.com\/sr\/pranajama-jogicka-tehnika-disanja-stanje-potunog-mira\/\"><span style=\"color: #ff6600;\">pranajami<\/span><\/a>. Te jogi\u010dke tehnike disanja nas vode do stanja gde je na\u0161 smisao za vreme promenjen, do stanja koje se zove <em>Sahaja Samadi<\/em>, prirodna transcendentnost.<\/p>\n<p>&nbsp;<\/p>\n<p>U stanju prirodne transcendencije gde se <em>vreme<\/em> do\u017eivljava druga\u010dije, sve \u0161to obavljamo, obavljamo bez stresa jer je stres, ili bolje- na\u0161 smisao i ose\u0107aj stresa, povezan sa vremenom, ili bolje- na\u0161im smislom i ose\u0107ajem za vreme.\u00a0Pranajama vodi do transendencije iznutra. To je iskustvo koje je daleko od iskustva materijalne prirode.<\/p>\n<p>Redovnom i dugom praksom pranajame budi se <a href=\"https:\/\/yogajagat.com\/sr\/zvuk-srca-zvuk-om-simbol-duse\/\"><span style=\"color: #993300;\">Anahata Nada <\/span><\/a>\u0161to su unutra\u0161nji zvuci, zvuci sr\u010dane \u010dakre, zvuci du\u0161e.<\/p>\n<p>Sr\u010dana \u010dakra je veza izme\u0111u unutra\u0161njeg i spolja\u0161njeg sveta najistan\u010danije energije.<\/p>\n<p>Slu\u0161aju\u0107i Anahata Nada zvuke, koji se uglavnom \u010duju u temenu glave, treba biti skoncentrisan na duh (um) a ne na zvuk. U stanju u kome se uspostavio kontakt sa najfinijom energijom sr\u010dane \u010dakre ne treba istra\u017eivati izvore i prirodu zvuka ve\u0107 se treba potpuno predati njima, bez sumnje i straha. Praksa u ovom stanju i sama postaje prirodna radoznalost ali bez ikakvog rasu\u0111ivanja.<\/p>\n<p>Ovakva praksa vodi dalje do <em>Sahaja Samadi<\/em>, stanja prirodnog ostvarenja. <em>Sahaja Samadi<\/em>\u00a0 ili prirodna transcendentnost, je spontana transcendencija duha, vremena, srca, du\u0161e i vi\u0161eg Sopstva.<\/p>\n<p>Ovo dostignu\u0107e \u0107e izgledati kao &#8220;dvostruki \u017eivot&#8221; jer \u0107e onaj ko ga je do\u017eiveo u isto vreme obavljati svoje dnevne aktivnosti i \u017eiveti svoj prirodno ostvaren, &#8220;ponovo ro\u0111en&#8221; unutra\u0161nji \u017eivot. Takva osoba \u017eivi potpuno svesna oba \u017eivota, unutra\u0161njeg i spolja\u0161njeg.<\/p>\n<p>Osobe koje su do\u017eivele spontano ujedinjenje se u Jogi zovu <em>sahaja sidi<\/em> (siddhas) ili <em>&#8220;realizovane du\u0161e&#8221;. <\/em>Takve osobe \u0107e drugima mo\u017eda izgledati glupi, hladni ili sebi\u010dni ljudi \u010dudnog pona\u0161anja. Ovakva mustra razmi\u0161ljanja je samo normalna mustra rasu\u0111ivanja prose\u010dnog, netransformisanog uma jer kada um, koji se jo\u0161 uvek nalazi na po\u010detku svog puta transformacije naleti na ne\u0161to \u0161to ne razume, on se pla\u0161i. Najkra\u0107i na\u010din da se po\u010detnik re\u0161i straha je da odbaci ono \u0161to mu je nepoznato.<\/p>\n<p>Ego onih osoba koje su do\u017eivele <em>Sahaja Samadi<\/em>, prirodna transcendentnost, je razjedinjen a njihova srca su \u010dista saose\u0107ajna oslikavanja svih drugih ljudi i stvari u njihovoj najprirodnijoj pojavi i bez bilo kakvih podela, posebno onih umnih bilo one religiozne, politi\u010dke, nacionalne ili bilo koje druge prirode.<\/p>\n<p>Ovakvi ljudi, <em>realizovane du\u0161e<\/em> ili sidiji, gledaju svet druga\u010dijim o\u010dima.<\/p>\n<p>Iz tog razloga ovakvi \u0107e ljudi mo\u017eda izgledati kao nenormalni mada se u dru\u0161tvu svako \u010dije se pona\u0161anje ili pogled na svet ne uklapa u masu uvek progla\u0161ava kao nenormalan, ako ne i poludeo.<\/p>\n<p>Dalje, metode i praksa\u00a0<a href=\"https:\/\/yogajagat.com\/sr\/joga-polozaji-tela-izvodenje-joga-asana\/\"><span style=\"color: #800080;\">asana<\/span><\/a> i <span style=\"color: #ff6600;\">pranajame<\/span>\u00a0dovodi uzburkane vode uma do potpunog i plodnog mira. Znanje obe metode <a href=\"https:\/\/yogajagat.com\/sr\/hatha-joga-tehnike-patandjali\/\"><span style=\"color: #993366;\">Hatha Joge<\/span><\/a> na uzvi\u0161enom, majstrorskom nivou vodi do transformacije svesti bez obzira u kakvom se okru\u017eenju i u kakvim situacijama takav znalac na\u0161ao.<\/p>\n<p><em>Transcendencija iznutra<\/em> je vrsta du\u0161evnog mira u kome se ve\u0107 desila\u00a0<a href=\"https:\/\/yogajagat.com\/sr\/frekvencije-mozga-dusevni-mir-joga-nidra\/\"><span style=\"color: #993300;\">promena u kretanju mo\u017edanih talasa<\/span><\/a>.[\/vc_column_text][\/vc_column][\/vc_row][vc_row][vc_column][vc_cta h2=&#8221;Joga Sutra 2.35:&#8221; color=&#8221;turquoise&#8221;]Um dosti\u017ee snagu koncentracije.[\/vc_cta][vc_column_text]<img loading=\"lazy\" class=\"aligncenter wp-image-4183 size-full\" src=\"https:\/\/i0.wp.com\/yogajagat.com\/wp-content\/uploads\/2019\/11\/DSC09486-Kopie.jpg?resize=800%2C600\" alt=\"sahaja samadi prirodna transcendentnost\" width=\"800\" height=\"600\" srcset=\"https:\/\/i0.wp.com\/yogajagat.com\/wp-content\/uploads\/2019\/11\/DSC09486-Kopie.jpg?w=800&amp;ssl=1 800w, https:\/\/i0.wp.com\/yogajagat.com\/wp-content\/uploads\/2019\/11\/DSC09486-Kopie.jpg?resize=300%2C225&amp;ssl=1 300w, https:\/\/i0.wp.com\/yogajagat.com\/wp-content\/uploads\/2019\/11\/DSC09486-Kopie.jpg?resize=768%2C576&amp;ssl=1 768w\" sizes=\"(max-width: 800px) 100vw, 800px\" data-recalc-dims=\"1\" \/>[\/vc_column_text][\/vc_column][\/vc_row][vc_row][vc_column][vc_column_text]Me\u0111utim, pre nego \u0161to dostigne stanje potpune koncentracije, \u010dovek prolazi kroz jedno drugo stanje a to je stanje povla\u010denja \u010dula ili u nauci Joge stanje\u00a0<a href=\"https:\/\/yogajagat.com\/sr\/pratjahara-povlacenje-cula-umetnost-priroda\/\"><span style=\"color: #ff6600;\">Pratjahare<\/span><\/a>.[\/vc_column_text][\/vc_column][\/vc_row]\n","protected":false},"excerpt":{"rendered":"<p>[vc_row][vc_column][vc_custom_heading text=&#8221;Kuda nas vode jogi\u010dke tehnike disanja&#8221; font_container=&#8221;tag:h2|text_align:center|color:%231ba2b7&#8243; google_fonts=&#8221;font_family:Ubuntu%3A300%2C300italic%2Cregular%2Citalic%2C500%2C500italic%2C700%2C700italic|font_style:300%20light%20italic%3A300%3Aitalic&#8221;][\/vc_column][\/vc_row][vc_row][vc_column][vc_column_text]<\/p>\n<p>Visoko stanje svesti<\/p>\n<p>&nbsp;<br \/>\nOvaj tekst je nastavak tesktova o pranajami. Te jogi\u010dke tehnike disanja nas vode do stanja gde je na\u0161 smisao za vreme promenjen, do stanja koje se zove Sahaja Samadi, prirodna transcendentnost.<br \/>\n&nbsp;<br \/>\nU stanju prirodne transcendencije gde se vreme do\u017eivljava druga\u010dije, sve \u0161to obavljamo, obavljamo bez stresa jer je stres, ili bolje- na\u0161 smisao i ose\u0107aj stresa, povezan sa vremenom, ili bolje- na\u0161im smislom i &#8230;<\/p>\n","protected":false},"author":1,"featured_media":0,"parent":0,"menu_order":0,"comment_status":"closed","ping_status":"closed","template":"template-full-width.php","meta":{"_bbp_topic_count":0,"_bbp_reply_count":0,"_bbp_total_topic_count":0,"_bbp_total_reply_count":0,"_bbp_voice_count":0,"_bbp_anonymous_reply_count":0,"_bbp_topic_count_hidden":0,"_bbp_reply_count_hidden":0,"_bbp_forum_subforum_count":0,"inline_featured_image":false,"spay_email":""},"translation":{"provider":"WPGlobus","version":"3.0.1","language":"sr","enabled_languages":["en","de","sr"],"languages":{"en":{"title":true,"content":true,"excerpt":false},"de":{"title":true,"content":true,"excerpt":false},"sr":{"title":true,"content":true,"excerpt":false}}},"yoast_head":"<!-- This site is optimized with the Yoast SEO plugin v18.3 - https:\/\/yoast.com\/wordpress\/plugins\/seo\/ -->\n<title>Sahaja Samadi Prirodna Transcendentnost - Lepota promene<\/title>\n<meta name=\"description\" content=\"Prirodna transcendentnost, Sahaja Samadi, je spontano ujedinjenje duha, znanja, srca, du\u0161e i vi\u0161eg Sopstva. Sahaja Siddhas su realizovane du\u0161e.\" \/>\n<meta name=\"robots\" content=\"index, follow, max-snippet:-1, max-image-preview:large, max-video-preview:-1\" \/>\n<link rel=\"canonical\" href=\"https:\/\/yogajagat.com\/sahaja-samadhi-natural-transcendence\/\" \/>\n<meta name=\"twitter:label1\" content=\"Est. reading time\" \/>\n\t<meta name=\"twitter:data1\" content=\"7 minutes\" \/>\n<script type=\"application\/ld+json\" class=\"yoast-schema-graph\">{\"@context\":\"https:\/\/schema.org\",\"@graph\":[{\"@type\":\"Organization\",\"@id\":\"https:\/\/yogajagat.com\/#organization\",\"name\":\"Yogajagat\",\"url\":\"https:\/\/yogajagat.com\/\",\"sameAs\":[],\"logo\":{\"@type\":\"ImageObject\",\"@id\":\"https:\/\/yogajagat.com\/#logo\",\"inLanguage\":\"sr\",\"url\":\"https:\/\/i1.wp.com\/yogajagat.com\/wp-content\/uploads\/2019\/03\/DSC08478-Kopie-1.jpg?fit=798%2C800&ssl=1\",\"contentUrl\":\"https:\/\/i1.wp.com\/yogajagat.com\/wp-content\/uploads\/2019\/03\/DSC08478-Kopie-1.jpg?fit=798%2C800&ssl=1\",\"width\":798,\"height\":800,\"caption\":\"Yogajagat\"},\"image\":{\"@id\":\"https:\/\/yogajagat.com\/#logo\"}},{\"@type\":\"WebSite\",\"@id\":\"https:\/\/yogajagat.com\/#website\",\"url\":\"https:\/\/yogajagat.com\/\",\"name\":\"Lepota promene\",\"description\":\"Neprestanom promenom do najlepseg zivotnog iskustva\",\"publisher\":{\"@id\":\"https:\/\/yogajagat.com\/#organization\"},\"potentialAction\":[{\"@type\":\"SearchAction\",\"target\":{\"@type\":\"EntryPoint\",\"urlTemplate\":\"https:\/\/yogajagat.com\/?s={search_term_string}\"},\"query-input\":\"required name=search_term_string\"}],\"inLanguage\":\"sr\"},{\"@type\":\"ImageObject\",\"@id\":\"https:\/\/yogajagat.com\/sahaja-samadhi-natural-transcendence\/#primaryimage\",\"inLanguage\":\"sr\",\"url\":\"http:\/\/yogajagat.com\/wp-content\/uploads\/2020\/02\/DSC03116-1024x768-1.jpg\",\"contentUrl\":\"http:\/\/yogajagat.com\/wp-content\/uploads\/2020\/02\/DSC03116-1024x768-1.jpg\"},{\"@type\":\"WebPage\",\"@id\":\"https:\/\/yogajagat.com\/sahaja-samadhi-natural-transcendence\/#webpage\",\"url\":\"https:\/\/yogajagat.com\/sahaja-samadhi-natural-transcendence\/\",\"name\":\"Sahaja Samadi Prirodna Transcendentnost - Lepota promene\",\"isPartOf\":{\"@id\":\"https:\/\/yogajagat.com\/#website\"},\"primaryImageOfPage\":{\"@id\":\"https:\/\/yogajagat.com\/sahaja-samadhi-natural-transcendence\/#primaryimage\"},\"datePublished\":\"2019-07-24T13:25:17+00:00\",\"dateModified\":\"2020-05-07T10:51:02+00:00\",\"description\":\"Prirodna transcendentnost, Sahaja Samadi, je spontano ujedinjenje duha, znanja, srca, du\u0161e i vi\u0161eg Sopstva. Sahaja Siddhas su realizovane du\u0161e.\",\"breadcrumb\":{\"@id\":\"https:\/\/yogajagat.com\/sahaja-samadhi-natural-transcendence\/#breadcrumb\"},\"inLanguage\":\"sr\",\"potentialAction\":[{\"@type\":\"ReadAction\",\"target\":[\"https:\/\/yogajagat.com\/sahaja-samadhi-natural-transcendence\/\"]}]},{\"@type\":\"BreadcrumbList\",\"@id\":\"https:\/\/yogajagat.com\/sahaja-samadhi-natural-transcendence\/#breadcrumb\",\"itemListElement\":[{\"@type\":\"ListItem\",\"position\":1,\"name\":\"Home\",\"item\":\"https:\/\/yogajagat.com\/sr\/\"},{\"@type\":\"ListItem\",\"position\":2,\"name\":\"Sahaja Samadhi Natural Transcendence\"}]}]}<\/script>\n<!-- \/ Yoast SEO plugin. -->","yoast_head_json":{"title":"Sahaja Samadi Prirodna Transcendentnost - Lepota promene","description":"Prirodna transcendentnost, Sahaja Samadi, je spontano ujedinjenje duha, znanja, srca, du\u0161e i vi\u0161eg Sopstva. Sahaja Siddhas su realizovane du\u0161e.","robots":{"index":"index","follow":"follow","max-snippet":"max-snippet:-1","max-image-preview":"max-image-preview:large","max-video-preview":"max-video-preview:-1"},"canonical":"https:\/\/yogajagat.com\/sahaja-samadhi-natural-transcendence\/","twitter_misc":{"Est. reading time":"7 minutes"},"schema":{"@context":"https:\/\/schema.org","@graph":[{"@type":"Organization","@id":"https:\/\/yogajagat.com\/#organization","name":"Yogajagat","url":"https:\/\/yogajagat.com\/","sameAs":[],"logo":{"@type":"ImageObject","@id":"https:\/\/yogajagat.com\/#logo","inLanguage":"sr","url":"https:\/\/i1.wp.com\/yogajagat.com\/wp-content\/uploads\/2019\/03\/DSC08478-Kopie-1.jpg?fit=798%2C800&ssl=1","contentUrl":"https:\/\/i1.wp.com\/yogajagat.com\/wp-content\/uploads\/2019\/03\/DSC08478-Kopie-1.jpg?fit=798%2C800&ssl=1","width":798,"height":800,"caption":"Yogajagat"},"image":{"@id":"https:\/\/yogajagat.com\/#logo"}},{"@type":"WebSite","@id":"https:\/\/yogajagat.com\/#website","url":"https:\/\/yogajagat.com\/","name":"Lepota promene","description":"Neprestanom promenom do najlepseg zivotnog iskustva","publisher":{"@id":"https:\/\/yogajagat.com\/#organization"},"potentialAction":[{"@type":"SearchAction","target":{"@type":"EntryPoint","urlTemplate":"https:\/\/yogajagat.com\/?s={search_term_string}"},"query-input":"required name=search_term_string"}],"inLanguage":"sr"},{"@type":"ImageObject","@id":"https:\/\/yogajagat.com\/sahaja-samadhi-natural-transcendence\/#primaryimage","inLanguage":"sr","url":"http:\/\/yogajagat.com\/wp-content\/uploads\/2020\/02\/DSC03116-1024x768-1.jpg","contentUrl":"http:\/\/yogajagat.com\/wp-content\/uploads\/2020\/02\/DSC03116-1024x768-1.jpg"},{"@type":"WebPage","@id":"https:\/\/yogajagat.com\/sahaja-samadhi-natural-transcendence\/#webpage","url":"https:\/\/yogajagat.com\/sahaja-samadhi-natural-transcendence\/","name":"Sahaja Samadi Prirodna Transcendentnost - Lepota promene","isPartOf":{"@id":"https:\/\/yogajagat.com\/#website"},"primaryImageOfPage":{"@id":"https:\/\/yogajagat.com\/sahaja-samadhi-natural-transcendence\/#primaryimage"},"datePublished":"2019-07-24T13:25:17+00:00","dateModified":"2020-05-07T10:51:02+00:00","description":"Prirodna transcendentnost, Sahaja Samadi, je spontano ujedinjenje duha, znanja, srca, du\u0161e i vi\u0161eg Sopstva. Sahaja Siddhas su realizovane du\u0161e.","breadcrumb":{"@id":"https:\/\/yogajagat.com\/sahaja-samadhi-natural-transcendence\/#breadcrumb"},"inLanguage":"sr","potentialAction":[{"@type":"ReadAction","target":["https:\/\/yogajagat.com\/sahaja-samadhi-natural-transcendence\/"]}]},{"@type":"BreadcrumbList","@id":"https:\/\/yogajagat.com\/sahaja-samadhi-natural-transcendence\/#breadcrumb","itemListElement":[{"@type":"ListItem","position":1,"name":"Home","item":"https:\/\/yogajagat.com\/sr\/"},{"@type":"ListItem","position":2,"name":"Sahaja Samadhi Natural Transcendence"}]}]}},"_links":{"self":[{"href":"https:\/\/yogajagat.com\/sr\/wp-json\/wp\/v2\/pages\/3755"}],"collection":[{"href":"https:\/\/yogajagat.com\/sr\/wp-json\/wp\/v2\/pages"}],"about":[{"href":"https:\/\/yogajagat.com\/sr\/wp-json\/wp\/v2\/types\/page"}],"author":[{"embeddable":true,"href":"https:\/\/yogajagat.com\/sr\/wp-json\/wp\/v2\/users\/1"}],"replies":[{"embeddable":true,"href":"https:\/\/yogajagat.com\/sr\/wp-json\/wp\/v2\/comments?post=3755"}],"version-history":[{"count":11,"href":"https:\/\/yogajagat.com\/sr\/wp-json\/wp\/v2\/pages\/3755\/revisions"}],"predecessor-version":[{"id":5854,"href":"https:\/\/yogajagat.com\/sr\/wp-json\/wp\/v2\/pages\/3755\/revisions\/5854"}],"wp:attachment":[{"href":"https:\/\/yogajagat.com\/sr\/wp-json\/wp\/v2\/media?parent=3755"}],"curies":[{"name":"wp","href":"https:\/\/api.w.org\/{rel}","templated":true}]}}