{"id":3753,"date":"2019-07-24T14:23:09","date_gmt":"2019-07-24T13:23:09","guid":{"rendered":"http:\/\/yogajagat.com\/?page_id=3753"},"modified":"2020-05-07T12:43:34","modified_gmt":"2020-05-07T10:43:34","slug":"nature-and-prana-rivers-waterfalls","status":"publish","type":"page","link":"https:\/\/yogajagat.com\/sr\/priroda-planine-reke-vodopadi-more-i-prana\/","title":{"rendered":"Priroda i prana. Planine, reke, vodopadi, more."},"content":{"rendered":"[vc_row][vc_column][vc_custom_heading text=&#8221;Razli\u010dite koli\u010dine vitalne energije u atmosferi&#8221; font_container=&#8221;tag:h2|text_align:center|color:%231ba2b7&#8243; google_fonts=&#8221;font_family:Ubuntu%3A300%2C300italic%2Cregular%2Citalic%2C500%2C500italic%2C700%2C700italic|font_style:300%20light%20italic%3A300%3Aitalic&#8221;][\/vc_column][\/vc_row][vc_row][vc_column][vc_column_text]\n<h4><\/h4>\n<h3 style=\"text-align: center;\"><span style=\"color: #993300;\">PRIRODA I PRANA<\/span><\/h3>\n<hr \/>\n<p>&nbsp;<\/p>\n<p>Priroda i prana je mali nastavak teksta o<a href=\"https:\/\/yogajagat.com\/sr\/prana-i-pet-slojeva-energetskog-tela\/\"><span style=\"color: #ff6600;\"> prani<\/span><\/a>\u00a0ili vitalnoj energiji, i <a href=\"https:\/\/yogajagat.com\/sr\/pranajama-jogicka-tehnika-disanja-stanje-potunog-mira\/\"><span style=\"color: #993300;\">pranajami,<\/span><\/a> jogi\u010dkim tehnikama disanja.<\/p>\n<p>&nbsp;<\/p>\n<p>Prana pro\u017eima kompletno na\u0161e okru\u017eenje ali je razlika u intenzitetu i kvalitetu prane ogromna. Kvalitet prane zavisi od stanja atmosfere i pomeranja u njoj, \u010dak i onog najmanjeg.<\/p>\n<p style=\"text-align: left;\">Svako ko ozbiljno praktikuje Jogu i njene tehnike, <a href=\"https:\/\/yogajagat.com\/sr\/joga-polozaji-tela-izvodenje-joga-asana\/\"><span style=\"color: #993300;\">asane<\/span><\/a> ili pranajamu mo\u017ee nepogre\u0161ivo da napravi razliku \u0161ta za bistar um, puna plu\u0107a i spokojan duh zna\u010di disanje u zatvorenom prostoru sa ustajalim vazduhom ili disanje u prirodi.<\/p>\n<p>&nbsp;<\/p>\n<p>More, planine, vodopadi, \u0161ume, pro\u017eete su ogromnom koli\u010dinom vrlo jake prane. Priroda i prana su neraskidiv sklop lepote.<\/p>\n<p>&nbsp;<\/p>\n<p>Izme\u0111u nas i drve\u0107a nema nikakve razlike. Drve\u0107e udi\u0161e ono \u0161to mi izdi\u0161emo a mi udi\u0161emo ono \u0161to drve\u0107e izdi\u0161e.<\/p>\n<p>\u010cak i na\u0161a li\u010dna prana, vitalna energija, na\u0161e telo i na\u0161 duh prolaze kroz razli\u010dite faze svakog pojedinog dana, od jutra do mraka.[\/vc_column_text][\/vc_column][\/vc_row][vc_row][vc_column][vc_custom_heading text=&#8221;Jednostavno, iza\u0111ite napolje i di\u0161ite&#8221; font_container=&#8221;tag:h2|text_align:center|color:%231ba2b7&#8243; google_fonts=&#8221;font_family:Ubuntu%3A300%2C300italic%2Cregular%2Citalic%2C500%2C500italic%2C700%2C700italic|font_style:300%20light%20italic%3A300%3Aitalic&#8221;][\/vc_column][\/vc_row][vc_row][vc_column][vc_column_text]\n<hr \/>\n<p>&nbsp;<\/p>\n<p>Uz pomo\u0107 ispravne, strpljive i ujedno uporne i predane prakse tehnika disanja odr\u017eavamo na\u0161 duh postojanim i opu\u0161tenim.<\/p>\n<p>Kada se prana u \u010ditavom na\u0161em sistemu jednom ustabli\u010di onda se i koli\u010dina prane u na\u0161em telu odr\u017eava na konstantnom nivou tokom celog dana. To nam poma\u017ee da ostanemo prisutni, budni i skoncentrisani u svemu svejedno \u010dime se bavimo. Na\u0161a koncentracija i budnost poma\u017ee i nama a korisniji smo i celoj okolini.<\/p>\n<p>Redovnom i predanom praksom mo\u017eemo da uti\u010demo na uzburkane emocije, na ljutnju, zlobu, ljubomoru, zavist, ali i na ljubav, ljubaznost, radost i zadovoljstvo jer \u010dak i ovi najlep\u0161i ljudski kvaliteti kada su u &#8220;prejakoj dozi&#8221;, mogu da poprime drugu formu. Tako mogu da postanu samouni\u0161tavaju\u0107i i da dovedu i ljubav i ljubaznost i radost i zadovoljstvo do one druge strane medalje.<\/p>\n<p>Sve \u0161to treba, zna\u010di, je da prestanete da \u010ditate, analizirate i komentari\u0161ete i da umesto toga bez odlaganja po\u010dnete da odlazite u prirodu i da radite na razvoju va\u0161e li\u010dne duhovnosti, na li\u010dnoj realizaciji i na kompletnom zdravlju.<br \/>\nZa to je uvek je mudro birati samo\u0107u ili tiho dru\u0161tvo koje razume lepotu bez re\u010di, koje ima po\u0161tovanje i prema prirodi, prema vama i prema sebi.<\/p>\n<p>Korist od ovakvih akcija su jedno nezamenjivo i<a href=\"https:\/\/yogajagat.com\/sr\/sahaja-samadi-prirodna-transcendentnost\/\"><span style=\"color: #993300;\"> jedinstveno iskustvo.<\/span><\/a> Ovo\u00a0svakako ne zna\u010di da svako ko je po\u010deo da praktikuje svesnost disanja ili je ve\u0107 du\u017ee vremena praktikuje neophodno i do\u017eivi ovakva jedinstvena iskustva.<\/p>\n<p>Svesno disanje ili pranajama mo\u017ee samo da pomogne dostizanje ovog perfektnog stanja bi\u0107a. Velikim delom ova predispozicija je data.<\/p>\n<p>Zato pa\u017eljivo sa prebrzim samodijagnozama i dijagnozama.[\/vc_column_text][\/vc_column][\/vc_row][vc_row][vc_column][vc_column_text]<img loading=\"lazy\" class=\"aligncenter size-full wp-image-4206\" src=\"https:\/\/i0.wp.com\/yogajagat.com\/wp-content\/uploads\/2019\/11\/DSC05666.jpg?resize=640%2C480\" alt=\"priroda i prana vodopadi reke planine\" width=\"640\" height=\"480\" srcset=\"https:\/\/i0.wp.com\/yogajagat.com\/wp-content\/uploads\/2019\/11\/DSC05666.jpg?w=640&amp;ssl=1 640w, https:\/\/i0.wp.com\/yogajagat.com\/wp-content\/uploads\/2019\/11\/DSC05666.jpg?resize=300%2C225&amp;ssl=1 300w\" sizes=\"(max-width: 640px) 100vw, 640px\" data-recalc-dims=\"1\" \/>[\/vc_column_text][\/vc_column][\/vc_row]\n","protected":false},"excerpt":{"rendered":"<p>[vc_row][vc_column][vc_custom_heading text=&#8221;Razli\u010dite koli\u010dine vitalne energije u atmosferi&#8221; font_container=&#8221;tag:h2|text_align:center|color:%231ba2b7&#8243; google_fonts=&#8221;font_family:Ubuntu%3A300%2C300italic%2Cregular%2Citalic%2C500%2C500italic%2C700%2C700italic|font_style:300%20light%20italic%3A300%3Aitalic&#8221;][\/vc_column][\/vc_row][vc_row][vc_column][vc_column_text]<\/p>\n<p>PRIRODA I PRANA<\/p>\n<p>&nbsp;<br \/>\nPriroda i prana je mali nastavak teksta o prani\u00a0ili vitalnoj energiji, i pranajami, jogi\u010dkim tehnikama disanja.<br \/>\n&nbsp;<br \/>\nPrana pro\u017eima kompletno na\u0161e okru\u017eenje ali je razlika u intenzitetu i kvalitetu prane ogromna. Kvalitet prane zavisi od stanja atmosfere i pomeranja u njoj, \u010dak i onog najmanjeg.<br \/>\nSvako ko ozbiljno praktikuje Jogu i njene tehnike, asane ili pranajamu mo\u017ee nepogre\u0161ivo da napravi razliku \u0161ta za bistar um, &#8230;<\/p>\n","protected":false},"author":1,"featured_media":0,"parent":0,"menu_order":0,"comment_status":"closed","ping_status":"closed","template":"template-full-width.php","meta":{"_bbp_topic_count":0,"_bbp_reply_count":0,"_bbp_total_topic_count":0,"_bbp_total_reply_count":0,"_bbp_voice_count":0,"_bbp_anonymous_reply_count":0,"_bbp_topic_count_hidden":0,"_bbp_reply_count_hidden":0,"_bbp_forum_subforum_count":0,"inline_featured_image":false,"spay_email":""},"translation":{"provider":"WPGlobus","version":"3.0.1","language":"sr","enabled_languages":["en","de","sr"],"languages":{"en":{"title":true,"content":true,"excerpt":false},"de":{"title":true,"content":true,"excerpt":false},"sr":{"title":true,"content":true,"excerpt":false}}},"yoast_head":"<!-- This site is optimized with the Yoast SEO plugin v18.3 - https:\/\/yoast.com\/wordpress\/plugins\/seo\/ -->\n<title>Priroda i prana. Planine, reke, vodopadi, more. - Lepota promene<\/title>\n<meta name=\"description\" content=\"More, planine, vodopadi, \u0161ume, pro\u017eeti su ogromnom koli\u010dinom vrlo jake prane. Priroda i prana, vitalna energija, su neraskidiv sklop lepote.\" \/>\n<meta name=\"robots\" content=\"index, follow, max-snippet:-1, max-image-preview:large, max-video-preview:-1\" \/>\n<link rel=\"canonical\" href=\"https:\/\/yogajagat.com\/de\/prana-und-natur\/\" \/>\n<meta name=\"twitter:label1\" content=\"Est. reading time\" \/>\n\t<meta name=\"twitter:data1\" content=\"6 minutes\" \/>\n<script type=\"application\/ld+json\" class=\"yoast-schema-graph\">{\"@context\":\"https:\/\/schema.org\",\"@graph\":[{\"@type\":\"Organization\",\"@id\":\"https:\/\/yogajagat.com\/#organization\",\"name\":\"Yogajagat\",\"url\":\"https:\/\/yogajagat.com\/\",\"sameAs\":[],\"logo\":{\"@type\":\"ImageObject\",\"@id\":\"https:\/\/yogajagat.com\/#logo\",\"inLanguage\":\"sr\",\"url\":\"https:\/\/i1.wp.com\/yogajagat.com\/wp-content\/uploads\/2019\/03\/DSC08478-Kopie-1.jpg?fit=798%2C800&ssl=1\",\"contentUrl\":\"https:\/\/i1.wp.com\/yogajagat.com\/wp-content\/uploads\/2019\/03\/DSC08478-Kopie-1.jpg?fit=798%2C800&ssl=1\",\"width\":798,\"height\":800,\"caption\":\"Yogajagat\"},\"image\":{\"@id\":\"https:\/\/yogajagat.com\/#logo\"}},{\"@type\":\"WebSite\",\"@id\":\"https:\/\/yogajagat.com\/#website\",\"url\":\"https:\/\/yogajagat.com\/\",\"name\":\"Lepota promene\",\"description\":\"Neprestanom promenom do najlepseg zivotnog iskustva\",\"publisher\":{\"@id\":\"https:\/\/yogajagat.com\/#organization\"},\"potentialAction\":[{\"@type\":\"SearchAction\",\"target\":{\"@type\":\"EntryPoint\",\"urlTemplate\":\"https:\/\/yogajagat.com\/?s={search_term_string}\"},\"query-input\":\"required name=search_term_string\"}],\"inLanguage\":\"sr\"},{\"@type\":\"ImageObject\",\"@id\":\"https:\/\/yogajagat.com\/de\/prana-und-natur\/#primaryimage\",\"inLanguage\":\"sr\",\"url\":\"http:\/\/yogajagat.com\/wp-content\/uploads\/2020\/02\/1914255_128614547511_2248470_n.jpg\",\"contentUrl\":\"http:\/\/yogajagat.com\/wp-content\/uploads\/2020\/02\/1914255_128614547511_2248470_n.jpg\"},{\"@type\":\"WebPage\",\"@id\":\"https:\/\/yogajagat.com\/de\/prana-und-natur\/#webpage\",\"url\":\"https:\/\/yogajagat.com\/de\/prana-und-natur\/\",\"name\":\"Priroda i prana. Planine, reke, vodopadi, more. - Lepota promene\",\"isPartOf\":{\"@id\":\"https:\/\/yogajagat.com\/#website\"},\"primaryImageOfPage\":{\"@id\":\"https:\/\/yogajagat.com\/de\/prana-und-natur\/#primaryimage\"},\"datePublished\":\"2019-07-24T13:23:09+00:00\",\"dateModified\":\"2020-05-07T10:43:34+00:00\",\"description\":\"More, planine, vodopadi, \u0161ume, pro\u017eeti su ogromnom koli\u010dinom vrlo jake prane. Priroda i prana, vitalna energija, su neraskidiv sklop lepote.\",\"breadcrumb\":{\"@id\":\"https:\/\/yogajagat.com\/de\/prana-und-natur\/#breadcrumb\"},\"inLanguage\":\"sr\",\"potentialAction\":[{\"@type\":\"ReadAction\",\"target\":[\"https:\/\/yogajagat.com\/de\/prana-und-natur\/\"]}]},{\"@type\":\"BreadcrumbList\",\"@id\":\"https:\/\/yogajagat.com\/de\/prana-und-natur\/#breadcrumb\",\"itemListElement\":[{\"@type\":\"ListItem\",\"position\":1,\"name\":\"Home\",\"item\":\"https:\/\/yogajagat.com\/sr\/\"},{\"@type\":\"ListItem\",\"position\":2,\"name\":\"Prana und Natur\"}]}]}<\/script>\n<!-- \/ Yoast SEO plugin. -->","yoast_head_json":{"title":"Priroda i prana. Planine, reke, vodopadi, more. - Lepota promene","description":"More, planine, vodopadi, \u0161ume, pro\u017eeti su ogromnom koli\u010dinom vrlo jake prane. Priroda i prana, vitalna energija, su neraskidiv sklop lepote.","robots":{"index":"index","follow":"follow","max-snippet":"max-snippet:-1","max-image-preview":"max-image-preview:large","max-video-preview":"max-video-preview:-1"},"canonical":"https:\/\/yogajagat.com\/de\/prana-und-natur\/","twitter_misc":{"Est. reading time":"6 minutes"},"schema":{"@context":"https:\/\/schema.org","@graph":[{"@type":"Organization","@id":"https:\/\/yogajagat.com\/#organization","name":"Yogajagat","url":"https:\/\/yogajagat.com\/","sameAs":[],"logo":{"@type":"ImageObject","@id":"https:\/\/yogajagat.com\/#logo","inLanguage":"sr","url":"https:\/\/i1.wp.com\/yogajagat.com\/wp-content\/uploads\/2019\/03\/DSC08478-Kopie-1.jpg?fit=798%2C800&ssl=1","contentUrl":"https:\/\/i1.wp.com\/yogajagat.com\/wp-content\/uploads\/2019\/03\/DSC08478-Kopie-1.jpg?fit=798%2C800&ssl=1","width":798,"height":800,"caption":"Yogajagat"},"image":{"@id":"https:\/\/yogajagat.com\/#logo"}},{"@type":"WebSite","@id":"https:\/\/yogajagat.com\/#website","url":"https:\/\/yogajagat.com\/","name":"Lepota promene","description":"Neprestanom promenom do najlepseg zivotnog iskustva","publisher":{"@id":"https:\/\/yogajagat.com\/#organization"},"potentialAction":[{"@type":"SearchAction","target":{"@type":"EntryPoint","urlTemplate":"https:\/\/yogajagat.com\/?s={search_term_string}"},"query-input":"required name=search_term_string"}],"inLanguage":"sr"},{"@type":"ImageObject","@id":"https:\/\/yogajagat.com\/de\/prana-und-natur\/#primaryimage","inLanguage":"sr","url":"http:\/\/yogajagat.com\/wp-content\/uploads\/2020\/02\/1914255_128614547511_2248470_n.jpg","contentUrl":"http:\/\/yogajagat.com\/wp-content\/uploads\/2020\/02\/1914255_128614547511_2248470_n.jpg"},{"@type":"WebPage","@id":"https:\/\/yogajagat.com\/de\/prana-und-natur\/#webpage","url":"https:\/\/yogajagat.com\/de\/prana-und-natur\/","name":"Priroda i prana. Planine, reke, vodopadi, more. - Lepota promene","isPartOf":{"@id":"https:\/\/yogajagat.com\/#website"},"primaryImageOfPage":{"@id":"https:\/\/yogajagat.com\/de\/prana-und-natur\/#primaryimage"},"datePublished":"2019-07-24T13:23:09+00:00","dateModified":"2020-05-07T10:43:34+00:00","description":"More, planine, vodopadi, \u0161ume, pro\u017eeti su ogromnom koli\u010dinom vrlo jake prane. Priroda i prana, vitalna energija, su neraskidiv sklop lepote.","breadcrumb":{"@id":"https:\/\/yogajagat.com\/de\/prana-und-natur\/#breadcrumb"},"inLanguage":"sr","potentialAction":[{"@type":"ReadAction","target":["https:\/\/yogajagat.com\/de\/prana-und-natur\/"]}]},{"@type":"BreadcrumbList","@id":"https:\/\/yogajagat.com\/de\/prana-und-natur\/#breadcrumb","itemListElement":[{"@type":"ListItem","position":1,"name":"Home","item":"https:\/\/yogajagat.com\/sr\/"},{"@type":"ListItem","position":2,"name":"Prana und Natur"}]}]}},"_links":{"self":[{"href":"https:\/\/yogajagat.com\/sr\/wp-json\/wp\/v2\/pages\/3753"}],"collection":[{"href":"https:\/\/yogajagat.com\/sr\/wp-json\/wp\/v2\/pages"}],"about":[{"href":"https:\/\/yogajagat.com\/sr\/wp-json\/wp\/v2\/types\/page"}],"author":[{"embeddable":true,"href":"https:\/\/yogajagat.com\/sr\/wp-json\/wp\/v2\/users\/1"}],"replies":[{"embeddable":true,"href":"https:\/\/yogajagat.com\/sr\/wp-json\/wp\/v2\/comments?post=3753"}],"version-history":[{"count":7,"href":"https:\/\/yogajagat.com\/sr\/wp-json\/wp\/v2\/pages\/3753\/revisions"}],"predecessor-version":[{"id":5853,"href":"https:\/\/yogajagat.com\/sr\/wp-json\/wp\/v2\/pages\/3753\/revisions\/5853"}],"wp:attachment":[{"href":"https:\/\/yogajagat.com\/sr\/wp-json\/wp\/v2\/media?parent=3753"}],"curies":[{"name":"wp","href":"https:\/\/api.w.org\/{rel}","templated":true}]}}