{"id":3744,"date":"2019-07-24T14:13:07","date_gmt":"2019-07-24T13:13:07","guid":{"rendered":"http:\/\/yogajagat.com\/?page_id=3744"},"modified":"2020-05-07T12:23:30","modified_gmt":"2020-05-07T10:23:30","slug":"pranayama-breathing-technique-state-of-tranquility","status":"publish","type":"page","link":"https:\/\/yogajagat.com\/sr\/pranajama-jogicka-tehnika-disanja-stanje-potunog-mira\/","title":{"rendered":"Pranajama. Jogi\u010dka tehnika disanja. Stanje potunog mira"},"content":{"rendered":"[vc_row][vc_column][vc_custom_heading text=&#8221;Pro\u0161irivanje prane&#8221; font_container=&#8221;tag:h2|text_align:center|color:%231ba2b7&#8243; google_fonts=&#8221;font_family:Ubuntu%3A300%2C300italic%2Cregular%2Citalic%2C500%2C500italic%2C700%2C700italic|font_style:300%20light%20italic%3A300%3Aitalic&#8221;][\/vc_column][\/vc_row][vc_row][vc_column][vc_column_text]\n<hr \/>\n<p>&nbsp;<\/p>\n<p><em>Pranajama<\/em> je pro\u0161irivanje <a href=\"https:\/\/yogajagat.com\/sr\/prana-i-pet-slojeva-energetskog-tela\/\"><span style=\"color: #993300;\">prane<\/span><\/a> ali i svesna kontrola disanja. Ovo je najva\u017eniji deo prakse Joge jer je i dah najva\u017eniji izvor energije.<\/p>\n<p>Pranajama je najdirektniji put do bu\u0111enja<a href=\"https:\/\/yogajagat.com\/sr\/kundalini-sakti-zmijska-snaga\/\"><span style=\"color: #993300;\"> Kundalini<\/span><\/a> energije, energiji koja je pojedina\u010dno i bez izuzetka sa ro\u0111enjem data svakom \u010doveku. Ta energija i njena snaga ipak kod mnogih jo\u0161 uvek nije probu\u0111ena.<\/p>\n<p>Danas se obi\u010dno pojam <em>pranajame<\/em> koristi za jogi\u010dke tehnike disanja mada su jogi\u010dke tehnike disanja tehnike koje pro\u0161iruju pranu, \u0161to je i pravo zna\u010denje re\u010di <em>pranajama<\/em>.<\/p>\n<p>&nbsp;<\/p>\n<p>Misli, ili talasi uma, reflektuju se na disanje. Kada je um uzrujan, disanje je nepravilno, brzo i plitko. Kada je opu\u0161ten, disanje je lagano i duboko.<\/p>\n<p>Kontrolom disanja mo\u017ee se kontrolisati i um dovode\u0107i ga tako do potpune smirenosti, stanja potpunog mira.<\/p>\n<p>Smireno stanje <em>\u0161akti<\/em>\u00a0ili \u017eivotne snage, zove se <em>\u0161anta<\/em>\u00a0i to je ogromna \u017eivotna snaga, jer snaga le\u017ei u miru a ne u jurnjavi.<\/p>\n[\/vc_column_text][vc_column_text]\n<p><img loading=\"lazy\" class=\"aligncenter size-full wp-image-4187\" src=\"https:\/\/i0.wp.com\/yogajagat.com\/wp-content\/uploads\/2019\/11\/DSC09456-Kopie.jpg?resize=800%2C600\" alt=\"pranajama\" width=\"800\" height=\"600\" srcset=\"https:\/\/i0.wp.com\/yogajagat.com\/wp-content\/uploads\/2019\/11\/DSC09456-Kopie.jpg?w=800&amp;ssl=1 800w, https:\/\/i0.wp.com\/yogajagat.com\/wp-content\/uploads\/2019\/11\/DSC09456-Kopie.jpg?resize=300%2C225&amp;ssl=1 300w, https:\/\/i0.wp.com\/yogajagat.com\/wp-content\/uploads\/2019\/11\/DSC09456-Kopie.jpg?resize=768%2C576&amp;ssl=1 768w\" sizes=\"(max-width: 800px) 100vw, 800px\" data-recalc-dims=\"1\" \/>[\/vc_column_text][\/vc_column][\/vc_row][vc_row][vc_column][vc_cta h2=&#8221;Joga Sutra 2.49:&#8221; color=&#8221;turquoise&#8221;]Posle savladavanja <a href=\"https:\/\/yogajagat.com\/sr\/joga-polozaji-tela-izvodenje-joga-asana\/\"><span style=\"color: #993300;\">polo\u017eaja<\/span><\/a>, mora se praktikovati kontrola prane zaustavljaju\u0107i kretanje udisanja i izdisanja.[\/vc_cta][\/vc_column][\/vc_row][vc_row][vc_column][vc_column_text]Veruje se da tehnike pranajame pove\u0107avaju nivo kiseonika u mozgu ali su ispitivanja potvrdila da tehnike pranajame ustvari reguli\u0161u koli\u010dinu ugljen-dioksida u mozgu \u0161to uti\u010de na receptore odgovorne za bol i regulaciju temperature. Tehnike pranajame mogu eventualno i da smanje ili potpuno otklone paniku i anksioznost.<\/p>\n<p>&nbsp;<\/p>\n<p>Tehnika pranajama ima raznih, od onih za po\u010detnike do vrlo slo\u017eenih i naprednih tehnika koje iskusnima donosi uvek iznova <a href=\"https:\/\/yogajagat.com\/sr\/sahaja-samadi-prirodna-transcendentnost\/\"><span style=\"color: #993300;\">nova<\/span><\/a> iskustva. Na\u010din izdisanja i udisanja zavisi od tehike. Centralni deo tehnika pranajame je <a href=\"https:\/\/yogajagat.com\/sr\/zadrzavanje-daha-jogicke-tehnike-disanja\/\"><span style=\"color: #993300;\">zaustavljanje disanja<\/span><\/a> (<em>kumbhaka<\/em>). Zaustavljanje disanja treba praktikovati vrlo svesno i postepeno i bez mu\u010denja disajnih organa i uma.<\/p>\n<p>&nbsp;<\/p>\n<p>Swami \u0160ivananda je jednom rekao da<\/p>\n<p><span style=\"color: #993300;\">&#8220;Jogi ne meri svoj raspon \u017eivota po broju godina ve\u0107 po broju udisaja.&#8221;<\/span><\/p>\n[\/vc_column_text][\/vc_column][\/vc_row][vc_row][vc_column][vc_cta h2=&#8221;Joga Sutra 2.50:&#8221; color=&#8221;turquoise&#8221;]Disanje se mo\u017ee zaustaviti spolja ili iznutra ili zadr\u017eati u umu, i regulisati prema prostoru, vremenu i odre\u0111enim brojem trenutaka, tako da zaustavljanje ne bude razvu\u010deno i kratko.[\/vc_cta][\/vc_column][\/vc_row]\n","protected":false},"excerpt":{"rendered":"<p>[vc_row][vc_column][vc_custom_heading text=&#8221;Pro\u0161irivanje prane&#8221; font_container=&#8221;tag:h2|text_align:center|color:%231ba2b7&#8243; google_fonts=&#8221;font_family:Ubuntu%3A300%2C300italic%2Cregular%2Citalic%2C500%2C500italic%2C700%2C700italic|font_style:300%20light%20italic%3A300%3Aitalic&#8221;][\/vc_column][\/vc_row][vc_row][vc_column][vc_column_text]<\/p>\n<p>&nbsp;<br \/>\nPranajama je pro\u0161irivanje prane ali i svesna kontrola disanja. Ovo je najva\u017eniji deo prakse Joge jer je i dah najva\u017eniji izvor energije.<br \/>\nPranajama je najdirektniji put do bu\u0111enja Kundalini energije, energiji koja je pojedina\u010dno i bez izuzetka sa ro\u0111enjem data svakom \u010doveku. Ta energija i njena snaga ipak kod mnogih jo\u0161 uvek nije probu\u0111ena.<br \/>\nDanas se obi\u010dno pojam pranajame koristi za jogi\u010dke tehnike disanja mada su jogi\u010dke tehnike disanja tehnike koje pro\u0161iruju pranu, &#8230;<\/p>\n","protected":false},"author":1,"featured_media":0,"parent":0,"menu_order":0,"comment_status":"closed","ping_status":"closed","template":"template-full-width.php","meta":{"_bbp_topic_count":0,"_bbp_reply_count":0,"_bbp_total_topic_count":0,"_bbp_total_reply_count":0,"_bbp_voice_count":0,"_bbp_anonymous_reply_count":0,"_bbp_topic_count_hidden":0,"_bbp_reply_count_hidden":0,"_bbp_forum_subforum_count":0,"inline_featured_image":false,"spay_email":""},"translation":{"provider":"WPGlobus","version":"3.0.1","language":"sr","enabled_languages":["en","de","sr"],"languages":{"en":{"title":true,"content":true,"excerpt":false},"de":{"title":true,"content":true,"excerpt":false},"sr":{"title":true,"content":true,"excerpt":false}}},"yoast_head":"<!-- This site is optimized with the Yoast SEO plugin v18.3 - https:\/\/yoast.com\/wordpress\/plugins\/seo\/ -->\n<title>Pranajama. Jogi\u010dka tehnika disanja. Stanje potunog mira - Lepota promene<\/title>\n<meta name=\"description\" content=\"Pranajama je pro\u0161irivanje prane ali i svesna kontrola disanja. Ovo je najva\u017eniji deo prakse Joge jer je i dah najva\u017eniji izvor energije.\" \/>\n<meta name=\"robots\" content=\"index, follow, max-snippet:-1, max-image-preview:large, max-video-preview:-1\" \/>\n<link rel=\"canonical\" href=\"https:\/\/yogajagat.com\/pranayama-breathing-technique-state-of-tranquility\/\" \/>\n<meta name=\"twitter:label1\" content=\"Est. reading time\" \/>\n\t<meta name=\"twitter:data1\" content=\"5 minutes\" \/>\n<script type=\"application\/ld+json\" class=\"yoast-schema-graph\">{\"@context\":\"https:\/\/schema.org\",\"@graph\":[{\"@type\":\"Organization\",\"@id\":\"https:\/\/yogajagat.com\/#organization\",\"name\":\"Yogajagat\",\"url\":\"https:\/\/yogajagat.com\/\",\"sameAs\":[],\"logo\":{\"@type\":\"ImageObject\",\"@id\":\"https:\/\/yogajagat.com\/#logo\",\"inLanguage\":\"sr\",\"url\":\"https:\/\/i1.wp.com\/yogajagat.com\/wp-content\/uploads\/2019\/03\/DSC08478-Kopie-1.jpg?fit=798%2C800&ssl=1\",\"contentUrl\":\"https:\/\/i1.wp.com\/yogajagat.com\/wp-content\/uploads\/2019\/03\/DSC08478-Kopie-1.jpg?fit=798%2C800&ssl=1\",\"width\":798,\"height\":800,\"caption\":\"Yogajagat\"},\"image\":{\"@id\":\"https:\/\/yogajagat.com\/#logo\"}},{\"@type\":\"WebSite\",\"@id\":\"https:\/\/yogajagat.com\/#website\",\"url\":\"https:\/\/yogajagat.com\/\",\"name\":\"Lepota promene\",\"description\":\"Neprestanom promenom do najlepseg zivotnog iskustva\",\"publisher\":{\"@id\":\"https:\/\/yogajagat.com\/#organization\"},\"potentialAction\":[{\"@type\":\"SearchAction\",\"target\":{\"@type\":\"EntryPoint\",\"urlTemplate\":\"https:\/\/yogajagat.com\/?s={search_term_string}\"},\"query-input\":\"required name=search_term_string\"}],\"inLanguage\":\"sr\"},{\"@type\":\"ImageObject\",\"@id\":\"https:\/\/yogajagat.com\/pranayama-breathing-technique-state-of-tranquility\/#primaryimage\",\"inLanguage\":\"sr\",\"url\":\"http:\/\/yogajagat.com\/wp-content\/uploads\/2019\/11\/DSC08704-Kopie.jpg\",\"contentUrl\":\"http:\/\/yogajagat.com\/wp-content\/uploads\/2019\/11\/DSC08704-Kopie.jpg\"},{\"@type\":\"WebPage\",\"@id\":\"https:\/\/yogajagat.com\/pranayama-breathing-technique-state-of-tranquility\/#webpage\",\"url\":\"https:\/\/yogajagat.com\/pranayama-breathing-technique-state-of-tranquility\/\",\"name\":\"Pranajama. Jogi\u010dka tehnika disanja. Stanje potunog mira - Lepota promene\",\"isPartOf\":{\"@id\":\"https:\/\/yogajagat.com\/#website\"},\"primaryImageOfPage\":{\"@id\":\"https:\/\/yogajagat.com\/pranayama-breathing-technique-state-of-tranquility\/#primaryimage\"},\"datePublished\":\"2019-07-24T13:13:07+00:00\",\"dateModified\":\"2020-05-07T10:23:30+00:00\",\"description\":\"Pranajama je pro\u0161irivanje prane ali i svesna kontrola disanja. Ovo je najva\u017eniji deo prakse Joge jer je i dah najva\u017eniji izvor energije.\",\"breadcrumb\":{\"@id\":\"https:\/\/yogajagat.com\/pranayama-breathing-technique-state-of-tranquility\/#breadcrumb\"},\"inLanguage\":\"sr\",\"potentialAction\":[{\"@type\":\"ReadAction\",\"target\":[\"https:\/\/yogajagat.com\/pranayama-breathing-technique-state-of-tranquility\/\"]}]},{\"@type\":\"BreadcrumbList\",\"@id\":\"https:\/\/yogajagat.com\/pranayama-breathing-technique-state-of-tranquility\/#breadcrumb\",\"itemListElement\":[{\"@type\":\"ListItem\",\"position\":1,\"name\":\"Home\",\"item\":\"https:\/\/yogajagat.com\/sr\/\"},{\"@type\":\"ListItem\",\"position\":2,\"name\":\"Pranayama. Breathing Technique. State Of Tranquility\"}]}]}<\/script>\n<!-- \/ Yoast SEO plugin. -->","yoast_head_json":{"title":"Pranajama. Jogi\u010dka tehnika disanja. Stanje potunog mira - Lepota promene","description":"Pranajama je pro\u0161irivanje prane ali i svesna kontrola disanja. Ovo je najva\u017eniji deo prakse Joge jer je i dah najva\u017eniji izvor energije.","robots":{"index":"index","follow":"follow","max-snippet":"max-snippet:-1","max-image-preview":"max-image-preview:large","max-video-preview":"max-video-preview:-1"},"canonical":"https:\/\/yogajagat.com\/pranayama-breathing-technique-state-of-tranquility\/","twitter_misc":{"Est. reading time":"5 minutes"},"schema":{"@context":"https:\/\/schema.org","@graph":[{"@type":"Organization","@id":"https:\/\/yogajagat.com\/#organization","name":"Yogajagat","url":"https:\/\/yogajagat.com\/","sameAs":[],"logo":{"@type":"ImageObject","@id":"https:\/\/yogajagat.com\/#logo","inLanguage":"sr","url":"https:\/\/i1.wp.com\/yogajagat.com\/wp-content\/uploads\/2019\/03\/DSC08478-Kopie-1.jpg?fit=798%2C800&ssl=1","contentUrl":"https:\/\/i1.wp.com\/yogajagat.com\/wp-content\/uploads\/2019\/03\/DSC08478-Kopie-1.jpg?fit=798%2C800&ssl=1","width":798,"height":800,"caption":"Yogajagat"},"image":{"@id":"https:\/\/yogajagat.com\/#logo"}},{"@type":"WebSite","@id":"https:\/\/yogajagat.com\/#website","url":"https:\/\/yogajagat.com\/","name":"Lepota promene","description":"Neprestanom promenom do najlepseg zivotnog iskustva","publisher":{"@id":"https:\/\/yogajagat.com\/#organization"},"potentialAction":[{"@type":"SearchAction","target":{"@type":"EntryPoint","urlTemplate":"https:\/\/yogajagat.com\/?s={search_term_string}"},"query-input":"required name=search_term_string"}],"inLanguage":"sr"},{"@type":"ImageObject","@id":"https:\/\/yogajagat.com\/pranayama-breathing-technique-state-of-tranquility\/#primaryimage","inLanguage":"sr","url":"http:\/\/yogajagat.com\/wp-content\/uploads\/2019\/11\/DSC08704-Kopie.jpg","contentUrl":"http:\/\/yogajagat.com\/wp-content\/uploads\/2019\/11\/DSC08704-Kopie.jpg"},{"@type":"WebPage","@id":"https:\/\/yogajagat.com\/pranayama-breathing-technique-state-of-tranquility\/#webpage","url":"https:\/\/yogajagat.com\/pranayama-breathing-technique-state-of-tranquility\/","name":"Pranajama. Jogi\u010dka tehnika disanja. Stanje potunog mira - Lepota promene","isPartOf":{"@id":"https:\/\/yogajagat.com\/#website"},"primaryImageOfPage":{"@id":"https:\/\/yogajagat.com\/pranayama-breathing-technique-state-of-tranquility\/#primaryimage"},"datePublished":"2019-07-24T13:13:07+00:00","dateModified":"2020-05-07T10:23:30+00:00","description":"Pranajama je pro\u0161irivanje prane ali i svesna kontrola disanja. Ovo je najva\u017eniji deo prakse Joge jer je i dah najva\u017eniji izvor energije.","breadcrumb":{"@id":"https:\/\/yogajagat.com\/pranayama-breathing-technique-state-of-tranquility\/#breadcrumb"},"inLanguage":"sr","potentialAction":[{"@type":"ReadAction","target":["https:\/\/yogajagat.com\/pranayama-breathing-technique-state-of-tranquility\/"]}]},{"@type":"BreadcrumbList","@id":"https:\/\/yogajagat.com\/pranayama-breathing-technique-state-of-tranquility\/#breadcrumb","itemListElement":[{"@type":"ListItem","position":1,"name":"Home","item":"https:\/\/yogajagat.com\/sr\/"},{"@type":"ListItem","position":2,"name":"Pranayama. Breathing Technique. State Of Tranquility"}]}]}},"_links":{"self":[{"href":"https:\/\/yogajagat.com\/sr\/wp-json\/wp\/v2\/pages\/3744"}],"collection":[{"href":"https:\/\/yogajagat.com\/sr\/wp-json\/wp\/v2\/pages"}],"about":[{"href":"https:\/\/yogajagat.com\/sr\/wp-json\/wp\/v2\/types\/page"}],"author":[{"embeddable":true,"href":"https:\/\/yogajagat.com\/sr\/wp-json\/wp\/v2\/users\/1"}],"replies":[{"embeddable":true,"href":"https:\/\/yogajagat.com\/sr\/wp-json\/wp\/v2\/comments?post=3744"}],"version-history":[{"count":12,"href":"https:\/\/yogajagat.com\/sr\/wp-json\/wp\/v2\/pages\/3744\/revisions"}],"predecessor-version":[{"id":5851,"href":"https:\/\/yogajagat.com\/sr\/wp-json\/wp\/v2\/pages\/3744\/revisions\/5851"}],"wp:attachment":[{"href":"https:\/\/yogajagat.com\/sr\/wp-json\/wp\/v2\/media?parent=3744"}],"curies":[{"name":"wp","href":"https:\/\/api.w.org\/{rel}","templated":true}]}}