{"id":3733,"date":"2019-07-23T18:48:30","date_gmt":"2019-07-23T17:48:30","guid":{"rendered":"http:\/\/yogajagat.com\/?page_id=3733"},"modified":"2020-04-16T11:18:23","modified_gmt":"2020-04-16T09:18:23","slug":"know-thyself-yoga-sutras-an-in-depth-guide-to-an-comfortable-life","status":"publish","type":"page","link":"https:\/\/yogajagat.com\/sr\/spoznaj-sebe-joga-sutra-detaljni-vodic\/","title":{"rendered":"Spoznaj sebe. Joga Sutra, detaljni vodi\u010d li\u010dne i kolektivne psihologije"},"content":{"rendered":"[vc_row][vc_column][vc_column_text]\n<h3 style=\"text-align: center;\"><span style=\"color: #993300;\">SPOZNAJ SEBE<br \/>\n<\/span><\/h3>\n<h4 style=\"text-align: center;\"><span style=\"color: #33cccc;\">YOGA SUTRA<\/span><\/h4>\n<hr \/>\n[\/vc_column_text][\/vc_column][\/vc_row][vc_row][vc_column width=&#8221;1\/2&#8243;][vc_column_text]\n<p>Svi znamo da postoji jedna nauka koja prou\u010dava \u0161ta se de\u0161ava u na\u0161oj glavi. Ona se zove psihologija.<br \/>\n<em>Psihi <\/em>je gr\u010dka re\u010d i zna\u010di <em>du\u0161a<\/em>.<\/p>\n<p>&nbsp;<\/p>\n<p>Svaki Grk \u0107e u svom \u017eivotu ovu re\u010d ponoviti bezbroj puta ali \u0107e dodati i <em>moja<\/em>. Svaki put kada se u njihovim du\u0161ama pojavi (jo\u0161) dublje ose\u0107anje prema drugom \u017eivom bi\u0107u oni \u0107e se istom bi\u0107u obratiti sa &#8220;psihi mou&#8221;. Du\u0161o moja. Oni to ne govore svojoj du\u0161i, oni osete drugu du\u0161u i ka\u017eu \u0161ta ose\u0107aju.<\/p>\n<p>I na\u0161im jezikom se ose\u0107anja vrlo sli\u010dno izra\u017eavaju.<\/p>\n[\/vc_column_text][\/vc_column][vc_column width=&#8221;1\/2&#8243;][vc_column_text]\n<p><img loading=\"lazy\" class=\"aligncenter wp-image-4056\" title=\"Spoznaj sebe\" src=\"https:\/\/i1.wp.com\/yogajagat.com\/wp-content\/uploads\/2019\/10\/DSC01097-224x300.jpg?resize=300%2C401\" alt=\"spoznaj sebe joga sutra\" width=\"300\" height=\"401\" srcset=\"https:\/\/i0.wp.com\/yogajagat.com\/wp-content\/uploads\/2019\/10\/DSC01097.jpg?resize=224%2C300&amp;ssl=1 224w, https:\/\/i0.wp.com\/yogajagat.com\/wp-content\/uploads\/2019\/10\/DSC01097.jpg?w=766&amp;ssl=1 766w\" sizes=\"(max-width: 300px) 100vw, 300px\" data-recalc-dims=\"1\" \/>[\/vc_column_text][\/vc_column][\/vc_row][vc_row][vc_column][vc_custom_heading text=&#8221;Da li je Spoznaj Sebe samo izreka ili mogu\u0107nost?&#8221; font_container=&#8221;tag:h2|text_align:center|color:%231d98b7&#8243; google_fonts=&#8221;font_family:Ubuntu%3A300%2C300italic%2Cregular%2Citalic%2C500%2C500italic%2C700%2C700italic|font_style:300%20light%20italic%3A300%3Aitalic&#8221;][\/vc_column][\/vc_row][vc_row][vc_column][vc_column_text]\n<hr \/>\n<p>&nbsp;<\/p>\n<p>U centralnoj Gr\u010dkoj, u Delfima, na planini Parnasosu, zimi ima puno snega a leti puno sunca i na ovoj planini se nalazi Apolonovo svetili\u0161te koje je danas pose\u0107eno turistima entuzijastima iz celog sveta. Istorija ka\u017ee da je na stubovima svetili\u0161ta bilo ugravirano 147 aforizama. Jedan od njih je glasio: <em>Spoznaj sebe\u00a0<\/em>(\u03b3\u03bd\u1ff6\u03b8\u03b9 \u03c3\u03b5\u03b1\u03c5\u03c4\u03cc\u03bd:\u00a0<em>gn\u014dti seafton).<\/em><\/p>\n<p><em>\u00a0<\/em><\/p>\n<p>Mozak logi\u010dara i analiti\u010dara \u0107e analizirati i raspravljati gr\u010dke (i latinske) ideje i na kraju \u0107e se opet desiti da donesu zaklju\u010dak da je <em>spoznaj sebe\u00a0<\/em>ipak samo izreka i ni\u0161ta vi\u0161e.<\/p>\n<p>Oni koji vi\u0161e rade na idejama a manje o njima \u010ditaju i raspravljaju \u0107e <em>spoznaj sebe\u00a0<\/em>iskoristiti kao mogu\u0107nost.<\/p>\n<p>Ukoliko se ipak desi da obe vrste ljudske prirode uprkos svemu ipak uspeju da spoznaju \u0161ta se nalazi u unutra\u0161njosti njihovog uma, onda da, stari Grci su imali pravo znanje.<\/p>\n[\/vc_column_text][\/vc_column][\/vc_row][vc_row][vc_column][vc_custom_heading text=&#8221;Izme\u0161ana anti\u010dka mudrost&#8221; font_container=&#8221;tag:h2|text_align:center|color:%231d98b7&#8243; google_fonts=&#8221;font_family:Ubuntu%3A300%2C300italic%2Cregular%2Citalic%2C500%2C500italic%2C700%2C700italic|font_style:300%20light%20italic%3A300%3Aitalic&#8221;][\/vc_column][\/vc_row][vc_row][vc_column][vc_column_text]\n<hr \/>\n<p>&nbsp;<\/p>\n<p>Sve bi bilo lak\u0161e da smo mi samo gomila kostiju i mesa i litre krvi i limfe. Ali mi to nismo i ba\u0161 odatle i dolazi na\u0161a z(a)bunjenost.<\/p>\n<p>&nbsp;<\/p>\n<p>Savete i u\u010denja o tome kako i \u0161ta \u010diniti da bi \u010dovek ostao \u010diste glave i srca dali su nam jo\u0161 stari indijci, mislioci, kao i oni koji su i sami na tome radili.<\/p>\n<p>Re\u010d je o Jogi. <a href=\"https:\/\/yogajagat.com\/sr\/ujedinjenje-jedinstvo-dna-joga\/\"><span style=\"color: #993300;\">Joga<\/span><\/a>, zna\u010di, nije odvojena od \u017eivota.<\/p>\n<p>&nbsp;<\/p>\n<p><em><span style=\"color: #993300;\">Joga Sutra je detaljni vodi\u010d koji po\u010dinje savetima o radu na li\u010dnoj i kolektivnoj psihologiji koji preko najuzvi\u0161enije li\u010dne filozofije zatim vodi do evolucije du\u0161e.<\/span><\/em><\/p>\n<p>&nbsp;<\/p>\n<p>Praktikovanje Joge (ako pa\u017eljivo pro\u010ditate celokupnu web stranicu vide\u0107ete da i vi u nekoj meri praktikujete jednu ili drugu vrstu Joge) koja nije niti suvoparno \u0107askanje okolo niti so\u010dno izvo\u0111enje jogi\u010dkih polo\u017eaja, vodi do stanja koje je mnogo dalje od prose\u010dnog logi\u010dkog iskustva. Praktikovanje Joge vodi (mo\u017ee, i trebalo bi da dovede) do metafizi\u010dkih, intuitivnih uvida uma (na) njegovim i najvi\u0161im<a href=\"https:\/\/yogajagat.com\/sr\/frekvencije-mozga-dusevni-mir\/\"> <span style=\"color: #993300;\">frenkvencijama uma<\/span><\/a>.<\/p>\n[\/vc_column_text][\/vc_column][\/vc_row][vc_row][vc_column][vc_custom_heading text=&#8221;\u010covekov um&#8221; font_container=&#8221;tag:h2|text_align:center|color:%231d98b7&#8243; google_fonts=&#8221;font_family:Ubuntu%3A300%2C300italic%2Cregular%2Citalic%2C500%2C500italic%2C700%2C700italic|font_style:300%20light%20italic%3A300%3Aitalic&#8221;][\/vc_column][\/vc_row][vc_row][vc_column][vc_column_text]\n<hr \/>\n<p>&nbsp;<\/p>\n<p><span lang=\"EN-US\">\u010covek nikad nije zadovoljan. On uvek ose\u0107a da mu u \u017eivotu ne\u0161to fali, posebno u \u017eivotu jednog zapadnjaka. Zapadna dru\u0161tva, posebno ona najrazvijenija \u0161ta god da ta hijerarhija zna\u010di, u odnosu na isto\u010dna izgledaju perfektno polirana. Ali, \u010dak i zapadnjak oboli. <\/span><\/p>\n<p><span lang=\"EN-US\">Kako to da se ljudi razbole od mentalnih, psihi\u010dkih ili telesnih bolesti ako je oko njih sve ispolirano?<\/span><\/p>\n[\/vc_column_text][\/vc_column][\/vc_row][vc_row][vc_column][vc_custom_heading text=&#8221;O Joga Sutri&#8221; font_container=&#8221;tag:h2|text_align:center|color:%231d98b7&#8243; google_fonts=&#8221;font_family:Ubuntu%3A300%2C300italic%2Cregular%2Citalic%2C500%2C500italic%2C700%2C700italic|font_style:300%20light%20italic%3A300%3Aitalic&#8221;][\/vc_column][\/vc_row][vc_row][vc_column][vc_column_text]\n<hr \/>\n<p>&nbsp;<\/p>\n<p>Joga Sutre su iskustva koja su napisana vrlo jasno i precizno. Joga Sutra je podeljena na 4 poglavlja:<\/p>\n<p>&nbsp;<\/p>\n<p>1. Ciljevi Joge ili <span style=\"color: #800080;\">SAMADHI PADA<\/span> su 51 sutre (niti) koje obja\u0161njavaju cilj koncentracije, psihosomatske prepreke i kako ih prevazi\u0107i.<\/p>\n<p>2. Praktikovanje Joge ili <span style=\"color: #800080;\">SADHANA PADA<\/span> ima 54 sutri koje obja\u0161njavaju prirodu i uzroke prepreka i kako ih prevazi\u0107i. Ovo poglavlje je zapravo namenjeno onima koji su na po\u010detku puta.<\/p>\n<p>3. Bo\u017eanske ili natprirodne sile ili <span style=\"color: #800080;\">VIBHUTI PADA<\/span> ima 56 sutri koje defini\u0161u vi\u0161u koncentraciju, sintezu predhodnih praktikovanja i rezultata, obja\u0161njavaju koncept vremena, kako primeniti najvi\u0161e iskustvo i rezultate koji opet dovode do perfekcije prepoznavanja.<\/p>\n<p>4. Osloba\u0111anje ili <span style=\"color: #800080;\">KAIVAILA PADA<\/span> je poglavlje od 33 sutri, govori o genezi o natprirodnih sila, promenama i njihovim uzrocima, obja\u0161njava formu vremena, povezanost sa izvorom i njegovu najvi\u0161u refleksiju.<em> KAIVAILA<\/em> ozna\u010dava <em>samo\u0107u<\/em> kao slobodu du\u0161e od zavezanog tela, uma, \u017eelja i ponosa na uspeh.<\/p>\n<p>&nbsp;<\/p>\n<p>Klasi\u010dna osmo-struka Patan\u0111alijeva Joga po\u010dinje <em>Sutrom 29<\/em>\u00a0 drugog i zavr\u0161ava se <em>Sutrom 4<\/em>\u00a0 tre\u0107eg poglavlja.<\/p>\n<p>Citirane Joga Sutre su moj li\u010dni prevod na na\u0161 jezik (ve\u0107inom) sa prevoda Joga Sutre Swamija Prabhavanananda and Christopher Isherwood-a iz knjige \u201e<em>Patanjali, Yoga Sutra<\/em>\u201c (Sri Ramakrishna Math, Chennai).<\/p>\n<p>Svi ostali tekstovi na ovoj knjizi-web stranici bazirani su na mojim li\u010dnim \u017eivotnim iskustvima, samo-studiranjem i studiranjem.<\/p>\n<p>&nbsp;<\/p>\n<p>Joga nije odvojena od \u017eivota.<\/p>\n[\/vc_column_text][\/vc_column][\/vc_row]\n","protected":false},"excerpt":{"rendered":"<p>[vc_row][vc_column][vc_column_text]<br \/>\nSPOZNAJ SEBE<\/p>\n<p>YOGA SUTRA<\/p>\n<p>[\/vc_column_text][\/vc_column][\/vc_row][vc_row][vc_column width=&#8221;1\/2&#8243;][vc_column_text]<br \/>\nSvi znamo da postoji jedna nauka koja prou\u010dava \u0161ta se de\u0161ava u na\u0161oj glavi. Ona se zove psihologija.<br \/>\nPsihi je gr\u010dka re\u010d i zna\u010di du\u0161a.<br \/>\n&nbsp;<br \/>\nSvaki Grk \u0107e u svom \u017eivotu ovu re\u010d ponoviti bezbroj puta ali \u0107e dodati i moja. Svaki put kada se u njihovim du\u0161ama pojavi (jo\u0161) dublje ose\u0107anje prema drugom \u017eivom bi\u0107u oni \u0107e se istom bi\u0107u obratiti sa &#8220;psihi mou&#8221;. Du\u0161o moja. Oni to ne &#8230;<\/p>\n","protected":false},"author":1,"featured_media":0,"parent":0,"menu_order":0,"comment_status":"closed","ping_status":"closed","template":"template-full-width.php","meta":{"_bbp_topic_count":0,"_bbp_reply_count":0,"_bbp_total_topic_count":0,"_bbp_total_reply_count":0,"_bbp_voice_count":0,"_bbp_anonymous_reply_count":0,"_bbp_topic_count_hidden":0,"_bbp_reply_count_hidden":0,"_bbp_forum_subforum_count":0,"inline_featured_image":false,"spay_email":""},"translation":{"provider":"WPGlobus","version":"3.0.1","language":"sr","enabled_languages":["en","de","sr"],"languages":{"en":{"title":true,"content":true,"excerpt":false},"de":{"title":true,"content":true,"excerpt":false},"sr":{"title":true,"content":true,"excerpt":false}}},"yoast_head":"<!-- This site is optimized with the Yoast SEO plugin v18.3 - https:\/\/yoast.com\/wordpress\/plugins\/seo\/ -->\n<title>Spoznaj sebe. Joga Sutra, detaljni vodi\u010d li\u010dne i kolektivne psihologije - Lepota promene<\/title>\n<meta name=\"description\" content=\"Spoznaj sebe. Joga Sutra je detaljni vodi\u010d koji po\u010dinje savetima o radu na li\u010dnoj i kolektivnoj psihologiji koji preko najuzvi\u0161enije li\u010dne filozofije...\" \/>\n<meta name=\"robots\" content=\"index, follow, max-snippet:-1, max-image-preview:large, max-video-preview:-1\" \/>\n<link rel=\"canonical\" href=\"https:\/\/yogajagat.com\/know-thyself-yoga-sutras-an-in-depth-guide-to-an-comfortable-life\/\" \/>\n<meta name=\"twitter:label1\" content=\"Est. reading time\" \/>\n\t<meta name=\"twitter:data1\" content=\"10 minutes\" \/>\n<script type=\"application\/ld+json\" class=\"yoast-schema-graph\">{\"@context\":\"https:\/\/schema.org\",\"@graph\":[{\"@type\":\"Organization\",\"@id\":\"https:\/\/yogajagat.com\/#organization\",\"name\":\"Yogajagat\",\"url\":\"https:\/\/yogajagat.com\/\",\"sameAs\":[],\"logo\":{\"@type\":\"ImageObject\",\"@id\":\"https:\/\/yogajagat.com\/#logo\",\"inLanguage\":\"sr\",\"url\":\"https:\/\/i1.wp.com\/yogajagat.com\/wp-content\/uploads\/2019\/03\/DSC08478-Kopie-1.jpg?fit=798%2C800&ssl=1\",\"contentUrl\":\"https:\/\/i1.wp.com\/yogajagat.com\/wp-content\/uploads\/2019\/03\/DSC08478-Kopie-1.jpg?fit=798%2C800&ssl=1\",\"width\":798,\"height\":800,\"caption\":\"Yogajagat\"},\"image\":{\"@id\":\"https:\/\/yogajagat.com\/#logo\"}},{\"@type\":\"WebSite\",\"@id\":\"https:\/\/yogajagat.com\/#website\",\"url\":\"https:\/\/yogajagat.com\/\",\"name\":\"Lepota promene\",\"description\":\"Neprestanom promenom do najlepseg zivotnog iskustva\",\"publisher\":{\"@id\":\"https:\/\/yogajagat.com\/#organization\"},\"potentialAction\":[{\"@type\":\"SearchAction\",\"target\":{\"@type\":\"EntryPoint\",\"urlTemplate\":\"https:\/\/yogajagat.com\/?s={search_term_string}\"},\"query-input\":\"required name=search_term_string\"}],\"inLanguage\":\"sr\"},{\"@type\":\"ImageObject\",\"@id\":\"https:\/\/yogajagat.com\/know-thyself-yoga-sutras-an-in-depth-guide-to-an-comfortable-life\/#primaryimage\",\"inLanguage\":\"sr\",\"url\":\"http:\/\/yogajagat.com\/wp-content\/uploads\/2020\/01\/DSC08477.jpg\",\"contentUrl\":\"http:\/\/yogajagat.com\/wp-content\/uploads\/2020\/01\/DSC08477.jpg\"},{\"@type\":\"WebPage\",\"@id\":\"https:\/\/yogajagat.com\/know-thyself-yoga-sutras-an-in-depth-guide-to-an-comfortable-life\/#webpage\",\"url\":\"https:\/\/yogajagat.com\/know-thyself-yoga-sutras-an-in-depth-guide-to-an-comfortable-life\/\",\"name\":\"Spoznaj sebe. Joga Sutra, detaljni vodi\u010d li\u010dne i kolektivne psihologije - Lepota promene\",\"isPartOf\":{\"@id\":\"https:\/\/yogajagat.com\/#website\"},\"primaryImageOfPage\":{\"@id\":\"https:\/\/yogajagat.com\/know-thyself-yoga-sutras-an-in-depth-guide-to-an-comfortable-life\/#primaryimage\"},\"datePublished\":\"2019-07-23T17:48:30+00:00\",\"dateModified\":\"2020-04-16T09:18:23+00:00\",\"description\":\"Spoznaj sebe. Joga Sutra je detaljni vodi\u010d koji po\u010dinje savetima o radu na li\u010dnoj i kolektivnoj psihologiji koji preko najuzvi\u0161enije li\u010dne filozofije...\",\"breadcrumb\":{\"@id\":\"https:\/\/yogajagat.com\/know-thyself-yoga-sutras-an-in-depth-guide-to-an-comfortable-life\/#breadcrumb\"},\"inLanguage\":\"sr\",\"potentialAction\":[{\"@type\":\"ReadAction\",\"target\":[\"https:\/\/yogajagat.com\/know-thyself-yoga-sutras-an-in-depth-guide-to-an-comfortable-life\/\"]}]},{\"@type\":\"BreadcrumbList\",\"@id\":\"https:\/\/yogajagat.com\/know-thyself-yoga-sutras-an-in-depth-guide-to-an-comfortable-life\/#breadcrumb\",\"itemListElement\":[{\"@type\":\"ListItem\",\"position\":1,\"name\":\"Home\",\"item\":\"https:\/\/yogajagat.com\/sr\/\"},{\"@type\":\"ListItem\",\"position\":2,\"name\":\"Know Thyself? Yoga Sutras, an In-Depth Guide to an Comfortable Life\"}]}]}<\/script>\n<!-- \/ Yoast SEO plugin. -->","yoast_head_json":{"title":"Spoznaj sebe. Joga Sutra, detaljni vodi\u010d li\u010dne i kolektivne psihologije - Lepota promene","description":"Spoznaj sebe. Joga Sutra je detaljni vodi\u010d koji po\u010dinje savetima o radu na li\u010dnoj i kolektivnoj psihologiji koji preko najuzvi\u0161enije li\u010dne filozofije...","robots":{"index":"index","follow":"follow","max-snippet":"max-snippet:-1","max-image-preview":"max-image-preview:large","max-video-preview":"max-video-preview:-1"},"canonical":"https:\/\/yogajagat.com\/know-thyself-yoga-sutras-an-in-depth-guide-to-an-comfortable-life\/","twitter_misc":{"Est. reading time":"10 minutes"},"schema":{"@context":"https:\/\/schema.org","@graph":[{"@type":"Organization","@id":"https:\/\/yogajagat.com\/#organization","name":"Yogajagat","url":"https:\/\/yogajagat.com\/","sameAs":[],"logo":{"@type":"ImageObject","@id":"https:\/\/yogajagat.com\/#logo","inLanguage":"sr","url":"https:\/\/i1.wp.com\/yogajagat.com\/wp-content\/uploads\/2019\/03\/DSC08478-Kopie-1.jpg?fit=798%2C800&ssl=1","contentUrl":"https:\/\/i1.wp.com\/yogajagat.com\/wp-content\/uploads\/2019\/03\/DSC08478-Kopie-1.jpg?fit=798%2C800&ssl=1","width":798,"height":800,"caption":"Yogajagat"},"image":{"@id":"https:\/\/yogajagat.com\/#logo"}},{"@type":"WebSite","@id":"https:\/\/yogajagat.com\/#website","url":"https:\/\/yogajagat.com\/","name":"Lepota promene","description":"Neprestanom promenom do najlepseg zivotnog iskustva","publisher":{"@id":"https:\/\/yogajagat.com\/#organization"},"potentialAction":[{"@type":"SearchAction","target":{"@type":"EntryPoint","urlTemplate":"https:\/\/yogajagat.com\/?s={search_term_string}"},"query-input":"required name=search_term_string"}],"inLanguage":"sr"},{"@type":"ImageObject","@id":"https:\/\/yogajagat.com\/know-thyself-yoga-sutras-an-in-depth-guide-to-an-comfortable-life\/#primaryimage","inLanguage":"sr","url":"http:\/\/yogajagat.com\/wp-content\/uploads\/2020\/01\/DSC08477.jpg","contentUrl":"http:\/\/yogajagat.com\/wp-content\/uploads\/2020\/01\/DSC08477.jpg"},{"@type":"WebPage","@id":"https:\/\/yogajagat.com\/know-thyself-yoga-sutras-an-in-depth-guide-to-an-comfortable-life\/#webpage","url":"https:\/\/yogajagat.com\/know-thyself-yoga-sutras-an-in-depth-guide-to-an-comfortable-life\/","name":"Spoznaj sebe. Joga Sutra, detaljni vodi\u010d li\u010dne i kolektivne psihologije - Lepota promene","isPartOf":{"@id":"https:\/\/yogajagat.com\/#website"},"primaryImageOfPage":{"@id":"https:\/\/yogajagat.com\/know-thyself-yoga-sutras-an-in-depth-guide-to-an-comfortable-life\/#primaryimage"},"datePublished":"2019-07-23T17:48:30+00:00","dateModified":"2020-04-16T09:18:23+00:00","description":"Spoznaj sebe. Joga Sutra je detaljni vodi\u010d koji po\u010dinje savetima o radu na li\u010dnoj i kolektivnoj psihologiji koji preko najuzvi\u0161enije li\u010dne filozofije...","breadcrumb":{"@id":"https:\/\/yogajagat.com\/know-thyself-yoga-sutras-an-in-depth-guide-to-an-comfortable-life\/#breadcrumb"},"inLanguage":"sr","potentialAction":[{"@type":"ReadAction","target":["https:\/\/yogajagat.com\/know-thyself-yoga-sutras-an-in-depth-guide-to-an-comfortable-life\/"]}]},{"@type":"BreadcrumbList","@id":"https:\/\/yogajagat.com\/know-thyself-yoga-sutras-an-in-depth-guide-to-an-comfortable-life\/#breadcrumb","itemListElement":[{"@type":"ListItem","position":1,"name":"Home","item":"https:\/\/yogajagat.com\/sr\/"},{"@type":"ListItem","position":2,"name":"Know Thyself? Yoga Sutras, an In-Depth Guide to an Comfortable Life"}]}]}},"_links":{"self":[{"href":"https:\/\/yogajagat.com\/sr\/wp-json\/wp\/v2\/pages\/3733"}],"collection":[{"href":"https:\/\/yogajagat.com\/sr\/wp-json\/wp\/v2\/pages"}],"about":[{"href":"https:\/\/yogajagat.com\/sr\/wp-json\/wp\/v2\/types\/page"}],"author":[{"embeddable":true,"href":"https:\/\/yogajagat.com\/sr\/wp-json\/wp\/v2\/users\/1"}],"replies":[{"embeddable":true,"href":"https:\/\/yogajagat.com\/sr\/wp-json\/wp\/v2\/comments?post=3733"}],"version-history":[{"count":13,"href":"https:\/\/yogajagat.com\/sr\/wp-json\/wp\/v2\/pages\/3733\/revisions"}],"predecessor-version":[{"id":5787,"href":"https:\/\/yogajagat.com\/sr\/wp-json\/wp\/v2\/pages\/3733\/revisions\/5787"}],"wp:attachment":[{"href":"https:\/\/yogajagat.com\/sr\/wp-json\/wp\/v2\/media?parent=3733"}],"curies":[{"name":"wp","href":"https:\/\/api.w.org\/{rel}","templated":true}]}}