{"id":3653,"date":"2019-07-17T21:11:26","date_gmt":"2019-07-17T20:11:26","guid":{"rendered":"http:\/\/yogajagat.com\/?page_id=3653"},"modified":"2020-04-12T22:24:19","modified_gmt":"2020-04-12T20:24:19","slug":"silence-and-self-enquiry","status":"publish","type":"page","link":"https:\/\/yogajagat.com\/sr\/tisina-covek-i-samospoznaja\/","title":{"rendered":"Ti\u0161ina, \u010dovek i samospoznaja"},"content":{"rendered":"[vc_row][vc_column][vc_column_text]\n<h3 style=\"text-align: center;\"><span style=\"color: #993300;\">\u010cOVEK, TI\u0160INA I SAMOSPOZNAJA<\/span><\/h3>\n<hr \/>\n<p>&nbsp;<\/p>\n<p>Tekst <em>Ti\u0161ina i samospoznaja<\/em> nastavak je teksta o tome ko je pored psa\u00a0<a href=\"https:\/\/yogajagat.com\/sr\/knjige-covekov-najbolji-prijatelj\/\"><span style=\"color: #993300;\">\u010dovekov najbolji prijatelj<\/span><\/a>\u00a0a oba su deo niza tekstova o tome kako \u010dovek mo\u017ee lako da obogati svoj \u017eivot <a href=\"https:\/\/yogajagat.com\/sr\/menjanje-navika-i-kreiranje-otmenosti\/\"><span style=\"color: #993300;\">menjanjem starih, ustajalih navika<\/span><\/a>.<\/p>\n<p>&nbsp;<\/p>\n<p>Postoje dva sveta- jedan u vama i jedan izvan vas.<\/p>\n<p>Prvi se zove mikrokosmos, drugi makrokosmos. Vi ste tako deo velikog kosmosa a \u017eivot nije ni\u0161ta drugo nego neprekidna igra izme\u0111u ova dva sveta.<\/p>\n<p>Ta igra je va\u0161 u\u010ditelj i, pored va\u0161eg psa, va\u0161 najbolji prijatelj.<\/p>\n<p>Ali, ako ne upoznate svoj unutra\u0161nji svet onda ni u\u010ditelja ne\u0107e biti. I tu onda nastaje velika zbrka.[\/vc_column_text][\/vc_column][\/vc_row][vc_row][vc_column][vc_column_text]<img loading=\"lazy\" class=\"aligncenter size-full wp-image-5289\" src=\"https:\/\/i2.wp.com\/yogajagat.com\/wp-content\/uploads\/2020\/02\/DSC03107-1024x768-1.jpg?resize=640%2C480\" alt=\"ti\u0161ina i samospoznaja\" width=\"640\" height=\"480\" srcset=\"https:\/\/i2.wp.com\/yogajagat.com\/wp-content\/uploads\/2020\/02\/DSC03107-1024x768-1.jpg?w=640&amp;ssl=1 640w, https:\/\/i2.wp.com\/yogajagat.com\/wp-content\/uploads\/2020\/02\/DSC03107-1024x768-1.jpg?resize=300%2C225&amp;ssl=1 300w\" sizes=\"(max-width: 640px) 100vw, 640px\" data-recalc-dims=\"1\" \/>[\/vc_column_text][\/vc_column][\/vc_row][vc_row][vc_column][vc_custom_heading text=&#8221;Sakupljanje strpljenja&#8221; font_container=&#8221;tag:h2|text_align:center|color:%231ba2b7&#8243; google_fonts=&#8221;font_family:Ubuntu%3A300%2C300italic%2Cregular%2Citalic%2C500%2C500italic%2C700%2C700italic|font_style:300%20light%20italic%3A300%3Aitalic&#8221;][\/vc_column][\/vc_row][vc_row][vc_column][vc_column_text]\n<hr \/>\n<p>&nbsp;<\/p>\n<p>U ti\u0161ini \u010dovek nau\u010di \u0161ta je to strpljenje.<\/p>\n<p>Kada sakupite dovoljno strpljenja onda mo\u017eete po\u010deti da posmatrate svoj sopstveni um i duh, i da prou\u010davate izvor svojih sopstvenih misli, ne izvor tu\u0111ih misli. Jedan \u010dovek ne mo\u017ee da prou\u010dava izvor tu\u0111ih misli.<\/p>\n<p>Kako mo\u017eete znati da li drugi pri\u010da istinu kada se \u017eali ili kada pri\u010da?<\/p>\n<p>Otkud znate koji izvor pokre\u0107e misli drugog \u010doveka? Jesu li to kompleksi, strahovi, potisnuta mr\u017enja? Da li, onda, vi dobrovoljno sara\u0111ujete na tome?<\/p>\n<p>I da li je ono \u0161to pri\u010da zaista ono \u0161to misli?<\/p>\n<p>Izgleda da je to samo tro\u0161enje vremena, to besmisleno analiziranje tu\u0111ih pri\u010danja, posebno obi\u010dnih, dosadnih \u0107askanja.<\/p>\n<p>&nbsp;<\/p>\n<p>Zna\u010di, da biste uradili zaista ne\u0161to za va\u0161e dobro, prou\u010davajte va\u0161e sopstvene re\u010di i njihove izvore radije nego ono \u0161to se \u010duli na \u0107askanjima na kafici.<\/p>\n<p>U ti\u0161ini mo\u017eete putovati kroz va\u0161a sopstvena dela, jer, nikada nije ni bilo va\u017eno, ustvari, \u0161ta su drugi u\u010dinili i \u010dine, nego \u0161ta vi \u010dinite. U ti\u0161ini mo\u017eda na\u0111ete <em>delo dana<\/em>, i njegov<em> izvor.<\/em><\/p>\n<p>&nbsp;<\/p>\n<p>U ti\u0161ini mo\u017eete prou\u010davati va\u0161e strahove i njihove refleksije. Njih ima mnogo. Va\u0161 pas ne zna da ima strahove. Vi znate, ali, vi ne znate \u0161ta znate. To je ono \u0161to vam donosi muku. Zbog toga se pored psa ose\u0107ate dobro. On \u0107uti, \u010deka na vas i nema predstavu o problemima koje ste vi kreirali u sopstvenoj glavi.<\/p>\n<p><em>&#8211; Da li zaista za na\u0161 nesre\u0107an i neispunjen \u017eivot treba da krivimo samo na\u0161u vladu, politiku, na\u0161u sestru, na\u0161eg brata, na\u0161e roditelje, gazde, kom\u0161ije ili druge pojedince?<\/em><\/p>\n<p><em>Ne. Kriva je tama na\u0161eg neznanja.<\/em><\/p>\n<p><em>&#8211; Da li mo\u017eemo da promenimo druge?<\/em><\/p>\n<p><em>Ne. Samo nas same.<\/em><\/p>\n<p><em>&#8211; Da li je preuzimanje odgovornosti za sopstveni \u017eivot izazov?<\/em><\/p>\n<p><em>Jeste, to je ogroman izazov. Ali i jedini pravi put da jednom kona\u010dno otopimo na\u0161 zamrznuti \u017eivot. Ipak smo mi daleko od mentaliteta ledenog doba.<\/em><\/p>\n<p>&nbsp;<\/p>\n<p>Suo\u010davanje strahova otvara vrata uma. Jedna po jedna.<\/p>\n<p>Vrata se mogu otvortiti samo u tihovanju bez publike a ne na pozornici. Ti\u0161ina i samospoznaja ra\u0111aju novu svetlost identi\u010dne frekvencije.<\/p>\n<p>&nbsp;<\/p>\n[\/vc_column_text][\/vc_column][\/vc_row][vc_row][vc_column][vc_custom_heading text=&#8221;\u0160ta se \u010doveku de\u0161ava kada \u0107uti&#8221; font_container=&#8221;tag:h2|text_align:center|color:%231ba2b7&#8243; google_fonts=&#8221;font_family:Ubuntu%3A300%2C300italic%2Cregular%2Citalic%2C500%2C500italic%2C700%2C700italic|font_style:300%20light%20italic%3A300%3Aitalic&#8221;][\/vc_column][\/vc_row][vc_row][vc_column][vc_column_text]\n<hr \/>\n<p>&nbsp;<\/p>\n<p>\u010covek nije samo obi\u010dna reproduktivna ma\u0161ina. Takav \u017eivot bio bi vrlo jednostavan, mo\u017eda sre\u0107niji. Ne znamo.<\/p>\n<p>Mi nismo ptice i mi ne znamo da li su ptice sre\u0107ne zato \u0161to su ptice ili nisu. Ljudski um je vrlo mo\u0107an i ima svoje vizije i snove. Mozak psa tako\u0111e sanja. Da li pas u snu ili na javi mo\u017ee da vidi vanzemaljce, ne znamo.<\/p>\n<p>&nbsp;<\/p>\n<p>Ali mi ljudi imamo vrlo slo\u017een\u00a0mozak koji ima snove i vizije. Oni nam neprekidno \u0161alju poruke i signale. Nevolja je \u0161to su mnogi uspavani i te poruke ih tako i ne doti\u010du.<\/p>\n<p>Za one koji imaju vi\u0161e dara za duhovno nego za materijalno, vredi posvetiti neko vreme u dekodiranju sopstvenih vizija i snova. Budite tu pa\u017eljivi jer identifikacijom sa izmi\u0161ljenim stvarima \u010dovek mo\u017ee vrlo lako da upadne u klopku. I tako je igra zavr\u0161ena, sa tragi\u010dnim krajem i sa jo\u0161 tragi\u010dnijim novim po\u010detkom.<\/p>\n<p>Nekima \u0107e ipak uspeti da prepoznaju, da uspostave kontakt sa sopstvenim vizijama i da ih dekodiraju. Mnogima to ne\u0107e uspeti za \u017eivota.<\/p>\n<p>I jedno i drugo je sasvim u redu.<\/p>\n<p>Bitno je da \u010dovek radi na svojoj li\u010dnoj duhovnosti ili samospoznaji a ne na problemima drugih ljudi. Akcija kao rad na tudjim problemima je laka jer ne zahteva nikakav trud. Beg je uvek lak izbor.<\/p>\n[\/vc_column_text][\/vc_column][\/vc_row][vc_row][vc_column][vc_custom_heading text=&#8221;Postavljaju se neka pitanja&#8221; font_container=&#8221;tag:h2|text_align:center|color:%231ba2b7&#8243; google_fonts=&#8221;font_family:Ubuntu%3A300%2C300italic%2Cregular%2Citalic%2C500%2C500italic%2C700%2C700italic|font_style:300%20light%20italic%3A300%3Aitalic&#8221;][\/vc_column][\/vc_row][vc_row][vc_column][vc_column_text]\n<hr \/>\n<p>&nbsp;<\/p>\n<p><em>Ko sam ja? \u00a0 <img loading=\"lazy\" class=\"alignright size-medium wp-image-5220\" src=\"https:\/\/i2.wp.com\/yogajagat.com\/wp-content\/uploads\/2020\/02\/258253_10150214199692512_6047674_o-300x210.jpg?resize=300%2C210\" alt=\"ti\u0161ina\" width=\"300\" height=\"210\" srcset=\"https:\/\/i2.wp.com\/yogajagat.com\/wp-content\/uploads\/2020\/02\/258253_10150214199692512_6047674_o.jpg?resize=300%2C210&amp;ssl=1 300w, https:\/\/i2.wp.com\/yogajagat.com\/wp-content\/uploads\/2020\/02\/258253_10150214199692512_6047674_o.jpg?resize=1024%2C718&amp;ssl=1 1024w, https:\/\/i2.wp.com\/yogajagat.com\/wp-content\/uploads\/2020\/02\/258253_10150214199692512_6047674_o.jpg?resize=768%2C539&amp;ssl=1 768w, https:\/\/i2.wp.com\/yogajagat.com\/wp-content\/uploads\/2020\/02\/258253_10150214199692512_6047674_o.jpg?w=1158&amp;ssl=1 1158w\" sizes=\"(max-width: 300px) 100vw, 300px\" data-recalc-dims=\"1\" \/><\/em><\/p>\n<p><em>Zbog \u010dega sam do\u0161ao ovde?<\/em><\/p>\n<p><em>\u0160ta je smisao mog postojanja?<\/em><\/p>\n<p>&nbsp;<\/p>\n<p>&nbsp;<\/p>\n<p>&nbsp;<\/p>\n<p>\u017divot mora da je ne\u0161to vi\u0161e nego \u010disto gun\u0111anje, po\u017euda za nemogu\u0107im stvarima, \u0161tednja novca, emocija i ljubavi ili pla\u0107anje terapija.<\/p>\n<p>&nbsp;<\/p>\n<p>Ako ulo\u017eite samo malo vremena u praktikovanje bilo kojih od stvari o kojima ova <a href=\"https:\/\/yogajagat.com\/sr\/\"><span style=\"color: #993300;\">web stranica<\/span><\/a> govori, va\u0161 \u0107e ceo \u017eivot (<em>sadhana<\/em>, jogi\u010dki naziv za praktikovanje) prirodno postati samospoznaja.[\/vc_column_text][\/vc_column][\/vc_row][vc_row][vc_column][vc_custom_heading text=&#8221;Ti\u0161ina, \u010dovekov najbolji prijatelj pored psa i knjiga&#8221; font_container=&#8221;tag:h2|text_align:center|color:%231ba2b7&#8243; google_fonts=&#8221;font_family:Ubuntu%3A300%2C300italic%2Cregular%2Citalic%2C500%2C500italic%2C700%2C700italic|font_style:300%20light%20italic%3A300%3Aitalic&#8221;][\/vc_column][\/vc_row][vc_row][vc_column][vc_column_text]\n<hr \/>\n<p>&nbsp;<\/p>\n<p>Ljudski um je nemirna materija.<\/p>\n<p>Ti\u0161ina vrlo uspe\u0161no mo\u017ee da ukroti tu zbrkanu stvar. Zato se treba odvojiti od bu\u010dnih glava. I pribli\u017eiti pravim vrednostima sopstvenog, jednog, jedinog \u017eivota sada, a ne sutra.<\/p>\n<p>&nbsp;<\/p>\n<p>Ako neko ima sna\u017enu volju da deprogramira stare \u0161eme u svom umu njegova uro\u0111ena mudrost \u0107e brzo procvetati.<\/p>\n<p>\u010covek mo\u017ee sagledati istinu samo kada je um miran.<\/p>\n<p>Tako su govorili i govore <a href=\"https:\/\/yogajagat.com\/sr\/spoznaj-sebe-joga-sutra-detaljni-vodic\/\"><span style=\"color: #800080;\">Joga Sutra<\/span><\/a>, Gur\u0111ijev i mnogi drugi filozofi i mistici. A isto ponavljaju i moderni govornici. Vrednosti \u017eivota se nikada nisu i ne\u0107e promeniti.<\/p>\n<p>Posedovanjem stotine puta vi\u0161e stvari nego \u0161to je \u010doveku zaista potrebno, samo zablude, izgubljenost, zbunjenost, nezadovoljstvo, <a href=\"https:\/\/yogajagat.com\/sr\/zudnja-i-tiha-smirena-sreca\/\"><span style=\"color: #993300;\">\u017eudnja i po\u017euda<\/span><\/a> za jo\u0161 vi\u0161e a tako i nerazumevanje rastu. A vrednost \u017eivota je uvek bila i osta\u0107e nesebi\u010dna ljubav i spokoj du\u0161e.<\/p>\n<p>Ti\u0161ina i samospoznaja pune du\u0161u.<\/p>\n<p>Zato, prihvatite rizik, u\u0107utite, <span style=\"color: #ff9900;\"><a style=\"color: #ff9900;\" href=\"https:\/\/yogajagat.com\/sr\/prociscavanje-duha-i-srca\/\">pro\u010distite duh i srce,<\/a><\/span> reflektujte svoje misli i emocije, \u010dak i <span style=\"color: #800080;\"><a style=\"color: #800080;\" href=\"https:\/\/yogajagat.com\/sr\/knjige-covekov-najbolji-prijatelj\/\">\u010ditaju\u0107i<\/a>,<\/span> svoje re\u010di i dela a ne reklamirajte<span style=\"color: #008080;\"> <a style=\"color: #008080;\" href=\"https:\/\/yogajagat.com\/sr\/iskrenost-istinitost-istina\/\">neistinu<\/a><\/span> jer tako ne\u0107ete pomo\u0107i ni svojoj ni drugoj du\u0161i.<\/p>\n[\/vc_column_text][\/vc_column][\/vc_row]\n","protected":false},"excerpt":{"rendered":"<p>[vc_row][vc_column][vc_column_text]<br \/>\n\u010cOVEK, TI\u0160INA I SAMOSPOZNAJA<\/p>\n<p>&nbsp;<br \/>\nTekst Ti\u0161ina i samospoznaja nastavak je teksta o tome ko je pored psa\u00a0\u010dovekov najbolji prijatelj\u00a0a oba su deo niza tekstova o tome kako \u010dovek mo\u017ee lako da obogati svoj \u017eivot menjanjem starih, ustajalih navika.<br \/>\n&nbsp;<br \/>\nPostoje dva sveta- jedan u vama i jedan izvan vas.<br \/>\nPrvi se zove mikrokosmos, drugi makrokosmos. Vi ste tako deo velikog kosmosa a \u017eivot nije ni\u0161ta drugo nego neprekidna igra izme\u0111u ova dva sveta.<br \/>\nTa igra je va\u0161 &#8230;<\/p>\n","protected":false},"author":1,"featured_media":0,"parent":0,"menu_order":0,"comment_status":"closed","ping_status":"closed","template":"template-full-width.php","meta":{"_bbp_topic_count":0,"_bbp_reply_count":0,"_bbp_total_topic_count":0,"_bbp_total_reply_count":0,"_bbp_voice_count":0,"_bbp_anonymous_reply_count":0,"_bbp_topic_count_hidden":0,"_bbp_reply_count_hidden":0,"_bbp_forum_subforum_count":0,"inline_featured_image":false,"spay_email":""},"translation":{"provider":"WPGlobus","version":"3.0.1","language":"sr","enabled_languages":["en","de","sr"],"languages":{"en":{"title":true,"content":true,"excerpt":false},"de":{"title":true,"content":true,"excerpt":false},"sr":{"title":true,"content":true,"excerpt":false}}},"yoast_head":"<!-- This site is optimized with the Yoast SEO plugin v18.3 - https:\/\/yoast.com\/wordpress\/plugins\/seo\/ -->\n<title>Ti\u0161ina, \u010dovek i samospoznaja - Lepota promene<\/title>\n<meta name=\"description\" content=\"Ti\u0161ina i samospoznaja ra\u0111aju novu svetlost identi\u010dne frekvencije. Prou\u010davanje sopstvenih misli i njihovog izvora u ti\u0161ini. Kako postati strpljiv, i spa\u0161en.\" \/>\n<meta name=\"robots\" content=\"index, follow, max-snippet:-1, max-image-preview:large, max-video-preview:-1\" \/>\n<link rel=\"canonical\" href=\"https:\/\/yogajagat.com\/sr\/tisina-covek-i-samospoznaja\/\" \/>\n<meta name=\"twitter:label1\" content=\"Est. reading time\" \/>\n\t<meta name=\"twitter:data1\" content=\"13 minutes\" \/>\n<script type=\"application\/ld+json\" class=\"yoast-schema-graph\">{\"@context\":\"https:\/\/schema.org\",\"@graph\":[{\"@type\":\"Organization\",\"@id\":\"https:\/\/yogajagat.com\/#organization\",\"name\":\"Yogajagat\",\"url\":\"https:\/\/yogajagat.com\/\",\"sameAs\":[],\"logo\":{\"@type\":\"ImageObject\",\"@id\":\"https:\/\/yogajagat.com\/#logo\",\"inLanguage\":\"sr\",\"url\":\"https:\/\/i1.wp.com\/yogajagat.com\/wp-content\/uploads\/2019\/03\/DSC08478-Kopie-1.jpg?fit=798%2C800&ssl=1\",\"contentUrl\":\"https:\/\/i1.wp.com\/yogajagat.com\/wp-content\/uploads\/2019\/03\/DSC08478-Kopie-1.jpg?fit=798%2C800&ssl=1\",\"width\":798,\"height\":800,\"caption\":\"Yogajagat\"},\"image\":{\"@id\":\"https:\/\/yogajagat.com\/#logo\"}},{\"@type\":\"WebSite\",\"@id\":\"https:\/\/yogajagat.com\/#website\",\"url\":\"https:\/\/yogajagat.com\/\",\"name\":\"Lepota promene\",\"description\":\"Neprestanom promenom do najlepseg zivotnog iskustva\",\"publisher\":{\"@id\":\"https:\/\/yogajagat.com\/#organization\"},\"potentialAction\":[{\"@type\":\"SearchAction\",\"target\":{\"@type\":\"EntryPoint\",\"urlTemplate\":\"https:\/\/yogajagat.com\/?s={search_term_string}\"},\"query-input\":\"required name=search_term_string\"}],\"inLanguage\":\"sr\"},{\"@type\":\"ImageObject\",\"@id\":\"https:\/\/yogajagat.com\/sr\/tisina-covek-i-samospoznaja\/#primaryimage\",\"inLanguage\":\"sr\",\"url\":\"http:\/\/yogajagat.com\/wp-content\/uploads\/2019\/10\/DSC00880-1024x362.jpg\",\"contentUrl\":\"http:\/\/yogajagat.com\/wp-content\/uploads\/2019\/10\/DSC00880-1024x362.jpg\"},{\"@type\":\"WebPage\",\"@id\":\"https:\/\/yogajagat.com\/sr\/tisina-covek-i-samospoznaja\/#webpage\",\"url\":\"https:\/\/yogajagat.com\/sr\/tisina-covek-i-samospoznaja\/\",\"name\":\"Ti\u0161ina, \u010dovek i samospoznaja - Lepota promene\",\"isPartOf\":{\"@id\":\"https:\/\/yogajagat.com\/#website\"},\"primaryImageOfPage\":{\"@id\":\"https:\/\/yogajagat.com\/sr\/tisina-covek-i-samospoznaja\/#primaryimage\"},\"datePublished\":\"2019-07-17T20:11:26+00:00\",\"dateModified\":\"2020-04-12T20:24:19+00:00\",\"description\":\"Ti\u0161ina i samospoznaja ra\u0111aju novu svetlost identi\u010dne frekvencije. Prou\u010davanje sopstvenih misli i njihovog izvora u ti\u0161ini. Kako postati strpljiv, i spa\u0161en.\",\"breadcrumb\":{\"@id\":\"https:\/\/yogajagat.com\/sr\/tisina-covek-i-samospoznaja\/#breadcrumb\"},\"inLanguage\":\"sr\",\"potentialAction\":[{\"@type\":\"ReadAction\",\"target\":[\"https:\/\/yogajagat.com\/sr\/tisina-covek-i-samospoznaja\/\"]}]},{\"@type\":\"BreadcrumbList\",\"@id\":\"https:\/\/yogajagat.com\/sr\/tisina-covek-i-samospoznaja\/#breadcrumb\",\"itemListElement\":[{\"@type\":\"ListItem\",\"position\":1,\"name\":\"Home\",\"item\":\"https:\/\/yogajagat.com\/sr\/\"},{\"@type\":\"ListItem\",\"position\":2,\"name\":\"Ti\u0161ina, \u010dovek i samospoznaja\"}]}]}<\/script>\n<!-- \/ Yoast SEO plugin. -->","yoast_head_json":{"title":"Ti\u0161ina, \u010dovek i samospoznaja - Lepota promene","description":"Ti\u0161ina i samospoznaja ra\u0111aju novu svetlost identi\u010dne frekvencije. Prou\u010davanje sopstvenih misli i njihovog izvora u ti\u0161ini. Kako postati strpljiv, i spa\u0161en.","robots":{"index":"index","follow":"follow","max-snippet":"max-snippet:-1","max-image-preview":"max-image-preview:large","max-video-preview":"max-video-preview:-1"},"canonical":"https:\/\/yogajagat.com\/sr\/tisina-covek-i-samospoznaja\/","twitter_misc":{"Est. reading time":"13 minutes"},"schema":{"@context":"https:\/\/schema.org","@graph":[{"@type":"Organization","@id":"https:\/\/yogajagat.com\/#organization","name":"Yogajagat","url":"https:\/\/yogajagat.com\/","sameAs":[],"logo":{"@type":"ImageObject","@id":"https:\/\/yogajagat.com\/#logo","inLanguage":"sr","url":"https:\/\/i1.wp.com\/yogajagat.com\/wp-content\/uploads\/2019\/03\/DSC08478-Kopie-1.jpg?fit=798%2C800&ssl=1","contentUrl":"https:\/\/i1.wp.com\/yogajagat.com\/wp-content\/uploads\/2019\/03\/DSC08478-Kopie-1.jpg?fit=798%2C800&ssl=1","width":798,"height":800,"caption":"Yogajagat"},"image":{"@id":"https:\/\/yogajagat.com\/#logo"}},{"@type":"WebSite","@id":"https:\/\/yogajagat.com\/#website","url":"https:\/\/yogajagat.com\/","name":"Lepota promene","description":"Neprestanom promenom do najlepseg zivotnog iskustva","publisher":{"@id":"https:\/\/yogajagat.com\/#organization"},"potentialAction":[{"@type":"SearchAction","target":{"@type":"EntryPoint","urlTemplate":"https:\/\/yogajagat.com\/?s={search_term_string}"},"query-input":"required name=search_term_string"}],"inLanguage":"sr"},{"@type":"ImageObject","@id":"https:\/\/yogajagat.com\/sr\/tisina-covek-i-samospoznaja\/#primaryimage","inLanguage":"sr","url":"http:\/\/yogajagat.com\/wp-content\/uploads\/2019\/10\/DSC00880-1024x362.jpg","contentUrl":"http:\/\/yogajagat.com\/wp-content\/uploads\/2019\/10\/DSC00880-1024x362.jpg"},{"@type":"WebPage","@id":"https:\/\/yogajagat.com\/sr\/tisina-covek-i-samospoznaja\/#webpage","url":"https:\/\/yogajagat.com\/sr\/tisina-covek-i-samospoznaja\/","name":"Ti\u0161ina, \u010dovek i samospoznaja - Lepota promene","isPartOf":{"@id":"https:\/\/yogajagat.com\/#website"},"primaryImageOfPage":{"@id":"https:\/\/yogajagat.com\/sr\/tisina-covek-i-samospoznaja\/#primaryimage"},"datePublished":"2019-07-17T20:11:26+00:00","dateModified":"2020-04-12T20:24:19+00:00","description":"Ti\u0161ina i samospoznaja ra\u0111aju novu svetlost identi\u010dne frekvencije. Prou\u010davanje sopstvenih misli i njihovog izvora u ti\u0161ini. Kako postati strpljiv, i spa\u0161en.","breadcrumb":{"@id":"https:\/\/yogajagat.com\/sr\/tisina-covek-i-samospoznaja\/#breadcrumb"},"inLanguage":"sr","potentialAction":[{"@type":"ReadAction","target":["https:\/\/yogajagat.com\/sr\/tisina-covek-i-samospoznaja\/"]}]},{"@type":"BreadcrumbList","@id":"https:\/\/yogajagat.com\/sr\/tisina-covek-i-samospoznaja\/#breadcrumb","itemListElement":[{"@type":"ListItem","position":1,"name":"Home","item":"https:\/\/yogajagat.com\/sr\/"},{"@type":"ListItem","position":2,"name":"Ti\u0161ina, \u010dovek i samospoznaja"}]}]}},"_links":{"self":[{"href":"https:\/\/yogajagat.com\/sr\/wp-json\/wp\/v2\/pages\/3653"}],"collection":[{"href":"https:\/\/yogajagat.com\/sr\/wp-json\/wp\/v2\/pages"}],"about":[{"href":"https:\/\/yogajagat.com\/sr\/wp-json\/wp\/v2\/types\/page"}],"author":[{"embeddable":true,"href":"https:\/\/yogajagat.com\/sr\/wp-json\/wp\/v2\/users\/1"}],"replies":[{"embeddable":true,"href":"https:\/\/yogajagat.com\/sr\/wp-json\/wp\/v2\/comments?post=3653"}],"version-history":[{"count":14,"href":"https:\/\/yogajagat.com\/sr\/wp-json\/wp\/v2\/pages\/3653\/revisions"}],"predecessor-version":[{"id":5773,"href":"https:\/\/yogajagat.com\/sr\/wp-json\/wp\/v2\/pages\/3653\/revisions\/5773"}],"wp:attachment":[{"href":"https:\/\/yogajagat.com\/sr\/wp-json\/wp\/v2\/media?parent=3653"}],"curies":[{"name":"wp","href":"https:\/\/api.w.org\/{rel}","templated":true}]}}