{"id":3458,"date":"2019-05-15T00:38:36","date_gmt":"2019-05-14T23:38:36","guid":{"rendered":"http:\/\/yogajagat.com\/?page_id=3458"},"modified":"2020-04-09T00:39:30","modified_gmt":"2020-04-08T22:39:30","slug":"why-to-practice-yoga-at-all","status":"publish","type":"page","link":"https:\/\/yogajagat.com\/sr\/praktikovanje-joge-u-svakodnevnom-zivotu-i-njene-koristi\/","title":{"rendered":"Praktikovanje Joge i njene koristi"},"content":{"rendered":"[vc_row][vc_column][vc_column_text]\n<h4 style=\"text-align: center;\"><span style=\"color: #800080;\">ZA\u0160TO UOP\u0160TE DA PRAKTIKUJEM JOGU<\/span><\/h4>\n<h3 style=\"text-align: center;\"><span style=\"color: #993300;\">KORISTI PRAKTIKOVANJA JOGE U SVAKODNEVNOM \u017dIVOTU<\/span><\/h3>\n<hr \/>\n<p>&nbsp;<\/p>\n<p>\u017divimo u sme\u0161nim vekovima Joge i ja potpuno razumem sve ironi\u010dne ljude na ra\u010dun joge, sve \u0161ale i pitanja <em>za\u0161to uop\u0161te da praktikujem jogu<\/em>.<\/p>\n<p>Ukoliko se praktikuje sa inteligencijim, potpunom iskreno\u0161\u0107u, znanjem i otvorenim srcem, praktikovanje <a href=\"https:\/\/yogajagat.com\/sr\/hatha-joga-tehnike-patandjali\/\"><span style=\"color: #993300;\">Hatha<\/span><\/a> ili <a href=\"https:\/\/yogajagat.com\/sr\/zivotni-putevi\/\"><span style=\"color: #800080;\">bilo koje druge<\/span><\/a> Joge \u0107e svakom pojedincu biti od neizmerne koristi u svakodnevnom \u017eivotu.[\/vc_column_text][\/vc_column][\/vc_row][vc_row][vc_column][vc_custom_heading text=&#8221;Koncentracija&#8221; font_container=&#8221;tag:h2|text_align:center|color:%231ba2b7&#8243; google_fonts=&#8221;font_family:Ubuntu%3A300%2C300italic%2Cregular%2Citalic%2C500%2C500italic%2C700%2C700italic|font_style:300%20light%20italic%3A300%3Aitalic&#8221;][\/vc_column][\/vc_row][vc_row][vc_column][vc_column_text]\n<hr \/>\n<p>&nbsp;<\/p>\n<p>Kad je nema, i nama i drugima \u010dini \u017eivot mnogo komplikovanijim i napornijim.<\/p>\n<p>Kada smo bolje koncentrisani prime\u0107ujemo da smo u su\u0161tini mnogo inteligentniji nego \u0161to mislimo i pona\u0161amo se.<\/p>\n<p>Bolja koncentracija razvija samopouzdanje i sposobnost da oslu\u0161kujemo sopstvene unutra\u0161nje glasove i da na njih reagujemo umesto da neprestano dozvoljavamo sebi da drugi kontroli\u0161u na\u0161e misli i reakcije.<\/p>\n<p>Praktikovanje Hatha ili bilo koje druge Joge sa puno strpljenja i unutra\u0161nje predanosti razvija na\u0161u koncentraciju.<\/p>\n<p>Oni koji ve\u017ebaju ili bolje &#8220;rade&#8221; polo\u017eaje joge vo\u0111eni tu\u017enom \u017eudnjom za zgodnim mi\u0161i\u0107ima ili 365 selfija godi\u0161nje, ne\u0107e razviti koncentraciju. Umesto toga, oni \u0107e nastaviti da \u017eive \u017eivot prepun komplikacija.<\/p>\n<p>Koristi praktikovanja joge u svakodnevnom \u017eivotu o kojima ovde pri\u010damo, tako ipak ne treba shvatiti kao kona\u010dnu definiciju.<\/p>\n[\/vc_column_text][\/vc_column][\/vc_row][vc_row][vc_column][vc_custom_heading text=&#8221;Ume\u0107e razlikovanja&#8221; font_container=&#8221;tag:h2|text_align:center|color:%231ba2b7&#8243; google_fonts=&#8221;font_family:Ubuntu%3A300%2C300italic%2Cregular%2Citalic%2C500%2C500italic%2C700%2C700italic|font_style:300%20light%20italic%3A300%3Aitalic&#8221;][\/vc_column][\/vc_row][vc_row][vc_column][vc_column_text]\n<hr \/>\n<p>&nbsp;<\/p>\n<p>Svaki \u010dovek ima neki svoj &#8220;stav&#8221;, svoje mi\u0161ljenje, svoj uvid u &#8220;stanje stvari&#8221;.<\/p>\n<p>Ljudi \u0107e vam tako ponekad dugo i op\u0161irno pri\u010dati o sebi ili drugima, o raznim \u010dinjenicama ili teorijama. Neki \u0107e biti \u010dak vrlo samoube\u0111eni <a href=\"https:\/\/yogajagat.com\/sr\/transcendentno-znanje-vrhovno-znanje-sveznanje\/\"><span style=\"color: #993300;\">sve-znalci<\/span><\/a>.<\/p>\n<p>Oni koji slu\u0161aju, pak, \u010desto se prosto izgube u mno\u0161tvu podataka o prirodi stvari.<\/p>\n<p>&nbsp;<\/p>\n<p>Stare tehnike Hatha kao i drugih Joga, znaju kako \u010dovek mo\u017ee da dovede svoj a ne tu\u0111i um do najvi\u0161e istan\u010danosti.<\/p>\n<p>Iskreno praktikovanje tih tehnika i sa otvorenim srcem mo\u017ee nam pomo\u0107i da postanemo pravi umetnici u sposobnosti<em> pravljenja razlike.<\/em> Kada se um izo\u0161tri tada mo\u017ee samostalno, a ne uz nametljivo me\u0161anje drugih, da donosi prave odluke a ne uvek iznova pogre\u0161ne.<\/p>\n<p>Majstor ovih sposobnosti vidi stvari u njihovoj prirodnoj pojavi i bez kulisa. Tako i sam reaguje sasvim prirodno pri tom po\u0161tuju\u0107i i sebe i sva ostala bi\u0107a.<\/p>\n<p>Ne treba da se izbegavate o\u0161tre umove ve\u0107 da ih iskoristite za va\u0161e dobro.<\/p>\n[\/vc_column_text][\/vc_column][\/vc_row][vc_row][vc_column][vc_custom_heading text=&#8221;Osloba\u0111anje iz emotivnog zatvora&#8221; font_container=&#8221;tag:h2|text_align:center|color:%231ba2b7&#8243; google_fonts=&#8221;font_family:Ubuntu%3A300%2C300italic%2Cregular%2Citalic%2C500%2C500italic%2C700%2C700italic|font_style:300%20light%20italic%3A300%3Aitalic&#8221;][\/vc_column][\/vc_row][vc_row][vc_column][vc_column_text]\n<hr \/>\n<p>&nbsp;<\/p>\n<p>Mnogi ljudi raspola\u017eu ogromnom \u017eeljom i isrpljuju\u0107om po\u017eudom da budu prvi, na vrhu, i ako je mogu\u0107e tamo zauvek i ostanu, jedini.<\/p>\n<p>&nbsp;<\/p>\n<p>Praktikovanje Hatha Joge kao i bilo koje druge vrste Joge, sa punim razumevanjem da svaki \u010dovek na kraju bude ta\u010dno ono \u0161to jeste, i da stigne ta\u010dno tamo gde treba i da bude, poma\u017ee nam da iza\u0111emo iz tog sumornog emocionalnog ropstva. A tako i iz zatvora svemu materijalnom i onom \u0161to nas \u010dini nesre\u0107nim, ili bolje nezadovoljnim, jer zadovoljstvo je podloga za sre\u0107u.<\/p>\n[\/vc_column_text][\/vc_column][\/vc_row][vc_row][vc_column][vc_custom_heading text=&#8221;Letting go, ili ostavljanje svega iza&#8221; font_container=&#8221;tag:h2|text_align:center|color:%231ba2b7&#8243; google_fonts=&#8221;font_family:Ubuntu%3A300%2C300italic%2Cregular%2Citalic%2C500%2C500italic%2C700%2C700italic|font_style:300%20light%20italic%3A300%3Aitalic&#8221;][\/vc_column][\/vc_row][vc_row][vc_column][vc_column_text]\n<hr \/>\n<p>&nbsp;<\/p>\n<p>Kada se Hatha ili bilo koja druga Joga praktikuje sa ne\u017eno\u0161\u0107u, onda nas ona u\u010di da se re\u0161avamo svega onoga \u0161to nas ne \u010dini zadovoljnim i sre\u0107nim.<\/p>\n<p>Ljudi koji se odlu\u010dno re\u0161avaju starih \u0161ablona i prihvataju novo, sigurno \u0107e prose\u010dnim ljudima izgledati &#8220;hladno&#8221; i bezose\u0107ajno.<\/p>\n<p>&nbsp;<\/p>\n<p>Praktikujte Hatha, ili bilo koju drugu Jogu punim plu\u0107ima i otvorenim srcem. I bi\u0107ete mnogo ja\u010di da prihvatite nove slobode i re\u0161ite se starih robija. Va\u0161a strast vas, naprotiv, ne\u0107e napustiti.<\/p>\n<p>&nbsp;<\/p>\n<p>Strast, a sloboda su najve\u0107a mogu\u0107a ljudska sre\u0107a.<\/p>\n[\/vc_column_text][\/vc_column][\/vc_row][vc_row][vc_column][vc_custom_heading text=&#8221;Kritikovanje, sud o drugima i cinizam su navike uma&#8221; font_container=&#8221;tag:h2|text_align:center|color:%231ba2b7&#8243; google_fonts=&#8221;font_family:Ubuntu%3A300%2C300italic%2Cregular%2Citalic%2C500%2C500italic%2C700%2C700italic|font_style:300%20light%20italic%3A300%3Aitalic&#8221;][\/vc_column][\/vc_row][vc_row][vc_column][vc_column_text]\n<hr \/>\n<p>&nbsp;<\/p>\n<p>\u010covek koji ne kritikuje neprestano ni sebe ni druge je uspe\u0161no obavio ljudsku misiju, transformaciju ega. Takav \u010dovek zna mnogo vi\u0161e nego \u0161to vi mislite da on zna.<\/p>\n<p>Kritikovanje, osude i cinizam su uvek dobri drugovi. To su uporne, dosadne i tvrdoglave navike uma. \u010cak se i ove navike daju iskoreniti praktikovanjem Hatha ili druge vrste Joge.<\/p>\n<p>&nbsp;<\/p>\n<p>Uvek je bolje sam isprobati i biti sam svoj sudija.<\/p>\n<p>Ne\u0107ete ni\u0161ta izgubiti, \u010dak \u0161tavi\u0161e. Vide\u0107ete da ste vi ne\u0161to sasvim drugo od hodaju\u0107eg klevetanja i strogog sudije i svom i tu\u0111em \u017eivotu, ponekad \u010dak pravog, nikome potrebnog, cinika.<\/p>\n[\/vc_column_text][\/vc_column][\/vc_row][vc_row][vc_column][vc_column_text]<img loading=\"lazy\" class=\"size-full wp-image-4130 aligncenter\" src=\"https:\/\/i1.wp.com\/yogajagat.com\/wp-content\/uploads\/2019\/11\/DSC06147.jpg?resize=600%2C800\" alt=\"praktikovanje joge\" width=\"600\" height=\"800\" srcset=\"https:\/\/i1.wp.com\/yogajagat.com\/wp-content\/uploads\/2019\/11\/DSC06147.jpg?w=600&amp;ssl=1 600w, https:\/\/i1.wp.com\/yogajagat.com\/wp-content\/uploads\/2019\/11\/DSC06147.jpg?resize=225%2C300&amp;ssl=1 225w\" sizes=\"(max-width: 600px) 100vw, 600px\" data-recalc-dims=\"1\" \/>[\/vc_column_text][vc_custom_heading text=&#8221;Otvaranje srca za najlep\u0161e ljudske osobine&#8221; font_container=&#8221;tag:h2|text_align:center|color:%231ba2b7&#8243; google_fonts=&#8221;font_family:Ubuntu%3A300%2C300italic%2Cregular%2Citalic%2C500%2C500italic%2C700%2C700italic|font_style:300%20light%20italic%3A300%3Aitalic&#8221;][\/vc_column][\/vc_row][vc_row][vc_column][vc_column_text]\n<hr \/>\n<p>&nbsp;<\/p>\n<p>Srca ljudi su zatvorena, ponekad ba\u0161 dobro zabetonirana.<\/p>\n<p>Odlu\u010dno praktikovanje Hatha ili drugih Joga otvara srce ponekad br\u017ee ponekad sporije, ali uvek sigurno. U njega bez rezerve ulaze, ili bolje, ponovo se vra\u0107aju, najlep\u0161e ljudske osobine, saose\u0107aj, ne\u017enost, <a href=\"https:\/\/yogajagat.com\/sr\/zivotinje-ljudi-i-nenasilje\/\"><span style=\"color: #993300;\">nenasilje<\/span><\/a>, dobrota, blagost.<\/p>\n<p>&nbsp;<\/p>\n<p>Ni\u0161ta nije nemogu\u0107e.<\/p>\n<p>Re\u0161ite se da prihvatite izazov promene.<\/p>\n[\/vc_column_text][\/vc_column][\/vc_row][vc_row][vc_column][vc_cta h2=&#8221;&#8221;]\n<p><span style=\"color: #993300;\">&#8220;Zna\u010di, zasadite svoje li\u010dne ba\u0161te i ukrasite svoje sopstvene du\u0161e, umesto da \u010dekate na nekog da vam donese cve\u0107e.&#8221;<\/span><\/p>\n<p><span style=\"color: #993300;\">Horhe Luis Borhes<\/span><\/p>\n<p>&nbsp;<\/p>\n[\/vc_cta][\/vc_column][\/vc_row]\n","protected":false},"excerpt":{"rendered":"<p>[vc_row][vc_column][vc_column_text]<br \/>\nZA\u0160TO UOP\u0160TE DA PRAKTIKUJEM JOGU<br \/>\nKORISTI PRAKTIKOVANJA JOGE U SVAKODNEVNOM \u017dIVOTU<\/p>\n<p>&nbsp;<br \/>\n\u017divimo u sme\u0161nim vekovima Joge i ja potpuno razumem sve ironi\u010dne ljude na ra\u010dun joge, sve \u0161ale i pitanja za\u0161to uop\u0161te da praktikujem jogu.<br \/>\nUkoliko se praktikuje sa inteligencijim, potpunom iskreno\u0161\u0107u, znanjem i otvorenim srcem, praktikovanje Hatha ili bilo koje druge Joge \u0107e svakom pojedincu biti od neizmerne koristi u svakodnevnom \u017eivotu.[\/vc_column_text][\/vc_column][\/vc_row][vc_row][vc_column][vc_custom_heading text=&#8221;Koncentracija&#8221; font_container=&#8221;tag:h2|text_align:center|color:%231ba2b7&#8243; google_fonts=&#8221;font_family:Ubuntu%3A300%2C300italic%2Cregular%2Citalic%2C500%2C500italic%2C700%2C700italic|font_style:300%20light%20italic%3A300%3Aitalic&#8221;][\/vc_column][\/vc_row][vc_row][vc_column][vc_column_text]<\/p>\n<p>&nbsp;<br \/>\nKad je nema, i nama i drugima \u010dini \u017eivot &#8230;<\/p>\n","protected":false},"author":1,"featured_media":0,"parent":0,"menu_order":0,"comment_status":"closed","ping_status":"closed","template":"template-full-width.php","meta":{"_bbp_topic_count":0,"_bbp_reply_count":0,"_bbp_total_topic_count":0,"_bbp_total_reply_count":0,"_bbp_voice_count":0,"_bbp_anonymous_reply_count":0,"_bbp_topic_count_hidden":0,"_bbp_reply_count_hidden":0,"_bbp_forum_subforum_count":0,"inline_featured_image":false,"spay_email":""},"translation":{"provider":"WPGlobus","version":"3.0.1","language":"sr","enabled_languages":["en","de","sr"],"languages":{"en":{"title":true,"content":true,"excerpt":false},"de":{"title":false,"content":false,"excerpt":false},"sr":{"title":true,"content":true,"excerpt":false}}},"yoast_head":"<!-- This site is optimized with the Yoast SEO plugin v18.3 - https:\/\/yoast.com\/wordpress\/plugins\/seo\/ -->\n<title>Praktikovanje Joge i njene koristi - Lepota promene<\/title>\n<meta name=\"description\" content=\"\u017divimo u \u010dudnim vekovima joge i ja potpuno razumem sve ironije i \u0161ale na ra\u010dun joge, i pitanja za\u0161to uop\u0161te da praktikujem jogu. Ipak, praktikovanje Joge...\" \/>\n<meta name=\"robots\" content=\"index, follow, max-snippet:-1, max-image-preview:large, max-video-preview:-1\" \/>\n<link rel=\"canonical\" href=\"https:\/\/yogajagat.com\/why-to-practice-yoga-at-all\/\" \/>\n<meta name=\"twitter:label1\" content=\"Est. reading time\" \/>\n\t<meta name=\"twitter:data1\" content=\"12 minutes\" \/>\n<script type=\"application\/ld+json\" class=\"yoast-schema-graph\">{\"@context\":\"https:\/\/schema.org\",\"@graph\":[{\"@type\":\"Organization\",\"@id\":\"https:\/\/yogajagat.com\/#organization\",\"name\":\"Yogajagat\",\"url\":\"https:\/\/yogajagat.com\/\",\"sameAs\":[],\"logo\":{\"@type\":\"ImageObject\",\"@id\":\"https:\/\/yogajagat.com\/#logo\",\"inLanguage\":\"sr\",\"url\":\"https:\/\/i1.wp.com\/yogajagat.com\/wp-content\/uploads\/2019\/03\/DSC08478-Kopie-1.jpg?fit=798%2C800&ssl=1\",\"contentUrl\":\"https:\/\/i1.wp.com\/yogajagat.com\/wp-content\/uploads\/2019\/03\/DSC08478-Kopie-1.jpg?fit=798%2C800&ssl=1\",\"width\":798,\"height\":800,\"caption\":\"Yogajagat\"},\"image\":{\"@id\":\"https:\/\/yogajagat.com\/#logo\"}},{\"@type\":\"WebSite\",\"@id\":\"https:\/\/yogajagat.com\/#website\",\"url\":\"https:\/\/yogajagat.com\/\",\"name\":\"Lepota promene\",\"description\":\"Neprestanom promenom do najlepseg zivotnog iskustva\",\"publisher\":{\"@id\":\"https:\/\/yogajagat.com\/#organization\"},\"potentialAction\":[{\"@type\":\"SearchAction\",\"target\":{\"@type\":\"EntryPoint\",\"urlTemplate\":\"https:\/\/yogajagat.com\/?s={search_term_string}\"},\"query-input\":\"required name=search_term_string\"}],\"inLanguage\":\"sr\"},{\"@type\":\"ImageObject\",\"@id\":\"https:\/\/yogajagat.com\/why-to-practice-yoga-at-all\/#primaryimage\",\"inLanguage\":\"sr\",\"url\":\"http:\/\/yogajagat.com\/wp-content\/uploads\/2020\/02\/DSC03269.jpg\",\"contentUrl\":\"http:\/\/yogajagat.com\/wp-content\/uploads\/2020\/02\/DSC03269.jpg\"},{\"@type\":\"WebPage\",\"@id\":\"https:\/\/yogajagat.com\/why-to-practice-yoga-at-all\/#webpage\",\"url\":\"https:\/\/yogajagat.com\/why-to-practice-yoga-at-all\/\",\"name\":\"Praktikovanje Joge i njene koristi - Lepota promene\",\"isPartOf\":{\"@id\":\"https:\/\/yogajagat.com\/#website\"},\"primaryImageOfPage\":{\"@id\":\"https:\/\/yogajagat.com\/why-to-practice-yoga-at-all\/#primaryimage\"},\"datePublished\":\"2019-05-14T23:38:36+00:00\",\"dateModified\":\"2020-04-08T22:39:30+00:00\",\"description\":\"\u017divimo u \u010dudnim vekovima joge i ja potpuno razumem sve ironije i \u0161ale na ra\u010dun joge, i pitanja za\u0161to uop\u0161te da praktikujem jogu. Ipak, praktikovanje Joge...\",\"breadcrumb\":{\"@id\":\"https:\/\/yogajagat.com\/why-to-practice-yoga-at-all\/#breadcrumb\"},\"inLanguage\":\"sr\",\"potentialAction\":[{\"@type\":\"ReadAction\",\"target\":[\"https:\/\/yogajagat.com\/why-to-practice-yoga-at-all\/\"]}]},{\"@type\":\"BreadcrumbList\",\"@id\":\"https:\/\/yogajagat.com\/why-to-practice-yoga-at-all\/#breadcrumb\",\"itemListElement\":[{\"@type\":\"ListItem\",\"position\":1,\"name\":\"Home\",\"item\":\"https:\/\/yogajagat.com\/sr\/\"},{\"@type\":\"ListItem\",\"position\":2,\"name\":\"Why to Practice Yoga at all\"}]}]}<\/script>\n<!-- \/ Yoast SEO plugin. -->","yoast_head_json":{"title":"Praktikovanje Joge i njene koristi - Lepota promene","description":"\u017divimo u \u010dudnim vekovima joge i ja potpuno razumem sve ironije i \u0161ale na ra\u010dun joge, i pitanja za\u0161to uop\u0161te da praktikujem jogu. Ipak, praktikovanje Joge...","robots":{"index":"index","follow":"follow","max-snippet":"max-snippet:-1","max-image-preview":"max-image-preview:large","max-video-preview":"max-video-preview:-1"},"canonical":"https:\/\/yogajagat.com\/why-to-practice-yoga-at-all\/","twitter_misc":{"Est. reading time":"12 minutes"},"schema":{"@context":"https:\/\/schema.org","@graph":[{"@type":"Organization","@id":"https:\/\/yogajagat.com\/#organization","name":"Yogajagat","url":"https:\/\/yogajagat.com\/","sameAs":[],"logo":{"@type":"ImageObject","@id":"https:\/\/yogajagat.com\/#logo","inLanguage":"sr","url":"https:\/\/i1.wp.com\/yogajagat.com\/wp-content\/uploads\/2019\/03\/DSC08478-Kopie-1.jpg?fit=798%2C800&ssl=1","contentUrl":"https:\/\/i1.wp.com\/yogajagat.com\/wp-content\/uploads\/2019\/03\/DSC08478-Kopie-1.jpg?fit=798%2C800&ssl=1","width":798,"height":800,"caption":"Yogajagat"},"image":{"@id":"https:\/\/yogajagat.com\/#logo"}},{"@type":"WebSite","@id":"https:\/\/yogajagat.com\/#website","url":"https:\/\/yogajagat.com\/","name":"Lepota promene","description":"Neprestanom promenom do najlepseg zivotnog iskustva","publisher":{"@id":"https:\/\/yogajagat.com\/#organization"},"potentialAction":[{"@type":"SearchAction","target":{"@type":"EntryPoint","urlTemplate":"https:\/\/yogajagat.com\/?s={search_term_string}"},"query-input":"required name=search_term_string"}],"inLanguage":"sr"},{"@type":"ImageObject","@id":"https:\/\/yogajagat.com\/why-to-practice-yoga-at-all\/#primaryimage","inLanguage":"sr","url":"http:\/\/yogajagat.com\/wp-content\/uploads\/2020\/02\/DSC03269.jpg","contentUrl":"http:\/\/yogajagat.com\/wp-content\/uploads\/2020\/02\/DSC03269.jpg"},{"@type":"WebPage","@id":"https:\/\/yogajagat.com\/why-to-practice-yoga-at-all\/#webpage","url":"https:\/\/yogajagat.com\/why-to-practice-yoga-at-all\/","name":"Praktikovanje Joge i njene koristi - Lepota promene","isPartOf":{"@id":"https:\/\/yogajagat.com\/#website"},"primaryImageOfPage":{"@id":"https:\/\/yogajagat.com\/why-to-practice-yoga-at-all\/#primaryimage"},"datePublished":"2019-05-14T23:38:36+00:00","dateModified":"2020-04-08T22:39:30+00:00","description":"\u017divimo u \u010dudnim vekovima joge i ja potpuno razumem sve ironije i \u0161ale na ra\u010dun joge, i pitanja za\u0161to uop\u0161te da praktikujem jogu. Ipak, praktikovanje Joge...","breadcrumb":{"@id":"https:\/\/yogajagat.com\/why-to-practice-yoga-at-all\/#breadcrumb"},"inLanguage":"sr","potentialAction":[{"@type":"ReadAction","target":["https:\/\/yogajagat.com\/why-to-practice-yoga-at-all\/"]}]},{"@type":"BreadcrumbList","@id":"https:\/\/yogajagat.com\/why-to-practice-yoga-at-all\/#breadcrumb","itemListElement":[{"@type":"ListItem","position":1,"name":"Home","item":"https:\/\/yogajagat.com\/sr\/"},{"@type":"ListItem","position":2,"name":"Why to Practice Yoga at all"}]}]}},"_links":{"self":[{"href":"https:\/\/yogajagat.com\/sr\/wp-json\/wp\/v2\/pages\/3458"}],"collection":[{"href":"https:\/\/yogajagat.com\/sr\/wp-json\/wp\/v2\/pages"}],"about":[{"href":"https:\/\/yogajagat.com\/sr\/wp-json\/wp\/v2\/types\/page"}],"author":[{"embeddable":true,"href":"https:\/\/yogajagat.com\/sr\/wp-json\/wp\/v2\/users\/1"}],"replies":[{"embeddable":true,"href":"https:\/\/yogajagat.com\/sr\/wp-json\/wp\/v2\/comments?post=3458"}],"version-history":[{"count":9,"href":"https:\/\/yogajagat.com\/sr\/wp-json\/wp\/v2\/pages\/3458\/revisions"}],"predecessor-version":[{"id":5766,"href":"https:\/\/yogajagat.com\/sr\/wp-json\/wp\/v2\/pages\/3458\/revisions\/5766"}],"wp:attachment":[{"href":"https:\/\/yogajagat.com\/sr\/wp-json\/wp\/v2\/media?parent=3458"}],"curies":[{"name":"wp","href":"https:\/\/api.w.org\/{rel}","templated":true}]}}