{"id":3456,"date":"2019-05-15T00:32:29","date_gmt":"2019-05-14T23:32:29","guid":{"rendered":"http:\/\/yogajagat.com\/?page_id=3456"},"modified":"2020-02-28T20:36:27","modified_gmt":"2020-02-28T19:36:27","slug":"excuse-for-lazy-mind","status":"publish","type":"page","link":"https:\/\/yogajagat.com\/sr\/izgovor-lenjog-uma-ukocen-sam-za-jogu\/","title":{"rendered":"Izgovor lenjog uma. &#8220;Uko\u010den sam za jogu.&#8221;"},"content":{"rendered":"[vc_row][vc_column][vc_column_text]\n<h3 style=\"text-align: center;\"><span style=\"color: #993300;\">IZGOVOR LENJOG UMA<\/span><\/h3>\n<hr \/>\n<p>&nbsp;<\/p>\n<p>Podu\u010davaju\u0107i Jogu dugo godina, a i tamo gde nisam podu\u010davala, &#8220;Uko\u010den sam za jogu&#8221; ili \u00a0re\u010denicu &#8220;Joga je naporna za mene&#8221; \u010dula sam nebrojeno puta. valjda su takve re\u010denice, izgovor lenjog uma, zarazne, bez obzira ko kakvu <a href=\"https:\/\/yogajagat.com\/sr\/svrha-hatha-joge-kuda-vodi-hatha-joga\/\"><span style=\"color: #993300;\">ki\u010dmu<\/span><\/a> nosi.<\/p>\n<p>Napomenu i poruku onima koji misle da se treba znojiti, \u010da\u0161iti zglobove i lomiti kosti da bi se bio jogi, i to prvi, napisala sam na web stranici koju trenutno \u010ditate jo\u0161 kada je ona nastala, po\u010detkom 2015. godine.<\/p>\n<p>Od tada na\u017ealost ne da se ni\u0161ta nije promenilo ve\u0107 je takmi\u010denje ko \u0107e bolje saviti telo i zvati se jogi, uzelo dobrog maha. Praktikovanje Joge se vrlo \u010desto potpuno pogre\u0161no shvata.<\/p>\n<p>&nbsp;<\/p>\n<p>Ba\u0161 ako ste uko\u010deni, ba\u0161 tada bi trebalo da odete na \u010das kod iskusnog Joga u\u010ditelja.<\/p>\n<p>Me\u0111utim za to vam treba i malo predznanja a ovo su moje poruke.<\/p>\n[\/vc_column_text][\/vc_column][\/vc_row][vc_row][vc_column][vc_custom_heading text=&#8221;Joga Nije takmi\u010darska disciplina&#8221; font_container=&#8221;tag:h2|text_align:center|color:%231ba2b7&#8243; google_fonts=&#8221;font_family:Ubuntu%3A300%2C300italic%2Cregular%2Citalic%2C500%2C500italic%2C700%2C700italic|font_style:300%20light%20italic%3A300%3Aitalic&#8221;][\/vc_column][\/vc_row][vc_row][vc_column][vc_column_text]\n<hr \/>\n<p>&nbsp;<\/p>\n<p><a href=\"https:\/\/yogajagat.com\/sr\/kundalini-sakti-zmijska-snaga\/\"><span style=\"color: #993300;\">Hatha Joga<\/span><\/a> nije sport koji treba trenirati i negde osvojiti zlatnu medalju. To nije, za razliku od neznanja, takmi\u010darska disciplina dizanja tereta.<\/p>\n<p>Hatha Jogu mo\u017ee da praktikuje svaki \u010dovek koji ima dve noge i dve ruke, mada \u010dak i ljudi tako tu\u017enih sudbina raspola\u017eu ogromnom snagom volje i velikom uporno\u0161\u0107u, \u010dak i vi\u0161e nego ljudi kojima je sudbina ipak dodelila i dve ruke, i dve noge.<\/p>\n<p>\u010covek obi\u010dno ne ceni svoj \u017eivot i one sasvim &#8220;obi\u010dne&#8221; stvari, i prime\u0107uje vrednost tog obi\u010dnog i &#8220;nebitnog&#8221; tek kada ostane bez njega.<\/p>\n[\/vc_column_text][\/vc_column][\/vc_row][vc_row][vc_column][vc_custom_heading text=&#8221;Po\u0161tujte vrlo jednostavan princip Joge i \u017eivota&#8221; font_container=&#8221;tag:h2|text_align:center|color:%231ba2b7&#8243; google_fonts=&#8221;font_family:Ubuntu%3A300%2C300italic%2Cregular%2Citalic%2C500%2C500italic%2C700%2C700italic|font_style:300%20light%20italic%3A300%3Aitalic&#8221;][\/vc_column][\/vc_row][vc_row][vc_column][vc_column_text]\n<hr \/>\n<p>&nbsp;<\/p>\n<p>Taj princip je<span style=\"color: #800080;\">\u00a0nepovre\u0111ivanje<\/span> ili na jeziku Joge- Ahimza. Svako ko se re\u0161ava da po\u010dne sa praktikovanjem Joge ili je ve\u0107 praktikuje, od u\u010ditelja je ve\u0107 \u010duo o ovom principu (ukoliko je u\u010ditelj omanuo u praksi i teoriji, o Ahimzi mo\u017eete vi\u0161e saznati <a href=\"https:\/\/yogajagat.com\/sr\/zivotinje-ljudi-i-nenasilje\/\"><span style=\"color: #800080;\">ovde<\/span><\/a>). To je princip nenasilja, \u0161to se odnosi i na nenasilje prema sebi \u0161to zna\u010di ne povre\u0111ivati sebe. Zato je vrlo mudro praktikovati asane polako i pa\u017eljivo. Istezanje mi\u0161i\u0107a tokom praktikovanja je sasvim prirodno. Bol nije Joga.<\/p>\n<p>U knjizi &#8220;Tradicija joge&#8221;, D\u017eor\u017e Fojer\u0161tajn (George Feuerstein) ka\u017ee:<\/p>\n<p>&#8220;Narcizam, ili egocentrizam usmeren na telo, je me\u0111u hatha jogijima isto toliko opasan kao me\u0111u bodi bilderima.&#8221;<\/p>\n[\/vc_column_text][\/vc_column][\/vc_row][vc_row][vc_column][vc_custom_heading text=&#8221;Najsna\u017enije oru\u0111e u \u017eivotu&#8221; font_container=&#8221;tag:h2|text_align:center|color:%231ba2b7&#8243; google_fonts=&#8221;font_family:Ubuntu%3A300%2C300italic%2Cregular%2Citalic%2C500%2C500italic%2C700%2C700italic|font_style:300%20light%20italic%3A300%3Aitalic&#8221;][\/vc_column][\/vc_row][vc_row][vc_column][vc_column_text]\n<hr \/>\n<p>&nbsp;<\/p>\n<p>To je va\u0161 dah.<\/p>\n<p>Dah je jedino \u0161to zaista &#8220;posedujete&#8221; u \u017eivotu. Ako vas dah napusti ne\u0107e ni vas vi\u0161e biti. Zna\u010di, vrlo je mudro negovati sopstveni dah, dok je jo\u0161 tu. I to je deo Hatha Joge, zove se <a href=\"https:\/\/yogajagat.com\/sr\/zadrzavanje-daha-jogicke-tehnike-disanja\/\"><span style=\"color: #993300;\">Pranajama<\/span><\/a>, ili svesna kontrola disanja jogi\u010dkim tehnikama. Pranajama produ\u017eava pranu i usporava disanje.<\/p>\n<p>Kornja\u010de i slonovi \u017eive mnogo du\u017ee jer je njihovo disanje mnogo sporije.<\/p>\n<p>&nbsp;<\/p>\n<p>Treba odr\u017eavati \u010disto\u0107u plu\u0107a. Pranajama i druge tantri\u010dke i Hatha Joga tehnike su izuzetno korisni za zdravlje plu\u0107a.<\/p>\n<p>Pored \u010disto\u0107e u plu\u0107ima praktikovanje ovih tehnika nam daje priliku da povratimo i o\u010duvamo onu de\u010diju spontanost i \u010distotu a ipak budemo \u010dvrsto uzemljeni, sna\u017enog duha.<\/p>\n[\/vc_column_text][\/vc_column][\/vc_row][vc_row][vc_column][vc_custom_heading text=&#8221;Joga prostirka je lete\u0107i \u0107ilim&#8221; font_container=&#8221;tag:h2|text_align:center|color:%231ba2b7&#8243; google_fonts=&#8221;font_family:Ubuntu%3A300%2C300italic%2Cregular%2Citalic%2C500%2C500italic%2C700%2C700italic|font_style:300%20light%20italic%3A300%3Aitalic&#8221;][\/vc_column][\/vc_row][vc_row][vc_column][vc_column_text]\n<hr \/>\n<p>&nbsp;<\/p>\n[\/vc_column_text][\/vc_column][\/vc_row][vc_row][vc_column width=&#8221;1\/2&#8243;][vc_column_text]\n<p>&nbsp;<\/p>\n<p>&nbsp;<\/p>\n<p>Uporno ali ne\u017eno praktikovanje bez siline ega vas vodi do predela na kojima nikada ranije niste bili. Ta predela su va\u0161a prava, istinita priroda.<\/p>\n<p>Kako god, promena se nikada ne de\u0161ava preko no\u0107i. Treba vam mnogo predanosti i strpljenja.<\/p>\n<p>Joga se ne mo\u017ee napamet nau\u010diti, niti se mo\u017ee kopirati. \u010cisto teoretisanje i filozofiranje ne donose mnogo. Joga je \u010disto iskustvo i divan saputnik na putu samo-realizacije. Samo-realizacija nije neki modni detalj, mada krasi ljudsko postojanje. Samo-realizacija nije nikakva mistika ve\u0107 ogromna <a href=\"https:\/\/yogajagat.com\/sr\/put-oslobadanja-svesti-oslobodena-izolovana-dusa\/\"><span style=\"color: #993300;\">snaga duha<\/span><\/a>.<\/p>\n<p>Samo onda kada je um potpuno smiren mo\u017ee prepoznati istinu. Snaga le\u017ei u spokoju, ne u hektici.<\/p>\n<p>&nbsp;<\/p>\n[\/vc_column_text][\/vc_column][vc_column width=&#8221;1\/2&#8243;][vc_column_text]\n<p>&nbsp;<\/p>\n<div id=\"attachment_4133\" style=\"width: 469px\" class=\"wp-caption aligncenter\"><img aria-describedby=\"caption-attachment-4133\" loading=\"lazy\" class=\"wp-image-4133 size-full\" src=\"https:\/\/i0.wp.com\/yogajagat.com\/wp-content\/uploads\/2019\/11\/Princess_Parizade_Bringing_Home_the_Singing_Tree.jpg?resize=459%2C600\" alt=\"izgovor lenjog uma \" width=\"459\" height=\"600\" srcset=\"https:\/\/i0.wp.com\/yogajagat.com\/wp-content\/uploads\/2019\/11\/Princess_Parizade_Bringing_Home_the_Singing_Tree.jpg?w=459&amp;ssl=1 459w, https:\/\/i0.wp.com\/yogajagat.com\/wp-content\/uploads\/2019\/11\/Princess_Parizade_Bringing_Home_the_Singing_Tree.jpg?resize=230%2C300&amp;ssl=1 230w\" sizes=\"(max-width: 459px) 100vw, 459px\" data-recalc-dims=\"1\" \/><p id=\"caption-attachment-4133\" class=\"wp-caption-text\">source: https:\/\/en.wikipedia.org\/wiki\/One_Thousand_and_One_Nights<\/p><\/div>\n[\/vc_column_text][\/vc_column][\/vc_row][vc_row][vc_column][vc_custom_heading text=&#8221;&#8220;Lange Rede kurzer Sinn&#8220;&#8221; font_container=&#8221;tag:h2|text_align:center|color:%231ba2b7&#8243; google_fonts=&#8221;font_family:Ubuntu%3A300%2C300italic%2Cregular%2Citalic%2C500%2C500italic%2C700%2C700italic|font_style:300%20light%20italic%3A300%3Aitalic&#8221;][\/vc_column][\/vc_row][vc_row][vc_column][vc_column_text]\n<hr \/>\n<p>&nbsp;<\/p>\n<p>&#8230; je nema\u010dka fraza za ono kada se mnogo pri\u010da a u su\u0161tini ne ka\u017ee ni\u0161ta.<\/p>\n<p>&nbsp;<\/p>\n<p>Mnogi ljudi pri\u010daju ali ne ka\u017eu ni\u0161ta.<\/p>\n<p>Praktikovanjem Joge sa otvorenim duhom i srcem razvija se iskrenost, strpljenje i upornost. Ovi divni ljudski kvaliteti tako vremenom postaju deo svakodnevnice svakoga ko ovako praktikuje Hatha ili <a href=\"https:\/\/yogajagat.com\/sr\/zivotni-putevi\/\"><span style=\"color: #993300;\">bilo koju drugu<\/span><\/a> Jogu.<\/p>\n<p>Onaj ko praktikuje bez banalizovanja ega, i ko je pobedio izgovor lenjog uma, ko nije &#8220;uko\u010den za jogu&#8221; na nivou duha a ne samih mi\u0161i\u0107a, postaje strpljiv slu\u0161a\u010d i posmatra\u010d \u010diste glave i smirenog srca. On je sposoban da pravi razlike u situacijama, pri\u010danjima, pona\u0161anju. Takvom \u010doveku nije te\u0161ko da se re\u0161i nepotrebnih stvari koje mu optere\u0107uju srce, du\u0161u a time i telo.<\/p>\n<p>&nbsp;<\/p>\n<p>\u010covek je u dru\u0161tvu vi\u0161e nego \u010desto izlo\u017een raznim ube\u0111ivanjima, buci, nekakvim mu\u010denjima. U dru\u0161tvu, ljudima se neprestano name\u0107e ose\u0107aj krivice.<\/p>\n[\/vc_column_text][\/vc_column][\/vc_row][vc_row][vc_column][vc_custom_heading text=&#8221;Praktikovanje Joge i intuicija&#8221; font_container=&#8221;tag:h2|text_align:center|color:%231ba2b7&#8243; google_fonts=&#8221;font_family:Ubuntu%3A300%2C300italic%2Cregular%2Citalic%2C500%2C500italic%2C700%2C700italic|font_style:300%20light%20italic%3A300%3Aitalic&#8221;][\/vc_column][\/vc_row][vc_row][vc_column][vc_column_text]\n<hr \/>\n<p>&nbsp;<\/p>\n<p>To je jezik bez re\u010di koji, posebno onim ljudima koji po prirodi raspola\u017eu finijim oscilacijama duha, poma\u017ee da \u010dovek bude potpuno nezavisan misle\u0107i svojim srcem i svojom glavom.<\/p>\n<p>&nbsp;<\/p>\n<p>Sve je, zna\u010di, ve\u0107 tu. Samo se izgubilo na nekom od <a href=\"https:\/\/yogajagat.com\/sr\/zivotni-putevi\/\"><span style=\"color: #993300;\">\u017eivotnih puteva<\/span><\/a>.<\/p>\n<p>Praktikovanje Joga, bilo koje Joge, je odli\u010dna i jedina potpuna metoda koja mo\u017ee da sastavi par\u010di\u0107e koji nedostaju i da ispuni oba, i srce i duh novom energijom.<\/p>\n<p>&nbsp;<\/p>\n<p>&nbsp;<\/p>\n<p>Ovo donosi promenu.<\/p>\n<p>Promena je \u010disto zlato za svakog pojedinca na Zemlji i za sve druge sfere.[\/vc_column_text][\/vc_column][\/vc_row]\n","protected":false},"excerpt":{"rendered":"<p>[vc_row][vc_column][vc_column_text]<br \/>\nIZGOVOR LENJOG UMA<\/p>\n<p>&nbsp;<br \/>\nPodu\u010davaju\u0107i Jogu dugo godina, a i tamo gde nisam podu\u010davala, &#8220;Uko\u010den sam za jogu&#8221; ili \u00a0re\u010denicu &#8220;Joga je naporna za mene&#8221; \u010dula sam nebrojeno puta. valjda su takve re\u010denice, izgovor lenjog uma, zarazne, bez obzira ko kakvu ki\u010dmu nosi.<br \/>\nNapomenu i poruku onima koji misle da se treba znojiti, \u010da\u0161iti zglobove i lomiti kosti da bi se bio jogi, i to prvi, napisala sam na web stranici koju trenutno \u010ditate jo\u0161 kada je ona &#8230;<\/p>\n","protected":false},"author":1,"featured_media":0,"parent":0,"menu_order":0,"comment_status":"closed","ping_status":"closed","template":"template-full-width.php","meta":{"_bbp_topic_count":0,"_bbp_reply_count":0,"_bbp_total_topic_count":0,"_bbp_total_reply_count":0,"_bbp_voice_count":0,"_bbp_anonymous_reply_count":0,"_bbp_topic_count_hidden":0,"_bbp_reply_count_hidden":0,"_bbp_forum_subforum_count":0,"inline_featured_image":false,"spay_email":""},"translation":{"provider":"WPGlobus","version":"3.0.1","language":"sr","enabled_languages":["en","de","sr"],"languages":{"en":{"title":true,"content":true,"excerpt":false},"de":{"title":false,"content":false,"excerpt":false},"sr":{"title":true,"content":true,"excerpt":false}}},"yoast_head":"<!-- This site is optimized with the Yoast SEO plugin v18.3 - https:\/\/yoast.com\/wordpress\/plugins\/seo\/ -->\n<title>Izgovor lenjog uma. &quot;Uko\u010den sam za jogu.&quot; - Lepota promene<\/title>\n<meta name=\"description\" content=\"Izgovor lenjog uma za\u0161to ne. &quot;Uko\u010den sam za jogu&quot;. Promena se ne de\u0161ava preko no\u0107i, za to treba puno strpljenja i predanosti...\" \/>\n<meta name=\"robots\" content=\"index, follow, max-snippet:-1, max-image-preview:large, max-video-preview:-1\" \/>\n<link rel=\"canonical\" href=\"https:\/\/yogajagat.com\/excuse-for-lazy-mind\/\" \/>\n<meta name=\"twitter:label1\" content=\"Est. reading time\" \/>\n\t<meta name=\"twitter:data1\" content=\"13 minutes\" \/>\n<script type=\"application\/ld+json\" class=\"yoast-schema-graph\">{\"@context\":\"https:\/\/schema.org\",\"@graph\":[{\"@type\":\"Organization\",\"@id\":\"https:\/\/yogajagat.com\/#organization\",\"name\":\"Yogajagat\",\"url\":\"https:\/\/yogajagat.com\/\",\"sameAs\":[],\"logo\":{\"@type\":\"ImageObject\",\"@id\":\"https:\/\/yogajagat.com\/#logo\",\"inLanguage\":\"sr\",\"url\":\"https:\/\/i1.wp.com\/yogajagat.com\/wp-content\/uploads\/2019\/03\/DSC08478-Kopie-1.jpg?fit=798%2C800&ssl=1\",\"contentUrl\":\"https:\/\/i1.wp.com\/yogajagat.com\/wp-content\/uploads\/2019\/03\/DSC08478-Kopie-1.jpg?fit=798%2C800&ssl=1\",\"width\":798,\"height\":800,\"caption\":\"Yogajagat\"},\"image\":{\"@id\":\"https:\/\/yogajagat.com\/#logo\"}},{\"@type\":\"WebSite\",\"@id\":\"https:\/\/yogajagat.com\/#website\",\"url\":\"https:\/\/yogajagat.com\/\",\"name\":\"Lepota promene\",\"description\":\"Neprestanom promenom do najlepseg zivotnog iskustva\",\"publisher\":{\"@id\":\"https:\/\/yogajagat.com\/#organization\"},\"potentialAction\":[{\"@type\":\"SearchAction\",\"target\":{\"@type\":\"EntryPoint\",\"urlTemplate\":\"https:\/\/yogajagat.com\/?s={search_term_string}\"},\"query-input\":\"required name=search_term_string\"}],\"inLanguage\":\"sr\"},{\"@type\":\"ImageObject\",\"@id\":\"https:\/\/yogajagat.com\/excuse-for-lazy-mind\/#primaryimage\",\"inLanguage\":\"sr\",\"url\":\"http:\/\/yogajagat.com\/wp-content\/uploads\/2019\/11\/Princess_Parizade_Bringing_Home_the_Singing_Tree.jpg\",\"contentUrl\":\"http:\/\/yogajagat.com\/wp-content\/uploads\/2019\/11\/Princess_Parizade_Bringing_Home_the_Singing_Tree.jpg\"},{\"@type\":\"WebPage\",\"@id\":\"https:\/\/yogajagat.com\/excuse-for-lazy-mind\/#webpage\",\"url\":\"https:\/\/yogajagat.com\/excuse-for-lazy-mind\/\",\"name\":\"Izgovor lenjog uma. \\\"Uko\u010den sam za jogu.\\\" - Lepota promene\",\"isPartOf\":{\"@id\":\"https:\/\/yogajagat.com\/#website\"},\"primaryImageOfPage\":{\"@id\":\"https:\/\/yogajagat.com\/excuse-for-lazy-mind\/#primaryimage\"},\"datePublished\":\"2019-05-14T23:32:29+00:00\",\"dateModified\":\"2020-02-28T19:36:27+00:00\",\"description\":\"Izgovor lenjog uma za\u0161to ne. \\\"Uko\u010den sam za jogu\\\". Promena se ne de\u0161ava preko no\u0107i, za to treba puno strpljenja i predanosti...\",\"breadcrumb\":{\"@id\":\"https:\/\/yogajagat.com\/excuse-for-lazy-mind\/#breadcrumb\"},\"inLanguage\":\"sr\",\"potentialAction\":[{\"@type\":\"ReadAction\",\"target\":[\"https:\/\/yogajagat.com\/excuse-for-lazy-mind\/\"]}]},{\"@type\":\"BreadcrumbList\",\"@id\":\"https:\/\/yogajagat.com\/excuse-for-lazy-mind\/#breadcrumb\",\"itemListElement\":[{\"@type\":\"ListItem\",\"position\":1,\"name\":\"Home\",\"item\":\"https:\/\/yogajagat.com\/sr\/\"},{\"@type\":\"ListItem\",\"position\":2,\"name\":\"Excuse for Lazy Mind\"}]}]}<\/script>\n<!-- \/ Yoast SEO plugin. -->","yoast_head_json":{"title":"Izgovor lenjog uma. \"Uko\u010den sam za jogu.\" - Lepota promene","description":"Izgovor lenjog uma za\u0161to ne. \"Uko\u010den sam za jogu\". Promena se ne de\u0161ava preko no\u0107i, za to treba puno strpljenja i predanosti...","robots":{"index":"index","follow":"follow","max-snippet":"max-snippet:-1","max-image-preview":"max-image-preview:large","max-video-preview":"max-video-preview:-1"},"canonical":"https:\/\/yogajagat.com\/excuse-for-lazy-mind\/","twitter_misc":{"Est. reading time":"13 minutes"},"schema":{"@context":"https:\/\/schema.org","@graph":[{"@type":"Organization","@id":"https:\/\/yogajagat.com\/#organization","name":"Yogajagat","url":"https:\/\/yogajagat.com\/","sameAs":[],"logo":{"@type":"ImageObject","@id":"https:\/\/yogajagat.com\/#logo","inLanguage":"sr","url":"https:\/\/i1.wp.com\/yogajagat.com\/wp-content\/uploads\/2019\/03\/DSC08478-Kopie-1.jpg?fit=798%2C800&ssl=1","contentUrl":"https:\/\/i1.wp.com\/yogajagat.com\/wp-content\/uploads\/2019\/03\/DSC08478-Kopie-1.jpg?fit=798%2C800&ssl=1","width":798,"height":800,"caption":"Yogajagat"},"image":{"@id":"https:\/\/yogajagat.com\/#logo"}},{"@type":"WebSite","@id":"https:\/\/yogajagat.com\/#website","url":"https:\/\/yogajagat.com\/","name":"Lepota promene","description":"Neprestanom promenom do najlepseg zivotnog iskustva","publisher":{"@id":"https:\/\/yogajagat.com\/#organization"},"potentialAction":[{"@type":"SearchAction","target":{"@type":"EntryPoint","urlTemplate":"https:\/\/yogajagat.com\/?s={search_term_string}"},"query-input":"required name=search_term_string"}],"inLanguage":"sr"},{"@type":"ImageObject","@id":"https:\/\/yogajagat.com\/excuse-for-lazy-mind\/#primaryimage","inLanguage":"sr","url":"http:\/\/yogajagat.com\/wp-content\/uploads\/2019\/11\/Princess_Parizade_Bringing_Home_the_Singing_Tree.jpg","contentUrl":"http:\/\/yogajagat.com\/wp-content\/uploads\/2019\/11\/Princess_Parizade_Bringing_Home_the_Singing_Tree.jpg"},{"@type":"WebPage","@id":"https:\/\/yogajagat.com\/excuse-for-lazy-mind\/#webpage","url":"https:\/\/yogajagat.com\/excuse-for-lazy-mind\/","name":"Izgovor lenjog uma. \"Uko\u010den sam za jogu.\" - Lepota promene","isPartOf":{"@id":"https:\/\/yogajagat.com\/#website"},"primaryImageOfPage":{"@id":"https:\/\/yogajagat.com\/excuse-for-lazy-mind\/#primaryimage"},"datePublished":"2019-05-14T23:32:29+00:00","dateModified":"2020-02-28T19:36:27+00:00","description":"Izgovor lenjog uma za\u0161to ne. \"Uko\u010den sam za jogu\". Promena se ne de\u0161ava preko no\u0107i, za to treba puno strpljenja i predanosti...","breadcrumb":{"@id":"https:\/\/yogajagat.com\/excuse-for-lazy-mind\/#breadcrumb"},"inLanguage":"sr","potentialAction":[{"@type":"ReadAction","target":["https:\/\/yogajagat.com\/excuse-for-lazy-mind\/"]}]},{"@type":"BreadcrumbList","@id":"https:\/\/yogajagat.com\/excuse-for-lazy-mind\/#breadcrumb","itemListElement":[{"@type":"ListItem","position":1,"name":"Home","item":"https:\/\/yogajagat.com\/sr\/"},{"@type":"ListItem","position":2,"name":"Excuse for Lazy Mind"}]}]}},"_links":{"self":[{"href":"https:\/\/yogajagat.com\/sr\/wp-json\/wp\/v2\/pages\/3456"}],"collection":[{"href":"https:\/\/yogajagat.com\/sr\/wp-json\/wp\/v2\/pages"}],"about":[{"href":"https:\/\/yogajagat.com\/sr\/wp-json\/wp\/v2\/types\/page"}],"author":[{"embeddable":true,"href":"https:\/\/yogajagat.com\/sr\/wp-json\/wp\/v2\/users\/1"}],"replies":[{"embeddable":true,"href":"https:\/\/yogajagat.com\/sr\/wp-json\/wp\/v2\/comments?post=3456"}],"version-history":[{"count":7,"href":"https:\/\/yogajagat.com\/sr\/wp-json\/wp\/v2\/pages\/3456\/revisions"}],"predecessor-version":[{"id":5581,"href":"https:\/\/yogajagat.com\/sr\/wp-json\/wp\/v2\/pages\/3456\/revisions\/5581"}],"wp:attachment":[{"href":"https:\/\/yogajagat.com\/sr\/wp-json\/wp\/v2\/media?parent=3456"}],"curies":[{"name":"wp","href":"https:\/\/api.w.org\/{rel}","templated":true}]}}