{"id":3216,"date":"2019-05-15T00:10:05","date_gmt":"2019-05-14T23:10:05","guid":{"rendered":"http:\/\/yogajagat.com\/?page_id=3216"},"modified":"2020-04-09T00:35:04","modified_gmt":"2020-04-08T22:35:04","slug":"kundalini-shakti-the-serpent-power","status":"publish","type":"page","link":"https:\/\/yogajagat.com\/sr\/kundalini-sakti-zmijska-snaga\/","title":{"rendered":"Kundalini \u0160akti, zmijska snaga, skrivena mo\u0107 u ljudima"},"content":{"rendered":"[vc_row][vc_column][vc_column_text]\n<h3 style=\"text-align: center;\"><span style=\"color: #993300;\">KUNDALINI \u0160AKTI<\/span><\/h3>\n<hr \/>\n<p>&nbsp;<\/p>\n<p>Ovaj tekst o Kundalini \u0160akti <a href=\"https:\/\/yogajagat.com\/sr\/nadiji-kundalini-simbol-zmije\/\"><span style=\"color: #993300;\">nastavak<\/span><\/a> je teksta o Nadijima i simbolu zmije.[\/vc_column_text][\/vc_column][\/vc_row][vc_row][vc_column width=&#8221;1\/2&#8243;][vc_column_text]U nauci Joge skrivena mo\u0107 i ogromna energija predstavljena kao Kundalini \u0160akti, zmijska snaga.<\/p>\n<p>Nauka o toj energiji, Hatha i Kundalini Joga, vidi tri glavna nadija u energetskom, suptilnom telu \u010doveka i ovo su: <em>P<span style=\"color: #993300;\">i<\/span>ngala<\/em> (desni kanal prane), <em>Ida<\/em> (levi) i <em>Su\u0161umna<\/em> (centralni kanal) i oni su simboli\u010dno predstavljeni dvema isprepletenim zmijama.<\/p>\n<p>Sva tri nadija se kre\u0107u kroz suptilno energetsko telo. Oni poti\u010du iz baze na\u0161e ki\u010dme. Ida i Pingala kanali se kre\u0107u spiralno oko ki\u010dme i prolaze kroz energetsko-psihi\u010dke centre (\u010dakre), od baze ki\u010dme sve do prostora izme\u0111u obrva. Su\u0161umna Nadi te\u010de direktno kroz ki\u010dmu.<\/p>\n<p>Pravo ujedinjenje sva tri nadija doga\u0111a se u Sahasrari, temenoj \u010dakri, predstavljenoj kao cvet lotusa sa hiljadu latica a do\u017eivljava u srcu.<\/p>\n[\/vc_column_text][\/vc_column][vc_column width=&#8221;1\/2&#8243;][vc_column_text]\n<div id=\"attachment_1313\" style=\"width: 163px\" class=\"wp-caption aligncenter\"><img aria-describedby=\"caption-attachment-1313\" loading=\"lazy\" class=\"wp-image-1313 size-full\" src=\"https:\/\/i1.wp.com\/yogajagat.com\/wp-content\/uploads\/2016\/05\/chakras-kundalini-4-638.jpg?resize=153%2C238\" alt=\"kundalini \u0161akti zmijska snaga\" width=\"153\" height=\"238\" data-recalc-dims=\"1\" \/><p id=\"caption-attachment-1313\" class=\"wp-caption-text\">Kundalini, Nadis, Chakras<\/p><\/div>\n[\/vc_column_text][\/vc_column][\/vc_row][vc_row][vc_column][vc_custom_heading text=&#8221;Simbol Kundalini \u0160akti&#8221; font_container=&#8221;tag:h2|text_align:center|color:%231ba2b7&#8243; google_fonts=&#8221;font_family:Ubuntu%3A300%2C300italic%2Cregular%2Citalic%2C500%2C500italic%2C700%2C700italic|font_style:300%20light%20italic%3A300%3Aitalic&#8221;][\/vc_column][\/vc_row][vc_row][vc_column][vc_column_text]\n<hr \/>\n<p>&nbsp;<\/p>\n<p>Zmija uvijena u tri i po kruga je simbol <em>Kundalinija<\/em>.<\/p>\n<p>&nbsp;<\/p>\n<p>Stari indijski mudraci i vidovnjaci nisu videli Vasionu kao ravni disk prekriven sfernim krovom ali su kroz svoju praksu i iskustva prepoznali da ljudsko telo zajedno sa svojim &#8220;sfernim krovom&#8221; (mozak) nije odvojeno od Vasione. Prepoznali su i da je Vasiona manifestacija \u010diste svesti.<\/p>\n<p>&nbsp;<\/p>\n<p><em>Kundalini<\/em> je bo\u017eanska kosmi\u010dka energija u telu. <em>Kundala<\/em> zna\u010di &#8220;namotana&#8221;, <em>kunda<\/em> zna\u010di &#8220;pe\u0107ina&#8221; i tako je jedna zamotana zmija simbol bo\u017eanske ali uspavane snage kod svakog \u010doveka.<\/p>\n[\/vc_column_text][\/vc_column][\/vc_row][vc_row][vc_column][vc_custom_heading text=&#8221;Pro\u010di\u0161\u0107avanje i otvaranje Nadija&#8221; font_container=&#8221;tag:h2|text_align:center|color:%231ba2b7&#8243; google_fonts=&#8221;font_family:Ubuntu%3A300%2C300italic%2Cregular%2Citalic%2C500%2C500italic%2C700%2C700italic|font_style:300%20light%20italic%3A300%3Aitalic&#8221;][\/vc_column][\/vc_row][vc_row][vc_column][vc_column_text]\n<hr \/>\n<p>&nbsp;<\/p>\n<p>Praktikovanje tehnika Hatha Joge dovodi do bu\u0111enja te ogromne uspavane i potisnute snage, <em>Kundalini \u0160akti<\/em> koja se jo\u0161 naziva i zmijska snaga. <a href=\"https:\/\/yogajagat.com\/sr\/pranajama-jogicka-tehnika-disanja-stanje-potunog-mira\/\"><span style=\"color: #993300;\">Pranajama<\/span><\/a> tehnike (jogi\u010dke tehnike disanja) i praktikovanje <a href=\"https:\/\/yogajagat.com\/sr\/joga-polozaji-tela-izvodenje-joga-asana\/\"><span style=\"color: #993300;\">asana<\/span><\/a> (jogi\u010dki polo\u017eaji tela) dovode do pro\u010di\u0161\u0107enja i otvaranja desnog i levog psihi\u010dkog kanala.<\/p>\n<p>Pre\u010di\u0161\u0107eni i otvoreni kanali Pingala i Ide dovode do pro\u010di\u0161\u0107enja centralnog prostora u ki\u010dmi, <em>Su\u0161umne<\/em>.<\/p>\n<p>Pro\u010di\u0161\u0107eni i otvoreni centralni kanal menja psiho-fiziolo\u0161ko stanje u \u010doveku. Kada se Su\u0161umna kanal pro\u010disti i otvori, u toj praznini individualna du\u0161a se stapa sa kosmi\u010dkom. Takvi ljudi su retkost na Zemlji ali je svejedno svakom od nas data zlatna prilika za pristup vi\u0161em stanju svesti.<\/p>\n<p>Ako \u010dovek nikad ni\u0161ta ne zapo\u010dne, nikada ni\u0161ta ni do kraja ne mo\u017ee dovesti.<\/p>\n[\/vc_column_text][\/vc_column][\/vc_row][vc_row][vc_column][vc_custom_heading text=&#8221;Jedinstvo, unija, ujedinjenje&#8221; font_container=&#8221;tag:h2|text_align:center|color:%231ba2b7&#8243; google_fonts=&#8221;font_family:Ubuntu%3A300%2C300italic%2Cregular%2Citalic%2C500%2C500italic%2C700%2C700italic|font_style:300%20light%20italic%3A300%3Aitalic&#8221;][\/vc_column][\/vc_row][vc_row][vc_column][vc_column_text]\n<hr \/>\n<p>&nbsp;<\/p>\n<p>Zna\u010denje re\u010di <em>Joga<\/em> odnosi se na sjedinjenje jin i janga, ujedinjenje dve polovine mozga, parasimpati\u010dkog nervnog sistema sa simpati\u010dkim, ujedinjenje izme\u0111u sunca (desnog kanala, Pingala) i meseca (ili levi kanal, Ida), ujedinjenje vremena i prostora, Prakriti (priroda, \u017eenska stvarala\u010dka energija) i Puru\u0161e (\u010dista svest, izvor svesti, mu\u0161ki aspekt), \u0160ive (to je va\u0161a stati\u010dna, mu\u0161ka energija) i \u0160akti (to je va\u0161a dinami\u010dna, \u017eenska energija).<\/p>\n<p>To je kako praktikovanje Hatha Joge objedinjuje dve suprotnosti u vama i kako dualnost postaje jedinstvo.<\/p>\n<p>Kad osetite jedinstvo izme\u0111u suprotnosti bi\u0107ete dovoljno mirni i uravnote\u017eeni da eksperimenti\u0161ete ili bolje pro\u017eivljavate i do\u017eivite sve ostale dimenzije va\u0161eg bi\u0107a.<\/p>\n<p>Kao \u0161to se embrion postepeno razvija i postaje prvi dah, tako \u010dovek, od kada udahne prvi dah otvara svoje psihi\u010dke centre korak po korak (nazad, a ipak napred) ka svom izvoru svog prvog daha, izvor jedinstva, jednostavnosti, \u010disto\u0107e, savr\u0161enstva.<\/p>\n<p>&nbsp;<\/p>\n<p>Ovde mi sada jedino ostaje da se nadam da vam moj kratki uvod u <a href=\"https:\/\/yogajagat.com\/sr\/ujedinjenje-jedinstvo-dna-joga\/\"><span style=\"color: #993300;\">Jogu<\/span><\/a> i <a href=\"https:\/\/yogajagat.com\/sr\/hatha-joga-tehnike-patandjali\/\"><span style=\"color: #993300;\">Hatha Jogu<\/span><\/a>\u00a0, Kundalini \u0160akti (zmijska snaga) mo\u017ee pomo\u0107i da jasno shvatite za\u0161to nije u redu razumeti Hatha Jogu kao fizi\u010dku <em>ve\u017ebu<\/em> ili u tragi\u010dnijem slu\u010daju teretanu i u najtragi\u010dnjem- kao takmi\u010denje ko ima savitljivije meso na mi\u0161i\u0107ima.[\/vc_column_text][\/vc_column][\/vc_row]\n","protected":false},"excerpt":{"rendered":"<p>[vc_row][vc_column][vc_column_text]<br \/>\nKUNDALINI \u0160AKTI<\/p>\n<p>&nbsp;<br \/>\nOvaj tekst o Kundalini \u0160akti nastavak je teksta o Nadijima i simbolu zmije.[\/vc_column_text][\/vc_column][\/vc_row][vc_row][vc_column width=&#8221;1\/2&#8243;][vc_column_text]U nauci Joge skrivena mo\u0107 i ogromna energija predstavljena kao Kundalini \u0160akti, zmijska snaga.<br \/>\nNauka o toj energiji, Hatha i Kundalini Joga, vidi tri glavna nadija u energetskom, suptilnom telu \u010doveka i ovo su: Pingala (desni kanal prane), Ida (levi) i Su\u0161umna (centralni kanal) i oni su simboli\u010dno predstavljeni dvema isprepletenim zmijama.<br \/>\nSva tri nadija se kre\u0107u kroz suptilno energetsko telo. Oni &#8230;<\/p>\n","protected":false},"author":1,"featured_media":0,"parent":0,"menu_order":0,"comment_status":"closed","ping_status":"closed","template":"template-full-width.php","meta":{"_bbp_topic_count":0,"_bbp_reply_count":0,"_bbp_total_topic_count":0,"_bbp_total_reply_count":0,"_bbp_voice_count":0,"_bbp_anonymous_reply_count":0,"_bbp_topic_count_hidden":0,"_bbp_reply_count_hidden":0,"_bbp_forum_subforum_count":0,"inline_featured_image":false,"spay_email":""},"translation":{"provider":"WPGlobus","version":"3.0.1","language":"sr","enabled_languages":["en","de","sr"],"languages":{"en":{"title":true,"content":true,"excerpt":false},"de":{"title":false,"content":false,"excerpt":false},"sr":{"title":true,"content":true,"excerpt":false}}},"yoast_head":"<!-- This site is optimized with the Yoast SEO plugin v18.3 - https:\/\/yoast.com\/wordpress\/plugins\/seo\/ -->\n<title>Kundalini \u0160akti, zmijska snaga, skrivena mo\u0107 u ljudima - Lepota promene<\/title>\n<meta name=\"description\" content=\"Praktikovanje tehnika Hatha Joge dovodi do bu\u0111enja ogromne uspavane i potisnute snage, Kundalini \u0160akti koja se jo\u0161 naziva i zmijska snaga.\" \/>\n<meta name=\"robots\" content=\"index, follow, max-snippet:-1, max-image-preview:large, max-video-preview:-1\" \/>\n<link rel=\"canonical\" href=\"https:\/\/yogajagat.com\/kundalini-shakti-the-serpent-power\/\" \/>\n<meta name=\"twitter:label1\" content=\"Est. reading time\" \/>\n\t<meta name=\"twitter:data1\" content=\"8 minutes\" \/>\n<script type=\"application\/ld+json\" class=\"yoast-schema-graph\">{\"@context\":\"https:\/\/schema.org\",\"@graph\":[{\"@type\":\"Organization\",\"@id\":\"https:\/\/yogajagat.com\/#organization\",\"name\":\"Yogajagat\",\"url\":\"https:\/\/yogajagat.com\/\",\"sameAs\":[],\"logo\":{\"@type\":\"ImageObject\",\"@id\":\"https:\/\/yogajagat.com\/#logo\",\"inLanguage\":\"sr\",\"url\":\"https:\/\/i1.wp.com\/yogajagat.com\/wp-content\/uploads\/2019\/03\/DSC08478-Kopie-1.jpg?fit=798%2C800&ssl=1\",\"contentUrl\":\"https:\/\/i1.wp.com\/yogajagat.com\/wp-content\/uploads\/2019\/03\/DSC08478-Kopie-1.jpg?fit=798%2C800&ssl=1\",\"width\":798,\"height\":800,\"caption\":\"Yogajagat\"},\"image\":{\"@id\":\"https:\/\/yogajagat.com\/#logo\"}},{\"@type\":\"WebSite\",\"@id\":\"https:\/\/yogajagat.com\/#website\",\"url\":\"https:\/\/yogajagat.com\/\",\"name\":\"Lepota promene\",\"description\":\"Neprestanom promenom do najlepseg zivotnog iskustva\",\"publisher\":{\"@id\":\"https:\/\/yogajagat.com\/#organization\"},\"potentialAction\":[{\"@type\":\"SearchAction\",\"target\":{\"@type\":\"EntryPoint\",\"urlTemplate\":\"https:\/\/yogajagat.com\/?s={search_term_string}\"},\"query-input\":\"required name=search_term_string\"}],\"inLanguage\":\"sr\"},{\"@type\":\"ImageObject\",\"@id\":\"https:\/\/yogajagat.com\/kundalini-shakti-the-serpent-power\/#primaryimage\",\"inLanguage\":\"sr\",\"url\":\"http:\/\/yogajagat.com\/wp-content\/uploads\/2016\/05\/chakras-kundalini-4-638.jpg\",\"contentUrl\":\"http:\/\/yogajagat.com\/wp-content\/uploads\/2016\/05\/chakras-kundalini-4-638.jpg\"},{\"@type\":\"WebPage\",\"@id\":\"https:\/\/yogajagat.com\/kundalini-shakti-the-serpent-power\/#webpage\",\"url\":\"https:\/\/yogajagat.com\/kundalini-shakti-the-serpent-power\/\",\"name\":\"Kundalini \u0160akti, zmijska snaga, skrivena mo\u0107 u ljudima - Lepota promene\",\"isPartOf\":{\"@id\":\"https:\/\/yogajagat.com\/#website\"},\"primaryImageOfPage\":{\"@id\":\"https:\/\/yogajagat.com\/kundalini-shakti-the-serpent-power\/#primaryimage\"},\"datePublished\":\"2019-05-14T23:10:05+00:00\",\"dateModified\":\"2020-04-08T22:35:04+00:00\",\"description\":\"Praktikovanje tehnika Hatha Joge dovodi do bu\u0111enja ogromne uspavane i potisnute snage, Kundalini \u0160akti koja se jo\u0161 naziva i zmijska snaga.\",\"breadcrumb\":{\"@id\":\"https:\/\/yogajagat.com\/kundalini-shakti-the-serpent-power\/#breadcrumb\"},\"inLanguage\":\"sr\",\"potentialAction\":[{\"@type\":\"ReadAction\",\"target\":[\"https:\/\/yogajagat.com\/kundalini-shakti-the-serpent-power\/\"]}]},{\"@type\":\"BreadcrumbList\",\"@id\":\"https:\/\/yogajagat.com\/kundalini-shakti-the-serpent-power\/#breadcrumb\",\"itemListElement\":[{\"@type\":\"ListItem\",\"position\":1,\"name\":\"Home\",\"item\":\"https:\/\/yogajagat.com\/sr\/\"},{\"@type\":\"ListItem\",\"position\":2,\"name\":\"Kundalini Shakti, the Serpent Power\"}]}]}<\/script>\n<!-- \/ Yoast SEO plugin. -->","yoast_head_json":{"title":"Kundalini \u0160akti, zmijska snaga, skrivena mo\u0107 u ljudima - Lepota promene","description":"Praktikovanje tehnika Hatha Joge dovodi do bu\u0111enja ogromne uspavane i potisnute snage, Kundalini \u0160akti koja se jo\u0161 naziva i zmijska snaga.","robots":{"index":"index","follow":"follow","max-snippet":"max-snippet:-1","max-image-preview":"max-image-preview:large","max-video-preview":"max-video-preview:-1"},"canonical":"https:\/\/yogajagat.com\/kundalini-shakti-the-serpent-power\/","twitter_misc":{"Est. reading time":"8 minutes"},"schema":{"@context":"https:\/\/schema.org","@graph":[{"@type":"Organization","@id":"https:\/\/yogajagat.com\/#organization","name":"Yogajagat","url":"https:\/\/yogajagat.com\/","sameAs":[],"logo":{"@type":"ImageObject","@id":"https:\/\/yogajagat.com\/#logo","inLanguage":"sr","url":"https:\/\/i1.wp.com\/yogajagat.com\/wp-content\/uploads\/2019\/03\/DSC08478-Kopie-1.jpg?fit=798%2C800&ssl=1","contentUrl":"https:\/\/i1.wp.com\/yogajagat.com\/wp-content\/uploads\/2019\/03\/DSC08478-Kopie-1.jpg?fit=798%2C800&ssl=1","width":798,"height":800,"caption":"Yogajagat"},"image":{"@id":"https:\/\/yogajagat.com\/#logo"}},{"@type":"WebSite","@id":"https:\/\/yogajagat.com\/#website","url":"https:\/\/yogajagat.com\/","name":"Lepota promene","description":"Neprestanom promenom do najlepseg zivotnog iskustva","publisher":{"@id":"https:\/\/yogajagat.com\/#organization"},"potentialAction":[{"@type":"SearchAction","target":{"@type":"EntryPoint","urlTemplate":"https:\/\/yogajagat.com\/?s={search_term_string}"},"query-input":"required name=search_term_string"}],"inLanguage":"sr"},{"@type":"ImageObject","@id":"https:\/\/yogajagat.com\/kundalini-shakti-the-serpent-power\/#primaryimage","inLanguage":"sr","url":"http:\/\/yogajagat.com\/wp-content\/uploads\/2016\/05\/chakras-kundalini-4-638.jpg","contentUrl":"http:\/\/yogajagat.com\/wp-content\/uploads\/2016\/05\/chakras-kundalini-4-638.jpg"},{"@type":"WebPage","@id":"https:\/\/yogajagat.com\/kundalini-shakti-the-serpent-power\/#webpage","url":"https:\/\/yogajagat.com\/kundalini-shakti-the-serpent-power\/","name":"Kundalini \u0160akti, zmijska snaga, skrivena mo\u0107 u ljudima - Lepota promene","isPartOf":{"@id":"https:\/\/yogajagat.com\/#website"},"primaryImageOfPage":{"@id":"https:\/\/yogajagat.com\/kundalini-shakti-the-serpent-power\/#primaryimage"},"datePublished":"2019-05-14T23:10:05+00:00","dateModified":"2020-04-08T22:35:04+00:00","description":"Praktikovanje tehnika Hatha Joge dovodi do bu\u0111enja ogromne uspavane i potisnute snage, Kundalini \u0160akti koja se jo\u0161 naziva i zmijska snaga.","breadcrumb":{"@id":"https:\/\/yogajagat.com\/kundalini-shakti-the-serpent-power\/#breadcrumb"},"inLanguage":"sr","potentialAction":[{"@type":"ReadAction","target":["https:\/\/yogajagat.com\/kundalini-shakti-the-serpent-power\/"]}]},{"@type":"BreadcrumbList","@id":"https:\/\/yogajagat.com\/kundalini-shakti-the-serpent-power\/#breadcrumb","itemListElement":[{"@type":"ListItem","position":1,"name":"Home","item":"https:\/\/yogajagat.com\/sr\/"},{"@type":"ListItem","position":2,"name":"Kundalini Shakti, the Serpent Power"}]}]}},"_links":{"self":[{"href":"https:\/\/yogajagat.com\/sr\/wp-json\/wp\/v2\/pages\/3216"}],"collection":[{"href":"https:\/\/yogajagat.com\/sr\/wp-json\/wp\/v2\/pages"}],"about":[{"href":"https:\/\/yogajagat.com\/sr\/wp-json\/wp\/v2\/types\/page"}],"author":[{"embeddable":true,"href":"https:\/\/yogajagat.com\/sr\/wp-json\/wp\/v2\/users\/1"}],"replies":[{"embeddable":true,"href":"https:\/\/yogajagat.com\/sr\/wp-json\/wp\/v2\/comments?post=3216"}],"version-history":[{"count":17,"href":"https:\/\/yogajagat.com\/sr\/wp-json\/wp\/v2\/pages\/3216\/revisions"}],"predecessor-version":[{"id":5764,"href":"https:\/\/yogajagat.com\/sr\/wp-json\/wp\/v2\/pages\/3216\/revisions\/5764"}],"wp:attachment":[{"href":"https:\/\/yogajagat.com\/sr\/wp-json\/wp\/v2\/media?parent=3216"}],"curies":[{"name":"wp","href":"https:\/\/api.w.org\/{rel}","templated":true}]}}