{"id":3205,"date":"2019-05-15T00:11:25","date_gmt":"2019-05-14T23:11:25","guid":{"rendered":"http:\/\/yogajagat.com\/?page_id=3205"},"modified":"2020-02-28T21:47:43","modified_gmt":"2020-02-28T20:47:43","slug":"nadis-kundalini-snake-symbol","status":"publish","type":"page","link":"https:\/\/yogajagat.com\/sr\/nadiji-kundalini-simbol-zmije\/","title":{"rendered":"Nadiji, kundalini, simbol zmije"},"content":{"rendered":"[vc_row][vc_column][vc_column_text]\n<h3 style=\"text-align: center;\"><span style=\"color: #993300;\">SIMBOL ZMIJE<\/span><\/h3>\n<hr \/>\n<p>&nbsp;<\/p>\n<p>Zmija je povezana sa natprirodnim, misti\u010dnim, vi\u0161im silama i isceljenjem jo\u0161 od najranijeg vremena ljudske mitologije i religije. Ona je bila simbol misti\u010dnog, simbol sre\u0107e, podmla\u0111ivanja, terapije, plodnosti Zemlje, smrti.<\/p>\n<p>&nbsp;<\/p>\n<p>Najraniji poznati simbol zmije uvijene oko \u0161ipke je <em>Ningi\u0161zida<\/em>, mesopotamsko bo\u017eanstvo podzemlja iz 21. veka pre nove ere, u sumerskoj civilizaciji koja je verovala da se vasiona sastoji od ravnog diska zatvorenog sfernim krovom.<\/p>\n<p>&nbsp;<\/p>\n<p>U egipatskoj tradiciji boginja <em>Isis<\/em> je bila otelovljenje ljubavi, isceljenja, meseca, plodnosti i tako\u0111e je predstavljena zmijom.<\/p>\n<p>U gr\u010dkoj mitologiji, slika zmije zamotane oko \u0161tapa predstavlja <em>Asklepiosa<\/em>, gr\u010dkog boga isceljenja.<\/p>\n<div id=\"attachment_1315\" style=\"width: 90px\" class=\"wp-caption aligncenter\"><img aria-describedby=\"caption-attachment-1315\" loading=\"lazy\" class=\"size-full wp-image-1315\" src=\"https:\/\/i2.wp.com\/yogajagat.com\/wp-content\/uploads\/2016\/05\/Rod_of_asclepius.png?resize=80%2C204\" alt=\"nadiji kundalini simbol zmije\" width=\"80\" height=\"204\" data-recalc-dims=\"1\" \/><p id=\"caption-attachment-1315\" class=\"wp-caption-text\">Rod of Asclepius<\/p><\/div>\n<p>&nbsp;<\/p>\n<p>U gr\u010dkoj mitologiji, ponovo, slika dvostruke zmije, <em>kaducej<\/em>, bio je Hermesov znak (u rimskoj mitologiji: Merkur), vesnik bogova, za\u0161titnik putnika, trgovine i lopova, besmrtni predvodnik mrtvih.<\/p>\n<p>&nbsp;<\/p>\n<div id=\"attachment_1314\" style=\"width: 266px\" class=\"wp-caption aligncenter\"><img aria-describedby=\"caption-attachment-1314\" loading=\"lazy\" class=\"size-full wp-image-1314\" src=\"https:\/\/i1.wp.com\/yogajagat.com\/wp-content\/uploads\/2016\/05\/Caduceus.svg_.png?resize=256%2C305\" alt=\"simbol zmije\" width=\"256\" height=\"305\" srcset=\"https:\/\/i1.wp.com\/yogajagat.com\/wp-content\/uploads\/2016\/05\/Caduceus.svg_.png?w=256&amp;ssl=1 256w, https:\/\/i1.wp.com\/yogajagat.com\/wp-content\/uploads\/2016\/05\/Caduceus.svg_.png?resize=252%2C300&amp;ssl=1 252w\" sizes=\"(max-width: 256px) 100vw, 256px\" data-recalc-dims=\"1\" \/><p id=\"caption-attachment-1314\" class=\"wp-caption-text\">Caduceus<\/p><\/div>\n<p>&nbsp;<\/p>\n<p>Kroz religije i tradicije srednjeg veka i rano moderno vreme, danas se oba simbola, jednostruke i dvostruke zmije, koriste u razli\u010ditim lekarskim i terapeutskim udru\u017eenjima, zmija je amblem za farmaciju, koristi ga i vojne medicinske trupe, i neki politi\u010dari.<\/p>\n<p>&nbsp;<\/p>\n[\/vc_column_text][\/vc_column][\/vc_row][vc_row][vc_column][vc_column_text]\n<h3 style=\"text-align: center;\"><span style=\"color: #993300;\">NADIJI, KUNDALINI I SIMBOL ZMIJE<\/span><\/h3>\n<hr \/>\n<p>&nbsp;<\/p>\n<p>Nadiji, Kundalini i simbol zmije su tema mnogih starih indijskih tekstova.<\/p>\n<p>Simbol mirne zmije umotane tri i po puta predstavlja <em>Kundalini energiju.<\/em><\/p>\n<p>To je sasvim prirodna, mo\u0107na, duhovna energija koja je data svakom \u010doveku. Ipak je malom broju ljudi uspelo da u toku \u017eivota prepozna, o\u017eivi i do\u017eivi Kundalini energiju. O\u017eivljavanje ove mo\u0107ne energije se ne de\u0161ava bez neumorne samokontrole, iscrpnog i samodisciplinovanog truda, iako je predisponirana ro\u0111enjem.<\/p>\n<p><em>Ovo, naravno, ne zna\u010di da danas nema ljudi kojima je uspelo da prevazi\u0111u ni\u017eu prirodu i porive i tako do\u017eive <span style=\"color: #993300;\"><a style=\"color: #993300;\" href=\"https:\/\/yogajagat.com\/sr\/samadi-sta-se-desava-u-stanju-samadija\/\">jedinstveno spajanje<\/a>, <a href=\"https:\/\/yogajagat.com\/sr\/sidi-okultna-psihicka-moc-moc-jednoj-jogija\/\"><span style=\"color: #800080;\">nova stanja<\/span><\/a><\/span><span style=\"color: #800080;\">\u00a0svesti <\/span>i <a href=\"https:\/\/yogajagat.com\/sr\/sidi-okultna-psihicka-moc-moc-jednoj-jogija\/\"><span style=\"color: #993300;\">transformacije<\/span><\/a>.\u00a0Bitno je da se o temi, nadiji, kundalini, simbol zmije i sli\u010dnim temama manje \u010dita a vi\u0161e iskreno, bez prebrzog sveznaju\u0107eg ega, snobisti\u010dkog umi\u0161ljanja i koruptivnog preuveli\u010davanja tehnike ove prastare nauke, a time i &#8220;mo\u0107 zmije&#8221; , praktikuju i li\u010dno do\u017eive.<\/em><\/p>\n<p>Jedan od tekstova u kojima je Kundalini energija predstavljena zmijom je i tekst <em>Purnanande<\/em>\u00a0iz 16. veka,\u00a0<em>\u0160ri Tattva \u010cintamani. <\/em>\u0160esto poglavlje ovog obimnog teskta je tekst za sebe,<em> Sat \u010cakra Nirupana.\u00a0<\/em><\/p>\n<p>Ovaj tekst je nauka o \u010dakrama, centrima najrafiniranije energije. Ova nauka ka\u017ee slede\u0107e.<\/p>\n<p>&nbsp;<\/p>\n<p>Sa desne i leve strane ki\u010dmene mo\u017edine,<em>\u00a0meru, <\/em>nalaze se dva sporedna <a href=\"https:\/\/yogajagat.com\/sr\/svrha-hatha-joge-kuda-vodi-hatha-joga\/\"><span style=\"color: #993300;\">nadija<\/span><\/a>,\u00a0<em>pingala i ida,\u00a0<\/em>koji nose prirodu sunca i meseca. U sredini kanala se nalazi <em>su\u0161umna<\/em>, centar svesti, koji nosi ima odlike sunca, meseca i vatre. On se uzdi\u017ee iz Muladara \u010dakre, skoro samom kraju gornjeg dela tela, ka sredini glave.<\/p>\n<p>U sredini Su\u0161umne nalazi se kanal <em>Vajra<\/em> u kome je jos finiji energetski kanal, <em>citrini<\/em>. Ovde je\u00a0<em>brahmanadi<\/em>, \u0161uplja putanja koja se prote\u017ee od skoro samog kraja ki\u010dme do temena glave, <em>Sahasrari<\/em>, lotus sa hiljadu latica. Ulaz ovog kanala je <em>brahmadvara.<\/em><\/p>\n<p>&nbsp;<\/p>\n<p><em>Muladara \u010dakra <\/em>je vitalni, energetski centar koji se nalazi u predelu stidne kosti.<\/p>\n<p>Muladara \u010dakra je nosilac najni\u017ee ljudske prirode zna\u010di \u010disto \u017eivotinjske. To je \u010disto pre\u017eivljavanje, sigurnost (materijalna), samoodr\u017eavanje, \u017eivotinjski nagon, seks, strahovi u vezi opstanka, nedostatak poverenja, \u010dulni ose\u0107aj je miris, i tako dalje.<\/p>\n<p>Muladara \u010dakra je mesto gde se sastaju <em>kanda<\/em> i <em>su\u0161umna<\/em>.<\/p>\n<p>Ovaj centar je vi\u0111en sa \u010detiri latice na kojima se nalaze slogovi <em>va, \u0161a, sa<\/em> i <em>sa<\/em> u smeru kazaljke na satu (<em>daksinavarta yoga\u00a0<\/em>). Element ovog centra je zemlja, boja je crvena (u nekim tekstovima i iskustvima zlatna), u centru se nalazi centar forme kvadrata koji nosi &#8220;semenu&#8221; mantru<em>\u00a0lam.<\/em><\/p>\n<p><img loading=\"lazy\" class=\"aligncenter size-full wp-image-5508\" src=\"https:\/\/i0.wp.com\/yogajagat.com\/wp-content\/uploads\/2020\/02\/DSC02800.jpg?resize=320%2C318\" alt=\"nadis kundalini snake symbol nadiji simbol zmije\" width=\"320\" height=\"318\" srcset=\"https:\/\/i0.wp.com\/yogajagat.com\/wp-content\/uploads\/2020\/02\/DSC02800.jpg?w=320&amp;ssl=1 320w, https:\/\/i0.wp.com\/yogajagat.com\/wp-content\/uploads\/2020\/02\/DSC02800.jpg?resize=300%2C298&amp;ssl=1 300w, https:\/\/i0.wp.com\/yogajagat.com\/wp-content\/uploads\/2020\/02\/DSC02800.jpg?resize=150%2C150&amp;ssl=1 150w, https:\/\/i0.wp.com\/yogajagat.com\/wp-content\/uploads\/2020\/02\/DSC02800.jpg?resize=71%2C71&amp;ssl=1 71w, https:\/\/i0.wp.com\/yogajagat.com\/wp-content\/uploads\/2020\/02\/DSC02800.jpg?resize=36%2C36&amp;ssl=1 36w\" sizes=\"(max-width: 320px) 100vw, 320px\" data-recalc-dims=\"1\" \/><\/p>\n<p>&nbsp;<\/p>\n<p>&#8220;Semena&#8221; zna\u010di da nikne ono \u0161to se poseje, i da se \u017eanje ono \u0161to nikne, kao rezultat li\u010dnog truda. Ponavljanjem ove semene mantre meditira se na <em>Brahmu<\/em> (po nekima je to i <em>Indra, <\/em>predvodnik po\u017ertvovanja), sa njegovim &#8220;vozilom&#8221; koji je slon (najve\u0107a i najjsna\u017enija kopnena \u017eivotinja na zemlji), koji ima \u010detiri lica na kojima su \u010detiri <em>Vede. <\/em>Ovde se nalazi i\u00a0<em>Dakini<\/em>, boginja sa \u010detiri ruke.<em> Brahma (stvaraoc) je jedno od tri glavna bo\u017eanstva pored Vi\u0161ne (odr\u017eavaoca) i \u0160ive (onaj koji uni\u0161tava i ponovo stvara), ne me\u0161ati sa Brahman, centralna tema hindu filozofije, vrhovna istina, besmrtni apsolut.<\/em><\/p>\n<p>Unutar kvadrata nalazi se polje trougla sa \u0161picom okrenutim na dole, <em>Triapura<\/em>, koji je sedi\u0161te boginje <em>Trupurasundari<\/em>. Ovaj centar se nalazi na ulazu nerva <em>Vajra, <\/em>koji se nalazi u sredini su\u0161umne i\u00a0kroz ovaj centar te\u010de energija\u00a0<em>kandarpa<\/em>, \u010destice koje nose i kontroli\u0161u oli\u010denje bi\u0107a.<\/p>\n<p>U ovom trouglu nalazi se <em>svayambhu linga, <\/em>simbol koji predstavlja<em> \u0160ivu, <\/em>mu\u0161ki aspekt kreacije, ili stvaranja. Snaga ovog centra, <em>Ka\u0161i<\/em>, realizuje se meditacijom i znanjem.<\/p>\n<p>Iznad ove linge je\u00a0<em>kulakundalini<\/em> u uspavanom stanju koja pokriva otvor <em>brahmadvare<\/em>, ulaz u <em>Brahmu.<\/em>\u00a0Nalazi se na samom kraju ki\u010dme.<\/p>\n<p>Tako, Kundalini ima formu tri i po puta umotane, uspavane zmije. Zato se ka\u017ee da je Kundalini uspavani potencijal u \u010doveku. &#8220;Bu\u0111enje&#8221; ili o\u017eivljavanje ove energije uglavnom zavisi od samog \u010doveka i njegovih aktivnosti, iako je ovaj potencijal svakako dat ro\u0111enjem.<\/p>\n<p>U <em>kulakundalini<\/em> obitava vrhovno bo\u017eanstvo,\u00a0<em>Parame\u0161vara<\/em>, ono je ispunjeno \u010distim bla\u017eenstvom i poseduje beskona\u010dno znanje.\u00a0Ono je svemo\u0107no, zove se <em>Kala<\/em> i istovetno je sa <em>nada\u0161akti.<\/em><\/p>\n<p>&nbsp;<\/p>\n<p>Pored ovoga, Patan\u0111alijevo ime je u literaturi dovo\u0111eno u vezu sa\u00a0<em>Adi\u0161esom<\/em>, \u0161to je prvobitna zmija. Sam Patan\u0111ali je smatran za inkarnaciju gospoda zmija, <em>Ananta<\/em>.<\/p>\n<p>&nbsp;<\/p>\n<p>&nbsp;<\/p>\n<p>&nbsp;<\/p>\n[\/vc_column_text][\/vc_column][\/vc_row]\n","protected":false},"excerpt":{"rendered":"<p>[vc_row][vc_column][vc_column_text]<br \/>\nSIMBOL ZMIJE<\/p>\n<p>&nbsp;<br \/>\nZmija je povezana sa natprirodnim, misti\u010dnim, vi\u0161im silama i isceljenjem jo\u0161 od najranijeg vremena ljudske mitologije i religije. Ona je bila simbol misti\u010dnog, simbol sre\u0107e, podmla\u0111ivanja, terapije, plodnosti Zemlje, smrti.<br \/>\n&nbsp;<br \/>\nNajraniji poznati simbol zmije uvijene oko \u0161ipke je Ningi\u0161zida, mesopotamsko bo\u017eanstvo podzemlja iz 21. veka pre nove ere, u sumerskoj civilizaciji koja je verovala da se vasiona sastoji od ravnog diska zatvorenog sfernim krovom.<br \/>\n&nbsp;<br \/>\nU egipatskoj tradiciji boginja Isis je bila otelovljenje ljubavi, &#8230;<\/p>\n","protected":false},"author":1,"featured_media":0,"parent":0,"menu_order":0,"comment_status":"closed","ping_status":"closed","template":"template-full-width.php","meta":{"_bbp_topic_count":0,"_bbp_reply_count":0,"_bbp_total_topic_count":0,"_bbp_total_reply_count":0,"_bbp_voice_count":0,"_bbp_anonymous_reply_count":0,"_bbp_topic_count_hidden":0,"_bbp_reply_count_hidden":0,"_bbp_forum_subforum_count":0,"inline_featured_image":false,"spay_email":""},"translation":{"provider":"WPGlobus","version":"3.0.1","language":"sr","enabled_languages":["en","de","sr"],"languages":{"en":{"title":true,"content":true,"excerpt":false},"de":{"title":false,"content":false,"excerpt":false},"sr":{"title":true,"content":true,"excerpt":false}}},"yoast_head":"<!-- This site is optimized with the Yoast SEO plugin v18.3 - https:\/\/yoast.com\/wordpress\/plugins\/seo\/ -->\n<title>Nadiji, kundalini, simbol zmije - Lepota promene<\/title>\n<meta name=\"description\" content=\"Zmija je povezana sa nadprirodnim, misti\u010dnim, vi\u0161im silama i isceljenjem jo\u0161 od najranijih mitologija i religija. Nadiji, Kundalini i simbol zmije.\" \/>\n<meta name=\"robots\" content=\"index, follow, max-snippet:-1, max-image-preview:large, max-video-preview:-1\" \/>\n<link rel=\"canonical\" href=\"https:\/\/yogajagat.com\/nadis-kundalini-snake-symbol\/\" \/>\n<meta name=\"twitter:label1\" content=\"Est. reading time\" \/>\n\t<meta name=\"twitter:data1\" content=\"10 minutes\" \/>\n<script type=\"application\/ld+json\" class=\"yoast-schema-graph\">{\"@context\":\"https:\/\/schema.org\",\"@graph\":[{\"@type\":\"Organization\",\"@id\":\"https:\/\/yogajagat.com\/#organization\",\"name\":\"Yogajagat\",\"url\":\"https:\/\/yogajagat.com\/\",\"sameAs\":[],\"logo\":{\"@type\":\"ImageObject\",\"@id\":\"https:\/\/yogajagat.com\/#logo\",\"inLanguage\":\"sr\",\"url\":\"https:\/\/i1.wp.com\/yogajagat.com\/wp-content\/uploads\/2019\/03\/DSC08478-Kopie-1.jpg?fit=798%2C800&ssl=1\",\"contentUrl\":\"https:\/\/i1.wp.com\/yogajagat.com\/wp-content\/uploads\/2019\/03\/DSC08478-Kopie-1.jpg?fit=798%2C800&ssl=1\",\"width\":798,\"height\":800,\"caption\":\"Yogajagat\"},\"image\":{\"@id\":\"https:\/\/yogajagat.com\/#logo\"}},{\"@type\":\"WebSite\",\"@id\":\"https:\/\/yogajagat.com\/#website\",\"url\":\"https:\/\/yogajagat.com\/\",\"name\":\"Lepota promene\",\"description\":\"Neprestanom promenom do najlepseg zivotnog iskustva\",\"publisher\":{\"@id\":\"https:\/\/yogajagat.com\/#organization\"},\"potentialAction\":[{\"@type\":\"SearchAction\",\"target\":{\"@type\":\"EntryPoint\",\"urlTemplate\":\"https:\/\/yogajagat.com\/?s={search_term_string}\"},\"query-input\":\"required name=search_term_string\"}],\"inLanguage\":\"sr\"},{\"@type\":\"ImageObject\",\"@id\":\"https:\/\/yogajagat.com\/nadis-kundalini-snake-symbol\/#primaryimage\",\"inLanguage\":\"sr\",\"url\":\"http:\/\/yogajagat.com\/wp-content\/uploads\/2016\/05\/Caduceus.svg_.png\",\"contentUrl\":\"http:\/\/yogajagat.com\/wp-content\/uploads\/2016\/05\/Caduceus.svg_.png\"},{\"@type\":\"WebPage\",\"@id\":\"https:\/\/yogajagat.com\/nadis-kundalini-snake-symbol\/#webpage\",\"url\":\"https:\/\/yogajagat.com\/nadis-kundalini-snake-symbol\/\",\"name\":\"Nadiji, kundalini, simbol zmije - Lepota promene\",\"isPartOf\":{\"@id\":\"https:\/\/yogajagat.com\/#website\"},\"primaryImageOfPage\":{\"@id\":\"https:\/\/yogajagat.com\/nadis-kundalini-snake-symbol\/#primaryimage\"},\"datePublished\":\"2019-05-14T23:11:25+00:00\",\"dateModified\":\"2020-02-28T20:47:43+00:00\",\"description\":\"Zmija je povezana sa nadprirodnim, misti\u010dnim, vi\u0161im silama i isceljenjem jo\u0161 od najranijih mitologija i religija. Nadiji, Kundalini i simbol zmije.\",\"breadcrumb\":{\"@id\":\"https:\/\/yogajagat.com\/nadis-kundalini-snake-symbol\/#breadcrumb\"},\"inLanguage\":\"sr\",\"potentialAction\":[{\"@type\":\"ReadAction\",\"target\":[\"https:\/\/yogajagat.com\/nadis-kundalini-snake-symbol\/\"]}]},{\"@type\":\"BreadcrumbList\",\"@id\":\"https:\/\/yogajagat.com\/nadis-kundalini-snake-symbol\/#breadcrumb\",\"itemListElement\":[{\"@type\":\"ListItem\",\"position\":1,\"name\":\"Home\",\"item\":\"https:\/\/yogajagat.com\/sr\/\"},{\"@type\":\"ListItem\",\"position\":2,\"name\":\"Nadis Kundalini Snake Symbol\"}]}]}<\/script>\n<!-- \/ Yoast SEO plugin. -->","yoast_head_json":{"title":"Nadiji, kundalini, simbol zmije - Lepota promene","description":"Zmija je povezana sa nadprirodnim, misti\u010dnim, vi\u0161im silama i isceljenjem jo\u0161 od najranijih mitologija i religija. Nadiji, Kundalini i simbol zmije.","robots":{"index":"index","follow":"follow","max-snippet":"max-snippet:-1","max-image-preview":"max-image-preview:large","max-video-preview":"max-video-preview:-1"},"canonical":"https:\/\/yogajagat.com\/nadis-kundalini-snake-symbol\/","twitter_misc":{"Est. reading time":"10 minutes"},"schema":{"@context":"https:\/\/schema.org","@graph":[{"@type":"Organization","@id":"https:\/\/yogajagat.com\/#organization","name":"Yogajagat","url":"https:\/\/yogajagat.com\/","sameAs":[],"logo":{"@type":"ImageObject","@id":"https:\/\/yogajagat.com\/#logo","inLanguage":"sr","url":"https:\/\/i1.wp.com\/yogajagat.com\/wp-content\/uploads\/2019\/03\/DSC08478-Kopie-1.jpg?fit=798%2C800&ssl=1","contentUrl":"https:\/\/i1.wp.com\/yogajagat.com\/wp-content\/uploads\/2019\/03\/DSC08478-Kopie-1.jpg?fit=798%2C800&ssl=1","width":798,"height":800,"caption":"Yogajagat"},"image":{"@id":"https:\/\/yogajagat.com\/#logo"}},{"@type":"WebSite","@id":"https:\/\/yogajagat.com\/#website","url":"https:\/\/yogajagat.com\/","name":"Lepota promene","description":"Neprestanom promenom do najlepseg zivotnog iskustva","publisher":{"@id":"https:\/\/yogajagat.com\/#organization"},"potentialAction":[{"@type":"SearchAction","target":{"@type":"EntryPoint","urlTemplate":"https:\/\/yogajagat.com\/?s={search_term_string}"},"query-input":"required name=search_term_string"}],"inLanguage":"sr"},{"@type":"ImageObject","@id":"https:\/\/yogajagat.com\/nadis-kundalini-snake-symbol\/#primaryimage","inLanguage":"sr","url":"http:\/\/yogajagat.com\/wp-content\/uploads\/2016\/05\/Caduceus.svg_.png","contentUrl":"http:\/\/yogajagat.com\/wp-content\/uploads\/2016\/05\/Caduceus.svg_.png"},{"@type":"WebPage","@id":"https:\/\/yogajagat.com\/nadis-kundalini-snake-symbol\/#webpage","url":"https:\/\/yogajagat.com\/nadis-kundalini-snake-symbol\/","name":"Nadiji, kundalini, simbol zmije - Lepota promene","isPartOf":{"@id":"https:\/\/yogajagat.com\/#website"},"primaryImageOfPage":{"@id":"https:\/\/yogajagat.com\/nadis-kundalini-snake-symbol\/#primaryimage"},"datePublished":"2019-05-14T23:11:25+00:00","dateModified":"2020-02-28T20:47:43+00:00","description":"Zmija je povezana sa nadprirodnim, misti\u010dnim, vi\u0161im silama i isceljenjem jo\u0161 od najranijih mitologija i religija. Nadiji, Kundalini i simbol zmije.","breadcrumb":{"@id":"https:\/\/yogajagat.com\/nadis-kundalini-snake-symbol\/#breadcrumb"},"inLanguage":"sr","potentialAction":[{"@type":"ReadAction","target":["https:\/\/yogajagat.com\/nadis-kundalini-snake-symbol\/"]}]},{"@type":"BreadcrumbList","@id":"https:\/\/yogajagat.com\/nadis-kundalini-snake-symbol\/#breadcrumb","itemListElement":[{"@type":"ListItem","position":1,"name":"Home","item":"https:\/\/yogajagat.com\/sr\/"},{"@type":"ListItem","position":2,"name":"Nadis Kundalini Snake Symbol"}]}]}},"_links":{"self":[{"href":"https:\/\/yogajagat.com\/sr\/wp-json\/wp\/v2\/pages\/3205"}],"collection":[{"href":"https:\/\/yogajagat.com\/sr\/wp-json\/wp\/v2\/pages"}],"about":[{"href":"https:\/\/yogajagat.com\/sr\/wp-json\/wp\/v2\/types\/page"}],"author":[{"embeddable":true,"href":"https:\/\/yogajagat.com\/sr\/wp-json\/wp\/v2\/users\/1"}],"replies":[{"embeddable":true,"href":"https:\/\/yogajagat.com\/sr\/wp-json\/wp\/v2\/comments?post=3205"}],"version-history":[{"count":19,"href":"https:\/\/yogajagat.com\/sr\/wp-json\/wp\/v2\/pages\/3205\/revisions"}],"predecessor-version":[{"id":5593,"href":"https:\/\/yogajagat.com\/sr\/wp-json\/wp\/v2\/pages\/3205\/revisions\/5593"}],"wp:attachment":[{"href":"https:\/\/yogajagat.com\/sr\/wp-json\/wp\/v2\/media?parent=3205"}],"curies":[{"name":"wp","href":"https:\/\/api.w.org\/{rel}","templated":true}]}}