{"id":3203,"date":"2019-05-15T00:12:00","date_gmt":"2019-05-14T23:12:00","guid":{"rendered":"http:\/\/yogajagat.com\/?page_id=3203"},"modified":"2020-04-09T00:33:45","modified_gmt":"2020-04-08T22:33:45","slug":"the-main-purpose-of-hatha-yoga","status":"publish","type":"page","link":"https:\/\/yogajagat.com\/sr\/svrha-hatha-joge-kuda-vodi-hatha-joga\/","title":{"rendered":"Svrha Hatha Joge. Kuda vodi Hatha Joga"},"content":{"rendered":"[vc_row][vc_column][vc_column_text]\n<h3 style=\"text-align: center;\"><span style=\"color: #993300;\">SVRHA HATHA JOGE<\/span><\/h3>\n<hr \/>\n<p>&nbsp;<\/p>\n<p>Glavna svrha Hatha Joge i cilj njenog praktikovanja daleko je od toga da se ima dobro oblikovano i privla\u010dno mi\u0161i\u0107avo telo.<\/p>\n<p>Praktikovanje joge u poslednjem veku nije ono sto je bilo kada je Hatha Joga <a href=\"https:\/\/yogajagat.com\/sr\/hatha-joga-tehnike-patandjali\/\"><span style=\"color: #993300;\">nastala<\/span>.<\/a> Danas ljudi praktikuju ili \u010desto &#8220;rade&#8221; joga polo\u017eaje i misle da praktikuju Jogu. Praktikovanje asana je odlicna preventivna medicina ali je svakako samo mali deo onoga \u0161to bi \u010dovek trebao da menja da bi svoj zivot proveo \u010dasno i u emotivnom, mentalnom, du\u0161evnom i telesnom zdravlju. Na svim stranicama ove knjige-web stranice mo\u017eete \u010ditati o tome \u0161ta biste mogli da promenite a na ovoj stranici \u0107emo kratko pomenuti koja je glavna svrha Hatha Joge.<\/p>\n<p>Glavna svrha Hatha Joge je bu\u0111enje velike unutra\u0161nje snage u \u010doveku. Zvu\u010di teoretski, ali sre\u0107om to nije \u010dista teorija i dogma.<\/p>\n<p>Ta unutra\u0161nja snaga se zove <a href=\"https:\/\/yogajagat.com\/sr\/kundalini-sakti-zmijska-snaga\/\"><span style=\"color: #993300;\">Kundalini \u0160akti, <\/span><\/a>To je skrivena kosmi\u010dka <a href=\"https:\/\/yogajagat.com\/sr\/prana-i-pet-slojeva-energetskog-tela\/\"><span style=\"color: #993300;\">prana <\/span><\/a>ili vitalna energija. To je na\u0161a mo\u0107na duhovna energija. Ona je ogroman potencijal u svakom ljudskom bi\u0107u i njegova najve\u0107a mo\u0107. Ova uspavana snaga se, prema spoznajama i iskustvima starih naroda, nalazi u donjem delu na\u0161e ki\u010dme. Svakako ta snaga i taj potencijal nisu ne\u0161to \u0161to se mo\u017ee opipati \u010dulom dodira.[\/vc_column_text][\/vc_column][\/vc_row][vc_row][vc_column][vc_custom_heading text=&#8221;Struktura ki\u010dme&#8221; font_container=&#8221;tag:h2|text_align:center|color:%231ba2b7&#8243; google_fonts=&#8221;font_family:Ubuntu%3A300%2C300italic%2Cregular%2Citalic%2C500%2C500italic%2C700%2C700italic|font_style:300%20light%20italic%3A300%3Aitalic&#8221;][\/vc_column][\/vc_row][vc_row][vc_column][vc_column_text]\n<hr \/>\n<p>&nbsp;<\/p>\n<p>Na\u0161a ki\u010dma je jedan krivi stub sa\u010dinjen od 24 fleksibilnijih pr\u0161ljena povezanih sa jo\u0161 9 nespretnijih, i sve te pr\u0161ljenove dr\u017ei vi\u0161e od 30 sna\u017enih mi\u0161i\u0107a.<\/p>\n<p>Taj na\u0161 iskrivljeni stub ima po dva otvora sa svake strane i kroz njih prolaze nervi.<\/p>\n<p>Na\u0161a ki\u010dma je \u0161uplja i duboko u njenoj \u0161upljini \u017eivi masa koja se zove <em>ki\u010dmena mo\u017edina<\/em>. To je najva\u017eniji sistem komunikacije izme\u0111u mozga i ostalog dela tela jer nosi nerve, a nervi nose informacije.<\/p>\n<p>Ki\u010dmena mo\u017edina je okru\u017eena razli\u010ditim slojevima vlakana i te\u010dno\u0161\u0107u koja neprestano cirkuli\u0161e i pulsira jo\u0161 od kada smo bili oko tri nedelje mladi embrioni, i prestaje da cirkuli\u0161e nekoliko sati posle smrti na\u0161eg fizi\u010dkog tela.<\/p>\n<p>&nbsp;<\/p>\n<p>To je ono \u0161to nauka koja barata pincetama, skalpelima\u00a0 i zapanjuju\u0107im, super mo\u0107nim ma\u0161inama koje na\u0161e telo posmatraju u tri ili \u010detiri dimenzije mo\u017ee da nam ka\u017ee o na\u0161oj ki\u010dmi.<\/p>\n<p>Me\u0111utim, sve bi bilo mnogo lak\u0161e da je na\u0161e telo samo gomila kostiju i mesa.<\/p>\n<p>&nbsp;<\/p>\n<p>U staro vreme \u010dovek nije imao sna\u017ene precizne ma\u0161ine i nije istra\u017eivao grubo fizi\u010dko telo ve\u0107 njegovu suptilnu prirodu. Kroz svoje iskustvo stekao je, svojim vlastitim, nadljudskim mo\u0107ima, znanje o svom suptilnom telu.<\/p>\n<p>Svoje znanje o vi\u0161edimenzionalnoj strukturi postojanja zatim je preneo i u knjige koje i dalje predstavljaju najve\u0107u ljudsku mudrost.<\/p>\n<p>&nbsp;<\/p>\n[\/vc_column_text][\/vc_column][\/vc_row][vc_row][vc_column][vc_column_text]<img loading=\"lazy\" class=\"aligncenter size-full wp-image-5501\" src=\"https:\/\/i2.wp.com\/yogajagat.com\/wp-content\/uploads\/2020\/02\/331805_10150357370557512_2029158895_o.jpg?resize=427%2C640\" alt=\"svrha hatha joge aim of hatha yoga\" width=\"427\" height=\"640\" srcset=\"https:\/\/i2.wp.com\/yogajagat.com\/wp-content\/uploads\/2020\/02\/331805_10150357370557512_2029158895_o.jpg?w=427&amp;ssl=1 427w, https:\/\/i2.wp.com\/yogajagat.com\/wp-content\/uploads\/2020\/02\/331805_10150357370557512_2029158895_o.jpg?resize=200%2C300&amp;ssl=1 200w\" sizes=\"(max-width: 427px) 100vw, 427px\" data-recalc-dims=\"1\" \/>[\/vc_column_text][\/vc_column][\/vc_row][vc_row][vc_column][vc_custom_heading text=&#8221;Prana i nadiji&#8221; font_container=&#8221;tag:h2|text_align:center|color:%231ba2b7&#8243; google_fonts=&#8221;font_family:Ubuntu%3A300%2C300italic%2Cregular%2Citalic%2C500%2C500italic%2C700%2C700italic|font_style:300%20light%20italic%3A300%3Aitalic&#8221;][\/vc_column][\/vc_row][vc_row][vc_column][vc_column_text]\n<hr \/>\n<p>&nbsp;<\/p>\n<p>Kroz dva otvora sa svake strane ki\u010dme, kroz dva fizi\u010dka prolaza nerava, teku dva prana kanala ili <em>Nadiji<\/em>.<\/p>\n<p><em>Prana<\/em> je vitalna energija ili \u017eivotna snaga. Prana se jo\u0161 naziva i Ki, Chi ili Mana. Izraz \u201eenergija\u201c se ovde koristi u nedostatku boljeg izraza.<\/p>\n<p>&nbsp;<\/p>\n<p>Re\u010d <em>nadi<\/em> zna\u010di reka ili kanal. Nadiji nisu nervi ve\u0107 su to suptilni kanali koji nose pranu. Prema drevnim \u00a0tekstovima Joge postoje 72 000 nadija. <em>Siva Samhita<\/em>, jo\u0161 jedan tekst Hatha Joge govori o 350 000 nadija.<\/p>\n<p>&nbsp;<\/p>\n<p>Pre oko pedeset godina ovi kanali prane i njihove vibracije su pomo\u0107u Kirlian metode fotografije i uslikane. Od tada su mnogi istra\u017eiva\u010di iz oblasti psihologije, parapsihologije, religije, kineziologije i drugih nauka dokazali postojanje i pulsiranje prane.<\/p>\n<p>&nbsp;<\/p>\n<p>Levi kanal se zove <em>Ida Nadi<\/em>, a desni <em>Pingala Nadi<\/em>. Oni odgovaraju dvema fizi\u010dkim prolazima kuda prolaze nervi.<\/p>\n<p>\u0160upljina ki\u010dme je pranski kanal koji se zove <em>Su\u0161umna Nadi<\/em> ili centralni prostor i odgovara ki\u010dmenoj mo\u017edini (neki delovi \u0161upljine ki\u010dme se na jeziku medicine tako\u0111e nazivaju i prostorni, <em>space<\/em>).<\/p>\n<p>Taj centralni kanal prane \u010dine tri nivoa \u00a0ba\u0161 kao \u0161to prikazuju moderni, super mo\u0107ne medicinske ma\u0161ine koje posmatraju telo u tri ili \u010detiri diemnzije.<\/p>\n<p>Ova tri kanala prane su, zna\u010di, tri suptilna kanala.<\/p>\n<p>&nbsp;<\/p>\n<p>Glavna svrha i vi\u0161i cilj Hatha Joge je bu\u0111enje<em> Kundalini<\/em> i ujedinjenje individualnog \u010dovekovog bi\u0107a i kosmi\u010dke svesti. Ovo prosvetljeno stanje naziva se Samadi.<\/p>\n<p>&nbsp;<\/p>\n<p>Bu\u0111enje Kundalini energije (\u0161akti) mogu\u0107e je onda kada je protok prane kroz energetske kanale Ide i Pingali, ili na fizi\u010dkom nivou kroz parasimpati\u010dki i simpati\u010dki nervni sistem, uravnote\u017een.<\/p>\n<p>&nbsp;<\/p>\n<p>Ovako, zna\u010di, jogi\u010dko praktikovanje tehnike disanja i asana dovode \u010dovekovu svest do<a href=\"https:\/\/yogajagat.com\/sr\/visa-transformacija-svesti-stadijumi-samadija\/\"><span style=\"color: #993300;\"> vi\u0161eg stanja<\/span> <\/a>njegovog bi\u0107a.<\/p>\n<p>&nbsp;<\/p>\n[\/vc_column_text][\/vc_column][\/vc_row]\n","protected":false},"excerpt":{"rendered":"<p>[vc_row][vc_column][vc_column_text]<br \/>\nSVRHA HATHA JOGE<\/p>\n<p>&nbsp;<br \/>\nGlavna svrha Hatha Joge i cilj njenog praktikovanja daleko je od toga da se ima dobro oblikovano i privla\u010dno mi\u0161i\u0107avo telo.<br \/>\nPraktikovanje joge u poslednjem veku nije ono sto je bilo kada je Hatha Joga nastala. Danas ljudi praktikuju ili \u010desto &#8220;rade&#8221; joga polo\u017eaje i misle da praktikuju Jogu. Praktikovanje asana je odlicna preventivna medicina ali je svakako samo mali deo onoga \u0161to bi \u010dovek trebao da menja da bi svoj zivot proveo \u010dasno &#8230;<\/p>\n","protected":false},"author":1,"featured_media":0,"parent":0,"menu_order":0,"comment_status":"closed","ping_status":"closed","template":"template-full-width.php","meta":{"_bbp_topic_count":0,"_bbp_reply_count":0,"_bbp_total_topic_count":0,"_bbp_total_reply_count":0,"_bbp_voice_count":0,"_bbp_anonymous_reply_count":0,"_bbp_topic_count_hidden":0,"_bbp_reply_count_hidden":0,"_bbp_forum_subforum_count":0,"inline_featured_image":false,"spay_email":""},"translation":{"provider":"WPGlobus","version":"3.0.1","language":"sr","enabled_languages":["en","de","sr"],"languages":{"en":{"title":true,"content":true,"excerpt":false},"de":{"title":true,"content":false,"excerpt":false},"sr":{"title":true,"content":true,"excerpt":false}}},"yoast_head":"<!-- This site is optimized with the Yoast SEO plugin v18.3 - https:\/\/yoast.com\/wordpress\/plugins\/seo\/ -->\n<title>Svrha Hatha Joge. Kuda vodi Hatha Joga - Lepota promene<\/title>\n<meta name=\"description\" content=\"Glavna svrha Hatha Joge i cilj njenog praktikovanja nije imati dobro oblikovano zgodno telo ve\u0107 bu\u0111enje na\u0161e ogromne duhovne snage, Kundalini \u0160akti...\" \/>\n<meta name=\"robots\" content=\"index, follow, max-snippet:-1, max-image-preview:large, max-video-preview:-1\" \/>\n<link rel=\"canonical\" href=\"https:\/\/yogajagat.com\/the-main-purpose-of-hatha-yoga\/\" \/>\n<meta name=\"twitter:label1\" content=\"Est. reading time\" \/>\n\t<meta name=\"twitter:data1\" content=\"9 minutes\" \/>\n<script type=\"application\/ld+json\" class=\"yoast-schema-graph\">{\"@context\":\"https:\/\/schema.org\",\"@graph\":[{\"@type\":\"Organization\",\"@id\":\"https:\/\/yogajagat.com\/#organization\",\"name\":\"Yogajagat\",\"url\":\"https:\/\/yogajagat.com\/\",\"sameAs\":[],\"logo\":{\"@type\":\"ImageObject\",\"@id\":\"https:\/\/yogajagat.com\/#logo\",\"inLanguage\":\"sr\",\"url\":\"https:\/\/i1.wp.com\/yogajagat.com\/wp-content\/uploads\/2019\/03\/DSC08478-Kopie-1.jpg?fit=798%2C800&ssl=1\",\"contentUrl\":\"https:\/\/i1.wp.com\/yogajagat.com\/wp-content\/uploads\/2019\/03\/DSC08478-Kopie-1.jpg?fit=798%2C800&ssl=1\",\"width\":798,\"height\":800,\"caption\":\"Yogajagat\"},\"image\":{\"@id\":\"https:\/\/yogajagat.com\/#logo\"}},{\"@type\":\"WebSite\",\"@id\":\"https:\/\/yogajagat.com\/#website\",\"url\":\"https:\/\/yogajagat.com\/\",\"name\":\"Lepota promene\",\"description\":\"Neprestanom promenom do najlepseg zivotnog iskustva\",\"publisher\":{\"@id\":\"https:\/\/yogajagat.com\/#organization\"},\"potentialAction\":[{\"@type\":\"SearchAction\",\"target\":{\"@type\":\"EntryPoint\",\"urlTemplate\":\"https:\/\/yogajagat.com\/?s={search_term_string}\"},\"query-input\":\"required name=search_term_string\"}],\"inLanguage\":\"sr\"},{\"@type\":\"ImageObject\",\"@id\":\"https:\/\/yogajagat.com\/the-main-purpose-of-hatha-yoga\/#primaryimage\",\"inLanguage\":\"sr\",\"url\":\"http:\/\/yogajagat.com\/wp-content\/uploads\/2020\/02\/331805_10150357370547512_140749628_o.jpg\",\"contentUrl\":\"http:\/\/yogajagat.com\/wp-content\/uploads\/2020\/02\/331805_10150357370547512_140749628_o.jpg\"},{\"@type\":\"WebPage\",\"@id\":\"https:\/\/yogajagat.com\/the-main-purpose-of-hatha-yoga\/#webpage\",\"url\":\"https:\/\/yogajagat.com\/the-main-purpose-of-hatha-yoga\/\",\"name\":\"Svrha Hatha Joge. Kuda vodi Hatha Joga - Lepota promene\",\"isPartOf\":{\"@id\":\"https:\/\/yogajagat.com\/#website\"},\"primaryImageOfPage\":{\"@id\":\"https:\/\/yogajagat.com\/the-main-purpose-of-hatha-yoga\/#primaryimage\"},\"datePublished\":\"2019-05-14T23:12:00+00:00\",\"dateModified\":\"2020-04-08T22:33:45+00:00\",\"description\":\"Glavna svrha Hatha Joge i cilj njenog praktikovanja nije imati dobro oblikovano zgodno telo ve\u0107 bu\u0111enje na\u0161e ogromne duhovne snage, Kundalini \u0160akti...\",\"breadcrumb\":{\"@id\":\"https:\/\/yogajagat.com\/the-main-purpose-of-hatha-yoga\/#breadcrumb\"},\"inLanguage\":\"sr\",\"potentialAction\":[{\"@type\":\"ReadAction\",\"target\":[\"https:\/\/yogajagat.com\/the-main-purpose-of-hatha-yoga\/\"]}]},{\"@type\":\"BreadcrumbList\",\"@id\":\"https:\/\/yogajagat.com\/the-main-purpose-of-hatha-yoga\/#breadcrumb\",\"itemListElement\":[{\"@type\":\"ListItem\",\"position\":1,\"name\":\"Home\",\"item\":\"https:\/\/yogajagat.com\/sr\/\"},{\"@type\":\"ListItem\",\"position\":2,\"name\":\"The Main Purpose Of Hatha Yoga\"}]}]}<\/script>\n<!-- \/ Yoast SEO plugin. -->","yoast_head_json":{"title":"Svrha Hatha Joge. Kuda vodi Hatha Joga - Lepota promene","description":"Glavna svrha Hatha Joge i cilj njenog praktikovanja nije imati dobro oblikovano zgodno telo ve\u0107 bu\u0111enje na\u0161e ogromne duhovne snage, Kundalini \u0160akti...","robots":{"index":"index","follow":"follow","max-snippet":"max-snippet:-1","max-image-preview":"max-image-preview:large","max-video-preview":"max-video-preview:-1"},"canonical":"https:\/\/yogajagat.com\/the-main-purpose-of-hatha-yoga\/","twitter_misc":{"Est. reading time":"9 minutes"},"schema":{"@context":"https:\/\/schema.org","@graph":[{"@type":"Organization","@id":"https:\/\/yogajagat.com\/#organization","name":"Yogajagat","url":"https:\/\/yogajagat.com\/","sameAs":[],"logo":{"@type":"ImageObject","@id":"https:\/\/yogajagat.com\/#logo","inLanguage":"sr","url":"https:\/\/i1.wp.com\/yogajagat.com\/wp-content\/uploads\/2019\/03\/DSC08478-Kopie-1.jpg?fit=798%2C800&ssl=1","contentUrl":"https:\/\/i1.wp.com\/yogajagat.com\/wp-content\/uploads\/2019\/03\/DSC08478-Kopie-1.jpg?fit=798%2C800&ssl=1","width":798,"height":800,"caption":"Yogajagat"},"image":{"@id":"https:\/\/yogajagat.com\/#logo"}},{"@type":"WebSite","@id":"https:\/\/yogajagat.com\/#website","url":"https:\/\/yogajagat.com\/","name":"Lepota promene","description":"Neprestanom promenom do najlepseg zivotnog iskustva","publisher":{"@id":"https:\/\/yogajagat.com\/#organization"},"potentialAction":[{"@type":"SearchAction","target":{"@type":"EntryPoint","urlTemplate":"https:\/\/yogajagat.com\/?s={search_term_string}"},"query-input":"required name=search_term_string"}],"inLanguage":"sr"},{"@type":"ImageObject","@id":"https:\/\/yogajagat.com\/the-main-purpose-of-hatha-yoga\/#primaryimage","inLanguage":"sr","url":"http:\/\/yogajagat.com\/wp-content\/uploads\/2020\/02\/331805_10150357370547512_140749628_o.jpg","contentUrl":"http:\/\/yogajagat.com\/wp-content\/uploads\/2020\/02\/331805_10150357370547512_140749628_o.jpg"},{"@type":"WebPage","@id":"https:\/\/yogajagat.com\/the-main-purpose-of-hatha-yoga\/#webpage","url":"https:\/\/yogajagat.com\/the-main-purpose-of-hatha-yoga\/","name":"Svrha Hatha Joge. Kuda vodi Hatha Joga - Lepota promene","isPartOf":{"@id":"https:\/\/yogajagat.com\/#website"},"primaryImageOfPage":{"@id":"https:\/\/yogajagat.com\/the-main-purpose-of-hatha-yoga\/#primaryimage"},"datePublished":"2019-05-14T23:12:00+00:00","dateModified":"2020-04-08T22:33:45+00:00","description":"Glavna svrha Hatha Joge i cilj njenog praktikovanja nije imati dobro oblikovano zgodno telo ve\u0107 bu\u0111enje na\u0161e ogromne duhovne snage, Kundalini \u0160akti...","breadcrumb":{"@id":"https:\/\/yogajagat.com\/the-main-purpose-of-hatha-yoga\/#breadcrumb"},"inLanguage":"sr","potentialAction":[{"@type":"ReadAction","target":["https:\/\/yogajagat.com\/the-main-purpose-of-hatha-yoga\/"]}]},{"@type":"BreadcrumbList","@id":"https:\/\/yogajagat.com\/the-main-purpose-of-hatha-yoga\/#breadcrumb","itemListElement":[{"@type":"ListItem","position":1,"name":"Home","item":"https:\/\/yogajagat.com\/sr\/"},{"@type":"ListItem","position":2,"name":"The Main Purpose Of Hatha Yoga"}]}]}},"_links":{"self":[{"href":"https:\/\/yogajagat.com\/sr\/wp-json\/wp\/v2\/pages\/3203"}],"collection":[{"href":"https:\/\/yogajagat.com\/sr\/wp-json\/wp\/v2\/pages"}],"about":[{"href":"https:\/\/yogajagat.com\/sr\/wp-json\/wp\/v2\/types\/page"}],"author":[{"embeddable":true,"href":"https:\/\/yogajagat.com\/sr\/wp-json\/wp\/v2\/users\/1"}],"replies":[{"embeddable":true,"href":"https:\/\/yogajagat.com\/sr\/wp-json\/wp\/v2\/comments?post=3203"}],"version-history":[{"count":11,"href":"https:\/\/yogajagat.com\/sr\/wp-json\/wp\/v2\/pages\/3203\/revisions"}],"predecessor-version":[{"id":5763,"href":"https:\/\/yogajagat.com\/sr\/wp-json\/wp\/v2\/pages\/3203\/revisions\/5763"}],"wp:attachment":[{"href":"https:\/\/yogajagat.com\/sr\/wp-json\/wp\/v2\/media?parent=3203"}],"curies":[{"name":"wp","href":"https:\/\/api.w.org\/{rel}","templated":true}]}}