{"id":3195,"date":"2019-05-15T00:10:59","date_gmt":"2019-05-14T23:10:59","guid":{"rendered":"http:\/\/yogajagat.com\/?page_id=3195"},"modified":"2020-04-09T00:36:50","modified_gmt":"2020-04-08T22:36:50","slug":"performing-asanas-yoga-postures","status":"publish","type":"page","link":"https:\/\/yogajagat.com\/sr\/asane-joga-polozaji\/","title":{"rendered":"Asane, joga-polo\u017eaji, i nervni sistem"},"content":{"rendered":"[vc_row][vc_column][vc_column_text]\n<h3 style=\"text-align: center;\"><span style=\"color: #993300;\">ASANE<\/span><\/h3>\n[\/vc_column_text][\/vc_column][\/vc_row][vc_row][vc_column][vc_column_text]<img loading=\"lazy\" class=\"aligncenter size-full wp-image-5511\" src=\"https:\/\/i1.wp.com\/yogajagat.com\/wp-content\/uploads\/2020\/02\/DSC08463-1024x768-1.jpg?resize=640%2C480\" alt=\"asane asanas\" width=\"640\" height=\"480\" srcset=\"https:\/\/i1.wp.com\/yogajagat.com\/wp-content\/uploads\/2020\/02\/DSC08463-1024x768-1.jpg?w=640&amp;ssl=1 640w, https:\/\/i1.wp.com\/yogajagat.com\/wp-content\/uploads\/2020\/02\/DSC08463-1024x768-1.jpg?resize=300%2C225&amp;ssl=1 300w\" sizes=\"(max-width: 640px) 100vw, 640px\" data-recalc-dims=\"1\" \/>[\/vc_column_text][\/vc_column][\/vc_row][vc_row][vc_column][vc_column_text]\n<p>&nbsp;<\/p>\n<p>Asane su joga-polo\u017eaji tela.<\/p>\n<p>Asane treba izvoditi pa\u017eljivo, svesno i strpljivo.<\/p>\n<p>Prednosti praktikovanja asana su mnogobrojne, ukoliko se asane, joga polo\u017eaji, na ovaj na\u010din izvode. Da napomenem samo neke prednosti: terapeutski, ne\u017eni pokreti i istezanja mogu smanjiti oticanje u zglobovima ujedno pove\u0107avaju\u0107i pokretljivost zglobova, i mogu oja\u010dati mi\u0161i\u0107e i kosti.<\/p>\n<p>Zadr\u017eavaju\u0107i polo\u017eaj tela odre\u0111eno vreme gornji slojevi mi\u0161i\u0107a se opu\u0161taju, a tako se opu\u0161taju i najdublji mi\u0161i\u0107ni slojevi, &#8220;otvaraju\u0107i&#8221; se. To zatim uti\u010de na kosti, zglobove i ki\u010dmu \u010dine\u0107i ih otvorenijim, ja\u010dim i fleksibilnijim. Fleksibilnost ki\u010dme je izuzetno va\u017ena.<br \/>\nTo su prednosti praktikovanja asana na nivou skeletno-mi\u0161i\u0107nog sistema tela.<\/p>\n<p>&nbsp;<\/p>\n<p>Ali jedna od najvrednijih prednosti praktikovanja asana je ravnote\u017ea izme\u0111u nervnog sistema.<\/p>\n[\/vc_column_text][\/vc_column][\/vc_row][vc_row][vc_column][vc_custom_heading text=&#8221;Autonomni nervni sistem&#8221; font_container=&#8221;tag:h2|text_align:center|color:%231ba2b7&#8243; google_fonts=&#8221;font_family:Ubuntu%3A300%2C300italic%2Cregular%2Citalic%2C500%2C500italic%2C700%2C700italic|font_style:300%20light%20italic%3A300%3Aitalic&#8221;][\/vc_column][\/vc_row][vc_row][vc_column][vc_column_text]\n<hr \/>\n<p>&nbsp;<\/p>\n<p>Autonomni ili vegetativni nervni sistem je sklop u nama koji ima tri razli\u010dita sistema: simpati\u010dki, parasimpati\u010dki i enteri\u010dki nervni sistem.<\/p>\n<p><em>Simpati\u010dki<\/em> i <em>parasimpati\u010dki<\/em> nervni sistem reguli\u0161e rad skoro svih organa u telu, mi\u0161i\u0107a i \u017elezda. Oni deluju suprotno jedno drugom:<\/p>\n<p><em>simpati\u010dki<\/em> nervni sistem je onaj koji kontroli\u0161e reakcije tela, na engleskom se naziva &#8220;fight or flight&#8221; sistem, i on kontroli\u0161e reakcije u telu gde se pri tom ili bori ili odustaje.<\/p>\n<p><em>Parasimpati\u010dk<\/em>i nervni sistem je sistem koji reaguje po pravilu &#8220;rest and digest&#8221;, odmori i svari.<\/p>\n<p>&nbsp;<\/p>\n<p>Ceo autonomni nervni sistem, je, zna\u010di \u00a0&#8220;svojevoljan&#8221; i \u010dovek te funkcije normalno ne mo\u017ee da kontroli\u0161e sam.<\/p>\n<p>Ono \u0161to je bilo poznato ljudima jo\u0161 pre mnogo vekova, a \u0161to ljudi svojim iskustvom ispravnog praktikovanja tehnika Hatha Joge, <a href=\"https:\/\/yogajagat.com\/sr\/joga-polozaji-tela-izvodenje-joga-asana\/\"><span style=\"color: #800080;\">asana<\/span><\/a>, <a href=\"https:\/\/yogajagat.com\/sr\/pranajama-jogicka-tehnika-disanja-stanje-potunog-mira\/\"><span style=\"color: #993300;\">pranajame <\/span><\/a>(tehnika disanja), <em>bandi<\/em>\u00a0 (svesnih kontrakcija delova tela) i danas potvr\u0111uju, jeste da se \u010dak i ovaj nervni sistem koji je svojevoljan mo\u017ee dovesti pod kontrolu.<\/p>\n[\/vc_column_text][\/vc_column][\/vc_row][vc_row][vc_column][vc_custom_heading text=&#8221;Dejstvo asana na nervni sistem&#8221; font_container=&#8221;tag:h2|text_align:center|color:%231ba2b7&#8243; google_fonts=&#8221;font_family:Ubuntu%3A300%2C300italic%2Cregular%2Citalic%2C500%2C500italic%2C700%2C700italic|font_style:300%20light%20italic%3A300%3Aitalic&#8221;][\/vc_column][\/vc_row][vc_row][vc_column][vc_column_text]\n<hr \/>\n<p>&nbsp;<\/p>\n<p>Za razliku od <a href=\"https:\/\/yogajagat.com\/sr\/razmisljanje-i-uvid-put-rezonovanja\/\"><span style=\"color: #993300;\"><em>Rad\u017ea Joge<\/em>,<\/span><\/a> ili tekst Patan\u0111alijeve <a href=\"https:\/\/yogajagat.com\/sr\/joga-sutra-temelj-tradicije-joge\/\"><span style=\"color: #993300;\">Joga Sutre<\/span> <\/a>koji pominje uglavnom asane za meditaciju,<a href=\"https:\/\/yogajagat.com\/sr\/hatha-joga-tehnike-patandjali\/\"> <span style=\"color: #993300;\">tekst<\/span><\/a>\u00a0o Hatha Jogi opisuje mnoge ostale asane.<\/p>\n<p>Od mno\u0161tvo asana i mnogobrojnih podataka kako one deluju na \u010doveka i njegov celokupan sistem, pomenu\u0107u samo jedan polo\u017eaj i kako on deluje na \u017eivce, mir i blagostanje \u010doveka,\u00a0<em>Pashchimottanasanu,<\/em> joga-polo\u017eaj tela\u00a0gde je telo savijeno napred u sede\u0107em polo\u017eaju.<\/p>\n<p>&nbsp;<\/p>\n<p>Najdu\u017ei \u017eivac autonomnog nervnog sistema (i drugi po du\u017eini u \u010ditavom telu) je <em>vagus<\/em> \u017eivac.<\/p>\n<p>Kada sednete na pod, i uz svesno, sporo i koordinirano disanje savijete telo prema napred (izvo\u0111enje asana je uvek najbolje u\u010diti sa predanim u\u010diteljima Joge koji imaju bogato li\u010dno iskustvo i op\u0161te znanje), stimuli\u0161e se i va\u0161 vagus \u017eivac a time i parasimpati\u010dki nervni sistem, zna\u010di sistem koji umiruje sve ubrzane funkcije u va\u0161em telu.<\/p>\n<p>Ova stimulacija vagus \u017eivca \u0107e tako usporiti i rad va\u0161eg srca. Mirnije kucanje srca umiri\u0107e um a tako smanjiti i stres koji je, kao \u0161to znate, uzrok mnogih bolesti.<\/p>\n<p>Miran um je u stanju da deluje i reaguje, da sagleda i re\u0161ava probleme svakodnevnice mnogo lak\u0161e nego nemiran um, jer je smiren um definitivno sna\u017eniji od ve\u010dito u\u017eurbanog uma koji je neprestano u &#8220;speed&#8221;-u, na koji god psiholo\u0161ki tipu li\u010dnosti pomislili.[\/vc_column_text][\/vc_column][\/vc_row][vc_row][vc_column][vc_custom_heading text=&#8221;Enteri\u010dki nervni sistem&#8221; font_container=&#8221;tag:h2|text_align:center|color:%231ba2b7&#8243; google_fonts=&#8221;font_family:Ubuntu%3A300%2C300italic%2Cregular%2Citalic%2C500%2C500italic%2C700%2C700italic|font_style:300%20light%20italic%3A300%3Aitalic&#8221;][\/vc_column][\/vc_row][vc_row][vc_column][vc_column_text]\n<hr \/>\n<p>&nbsp;<\/p>\n<p>Polo\u017eaj savijenog tela ka napred, <em>Pashchimottanasana<\/em>, tako\u0111e uravnote\u017euje i enteri\u010dki nervni sistem, &#8220;drugi mozak&#8221;.<\/p>\n<p><em>Enteri\u010dki<\/em> nervni sistem je mre\u017ea nervnih \u0107elija koja po\u010dinje u jednjaku i koja se provla\u010di kroz ceo va\u0161 probavni sistem. U va\u0161em probavnom sistemu se nalazi 4-5 puta vi\u0161e nervnih \u0107elija nego u ki\u010dmenoj mo\u017edini.<\/p>\n<p>Ovaj sistem se kao tanka opna provla\u010di izme\u0111u mi\u0161i\u0107a va\u0161eg crevnog aparata. Ta mre\u017ea \u017eivaca mo\u017ee da radi sama ali uglavnom oslu\u0161kuje kako dva ostala sistema, simpatikus i parasimpatikus, reaguju na okolinu, i prilago\u0111ava im se.<\/p>\n<p>Izbalansirani enteri\u010dki nervni sistem dovodi u ravnote\u017eu ne samo fizi\u010dko ve\u0107 i emocionalno i mentalno varenje (&#8220;ne mogu da ih svarim&#8221;).<\/p>\n<p>Kada svarite i svoje untra\u0161nje uzburkane vode, sebe same i sve \u0161to vas okru\u017euje bi\u0107ete spremni da se re\u0161ite mno\u0161tvo blokada u vama.<\/p>\n<p>A usput \u0107ete i nau\u010diti da ponekad i ostavite neke stvari da oteku i da se okrenete drugim rekama.<\/p>\n[\/vc_column_text][\/vc_column][\/vc_row]\n","protected":false},"excerpt":{"rendered":"<p>[vc_row][vc_column][vc_column_text]<br \/>\nASANE<br \/>\n[\/vc_column_text][\/vc_column][\/vc_row][vc_row][vc_column][vc_column_text][\/vc_column_text][\/vc_column][\/vc_row][vc_row][vc_column][vc_column_text]<br \/>\n&nbsp;<br \/>\nAsane su joga-polo\u017eaji tela.<br \/>\nAsane treba izvoditi pa\u017eljivo, svesno i strpljivo.<br \/>\nPrednosti praktikovanja asana su mnogobrojne, ukoliko se asane, joga polo\u017eaji, na ovaj na\u010din izvode. Da napomenem samo neke prednosti: terapeutski, ne\u017eni pokreti i istezanja mogu smanjiti oticanje u zglobovima ujedno pove\u0107avaju\u0107i pokretljivost zglobova, i mogu oja\u010dati mi\u0161i\u0107e i kosti.<br \/>\nZadr\u017eavaju\u0107i polo\u017eaj tela odre\u0111eno vreme gornji slojevi mi\u0161i\u0107a se opu\u0161taju, a tako se opu\u0161taju i najdublji mi\u0161i\u0107ni slojevi, &#8220;otvaraju\u0107i&#8221; se. To zatim uti\u010de na kosti, zglobove &#8230;<\/p>\n","protected":false},"author":1,"featured_media":0,"parent":0,"menu_order":0,"comment_status":"closed","ping_status":"closed","template":"template-full-width.php","meta":{"_bbp_topic_count":0,"_bbp_reply_count":0,"_bbp_total_topic_count":0,"_bbp_total_reply_count":0,"_bbp_voice_count":0,"_bbp_anonymous_reply_count":0,"_bbp_topic_count_hidden":0,"_bbp_reply_count_hidden":0,"_bbp_forum_subforum_count":0,"inline_featured_image":false,"spay_email":""},"translation":{"provider":"WPGlobus","version":"3.0.1","language":"sr","enabled_languages":["en","de","sr"],"languages":{"en":{"title":true,"content":true,"excerpt":false},"de":{"title":false,"content":false,"excerpt":false},"sr":{"title":true,"content":true,"excerpt":false}}},"yoast_head":"<!-- This site is optimized with the Yoast SEO plugin v18.3 - https:\/\/yoast.com\/wordpress\/plugins\/seo\/ -->\n<title>Asane, joga-polo\u017eaji, i nervni sistem - Lepota promene<\/title>\n<meta name=\"description\" content=\"Asane su joga-polo\u017eaji tela. Zadr\u017eavanje asana opu\u0161ta mi\u0161i\u0107e, stimuli\u0161e \u017eivce, dovodi u ravnote\u017eu simpati\u010dki, parasimpati\u010dki i enteri\u010dki nervni sistem.\" \/>\n<meta name=\"robots\" content=\"index, follow, max-snippet:-1, max-image-preview:large, max-video-preview:-1\" \/>\n<link rel=\"canonical\" href=\"https:\/\/yogajagat.com\/performing-asanas-yoga-postures\/\" \/>\n<meta name=\"twitter:label1\" content=\"Est. reading time\" \/>\n\t<meta name=\"twitter:data1\" content=\"9 minutes\" \/>\n<script type=\"application\/ld+json\" class=\"yoast-schema-graph\">{\"@context\":\"https:\/\/schema.org\",\"@graph\":[{\"@type\":\"Organization\",\"@id\":\"https:\/\/yogajagat.com\/#organization\",\"name\":\"Yogajagat\",\"url\":\"https:\/\/yogajagat.com\/\",\"sameAs\":[],\"logo\":{\"@type\":\"ImageObject\",\"@id\":\"https:\/\/yogajagat.com\/#logo\",\"inLanguage\":\"sr\",\"url\":\"https:\/\/i1.wp.com\/yogajagat.com\/wp-content\/uploads\/2019\/03\/DSC08478-Kopie-1.jpg?fit=798%2C800&ssl=1\",\"contentUrl\":\"https:\/\/i1.wp.com\/yogajagat.com\/wp-content\/uploads\/2019\/03\/DSC08478-Kopie-1.jpg?fit=798%2C800&ssl=1\",\"width\":798,\"height\":800,\"caption\":\"Yogajagat\"},\"image\":{\"@id\":\"https:\/\/yogajagat.com\/#logo\"}},{\"@type\":\"WebSite\",\"@id\":\"https:\/\/yogajagat.com\/#website\",\"url\":\"https:\/\/yogajagat.com\/\",\"name\":\"Lepota promene\",\"description\":\"Neprestanom promenom do najlepseg zivotnog iskustva\",\"publisher\":{\"@id\":\"https:\/\/yogajagat.com\/#organization\"},\"potentialAction\":[{\"@type\":\"SearchAction\",\"target\":{\"@type\":\"EntryPoint\",\"urlTemplate\":\"https:\/\/yogajagat.com\/?s={search_term_string}\"},\"query-input\":\"required name=search_term_string\"}],\"inLanguage\":\"sr\"},{\"@type\":\"ImageObject\",\"@id\":\"https:\/\/yogajagat.com\/performing-asanas-yoga-postures\/#primaryimage\",\"inLanguage\":\"sr\",\"url\":\"http:\/\/yogajagat.com\/wp-content\/uploads\/2017\/05\/DSC08682.jpg\",\"contentUrl\":\"http:\/\/yogajagat.com\/wp-content\/uploads\/2017\/05\/DSC08682.jpg\"},{\"@type\":\"WebPage\",\"@id\":\"https:\/\/yogajagat.com\/performing-asanas-yoga-postures\/#webpage\",\"url\":\"https:\/\/yogajagat.com\/performing-asanas-yoga-postures\/\",\"name\":\"Asane, joga-polo\u017eaji, i nervni sistem - Lepota promene\",\"isPartOf\":{\"@id\":\"https:\/\/yogajagat.com\/#website\"},\"primaryImageOfPage\":{\"@id\":\"https:\/\/yogajagat.com\/performing-asanas-yoga-postures\/#primaryimage\"},\"datePublished\":\"2019-05-14T23:10:59+00:00\",\"dateModified\":\"2020-04-08T22:36:50+00:00\",\"description\":\"Asane su joga-polo\u017eaji tela. Zadr\u017eavanje asana opu\u0161ta mi\u0161i\u0107e, stimuli\u0161e \u017eivce, dovodi u ravnote\u017eu simpati\u010dki, parasimpati\u010dki i enteri\u010dki nervni sistem.\",\"breadcrumb\":{\"@id\":\"https:\/\/yogajagat.com\/performing-asanas-yoga-postures\/#breadcrumb\"},\"inLanguage\":\"sr\",\"potentialAction\":[{\"@type\":\"ReadAction\",\"target\":[\"https:\/\/yogajagat.com\/performing-asanas-yoga-postures\/\"]}]},{\"@type\":\"BreadcrumbList\",\"@id\":\"https:\/\/yogajagat.com\/performing-asanas-yoga-postures\/#breadcrumb\",\"itemListElement\":[{\"@type\":\"ListItem\",\"position\":1,\"name\":\"Home\",\"item\":\"https:\/\/yogajagat.com\/sr\/\"},{\"@type\":\"ListItem\",\"position\":2,\"name\":\"Performing Asanas Yoga Postures\"}]}]}<\/script>\n<!-- \/ Yoast SEO plugin. -->","yoast_head_json":{"title":"Asane, joga-polo\u017eaji, i nervni sistem - Lepota promene","description":"Asane su joga-polo\u017eaji tela. Zadr\u017eavanje asana opu\u0161ta mi\u0161i\u0107e, stimuli\u0161e \u017eivce, dovodi u ravnote\u017eu simpati\u010dki, parasimpati\u010dki i enteri\u010dki nervni sistem.","robots":{"index":"index","follow":"follow","max-snippet":"max-snippet:-1","max-image-preview":"max-image-preview:large","max-video-preview":"max-video-preview:-1"},"canonical":"https:\/\/yogajagat.com\/performing-asanas-yoga-postures\/","twitter_misc":{"Est. reading time":"9 minutes"},"schema":{"@context":"https:\/\/schema.org","@graph":[{"@type":"Organization","@id":"https:\/\/yogajagat.com\/#organization","name":"Yogajagat","url":"https:\/\/yogajagat.com\/","sameAs":[],"logo":{"@type":"ImageObject","@id":"https:\/\/yogajagat.com\/#logo","inLanguage":"sr","url":"https:\/\/i1.wp.com\/yogajagat.com\/wp-content\/uploads\/2019\/03\/DSC08478-Kopie-1.jpg?fit=798%2C800&ssl=1","contentUrl":"https:\/\/i1.wp.com\/yogajagat.com\/wp-content\/uploads\/2019\/03\/DSC08478-Kopie-1.jpg?fit=798%2C800&ssl=1","width":798,"height":800,"caption":"Yogajagat"},"image":{"@id":"https:\/\/yogajagat.com\/#logo"}},{"@type":"WebSite","@id":"https:\/\/yogajagat.com\/#website","url":"https:\/\/yogajagat.com\/","name":"Lepota promene","description":"Neprestanom promenom do najlepseg zivotnog iskustva","publisher":{"@id":"https:\/\/yogajagat.com\/#organization"},"potentialAction":[{"@type":"SearchAction","target":{"@type":"EntryPoint","urlTemplate":"https:\/\/yogajagat.com\/?s={search_term_string}"},"query-input":"required name=search_term_string"}],"inLanguage":"sr"},{"@type":"ImageObject","@id":"https:\/\/yogajagat.com\/performing-asanas-yoga-postures\/#primaryimage","inLanguage":"sr","url":"http:\/\/yogajagat.com\/wp-content\/uploads\/2017\/05\/DSC08682.jpg","contentUrl":"http:\/\/yogajagat.com\/wp-content\/uploads\/2017\/05\/DSC08682.jpg"},{"@type":"WebPage","@id":"https:\/\/yogajagat.com\/performing-asanas-yoga-postures\/#webpage","url":"https:\/\/yogajagat.com\/performing-asanas-yoga-postures\/","name":"Asane, joga-polo\u017eaji, i nervni sistem - Lepota promene","isPartOf":{"@id":"https:\/\/yogajagat.com\/#website"},"primaryImageOfPage":{"@id":"https:\/\/yogajagat.com\/performing-asanas-yoga-postures\/#primaryimage"},"datePublished":"2019-05-14T23:10:59+00:00","dateModified":"2020-04-08T22:36:50+00:00","description":"Asane su joga-polo\u017eaji tela. Zadr\u017eavanje asana opu\u0161ta mi\u0161i\u0107e, stimuli\u0161e \u017eivce, dovodi u ravnote\u017eu simpati\u010dki, parasimpati\u010dki i enteri\u010dki nervni sistem.","breadcrumb":{"@id":"https:\/\/yogajagat.com\/performing-asanas-yoga-postures\/#breadcrumb"},"inLanguage":"sr","potentialAction":[{"@type":"ReadAction","target":["https:\/\/yogajagat.com\/performing-asanas-yoga-postures\/"]}]},{"@type":"BreadcrumbList","@id":"https:\/\/yogajagat.com\/performing-asanas-yoga-postures\/#breadcrumb","itemListElement":[{"@type":"ListItem","position":1,"name":"Home","item":"https:\/\/yogajagat.com\/sr\/"},{"@type":"ListItem","position":2,"name":"Performing Asanas Yoga Postures"}]}]}},"_links":{"self":[{"href":"https:\/\/yogajagat.com\/sr\/wp-json\/wp\/v2\/pages\/3195"}],"collection":[{"href":"https:\/\/yogajagat.com\/sr\/wp-json\/wp\/v2\/pages"}],"about":[{"href":"https:\/\/yogajagat.com\/sr\/wp-json\/wp\/v2\/types\/page"}],"author":[{"embeddable":true,"href":"https:\/\/yogajagat.com\/sr\/wp-json\/wp\/v2\/users\/1"}],"replies":[{"embeddable":true,"href":"https:\/\/yogajagat.com\/sr\/wp-json\/wp\/v2\/comments?post=3195"}],"version-history":[{"count":17,"href":"https:\/\/yogajagat.com\/sr\/wp-json\/wp\/v2\/pages\/3195\/revisions"}],"predecessor-version":[{"id":5765,"href":"https:\/\/yogajagat.com\/sr\/wp-json\/wp\/v2\/pages\/3195\/revisions\/5765"}],"wp:attachment":[{"href":"https:\/\/yogajagat.com\/sr\/wp-json\/wp\/v2\/media?parent=3195"}],"curies":[{"name":"wp","href":"https:\/\/api.w.org\/{rel}","templated":true}]}}