{"id":3141,"date":"2019-05-03T20:17:24","date_gmt":"2019-05-03T19:17:24","guid":{"rendered":"http:\/\/yogajagat.com\/?page_id=3141"},"modified":"2019-07-05T08:31:53","modified_gmt":"2019-07-05T07:31:53","slug":"guestbook","status":"publish","type":"page","link":"https:\/\/yogajagat.com\/sr\/guestbook\/","title":{"rendered":"What others have said"},"content":{"rendered":"[vc_row][vc_column][vc_cta h2=&#8221;Dankbarkeit&#8221; h2_google_fonts=&#8221;font_family:Ubuntu%3A300%2C300italic%2Cregular%2Citalic%2C500%2C500italic%2C700%2C700italic|font_style:300%20light%20italic%3A300%3Aitalic&#8221; txt_align=&#8221;center&#8221; color=&#8221;turquoise&#8221; use_custom_fonts_h2=&#8221;true&#8221; use_custom_fonts_h4=&#8221;true&#8221;]\n<h2><em><span style=\"color: #33cccc;\"><span style=\"color: #993300;\">Gratitude<\/span><br \/>\n<\/span><\/em><\/h2>\n<h2><em><span style=\"color: #ff9900;\">Zahvalnost<\/span><\/em><\/h2>\n[\/vc_cta][\/vc_column][\/vc_row][vc_row][vc_column][vc_column_text]<img loading=\"lazy\" class=\"wp-image-3182 size-full aligncenter\" src=\"https:\/\/i1.wp.com\/yogajagat.com\/wp-content\/uploads\/2019\/05\/DSC01898.jpg?resize=1920%2C1440\" alt=\"\" width=\"1920\" height=\"1440\" srcset=\"https:\/\/i1.wp.com\/yogajagat.com\/wp-content\/uploads\/2019\/05\/DSC01898.jpg?w=1920&amp;ssl=1 1920w, https:\/\/i1.wp.com\/yogajagat.com\/wp-content\/uploads\/2019\/05\/DSC01898.jpg?resize=300%2C225&amp;ssl=1 300w, https:\/\/i1.wp.com\/yogajagat.com\/wp-content\/uploads\/2019\/05\/DSC01898.jpg?resize=768%2C576&amp;ssl=1 768w, https:\/\/i1.wp.com\/yogajagat.com\/wp-content\/uploads\/2019\/05\/DSC01898.jpg?resize=1024%2C768&amp;ssl=1 1024w\" sizes=\"(max-width: 1000px) 100vw, 1000px\" data-recalc-dims=\"1\" \/>[\/vc_column_text][vc_column_text]<img loading=\"lazy\" class=\"wp-image-3183 size-large aligncenter\" src=\"https:\/\/i0.wp.com\/yogajagat.com\/wp-content\/uploads\/2019\/05\/DSC02131-768x1024.jpeg?resize=768%2C1024\" alt=\"\" width=\"768\" height=\"1024\" srcset=\"https:\/\/i2.wp.com\/yogajagat.com\/wp-content\/uploads\/2019\/05\/DSC02131.jpeg?resize=768%2C1024&amp;ssl=1 768w, https:\/\/i2.wp.com\/yogajagat.com\/wp-content\/uploads\/2019\/05\/DSC02131.jpeg?resize=225%2C300&amp;ssl=1 225w, https:\/\/i2.wp.com\/yogajagat.com\/wp-content\/uploads\/2019\/05\/DSC02131.jpeg?w=1440&amp;ssl=1 1440w\" sizes=\"(max-width: 768px) 100vw, 768px\" data-recalc-dims=\"1\" \/>[\/vc_column_text][\/vc_column][\/vc_row][vc_row][vc_column][vc_cta h2=&#8221;&#8221; use_custom_fonts_h2=&#8221;true&#8221; use_custom_fonts_h4=&#8221;true&#8221;]<span style=\"color: #ff6600;\">&#8220;Liebe Lika,\u00a0<\/span><\/p>\n<p><span style=\"color: #ff6600;\">hab\u2019 so vielen lieben Dank f\u00fcr den Link &amp; Deine lieben Worte.<\/span><\/p>\n<p><span style=\"color: #ff6600;\">Und \u00fcberhaupt f\u00fcr soooo vieles, dass Du uns -wie man bei Medikamenten sagen w\u00fcrde- in Depotwirkung gibst.\u00a0<\/span><\/p>\n<p><span style=\"color: #ff6600;\">So viele Deiner Worte schwingen nach &amp; verbleiben in unseren Herzen\u2026\u00a0<\/span><\/p>\n<p><span style=\"color: #ff6600;\">Danke daf\u00fcr.&#8221;<\/span><\/p>\n<p><span style=\"color: #ff6600;\">&#8211; D.P.<\/span>[\/vc_cta][vc_cta h2=&#8221;&#8221;]<span style=\"color: #ff6600;\">&#8220;Liebe Lika,<\/span><\/p>\n<p><span style=\"color: #ff6600;\">Ich war bei dir zu einer Zeit, wo alles in meinem Leben auf dem Pr\u00fcfstand war und die Dinge sich zu ver\u00e4ndern begannen. Es ist in den letzten Monaten ganz viel Positives passiert und ich habe gerade das Gef\u00fchl dass ich endlich anfange vor allem mir selbst zu vertrauen. Das war auch dein Rat, dass ich mir selbst vertraue! Daf\u00fcr wollte ich dir noch einmal danken! <\/span><\/p>\n<p><span style=\"color: #ff6600;\">Es war eine sch\u00f6ne Begegnung mit dir im letzten Herbst und du hast mich daran erinnert, mir selbst treu zu bleiben und auf meine eigene innere Stimme zu h\u00f6ren. <\/span><\/p>\n<p><span style=\"color: #ff6600;\">DANKE!&#8221;<\/span><\/p>\n<p><span style=\"color: #ff6600;\">&#8211; T.B.<\/span>[\/vc_cta][vc_cta h2=&#8221;&#8221;]<span style=\"color: #ff6600;\">&#8230; &#8220;Thank you for always bringing a ray of sun even in the darkest days. <\/span><\/p>\n<p><span style=\"color: #ff6600;\">You are always in my heart and I will always remain immensely grateful for what you did for me. &#8220;<\/span><\/p>\n<p><span style=\"color: #ff6600;\">&#8211; C.<\/span><\/p>\n[\/vc_cta][\/vc_column][\/vc_row][vc_row][vc_column][vc_cta h2=&#8221;I.T. wrote on 20\/12\/2015:&#8221; color=&#8221;turquoise&#8221;]&#8221;Seit ich bei Lika an den Yogastunden teilnehme, seit 2011, hat sich meine Yogapraxis vertieft und meine Erwartungen sind durch die Erfahrungen \u00fcbertroffen worden.<\/p>\n<p>Lika ist f\u00fcr mich die beste Yogalehrerin der Welt.<\/p>\n<p>Danke Lika!&#8221;[\/vc_cta][vc_cta h2=&#8221;Andrea F. wrote on 30\/11\/2015:&#8221; color=&#8221;turquoise&#8221;]&#8221;Seit 2011 begleite ich Lika mit Ihrem K\u00f6nnen und Wissen.<\/p>\n<p>Ich habe lange nach einer f\u00fcr mich ansprechenden Yogalehrerin gesucht, bis ich dann bei Lika auf der &#8220;Matte angekommen&#8221; bin.<\/p>\n<p>Ich bin ihr sehr dankbar f\u00fcr alles, was sie mir in den gewesenen Jahren gegeben hat und freue mich auf jede neue Stunde mit Ihr.&#8221;[\/vc_cta][vc_cta h2=&#8221;Andrea wrote on 01\/11\/2015:&#8221; color=&#8221;turquoise&#8221; use_custom_fonts_h4=&#8221;true&#8221;]&#8221;Seit mehr als einem Jahr nehme ich an Likas Yoga-Kurs teil!<\/p>\n<p>Ich habe in der Vergangenheit schon einige Yoga LehrerInnen kennengelernt, aber niemand war aus meiner Sicht so authentisch, warmherzig und kompetent wie Lika!<\/p>\n<p>Der Kurs ist einfach umwerfend und bereichert mich unglaublich.<\/p>\n<p>Die Gruppe ist toll, wir haben sehr viel Spa\u00df und dank einer gro\u00dfartigen Lehrerin freue ich mich an meiner pers\u00f6nlichen Weiterentwicklung!<\/p>\n<p>Vielen lieben Dank daf\u00fcr!&#8221;[\/vc_cta][\/vc_column][\/vc_row][vc_row][vc_column][vc_row_inner][vc_column_inner width=&#8221;1\/2&#8243;][\/vc_column_inner][vc_column_inner width=&#8221;1\/2&#8243;][\/vc_column_inner][\/vc_row_inner][\/vc_column][vc_column][\/vc_column][vc_column][\/vc_column][\/vc_row][vc_row][vc_column][vc_cta h2=&#8221;&#8221;]and many, many more&#8230;[\/vc_cta][\/vc_column][\/vc_row]\n","protected":false},"excerpt":{"rendered":"<p>[vc_row][vc_column][vc_cta h2=&#8221;Dankbarkeit&#8221; h2_google_fonts=&#8221;font_family:Ubuntu%3A300%2C300italic%2Cregular%2Citalic%2C500%2C500italic%2C700%2C700italic|font_style:300%20light%20italic%3A300%3Aitalic&#8221; txt_align=&#8221;center&#8221; color=&#8221;turquoise&#8221; use_custom_fonts_h2=&#8221;true&#8221; use_custom_fonts_h4=&#8221;true&#8221;]<br \/>\nGratitude<\/p>\n<p>Zahvalnost<br \/>\n[\/vc_cta][\/vc_column][\/vc_row][vc_row][vc_column][vc_column_text][\/vc_column_text][vc_column_text][\/vc_column_text][\/vc_column][\/vc_row][vc_row][vc_column][vc_cta h2=&#8221;&#8221; use_custom_fonts_h2=&#8221;true&#8221; use_custom_fonts_h4=&#8221;true&#8221;]&#8220;Liebe Lika,\u00a0<br \/>\nhab\u2019 so vielen lieben Dank f\u00fcr den Link &amp; Deine lieben Worte.<br \/>\nUnd \u00fcberhaupt f\u00fcr soooo vieles, dass Du uns -wie man bei Medikamenten sagen w\u00fcrde- in Depotwirkung gibst.\u00a0<br \/>\nSo viele Deiner Worte schwingen nach &amp; verbleiben in unseren Herzen\u2026\u00a0<br \/>\nDanke daf\u00fcr.&#8221;<br \/>\n&#8211; D.P.[\/vc_cta][vc_cta h2=&#8221;&#8221;]&#8220;Liebe Lika,<br \/>\nIch war bei dir zu einer Zeit, wo alles in meinem Leben auf dem Pr\u00fcfstand war und die Dinge &#8230;<\/p>\n","protected":false},"author":1,"featured_media":0,"parent":0,"menu_order":0,"comment_status":"closed","ping_status":"closed","template":"template-full-width.php","meta":{"_bbp_topic_count":0,"_bbp_reply_count":0,"_bbp_total_topic_count":0,"_bbp_total_reply_count":0,"_bbp_voice_count":0,"_bbp_anonymous_reply_count":0,"_bbp_topic_count_hidden":0,"_bbp_reply_count_hidden":0,"_bbp_forum_subforum_count":0,"inline_featured_image":false,"spay_email":""},"translation":{"provider":"WPGlobus","version":"3.0.1","language":"sr","enabled_languages":["en","de","sr"],"languages":{"en":{"title":true,"content":true,"excerpt":false},"de":{"title":false,"content":false,"excerpt":false},"sr":{"title":false,"content":false,"excerpt":false}}},"yoast_head":"<!-- This site is optimized with the Yoast SEO plugin v18.3 - https:\/\/yoast.com\/wordpress\/plugins\/seo\/ -->\n<title>What others have said - Lepota promene<\/title>\n<meta name=\"robots\" content=\"index, follow, max-snippet:-1, max-image-preview:large, max-video-preview:-1\" \/>\n<link rel=\"canonical\" href=\"https:\/\/yogajagat.com\/guestbook\/\" \/>\n<meta name=\"twitter:label1\" content=\"Est. reading time\" \/>\n\t<meta name=\"twitter:data1\" content=\"3 minutes\" \/>\n<script type=\"application\/ld+json\" class=\"yoast-schema-graph\">{\"@context\":\"https:\/\/schema.org\",\"@graph\":[{\"@type\":\"Organization\",\"@id\":\"https:\/\/yogajagat.com\/#organization\",\"name\":\"Yogajagat\",\"url\":\"https:\/\/yogajagat.com\/\",\"sameAs\":[],\"logo\":{\"@type\":\"ImageObject\",\"@id\":\"https:\/\/yogajagat.com\/#logo\",\"inLanguage\":\"sr\",\"url\":\"https:\/\/i1.wp.com\/yogajagat.com\/wp-content\/uploads\/2019\/03\/DSC08478-Kopie-1.jpg?fit=798%2C800&ssl=1\",\"contentUrl\":\"https:\/\/i1.wp.com\/yogajagat.com\/wp-content\/uploads\/2019\/03\/DSC08478-Kopie-1.jpg?fit=798%2C800&ssl=1\",\"width\":798,\"height\":800,\"caption\":\"Yogajagat\"},\"image\":{\"@id\":\"https:\/\/yogajagat.com\/#logo\"}},{\"@type\":\"WebSite\",\"@id\":\"https:\/\/yogajagat.com\/#website\",\"url\":\"https:\/\/yogajagat.com\/\",\"name\":\"Lepota promene\",\"description\":\"Neprestanom promenom do najlepseg zivotnog iskustva\",\"publisher\":{\"@id\":\"https:\/\/yogajagat.com\/#organization\"},\"potentialAction\":[{\"@type\":\"SearchAction\",\"target\":{\"@type\":\"EntryPoint\",\"urlTemplate\":\"https:\/\/yogajagat.com\/?s={search_term_string}\"},\"query-input\":\"required name=search_term_string\"}],\"inLanguage\":\"sr\"},{\"@type\":\"ImageObject\",\"@id\":\"https:\/\/yogajagat.com\/guestbook\/#primaryimage\",\"inLanguage\":\"sr\",\"url\":\"http:\/\/yogajagat.com\/wp-content\/uploads\/2019\/05\/DSC01898.jpg\",\"contentUrl\":\"http:\/\/yogajagat.com\/wp-content\/uploads\/2019\/05\/DSC01898.jpg\"},{\"@type\":\"WebPage\",\"@id\":\"https:\/\/yogajagat.com\/guestbook\/#webpage\",\"url\":\"https:\/\/yogajagat.com\/guestbook\/\",\"name\":\"What others have said - Lepota promene\",\"isPartOf\":{\"@id\":\"https:\/\/yogajagat.com\/#website\"},\"primaryImageOfPage\":{\"@id\":\"https:\/\/yogajagat.com\/guestbook\/#primaryimage\"},\"datePublished\":\"2019-05-03T19:17:24+00:00\",\"dateModified\":\"2019-07-05T07:31:53+00:00\",\"breadcrumb\":{\"@id\":\"https:\/\/yogajagat.com\/guestbook\/#breadcrumb\"},\"inLanguage\":\"sr\",\"potentialAction\":[{\"@type\":\"ReadAction\",\"target\":[\"https:\/\/yogajagat.com\/guestbook\/\"]}]},{\"@type\":\"BreadcrumbList\",\"@id\":\"https:\/\/yogajagat.com\/guestbook\/#breadcrumb\",\"itemListElement\":[{\"@type\":\"ListItem\",\"position\":1,\"name\":\"Home\",\"item\":\"https:\/\/yogajagat.com\/sr\/\"},{\"@type\":\"ListItem\",\"position\":2,\"name\":\"What others have said\"}]}]}<\/script>\n<!-- \/ Yoast SEO plugin. -->","yoast_head_json":{"title":"What others have said - Lepota promene","robots":{"index":"index","follow":"follow","max-snippet":"max-snippet:-1","max-image-preview":"max-image-preview:large","max-video-preview":"max-video-preview:-1"},"canonical":"https:\/\/yogajagat.com\/guestbook\/","twitter_misc":{"Est. reading time":"3 minutes"},"schema":{"@context":"https:\/\/schema.org","@graph":[{"@type":"Organization","@id":"https:\/\/yogajagat.com\/#organization","name":"Yogajagat","url":"https:\/\/yogajagat.com\/","sameAs":[],"logo":{"@type":"ImageObject","@id":"https:\/\/yogajagat.com\/#logo","inLanguage":"sr","url":"https:\/\/i1.wp.com\/yogajagat.com\/wp-content\/uploads\/2019\/03\/DSC08478-Kopie-1.jpg?fit=798%2C800&ssl=1","contentUrl":"https:\/\/i1.wp.com\/yogajagat.com\/wp-content\/uploads\/2019\/03\/DSC08478-Kopie-1.jpg?fit=798%2C800&ssl=1","width":798,"height":800,"caption":"Yogajagat"},"image":{"@id":"https:\/\/yogajagat.com\/#logo"}},{"@type":"WebSite","@id":"https:\/\/yogajagat.com\/#website","url":"https:\/\/yogajagat.com\/","name":"Lepota promene","description":"Neprestanom promenom do najlepseg zivotnog iskustva","publisher":{"@id":"https:\/\/yogajagat.com\/#organization"},"potentialAction":[{"@type":"SearchAction","target":{"@type":"EntryPoint","urlTemplate":"https:\/\/yogajagat.com\/?s={search_term_string}"},"query-input":"required name=search_term_string"}],"inLanguage":"sr"},{"@type":"ImageObject","@id":"https:\/\/yogajagat.com\/guestbook\/#primaryimage","inLanguage":"sr","url":"http:\/\/yogajagat.com\/wp-content\/uploads\/2019\/05\/DSC01898.jpg","contentUrl":"http:\/\/yogajagat.com\/wp-content\/uploads\/2019\/05\/DSC01898.jpg"},{"@type":"WebPage","@id":"https:\/\/yogajagat.com\/guestbook\/#webpage","url":"https:\/\/yogajagat.com\/guestbook\/","name":"What others have said - Lepota promene","isPartOf":{"@id":"https:\/\/yogajagat.com\/#website"},"primaryImageOfPage":{"@id":"https:\/\/yogajagat.com\/guestbook\/#primaryimage"},"datePublished":"2019-05-03T19:17:24+00:00","dateModified":"2019-07-05T07:31:53+00:00","breadcrumb":{"@id":"https:\/\/yogajagat.com\/guestbook\/#breadcrumb"},"inLanguage":"sr","potentialAction":[{"@type":"ReadAction","target":["https:\/\/yogajagat.com\/guestbook\/"]}]},{"@type":"BreadcrumbList","@id":"https:\/\/yogajagat.com\/guestbook\/#breadcrumb","itemListElement":[{"@type":"ListItem","position":1,"name":"Home","item":"https:\/\/yogajagat.com\/sr\/"},{"@type":"ListItem","position":2,"name":"What others have said"}]}]}},"_links":{"self":[{"href":"https:\/\/yogajagat.com\/sr\/wp-json\/wp\/v2\/pages\/3141"}],"collection":[{"href":"https:\/\/yogajagat.com\/sr\/wp-json\/wp\/v2\/pages"}],"about":[{"href":"https:\/\/yogajagat.com\/sr\/wp-json\/wp\/v2\/types\/page"}],"author":[{"embeddable":true,"href":"https:\/\/yogajagat.com\/sr\/wp-json\/wp\/v2\/users\/1"}],"replies":[{"embeddable":true,"href":"https:\/\/yogajagat.com\/sr\/wp-json\/wp\/v2\/comments?post=3141"}],"version-history":[{"count":33,"href":"https:\/\/yogajagat.com\/sr\/wp-json\/wp\/v2\/pages\/3141\/revisions"}],"predecessor-version":[{"id":3493,"href":"https:\/\/yogajagat.com\/sr\/wp-json\/wp\/v2\/pages\/3141\/revisions\/3493"}],"wp:attachment":[{"href":"https:\/\/yogajagat.com\/sr\/wp-json\/wp\/v2\/media?parent=3141"}],"curies":[{"name":"wp","href":"https:\/\/api.w.org\/{rel}","templated":true}]}}