{"id":300,"date":"2015-01-17T10:30:45","date_gmt":"2015-01-17T10:30:45","guid":{"rendered":"http:\/\/yogajagat.com\/?page_id=300"},"modified":"2020-03-03T19:16:22","modified_gmt":"2020-03-03T18:16:22","slug":"unification-or-becoming-a-whole","status":"publish","type":"page","link":"https:\/\/yogajagat.com\/sr\/ujedinjenje-jedinstvo-dna-joga\/","title":{"rendered":"Ujedinjenje. Jedinstvo. DNA \u010doveka. Joga"},"content":{"rendered":"[vc_row][vc_column][vc_column_text]\n<h3 style=\"text-align: center;\"><span style=\"color: #800080;\">UJEDINJENJE. JEDINSTVO. \u010cOVEKOV DNA<\/span><\/h3>\n<h3 style=\"text-align: center;\"><\/h3>\n<h3 style=\"text-align: center;\"><\/h3>\n<hr \/>\n<p>&nbsp;<\/p>\n<p>&nbsp;<\/p>\n[\/vc_column_text][\/vc_column][\/vc_row][vc_row][vc_column width=&#8221;1\/2&#8243;][vc_column_text]Da li postoji takvo iskustvo kao <em>ujedinjenje<\/em>?<\/p>\n<p>&nbsp;<\/p>\n<p>Da li je to samo niz pomodarskih re\u010di?<\/p>\n<p>Ujedinjenje sa kim? Da li je re\u010d o sjedinjenju sa bo\u017eanskim?<\/p>\n<p>\u010cemu sve to?<\/p>\n<p>Da li samo \u010dista srca mogu do\u017eiveti ujedinjenje?<\/p>\n<p>\u0160ta je sa prosvetljenjem?<\/p>\n<p>Mo\u017eemo li biti <em>jedan \u017eivot i jedan duh<\/em> sa vrlom istinom?<\/p>\n<p>Kako se naziva ta istina?[\/vc_column_text][\/vc_column][vc_column width=&#8221;1\/2&#8243;][vc_column_text]\n<p>&nbsp;<\/p>\n<p>&nbsp;<\/p>\n<div id=\"attachment_3971\" style=\"width: 310px\" class=\"wp-caption aligncenter\"><img aria-describedby=\"caption-attachment-3971\" loading=\"lazy\" class=\"wp-image-3971 size-medium\" title=\"Ujedinjenje svih \u017eivota. Jedinstvo. DNA\" src=\"https:\/\/i2.wp.com\/yogajagat.com\/wp-content\/uploads\/2019\/08\/Bildschirmfoto-2019-04-04-um-14.11.12-300x150.png?resize=300%2C150\" alt=\"Ujedinjenje svih \u017eivota. Jedinstvo.\" width=\"300\" height=\"150\" srcset=\"https:\/\/i1.wp.com\/yogajagat.com\/wp-content\/uploads\/2019\/08\/Bildschirmfoto-2019-04-04-um-14.11.12.png?resize=300%2C150&amp;ssl=1 300w, https:\/\/i1.wp.com\/yogajagat.com\/wp-content\/uploads\/2019\/08\/Bildschirmfoto-2019-04-04-um-14.11.12.png?resize=768%2C384&amp;ssl=1 768w, https:\/\/i1.wp.com\/yogajagat.com\/wp-content\/uploads\/2019\/08\/Bildschirmfoto-2019-04-04-um-14.11.12.png?resize=1024%2C512&amp;ssl=1 1024w, https:\/\/i1.wp.com\/yogajagat.com\/wp-content\/uploads\/2019\/08\/Bildschirmfoto-2019-04-04-um-14.11.12.png?w=1060&amp;ssl=1 1060w\" sizes=\"(max-width: 300px) 100vw, 300px\" data-recalc-dims=\"1\" \/><p id=\"caption-attachment-3971\" class=\"wp-caption-text\">DNA \u010doveka<\/p><\/div>\n[\/vc_column_text][\/vc_column][\/vc_row][vc_row][vc_column][vc_custom_heading text=&#8221;Skladna celina&#8221; font_container=&#8221;tag:h2|text_align:center|color:%231dafba&#8221; google_fonts=&#8221;font_family:Ubuntu%3A300%2C300italic%2Cregular%2Citalic%2C500%2C500italic%2C700%2C700italic|font_style:300%20light%20italic%3A300%3Aitalic&#8221;][\/vc_column][\/vc_row][vc_row][vc_column][vc_column_text]\n<hr \/>\n<p>&nbsp;<\/p>\n<p>Bez obzira za kojim odgovorom traga, \u010dovek mora negde zapo\u010deti.<\/p>\n<p>Mnogo je stvari koje treba ostaviti na stranu i koje treba ujediniti, pro\u010distiti, re\u0161iti ih se, mnogo toga otvoriti i zatvoriti. Postoji mnogo <em>da<\/em> i mnogo <em>ne<\/em> koje treba <a href=\"https:\/\/yogajagat.com\/sr\/zivotni-putevi\/\"><span style=\"color: #993300;\">odlu\u010diti<\/span><\/a>.<\/p>\n<p>Pravo\u00a0bi\u0107e\u00a0mo\u017ee do\u0107i do izra\u017eaja samo kada je ujedinjeno sa sopstvenim telom, \u010dulima i duhom.[\/vc_column_text][\/vc_column][\/vc_row][vc_row][vc_column][vc_custom_heading text=&#8221;Re\u010d JOGA &#8230;&#8221; font_container=&#8221;tag:h2|text_align:center|color:%231dafba&#8221; google_fonts=&#8221;font_family:Ubuntu%3A300%2C300italic%2Cregular%2Citalic%2C500%2C500italic%2C700%2C700italic|font_style:300%20light%20italic%3A300%3Aitalic&#8221;][\/vc_column][\/vc_row][vc_row][vc_column][vc_column_text]\n<hr \/>\n<p>&nbsp;<\/p>\n<p>&#8230; ima svoje korene na <em>sanskritu<\/em>, jednom od najstarijih jezika na svetu i jeziku Joge.<\/p>\n<p>Mnogo je zna\u010denja ove re\u010di.<\/p>\n<p><em>Wilson<\/em> u svom re\u010dniku (1832) opisuje re\u010d JOGA sa 30 razli\u010ditih zna\u010denja, od kojih su neka:<\/p>\n<p>Spajanje. Sastanak.<\/p>\n<p>Religiozna i apstraktna meditacija.<\/p>\n<p>Ujedinjenje s vrhovnim bi\u0107em apstraktnom kontemplacijom.<\/p>\n<p>Spajanje jedne stvari sa drugom kao uzroka sa dejstvom, predikata sa subjektom, kvaliteta sa materijom. Posledica. Rezultat. Glavni cilj ili predmet bilo koje stvari ili radnje. (U astronomiji).<\/p>\n<p>Vode\u0107a ili glavna zvezda lunarne ku\u0107e.<\/p>\n<p>Dvadeset sedmi deo kruga od 360 \u00b0, mereno na ravni ekliptike, i kori\u0161\u0107en za izra\u010dunavanje du\u017eina sunca i meseca; svaka Joga ima razli\u010dito ime; astrolozi tako\u0111e nabrajaju dvadeset i osam Joga druga\u010dije nazvanih koje odgovaraju dvadeset i osam Nak\u0161atara, ili podela na mese\u010devoj stazi, ali u zavisnosti od dana u nedelji. 30 Period, odnosno vreme tokom koga zbroj kretanja sunca i meseca iznosi jednu Nakshatru, \u010dije je srednje vreme trajanja 23 \u010dasa 47 min 44 sekundi.<\/p>\n<p><em>Monier-Villiams<\/em> u svom re\u010dniku (1872) opisuje jogu sa preko 70 razli\u010ditih zna\u010denja.<\/p>\n<p>Neki od njih su: \u010din spajanja dve stvari zajedno tako da se mogu kretati zajedno (eng. to <strong>yoke<\/strong>&#8211; misli se i na jaram, volovsku zapregu ili oru\u0111e koje spaja i vodi, spajanje, veza, udru\u017eivanje, ujedinjenje, kontakt; vezanje ili stavljanje (u konje); <strong>jaram<\/strong>, natprirodno sredstvo, \u0161arm, nagon, \u010darolija, magija, magi\u010dna umetnost; prevara, kombinacija ili konfiguracija zvezda, sazve\u017e\u0111e, asterizam, fiksiranje uma na odre\u0111enu ta\u010dku i odr\u017eavanje tela u \u010dvrstom polo\u017eaju.[\/vc_column_text][\/vc_column][\/vc_row][vc_row][vc_column][vc_custom_heading text=&#8221;Kao temeljna nauka o ljudsko-kosmi\u010dkim silama&#8230;&#8221; font_container=&#8221;tag:h2|text_align:center|color:%231dafba&#8221; google_fonts=&#8221;font_family:Ubuntu%3A300%2C300italic%2Cregular%2Citalic%2C500%2C500italic%2C700%2C700italic|font_style:300%20light%20italic%3A300%3Aitalic&#8221;][\/vc_column][\/vc_row][vc_row][vc_column][vc_column_text]\n<hr \/>\n<p>&nbsp;<\/p>\n<p>\u2026 <em>Joga<\/em> je potpuno a samim tim i veoma slo\u017eeno putovanje.<\/p>\n<p>To je ustvari veoma otmena gimnastika i za mentalnu i za du\u0161evnu lepotu.<\/p>\n<p>Mnogi ljudi su uvereni da materijalne stvari ili bilo \u0161ta \u0161to dolazi spolja mogu uneti spokoj u njihova srca i mir u njihov um. Ali pre 5000 godina, ri\u0161iji i mahari\u0161iji, drevni mudraci i vidovnjaci znali su kako da savladaju sopstvena \u010dula i kako da stupe u jedinstvo sa samim sobom, sa drugima i sa prirodom. Ovo jedinstvo se naziva <strong>Joga<\/strong>.<\/p>\n<p>Prvo pominjanje Joge pojavljuje se u <em>Rig Vedi<\/em>.[\/vc_column_text][\/vc_column][\/vc_row][vc_row][vc_column][vc_custom_heading text=&#8221;Najstariji traktat o Jogi&#8221; font_container=&#8221;tag:h2|text_align:center|color:%231dafba&#8221; google_fonts=&#8221;font_family:Ubuntu%3A300%2C300italic%2Cregular%2Citalic%2C500%2C500italic%2C700%2C700italic|font_style:300%20light%20italic%3A300%3Aitalic&#8221;][\/vc_column][\/vc_row][vc_row][vc_column][vc_column_text]\n<hr \/>\n<p>&nbsp;<\/p>\n<p>Najstariji i najeksplicitniji traktat o jogi je<em> Katha Upani\u0161ad<\/em>, jedan od 108 upani\u0161ada ili drevnih indijskih tekstova, i on ka\u017ee da je:<br \/>\ntelo vozilo<br \/>\num ko\u010dija<br \/>\nda su \u010dula konji,<br \/>\n\u010dulni organi putevi,<br \/>\num uzde,<br \/>\na sopstvo da je putnik (du\u0161a).<\/p>\n<p>To je samo najstariji traktat o Jogi. \u0160ta je Joga, te\u0161ko je definisati.<\/p>\n<p>Ali re\u010di koje najbli\u017ee (ali ne i potpuno) mogu objediniti (i objasniti) ljudska ose\u0107anja, iskustva, re\u010di, prou\u010davanje, ujedinjenje misti\u010dnog sa vi\u0161im silama bi\u0107e:[\/vc_column_text][\/vc_column][\/vc_row][vc_row][vc_column][vc_custom_heading text=&#8221;Joga je jedinstvo \u010doveka u telu, \u010dulima, duhovima i du\u0161ama&#8221; font_container=&#8221;tag:h2|text_align:center|color:%231dafba&#8221; google_fonts=&#8221;font_family:Ubuntu%3A300%2C300italic%2Cregular%2Citalic%2C500%2C500italic%2C700%2C700italic|font_style:300%20light%20italic%3A300%3Aitalic&#8221;][\/vc_column][\/vc_row]\n","protected":false},"excerpt":{"rendered":"<p>[vc_row][vc_column][vc_column_text]<br \/>\nUJEDINJENJE. JEDINSTVO. \u010cOVEKOV DNA<\/p>\n<p>&nbsp;<br \/>\n&nbsp;<br \/>\n[\/vc_column_text][\/vc_column][\/vc_row][vc_row][vc_column width=&#8221;1\/2&#8243;][vc_column_text]Da li postoji takvo iskustvo kao ujedinjenje?<br \/>\n&nbsp;<br \/>\nDa li je to samo niz pomodarskih re\u010di?<br \/>\nUjedinjenje sa kim? Da li je re\u010d o sjedinjenju sa bo\u017eanskim?<br \/>\n\u010cemu sve to?<br \/>\nDa li samo \u010dista srca mogu do\u017eiveti ujedinjenje?<br \/>\n\u0160ta je sa prosvetljenjem?<br \/>\nMo\u017eemo li biti jedan \u017eivot i jedan duh sa vrlom istinom?<br \/>\nKako se naziva ta istina?[\/vc_column_text][\/vc_column][vc_column width=&#8221;1\/2&#8243;][vc_column_text]<br \/>\n&nbsp;<br \/>\n&nbsp;<br \/>\n[\/vc_column_text][\/vc_column][\/vc_row][vc_row][vc_column][vc_custom_heading text=&#8221;Skladna celina&#8221; font_container=&#8221;tag:h2|text_align:center|color:%231dafba&#8221; google_fonts=&#8221;font_family:Ubuntu%3A300%2C300italic%2Cregular%2Citalic%2C500%2C500italic%2C700%2C700italic|font_style:300%20light%20italic%3A300%3Aitalic&#8221;][\/vc_column][\/vc_row][vc_row][vc_column][vc_column_text]<\/p>\n<p>&nbsp;<br \/>\nBez &#8230;<\/p>\n","protected":false},"author":1,"featured_media":0,"parent":0,"menu_order":0,"comment_status":"open","ping_status":"open","template":"template-full-width.php","meta":{"_bbp_topic_count":0,"_bbp_reply_count":0,"_bbp_total_topic_count":0,"_bbp_total_reply_count":0,"_bbp_voice_count":0,"_bbp_anonymous_reply_count":0,"_bbp_topic_count_hidden":0,"_bbp_reply_count_hidden":0,"_bbp_forum_subforum_count":0,"inline_featured_image":false,"spay_email":""},"translation":{"provider":"WPGlobus","version":"3.0.1","language":"sr","enabled_languages":["en","de","sr"],"languages":{"en":{"title":true,"content":true,"excerpt":false},"de":{"title":true,"content":true,"excerpt":false},"sr":{"title":true,"content":true,"excerpt":false}}},"yoast_head":"<!-- This site is optimized with the Yoast SEO plugin v18.3 - https:\/\/yoast.com\/wordpress\/plugins\/seo\/ -->\n<title>Ujedinjenje. Jedinstvo. DNA \u010doveka. Joga - Lepota promene<\/title>\n<meta name=\"description\" content=\"Da li postoji takvo iskustvo kao ujedinjenje? Jedinstvo ljudskih ose\u0107anja, iskustva, re\u010di, prou\u010davanja i misti\u010dnog sa vi\u0161im mo\u0107ima.\" \/>\n<meta name=\"robots\" content=\"index, follow, max-snippet:-1, max-image-preview:large, max-video-preview:-1\" \/>\n<link rel=\"canonical\" href=\"https:\/\/yogajagat.com\/unification-or-becoming-a-whole\/\" \/>\n<meta name=\"twitter:label1\" content=\"Est. reading time\" \/>\n\t<meta name=\"twitter:data1\" content=\"14 minutes\" \/>\n<script type=\"application\/ld+json\" class=\"yoast-schema-graph\">{\"@context\":\"https:\/\/schema.org\",\"@graph\":[{\"@type\":\"Organization\",\"@id\":\"https:\/\/yogajagat.com\/#organization\",\"name\":\"Yogajagat\",\"url\":\"https:\/\/yogajagat.com\/\",\"sameAs\":[],\"logo\":{\"@type\":\"ImageObject\",\"@id\":\"https:\/\/yogajagat.com\/#logo\",\"inLanguage\":\"sr\",\"url\":\"https:\/\/i1.wp.com\/yogajagat.com\/wp-content\/uploads\/2019\/03\/DSC08478-Kopie-1.jpg?fit=798%2C800&ssl=1\",\"contentUrl\":\"https:\/\/i1.wp.com\/yogajagat.com\/wp-content\/uploads\/2019\/03\/DSC08478-Kopie-1.jpg?fit=798%2C800&ssl=1\",\"width\":798,\"height\":800,\"caption\":\"Yogajagat\"},\"image\":{\"@id\":\"https:\/\/yogajagat.com\/#logo\"}},{\"@type\":\"WebSite\",\"@id\":\"https:\/\/yogajagat.com\/#website\",\"url\":\"https:\/\/yogajagat.com\/\",\"name\":\"Lepota promene\",\"description\":\"Neprestanom promenom do najlepseg zivotnog iskustva\",\"publisher\":{\"@id\":\"https:\/\/yogajagat.com\/#organization\"},\"potentialAction\":[{\"@type\":\"SearchAction\",\"target\":{\"@type\":\"EntryPoint\",\"urlTemplate\":\"https:\/\/yogajagat.com\/?s={search_term_string}\"},\"query-input\":\"required name=search_term_string\"}],\"inLanguage\":\"sr\"},{\"@type\":\"ImageObject\",\"@id\":\"https:\/\/yogajagat.com\/unification-or-becoming-a-whole\/#primaryimage\",\"inLanguage\":\"sr\",\"url\":\"http:\/\/yogajagat.com\/wp-content\/uploads\/2019\/08\/Bildschirmfoto-2019-04-04-um-14.11.12-300x150.png\",\"contentUrl\":\"http:\/\/yogajagat.com\/wp-content\/uploads\/2019\/08\/Bildschirmfoto-2019-04-04-um-14.11.12-300x150.png\"},{\"@type\":\"WebPage\",\"@id\":\"https:\/\/yogajagat.com\/unification-or-becoming-a-whole\/#webpage\",\"url\":\"https:\/\/yogajagat.com\/unification-or-becoming-a-whole\/\",\"name\":\"Ujedinjenje. Jedinstvo. DNA \u010doveka. Joga - Lepota promene\",\"isPartOf\":{\"@id\":\"https:\/\/yogajagat.com\/#website\"},\"primaryImageOfPage\":{\"@id\":\"https:\/\/yogajagat.com\/unification-or-becoming-a-whole\/#primaryimage\"},\"datePublished\":\"2015-01-17T10:30:45+00:00\",\"dateModified\":\"2020-03-03T18:16:22+00:00\",\"description\":\"Da li postoji takvo iskustvo kao ujedinjenje? Jedinstvo ljudskih ose\u0107anja, iskustva, re\u010di, prou\u010davanja i misti\u010dnog sa vi\u0161im mo\u0107ima.\",\"breadcrumb\":{\"@id\":\"https:\/\/yogajagat.com\/unification-or-becoming-a-whole\/#breadcrumb\"},\"inLanguage\":\"sr\",\"potentialAction\":[{\"@type\":\"ReadAction\",\"target\":[\"https:\/\/yogajagat.com\/unification-or-becoming-a-whole\/\"]}]},{\"@type\":\"BreadcrumbList\",\"@id\":\"https:\/\/yogajagat.com\/unification-or-becoming-a-whole\/#breadcrumb\",\"itemListElement\":[{\"@type\":\"ListItem\",\"position\":1,\"name\":\"Home\",\"item\":\"https:\/\/yogajagat.com\/sr\/\"},{\"@type\":\"ListItem\",\"position\":2,\"name\":\"Unification or Becoming a Whole\"}]}]}<\/script>\n<!-- \/ Yoast SEO plugin. -->","yoast_head_json":{"title":"Ujedinjenje. Jedinstvo. DNA \u010doveka. Joga - Lepota promene","description":"Da li postoji takvo iskustvo kao ujedinjenje? Jedinstvo ljudskih ose\u0107anja, iskustva, re\u010di, prou\u010davanja i misti\u010dnog sa vi\u0161im mo\u0107ima.","robots":{"index":"index","follow":"follow","max-snippet":"max-snippet:-1","max-image-preview":"max-image-preview:large","max-video-preview":"max-video-preview:-1"},"canonical":"https:\/\/yogajagat.com\/unification-or-becoming-a-whole\/","twitter_misc":{"Est. reading time":"14 minutes"},"schema":{"@context":"https:\/\/schema.org","@graph":[{"@type":"Organization","@id":"https:\/\/yogajagat.com\/#organization","name":"Yogajagat","url":"https:\/\/yogajagat.com\/","sameAs":[],"logo":{"@type":"ImageObject","@id":"https:\/\/yogajagat.com\/#logo","inLanguage":"sr","url":"https:\/\/i1.wp.com\/yogajagat.com\/wp-content\/uploads\/2019\/03\/DSC08478-Kopie-1.jpg?fit=798%2C800&ssl=1","contentUrl":"https:\/\/i1.wp.com\/yogajagat.com\/wp-content\/uploads\/2019\/03\/DSC08478-Kopie-1.jpg?fit=798%2C800&ssl=1","width":798,"height":800,"caption":"Yogajagat"},"image":{"@id":"https:\/\/yogajagat.com\/#logo"}},{"@type":"WebSite","@id":"https:\/\/yogajagat.com\/#website","url":"https:\/\/yogajagat.com\/","name":"Lepota promene","description":"Neprestanom promenom do najlepseg zivotnog iskustva","publisher":{"@id":"https:\/\/yogajagat.com\/#organization"},"potentialAction":[{"@type":"SearchAction","target":{"@type":"EntryPoint","urlTemplate":"https:\/\/yogajagat.com\/?s={search_term_string}"},"query-input":"required name=search_term_string"}],"inLanguage":"sr"},{"@type":"ImageObject","@id":"https:\/\/yogajagat.com\/unification-or-becoming-a-whole\/#primaryimage","inLanguage":"sr","url":"http:\/\/yogajagat.com\/wp-content\/uploads\/2019\/08\/Bildschirmfoto-2019-04-04-um-14.11.12-300x150.png","contentUrl":"http:\/\/yogajagat.com\/wp-content\/uploads\/2019\/08\/Bildschirmfoto-2019-04-04-um-14.11.12-300x150.png"},{"@type":"WebPage","@id":"https:\/\/yogajagat.com\/unification-or-becoming-a-whole\/#webpage","url":"https:\/\/yogajagat.com\/unification-or-becoming-a-whole\/","name":"Ujedinjenje. Jedinstvo. DNA \u010doveka. Joga - Lepota promene","isPartOf":{"@id":"https:\/\/yogajagat.com\/#website"},"primaryImageOfPage":{"@id":"https:\/\/yogajagat.com\/unification-or-becoming-a-whole\/#primaryimage"},"datePublished":"2015-01-17T10:30:45+00:00","dateModified":"2020-03-03T18:16:22+00:00","description":"Da li postoji takvo iskustvo kao ujedinjenje? Jedinstvo ljudskih ose\u0107anja, iskustva, re\u010di, prou\u010davanja i misti\u010dnog sa vi\u0161im mo\u0107ima.","breadcrumb":{"@id":"https:\/\/yogajagat.com\/unification-or-becoming-a-whole\/#breadcrumb"},"inLanguage":"sr","potentialAction":[{"@type":"ReadAction","target":["https:\/\/yogajagat.com\/unification-or-becoming-a-whole\/"]}]},{"@type":"BreadcrumbList","@id":"https:\/\/yogajagat.com\/unification-or-becoming-a-whole\/#breadcrumb","itemListElement":[{"@type":"ListItem","position":1,"name":"Home","item":"https:\/\/yogajagat.com\/sr\/"},{"@type":"ListItem","position":2,"name":"Unification or Becoming a Whole"}]}]}},"_links":{"self":[{"href":"https:\/\/yogajagat.com\/sr\/wp-json\/wp\/v2\/pages\/300"}],"collection":[{"href":"https:\/\/yogajagat.com\/sr\/wp-json\/wp\/v2\/pages"}],"about":[{"href":"https:\/\/yogajagat.com\/sr\/wp-json\/wp\/v2\/types\/page"}],"author":[{"embeddable":true,"href":"https:\/\/yogajagat.com\/sr\/wp-json\/wp\/v2\/users\/1"}],"replies":[{"embeddable":true,"href":"https:\/\/yogajagat.com\/sr\/wp-json\/wp\/v2\/comments?post=300"}],"version-history":[{"count":112,"href":"https:\/\/yogajagat.com\/sr\/wp-json\/wp\/v2\/pages\/300\/revisions"}],"predecessor-version":[{"id":5625,"href":"https:\/\/yogajagat.com\/sr\/wp-json\/wp\/v2\/pages\/300\/revisions\/5625"}],"wp:attachment":[{"href":"https:\/\/yogajagat.com\/sr\/wp-json\/wp\/v2\/media?parent=300"}],"curies":[{"name":"wp","href":"https:\/\/api.w.org\/{rel}","templated":true}]}}