{"id":2825,"date":"2019-04-09T14:27:30","date_gmt":"2019-04-09T13:27:30","guid":{"rendered":"http:\/\/yogajagat.com\/?page_id=2825"},"modified":"2021-02-15T17:25:54","modified_gmt":"2021-02-15T16:25:54","slug":"lika-holzem-yoga-world-of-teaching","status":"publish","type":"page","link":"https:\/\/yogajagat.com\/sr\/iz-sveta-poducavanja-joge\/","title":{"rendered":"Iz sveta podu\u010davanja Joge"},"content":{"rendered":"[vc_row][vc_column][vc_column_text]\n<h4 style=\"text-align: center;\"><span style=\"color: #800080;\">IZA WEB STRANICE<\/span><\/h4>\n<h3 style=\"text-align: center;\"><span style=\"color: #993300;\">PAR RE\u010cI IZ SVETA PODU\u010cAVANJA NAUKA JOGE<\/span><\/h3>\n<hr \/>\n<p>&nbsp;<\/p>\n<p>Pored du\u017ee<a href=\"https:\/\/yogajagat.com\/sr\/lika-holzem-biografija\/\"><span style=\"color: #993300;\"> biografije<\/span><\/a>, ovde mo\u017eete pro\u010ditati jo\u0161 par re\u010di iz sveta podu\u010davanja nauka Joge.<\/p>\n<p>Godina 2020.\u00a0je (tek) deseta godina mog podu\u010davanja tehnika i nauka joge. \u010casove su poha\u0111ali i mladi i stariji, najmla\u0111i u\u010denik je bio 7 godina star a najstarija je bila 83-godi\u0161njakinja. Iza mene su i godine tzv. ciljnih podu\u010davanja- petogodi\u0161nje, redovno podu\u010davanje seniora i kra\u0107e podu\u010davanje grupa dece \u0161kolskog uzrasta.<\/p>\n<p>U\u010denici su svih vrsta profesija&#8230; \u010dista\u010dice, psihoterapeuti, pekari, psiholozi, pravnici, umetnici, univerzitetski profesori, doma\u0107ice, studenti i mnogi, mnogi drugi, i svakako, svih mogu\u0107ih telesnih konstitucija, da praktikovanje joge nije praktikovanje samo za dobro izgledaju\u0107a i\/ili mr\u0161ava tela.<\/p>\n<p>Intenzitet mog podu\u010davanja je do sada bio razli\u010dit, ponekad sam odr\u017eavala \u010detiri \u010dasa u dva razli\u010dita grada i na tri razli\u010dita mesta (u Nema\u010dkoj) u jednom danu, drugi dan sam podu\u010davala samo jedan \u010das dnevno, a ponekad bi imali pauzu od nekoliko nedelja ili meseci, kada bih vreme provodila \u017eive\u0107i u prirodi i u svom li\u010dnom praktikovanju.<\/p>\n<p>Svih proteklih godina podu\u010davanja, \u0161to \u010dine stotine datih \u010dasova, prou\u010davala sam svaki problem koji bi u\u010denici donosili i sa mnom podelili, i pomagala im svim srcem, iskustvom i poznavanjem joge, anatomije tela, vedante, sveta lekovitih biljaka&#8230;<\/p>\n<p>Ovo se danas naziva i joga terapija.<\/p>\n<p>Sa nekoliko praktikantkinja smo praktikovali asane i posebno tehnike disanja do razli\u010ditih stadijuma njihove trudno\u0107e.<\/p>\n<p>Godine mog podu\u010davanja su, zna\u010di, pro\u0161le u bavljenju svim mogu\u0107im nevoljama ljudi&#8230; od \u017eivota sa astmom, o\u010dnim bolestima, dijabetesom, povi\u0161enim krvnim pritiskom, slabim imunitetom, &#8220;ispadanjem&#8221; me\u0111upr\u0161ljenskih diskova, operacija kolena kao i drugih operacija&#8230; do bolesti raka ili krajnje uznemirenosti duha (ona je izazvana \u017eeljama koje se uglavnom ne mogu realizovati. Niko ne mo\u017ee istinski da pomogne drugima u tome jer je to rad na sebi. Niko ne mo\u017ee pomo\u0107i drugome ako on sam ne \u017eeli da pomogne sebi).<\/p>\n<p>Iako, sasvim prirodno, ne pravim razliku izme\u0111u ljudi koji dolaze na moje \u010dasove, ipak bih pomenula da su ljudi koji se bore protiv multiple skleroze ili raka najoptimisti\u010dniji i najinspirativni ljudi. Oni uvek posebno zagreju moje srce.<\/p>\n<p>Moja vlastita praksa je tako vremenom, sasvim prirodno, postala \u010dista posve\u0107enost onima koje sam podu\u010davala.<\/p>\n<p>Iako je \u010din davanja, pomaganja i deljenja, na kraju svakog dana i u \u017eivotu svakog \u010doveka uvek bio i uvek \u0107e biti najljep\u0161i dar koji bi ljudsko bi\u0107e moglo imati, savetujem vam da ne prekidate redovnost svoje prakse.<\/p>\n<p>&nbsp;<\/p>\n<p>Na ovim stranicama se mo\u017eete informisati o <a href=\"https:\/\/yogajagat.com\/sr\/hatha-joga-tehnike-patandjali\/\"><span style=\"color: #993300;\">Hatha Jogi<\/span><\/a>, o tome <a href=\"https:\/\/yogajagat.com\/sr\/koristi-praktikovanja-joge-joga-poruka-starih-naroda\/\"><span style=\"color: #993300;\">koliko ima koristi<\/span><\/a> od praktikovanja joge, za\u0161to ose\u0107am da je svako ljudsko bi\u0107e<a href=\"https:\/\/yogajagat.com\/sr\/svako-ljudsko-bice-je-pravo-blago\/\"><span style=\"color: #993300;\"> pravo blago<\/span><\/a>, dalje o <a href=\"https:\/\/yogajagat.com\/sr\/nacin-poducavanja-hatha-joge-mentalni-otpor\/\"><span style=\"color: #993300;\">otporu umu<\/span><\/a> i kako ja jo\u0161 podu\u010davam Hatha Jogu, o <a href=\"https:\/\/yogajagat.com\/sr\/besplatni-casovi-hatha-joge-najsrdacniji-poziv\/\"><span style=\"color: #993300;\">besplatnim<\/span><\/a> i <a href=\"https:\/\/yogajagat.com\/sr\/privatni-casovi-joge-privatni-joga-coaching\/\"><span style=\"color: #993300;\">privatnim<\/span><\/a> \u010dasovima Hatha Joge, mo\u017eete pogledati<a href=\"https:\/\/yogajagat.com\/sr\/fotografije-joga-asana-joga-polozaji\/\"><span style=\"color: #993300;\"> fotografije joga polo\u017eaja<\/span><\/a> i prelistati sve ostale stranice na ovoj web stranici- web knjizi.[\/vc_column_text][\/vc_column][\/vc_row][vc_row][vc_column][vc_column_text]\n<div id=\"attachment_5089\" style=\"width: 650px\" class=\"wp-caption aligncenter\"><img aria-describedby=\"caption-attachment-5089\" loading=\"lazy\" class=\"size-full wp-image-5089\" src=\"https:\/\/i0.wp.com\/yogajagat.com\/wp-content\/uploads\/2020\/02\/DSC05473.jpg-1-1024x768-1.jpg?resize=640%2C480\" alt=\"word of teaching iz sveta podu\u010davanja\" width=\"640\" height=\"480\" srcset=\"https:\/\/i0.wp.com\/yogajagat.com\/wp-content\/uploads\/2020\/02\/DSC05473.jpg-1-1024x768-1.jpg?w=640&amp;ssl=1 640w, https:\/\/i0.wp.com\/yogajagat.com\/wp-content\/uploads\/2020\/02\/DSC05473.jpg-1-1024x768-1.jpg?resize=300%2C225&amp;ssl=1 300w\" sizes=\"(max-width: 640px) 100vw, 640px\" data-recalc-dims=\"1\" \/><p id=\"caption-attachment-5089\" class=\"wp-caption-text\">Shiva and Parvati<\/p><\/div>\n[\/vc_column_text][\/vc_column][\/vc_row]\n","protected":false},"excerpt":{"rendered":"<p>[vc_row][vc_column][vc_column_text]<br \/>\nIZA WEB STRANICE<br \/>\nPAR RE\u010cI IZ SVETA PODU\u010cAVANJA NAUKA JOGE<\/p>\n<p>&nbsp;<br \/>\nPored du\u017ee biografije, ovde mo\u017eete pro\u010ditati jo\u0161 par re\u010di iz sveta podu\u010davanja nauka Joge.<br \/>\nGodina 2020.\u00a0je (tek) deseta godina mog podu\u010davanja tehnika i nauka joge. \u010casove su poha\u0111ali i mladi i stariji, najmla\u0111i u\u010denik je bio 7 godina star a najstarija je bila 83-godi\u0161njakinja. Iza mene su i godine tzv. ciljnih podu\u010davanja- petogodi\u0161nje, redovno podu\u010davanje seniora i kra\u0107e podu\u010davanje grupa dece \u0161kolskog uzrasta.<br \/>\nU\u010denici su svih vrsta &#8230;<\/p>\n","protected":false},"author":1,"featured_media":0,"parent":0,"menu_order":0,"comment_status":"closed","ping_status":"closed","template":"template-full-width.php","meta":{"_bbp_topic_count":0,"_bbp_reply_count":0,"_bbp_total_topic_count":0,"_bbp_total_reply_count":0,"_bbp_voice_count":0,"_bbp_anonymous_reply_count":0,"_bbp_topic_count_hidden":0,"_bbp_reply_count_hidden":0,"_bbp_forum_subforum_count":0,"inline_featured_image":false,"spay_email":""},"translation":{"provider":"WPGlobus","version":"3.0.1","language":"sr","enabled_languages":["en","de","sr"],"languages":{"en":{"title":true,"content":true,"excerpt":false},"de":{"title":true,"content":true,"excerpt":false},"sr":{"title":true,"content":true,"excerpt":false}}},"yoast_head":"<!-- This site is optimized with the Yoast SEO plugin v18.3 - https:\/\/yoast.com\/wordpress\/plugins\/seo\/ -->\n<title>Iz sveta podu\u010davanja Joge - Lepota promene<\/title>\n<meta name=\"description\" content=\"Iz sveta podu\u010davanja Joge. Godine mog podu\u010davanja su pro\u0161le u bavljenju svim mogu\u0107im nevoljama ljudi, od \u017eivota sa astmom, o\u010dnim bolestima, dijabetesom...\" \/>\n<meta name=\"robots\" content=\"index, follow, max-snippet:-1, max-image-preview:large, max-video-preview:-1\" \/>\n<link rel=\"canonical\" href=\"https:\/\/yogajagat.com\/lika-holzem-yoga-world-of-teaching\/\" \/>\n<meta name=\"twitter:label1\" content=\"Est. reading time\" \/>\n\t<meta name=\"twitter:data1\" content=\"3 minutes\" \/>\n<script type=\"application\/ld+json\" class=\"yoast-schema-graph\">{\"@context\":\"https:\/\/schema.org\",\"@graph\":[{\"@type\":\"Organization\",\"@id\":\"https:\/\/yogajagat.com\/#organization\",\"name\":\"Yogajagat\",\"url\":\"https:\/\/yogajagat.com\/\",\"sameAs\":[],\"logo\":{\"@type\":\"ImageObject\",\"@id\":\"https:\/\/yogajagat.com\/#logo\",\"inLanguage\":\"sr\",\"url\":\"https:\/\/i1.wp.com\/yogajagat.com\/wp-content\/uploads\/2019\/03\/DSC08478-Kopie-1.jpg?fit=798%2C800&ssl=1\",\"contentUrl\":\"https:\/\/i1.wp.com\/yogajagat.com\/wp-content\/uploads\/2019\/03\/DSC08478-Kopie-1.jpg?fit=798%2C800&ssl=1\",\"width\":798,\"height\":800,\"caption\":\"Yogajagat\"},\"image\":{\"@id\":\"https:\/\/yogajagat.com\/#logo\"}},{\"@type\":\"WebSite\",\"@id\":\"https:\/\/yogajagat.com\/#website\",\"url\":\"https:\/\/yogajagat.com\/\",\"name\":\"Lepota promene\",\"description\":\"Neprestanom promenom do najlepseg zivotnog iskustva\",\"publisher\":{\"@id\":\"https:\/\/yogajagat.com\/#organization\"},\"potentialAction\":[{\"@type\":\"SearchAction\",\"target\":{\"@type\":\"EntryPoint\",\"urlTemplate\":\"https:\/\/yogajagat.com\/?s={search_term_string}\"},\"query-input\":\"required name=search_term_string\"}],\"inLanguage\":\"sr\"},{\"@type\":\"ImageObject\",\"@id\":\"https:\/\/yogajagat.com\/lika-holzem-yoga-world-of-teaching\/#primaryimage\",\"inLanguage\":\"sr\",\"url\":\"http:\/\/yogajagat.com\/wp-content\/uploads\/2020\/02\/DSC05473.jpg-1-1024x768-1.jpg\",\"contentUrl\":\"http:\/\/yogajagat.com\/wp-content\/uploads\/2020\/02\/DSC05473.jpg-1-1024x768-1.jpg\"},{\"@type\":\"WebPage\",\"@id\":\"https:\/\/yogajagat.com\/lika-holzem-yoga-world-of-teaching\/#webpage\",\"url\":\"https:\/\/yogajagat.com\/lika-holzem-yoga-world-of-teaching\/\",\"name\":\"Iz sveta podu\u010davanja Joge - Lepota promene\",\"isPartOf\":{\"@id\":\"https:\/\/yogajagat.com\/#website\"},\"primaryImageOfPage\":{\"@id\":\"https:\/\/yogajagat.com\/lika-holzem-yoga-world-of-teaching\/#primaryimage\"},\"datePublished\":\"2019-04-09T13:27:30+00:00\",\"dateModified\":\"2021-02-15T16:25:54+00:00\",\"description\":\"Iz sveta podu\u010davanja Joge. Godine mog podu\u010davanja su pro\u0161le u bavljenju svim mogu\u0107im nevoljama ljudi, od \u017eivota sa astmom, o\u010dnim bolestima, dijabetesom...\",\"breadcrumb\":{\"@id\":\"https:\/\/yogajagat.com\/lika-holzem-yoga-world-of-teaching\/#breadcrumb\"},\"inLanguage\":\"sr\",\"potentialAction\":[{\"@type\":\"ReadAction\",\"target\":[\"https:\/\/yogajagat.com\/lika-holzem-yoga-world-of-teaching\/\"]}]},{\"@type\":\"BreadcrumbList\",\"@id\":\"https:\/\/yogajagat.com\/lika-holzem-yoga-world-of-teaching\/#breadcrumb\",\"itemListElement\":[{\"@type\":\"ListItem\",\"position\":1,\"name\":\"Home\",\"item\":\"https:\/\/yogajagat.com\/sr\/\"},{\"@type\":\"ListItem\",\"position\":2,\"name\":\"From The World Of Yoga Teaching\"}]}]}<\/script>\n<!-- \/ Yoast SEO plugin. -->","yoast_head_json":{"title":"Iz sveta podu\u010davanja Joge - Lepota promene","description":"Iz sveta podu\u010davanja Joge. Godine mog podu\u010davanja su pro\u0161le u bavljenju svim mogu\u0107im nevoljama ljudi, od \u017eivota sa astmom, o\u010dnim bolestima, dijabetesom...","robots":{"index":"index","follow":"follow","max-snippet":"max-snippet:-1","max-image-preview":"max-image-preview:large","max-video-preview":"max-video-preview:-1"},"canonical":"https:\/\/yogajagat.com\/lika-holzem-yoga-world-of-teaching\/","twitter_misc":{"Est. reading time":"3 minutes"},"schema":{"@context":"https:\/\/schema.org","@graph":[{"@type":"Organization","@id":"https:\/\/yogajagat.com\/#organization","name":"Yogajagat","url":"https:\/\/yogajagat.com\/","sameAs":[],"logo":{"@type":"ImageObject","@id":"https:\/\/yogajagat.com\/#logo","inLanguage":"sr","url":"https:\/\/i1.wp.com\/yogajagat.com\/wp-content\/uploads\/2019\/03\/DSC08478-Kopie-1.jpg?fit=798%2C800&ssl=1","contentUrl":"https:\/\/i1.wp.com\/yogajagat.com\/wp-content\/uploads\/2019\/03\/DSC08478-Kopie-1.jpg?fit=798%2C800&ssl=1","width":798,"height":800,"caption":"Yogajagat"},"image":{"@id":"https:\/\/yogajagat.com\/#logo"}},{"@type":"WebSite","@id":"https:\/\/yogajagat.com\/#website","url":"https:\/\/yogajagat.com\/","name":"Lepota promene","description":"Neprestanom promenom do najlepseg zivotnog iskustva","publisher":{"@id":"https:\/\/yogajagat.com\/#organization"},"potentialAction":[{"@type":"SearchAction","target":{"@type":"EntryPoint","urlTemplate":"https:\/\/yogajagat.com\/?s={search_term_string}"},"query-input":"required name=search_term_string"}],"inLanguage":"sr"},{"@type":"ImageObject","@id":"https:\/\/yogajagat.com\/lika-holzem-yoga-world-of-teaching\/#primaryimage","inLanguage":"sr","url":"http:\/\/yogajagat.com\/wp-content\/uploads\/2020\/02\/DSC05473.jpg-1-1024x768-1.jpg","contentUrl":"http:\/\/yogajagat.com\/wp-content\/uploads\/2020\/02\/DSC05473.jpg-1-1024x768-1.jpg"},{"@type":"WebPage","@id":"https:\/\/yogajagat.com\/lika-holzem-yoga-world-of-teaching\/#webpage","url":"https:\/\/yogajagat.com\/lika-holzem-yoga-world-of-teaching\/","name":"Iz sveta podu\u010davanja Joge - Lepota promene","isPartOf":{"@id":"https:\/\/yogajagat.com\/#website"},"primaryImageOfPage":{"@id":"https:\/\/yogajagat.com\/lika-holzem-yoga-world-of-teaching\/#primaryimage"},"datePublished":"2019-04-09T13:27:30+00:00","dateModified":"2021-02-15T16:25:54+00:00","description":"Iz sveta podu\u010davanja Joge. Godine mog podu\u010davanja su pro\u0161le u bavljenju svim mogu\u0107im nevoljama ljudi, od \u017eivota sa astmom, o\u010dnim bolestima, dijabetesom...","breadcrumb":{"@id":"https:\/\/yogajagat.com\/lika-holzem-yoga-world-of-teaching\/#breadcrumb"},"inLanguage":"sr","potentialAction":[{"@type":"ReadAction","target":["https:\/\/yogajagat.com\/lika-holzem-yoga-world-of-teaching\/"]}]},{"@type":"BreadcrumbList","@id":"https:\/\/yogajagat.com\/lika-holzem-yoga-world-of-teaching\/#breadcrumb","itemListElement":[{"@type":"ListItem","position":1,"name":"Home","item":"https:\/\/yogajagat.com\/sr\/"},{"@type":"ListItem","position":2,"name":"From The World Of Yoga Teaching"}]}]}},"_links":{"self":[{"href":"https:\/\/yogajagat.com\/sr\/wp-json\/wp\/v2\/pages\/2825"}],"collection":[{"href":"https:\/\/yogajagat.com\/sr\/wp-json\/wp\/v2\/pages"}],"about":[{"href":"https:\/\/yogajagat.com\/sr\/wp-json\/wp\/v2\/types\/page"}],"author":[{"embeddable":true,"href":"https:\/\/yogajagat.com\/sr\/wp-json\/wp\/v2\/users\/1"}],"replies":[{"embeddable":true,"href":"https:\/\/yogajagat.com\/sr\/wp-json\/wp\/v2\/comments?post=2825"}],"version-history":[{"count":26,"href":"https:\/\/yogajagat.com\/sr\/wp-json\/wp\/v2\/pages\/2825\/revisions"}],"predecessor-version":[{"id":6022,"href":"https:\/\/yogajagat.com\/sr\/wp-json\/wp\/v2\/pages\/2825\/revisions\/6022"}],"wp:attachment":[{"href":"https:\/\/yogajagat.com\/sr\/wp-json\/wp\/v2\/media?parent=2825"}],"curies":[{"name":"wp","href":"https:\/\/api.w.org\/{rel}","templated":true}]}}