{"id":2586,"date":"2019-03-08T22:07:00","date_gmt":"2019-03-08T21:07:00","guid":{"rendered":"http:\/\/yogajagat.com\/?page_id=2586"},"modified":"2020-06-17T12:53:20","modified_gmt":"2020-06-17T10:53:20","slug":"thinking-reasoning-insight","status":"publish","type":"page","link":"https:\/\/yogajagat.com\/sr\/razmisljanje-i-uvid-put-rezonovanja\/","title":{"rendered":"Razmi\u0161ljanje i uvid. Put rezonovanja"},"content":{"rendered":"[vc_row][vc_column][vc_custom_heading text=&#8221;Ja\u010danje snage duha i srca putem razmi\u0161ljanja i rezonovanja&#8221; font_container=&#8221;tag:h2|text_align:center|color:%231ba2b7&#8243; google_fonts=&#8221;font_family:Ubuntu%3A300%2C300italic%2Cregular%2Citalic%2C500%2C500italic%2C700%2C700italic|font_style:300%20light%20italic%3A300%3Aitalic&#8221;][\/vc_column][\/vc_row][vc_row][vc_column][vc_column_text]\n<h3><\/h3>\n<h3><\/h3>\n<h3 style=\"text-align: center;\"><span style=\"color: #800080;\">RAZMI\u0160LJANJE I UVID<\/span><\/h3>\n[\/vc_column_text][\/vc_column][\/vc_row][vc_row][vc_column][vc_column_text]\n<hr \/>\n<p>&nbsp;<\/p>\n[\/vc_column_text][\/vc_column][\/vc_row][vc_row][vc_column width=&#8221;2\/3&#8243;][vc_column_text]Svako se ra\u0111a sa svojom li\u010dnom prirodom. Ni identi\u010dni blizanci nemaju potpuno identi\u010dne prirode. \u010cak ni ljudski fenomeni Abigail i Brittany Hensel, dva ljudska bi\u0107a sa dva mozga i dva srca u jednom telu imaju svoje li\u010dne prirode. Priroda ljudi se ne mo\u017ee lako, ako se i uop\u0161te mo\u017ee promeniti.<\/p>\n<p>Niti ima razloga da se menja. Svaki \u010dovek je \u010disto blago samo \u0161to to ne zna.<\/p>\n<p>Svako blago u ljudskom bi\u0107u se mo\u017ee prepoznati i negovati tako da se \u010dovekova patnja ubla\u017ei koliko je mogu\u0107e i da se \u010dovek pribli\u017ei i ujedini sa svojim vi\u0161im sopstvom.<\/p>\n<p>To je mogu\u0107e ukoliko se prirodni put prepozna i prati posve\u0107eno i po\u017ertvovano.<\/p>\n<p>Nije te\u0161ko prepoznati put. \u010covek samo treba biti potpuno\u00a0iskren sam sa sobom i treba prestati da misli da je ono \u0161to nije. Mir i samo\u0107a vode toj iskrenosti.<\/p>\n<p>Plodno razmi\u0161ljanje i duboki uvid u stvari su produkt plodnog i dubokog tihovanja.<\/p>\n[\/vc_column_text][\/vc_column][vc_column width=&#8221;1\/3&#8243;][vc_column_text]\n<p>&nbsp;<\/p>\n<p><img loading=\"lazy\" class=\"aligncenter size-medium wp-image-5449\" src=\"https:\/\/i2.wp.com\/yogajagat.com\/wp-content\/uploads\/2020\/02\/DSC00846-1024x768-1-300x225.jpg?resize=300%2C225\" alt=\"razmi\u0161ljanje uvid\" width=\"300\" height=\"225\" srcset=\"https:\/\/i0.wp.com\/yogajagat.com\/wp-content\/uploads\/2020\/02\/DSC00846-1024x768-1.jpg?resize=300%2C225&amp;ssl=1 300w, https:\/\/i0.wp.com\/yogajagat.com\/wp-content\/uploads\/2020\/02\/DSC00846-1024x768-1.jpg?w=640&amp;ssl=1 640w\" sizes=\"(max-width: 300px) 100vw, 300px\" data-recalc-dims=\"1\" \/><\/p>\n<p>&nbsp;<\/p>\n[\/vc_column_text][\/vc_column][\/vc_row][vc_row][vc_column][vc_custom_heading text=&#8221;Poruke starih indijskih tekstova&#8221; font_container=&#8221;tag:h2|text_align:center|color:%231ba2b7&#8243; google_fonts=&#8221;font_family:Ubuntu%3A300%2C300italic%2Cregular%2Citalic%2C500%2C500italic%2C700%2C700italic|font_style:300%20light%20italic%3A300%3Aitalic&#8221;][\/vc_column][\/vc_row][vc_row][vc_column][vc_column_text]\n<hr \/>\n<p>&nbsp;<\/p>\n<p>Najstariji sa\u010duvani duhovni tekstovi su indijski spisi.<\/p>\n<p>Oni pri\u010daju o <a href=\"https:\/\/yogajagat.com\/sr\/ujedinjenje-jedinstvo-dna-joga\/\"><span style=\"color: #993300;\">Jogi<\/span> <\/a>(ujedinjenju) i celokupnom \u017eivotu ljudskog bi\u0107a. I o na\u010dinu kako da se postane kralj bez posedovanja ku\u0107a i automobila.<\/p>\n<p>Takvi ljudi se zovu<em> rad\u017ea jogi.<\/em> Mo\u017eda ste se sada iznenadili kako neko mo\u017ee da se zove jogi a niti mu iz ranca ponosno viri plasti\u010dna prostirka niti on ima para da plati joga \u010dasove.<\/p>\n[\/vc_column_text][\/vc_column][\/vc_row][vc_row][vc_column][vc_column_text]<img loading=\"lazy\" class=\"aligncenter size-full wp-image-3307\" src=\"https:\/\/i0.wp.com\/yogajagat.com\/wp-content\/uploads\/2019\/05\/not-worth-doing.jpg?resize=600%2C450\" alt=\"razmi\u0161ljanje uvid\" width=\"600\" height=\"450\" srcset=\"https:\/\/i0.wp.com\/yogajagat.com\/wp-content\/uploads\/2019\/05\/not-worth-doing.jpg?w=600&amp;ssl=1 600w, https:\/\/i0.wp.com\/yogajagat.com\/wp-content\/uploads\/2019\/05\/not-worth-doing.jpg?resize=300%2C225&amp;ssl=1 300w\" sizes=\"(max-width: 600px) 100vw, 600px\" data-recalc-dims=\"1\" \/>[\/vc_column_text][\/vc_column][\/vc_row][vc_row][vc_column][vc_custom_heading text=&#8221;Rad\u017ea jogi&#8221; font_container=&#8221;tag:h2|text_align:center|color:%231ba2b7&#8243; google_fonts=&#8221;font_family:Ubuntu%3A300%2C300italic%2Cregular%2Citalic%2C500%2C500italic%2C700%2C700italic|font_style:300%20light%20italic%3A300%3Aitalic&#8221;][\/vc_column][\/vc_row][vc_row][vc_column][vc_column_text]\n<hr \/>\n<p>&nbsp;<\/p>\n<p>Jedan od puteva prirode \u017eivota je put razmi\u0161ljanja i rezonovanja. Kada postane dovoljno jak i uzemljen ovaj put vodi do \u010distog uvida u ono &#8220;ne\u0161to iza&#8221;. \u010cist uvid pravi razliku izme\u0111u onoga \u0161to je istinito i onoga \u0161to je la\u017eno.<\/p>\n<p><em>Rad\u017ea\u00a0<\/em>bukvalno zna\u010di kralj.<\/p>\n<p>Put kralja bez novca i stanova je put neumornog razmi\u0161ljanja i velike tolerancije prema svojim i tu\u0111im razmi\u0161ljanjima i mislima. Ovi kraljevi umesto materijalnog, poseduju otvoreni um i veliku duhovnost. Duhovnost nije &#8220;verovanje u boga&#8221;. Otvoren um je otvoren.<\/p>\n<p>&nbsp;<\/p>\n<p>Svaki \u010dovek mo\u017ee biti kralj ili rad\u017ea jogi. Ukoliko je njegova priroda vi\u0161e razmi\u0161ljanje i rezonovanje i ukoliko \u010dovek ulo\u017ei trud u svoj put, ovaj put \u0107e bez gre\u0161ke osna\u017eiti \u010dovekov duh i \u010dovekovo srce. Ali ovo je mogu\u0107e samo uz veliku i iskrenu samokontrolu.<\/p>\n<p><em>Samokontrola nije modni detalj ve\u0107 je to put disciplinovanog odricanja i jake volje.<\/em><\/p>\n<p>Rad\u017ea joga je ujedinjenje ne samo &#8220;tela, duha i du\u0161e&#8221; ve\u0107 ujedinjenje na koje se izvorna Joga odnosi a to je jedinstvo \u010dovekove du\u0161e sa jednom vi\u0161om du\u0161om, du\u0161om univerzuma.<\/p>\n[\/vc_column_text][\/vc_column][\/vc_row][vc_row][vc_column][vc_custom_heading text=&#8221;Rad\u017ea Joga&#8221; font_container=&#8221;tag:h2|text_align:center|color:%231ba2b7&#8243; google_fonts=&#8221;font_family:Ubuntu%3A300%2C300italic%2Cregular%2Citalic%2C500%2C500italic%2C700%2C700italic|font_style:300%20light%20italic%3A300%3Aitalic&#8221;][\/vc_column][\/vc_row][vc_row][vc_column][vc_column_text]\n<hr \/>\n<p>&nbsp;<\/p>\n<p>&#8230;je Joga duha. Drugi nazivi su klasi\u010dna Joga, Patan\u0111alijeva Joga, Joga meditacije ili za upu\u0107ene: Joga. Joga je pored ostalog i jedna od \u0161est indijskih filosofija.<\/p>\n<p>Patan\u0111ali je indijski mudrac o kome se vrlo malo zna i za koga se ka\u017ee da je sastavio Joga Sutre, mudre, detaljne i vrlo precizne misli o njegovim i o iskustvima indijskih mudraca koji su \u017eiveli \u010dak par vekova pre njega.<\/p>\n<p>Ova iskustva (sutre) prenosila su se usmenim predanjem.<\/p>\n<p>Niko ne zna ta\u010dno kada je ovaj tekst nastao. Ima najrazli\u010ditijih tvrdnji o datumu nastanka ovog teksta, od 400. godine pne. do 400. godine nove ere. U Enciklopediji Indijskih Filozofija, Geralda James Larson-a i Ram Shankar Bhattacharya (<a href=\"https:\/\/www.abebooks.com\/9788120833494\/Encyclopedia-Indian-Philosophies-Vol-Yoga-812083349X\/plp\"><span style=\"color: #993300;\">Encyclopedia of Indian Philosophies, Vol. XII; Yoga: India&#8217;s Philosophy of Meditation)<\/span><\/a> ka\u017ee se da je tekst nastao po\u010detkom na\u0161e ere izme\u0111u 350. i 450. godine.<\/p>\n<p>&nbsp;<\/p>\n<p><a href=\"https:\/\/yogajagat.com\/sr\/joga-sutra-temelj-tradicije-joge\/\"><span style=\"color: #800080;\">Joga Sutra<\/span> <\/a>je temelj tradicije Joge.<\/p>\n[\/vc_column_text][\/vc_column][\/vc_row]\n","protected":false},"excerpt":{"rendered":"<p>[vc_row][vc_column][vc_custom_heading text=&#8221;Ja\u010danje snage duha i srca putem razmi\u0161ljanja i rezonovanja&#8221; font_container=&#8221;tag:h2|text_align:center|color:%231ba2b7&#8243; google_fonts=&#8221;font_family:Ubuntu%3A300%2C300italic%2Cregular%2Citalic%2C500%2C500italic%2C700%2C700italic|font_style:300%20light%20italic%3A300%3Aitalic&#8221;][\/vc_column][\/vc_row][vc_row][vc_column][vc_column_text]<\/p>\n<p>\nRAZMI\u0160LJANJE I UVID<br \/>\n[\/vc_column_text][\/vc_column][\/vc_row][vc_row][vc_column][vc_column_text]<\/p>\n<p>&nbsp;<br \/>\n[\/vc_column_text][\/vc_column][\/vc_row][vc_row][vc_column width=&#8221;2\/3&#8243;][vc_column_text]Svako se ra\u0111a sa svojom li\u010dnom prirodom. Ni identi\u010dni blizanci nemaju potpuno identi\u010dne prirode. \u010cak ni ljudski fenomeni Abigail i Brittany Hensel, dva ljudska bi\u0107a sa dva mozga i dva srca u jednom telu imaju svoje li\u010dne prirode. Priroda ljudi se ne mo\u017ee lako, ako se i uop\u0161te mo\u017ee promeniti.<br \/>\nNiti ima razloga da se menja. Svaki \u010dovek je &#8230;<\/p>\n","protected":false},"author":1,"featured_media":0,"parent":0,"menu_order":0,"comment_status":"closed","ping_status":"closed","template":"template-full-width.php","meta":{"_bbp_topic_count":0,"_bbp_reply_count":0,"_bbp_total_topic_count":0,"_bbp_total_reply_count":0,"_bbp_voice_count":0,"_bbp_anonymous_reply_count":0,"_bbp_topic_count_hidden":0,"_bbp_reply_count_hidden":0,"_bbp_forum_subforum_count":0,"inline_featured_image":false,"spay_email":""},"translation":{"provider":"WPGlobus","version":"3.0.1","language":"sr","enabled_languages":["en","de","sr"],"languages":{"en":{"title":true,"content":true,"excerpt":false},"de":{"title":true,"content":true,"excerpt":false},"sr":{"title":true,"content":true,"excerpt":false}}},"yoast_head":"<!-- This site is optimized with the Yoast SEO plugin v18.3 - https:\/\/yoast.com\/wordpress\/plugins\/seo\/ -->\n<title>Razmi\u0161ljanje i uvid. Put rezonovanja - Lepota promene<\/title>\n<meta name=\"description\" content=\"Svako se ra\u0111a sa svojom li\u010dnom prirodom. Priroda ljudi se ne mo\u017ee lako, ako se i uop\u0161te mo\u017ee promeniti. Razmi\u0161ljanje, rezonovanje i uvid...\" \/>\n<meta name=\"robots\" content=\"index, follow, max-snippet:-1, max-image-preview:large, max-video-preview:-1\" \/>\n<link rel=\"canonical\" href=\"https:\/\/yogajagat.com\/thinking-reasoning-insight\/\" \/>\n<meta name=\"twitter:label1\" content=\"Est. reading time\" \/>\n\t<meta name=\"twitter:data1\" content=\"14 minutes\" \/>\n<script type=\"application\/ld+json\" class=\"yoast-schema-graph\">{\"@context\":\"https:\/\/schema.org\",\"@graph\":[{\"@type\":\"Organization\",\"@id\":\"https:\/\/yogajagat.com\/#organization\",\"name\":\"Yogajagat\",\"url\":\"https:\/\/yogajagat.com\/\",\"sameAs\":[],\"logo\":{\"@type\":\"ImageObject\",\"@id\":\"https:\/\/yogajagat.com\/#logo\",\"inLanguage\":\"sr\",\"url\":\"https:\/\/i1.wp.com\/yogajagat.com\/wp-content\/uploads\/2019\/03\/DSC08478-Kopie-1.jpg?fit=798%2C800&ssl=1\",\"contentUrl\":\"https:\/\/i1.wp.com\/yogajagat.com\/wp-content\/uploads\/2019\/03\/DSC08478-Kopie-1.jpg?fit=798%2C800&ssl=1\",\"width\":798,\"height\":800,\"caption\":\"Yogajagat\"},\"image\":{\"@id\":\"https:\/\/yogajagat.com\/#logo\"}},{\"@type\":\"WebSite\",\"@id\":\"https:\/\/yogajagat.com\/#website\",\"url\":\"https:\/\/yogajagat.com\/\",\"name\":\"Lepota promene\",\"description\":\"Neprestanom promenom do najlepseg zivotnog iskustva\",\"publisher\":{\"@id\":\"https:\/\/yogajagat.com\/#organization\"},\"potentialAction\":[{\"@type\":\"SearchAction\",\"target\":{\"@type\":\"EntryPoint\",\"urlTemplate\":\"https:\/\/yogajagat.com\/?s={search_term_string}\"},\"query-input\":\"required name=search_term_string\"}],\"inLanguage\":\"sr\"},{\"@type\":\"ImageObject\",\"@id\":\"https:\/\/yogajagat.com\/thinking-reasoning-insight\/#primaryimage\",\"inLanguage\":\"sr\",\"url\":\"http:\/\/yogajagat.com\/wp-content\/uploads\/2020\/02\/DSC00846-1024x768-1-300x225.jpg\",\"contentUrl\":\"http:\/\/yogajagat.com\/wp-content\/uploads\/2020\/02\/DSC00846-1024x768-1-300x225.jpg\"},{\"@type\":\"WebPage\",\"@id\":\"https:\/\/yogajagat.com\/thinking-reasoning-insight\/#webpage\",\"url\":\"https:\/\/yogajagat.com\/thinking-reasoning-insight\/\",\"name\":\"Razmi\u0161ljanje i uvid. Put rezonovanja - Lepota promene\",\"isPartOf\":{\"@id\":\"https:\/\/yogajagat.com\/#website\"},\"primaryImageOfPage\":{\"@id\":\"https:\/\/yogajagat.com\/thinking-reasoning-insight\/#primaryimage\"},\"datePublished\":\"2019-03-08T21:07:00+00:00\",\"dateModified\":\"2020-06-17T10:53:20+00:00\",\"description\":\"Svako se ra\u0111a sa svojom li\u010dnom prirodom. Priroda ljudi se ne mo\u017ee lako, ako se i uop\u0161te mo\u017ee promeniti. Razmi\u0161ljanje, rezonovanje i uvid...\",\"breadcrumb\":{\"@id\":\"https:\/\/yogajagat.com\/thinking-reasoning-insight\/#breadcrumb\"},\"inLanguage\":\"sr\",\"potentialAction\":[{\"@type\":\"ReadAction\",\"target\":[\"https:\/\/yogajagat.com\/thinking-reasoning-insight\/\"]}]},{\"@type\":\"BreadcrumbList\",\"@id\":\"https:\/\/yogajagat.com\/thinking-reasoning-insight\/#breadcrumb\",\"itemListElement\":[{\"@type\":\"ListItem\",\"position\":1,\"name\":\"Home\",\"item\":\"https:\/\/yogajagat.com\/sr\/\"},{\"@type\":\"ListItem\",\"position\":2,\"name\":\"Thinking, Reasoning, Insight\"}]}]}<\/script>\n<!-- \/ Yoast SEO plugin. -->","yoast_head_json":{"title":"Razmi\u0161ljanje i uvid. Put rezonovanja - Lepota promene","description":"Svako se ra\u0111a sa svojom li\u010dnom prirodom. Priroda ljudi se ne mo\u017ee lako, ako se i uop\u0161te mo\u017ee promeniti. Razmi\u0161ljanje, rezonovanje i uvid...","robots":{"index":"index","follow":"follow","max-snippet":"max-snippet:-1","max-image-preview":"max-image-preview:large","max-video-preview":"max-video-preview:-1"},"canonical":"https:\/\/yogajagat.com\/thinking-reasoning-insight\/","twitter_misc":{"Est. reading time":"14 minutes"},"schema":{"@context":"https:\/\/schema.org","@graph":[{"@type":"Organization","@id":"https:\/\/yogajagat.com\/#organization","name":"Yogajagat","url":"https:\/\/yogajagat.com\/","sameAs":[],"logo":{"@type":"ImageObject","@id":"https:\/\/yogajagat.com\/#logo","inLanguage":"sr","url":"https:\/\/i1.wp.com\/yogajagat.com\/wp-content\/uploads\/2019\/03\/DSC08478-Kopie-1.jpg?fit=798%2C800&ssl=1","contentUrl":"https:\/\/i1.wp.com\/yogajagat.com\/wp-content\/uploads\/2019\/03\/DSC08478-Kopie-1.jpg?fit=798%2C800&ssl=1","width":798,"height":800,"caption":"Yogajagat"},"image":{"@id":"https:\/\/yogajagat.com\/#logo"}},{"@type":"WebSite","@id":"https:\/\/yogajagat.com\/#website","url":"https:\/\/yogajagat.com\/","name":"Lepota promene","description":"Neprestanom promenom do najlepseg zivotnog iskustva","publisher":{"@id":"https:\/\/yogajagat.com\/#organization"},"potentialAction":[{"@type":"SearchAction","target":{"@type":"EntryPoint","urlTemplate":"https:\/\/yogajagat.com\/?s={search_term_string}"},"query-input":"required name=search_term_string"}],"inLanguage":"sr"},{"@type":"ImageObject","@id":"https:\/\/yogajagat.com\/thinking-reasoning-insight\/#primaryimage","inLanguage":"sr","url":"http:\/\/yogajagat.com\/wp-content\/uploads\/2020\/02\/DSC00846-1024x768-1-300x225.jpg","contentUrl":"http:\/\/yogajagat.com\/wp-content\/uploads\/2020\/02\/DSC00846-1024x768-1-300x225.jpg"},{"@type":"WebPage","@id":"https:\/\/yogajagat.com\/thinking-reasoning-insight\/#webpage","url":"https:\/\/yogajagat.com\/thinking-reasoning-insight\/","name":"Razmi\u0161ljanje i uvid. Put rezonovanja - Lepota promene","isPartOf":{"@id":"https:\/\/yogajagat.com\/#website"},"primaryImageOfPage":{"@id":"https:\/\/yogajagat.com\/thinking-reasoning-insight\/#primaryimage"},"datePublished":"2019-03-08T21:07:00+00:00","dateModified":"2020-06-17T10:53:20+00:00","description":"Svako se ra\u0111a sa svojom li\u010dnom prirodom. Priroda ljudi se ne mo\u017ee lako, ako se i uop\u0161te mo\u017ee promeniti. Razmi\u0161ljanje, rezonovanje i uvid...","breadcrumb":{"@id":"https:\/\/yogajagat.com\/thinking-reasoning-insight\/#breadcrumb"},"inLanguage":"sr","potentialAction":[{"@type":"ReadAction","target":["https:\/\/yogajagat.com\/thinking-reasoning-insight\/"]}]},{"@type":"BreadcrumbList","@id":"https:\/\/yogajagat.com\/thinking-reasoning-insight\/#breadcrumb","itemListElement":[{"@type":"ListItem","position":1,"name":"Home","item":"https:\/\/yogajagat.com\/sr\/"},{"@type":"ListItem","position":2,"name":"Thinking, Reasoning, Insight"}]}]}},"_links":{"self":[{"href":"https:\/\/yogajagat.com\/sr\/wp-json\/wp\/v2\/pages\/2586"}],"collection":[{"href":"https:\/\/yogajagat.com\/sr\/wp-json\/wp\/v2\/pages"}],"about":[{"href":"https:\/\/yogajagat.com\/sr\/wp-json\/wp\/v2\/types\/page"}],"author":[{"embeddable":true,"href":"https:\/\/yogajagat.com\/sr\/wp-json\/wp\/v2\/users\/1"}],"replies":[{"embeddable":true,"href":"https:\/\/yogajagat.com\/sr\/wp-json\/wp\/v2\/comments?post=2586"}],"version-history":[{"count":26,"href":"https:\/\/yogajagat.com\/sr\/wp-json\/wp\/v2\/pages\/2586\/revisions"}],"predecessor-version":[{"id":5962,"href":"https:\/\/yogajagat.com\/sr\/wp-json\/wp\/v2\/pages\/2586\/revisions\/5962"}],"wp:attachment":[{"href":"https:\/\/yogajagat.com\/sr\/wp-json\/wp\/v2\/media?parent=2586"}],"curies":[{"name":"wp","href":"https:\/\/api.w.org\/{rel}","templated":true}]}}