{"id":2583,"date":"2019-03-08T22:05:19","date_gmt":"2019-03-08T21:05:19","guid":{"rendered":"http:\/\/yogajagat.com\/?page_id=2583"},"modified":"2020-06-17T16:32:16","modified_gmt":"2020-06-17T14:32:16","slug":"dissolution-of-the-ego-how-to-practice-it","status":"publish","type":"page","link":"https:\/\/yogajagat.com\/sr\/rastapanje-ega-i-ujedinjenje-coveka\/","title":{"rendered":"Rastapanje ega i ujedinjenje \u010doveka"},"content":{"rendered":"[vc_row][vc_column][vc_column_text]\n<h3 style=\"text-align: center;\"><span style=\"color: #993300;\">POTPUNO RASTAPANJE EGA<\/span><\/h3>\n<h4 style=\"text-align: center;\"><span style=\"color: #800080;\">I UJEDINJENJE \u010cOVEKA<\/span><\/h4>\n<hr \/>\n<p>&nbsp;<\/p>\n<p>&#8220;Potpuno rastapanje ega&#8221; je stanje svesti, savr\u0161en mir uma do koga se dolazi spontano ali posle duge i posve\u0107ene prakse <span style=\"color: #993300;\">Hatha Joge<\/span> (koje nisu \u010diste fizi\u010dke ve\u017ebe).<\/p>\n<p>&nbsp;<\/p>\n<p>Kroz dva otvora sa svake strane ki\u010dme, kroz dva fizi\u010dka prolaza nerava, teku dva prana kanala ili <em>Nadiji<\/em>.<\/p>\n<p><em>Prana<\/em> je vitalna energija ili \u017eivotna snaga. <a href=\"https:\/\/yogajagat.com\/sr\/prana-i-pet-slojeva-energetskog-tela\/\"><span style=\"color: #993300;\">Prana<\/span><\/a> se jo\u0161 naziva i Ki, Chi ili Mana. Izraz \u201eenergija\u201c se ovde koristi u nedostatku boljeg izraza.<\/p>\n<p>Re\u010d <em>nadi<\/em> zna\u010di reka ili kanal. Nadiji nisu nervi ve\u0107 suptilni kanali koji nose pranu. Prema drevnim tekstovima Joge postoji 72 000 nadija. <em>Siva Samhita<\/em>, jo\u0161 jedan tekst Hatha Joge govori o 350 000 nadija.<\/p>\n<p>&nbsp;<\/p>\n<p>Kada su energetski kanali i energetski centri otvoreni, o\u010di\u0161\u0107eni i ujedinjeni onda se i ego mo\u017ee raspasti. Svi defekti sopstva kao \u0161to su strah, gnev, mr\u017enja, pohlepa, samoobmana se razdvajaju od sopstva i od ega.<\/p>\n<p>Ovo stanje je bilo poznato jos starim indijskom narodu i ova vrsta Joge se zove Laja joga (Laya).<\/p>\n<p>Sanskritska re\u010d <em>laya<\/em> zna\u010di razdvajanje.<\/p>\n<p>&nbsp;<\/p>\n<p>To je <em>turiya<\/em>, zbir sva tri stanja svesti. To je transcendentno stanje najvi\u0161e istine.<\/p>\n<p>To je ta\u010dka na<em> OM<\/em>\u00a0 znaku.<\/p>\n[\/vc_column_text][\/vc_column][\/vc_row][vc_row][vc_column][vc_custom_heading text=&#8221;Da li se Laja Joga mo\u017ee praktikovati?&#8221; font_container=&#8221;tag:h2|text_align:center|color:%231ba2b7&#8243; google_fonts=&#8221;font_family:Ubuntu%3A300%2C300italic%2Cregular%2Citalic%2C500%2C500italic%2C700%2C700italic|font_style:300%20light%20italic%3A300%3Aitalic&#8221;][\/vc_column][\/vc_row][vc_row][vc_column][vc_column_text]\n<hr \/>\n<p>&nbsp;<\/p>\n<p>Ima mnogo na\u010dina koji nam poma\u017eu da razdvojimo ego od njegovih tamnih strana i o njima govori ova celokupna knjiga- web stranica. Sa \u010ditanjem mo\u017eete po\u010deti od <span style=\"color: #993300;\"><a style=\"color: #993300;\" href=\"https:\/\/yogajagat.com\/sr\/duh-ljudski-kako-organizovati-um\/\">ove <\/a><\/span>stranice.<\/p>\n<p>Ego se ne mo\u017ee &#8220;uni\u0161titi&#8221;. Bez ega ne bi ni nas bilo. U egu se nalaze ljudski motivi, \u017eelje, namere, ideje.<a href=\"https:\/\/yogajagat.com\/sr\/zudnja-i-tiha-smirena-sreca\/\"><span style=\"color: #993300;\"> Nema ni\u010dega lo\u0161eg u egu<\/span><\/a> ali se on definitivno mo\u017ee dovesti pod kontrolu. A kontrola ega, kao i sve odluke, su odluke koje se de\u0161avaju u li\u010dnom umu. Bez kontrole ega \u010dovek je \u017eivotinja kao i sve druge.<\/p>\n<p>Kao i do svih vi\u0161ih stanja svesti i vi\u0161ih ujedinjenja, i do Laya Joge se dolazi predanim i iskrenim praktikovanjem <a href=\"https:\/\/yogajagat.com\/sr\/koncentracija-korisno-odvajanje-uma-od-bure-darana\/\"><span style=\"color: #993300;\">koncentracije<\/span><\/a> i <a href=\"https:\/\/yogajagat.com\/sr\/meditacija-o-meditaciji-kao-stanju-duha\/\"><span style=\"color: #800080;\">meditacije<\/span><\/a>.<\/p>\n<p>I kao u svim vi\u0161im Jogama (jedinstvima) i sama koncentracija i meditacija mogu biti plodne samo ukoliko su i telo i duh pro\u010di\u0161\u0107eni.<\/p>\n[\/vc_column_text][\/vc_column][\/vc_row][vc_row][vc_column][vc_column_text]<img loading=\"lazy\" class=\"aligncenter size-full wp-image-5257\" src=\"https:\/\/i0.wp.com\/yogajagat.com\/wp-content\/uploads\/2020\/02\/DSC08941-1024x768-1.jpg?resize=640%2C480\" alt=\"rastapanje ega\" width=\"640\" height=\"480\" srcset=\"https:\/\/i0.wp.com\/yogajagat.com\/wp-content\/uploads\/2020\/02\/DSC08941-1024x768-1.jpg?w=640&amp;ssl=1 640w, https:\/\/i0.wp.com\/yogajagat.com\/wp-content\/uploads\/2020\/02\/DSC08941-1024x768-1.jpg?resize=300%2C225&amp;ssl=1 300w\" sizes=\"(max-width: 640px) 100vw, 640px\" data-recalc-dims=\"1\" \/>[\/vc_column_text][\/vc_column][\/vc_row][vc_row][vc_column][vc_column_text]\n<h4 style=\"text-align: center;\"><span style=\"color: #993300;\">Prihvatite izazov Promene.<\/span><\/h4>\n[\/vc_column_text][\/vc_column][\/vc_row]\n","protected":false},"excerpt":{"rendered":"<p>[vc_row][vc_column][vc_column_text]<br \/>\nPOTPUNO RASTAPANJE EGA<br \/>\nI UJEDINJENJE \u010cOVEKA<\/p>\n<p>&nbsp;<br \/>\n&#8220;Potpuno rastapanje ega&#8221; je stanje svesti, savr\u0161en mir uma do koga se dolazi spontano ali posle duge i posve\u0107ene prakse Hatha Joge (koje nisu \u010diste fizi\u010dke ve\u017ebe).<br \/>\n&nbsp;<br \/>\nKroz dva otvora sa svake strane ki\u010dme, kroz dva fizi\u010dka prolaza nerava, teku dva prana kanala ili Nadiji.<br \/>\nPrana je vitalna energija ili \u017eivotna snaga. Prana se jo\u0161 naziva i Ki, Chi ili Mana. Izraz \u201eenergija\u201c se ovde koristi u nedostatku boljeg izraza.<br ...\n<\/p>\n","protected":false},"author":1,"featured_media":0,"parent":0,"menu_order":0,"comment_status":"closed","ping_status":"closed","template":"template-full-width.php","meta":{"_bbp_topic_count":0,"_bbp_reply_count":0,"_bbp_total_topic_count":0,"_bbp_total_reply_count":0,"_bbp_voice_count":0,"_bbp_anonymous_reply_count":0,"_bbp_topic_count_hidden":0,"_bbp_reply_count_hidden":0,"_bbp_forum_subforum_count":0,"inline_featured_image":false,"spay_email":""},"translation":{"provider":"WPGlobus","version":"3.0.1","language":"sr","enabled_languages":["en","de","sr"],"languages":{"en":{"title":true,"content":true,"excerpt":false},"de":{"title":true,"content":true,"excerpt":false},"sr":{"title":true,"content":true,"excerpt":false}}},"yoast_head":"<!-- This site is optimized with the Yoast SEO plugin v18.3 - https:\/\/yoast.com\/wordpress\/plugins\/seo\/ -->\n<title>Rastapanje ega i ujedinjenje \u010doveka - Lepota promene<\/title>\n<meta name=\"description\" content=\"Sanskritska re\u010d lay zna\u010di rastapanje. &quot;Potpuno rastapanje ega&quot; je stanje svesti, savr\u0161en mir uma do koga se dolazi spontano ali posle duge i posve\u0107ene...\" \/>\n<meta name=\"robots\" content=\"index, follow, max-snippet:-1, max-image-preview:large, max-video-preview:-1\" \/>\n<link rel=\"canonical\" href=\"https:\/\/yogajagat.com\/dissolution-of-the-ego-how-to-practice-it\/\" \/>\n<meta name=\"twitter:label1\" content=\"Est. reading time\" \/>\n\t<meta name=\"twitter:data1\" content=\"8 minutes\" \/>\n<script type=\"application\/ld+json\" class=\"yoast-schema-graph\">{\"@context\":\"https:\/\/schema.org\",\"@graph\":[{\"@type\":\"Organization\",\"@id\":\"https:\/\/yogajagat.com\/#organization\",\"name\":\"Yogajagat\",\"url\":\"https:\/\/yogajagat.com\/\",\"sameAs\":[],\"logo\":{\"@type\":\"ImageObject\",\"@id\":\"https:\/\/yogajagat.com\/#logo\",\"inLanguage\":\"sr\",\"url\":\"https:\/\/i1.wp.com\/yogajagat.com\/wp-content\/uploads\/2019\/03\/DSC08478-Kopie-1.jpg?fit=798%2C800&ssl=1\",\"contentUrl\":\"https:\/\/i1.wp.com\/yogajagat.com\/wp-content\/uploads\/2019\/03\/DSC08478-Kopie-1.jpg?fit=798%2C800&ssl=1\",\"width\":798,\"height\":800,\"caption\":\"Yogajagat\"},\"image\":{\"@id\":\"https:\/\/yogajagat.com\/#logo\"}},{\"@type\":\"WebSite\",\"@id\":\"https:\/\/yogajagat.com\/#website\",\"url\":\"https:\/\/yogajagat.com\/\",\"name\":\"Lepota promene\",\"description\":\"Neprestanom promenom do najlepseg zivotnog iskustva\",\"publisher\":{\"@id\":\"https:\/\/yogajagat.com\/#organization\"},\"potentialAction\":[{\"@type\":\"SearchAction\",\"target\":{\"@type\":\"EntryPoint\",\"urlTemplate\":\"https:\/\/yogajagat.com\/?s={search_term_string}\"},\"query-input\":\"required name=search_term_string\"}],\"inLanguage\":\"sr\"},{\"@type\":\"ImageObject\",\"@id\":\"https:\/\/yogajagat.com\/dissolution-of-the-ego-how-to-practice-it\/#primaryimage\",\"inLanguage\":\"sr\",\"url\":\"http:\/\/yogajagat.com\/wp-content\/uploads\/2020\/02\/DSC06885.jpg\",\"contentUrl\":\"http:\/\/yogajagat.com\/wp-content\/uploads\/2020\/02\/DSC06885.jpg\"},{\"@type\":\"WebPage\",\"@id\":\"https:\/\/yogajagat.com\/dissolution-of-the-ego-how-to-practice-it\/#webpage\",\"url\":\"https:\/\/yogajagat.com\/dissolution-of-the-ego-how-to-practice-it\/\",\"name\":\"Rastapanje ega i ujedinjenje \u010doveka - Lepota promene\",\"isPartOf\":{\"@id\":\"https:\/\/yogajagat.com\/#website\"},\"primaryImageOfPage\":{\"@id\":\"https:\/\/yogajagat.com\/dissolution-of-the-ego-how-to-practice-it\/#primaryimage\"},\"datePublished\":\"2019-03-08T21:05:19+00:00\",\"dateModified\":\"2020-06-17T14:32:16+00:00\",\"description\":\"Sanskritska re\u010d lay zna\u010di rastapanje. \\\"Potpuno rastapanje ega\\\" je stanje svesti, savr\u0161en mir uma do koga se dolazi spontano ali posle duge i posve\u0107ene...\",\"breadcrumb\":{\"@id\":\"https:\/\/yogajagat.com\/dissolution-of-the-ego-how-to-practice-it\/#breadcrumb\"},\"inLanguage\":\"sr\",\"potentialAction\":[{\"@type\":\"ReadAction\",\"target\":[\"https:\/\/yogajagat.com\/dissolution-of-the-ego-how-to-practice-it\/\"]}]},{\"@type\":\"BreadcrumbList\",\"@id\":\"https:\/\/yogajagat.com\/dissolution-of-the-ego-how-to-practice-it\/#breadcrumb\",\"itemListElement\":[{\"@type\":\"ListItem\",\"position\":1,\"name\":\"Home\",\"item\":\"https:\/\/yogajagat.com\/sr\/\"},{\"@type\":\"ListItem\",\"position\":2,\"name\":\"Dissolution of the Ego, How to Practice It?\"}]}]}<\/script>\n<!-- \/ Yoast SEO plugin. -->","yoast_head_json":{"title":"Rastapanje ega i ujedinjenje \u010doveka - Lepota promene","description":"Sanskritska re\u010d lay zna\u010di rastapanje. \"Potpuno rastapanje ega\" je stanje svesti, savr\u0161en mir uma do koga se dolazi spontano ali posle duge i posve\u0107ene...","robots":{"index":"index","follow":"follow","max-snippet":"max-snippet:-1","max-image-preview":"max-image-preview:large","max-video-preview":"max-video-preview:-1"},"canonical":"https:\/\/yogajagat.com\/dissolution-of-the-ego-how-to-practice-it\/","twitter_misc":{"Est. reading time":"8 minutes"},"schema":{"@context":"https:\/\/schema.org","@graph":[{"@type":"Organization","@id":"https:\/\/yogajagat.com\/#organization","name":"Yogajagat","url":"https:\/\/yogajagat.com\/","sameAs":[],"logo":{"@type":"ImageObject","@id":"https:\/\/yogajagat.com\/#logo","inLanguage":"sr","url":"https:\/\/i1.wp.com\/yogajagat.com\/wp-content\/uploads\/2019\/03\/DSC08478-Kopie-1.jpg?fit=798%2C800&ssl=1","contentUrl":"https:\/\/i1.wp.com\/yogajagat.com\/wp-content\/uploads\/2019\/03\/DSC08478-Kopie-1.jpg?fit=798%2C800&ssl=1","width":798,"height":800,"caption":"Yogajagat"},"image":{"@id":"https:\/\/yogajagat.com\/#logo"}},{"@type":"WebSite","@id":"https:\/\/yogajagat.com\/#website","url":"https:\/\/yogajagat.com\/","name":"Lepota promene","description":"Neprestanom promenom do najlepseg zivotnog iskustva","publisher":{"@id":"https:\/\/yogajagat.com\/#organization"},"potentialAction":[{"@type":"SearchAction","target":{"@type":"EntryPoint","urlTemplate":"https:\/\/yogajagat.com\/?s={search_term_string}"},"query-input":"required name=search_term_string"}],"inLanguage":"sr"},{"@type":"ImageObject","@id":"https:\/\/yogajagat.com\/dissolution-of-the-ego-how-to-practice-it\/#primaryimage","inLanguage":"sr","url":"http:\/\/yogajagat.com\/wp-content\/uploads\/2020\/02\/DSC06885.jpg","contentUrl":"http:\/\/yogajagat.com\/wp-content\/uploads\/2020\/02\/DSC06885.jpg"},{"@type":"WebPage","@id":"https:\/\/yogajagat.com\/dissolution-of-the-ego-how-to-practice-it\/#webpage","url":"https:\/\/yogajagat.com\/dissolution-of-the-ego-how-to-practice-it\/","name":"Rastapanje ega i ujedinjenje \u010doveka - Lepota promene","isPartOf":{"@id":"https:\/\/yogajagat.com\/#website"},"primaryImageOfPage":{"@id":"https:\/\/yogajagat.com\/dissolution-of-the-ego-how-to-practice-it\/#primaryimage"},"datePublished":"2019-03-08T21:05:19+00:00","dateModified":"2020-06-17T14:32:16+00:00","description":"Sanskritska re\u010d lay zna\u010di rastapanje. \"Potpuno rastapanje ega\" je stanje svesti, savr\u0161en mir uma do koga se dolazi spontano ali posle duge i posve\u0107ene...","breadcrumb":{"@id":"https:\/\/yogajagat.com\/dissolution-of-the-ego-how-to-practice-it\/#breadcrumb"},"inLanguage":"sr","potentialAction":[{"@type":"ReadAction","target":["https:\/\/yogajagat.com\/dissolution-of-the-ego-how-to-practice-it\/"]}]},{"@type":"BreadcrumbList","@id":"https:\/\/yogajagat.com\/dissolution-of-the-ego-how-to-practice-it\/#breadcrumb","itemListElement":[{"@type":"ListItem","position":1,"name":"Home","item":"https:\/\/yogajagat.com\/sr\/"},{"@type":"ListItem","position":2,"name":"Dissolution of the Ego, How to Practice It?"}]}]}},"_links":{"self":[{"href":"https:\/\/yogajagat.com\/sr\/wp-json\/wp\/v2\/pages\/2583"}],"collection":[{"href":"https:\/\/yogajagat.com\/sr\/wp-json\/wp\/v2\/pages"}],"about":[{"href":"https:\/\/yogajagat.com\/sr\/wp-json\/wp\/v2\/types\/page"}],"author":[{"embeddable":true,"href":"https:\/\/yogajagat.com\/sr\/wp-json\/wp\/v2\/users\/1"}],"replies":[{"embeddable":true,"href":"https:\/\/yogajagat.com\/sr\/wp-json\/wp\/v2\/comments?post=2583"}],"version-history":[{"count":12,"href":"https:\/\/yogajagat.com\/sr\/wp-json\/wp\/v2\/pages\/2583\/revisions"}],"predecessor-version":[{"id":5971,"href":"https:\/\/yogajagat.com\/sr\/wp-json\/wp\/v2\/pages\/2583\/revisions\/5971"}],"wp:attachment":[{"href":"https:\/\/yogajagat.com\/sr\/wp-json\/wp\/v2\/media?parent=2583"}],"curies":[{"name":"wp","href":"https:\/\/api.w.org\/{rel}","templated":true}]}}