{"id":2568,"date":"2019-03-08T21:57:54","date_gmt":"2019-03-08T20:57:54","guid":{"rendered":"http:\/\/yogajagat.com\/?page_id=2568"},"modified":"2020-06-17T15:48:34","modified_gmt":"2020-06-17T13:48:34","slug":"analytical-thinkers-and-their-path","status":"publish","type":"page","link":"https:\/\/yogajagat.com\/sr\/prepoznavanje-istine-put-iskustva-i-najcistijeg-znanja\/","title":{"rendered":"Prepoznavanje istine i naj\u010distije znanje"},"content":{"rendered":"[vc_row][vc_column][vc_column_text]\n<h3 style=\"text-align: center;\"><span style=\"color: #993300;\">PREPOZNAVANJE ISTINE<\/span><\/h3>\n<h4 style=\"text-align: center;\"><span style=\"color: #800080;\">PUT DO VELIKOG ISKUSTVA I NAJ\u010cISTIJEG ZNANJA<\/span><\/h4>\n<hr \/>\n<p>&nbsp;<\/p>\n<p>Svaki <em>put<\/em> je i kako \u017eivimo i gde smo stigli. Prepoznavanje istine je spor put ali on vodi do velikog iskistva i naj\u010distijeg znanja.<\/p>\n[\/vc_column_text][\/vc_column][\/vc_row][vc_row][vc_column][vc_custom_heading text=&#8221;Razlikovanje istine od la\u017enog&#8221; font_container=&#8221;tag:h2|text_align:center|color:%231ba2b7&#8243; google_fonts=&#8221;font_family:Ubuntu%3A300%2C300italic%2Cregular%2Citalic%2C500%2C500italic%2C700%2C700italic|font_style:300%20light%20italic%3A300%3Aitalic&#8221;][\/vc_column][\/vc_row][vc_row][vc_column][vc_column_text]\n<hr \/>\n<p>&nbsp;<\/p>\n<p>\u010covek se ne ra\u0111a nau\u010den ali se ra\u0111a sa odre\u0111im naklonostima.<\/p>\n<p>Ve\u010diti analiti\u010dari, oni kojima je od svega najva\u017enija istina i koji su spremni da se bez prestanka odri\u010du ovozemaljskih sitnih u\u017eivanja u ime uzvi\u0161enijih misli, dela i iskustava su naklonjeni D\u017enana Jogi <em>(Jnana)<\/em>.<\/p>\n<p>Ovo je put samoostvarenja diskriminacijom la\u017enog od pravog. Diskriminacija la\u017enog se u\u010di korak po korak, ba\u0161 kao i sve ostalo.<\/p>\n<p>Ovo je sistematski put rasu\u0111ivanja i prepoznavanje istine ili neistine i zato ovaj put nije lak za one\u00a0ljude koji su skloni obmanama i preterivanjima.<\/p>\n<p>La\u017ena identifikacija sa onim \u0161to \u010dovek nije i sama je ve\u0107 \u010dista obmana koja ljude vodi u jo\u0161 dublje zabune.<\/p>\n<p>\u010covek koji je stigao do ovog nivoa postojanja oprostio se sa svojom ni\u017eom prirodom. On je postao jedno sa svime, realizovan \u010dovek.<\/p>\n<p>Stara indijska nauka o ne-dualizmu se zove <em>Advaita Vedanta<\/em>.<\/p>\n<p>Sanskritska re\u010d <em>Vedanta<\/em> zna\u010di kraj znanja i odnosi se na transcendentno znanje a ne na ono napamet nau\u010deno. Ovaj put znanja je duga\u010dak put mudrosti koji se mo\u017ee posti\u0107i postepeno i uz puno iskrenosti prema samom sebi.<\/p>\n<p>Ovaj put tra\u017ei mnogo samodiscipline.<\/p>\n<p>&nbsp;<\/p>\n<p>Uvid je dete znanja.<\/p>\n<p>Iskustvo i znanje postaju jedno.<\/p>\n<p>&nbsp;<\/p>\n<p>D\u017enana jogi je svako ko ima <em>\u010dist uvid<\/em> u pirodu svih stvari, ljudi, doga\u0111aja.<\/p>\n<p>Sve \u010detiri Vede, <em>Rig Veda<\/em>, <em>Sama Veda<\/em>, <em>Yajur Veda<\/em> i <em>Artharvaveda<\/em>, su zbirke tekstova kojih su i Upani\u0161ade deo, govore o D\u017enana Jogi.<\/p>\n[\/vc_column_text][\/vc_column][\/vc_row][vc_row][vc_column][vc_column_text]<img loading=\"lazy\" class=\"aligncenter size-full wp-image-4513\" src=\"https:\/\/i1.wp.com\/yogajagat.com\/wp-content\/uploads\/2020\/01\/DSC00764.jpg?resize=640%2C441\" alt=\"prepoznavanje istine\" width=\"640\" height=\"441\" srcset=\"https:\/\/i1.wp.com\/yogajagat.com\/wp-content\/uploads\/2020\/01\/DSC00764.jpg?w=640&amp;ssl=1 640w, https:\/\/i1.wp.com\/yogajagat.com\/wp-content\/uploads\/2020\/01\/DSC00764.jpg?resize=300%2C207&amp;ssl=1 300w\" sizes=\"(max-width: 640px) 100vw, 640px\" data-recalc-dims=\"1\" \/>[\/vc_column_text][\/vc_column][\/vc_row][vc_row][vc_column][vc_custom_heading text=&#8221;Praktikovanje puta uvida&#8221; font_container=&#8221;tag:h2|text_align:center|color:%231ba2b7&#8243; google_fonts=&#8221;font_family:Ubuntu%3A300%2C300italic%2Cregular%2Citalic%2C500%2C500italic%2C700%2C700italic|font_style:300%20light%20italic%3A300%3Aitalic&#8221;][\/vc_column][\/vc_row][vc_row][vc_column][vc_column_text]\n<hr \/>\n<p>&nbsp;<\/p>\n<p>Prepoznavanje prave istine se mo\u017ee ve\u017ebati. Ve\u017ebe koje vode prepoznavanju prave istine su tako\u0111e stvar samodiscipline i samopo\u017ertvovanja.<\/p>\n<p>Da bi dostigao \u010dist uvid \u010dovek morao bi svoje \u010dulo sluha vi\u0161e da posveti ljudima koji su ve\u0107 i sami sebe realizovali. Ti ljudi pri\u010daju o svojim direktnim iskustvima.<\/p>\n<p>\u010covek treba da \u010dita mudre i duhovne knjige. U miru se<a href=\"https:\/\/yogajagat.com\/sr\/knjige-covekov-najbolji-prijatelj\/\"><span style=\"color: #993300;\"> prona\u0111e istina<\/span><\/a>. Zato kad \u010dovek zatvori o\u010di i kad utone u unutra\u0161nje svetove mo\u017ee da shvati istinu onoga \u0161to je od duhovnih ljudi \u010duo i pro\u010ditao.<\/p>\n<p>To je praksa diskriminacije la\u017enog.<\/p>\n<p>To je jedan put koji vodi <a href=\"https:\/\/yogajagat.com\/sr\/put-oslobadanja-svesti-oslobodena-izolovana-dusa\/\"><span style=\"color: #993300;\">samorealizaciji<\/span><\/a>, zna\u010di prepoznavanju vi\u0161eg, i prepli\u0107e se sa<span style=\"color: #993300;\"> <a style=\"color: #993300;\" href=\"https:\/\/yogajagat.com\/sr\/radza-joga\/\" target=\"_blank\" rel=\"noopener noreferrer\">putem razmi\u0161ljanja<\/a><\/span> ili Rad\u017ea Jogom.<\/p>\n[\/vc_column_text][\/vc_column][\/vc_row][vc_row][vc_column][vc_column_text]<img loading=\"lazy\" class=\"aligncenter size-full wp-image-4324\" src=\"https:\/\/i0.wp.com\/yogajagat.com\/wp-content\/uploads\/2020\/01\/DSC07796.jpg?resize=480%2C640\" alt=\"prepoznavanje istine put iskustva\" width=\"480\" height=\"640\" srcset=\"https:\/\/i0.wp.com\/yogajagat.com\/wp-content\/uploads\/2020\/01\/DSC07796.jpg?w=480&amp;ssl=1 480w, https:\/\/i0.wp.com\/yogajagat.com\/wp-content\/uploads\/2020\/01\/DSC07796.jpg?resize=225%2C300&amp;ssl=1 225w\" sizes=\"(max-width: 480px) 100vw, 480px\" data-recalc-dims=\"1\" \/>[\/vc_column_text][\/vc_column][\/vc_row]\n","protected":false},"excerpt":{"rendered":"<p>[vc_row][vc_column][vc_column_text]<br \/>\nPREPOZNAVANJE ISTINE<br \/>\nPUT DO VELIKOG ISKUSTVA I NAJ\u010cISTIJEG ZNANJA<\/p>\n<p>&nbsp;<br \/>\nSvaki put je i kako \u017eivimo i gde smo stigli. Prepoznavanje istine je spor put ali on vodi do velikog iskistva i naj\u010distijeg znanja.<br \/>\n[\/vc_column_text][\/vc_column][\/vc_row][vc_row][vc_column][vc_custom_heading text=&#8221;Razlikovanje istine od la\u017enog&#8221; font_container=&#8221;tag:h2|text_align:center|color:%231ba2b7&#8243; google_fonts=&#8221;font_family:Ubuntu%3A300%2C300italic%2Cregular%2Citalic%2C500%2C500italic%2C700%2C700italic|font_style:300%20light%20italic%3A300%3Aitalic&#8221;][\/vc_column][\/vc_row][vc_row][vc_column][vc_column_text]<\/p>\n<p>&nbsp;<br \/>\n\u010covek se ne ra\u0111a nau\u010den ali se ra\u0111a sa odre\u0111im naklonostima.<br \/>\nVe\u010diti analiti\u010dari, oni kojima je od svega najva\u017enija istina i koji su spremni da se bez prestanka odri\u010du ovozemaljskih sitnih u\u017eivanja u ime uzvi\u0161enijih &#8230;<\/p>\n","protected":false},"author":1,"featured_media":0,"parent":0,"menu_order":0,"comment_status":"closed","ping_status":"closed","template":"template-full-width.php","meta":{"_bbp_topic_count":0,"_bbp_reply_count":0,"_bbp_total_topic_count":0,"_bbp_total_reply_count":0,"_bbp_voice_count":0,"_bbp_anonymous_reply_count":0,"_bbp_topic_count_hidden":0,"_bbp_reply_count_hidden":0,"_bbp_forum_subforum_count":0,"inline_featured_image":false,"spay_email":""},"translation":{"provider":"WPGlobus","version":"3.0.1","language":"sr","enabled_languages":["en","de","sr"],"languages":{"en":{"title":true,"content":true,"excerpt":false},"de":{"title":true,"content":true,"excerpt":false},"sr":{"title":true,"content":true,"excerpt":false}}},"yoast_head":"<!-- This site is optimized with the Yoast SEO plugin v18.3 - https:\/\/yoast.com\/wordpress\/plugins\/seo\/ -->\n<title>Prepoznavanje istine i naj\u010distije znanje - Lepota promene<\/title>\n<meta name=\"description\" content=\"Uvid je dete znanje. Iskistvo i znanje postaju jedno. Prepoznavanje istine, \u010disto znanje i uvid. Kako praktikovati diskriminaciju la\u017enog od istinitog...\" \/>\n<meta name=\"robots\" content=\"index, follow, max-snippet:-1, max-image-preview:large, max-video-preview:-1\" \/>\n<link rel=\"canonical\" href=\"https:\/\/yogajagat.com\/analytical-thinkers-and-their-path\/\" \/>\n<meta name=\"twitter:label1\" content=\"Est. reading time\" \/>\n\t<meta name=\"twitter:data1\" content=\"10 minutes\" \/>\n<script type=\"application\/ld+json\" class=\"yoast-schema-graph\">{\"@context\":\"https:\/\/schema.org\",\"@graph\":[{\"@type\":\"Organization\",\"@id\":\"https:\/\/yogajagat.com\/#organization\",\"name\":\"Yogajagat\",\"url\":\"https:\/\/yogajagat.com\/\",\"sameAs\":[],\"logo\":{\"@type\":\"ImageObject\",\"@id\":\"https:\/\/yogajagat.com\/#logo\",\"inLanguage\":\"sr\",\"url\":\"https:\/\/i1.wp.com\/yogajagat.com\/wp-content\/uploads\/2019\/03\/DSC08478-Kopie-1.jpg?fit=798%2C800&ssl=1\",\"contentUrl\":\"https:\/\/i1.wp.com\/yogajagat.com\/wp-content\/uploads\/2019\/03\/DSC08478-Kopie-1.jpg?fit=798%2C800&ssl=1\",\"width\":798,\"height\":800,\"caption\":\"Yogajagat\"},\"image\":{\"@id\":\"https:\/\/yogajagat.com\/#logo\"}},{\"@type\":\"WebSite\",\"@id\":\"https:\/\/yogajagat.com\/#website\",\"url\":\"https:\/\/yogajagat.com\/\",\"name\":\"Lepota promene\",\"description\":\"Neprestanom promenom do najlepseg zivotnog iskustva\",\"publisher\":{\"@id\":\"https:\/\/yogajagat.com\/#organization\"},\"potentialAction\":[{\"@type\":\"SearchAction\",\"target\":{\"@type\":\"EntryPoint\",\"urlTemplate\":\"https:\/\/yogajagat.com\/?s={search_term_string}\"},\"query-input\":\"required name=search_term_string\"}],\"inLanguage\":\"sr\"},{\"@type\":\"ImageObject\",\"@id\":\"https:\/\/yogajagat.com\/analytical-thinkers-and-their-path\/#primaryimage\",\"inLanguage\":\"sr\",\"url\":\"http:\/\/yogajagat.com\/wp-content\/uploads\/2020\/02\/IMG_7265.jpg\",\"contentUrl\":\"http:\/\/yogajagat.com\/wp-content\/uploads\/2020\/02\/IMG_7265.jpg\"},{\"@type\":\"WebPage\",\"@id\":\"https:\/\/yogajagat.com\/analytical-thinkers-and-their-path\/#webpage\",\"url\":\"https:\/\/yogajagat.com\/analytical-thinkers-and-their-path\/\",\"name\":\"Prepoznavanje istine i naj\u010distije znanje - Lepota promene\",\"isPartOf\":{\"@id\":\"https:\/\/yogajagat.com\/#website\"},\"primaryImageOfPage\":{\"@id\":\"https:\/\/yogajagat.com\/analytical-thinkers-and-their-path\/#primaryimage\"},\"datePublished\":\"2019-03-08T20:57:54+00:00\",\"dateModified\":\"2020-06-17T13:48:34+00:00\",\"description\":\"Uvid je dete znanje. Iskistvo i znanje postaju jedno. Prepoznavanje istine, \u010disto znanje i uvid. Kako praktikovati diskriminaciju la\u017enog od istinitog...\",\"breadcrumb\":{\"@id\":\"https:\/\/yogajagat.com\/analytical-thinkers-and-their-path\/#breadcrumb\"},\"inLanguage\":\"sr\",\"potentialAction\":[{\"@type\":\"ReadAction\",\"target\":[\"https:\/\/yogajagat.com\/analytical-thinkers-and-their-path\/\"]}]},{\"@type\":\"BreadcrumbList\",\"@id\":\"https:\/\/yogajagat.com\/analytical-thinkers-and-their-path\/#breadcrumb\",\"itemListElement\":[{\"@type\":\"ListItem\",\"position\":1,\"name\":\"Home\",\"item\":\"https:\/\/yogajagat.com\/sr\/\"},{\"@type\":\"ListItem\",\"position\":2,\"name\":\"Analytical Thinkers and Their Path\"}]}]}<\/script>\n<!-- \/ Yoast SEO plugin. -->","yoast_head_json":{"title":"Prepoznavanje istine i naj\u010distije znanje - Lepota promene","description":"Uvid je dete znanje. Iskistvo i znanje postaju jedno. Prepoznavanje istine, \u010disto znanje i uvid. Kako praktikovati diskriminaciju la\u017enog od istinitog...","robots":{"index":"index","follow":"follow","max-snippet":"max-snippet:-1","max-image-preview":"max-image-preview:large","max-video-preview":"max-video-preview:-1"},"canonical":"https:\/\/yogajagat.com\/analytical-thinkers-and-their-path\/","twitter_misc":{"Est. reading time":"10 minutes"},"schema":{"@context":"https:\/\/schema.org","@graph":[{"@type":"Organization","@id":"https:\/\/yogajagat.com\/#organization","name":"Yogajagat","url":"https:\/\/yogajagat.com\/","sameAs":[],"logo":{"@type":"ImageObject","@id":"https:\/\/yogajagat.com\/#logo","inLanguage":"sr","url":"https:\/\/i1.wp.com\/yogajagat.com\/wp-content\/uploads\/2019\/03\/DSC08478-Kopie-1.jpg?fit=798%2C800&ssl=1","contentUrl":"https:\/\/i1.wp.com\/yogajagat.com\/wp-content\/uploads\/2019\/03\/DSC08478-Kopie-1.jpg?fit=798%2C800&ssl=1","width":798,"height":800,"caption":"Yogajagat"},"image":{"@id":"https:\/\/yogajagat.com\/#logo"}},{"@type":"WebSite","@id":"https:\/\/yogajagat.com\/#website","url":"https:\/\/yogajagat.com\/","name":"Lepota promene","description":"Neprestanom promenom do najlepseg zivotnog iskustva","publisher":{"@id":"https:\/\/yogajagat.com\/#organization"},"potentialAction":[{"@type":"SearchAction","target":{"@type":"EntryPoint","urlTemplate":"https:\/\/yogajagat.com\/?s={search_term_string}"},"query-input":"required name=search_term_string"}],"inLanguage":"sr"},{"@type":"ImageObject","@id":"https:\/\/yogajagat.com\/analytical-thinkers-and-their-path\/#primaryimage","inLanguage":"sr","url":"http:\/\/yogajagat.com\/wp-content\/uploads\/2020\/02\/IMG_7265.jpg","contentUrl":"http:\/\/yogajagat.com\/wp-content\/uploads\/2020\/02\/IMG_7265.jpg"},{"@type":"WebPage","@id":"https:\/\/yogajagat.com\/analytical-thinkers-and-their-path\/#webpage","url":"https:\/\/yogajagat.com\/analytical-thinkers-and-their-path\/","name":"Prepoznavanje istine i naj\u010distije znanje - Lepota promene","isPartOf":{"@id":"https:\/\/yogajagat.com\/#website"},"primaryImageOfPage":{"@id":"https:\/\/yogajagat.com\/analytical-thinkers-and-their-path\/#primaryimage"},"datePublished":"2019-03-08T20:57:54+00:00","dateModified":"2020-06-17T13:48:34+00:00","description":"Uvid je dete znanje. Iskistvo i znanje postaju jedno. Prepoznavanje istine, \u010disto znanje i uvid. Kako praktikovati diskriminaciju la\u017enog od istinitog...","breadcrumb":{"@id":"https:\/\/yogajagat.com\/analytical-thinkers-and-their-path\/#breadcrumb"},"inLanguage":"sr","potentialAction":[{"@type":"ReadAction","target":["https:\/\/yogajagat.com\/analytical-thinkers-and-their-path\/"]}]},{"@type":"BreadcrumbList","@id":"https:\/\/yogajagat.com\/analytical-thinkers-and-their-path\/#breadcrumb","itemListElement":[{"@type":"ListItem","position":1,"name":"Home","item":"https:\/\/yogajagat.com\/sr\/"},{"@type":"ListItem","position":2,"name":"Analytical Thinkers and Their Path"}]}]}},"_links":{"self":[{"href":"https:\/\/yogajagat.com\/sr\/wp-json\/wp\/v2\/pages\/2568"}],"collection":[{"href":"https:\/\/yogajagat.com\/sr\/wp-json\/wp\/v2\/pages"}],"about":[{"href":"https:\/\/yogajagat.com\/sr\/wp-json\/wp\/v2\/types\/page"}],"author":[{"embeddable":true,"href":"https:\/\/yogajagat.com\/sr\/wp-json\/wp\/v2\/users\/1"}],"replies":[{"embeddable":true,"href":"https:\/\/yogajagat.com\/sr\/wp-json\/wp\/v2\/comments?post=2568"}],"version-history":[{"count":13,"href":"https:\/\/yogajagat.com\/sr\/wp-json\/wp\/v2\/pages\/2568\/revisions"}],"predecessor-version":[{"id":5968,"href":"https:\/\/yogajagat.com\/sr\/wp-json\/wp\/v2\/pages\/2568\/revisions\/5968"}],"wp:attachment":[{"href":"https:\/\/yogajagat.com\/sr\/wp-json\/wp\/v2\/media?parent=2568"}],"curies":[{"name":"wp","href":"https:\/\/api.w.org\/{rel}","templated":true}]}}