{"id":2563,"date":"2019-03-08T21:55:47","date_gmt":"2019-03-08T20:55:47","guid":{"rendered":"http:\/\/yogajagat.com\/?page_id=2563"},"modified":"2020-04-30T22:44:10","modified_gmt":"2020-04-30T20:44:10","slug":"goodness-gentleness-and-nobility","status":"publish","type":"page","link":"https:\/\/yogajagat.com\/sr\/dobrota-i-plemenitost-najveci-ljudski-darovi\/","title":{"rendered":"Dobrota i plemenitost, najve\u0107i ljudski darovi"},"content":{"rendered":"[vc_row][vc_column][vc_column_text]\n<h3 style=\"text-align: center;\"><span style=\"color: #993300;\">DOBROTA I PLEMENITOST<\/span><\/h3>\n<p>&nbsp;<\/p>\n<h4 style=\"text-align: center;\"><span style=\"color: #800080;\">Kratko o A\u0161ramima<\/span><\/h4>\n<hr \/>\n<p>&nbsp;<\/p>\n<p>Ashrami (A\u0161rami) su izolovana mesta, obi\u010dno okru\u017eena prirodom i ti\u0161inom, u koja se povla\u010de ljudi koji u sebi vide isposnike, pustinjake, askete. U zapadnom dru\u0161tvu pandan ovakvim indijskim A\u0161ramima bio bi manastir.<\/p>\n<p>To su prebivali\u0161ta u koja dolaze eremiti, ljudi koji ose\u0107aju da bi u sebi trebali da transformi\u0161u ili potpuno iskorene strasti (obi\u010dno one najni\u017ee), po\u017eudu, prohteve i sve ono u \u010demu su prepoznali razlog za zbunjenost i nemir u svom duhu i nespokoj u svom srcu. U A\u0161ramima se \u017eivi, studiraju se Vede (drevni indijski spisi) i praktikuje se zajedno sa majstorima askeze, zna\u010di sa onim ljudima koji su i sami poradili na svemu onome \u0161to su ose\u0107ali da im nedostaje da bi se ostvarili i upotpunili svoje postojanje, i tako se pribli\u017eili svom vi\u0161em ja.<\/p>\n<p>Tajnu za ukro\u0107ivanje i obuzdavanje one mra\u010dne strane ega, kao i za transformaciju ljudske svesti Indiji je bila poznata hiljade godina pre Hrista, ta indijska nauka o du\u0161i i vi\u0161oj svesti zove se <a href=\"https:\/\/yogajagat.com\/sr\/ujedinjenje-jedinstvo-dna-joga\/\"><span style=\"color: #993300;\">Joga<\/span><\/a>, postoji <a href=\"https:\/\/yogajagat.com\/sr\/zivotni-putevi\/\"><span style=\"color: #993300;\">vi\u0161e razli\u010ditih<\/span><\/a> Joga, ili \u017evotnih puteva, i u A\u0161ramima se praktikuju poznate mudrosti drevne indijske prakse.<\/p>\n<p>Za razliku od Indije gde je tradicija odlaska u A\u0161ram stara vekovima, od kada je re\u010d Joga (ali na\u017ealost ne i njena prava, istinska praksa kojoj je koren u nauci i praksi Tantre) preneta na Zapad, danas je u zapadnom svetu postalo veoma popularno da se odlazi u A\u0161ram.<\/p>\n<p>Obzirom da A\u0161rami, kao mesta u kojima se praktikuju razne vrste Joga, na Zapadu nikada nisu bili deo kulture i tradicije, sasvim je razumljivo da ovakvi imaju vrlo malo ili skoro nikakve sli\u010dnosti, namere, ishod, niti onu snagu (ukoliko se pod snagom ne podrazumeva kontrola i manipulacija emocionalnom nesigurno\u0161\u0107u ljudi, njihovim novcem ili njihovom usamljeno\u0161\u0107u) koju su A\u0161rami u Indiji oduvek imali.<\/p>\n<p>Iako su A\u0161rami vrlo interesantna tema o kojima bi moglo dosta da se ka\u017ee, tema na ovom mestu je ipak deo prakse ili u\u010denja o kojima se na takvim mestima nezaobilazno i svakodnevno slu\u0161a, posebno u zapadnja\u010dkim A\u0161ramima. Naime, dobrota i plemenitost.<\/p>\n[\/vc_column_text][\/vc_column][\/vc_row][vc_row][vc_column][vc_custom_heading text=&#8221;U\u010denje o besuslovnom davanju i deljenju&#8221; font_container=&#8221;tag:h2|text_align:center|color:%231ba2b7&#8243; google_fonts=&#8221;font_family:Ubuntu%3A300%2C300italic%2Cregular%2Citalic%2C500%2C500italic%2C700%2C700italic|font_style:300%20light%20italic%3A300%3Aitalic&#8221;][\/vc_column][\/vc_row][vc_row][vc_column][vc_column_text]\n<hr \/>\n<p>&nbsp;<\/p>\n<p>Zapadnjaci danas odlaze u A\u0161rame \u0161irom sveta. Odluke o odlasku u jedan A\u0161ram su svesne odluke odraslih ljudi i niko na svetu nije primoran da se izoluje od sveta (deca koja se na tim mestima ra\u0111aju i u kojima izolovana od ostalog sveta rastu to na\u017ealost ne biraju sama).<\/p>\n<p>U A\u0161ramu se, ipak, niko nikada nije prosvetlio niti se, posebno na Zapadu, susreo sa isposnicima ili pustinjacima, ili sa transformiranim, vi\u0161im svestima vo\u0111a A\u0161rama i njihovih saradnika.<\/p>\n<p>Ponude i program za boravak na takvim mestima su razli\u010diti.<\/p>\n<p>Mo\u017eete provesti dan, dva, vikend, nekoliko dana, nedelja ili meseci. Ukoliko uplatite all-inclusive duhovnost, na vama je da izaberete kako \u017eelite da provedete svoje vreme u A\u0161ramu, ba\u0161 kao u all-inclusive hotelu. Ukoliko se odlu\u010dite za finansijski povoljnije ponude (ne besplatne, ne postoji A\u0161ram u kome mo\u017eete da boravite besplatno osim ako ne odlu\u010dite da ne \u017eelite nigde drugde da provedete godine i godine svog dragocenog \u017eivota osim u jednom A\u0161ramu), prove\u0161\u0107ete svakodnevno par sati u\u00a0radu u prodavnici, ba\u0161ti, knjigovo\u0111stvu, u pranju toaleta, pranju sudova i ostalom.<\/p>\n<p>To se u A\u0161ramima i u praksi joge zove<span class=\"apple-converted-space\">\u00a0<em>K<\/em><\/span><em>arma Joga<\/em><span class=\"apple-converted-space\">\u00a0<\/span>i u skoro svim A\u0161ramima sveta, takav rad, takvo delovanje i ulo\u017eeno vreme bez o\u010dekivanja naknade bilo koje vrste u ime ostavljanja ili prevaspitavanja mra\u010dne strane ega i transformacije svesti, je fundamentalno u\u010denje\u00a0koje se spominje jo\u0161 u indijskom spisu Bagavad Giti.<\/p>\n<p>Bagavad Gita ili <em>Bhavagad Gita<\/em> je izuzetno zanimljiv, pou\u010dan i inspirativan tekst koji preporu\u010dujem svakom ko \u017eeli da produbi svoje vidike o mnogim poljima ljudskog \u017eivota. Kada se ovakav tekst pro\u010dita, \u010dovek po\u010dinje da razmi\u0161lja \u0161ta su prava dobrota i plemenitost i koje bitke \u010dovek zaista treba voditi a koje ne.<\/p>\n<p>Medjutim, da biste \u010dinili dobra dela, da biste ukrotili onu stranu ega koji donosi nesretnost du\u0161e i nestabilnost psihe, ne morate da odete u a\u0161ram i perete klozete ili radite poslove za kojima sasvim sigurno niste celog \u017eivota \u010deznuli i koji vas sasvim sigurno ne\u0107e napraviti \u201cboljim\u201d ljudima, prosvetljenima, a ni najmanje jogijima.[\/vc_column_text][\/vc_column][\/vc_row][vc_row][vc_column][vc_custom_heading text=&#8221;Karma Joga nije nista drugo nego praktikovanje \u010dove\u010dnosti, filantropije i dobrote.&#8221; font_container=&#8221;tag:h2|text_align:center|color:%23e0a633&#8243; google_fonts=&#8221;font_family:Ubuntu%3A300%2C300italic%2Cregular%2Citalic%2C500%2C500italic%2C700%2C700italic|font_style:300%20light%20italic%3A300%3Aitalic&#8221;][\/vc_column][\/vc_row][vc_row][vc_column][vc_column_text]\n<p>Da biste bili karma jogi \u0161to ne zna\u010di ni\u0161ta drugo nego bezuslovno (<em>bezuslovno<\/em>\u00a0zaista zna\u010di <em>bez<\/em> ikakvih <em>uslova<\/em> i o\u010dekivanja, \u010dak ne treba o\u010dekivati ni hvala mada je to bumerang koji se kao najsna\u017enija molitva, u najlep\u0161em svetlu i prosve\u0107enosti vra\u0107a drugoj strani) \u010diniti dobro drugima i sebi \u0161to zna\u010di praktikovati \u010dove\u010dnost, ne morate da se zatvorite niti u A\u0161ram niti u bilo koji kokon predrasuda ili verovanja.<\/p>\n<h4><span style=\"color: #993300;\"><em>Dobrota, plemenitost i filantropija ne postoje od kada postoje A\u0161rami.<\/em><\/span><\/h4>\n<p>Naprotiv, u A\u0161ramima nema filantropije, svako tamo do\u0111e samo za sebe. Obi\u010dno su to ljudi koji se u ime \u201cprosvetljenja\u201d i \u201cduhovnosti\u201d uglavnom odri\u010du porodice, najve\u0107eg blaga.<\/p>\n<p>Umesto da teku sa vremenom i da se sa problemima suo\u010davaju u samom izvoru oni be\u017ee na u\u0161\u0107e koje im je, samim tim \u0161to koriste pre\u010dice u \u017eivotu, nedosti\u017eno i koje na taj na\u010din nikada ne\u0107e dosti\u0107i. Umesto da brinu o ljubavi koja im je na dohvat ruke u najbli\u017eem prostoru i vremenu oni be\u017ee u neke izmi\u0161ljene matrikse smatraju\u0107i sebe za vrlo velike i va\u017ene jogije (<em>jogi<\/em> je \u010dovek koji je ujedinio svoju ni\u017eu svest sa vi\u0161om) \u0161to dohranjuje usamljenost, nesretnost, sujetu i ego hranom koja ubija srce i njegovu dobrotu. A tako se ni vremenu nije dala prilika da postavi stvari na svoje mesto.<\/p>\n<p>Boravkom u A\u0161ramu ljudi \u010desto upadnu u klopku la\u017enih identifikacija. To mo\u017ee da odvede u jo\u0161 dublje zavisnosti.[\/vc_column_text][\/vc_column][\/vc_row][vc_row][vc_column][vc_custom_heading text=&#8221;Nesebi\u010dnost je prva poruka da se radi o pravom duhovnjaku&#8221; font_container=&#8221;tag:h2|text_align:center|color:%231ba2b7&#8243; google_fonts=&#8221;font_family:Ubuntu%3A300%2C300italic%2Cregular%2Citalic%2C500%2C500italic%2C700%2C700italic|font_style:300%20light%20italic%3A300%3Aitalic&#8221;][\/vc_column][\/vc_row][vc_row][vc_column][vc_column_text]\n<hr \/>\n<p>&nbsp;<\/p>\n<p>\u010covek ne mora uvek da se na\u0111e na nekoj od \u017eivotnih raskrsnica zbunjenosti i nere\u0161enosti da bi se setio da ga \u010dovekoljublje, bezuslovno davanje i briga o drugima uvek i nepogre\u0161ivo odvedu do najspokojnijih dana i no\u0107i. To je uro\u0111eno, treba ga samo o\u017eiveti. Ne moraju se \u010dekati organizovane akcije dr\u017eave ili tu\u0111e molbe i predlozi, treba podeliti ovde i sada bezuslovno, bez straha za sutra i sa opro\u0161tajem za ju\u010de.<\/p>\n<p>\u010covek koji deli sa drugima pa makar i ono malo \u0161to ima ne gubi, naprotiv, ostaje mu izobilje zdravlja, oslobo\u0111enja i spokoja na svim nivoima duha i du\u0161e a time i tela. Takav \u010dovek, kao i onaj koji daje svoje vreme i deli svoje znanje bez uslova ili naplate se sa sigurno\u0161\u0107u naziva<span class=\"apple-converted-space\">\u00a0<\/span><em>karma jogijem<\/em>\u00a0iako isti \u010dovek mo\u017eda nikada nije \u010duo ni za A\u0161ram ni za Jogu, posebno ne za Karma Jogu. Pravi karma jogi pri\u010da naj\u010distiju istinu, on je topao \u010dovek i obi\u010dno ne pati od velikih bolesti.<\/p>\n<p>Dobrota ima formu kruga.<\/p>\n<p>Nikada se i ni\u0161ta ne zavr\u0161ava ve\u0107 samo menja forme.<\/p>\n<p>Iako smo dospeli u vreme u kome se biti dobar poistove\u0107uje sa biti budala, dobro je ostati veran tom iskosnom, uro\u0111enom daru i bez pomodarstva.<\/p>\n<p>Ipak, treba praviti razliku i izme\u0111u ljudi koji dele ono \u0161to imaju. Istinska dobrota nije &#8220;\u0161ta pije kafana&#8221;. To je glup na\u010din da se na sebe privu\u010de pa\u017enja.<\/p>\n<p>Istinski dobri ljudi i duhovnjaci su dobri ljudi u svim namerama i uvek.[\/vc_column_text][\/vc_column][\/vc_row][vc_row][vc_column][vc_custom_heading text=&#8221;Smisao za meru&#8221; font_container=&#8221;tag:h2|text_align:center|color:%231ba2b7&#8243; google_fonts=&#8221;font_family:Ubuntu%3A300%2C300italic%2Cregular%2Citalic%2C500%2C500italic%2C700%2C700italic|font_style:300%20light%20italic%3A300%3Aitalic&#8221;][\/vc_column][\/vc_row][vc_row][vc_column][vc_column_text]\n<hr \/>\n<p>&nbsp;<\/p>\n<p>Bitno je da pri tom svom davanju \u010dovek ne bude prebrz i da napravi dobru razliku (\u0161ta daje, da ta dobrota ipak sadr\u017ei i ljubav i smisao a ne da pome\u0161a kontejnere sa \u017eivim ljudima; kome Zaista treba a kome ne) da ne bi ispao besmislen prema sebi i nepravedan prema drugima.<\/p>\n<p>A\u0161ram je tako ceo svet i celokupno okru\u017eenje \u010doveka koji ne samo da je besplatan ve\u0107 \u010doveku donosi najlep\u0161e oslobo\u0111enje.<\/p>\n<p>Setite se samo ose\u0107aja ispunjenosti i unutra\u0161nje slobode onog trenutka kad se re\u0161ite svega \u0161to vam pritiska du\u0161u i ste\u017ee grudi, pa makar to bio i dvadeset godina dopunjavan podrum.<\/p>\n<p>Ose\u0107ate se kao najbogatiji, najprazniji ali ipak najpotpuniji ne samo karma jogi ve\u0107 oslobodjeno bi\u0107e u celosti, bi\u0107e poletno i olak\u0161ano, spremno za nove transformacije.<\/p>\n<p>Dobrota i plemenitost su najve\u0107i dar koji je jedno ljudsko bi\u0107e moglo dobiti od njegovog stvaraoca.<\/p>\n<p>&nbsp;<\/p>\n<p>Trebalo bi da radimo na povratku tom \u010distom izvoru. Za taj lepi put nam nisu potrebna nikakva materijalna sredstva.<\/p>\n<p>&nbsp;<\/p>\n[\/vc_column_text][\/vc_column][\/vc_row][vc_row][vc_column][vc_column_text]\n<div id=\"attachment_5312\" style=\"width: 650px\" class=\"wp-caption aligncenter\"><img aria-describedby=\"caption-attachment-5312\" loading=\"lazy\" class=\"wp-image-5312 size-full\" src=\"https:\/\/i2.wp.com\/yogajagat.com\/wp-content\/uploads\/2020\/02\/photo-by-Jovan-Pavlovi\u0107.jpg?resize=640%2C437\" alt=\"dobrota plemenitost\" width=\"640\" height=\"437\" srcset=\"https:\/\/i2.wp.com\/yogajagat.com\/wp-content\/uploads\/2020\/02\/photo-by-Jovan-Pavlovi\u0107.jpg?w=640&amp;ssl=1 640w, https:\/\/i2.wp.com\/yogajagat.com\/wp-content\/uploads\/2020\/02\/photo-by-Jovan-Pavlovi\u0107.jpg?resize=300%2C205&amp;ssl=1 300w\" sizes=\"(max-width: 640px) 100vw, 640px\" data-recalc-dims=\"1\" \/><p id=\"caption-attachment-5312\" class=\"wp-caption-text\">photo by Jovan Pavlovi\u0107<\/p><\/div>\n[\/vc_column_text][\/vc_column][\/vc_row]\n","protected":false},"excerpt":{"rendered":"<p>[vc_row][vc_column][vc_column_text]<br \/>\nDOBROTA I PLEMENITOST<br \/>\n&nbsp;<br \/>\nKratko o A\u0161ramima<\/p>\n<p>&nbsp;<br \/>\nAshrami (A\u0161rami) su izolovana mesta, obi\u010dno okru\u017eena prirodom i ti\u0161inom, u koja se povla\u010de ljudi koji u sebi vide isposnike, pustinjake, askete. U zapadnom dru\u0161tvu pandan ovakvim indijskim A\u0161ramima bio bi manastir.<br \/>\nTo su prebivali\u0161ta u koja dolaze eremiti, ljudi koji ose\u0107aju da bi u sebi trebali da transformi\u0161u ili potpuno iskorene strasti (obi\u010dno one najni\u017ee), po\u017eudu, prohteve i sve ono u \u010demu su prepoznali razlog za zbunjenost i nemir &#8230;<\/p>\n","protected":false},"author":1,"featured_media":0,"parent":0,"menu_order":0,"comment_status":"closed","ping_status":"closed","template":"template-full-width.php","meta":{"_bbp_topic_count":0,"_bbp_reply_count":0,"_bbp_total_topic_count":0,"_bbp_total_reply_count":0,"_bbp_voice_count":0,"_bbp_anonymous_reply_count":0,"_bbp_topic_count_hidden":0,"_bbp_reply_count_hidden":0,"_bbp_forum_subforum_count":0,"inline_featured_image":false,"spay_email":""},"translation":{"provider":"WPGlobus","version":"3.0.1","language":"sr","enabled_languages":["en","de","sr"],"languages":{"en":{"title":true,"content":true,"excerpt":false},"de":{"title":true,"content":true,"excerpt":false},"sr":{"title":true,"content":true,"excerpt":false}}},"yoast_head":"<!-- This site is optimized with the Yoast SEO plugin v18.3 - https:\/\/yoast.com\/wordpress\/plugins\/seo\/ -->\n<title>Dobrota i plemenitost, najve\u0107i ljudski darovi - Lepota promene<\/title>\n<meta name=\"description\" content=\"Dobrota i plemenitost. Dobrota ima formu kruga. O \u010dove\u010dnosti. O ljubavi prema dobru. O duhovnim ljudima. O duhovnosti. Nikada se i ni\u0161ta ne zavr\u0161ava ve\u0107...\" \/>\n<meta name=\"robots\" content=\"index, follow, max-snippet:-1, max-image-preview:large, max-video-preview:-1\" \/>\n<link rel=\"canonical\" href=\"https:\/\/yogajagat.com\/sr\/dobrota-i-plemenitost-najveci-ljudski-darovi\/\" \/>\n<meta name=\"twitter:label1\" content=\"Est. reading time\" \/>\n\t<meta name=\"twitter:data1\" content=\"18 minutes\" \/>\n<script type=\"application\/ld+json\" class=\"yoast-schema-graph\">{\"@context\":\"https:\/\/schema.org\",\"@graph\":[{\"@type\":\"Organization\",\"@id\":\"https:\/\/yogajagat.com\/#organization\",\"name\":\"Yogajagat\",\"url\":\"https:\/\/yogajagat.com\/\",\"sameAs\":[],\"logo\":{\"@type\":\"ImageObject\",\"@id\":\"https:\/\/yogajagat.com\/#logo\",\"inLanguage\":\"sr\",\"url\":\"https:\/\/i1.wp.com\/yogajagat.com\/wp-content\/uploads\/2019\/03\/DSC08478-Kopie-1.jpg?fit=798%2C800&ssl=1\",\"contentUrl\":\"https:\/\/i1.wp.com\/yogajagat.com\/wp-content\/uploads\/2019\/03\/DSC08478-Kopie-1.jpg?fit=798%2C800&ssl=1\",\"width\":798,\"height\":800,\"caption\":\"Yogajagat\"},\"image\":{\"@id\":\"https:\/\/yogajagat.com\/#logo\"}},{\"@type\":\"WebSite\",\"@id\":\"https:\/\/yogajagat.com\/#website\",\"url\":\"https:\/\/yogajagat.com\/\",\"name\":\"Lepota promene\",\"description\":\"Neprestanom promenom do najlepseg zivotnog iskustva\",\"publisher\":{\"@id\":\"https:\/\/yogajagat.com\/#organization\"},\"potentialAction\":[{\"@type\":\"SearchAction\",\"target\":{\"@type\":\"EntryPoint\",\"urlTemplate\":\"https:\/\/yogajagat.com\/?s={search_term_string}\"},\"query-input\":\"required name=search_term_string\"}],\"inLanguage\":\"sr\"},{\"@type\":\"ImageObject\",\"@id\":\"https:\/\/yogajagat.com\/sr\/dobrota-i-plemenitost-najveci-ljudski-darovi\/#primaryimage\",\"inLanguage\":\"sr\",\"url\":\"http:\/\/yogajagat.com\/wp-content\/uploads\/2020\/02\/photo-by-Jovan-Pavlovi\u0107.jpg\",\"contentUrl\":\"http:\/\/yogajagat.com\/wp-content\/uploads\/2020\/02\/photo-by-Jovan-Pavlovi\u0107.jpg\"},{\"@type\":\"WebPage\",\"@id\":\"https:\/\/yogajagat.com\/sr\/dobrota-i-plemenitost-najveci-ljudski-darovi\/#webpage\",\"url\":\"https:\/\/yogajagat.com\/sr\/dobrota-i-plemenitost-najveci-ljudski-darovi\/\",\"name\":\"Dobrota i plemenitost, najve\u0107i ljudski darovi - Lepota promene\",\"isPartOf\":{\"@id\":\"https:\/\/yogajagat.com\/#website\"},\"primaryImageOfPage\":{\"@id\":\"https:\/\/yogajagat.com\/sr\/dobrota-i-plemenitost-najveci-ljudski-darovi\/#primaryimage\"},\"datePublished\":\"2019-03-08T20:55:47+00:00\",\"dateModified\":\"2020-04-30T20:44:10+00:00\",\"description\":\"Dobrota i plemenitost. Dobrota ima formu kruga. O \u010dove\u010dnosti. O ljubavi prema dobru. O duhovnim ljudima. O duhovnosti. Nikada se i ni\u0161ta ne zavr\u0161ava ve\u0107...\",\"breadcrumb\":{\"@id\":\"https:\/\/yogajagat.com\/sr\/dobrota-i-plemenitost-najveci-ljudski-darovi\/#breadcrumb\"},\"inLanguage\":\"sr\",\"potentialAction\":[{\"@type\":\"ReadAction\",\"target\":[\"https:\/\/yogajagat.com\/sr\/dobrota-i-plemenitost-najveci-ljudski-darovi\/\"]}]},{\"@type\":\"BreadcrumbList\",\"@id\":\"https:\/\/yogajagat.com\/sr\/dobrota-i-plemenitost-najveci-ljudski-darovi\/#breadcrumb\",\"itemListElement\":[{\"@type\":\"ListItem\",\"position\":1,\"name\":\"Home\",\"item\":\"https:\/\/yogajagat.com\/sr\/\"},{\"@type\":\"ListItem\",\"position\":2,\"name\":\"Dobrota i plemenitost, najve\u0107i ljudski darovi\"}]}]}<\/script>\n<!-- \/ Yoast SEO plugin. -->","yoast_head_json":{"title":"Dobrota i plemenitost, najve\u0107i ljudski darovi - Lepota promene","description":"Dobrota i plemenitost. Dobrota ima formu kruga. O \u010dove\u010dnosti. O ljubavi prema dobru. O duhovnim ljudima. O duhovnosti. Nikada se i ni\u0161ta ne zavr\u0161ava ve\u0107...","robots":{"index":"index","follow":"follow","max-snippet":"max-snippet:-1","max-image-preview":"max-image-preview:large","max-video-preview":"max-video-preview:-1"},"canonical":"https:\/\/yogajagat.com\/sr\/dobrota-i-plemenitost-najveci-ljudski-darovi\/","twitter_misc":{"Est. reading time":"18 minutes"},"schema":{"@context":"https:\/\/schema.org","@graph":[{"@type":"Organization","@id":"https:\/\/yogajagat.com\/#organization","name":"Yogajagat","url":"https:\/\/yogajagat.com\/","sameAs":[],"logo":{"@type":"ImageObject","@id":"https:\/\/yogajagat.com\/#logo","inLanguage":"sr","url":"https:\/\/i1.wp.com\/yogajagat.com\/wp-content\/uploads\/2019\/03\/DSC08478-Kopie-1.jpg?fit=798%2C800&ssl=1","contentUrl":"https:\/\/i1.wp.com\/yogajagat.com\/wp-content\/uploads\/2019\/03\/DSC08478-Kopie-1.jpg?fit=798%2C800&ssl=1","width":798,"height":800,"caption":"Yogajagat"},"image":{"@id":"https:\/\/yogajagat.com\/#logo"}},{"@type":"WebSite","@id":"https:\/\/yogajagat.com\/#website","url":"https:\/\/yogajagat.com\/","name":"Lepota promene","description":"Neprestanom promenom do najlepseg zivotnog iskustva","publisher":{"@id":"https:\/\/yogajagat.com\/#organization"},"potentialAction":[{"@type":"SearchAction","target":{"@type":"EntryPoint","urlTemplate":"https:\/\/yogajagat.com\/?s={search_term_string}"},"query-input":"required name=search_term_string"}],"inLanguage":"sr"},{"@type":"ImageObject","@id":"https:\/\/yogajagat.com\/sr\/dobrota-i-plemenitost-najveci-ljudski-darovi\/#primaryimage","inLanguage":"sr","url":"http:\/\/yogajagat.com\/wp-content\/uploads\/2020\/02\/photo-by-Jovan-Pavlovi\u0107.jpg","contentUrl":"http:\/\/yogajagat.com\/wp-content\/uploads\/2020\/02\/photo-by-Jovan-Pavlovi\u0107.jpg"},{"@type":"WebPage","@id":"https:\/\/yogajagat.com\/sr\/dobrota-i-plemenitost-najveci-ljudski-darovi\/#webpage","url":"https:\/\/yogajagat.com\/sr\/dobrota-i-plemenitost-najveci-ljudski-darovi\/","name":"Dobrota i plemenitost, najve\u0107i ljudski darovi - Lepota promene","isPartOf":{"@id":"https:\/\/yogajagat.com\/#website"},"primaryImageOfPage":{"@id":"https:\/\/yogajagat.com\/sr\/dobrota-i-plemenitost-najveci-ljudski-darovi\/#primaryimage"},"datePublished":"2019-03-08T20:55:47+00:00","dateModified":"2020-04-30T20:44:10+00:00","description":"Dobrota i plemenitost. Dobrota ima formu kruga. O \u010dove\u010dnosti. O ljubavi prema dobru. O duhovnim ljudima. O duhovnosti. Nikada se i ni\u0161ta ne zavr\u0161ava ve\u0107...","breadcrumb":{"@id":"https:\/\/yogajagat.com\/sr\/dobrota-i-plemenitost-najveci-ljudski-darovi\/#breadcrumb"},"inLanguage":"sr","potentialAction":[{"@type":"ReadAction","target":["https:\/\/yogajagat.com\/sr\/dobrota-i-plemenitost-najveci-ljudski-darovi\/"]}]},{"@type":"BreadcrumbList","@id":"https:\/\/yogajagat.com\/sr\/dobrota-i-plemenitost-najveci-ljudski-darovi\/#breadcrumb","itemListElement":[{"@type":"ListItem","position":1,"name":"Home","item":"https:\/\/yogajagat.com\/sr\/"},{"@type":"ListItem","position":2,"name":"Dobrota i plemenitost, najve\u0107i ljudski darovi"}]}]}},"_links":{"self":[{"href":"https:\/\/yogajagat.com\/sr\/wp-json\/wp\/v2\/pages\/2563"}],"collection":[{"href":"https:\/\/yogajagat.com\/sr\/wp-json\/wp\/v2\/pages"}],"about":[{"href":"https:\/\/yogajagat.com\/sr\/wp-json\/wp\/v2\/types\/page"}],"author":[{"embeddable":true,"href":"https:\/\/yogajagat.com\/sr\/wp-json\/wp\/v2\/users\/1"}],"replies":[{"embeddable":true,"href":"https:\/\/yogajagat.com\/sr\/wp-json\/wp\/v2\/comments?post=2563"}],"version-history":[{"count":42,"href":"https:\/\/yogajagat.com\/sr\/wp-json\/wp\/v2\/pages\/2563\/revisions"}],"predecessor-version":[{"id":5837,"href":"https:\/\/yogajagat.com\/sr\/wp-json\/wp\/v2\/pages\/2563\/revisions\/5837"}],"wp:attachment":[{"href":"https:\/\/yogajagat.com\/sr\/wp-json\/wp\/v2\/media?parent=2563"}],"curies":[{"name":"wp","href":"https:\/\/api.w.org\/{rel}","templated":true}]}}