{"id":2537,"date":"2019-03-08T00:52:35","date_gmt":"2019-03-07T23:52:35","guid":{"rendered":"http:\/\/yogajagat.com\/?page_id=2537"},"modified":"2020-06-16T17:59:20","modified_gmt":"2020-06-16T15:59:20","slug":"path-of-liberation-power-of-life","status":"publish","type":"page","link":"https:\/\/yogajagat.com\/sr\/put-oslobadanja-svesti-oslobodena-izolovana-dusa\/","title":{"rendered":"Put osloba\u0111anja svesti, oslobo\u0111ena du\u0161a"},"content":{"rendered":"[vc_row][vc_column][vc_column_text]\n<h3 style=\"text-align: center;\"><span style=\"color: #993300;\">PUT OSLOBA\u0110ANJA<\/span><\/h3>\n<hr \/>\n<p>&nbsp;<\/p>\n<p>Put osloba\u0111anja ve\u0107 i sam iza sebe ima mnogo staza, koraka, krivina, svakakvog vrsta tla, puteve psihi\u010dkih ili natpirodnih mo\u0107i ljudske svesti, put <a href=\"https:\/\/yogajagat.com\/sr\/vise-snage-duha-natprirodne-moci\/\"><span style=\"color: #993300;\">vi\u0161ih snaga duha i du\u0161e<\/span><\/a>.<\/p>\n<p>&nbsp;<\/p>\n<p>Retko koja se duhovna literatura bavi tako duboko transformacijom ljudske svesti i du\u0161e i njenim natprirodnim mo\u0107ima kao stari indijski tekstovi. Najstariji sa\u010duvani duhovni tekstovi su indijske <em>Vede<\/em>.<\/p>\n<p>&nbsp;<\/p>\n<p>Joga Sutra (sutra- &#8220;niti&#8221;) svakako nije religiozan tekst, to je mnogo mla\u0111i tekst od <em>Veda<\/em> i u tre\u0107em poglavlju govori o natprirodnim silama.<\/p>\n<p>Sutre (sutra- &#8220;niti&#8221;) 3.50 do 3.51 govore o svemo\u0107nosti i intuitivnom znanju:<\/p>\n<p>Onaj ko je na visokom nivou prepoznao razliku izme\u0111u naj\u010distijeg aspekta uma (<em>sattva<\/em> ) i \u010diste svesti (<em>purusha<\/em> ) i koji se uzdigao iznad vrtoglavih krugova guna, on dosti\u017ee nadmo\u0107nost nad svim oblicima postojanja i znanja i svemo\u0107 beskrajnog znanja.<\/p>\n<p>Kroz odvojenost od \u017eudnje za posedovanjem tih psihi\u010dkih mo\u0107i, uni\u0161teno je seme (<em>bija<\/em> ) zla i \u010dovek posti\u017ee osloba\u0111anje ili izolaciju (<em>kaivalya<\/em>).<\/p>\n<p>&nbsp;<\/p>\n<p>Oslobo\u0111enje je <em>pravo<\/em> znanje i, kao i svako duboko znanje izoluje ali je takav izolovanik oslobo\u0111en od mraka neznanja.<\/p>\n<p>&nbsp;<\/p>\n[\/vc_column_text][\/vc_column][\/vc_row][vc_row][vc_column][vc_custom_heading text=&#8221;\u017divot mo\u0107i, mo\u0107 \u017eivota&#8221; font_container=&#8221;tag:h2|text_align:center|color:%231ba2b7&#8243; google_fonts=&#8221;font_family:Ubuntu%3A300%2C300italic%2Cregular%2Citalic%2C500%2C500italic%2C700%2C700italic|font_style:300%20light%20italic%3A300%3Aitalic&#8221;][\/vc_column][\/vc_row][vc_row][vc_column][vc_column_text]\n<hr \/>\n<p>&nbsp;<\/p>\n<p>Onaj ko se nalazi na visokom nivou postojanja i razvijenosti njegove svesti zra\u010di toplotom i mudro\u0161\u0107u. Takva osoba ima afiniteta da privu\u010de ostala bi\u0107a bilo ona zemaljska (na njihovom ni\u017eem ili vi\u0161em stepenu postojanja) ili bi\u0107a vi\u0161ih prostora, nebeska bi\u0107a koja mo\u017ee biti da su mnogo starija i savr\u0161enija nego ljudska.<\/p>\n[\/vc_column_text][\/vc_column][\/vc_row][vc_row][vc_column][vc_cta h2=&#8221;Joga Sutra 3.52:&#8221; color=&#8221;turquoise&#8221;]\n<p>U slu\u010daju poziva (<em>upanimantrane<\/em> ) vanzemaljskih bi\u0107a (<em>sthani<\/em> ), \u010dovek ne treba sebi da da razlog (<em>akaranam<\/em> ) da se ve\u017ee (<em>sanga<\/em>) za ove pozive, smeh ili ponos (<em>smaya<\/em> ) zato \u0161to \u0107e jo\u0161 jednom (<em>punuh<\/em> ) nepo\u017eeljno biti uhva\u0107en (<em>prasanga<\/em> ) neznanjem.<\/p>\n[\/vc_cta][\/vc_column][\/vc_row][vc_row][vc_column][vc_column_text]\n<p>Ukoliko \u010dovek koji je do sada sve puteve transformacije njegovog duha i du\u0161e ve\u0107 pro\u0161ao i ako sebi dozvoli da jo\u0161 jednom bude uhva\u0107en u mre\u017eu slatko\u0107e novih mo\u0107i, izgubi\u0107e svrhu puta.<\/p>\n<p>Ako odoli u\u017eivanju bilo kojih atrakcija i ako nastavi svoj put, put osloba\u0111anja \u0107e biti njegov pravi put. Takva osoba \u0107e obogatiti i \u017eivot drugih, svakako onih ljudi koji su sposobni da prepoznaju i prime poruku. Zatvoreno srce ionako nije \u017eivo. Oko takvog srca nema vibracije bilo koje vrste.<\/p>\n[\/vc_column_text][\/vc_column][\/vc_row][vc_row][vc_column][vc_cta h2=&#8221;Joga Sutra 3.53:&#8221; color=&#8221;turquoise&#8221;]Samjamom na pojedine momente (<em>ksana<\/em> ) i njihovim tokom (<em>krama<\/em> ) \u010dovek posti\u017ee znanje bazirano na diskriminaciji (<em>viveka<\/em> ).[\/vc_cta][\/vc_column][\/vc_row][vc_row][vc_column][vc_column_text]\n<p>Dok god pulsira, telo se zajedno sa sve\u0161\u0107u kre\u0107e kroz prostor i vreme koji su \u017eivot, koji je opet, igra vremena. Smrt nam je data sa ro\u0111enjem. Kada prestane da pulsira, telo \u0107e prestati da se pokre\u0107e (ali ne u samom trenutku smrti, fenomeni pokretanja mrtvog tela ljudima su oduvek bili poznati) ali \u0107e svest nastaviti da postoji. Ima mnogo ljudi koji imaju iskustvo smrti najbli\u017eih i koji mogu da potvrde ovu misao o ljudskom duhu i svesti.<\/p>\n<p>&nbsp;<\/p>\n<p>Ideja o pojmu vremena je od svakog od nas druga\u010dije shva\u0107ena i do\u017eivljena, ali je zajedni\u010dko za sve da je u na\u0161em svakodnevnom funkcionisanju, <em>vreme<\/em> (ili bolje shvatanje vremena) ono \u0161to prouzrokuje stres u umu, duhu i telu.<\/p>\n<p>Ka\u017ee se da je vreme iluzija ali se to jedino mo\u017ee prepoznati kroz <a href=\"https:\/\/yogajagat.com\/sr\/koncentracija-korisno-odvajanje-uma-od-bure-darana\/\"><span style=\"color: #993300;\">koncentraciju<\/span><\/a>, <a href=\"https:\/\/yogajagat.com\/sr\/meditacija-o-meditaciji-kao-stanju-duha\/\"><span style=\"color: #993300;\">meditaciju<\/span><\/a> i <a href=\"https:\/\/yogajagat.com\/sr\/samadi-sta-se-desava-u-stanju-samadija\/\"><span style=\"color: #993300;\">Samad<\/span><\/a>i, \u0161to se zajedno naziva <a href=\"https:\/\/yogajagat.com\/sr\/vise-moci-svesti\/\"><span style=\"color: #993300;\">Samjama<\/span><\/a>.<\/p>\n<p>U najdubljoj <em>Samjami<\/em> nema vremena i prostora, tamo ne\u0107e biti ni po\u010detka ni kraja vremena, po\u010detka ili kraja \u017eivota ve\u0107 \u010dist nerazdeljen intuitivni \u017eivot koji je \u010dista stvarnost, \u010dista du\u0161a.<\/p>\n<p>Da bi \u010dovek dostigao ovo stanje on mora da se odvoji od tela kao fizi\u010dke, matemati\u010dke strukture.<\/p>\n<p>U ovom stanju \u010dovek dobija vrlo precizne odgovore o njegovom misti\u010dnom bi\u0107u, o pro\u0161losti i budu\u010dnosti, i uvid u promenu, prolaznost i besmrtnost.<\/p>\n[\/vc_column_text][\/vc_column][\/vc_row][vc_row][vc_column][vc_cta h2=&#8221;Joga Sutra 3.54:&#8221; color=&#8221;turquoise&#8221;]Sa posedovanjem tog znanja baziranog na diskriminaciji, \u010dovek dosti\u017ee ve\u0161tinu da razlikuje (<em>anayata<\/em> ) dva (naizgled) ista objekta koji se normalno ne mogu razlikovati (<em>anavachchheda<\/em>t ) vrstom ili rodom (<em>jati<\/em> ), posebnim karakteristikama ili znakovima (<em>laksana<\/em> ) ili mestom (<em>desha<\/em> ).[\/vc_cta][\/vc_column][\/vc_row][vc_row][vc_column][vc_column_text]\n<p>Ovde se ne radi o diskriminaciji koje obavlja razum (intelekt) ve\u0107 o intuitivnom razlikovanju gde se, i to bez sumnje, pravi ne gruba ve\u0107 najfinija razlika izme\u0111u nadublje unutra\u0161njosti prirode bilo koje vrste bi\u0107a ili objekta.<\/p>\n[\/vc_column_text][\/vc_column][\/vc_row][vc_row][vc_column][vc_cta h2=&#8221;Joga Sutra 3.55:&#8221; color=&#8221;turquoise&#8221;]\n<p>Znanje koje je ro\u0111eno <em>(ja<\/em> ) iz diskriminacije (<em>viveka<\/em> ) je transcendentno (<em>tarakam<\/em> ) sveobuhvatno znanje svih (<em>sarva<\/em> ) objeakata (<em>visayam<\/em> ) u svakom momentu i u svim aspektima (<em>sarvatha<\/em> ), bez logi\u010dnog reda (<em>akramam<\/em> ).<\/p>\n[\/vc_cta][\/vc_column][\/vc_row][vc_row][vc_column][vc_custom_heading text=&#8221;Samorealizacija je direktno intuitivno opa\u017eanje uzvi\u0161enog Bi\u0107a&#8221; font_container=&#8221;tag:h2|text_align:center|color:%23ba6b27&#8243; google_fonts=&#8221;font_family:Ubuntu%3A300%2C300italic%2Cregular%2Citalic%2C500%2C500italic%2C700%2C700italic|font_style:300%20light%20italic%3A300%3Aitalic&#8221;][\/vc_column][\/vc_row][vc_row][vc_column][vc_column_text]Logika je korisna za diskriminaciju u svakodnevnom \u017eivotu i ovakav put je bolji od nikakvog. Me\u0111utim iz razloga \u0161to je put logike put zakona, takav put, kao i sva pravila i zakoni, formira skup ograni\u010denja i to nije put osloba\u0111anja. Pored toga, takav put donosi samouni\u0161tavaju\u0107e i uop\u0161te razorne gre\u0161ke.<\/p>\n<p>\u010covek mo\u017ee da trenira svoj razum u jednoj odre\u0111enoj oblasti interesovanja ali \u0107e takav um biti potpuno nesposoban i slep u mnogim drugim oblastima.<\/p>\n<p>&nbsp;<\/p>\n<p><em>\u010cisto intuitivno znanje<\/em> je znanje na visokom nivou energije iznad vremena i prostora. Onaj ko je postigao ovakvu vrstu znanja neposredno \u0107e i duboko poznavati svaku pojedina\u010dnu osobu u svakom aspektu njene ekzistencije. Misti\u010dno intuitivno znanje ne pravi gre\u0161ke i ono je izvan sumnje. To je znanje prekora\u010davaju\u0107e znanje u okeanu samo\u0107e i nezavisnosti od ni\u017eih bi\u0107a, svog i drugih.<\/p>\n<p>A to je sposobnost mudraca. Mudrac je kroz meditaciju pro\u010distio njegov uro\u0111eni egoizam \u0161to je za unutra\u0161nji mir i spokojno srce\u00a0ogromna vrednost. <a href=\"https:\/\/yogajagat.com\/sr\/knjige-covekov-najbolji-prijatelj\/\"><span style=\"color: #993300;\">\u010citanje<\/span><\/a> knjiga ne pravi od \u010doveka mudraca. Na Zemlji hodaju i oni ljudi koji su dostigli znanje ali nisu \u010ditali knjige. Oni jednostavno <em>znaju<\/em>.<\/p>\n<p>&nbsp;<\/p>\n<p>Uro\u0111ene sposobnosti kojima se zadaci re\u0161avaju ili re\u010di kombinuju ekstremno velikom brzinom, koje su odlike vrlo visoko inteligentnih osoba, nemaju veze sa dubokim znanjem mudraca iako takve uro\u0111ene ljudske bistroumnosti mogu da budu vrlo plodna odsko\u010dna daska.<\/p>\n<p>&nbsp;<\/p>\n<p>Put osloba\u0111anja je dug put i samo posle postepene prakse o kojima ova kompletna knjiga-stranica govori, \u010dovekovo postojanje mo\u017ee biti vo\u0111eno \u010distom a ne la\u017enom intuicijom jer je i intuicija momenat koji mo\u017ee biti kontrolisan umom.<\/p>\n<p>&nbsp;<\/p>\n<p>Na celom na\u0161em svetu ima vrlo mali broj ljudi koji su iskreno poduzeli njihov put (osloba\u0111anja), koji su dostigli ovakva znanja i koji su dovoljno mudri da \u010dak i ovo znanje stave na proveru.<\/p>\n<p>Mnogi mudraci su ulo\u017eili ceo \u017eivot da provere da li je njihovo znanje pravo ili la\u017eno.<\/p>\n<p>&nbsp;<\/p>\n<p>Pravi uvid je realizacija u kojoj puno\u0107a postaje praznina. Nema emocija, nema snova, ni vizija, samo potpuno meditativno stanje puno uvida. I ipak sa stra\u0161\u0107u.[\/vc_column_text][\/vc_column][\/vc_row][vc_row][vc_column][vc_cta h2=&#8221;Joga Sutra 3.56:&#8221; color=&#8221;turquoise&#8221;]\n<p><span style=\"color: #993300;\">Kada sattva i purisha postanu podjednako \u010disti, dostignuto je absolutno osloba\u0111anje (<em>kaivalya<\/em> ). To je kraj (<em>iti<\/em> ).<\/span><\/p>\n[\/vc_cta][\/vc_column][\/vc_row][vc_row][vc_column][vc_column_text]\n<p>&nbsp;<\/p>\n<p><em>Sattva<\/em> je naj\u010distija, najuravnote\u017eenija energija razuma (intelekta). I kada ova pro\u010di\u0161\u0107ena supstanca dostigne ujedinjenje (<a href=\"https:\/\/yogajagat.com\/sr\/ujedinjenje-jedinstvo-dna-joga\/\"><span style=\"color: #993300;\">Yoga<\/span><\/a> ) sa <em>Puru\u0161om<\/em> (koji je \u010dista svest, koja je, opet, sam \u010dovek), za takvu du\u0161u se ka\u017ee da je oslobo\u0111ena.<\/p>\n<p>Ostale dve gune, ra\u0111a (<em>raja<\/em> ), vrlo aktivna energija i tama (<em>tamas<\/em> ), ona tamna strana prirode ne mogu da ometaju \u010distotu i ravnote\u017eu jedne satvi\u010dke energije.<\/p>\n<p>&nbsp;<\/p>\n<p><em>Puru\u0161a<\/em> je <em>\u010dista svest.<\/em> Puru\u0161a bukvalno zna\u010di osoba, \u010dovek, bi\u0107e (Bi\u0107e).<\/p>\n<p>&nbsp;<\/p>\n<p>Kada <em>znanje<\/em> i <em>Bi\u0107e<\/em> postanu jedno, dostignuto je najvi\u0161e kraljevstvo ljudskog postojanja.<\/p>\n<p>&nbsp;<\/p>\n<p><em>Kaivalya<\/em> tako\u0111e zna\u010di izolacija.<\/p>\n<p>&nbsp;<\/p>\n<p>Razlika izme\u0111u prose\u010dnog uma i oslobo\u0111ene du\u0161e mudraca su nepremostive.<\/p>\n<p>Svakako se ni krajnja Istina ni osloba\u0111anje (svesti) ne mogu opisati bilo kojim re\u010dima.<\/p>\n<p>&nbsp;<\/p>\n<p>Ni\u0161ta nije nemogu\u0107e.<\/p>\n<p>Zato, prihvatite izazov Promene, krenite na put osloba\u0111anja i kreirajte nove svetove.<\/p>\n[\/vc_column_text][\/vc_column][\/vc_row][vc_row][vc_column][vc_cta h2=&#8221;&#8221;]<span style=\"color: #993300;\">\u201e\u010covek jo\u0161 uvek nije uveren u svoju besmrtnost. Sve velike religije su mu to vi\u0161e ili manje pozitivno i potvrdile; ali nijedna sigurna logika to ne dokazuje i nijedan potpuno prihva\u0107en glas iz nekog dalekog sveta to ne progla\u0161ava.<\/span><\/p>\n<p><span style=\"color: #993300;\">Postoji nemiran instinkt, neizreciva nada, tiho nezadovoljstvo najboljim prolaznim u\u017eicima koji neprestano remete \u010dovekov skepticizam ili koji poljuljavaju njegovo napu\u0161tanje; ali samo nekolicina sasvim sigurno smatra da nikada ne\u0107e prestati da postoji.<\/span><\/p>\n<p><span style=\"color: #993300;\">Ve\u0107ina je ili odbacila to pitanje bivaju\u0107i upijena \u017eivotnim poslovima; ili gaji smorenost od meditiranja bez rezultata; ili te\u017ei razmi\u0161ljanju, ne bez melanholi\u010dnog zadovoljstva, da smrt tela donosi i kraj individue.<\/span><\/p>\n<p><span style=\"color: #993300;\">Od ovih, najsre\u0107niji i najkorisniji u svojoj generaciji su oni sa zdravim umom koji su prepuni bodrosti ili previ\u0161e zaposleni zadovoljstvom du\u017enosti da bi brinuli o smrti i njenim posledicama. Najzavidljiviji su oni koji su prona\u0161li, ili su skloni da u autoritetu ili argumentima bilo koje postoje\u0107e religije prona\u0111u zadovoljavaju\u0107i dokaz za budu\u0107e postojanje.<\/span><\/p>\n<p><span style=\"color: #993300;\">A mo\u017eda su najgluplji oni koji, prate\u0107i vatrena istra\u017eivanja nauke nau\u010de toliko malo na kolenima svoje ljubavnice sa usijanim o\u010dima, da veruju u one sile koje se nazivaju intelekt, emocija i volja, sposobne da izumru, dok otkriju i objasne beskrajno odr\u017eavanje kretanja i materije. &#8220;<\/span><\/p>\n<p><span style=\"color: #993300;\">-Sir Ervin Arnold\u00a0(1832 \u2013 1904), &#8220;Death and Afterwards&#8221;<\/span>[\/vc_cta][vc_column_text]\n<p><img loading=\"lazy\" class=\"aligncenter size-full wp-image-4320\" src=\"https:\/\/i1.wp.com\/yogajagat.com\/wp-content\/uploads\/2020\/01\/DSC08007.jpg?resize=640%2C480\" alt=\"put osloba\u0111anja\" width=\"640\" height=\"480\" srcset=\"https:\/\/i1.wp.com\/yogajagat.com\/wp-content\/uploads\/2020\/01\/DSC08007.jpg?w=640&amp;ssl=1 640w, https:\/\/i1.wp.com\/yogajagat.com\/wp-content\/uploads\/2020\/01\/DSC08007.jpg?resize=300%2C225&amp;ssl=1 300w\" sizes=\"(max-width: 640px) 100vw, 640px\" data-recalc-dims=\"1\" \/><\/p>\n[\/vc_column_text][\/vc_column][\/vc_row]\n","protected":false},"excerpt":{"rendered":"<p>[vc_row][vc_column][vc_column_text]<br \/>\nPUT OSLOBA\u0110ANJA<\/p>\n<p>&nbsp;<br \/>\nPut osloba\u0111anja ve\u0107 i sam iza sebe ima mnogo staza, koraka, krivina, svakakvog vrsta tla, puteve psihi\u010dkih ili natpirodnih mo\u0107i ljudske svesti, put vi\u0161ih snaga duha i du\u0161e.<br \/>\n&nbsp;<br \/>\nRetko koja se duhovna literatura bavi tako duboko transformacijom ljudske svesti i du\u0161e i njenim natprirodnim mo\u0107ima kao stari indijski tekstovi. Najstariji sa\u010duvani duhovni tekstovi su indijske Vede.<br \/>\n&nbsp;<br \/>\nJoga Sutra (sutra- &#8220;niti&#8221;) svakako nije religiozan tekst, to je mnogo mla\u0111i tekst od Veda i u &#8230;<\/p>\n","protected":false},"author":1,"featured_media":0,"parent":0,"menu_order":0,"comment_status":"closed","ping_status":"closed","template":"template-full-width.php","meta":{"_bbp_topic_count":0,"_bbp_reply_count":0,"_bbp_total_topic_count":0,"_bbp_total_reply_count":0,"_bbp_voice_count":0,"_bbp_anonymous_reply_count":0,"_bbp_topic_count_hidden":0,"_bbp_reply_count_hidden":0,"_bbp_forum_subforum_count":0,"inline_featured_image":false,"spay_email":""},"translation":{"provider":"WPGlobus","version":"3.0.1","language":"sr","enabled_languages":["en","de","sr"],"languages":{"en":{"title":true,"content":true,"excerpt":false},"de":{"title":true,"content":true,"excerpt":false},"sr":{"title":true,"content":true,"excerpt":false}}},"yoast_head":"<!-- This site is optimized with the Yoast SEO plugin v18.3 - https:\/\/yoast.com\/wordpress\/plugins\/seo\/ -->\n<title>Put osloba\u0111anja svesti, oslobo\u0111ena du\u0161a - Lepota promene<\/title>\n<meta name=\"description\" content=\"Duhovni tekstovi o \u010distom, intuitivnom znanju. Put osloba\u0111anja. Oslobo\u0111ena, izolovana du\u0161a. Ujedinjenje \u010cistog znanja i Bi\u0107a.\" \/>\n<meta name=\"robots\" content=\"index, follow, max-snippet:-1, max-image-preview:large, max-video-preview:-1\" \/>\n<link rel=\"canonical\" href=\"https:\/\/yogajagat.com\/path-of-liberation-power-of-life\/\" \/>\n<meta name=\"twitter:label1\" content=\"Est. reading time\" \/>\n\t<meta name=\"twitter:data1\" content=\"28 minutes\" \/>\n<script type=\"application\/ld+json\" class=\"yoast-schema-graph\">{\"@context\":\"https:\/\/schema.org\",\"@graph\":[{\"@type\":\"Organization\",\"@id\":\"https:\/\/yogajagat.com\/#organization\",\"name\":\"Yogajagat\",\"url\":\"https:\/\/yogajagat.com\/\",\"sameAs\":[],\"logo\":{\"@type\":\"ImageObject\",\"@id\":\"https:\/\/yogajagat.com\/#logo\",\"inLanguage\":\"sr\",\"url\":\"https:\/\/i1.wp.com\/yogajagat.com\/wp-content\/uploads\/2019\/03\/DSC08478-Kopie-1.jpg?fit=798%2C800&ssl=1\",\"contentUrl\":\"https:\/\/i1.wp.com\/yogajagat.com\/wp-content\/uploads\/2019\/03\/DSC08478-Kopie-1.jpg?fit=798%2C800&ssl=1\",\"width\":798,\"height\":800,\"caption\":\"Yogajagat\"},\"image\":{\"@id\":\"https:\/\/yogajagat.com\/#logo\"}},{\"@type\":\"WebSite\",\"@id\":\"https:\/\/yogajagat.com\/#website\",\"url\":\"https:\/\/yogajagat.com\/\",\"name\":\"Lepota promene\",\"description\":\"Neprestanom promenom do najlepseg zivotnog iskustva\",\"publisher\":{\"@id\":\"https:\/\/yogajagat.com\/#organization\"},\"potentialAction\":[{\"@type\":\"SearchAction\",\"target\":{\"@type\":\"EntryPoint\",\"urlTemplate\":\"https:\/\/yogajagat.com\/?s={search_term_string}\"},\"query-input\":\"required name=search_term_string\"}],\"inLanguage\":\"sr\"},{\"@type\":\"ImageObject\",\"@id\":\"https:\/\/yogajagat.com\/path-of-liberation-power-of-life\/#primaryimage\",\"inLanguage\":\"sr\",\"url\":\"http:\/\/yogajagat.com\/wp-content\/uploads\/2020\/01\/DSC08007.jpg\",\"contentUrl\":\"http:\/\/yogajagat.com\/wp-content\/uploads\/2020\/01\/DSC08007.jpg\"},{\"@type\":\"WebPage\",\"@id\":\"https:\/\/yogajagat.com\/path-of-liberation-power-of-life\/#webpage\",\"url\":\"https:\/\/yogajagat.com\/path-of-liberation-power-of-life\/\",\"name\":\"Put osloba\u0111anja svesti, oslobo\u0111ena du\u0161a - Lepota promene\",\"isPartOf\":{\"@id\":\"https:\/\/yogajagat.com\/#website\"},\"primaryImageOfPage\":{\"@id\":\"https:\/\/yogajagat.com\/path-of-liberation-power-of-life\/#primaryimage\"},\"datePublished\":\"2019-03-07T23:52:35+00:00\",\"dateModified\":\"2020-06-16T15:59:20+00:00\",\"description\":\"Duhovni tekstovi o \u010distom, intuitivnom znanju. Put osloba\u0111anja. Oslobo\u0111ena, izolovana du\u0161a. Ujedinjenje \u010cistog znanja i Bi\u0107a.\",\"breadcrumb\":{\"@id\":\"https:\/\/yogajagat.com\/path-of-liberation-power-of-life\/#breadcrumb\"},\"inLanguage\":\"sr\",\"potentialAction\":[{\"@type\":\"ReadAction\",\"target\":[\"https:\/\/yogajagat.com\/path-of-liberation-power-of-life\/\"]}]},{\"@type\":\"BreadcrumbList\",\"@id\":\"https:\/\/yogajagat.com\/path-of-liberation-power-of-life\/#breadcrumb\",\"itemListElement\":[{\"@type\":\"ListItem\",\"position\":1,\"name\":\"Home\",\"item\":\"https:\/\/yogajagat.com\/sr\/\"},{\"@type\":\"ListItem\",\"position\":2,\"name\":\"Path of Liberation. Power of Life\"}]}]}<\/script>\n<!-- \/ Yoast SEO plugin. -->","yoast_head_json":{"title":"Put osloba\u0111anja svesti, oslobo\u0111ena du\u0161a - Lepota promene","description":"Duhovni tekstovi o \u010distom, intuitivnom znanju. Put osloba\u0111anja. Oslobo\u0111ena, izolovana du\u0161a. Ujedinjenje \u010cistog znanja i Bi\u0107a.","robots":{"index":"index","follow":"follow","max-snippet":"max-snippet:-1","max-image-preview":"max-image-preview:large","max-video-preview":"max-video-preview:-1"},"canonical":"https:\/\/yogajagat.com\/path-of-liberation-power-of-life\/","twitter_misc":{"Est. reading time":"28 minutes"},"schema":{"@context":"https:\/\/schema.org","@graph":[{"@type":"Organization","@id":"https:\/\/yogajagat.com\/#organization","name":"Yogajagat","url":"https:\/\/yogajagat.com\/","sameAs":[],"logo":{"@type":"ImageObject","@id":"https:\/\/yogajagat.com\/#logo","inLanguage":"sr","url":"https:\/\/i1.wp.com\/yogajagat.com\/wp-content\/uploads\/2019\/03\/DSC08478-Kopie-1.jpg?fit=798%2C800&ssl=1","contentUrl":"https:\/\/i1.wp.com\/yogajagat.com\/wp-content\/uploads\/2019\/03\/DSC08478-Kopie-1.jpg?fit=798%2C800&ssl=1","width":798,"height":800,"caption":"Yogajagat"},"image":{"@id":"https:\/\/yogajagat.com\/#logo"}},{"@type":"WebSite","@id":"https:\/\/yogajagat.com\/#website","url":"https:\/\/yogajagat.com\/","name":"Lepota promene","description":"Neprestanom promenom do najlepseg zivotnog iskustva","publisher":{"@id":"https:\/\/yogajagat.com\/#organization"},"potentialAction":[{"@type":"SearchAction","target":{"@type":"EntryPoint","urlTemplate":"https:\/\/yogajagat.com\/?s={search_term_string}"},"query-input":"required name=search_term_string"}],"inLanguage":"sr"},{"@type":"ImageObject","@id":"https:\/\/yogajagat.com\/path-of-liberation-power-of-life\/#primaryimage","inLanguage":"sr","url":"http:\/\/yogajagat.com\/wp-content\/uploads\/2020\/01\/DSC08007.jpg","contentUrl":"http:\/\/yogajagat.com\/wp-content\/uploads\/2020\/01\/DSC08007.jpg"},{"@type":"WebPage","@id":"https:\/\/yogajagat.com\/path-of-liberation-power-of-life\/#webpage","url":"https:\/\/yogajagat.com\/path-of-liberation-power-of-life\/","name":"Put osloba\u0111anja svesti, oslobo\u0111ena du\u0161a - Lepota promene","isPartOf":{"@id":"https:\/\/yogajagat.com\/#website"},"primaryImageOfPage":{"@id":"https:\/\/yogajagat.com\/path-of-liberation-power-of-life\/#primaryimage"},"datePublished":"2019-03-07T23:52:35+00:00","dateModified":"2020-06-16T15:59:20+00:00","description":"Duhovni tekstovi o \u010distom, intuitivnom znanju. Put osloba\u0111anja. Oslobo\u0111ena, izolovana du\u0161a. Ujedinjenje \u010cistog znanja i Bi\u0107a.","breadcrumb":{"@id":"https:\/\/yogajagat.com\/path-of-liberation-power-of-life\/#breadcrumb"},"inLanguage":"sr","potentialAction":[{"@type":"ReadAction","target":["https:\/\/yogajagat.com\/path-of-liberation-power-of-life\/"]}]},{"@type":"BreadcrumbList","@id":"https:\/\/yogajagat.com\/path-of-liberation-power-of-life\/#breadcrumb","itemListElement":[{"@type":"ListItem","position":1,"name":"Home","item":"https:\/\/yogajagat.com\/sr\/"},{"@type":"ListItem","position":2,"name":"Path of Liberation. Power of Life"}]}]}},"_links":{"self":[{"href":"https:\/\/yogajagat.com\/sr\/wp-json\/wp\/v2\/pages\/2537"}],"collection":[{"href":"https:\/\/yogajagat.com\/sr\/wp-json\/wp\/v2\/pages"}],"about":[{"href":"https:\/\/yogajagat.com\/sr\/wp-json\/wp\/v2\/types\/page"}],"author":[{"embeddable":true,"href":"https:\/\/yogajagat.com\/sr\/wp-json\/wp\/v2\/users\/1"}],"replies":[{"embeddable":true,"href":"https:\/\/yogajagat.com\/sr\/wp-json\/wp\/v2\/comments?post=2537"}],"version-history":[{"count":19,"href":"https:\/\/yogajagat.com\/sr\/wp-json\/wp\/v2\/pages\/2537\/revisions"}],"predecessor-version":[{"id":5954,"href":"https:\/\/yogajagat.com\/sr\/wp-json\/wp\/v2\/pages\/2537\/revisions\/5954"}],"wp:attachment":[{"href":"https:\/\/yogajagat.com\/sr\/wp-json\/wp\/v2\/media?parent=2537"}],"curies":[{"name":"wp","href":"https:\/\/api.w.org\/{rel}","templated":true}]}}