{"id":2532,"date":"2019-03-08T00:40:47","date_gmt":"2019-03-07T23:40:47","guid":{"rendered":"http:\/\/yogajagat.com\/?page_id=2532"},"modified":"2020-06-16T13:15:17","modified_gmt":"2020-06-16T11:15:17","slug":"siddhis-occult-and-psychic-powers","status":"publish","type":"page","link":"https:\/\/yogajagat.com\/sr\/sidi-okultna-psihicka-moc-moc-jednoj-jogija\/","title":{"rendered":"Sidi, okultna, psihi\u010dka mo\u0107, mo\u0107 jednoj jogija."},"content":{"rendered":"[vc_row][vc_column][vc_column_text]\n<h3><\/h3>\n<h3 style=\"text-align: center;\"><span style=\"color: #993300;\">SIDI, OKULTNA, PSIHI\u010cKA MO\u0106\u00a0<\/span><\/h3>\n<hr \/>\n<p>&nbsp;<\/p>\n<p>Sidi (<em>siddhi<\/em> ) je sanskritska re\u010d i zna\u010di &#8220;perfekcija&#8221;. Sidi je okultna, psihi\u010dka mo\u0107 koja je probu\u0111ena kontrolom psihi\u010dkih elemenata.<\/p>\n<p>Sida (<em>siddha<\/em> ) je usavr\u0161ena, perfektna du\u0161a. To je osoba koja je u potpunosti razvila svoje <a href=\"https:\/\/yogajagat.com\/sr\/prana-i-pet-slojeva-energetskog-tela\/\"><span style=\"color: #993300;\">prani\u010dke<\/span><\/a> ili psihi\u010dke kapacitete tela, uma i duha i koja ima kontrolu nad umom, duhom, elementima i prirodom.<\/p>\n<p>Sidarta (<em>siddhartha<\/em> ) je onaj \u010dovek koji je usavr\u0161io njegovo Bi\u0107e. (<em>Sidarta Gautama je ime Bude, osniva\u010da Budizma u 6. veku pre Hrista<\/em>).<\/p>\n<p>&nbsp;<\/p>\n<p>Dostignu\u0107e natprirodnih mo\u0107i dostupno je svakoj osobi koja je uklju\u010dena u bilo koje dublje duhovne prakse. Duhovne prakse mogu biti <em>ro\u0111enje<\/em> (kada se shvata kao praksa), &#8220;planirana&#8221; ili &#8220;neplanirana&#8221; <em>askeza<\/em>, &#8220;planirana&#8221; ili &#8220;neplanirana&#8221; <em>poniznost,<\/em> upotreba trava (lekovitih biljaka) ili <em>mantra<\/em> (svete re\u010di), ili i sam <em>Samadi<\/em>.<\/p>\n<p><em>Sida<\/em>\u00a0je ljudsko bi\u0107e kao i svako drugo. Jedina je razlika \u0161to su njegove psihi\u010dke i okultne mo\u0107i razvijenije nego kod drugih ljudi. Nema potrebe da se \u010dovek pla\u0161i takvih ljudi.<\/p>\n<p>Bitno je i shvatiti da \u017eudnja za ovakvim mo\u0107ima i poku\u0161avanje da se one dostignu obi\u010dno donese pravi katastrofalni \u017eivotni haos, i u \u017eivot onoga koji \u017eudi sa ovakvim mo\u0107ima i onima koji oko njega \u017eive. \u017divot \u0107e ovakve ljude ionako pre ili kasnije izvesti na ispit.<\/p>\n[\/vc_column_text][\/vc_column][\/vc_row][vc_row][vc_column][vc_cta h2=&#8221;Joga Sutra 4.1:&#8221; color=&#8221;turquoise&#8221;]Sidi (mo\u0107i) se posti\u017eu ro\u0111enjem (<em>janma<\/em> ), lekovitim biljkama (<em>ausadhi<\/em> ), mantrama, asketizmom ili ponizno\u0161\u0107u (<em>tapah<\/em> ), ili Samadijem.<\/p>\n[\/vc_cta][\/vc_column][\/vc_row][vc_row][vc_column][vc_custom_heading text=&#8221;Okultne ili psihi\u010dke mo\u0107i dostignute ro\u0111enjem&#8221; font_container=&#8221;tag:h2|text_align:center|color:%231ba2b7&#8243; google_fonts=&#8221;font_family:Ubuntu%3A300%2C300italic%2Cregular%2Citalic%2C500%2C500italic%2C700%2C700italic|font_style:300%20light%20italic%3A300%3Aitalic&#8221;][\/vc_column][\/vc_row][vc_row][vc_column][vc_column_text]\n<hr \/>\n<p>&nbsp;<\/p>\n<p>Nekim ljudima je sidi, okultna, psihi\u010dka mo\u0107 uro\u0111ena. Takvi ljudi su ro\u0111eni sa ve\u0107im darom da dostignu super mo\u0107i uma i duha, od drugih. Taj dar je i sam ve\u0107 jedna vrsta &#8220;prakse&#8221; mada osoba koja poseduje taj dar mo\u017eda ne\u0107e biti svesna tog dara du\u017ei period svog \u017eivota.<\/p>\n<p>Kvalitet \u017eivljenja, mi\u0161ljenja, govora i delanja, kao i koli\u010dina truda da se prevazi\u0111u li\u010dne karme odredi\u0107e da li \u0107e i kada takva posebno darovita osoba prepoznati te snage.<\/p>\n<p><span style=\"color: #800080;\">Snaga duha koja je data ro\u0111enjem se ne mo\u017ee zaobi\u0107i.<\/span><\/p>\n<p>Ova snaga je vrlo autenti\u010dna, jedinstvena i nezamenljiva. I ne mo\u017ee se me\u0161ati sa egoisti\u010dkim pona\u0161anjem <a href=\"https:\/\/yogajagat.com\/sr\/visa-transformacija-svesti-stadijumi-samadija\/\"><span style=\"color: #993300;\">egotista<\/span><\/a>.<\/p>\n[\/vc_column_text][\/vc_column][\/vc_row][vc_row][vc_column][vc_custom_heading text=&#8221;Okultne ili psihi\u010dke mo\u0107i dostignute asketizmom&#8221; font_container=&#8221;tag:h2|text_align:center|color:%231ba2b7&#8243; google_fonts=&#8221;font_family:Ubuntu%3A300%2C300italic%2Cregular%2Citalic%2C500%2C500italic%2C700%2C700italic|font_style:300%20light%20italic%3A300%3Aitalic&#8221;][\/vc_column][\/vc_row][vc_row][vc_column][vc_column_text]\n<hr \/>\n<p>&nbsp;<\/p>\n<p>Stalno i uporno <a href=\"https:\/\/yogajagat.com\/sr\/pohlepa-siromastvo-izobilje-i-kraljevi\/\"><span style=\"color: #993300;\">siroma\u0161tvo<\/span> <\/a>je vrsta &#8220;neplanirane&#8221; duhovne prakse. Ono mo\u017ee da razvije ogromnu snagu i duha i srca.<\/p>\n<p>&nbsp;<\/p>\n<p><a href=\"https:\/\/yogajagat.com\/sr\/pratjahara-povlacenje-cula-umetnost-priroda\/\"><span style=\"color: #800080;\">Povla\u010denje \u010dula <\/span><\/a>iz spolja\u0161njeg sveta je &#8220;planirana&#8221; asketska praksa. Sa ovom praksom ne treba me\u0161ati izbegavanje i be\u017eanje.<\/p>\n<p>Ukoliko se \u010dovek povu\u010de od drugih da bi pobegao od obaveza koje mu \u017eivot svakodnevno i neizbe\u017eno postavlja (moderni A\u0161rami i sli\u010dna takozvana duhovna mesta su <a href=\"https:\/\/yogajagat.com\/sr\/dobrota-i-plemenitost-najveci-ljudski-darovi\/\"><span style=\"color: #993300;\">dobar<\/span> <\/a>primer za takva izbegavanja)\u00a0onda je to la\u017ena praksa asketizma. Iz tog be\u017eanja ne ra\u0111a se ni\u0161ta vredno.<\/p>\n<p>&nbsp;<\/p>\n<p>Mo\u0107 koja se dosti\u017ee pravim asketizmom je vrlo posebna i sasvim druga\u010dija mo\u0107.<\/p>\n<p>Vibracije prave duhovne snage ne mogu se pogre\u0161no shvatiti iz razloga \u0161to su ove vibracije vibracije srca koje su iste kao i vibracije Kosmosa.<\/p>\n[\/vc_column_text][\/vc_column][\/vc_row][vc_row][vc_column][vc_custom_heading text=&#8221;Okultne ili psihi\u010dke mo\u0107i dostignute ponizno\u0161\u0107u&#8221; font_container=&#8221;tag:h2|text_align:center|color:%231ba2b7&#8243; google_fonts=&#8221;font_family:Ubuntu%3A300%2C300italic%2Cregular%2Citalic%2C500%2C500italic%2C700%2C700italic|font_style:300%20light%20italic%3A300%3Aitalic&#8221;][\/vc_column][\/vc_row][vc_row][vc_column][vc_column_text]\n<hr \/>\n<p>&nbsp;<\/p>\n<p>Ljudi kojima su okultne i psihi\u010dke mo\u0107i date ro\u0111enjem, \u017eivot \u0107e neprekidno postavljati nove zadatke. Takvi ljudi \u0107e po prirodi same prirode svih pojava na Zemlji, u Kosmosu i izme\u0111u njih biti neprekidno izlagani (uvek na isti na\u010din) uvredama i omalova\u017eavanjem drugih ljudi.<\/p>\n<p>Ukoliko je prava, njihova okultna i psihi\u010dka mo\u0107 \u0107e sa svakom novom uvredom i svakim novim omalova\u017eavanjem biti jo\u0161 ja\u010da. A uvrede i omalova\u017eavanja \u0107e tako biti samo propali poku\u0161aj nano\u0161enje oblaka bure.<\/p>\n[\/vc_column_text][\/vc_column][\/vc_row][vc_row][vc_column][vc_custom_heading text=&#8221;Okultne ili psihi\u010dke mo\u0107i dostignute travama&#8221; font_container=&#8221;tag:h2|text_align:center|color:%231ba2b7&#8243; google_fonts=&#8221;font_family:Ubuntu%3A300%2C300italic%2Cregular%2Citalic%2C500%2C500italic%2C700%2C700italic|font_style:300%20light%20italic%3A300%3Aitalic&#8221;][\/vc_column][\/vc_row][vc_row][vc_column][vc_column_text]\n<hr \/>\n<p>&nbsp;<\/p>\n<p>Ovo su posebne ceremonijske trave i svete biljke.<\/p>\n<p>&nbsp;<\/p>\n<p>Na divnoj planeti Zemlji, biljke su rasle jo\u0161 milionima godina pre nego se \u0107ovek uspravio na dve noge.<\/p>\n<p>Tako, rutali i ceremonije postoje od kada postoji i \u010dovek. U po\u010detku je \u010dovek obo\u017eavao i verovao u prirodu i <a href=\"https:\/\/yogajagat.com\/sr\/put-srca-i-posvecenosti\/\"><span style=\"color: #993300;\">mo\u0107 Sunca<\/span><\/a>. Kako je intelektualno sazrevao (trebao bi) tako je po\u010deo da izmi\u0161lja nove religije, a time i da se odeljuje od same prirode i izme\u0111u sebe.<\/p>\n<p>&nbsp;<\/p>\n<p>Indijske <em>Vede<\/em> su najstariji sa\u010duvani duhovni tekstovi na planeti i oni opisuju te ceremonije (<em>Rig veda, Atharva Veda<\/em>).\u00a0 U Indiji je ceremonijsko pi\u0107e bilo\u00a0<em>soma<\/em>. Nju su koristili stari mudraci i jogiji da bi probudili duhovnu mo\u0107 i besmrtnost. Izgleda da je to bila me\u0161avina nekoliko biljaka, izme\u0111u ostalih najverovatnije i jedna vrsta iz velike porodice <em>Efedra<\/em> biljaka.<\/p>\n<p>-Soma je u <a href=\"https:\/\/yogajagat.com\/sr\/ujedinjenje-jedinstvo-dna-joga\/\"><span style=\"color: #993300;\">Jogi<\/span> <\/a>(Kundalini-Tantra-Hatha) i naziv sa nektar besmrtnosti, ili eliksir \u017eivota. To je sekret u mozgu \u010dije se izlu\u010divanje (eventualno) de\u0161ava pri vrlo naprednim tehnikama Pranajame\u00a0i <a href=\"https:\/\/yogajagat.com\/sr\/sahaja-samadi-prirodna-transcendentnost\/\"><span style=\"color: #993300;\">posle dugogodi\u0161njeg iskustva<\/span><\/a> (mo\u017ee da se desi, ovo naravno nije pravilo, nasuprot, retki su ljudi koji su do\u017eiveli ukus i duhovnost prave Some).<\/p>\n<p>&nbsp;<\/p>\n<p>Vede i hinduizam uop\u0161te je najotvoreniji sistem verovanja (fanatike ne ra\u010dunam. Verski fanatizam je uvek i svuda isti bez obzira kako se pozadinski sistem mi\u0161ljenja ili verovanja nazivao).<\/p>\n<p>On se bavi \u010dovekom, priznaje \u010doveka na svim njegovim sferama postojanja (jedina religija koja priznaje seks, \u010dak postoji i posebna praksa. tzv. crvena Tantra (<em>Vama Marga, marga<\/em>&#8211; ruka, <em>vama marga<\/em>&#8211; leva ruka, ne me\u0161ati sa tzv. belom Tantrom uzvi\u0161enom, vrlo starom i duboko duhovnom naukom), vi\u0161im nivoima i transformacijom \u010dovekove svesti sve do njegove nad-svesti. To je sistem koji prihvata i obuhvata sve ostale sisteme. Ceremonija (obo\u017eavanja) u Indiji ima na stotine iz razloga \u0161to isto toliko vrsta obo\u017eavanja postoje.<\/p>\n<p>Rituali sa vatrom pri kome se koriste i razne biljke (listovi, cvetovi, seme, kora, koren) zove se <em>homa<\/em> ili <em>pooja<\/em> ili <em>hawana<\/em>.<\/p>\n<p>&nbsp;<\/p>\n<p>Uli\u010dne droge ili ostali zapadnja\u010dki, od \u010doveka sinteti\u010dki napravljeni <a href=\"https:\/\/yogajagat.com\/sr\/samadi-sta-se-desava-u-stanju-samadija\/\"><span style=\"color: #993300;\">enteogeni<\/span> <\/a>imaju samo kratko dejstvo i nemaju mo\u0107 perfekcije.<\/p>\n<p>&nbsp;<\/p>\n[\/vc_column_text][\/vc_column][\/vc_row][vc_row][vc_column][vc_custom_heading text=&#8221;Okultne ili psihi\u010dke mo\u0107i dostignute mantrama&#8221; font_container=&#8221;tag:h2|text_align:center|color:%231ba2b7&#8243; google_fonts=&#8221;font_family:Ubuntu%3A300%2C300italic%2Cregular%2Citalic%2C500%2C500italic%2C700%2C700italic|font_style:300%20light%20italic%3A300%3Aitalic&#8221;][\/vc_column][\/vc_row][vc_row][vc_column][vc_column_text]\n<hr \/>\n<p>&nbsp;<\/p>\n<p><em>Mantra<\/em> je skup re\u010di finijih vibracija zvuka. <a href=\"https:\/\/yogajagat.com\/sr\/zvuk-srca-zvuk-om-simbol-duse\/\"><span style=\"color: #993300;\">Mantra<\/span><\/a> je ono \u0161to osloba\u0111a. A takvo joj je i dejstvo. Mantra osloba\u0111a energiju u umu i pro\u0161iruje svest. Izgovara se naglas ili u glavi.<\/p>\n<p>Iako se i u ovom \u010dasu u A\u0161ramima kao i na mnogim modernim tzv. spiritualnim mestima ljudi okupljaju, sede i pevaju sankskritske mantre, ipak mnogi imaju problema da osete, shvate, prihvate i da izgovaraju indijske (jogi\u010dke) mantre.<\/p>\n<p>Uglavnom su to ljudi koji su odlu\u010dili da pripadaju odre\u0111enom sistemu verovanja (koji, opet, ne prihvata nijedan drugi). Moderni zapadni um uglavnom funkcioni\u0161e racionalno i obi\u010dno je okrenut\u00a0svojoj kriti\u010dkoj strani (70 % svih dnevnih misli su \u010dista kritika, \u010desto i te\u0161ki cinizam).<\/p>\n<p>Da bi se izgovarale sanskritske re\u010di (<em>sanskrit<\/em> nije nikakav religiozni jezik ve\u0107 jedan od najstarijih jezika ljudi), um se ne mora baviti kritikom i razumom ve\u0107 se ove re\u010di trebaju osetiti srcem. Zna\u010denje mantri je ionako vrlo te\u0161ko prevesti na bilo koji od lingvisti\u010dkih jezika. To posebno te\u0161ko pada ili bolje nemogu\u0107e je onim ljudima koji imaju vi\u0161e duhovnih nego materijalnih potencijala u svom duhu.<\/p>\n<p>Naravno da je mogu\u0107e da \u010dovek na takvim mestima kao \u0161to su A\u0161rami mo\u017ee imati lepo iskustvo, kako god, takva okupljanja i i iskustva ne treba me\u0161ati sa pravim okultnim i psihi\u010dkim mo\u0107ima.<\/p>\n<p>Kao i u svim tokovima \u017eivota, \u010dovek ne treba sebi da dozvoli da bude manipulisan bilo kojim drugim \u010dovekom ili sistemom. \u010covek sam treba da isproba i odlu\u010di \u0161ta mu donosi slobodu u emocijama, umu, duhu, srcu, telu i du\u0161i.<\/p>\n<p>&nbsp;<\/p>\n<p>Koncentracijom na svete, mo\u0107ne reci iz srca a ne neophodno iz uma, \u010dovek mo\u017ee razviti sidi, okultne i psihi\u010dke mo\u0107i.<\/p>\n<p>&nbsp;<\/p>\n<p>Nauka je do sada potvrdila da ponavljanje sanskrit mantri menja<a href=\"https:\/\/yogajagat.com\/sr\/frekvencije-mozga-dusevni-mir\/\"> <span style=\"color: #993300;\">frenkvencije talasa<\/span> <\/a>u mozgu.<\/p>\n[\/vc_column_text][\/vc_column][\/vc_row][vc_row][vc_column][vc_custom_heading text=&#8221;Okultne ili psihi\u010dke mo\u0107i dostignute Samadijem&#8221; font_container=&#8221;tag:h2|text_align:center|color:%231ba2b7&#8243; google_fonts=&#8221;font_family:Ubuntu%3A300%2C300italic%2Cregular%2Citalic%2C500%2C500italic%2C700%2C700italic|font_style:300%20light%20italic%3A300%3Aitalic&#8221;][\/vc_column][\/vc_row][vc_row][vc_column][vc_column_text]\n<hr \/>\n<p>&nbsp;<\/p>\n<p>Samadi je totalno (pr)osvetljenje, uzvi\u0161ena svest i ne mo\u017ee se zameniti sa bilo kojim drugim stanjem ljiudske svesti.<\/p>\n<p>&nbsp;<\/p>\n<p>I sam<a href=\"https:\/\/yogajagat.com\/sr\/samadi-sta-se-desava-u-stanju-samadija\/\"><span style=\"color: #993300;\"> Samadi<\/span><\/a> nosi sa sobom ogromne okultne i psihi\u010dke mo\u0107i.<\/p>\n[\/vc_column_text][\/vc_column][\/vc_row]\n","protected":false},"excerpt":{"rendered":"<p>[vc_row][vc_column][vc_column_text]<\/p>\n<p>SIDI, OKULTNA, PSIHI\u010cKA MO\u0106\u00a0<\/p>\n<p>&nbsp;<br \/>\nSidi (siddhi ) je sanskritska re\u010d i zna\u010di &#8220;perfekcija&#8221;. Sidi je okultna, psihi\u010dka mo\u0107 koja je probu\u0111ena kontrolom psihi\u010dkih elemenata.<br \/>\nSida (siddha ) je usavr\u0161ena, perfektna du\u0161a. To je osoba koja je u potpunosti razvila svoje prani\u010dke ili psihi\u010dke kapacitete tela, uma i duha i koja ima kontrolu nad umom, duhom, elementima i prirodom.<br \/>\nSidarta (siddhartha ) je onaj \u010dovek koji je usavr\u0161io njegovo Bi\u0107e. (Sidarta Gautama je ime Bude, osniva\u010da Budizma &#8230;<\/p>\n","protected":false},"author":1,"featured_media":0,"parent":0,"menu_order":0,"comment_status":"closed","ping_status":"closed","template":"template-full-width.php","meta":{"_bbp_topic_count":0,"_bbp_reply_count":0,"_bbp_total_topic_count":0,"_bbp_total_reply_count":0,"_bbp_voice_count":0,"_bbp_anonymous_reply_count":0,"_bbp_topic_count_hidden":0,"_bbp_reply_count_hidden":0,"_bbp_forum_subforum_count":0,"inline_featured_image":false,"spay_email":""},"translation":{"provider":"WPGlobus","version":"3.0.1","language":"sr","enabled_languages":["en","de","sr"],"languages":{"en":{"title":true,"content":true,"excerpt":false},"de":{"title":true,"content":true,"excerpt":false},"sr":{"title":true,"content":true,"excerpt":false}}},"yoast_head":"<!-- This site is optimized with the Yoast SEO plugin v18.3 - https:\/\/yoast.com\/wordpress\/plugins\/seo\/ -->\n<title>Sidi, okultna, psihi\u010dka mo\u0107, mo\u0107 jednoj jogija. - Lepota promene<\/title>\n<meta name=\"description\" content=\"Siddhi je sanskritska re\u010d i zna\u010di &quot;perfekcija&quot;. Sidi je okultna, psihi\u010dka mo\u0107. Sida (siddha) je usavr\u0161ena, perfektna du\u0161a. Sidarta (siddharta)...\" \/>\n<meta name=\"robots\" content=\"index, follow, max-snippet:-1, max-image-preview:large, max-video-preview:-1\" \/>\n<link rel=\"canonical\" href=\"https:\/\/yogajagat.com\/siddhis-occult-and-psychic-powers\/\" \/>\n<meta name=\"twitter:label1\" content=\"Est. reading time\" \/>\n\t<meta name=\"twitter:data1\" content=\"19 minutes\" \/>\n<script type=\"application\/ld+json\" class=\"yoast-schema-graph\">{\"@context\":\"https:\/\/schema.org\",\"@graph\":[{\"@type\":\"Organization\",\"@id\":\"https:\/\/yogajagat.com\/#organization\",\"name\":\"Yogajagat\",\"url\":\"https:\/\/yogajagat.com\/\",\"sameAs\":[],\"logo\":{\"@type\":\"ImageObject\",\"@id\":\"https:\/\/yogajagat.com\/#logo\",\"inLanguage\":\"sr\",\"url\":\"https:\/\/i1.wp.com\/yogajagat.com\/wp-content\/uploads\/2019\/03\/DSC08478-Kopie-1.jpg?fit=798%2C800&ssl=1\",\"contentUrl\":\"https:\/\/i1.wp.com\/yogajagat.com\/wp-content\/uploads\/2019\/03\/DSC08478-Kopie-1.jpg?fit=798%2C800&ssl=1\",\"width\":798,\"height\":800,\"caption\":\"Yogajagat\"},\"image\":{\"@id\":\"https:\/\/yogajagat.com\/#logo\"}},{\"@type\":\"WebSite\",\"@id\":\"https:\/\/yogajagat.com\/#website\",\"url\":\"https:\/\/yogajagat.com\/\",\"name\":\"Lepota promene\",\"description\":\"Neprestanom promenom do najlepseg zivotnog iskustva\",\"publisher\":{\"@id\":\"https:\/\/yogajagat.com\/#organization\"},\"potentialAction\":[{\"@type\":\"SearchAction\",\"target\":{\"@type\":\"EntryPoint\",\"urlTemplate\":\"https:\/\/yogajagat.com\/?s={search_term_string}\"},\"query-input\":\"required name=search_term_string\"}],\"inLanguage\":\"sr\"},{\"@type\":\"WebPage\",\"@id\":\"https:\/\/yogajagat.com\/siddhis-occult-and-psychic-powers\/#webpage\",\"url\":\"https:\/\/yogajagat.com\/siddhis-occult-and-psychic-powers\/\",\"name\":\"Sidi, okultna, psihi\u010dka mo\u0107, mo\u0107 jednoj jogija. - Lepota promene\",\"isPartOf\":{\"@id\":\"https:\/\/yogajagat.com\/#website\"},\"datePublished\":\"2019-03-07T23:40:47+00:00\",\"dateModified\":\"2020-06-16T11:15:17+00:00\",\"description\":\"Siddhi je sanskritska re\u010d i zna\u010di \\\"perfekcija\\\". Sidi je okultna, psihi\u010dka mo\u0107. Sida (siddha) je usavr\u0161ena, perfektna du\u0161a. Sidarta (siddharta)...\",\"breadcrumb\":{\"@id\":\"https:\/\/yogajagat.com\/siddhis-occult-and-psychic-powers\/#breadcrumb\"},\"inLanguage\":\"sr\",\"potentialAction\":[{\"@type\":\"ReadAction\",\"target\":[\"https:\/\/yogajagat.com\/siddhis-occult-and-psychic-powers\/\"]}]},{\"@type\":\"BreadcrumbList\",\"@id\":\"https:\/\/yogajagat.com\/siddhis-occult-and-psychic-powers\/#breadcrumb\",\"itemListElement\":[{\"@type\":\"ListItem\",\"position\":1,\"name\":\"Home\",\"item\":\"https:\/\/yogajagat.com\/sr\/\"},{\"@type\":\"ListItem\",\"position\":2,\"name\":\"Siddhis occult and psychic powers\"}]}]}<\/script>\n<!-- \/ Yoast SEO plugin. -->","yoast_head_json":{"title":"Sidi, okultna, psihi\u010dka mo\u0107, mo\u0107 jednoj jogija. - Lepota promene","description":"Siddhi je sanskritska re\u010d i zna\u010di \"perfekcija\". Sidi je okultna, psihi\u010dka mo\u0107. Sida (siddha) je usavr\u0161ena, perfektna du\u0161a. Sidarta (siddharta)...","robots":{"index":"index","follow":"follow","max-snippet":"max-snippet:-1","max-image-preview":"max-image-preview:large","max-video-preview":"max-video-preview:-1"},"canonical":"https:\/\/yogajagat.com\/siddhis-occult-and-psychic-powers\/","twitter_misc":{"Est. reading time":"19 minutes"},"schema":{"@context":"https:\/\/schema.org","@graph":[{"@type":"Organization","@id":"https:\/\/yogajagat.com\/#organization","name":"Yogajagat","url":"https:\/\/yogajagat.com\/","sameAs":[],"logo":{"@type":"ImageObject","@id":"https:\/\/yogajagat.com\/#logo","inLanguage":"sr","url":"https:\/\/i1.wp.com\/yogajagat.com\/wp-content\/uploads\/2019\/03\/DSC08478-Kopie-1.jpg?fit=798%2C800&ssl=1","contentUrl":"https:\/\/i1.wp.com\/yogajagat.com\/wp-content\/uploads\/2019\/03\/DSC08478-Kopie-1.jpg?fit=798%2C800&ssl=1","width":798,"height":800,"caption":"Yogajagat"},"image":{"@id":"https:\/\/yogajagat.com\/#logo"}},{"@type":"WebSite","@id":"https:\/\/yogajagat.com\/#website","url":"https:\/\/yogajagat.com\/","name":"Lepota promene","description":"Neprestanom promenom do najlepseg zivotnog iskustva","publisher":{"@id":"https:\/\/yogajagat.com\/#organization"},"potentialAction":[{"@type":"SearchAction","target":{"@type":"EntryPoint","urlTemplate":"https:\/\/yogajagat.com\/?s={search_term_string}"},"query-input":"required name=search_term_string"}],"inLanguage":"sr"},{"@type":"WebPage","@id":"https:\/\/yogajagat.com\/siddhis-occult-and-psychic-powers\/#webpage","url":"https:\/\/yogajagat.com\/siddhis-occult-and-psychic-powers\/","name":"Sidi, okultna, psihi\u010dka mo\u0107, mo\u0107 jednoj jogija. - Lepota promene","isPartOf":{"@id":"https:\/\/yogajagat.com\/#website"},"datePublished":"2019-03-07T23:40:47+00:00","dateModified":"2020-06-16T11:15:17+00:00","description":"Siddhi je sanskritska re\u010d i zna\u010di \"perfekcija\". Sidi je okultna, psihi\u010dka mo\u0107. Sida (siddha) je usavr\u0161ena, perfektna du\u0161a. Sidarta (siddharta)...","breadcrumb":{"@id":"https:\/\/yogajagat.com\/siddhis-occult-and-psychic-powers\/#breadcrumb"},"inLanguage":"sr","potentialAction":[{"@type":"ReadAction","target":["https:\/\/yogajagat.com\/siddhis-occult-and-psychic-powers\/"]}]},{"@type":"BreadcrumbList","@id":"https:\/\/yogajagat.com\/siddhis-occult-and-psychic-powers\/#breadcrumb","itemListElement":[{"@type":"ListItem","position":1,"name":"Home","item":"https:\/\/yogajagat.com\/sr\/"},{"@type":"ListItem","position":2,"name":"Siddhis occult and psychic powers"}]}]}},"_links":{"self":[{"href":"https:\/\/yogajagat.com\/sr\/wp-json\/wp\/v2\/pages\/2532"}],"collection":[{"href":"https:\/\/yogajagat.com\/sr\/wp-json\/wp\/v2\/pages"}],"about":[{"href":"https:\/\/yogajagat.com\/sr\/wp-json\/wp\/v2\/types\/page"}],"author":[{"embeddable":true,"href":"https:\/\/yogajagat.com\/sr\/wp-json\/wp\/v2\/users\/1"}],"replies":[{"embeddable":true,"href":"https:\/\/yogajagat.com\/sr\/wp-json\/wp\/v2\/comments?post=2532"}],"version-history":[{"count":15,"href":"https:\/\/yogajagat.com\/sr\/wp-json\/wp\/v2\/pages\/2532\/revisions"}],"predecessor-version":[{"id":5942,"href":"https:\/\/yogajagat.com\/sr\/wp-json\/wp\/v2\/pages\/2532\/revisions\/5942"}],"wp:attachment":[{"href":"https:\/\/yogajagat.com\/sr\/wp-json\/wp\/v2\/media?parent=2532"}],"curies":[{"name":"wp","href":"https:\/\/api.w.org\/{rel}","templated":true}]}}