{"id":2527,"date":"2019-03-08T00:37:50","date_gmt":"2019-03-07T23:37:50","guid":{"rendered":"http:\/\/yogajagat.com\/?page_id=2527"},"modified":"2020-06-16T12:40:37","modified_gmt":"2020-06-16T10:40:37","slug":"the-higher-powers-of-consciousness","status":"publish","type":"page","link":"https:\/\/yogajagat.com\/sr\/vise-moci-svesti\/","title":{"rendered":"Vi\u0161e mo\u0107i svesti, samjama i rezultat samjame"},"content":{"rendered":"[vc_row][vc_column][vc_custom_heading text=&#8221;Mo\u0107i koje dolaze nakon \u0161to je postignut ni\u017ei nivo Samadija&#8221; font_container=&#8221;tag:h2|text_align:center|color:%231ba2b7&#8243; google_fonts=&#8221;font_family:Ubuntu%3A300%2C300italic%2Cregular%2Citalic%2C500%2C500italic%2C700%2C700italic|font_style:300%20light%20italic%3A300%3Aitalic&#8221;][\/vc_column][\/vc_row][vc_row][vc_column][vc_column_text]\n<h3 style=\"text-align: center;\"><span style=\"color: #993300;\">Vi\u0161e mo\u0107i svesti<\/span><\/h3>\n<hr \/>\n<p>&nbsp;<\/p>\n<p>Sa dostignu\u0107em ni\u017eeg nivoa <em>Samadija <\/em>dolaze i razne <a href=\"https:\/\/yogajagat.com\/sr\/sidi-okultna-psihicka-moc-moc-jednoj-jogija\/\"><span style=\"color: #993300;\">okultne-jogi\u010dke-psihi\u010dke mo\u0107i<\/span><\/a> ( <em>siddhi<\/em> ). To su vi\u0161e mo\u0107i svesti.<\/p>\n<p>&nbsp;<\/p>\n<p><a href=\"https:\/\/yogajagat.com\/sr\/joga-sutra-temelj-tradicije-joge\/\"><span style=\"color: #993300;\">Joga Sutra<\/span> <\/a>daje obja\u0161njenje ovih mo\u0107i.<em> Samjama<\/em>, koja je i praksa i iskustvo sva tri stanja, <a href=\"https:\/\/yogajagat.com\/sr\/koncentracija-korisno-odvajanje-uma-od-bure-darana\/\"><span style=\"color: #993300;\">koncentracije<\/span><\/a>, <a href=\"https:\/\/yogajagat.com\/sr\/meditacija-o-meditaciji-kao-stanju-duha\/\"><span style=\"color: #993300;\">meditacije<\/span><\/a> i <a href=\"https:\/\/yogajagat.com\/sr\/samadi-sta-se-desava-u-stanju-samadija\/\"><span style=\"color: #993300;\">Samadija<\/span> <\/a>dovodi \u010dovekovu svest do vi\u0161ih znanja.<em> Samjamu,<\/em> Joga Sutra opisuje u tre\u0107em poglavlju.<\/p>\n<p>Na ovoj stranici tuma\u010dimo Sutre (aforizme, sutra zna\u010di &#8220;nit&#8221;) 3.17 do 3.38.<\/p>\n<p>&nbsp;<\/p>\n<p>Tako, sa <span style=\"color: #993300;\"><em>Samjamom<\/em><\/span> (naprednija koncentracija i meditacija) <span style=\"color: #993300;\">na zvuk re\u010di<\/span>, \u010dovek mo\u017ee da odvoji zvuk, zna\u010denje i delovanje zna\u010denja re\u010di.<\/p>\n<p>Primer za ovo je osoba \u010dija su \u010dula toliko izvanredno razvijena da je takva osoba u stanju da razume jezik prirode i \u017eivotinja, i jezik ljudi bez razumevanja stranih jezika.<\/p>\n<p>&nbsp;<\/p>\n<p>Zatim, kada su talasi u umu umireni, se\u0107anje osobe je transformisano i ona dosti\u017ee uvid u pro\u0161le \u017eivote.<\/p>\n<p>&nbsp;<\/p>\n<p>Sa <span style=\"color: #993300;\"><em>Samjamom<\/em> na &#8220;oznake&#8221; drugih ljudi<\/span> (\u0161to su misli i dela) istovremeno bivaju\u0107i odvojen od njih, osoba dosti\u017ee znanje o prirodi umova drugih ljudi.<\/p>\n<p>Ovo je jedino mogu\u0107e onda kada je<em> Samjama<\/em> obavljena i na srce drugog \u010doveka. Ovakva <em>Samjama<\/em> podrazumeva da je ve\u0107 i samo srce osobe pro\u010di\u0161\u0107eno.<\/p>\n[\/vc_column_text][\/vc_column][\/vc_row][vc_row][vc_column][vc_custom_heading text=&#8221;\u0160ta dolazi kao rezultat praktikovanja raznih Samjama&#8221; font_container=&#8221;tag:h2|text_align:center|color:%231ba2b7&#8243; google_fonts=&#8221;font_family:Ubuntu%3A300%2C300italic%2Cregular%2Citalic%2C500%2C500italic%2C700%2C700italic|font_style:300%20light%20italic%3A300%3Aitalic&#8221;][\/vc_column][\/vc_row][vc_row][vc_column][vc_column_text]\n<hr \/>\n<p>&nbsp;<\/p>\n<p><em>Samjame<\/em> su i prakse i iskustva koncentracije, meditacije i Samadija.<\/p>\n<p>Po Joga Sutri, kada je osoba u stanju da kontroli\u0161e i da se svojom voljom uzdigne iznad njenih prirodnih sposobnosti znanja, u\u010denja i razumevanja bivaju\u0107i odvojena od njenih grubih telesno-\u010dulnih organa, onda se ona mo\u017ee uzdi\u0107i iznad svoje (pro\u0161le) patnje i bola. Takva osoba i njeni zvukovi mogu biti &#8220;nevidljivi&#8221; drugim ljudima i njihovim opa\u017eanjima.<\/p>\n<p>&nbsp;<\/p>\n<p>Joga Sutra tako\u0111e ka\u017ee da sa <span style=\"color: #993300;\"><em>Samjamom<\/em> na dve razli\u010dite karme<\/span>, onom koja se manifestuje u predhodnom i ona koja se manifestuje u kasnijem \u017eivotu, \u010dovek dosti\u017ee znanje o ta\u010dnom vremenu njegove smrti.<\/p>\n<p>&nbsp;<\/p>\n<p>Kada osoba obavlja <span style=\"color: #993300;\"><em>Samjamu<\/em><\/span> (koncentracija, meditacija i Samadi) <span style=\"color: #993300;\">na prijateljstvo prema sre\u0107nicima, saose\u0107aju za nesre\u0107ne, radost za zdravlje i nezainteresovanost za one koji donose bol i zlo<\/span>, onda ona razvija dobre ljudske kvalitete.<\/p>\n<p>&nbsp;<\/p>\n<p>Sa <span style=\"color: #993300;\"><em>Samjamom<\/em> na snagu<\/span> kao \u0161to je snaga jednog slona, i sam \u010dovek dosti\u017ee snagu.<\/p>\n<p>&nbsp;<\/p>\n<p>Sa <span style=\"color: #993300;\"><em>Samjamom<\/em> na unutra\u0161nju svetlost<\/span>, \u010dovek dosti\u017ee znanje o finijem, skrivenom, i o daljini.<\/p>\n<p>&nbsp;<\/p>\n<p>Kada osoba obavlja <span style=\"color: #993300;\"><em>Samjamu<\/em> na Sunce<\/span>, ona dosti\u017ee znanje kosmi\u010dkih dimenzija. <span style=\"color: #993300;\"><em>Samjamom<\/em> na Mese<\/span>c, \u010dovek dosti\u017ee znanje o polo\u017eaju zvezda. <span style=\"color: #993300;\"><em>Samjamom<\/em> na zvezdu severnja\u010du<\/span> \u010dovek dosti\u017ee znanje o kretanju zvezda.<\/p>\n<p>&nbsp;<\/p>\n<p><span style=\"color: #993300;\"><em>Samjamom<\/em> na centar pupka<\/span>, \u010dovek dosti\u017ee znanje o strukturi tela, a <span style=\"color: #993300;\"><em>samjamom<\/em> na unutra\u0161njosti grla<\/span> on mo\u017ee da kontroli\u0161e glad i \u017ee\u0111.<\/p>\n<p>&nbsp;<\/p>\n<p><span style=\"color: #993300;\"><em>Samjamom<\/em> na cev u unutra\u0161njosti grudnog ko\u0161a<\/span> \u010dovek dosti\u017ee potpunu postojanost.<\/p>\n<p>&nbsp;<\/p>\n<p><span style=\"color: #993300;\"><em>Samjamom<\/em> na blistanje svestlosti<\/span> ( <em>jyotisi<\/em> ) <span style=\"color: #993300;\">u temenu glave<\/span>, \u010dovek je sposoban da stupi i kontakt sa njegovim majstorom, sa psihi\u010dkim ili vanzemaljskim bi\u0107ima.<\/p>\n<p>&nbsp;<\/p>\n<p>Jednom <em>sidiju<\/em> (neko ko poseduje okultne mo\u0107i), koji je ve\u0107 dostigao visoko stanje pro\u010di\u0161\u0107enja uma ni\u0161ta vi\u0161e ne\u0107e biti nepoznato i takva osoba mo\u017ee do\u017eiveti prosvetljenje i bez obavljanja drugih Samjama.<\/p>\n<p>&nbsp;<\/p>\n<p><em>\u00a0<span style=\"color: #993300;\">Samjamom<\/span><\/em><span style=\"color: #993300;\"> na srce<\/span>, \u010dovek dosti\u017ee znanje o onome \u0161to um sadr\u017ei.<\/p>\n<p>&nbsp;<\/p>\n<p>\u010covek mo\u017ee da do\u017eivi znanje o svom Bi\u0107u samo onda kada je u stanju da odvoji iskustvo radosti (koje ima blagu, satvi\u010dku snagu prirode), od <em>Atmana<\/em> (pravo, istinsko Bi\u0107e, du\u0161a u njenoj naj\u010distijoj, besmrtnoj su\u0161tini) ili od <em>Puru\u0161e<\/em> (kada pro\u017eima samo telo).\u00a0 Samo onda kada \u010dovek mo\u017ee da se distancira \u010dak i od refleksije istinitog Bi\u0107a koje je jo\u0161 uvek zemaljsko, \u010dovek mo\u017ee da postane i sam <em>radost \u010diste du\u0161e<\/em>.<\/p>\n<p>Ova radost bez vezivanja vodi do spontanog iskustva visoke svetlosti, iluminacije, koja transcendentuje (uzdi\u017ee na vi\u0161i nivo, menja, uzdi\u017ee na nivo koji prevazilazi obi\u010dno iskustvo) \u010dulo sluha, dodira, vida, ukusa i mirisa do nadljudskog.<\/p>\n<p>Ukoliko su jo\u0161 uvek zemaljske, \u010dak i ove snage mogu biti prepreka za najvi\u0161u transformaciju.<\/p>\n<p>\u010cak i Sidiji \u017eive u umu.<\/p>\n<p>&nbsp;<\/p>\n<p>Tako, kada je i sam um odvojen \u010dak i od njegovih mo\u0107i, tada postoji mogu\u0107nost za pravo oslobo\u0111enje (<em>kaivalya moksha<\/em> ).<\/p>\n<p>Stanje u kome um &#8220;nije nigde&#8221; zove se <em>nirmal sthiti,<\/em> produ\u017eeno stanje bez misli u njegovoj najvi\u0161oj \u010disto\u0107i.<\/p>\n<p>&nbsp;<\/p>\n<p>Oslobo\u0111ena du\u0161a koja je jo\u0161 uvek u \u017eivotu zove se \u0110ivanmukti (<em>Jivanmukti\u00a0<\/em>). (ovaj pojam ne treba me\u0161ati sa sli\u010dno markiranim stilom telesne joge nastaloj u Americi).<\/p>\n[\/vc_column_text][\/vc_column][\/vc_row]\n","protected":false},"excerpt":{"rendered":"<p>[vc_row][vc_column][vc_custom_heading text=&#8221;Mo\u0107i koje dolaze nakon \u0161to je postignut ni\u017ei nivo Samadija&#8221; font_container=&#8221;tag:h2|text_align:center|color:%231ba2b7&#8243; google_fonts=&#8221;font_family:Ubuntu%3A300%2C300italic%2Cregular%2Citalic%2C500%2C500italic%2C700%2C700italic|font_style:300%20light%20italic%3A300%3Aitalic&#8221;][\/vc_column][\/vc_row][vc_row][vc_column][vc_column_text]<br \/>\nVi\u0161e mo\u0107i svesti<\/p>\n<p>&nbsp;<br \/>\nSa dostignu\u0107em ni\u017eeg nivoa Samadija dolaze i razne okultne-jogi\u010dke-psihi\u010dke mo\u0107i ( siddhi ). To su vi\u0161e mo\u0107i svesti.<br \/>\n&nbsp;<br \/>\nJoga Sutra daje obja\u0161njenje ovih mo\u0107i. Samjama, koja je i praksa i iskustvo sva tri stanja, koncentracije, meditacije i Samadija dovodi \u010dovekovu svest do vi\u0161ih znanja. Samjamu, Joga Sutra opisuje u tre\u0107em poglavlju.<br \/>\nNa ovoj stranici tuma\u010dimo Sutre (aforizme, sutra zna\u010di &#8220;nit&#8221;) 3.17 &#8230;<\/p>\n","protected":false},"author":1,"featured_media":0,"parent":0,"menu_order":0,"comment_status":"closed","ping_status":"closed","template":"template-full-width.php","meta":{"_bbp_topic_count":0,"_bbp_reply_count":0,"_bbp_total_topic_count":0,"_bbp_total_reply_count":0,"_bbp_voice_count":0,"_bbp_anonymous_reply_count":0,"_bbp_topic_count_hidden":0,"_bbp_reply_count_hidden":0,"_bbp_forum_subforum_count":0,"inline_featured_image":false,"spay_email":""},"translation":{"provider":"WPGlobus","version":"3.0.1","language":"sr","enabled_languages":["en","de","sr"],"languages":{"en":{"title":true,"content":true,"excerpt":false},"de":{"title":true,"content":true,"excerpt":false},"sr":{"title":true,"content":true,"excerpt":false}}},"yoast_head":"<!-- This site is optimized with the Yoast SEO plugin v18.3 - https:\/\/yoast.com\/wordpress\/plugins\/seo\/ -->\n<title>Vi\u0161e mo\u0107i svesti, samjama i rezultat samjame - Lepota promene<\/title>\n<meta name=\"description\" content=\"Vi\u0161e mo\u0107i svesti. \u0160ta se de\u0161ava posle naprednog praktikovanja i iskustva koncentracije, meditacije i Samadija. Ko je \u0110ivanmukti (Jivanmukti)?\" \/>\n<meta name=\"robots\" content=\"index, follow, max-snippet:-1, max-image-preview:large, max-video-preview:-1\" \/>\n<link rel=\"canonical\" href=\"https:\/\/yogajagat.com\/the-higher-powers-of-consciousness\/\" \/>\n<meta name=\"twitter:label1\" content=\"Est. reading time\" \/>\n\t<meta name=\"twitter:data1\" content=\"13 minutes\" \/>\n<script type=\"application\/ld+json\" class=\"yoast-schema-graph\">{\"@context\":\"https:\/\/schema.org\",\"@graph\":[{\"@type\":\"Organization\",\"@id\":\"https:\/\/yogajagat.com\/#organization\",\"name\":\"Yogajagat\",\"url\":\"https:\/\/yogajagat.com\/\",\"sameAs\":[],\"logo\":{\"@type\":\"ImageObject\",\"@id\":\"https:\/\/yogajagat.com\/#logo\",\"inLanguage\":\"sr\",\"url\":\"https:\/\/i1.wp.com\/yogajagat.com\/wp-content\/uploads\/2019\/03\/DSC08478-Kopie-1.jpg?fit=798%2C800&ssl=1\",\"contentUrl\":\"https:\/\/i1.wp.com\/yogajagat.com\/wp-content\/uploads\/2019\/03\/DSC08478-Kopie-1.jpg?fit=798%2C800&ssl=1\",\"width\":798,\"height\":800,\"caption\":\"Yogajagat\"},\"image\":{\"@id\":\"https:\/\/yogajagat.com\/#logo\"}},{\"@type\":\"WebSite\",\"@id\":\"https:\/\/yogajagat.com\/#website\",\"url\":\"https:\/\/yogajagat.com\/\",\"name\":\"Lepota promene\",\"description\":\"Neprestanom promenom do najlepseg zivotnog iskustva\",\"publisher\":{\"@id\":\"https:\/\/yogajagat.com\/#organization\"},\"potentialAction\":[{\"@type\":\"SearchAction\",\"target\":{\"@type\":\"EntryPoint\",\"urlTemplate\":\"https:\/\/yogajagat.com\/?s={search_term_string}\"},\"query-input\":\"required name=search_term_string\"}],\"inLanguage\":\"sr\"},{\"@type\":\"WebPage\",\"@id\":\"https:\/\/yogajagat.com\/the-higher-powers-of-consciousness\/#webpage\",\"url\":\"https:\/\/yogajagat.com\/the-higher-powers-of-consciousness\/\",\"name\":\"Vi\u0161e mo\u0107i svesti, samjama i rezultat samjame - Lepota promene\",\"isPartOf\":{\"@id\":\"https:\/\/yogajagat.com\/#website\"},\"datePublished\":\"2019-03-07T23:37:50+00:00\",\"dateModified\":\"2020-06-16T10:40:37+00:00\",\"description\":\"Vi\u0161e mo\u0107i svesti. \u0160ta se de\u0161ava posle naprednog praktikovanja i iskustva koncentracije, meditacije i Samadija. Ko je \u0110ivanmukti (Jivanmukti)?\",\"breadcrumb\":{\"@id\":\"https:\/\/yogajagat.com\/the-higher-powers-of-consciousness\/#breadcrumb\"},\"inLanguage\":\"sr\",\"potentialAction\":[{\"@type\":\"ReadAction\",\"target\":[\"https:\/\/yogajagat.com\/the-higher-powers-of-consciousness\/\"]}]},{\"@type\":\"BreadcrumbList\",\"@id\":\"https:\/\/yogajagat.com\/the-higher-powers-of-consciousness\/#breadcrumb\",\"itemListElement\":[{\"@type\":\"ListItem\",\"position\":1,\"name\":\"Home\",\"item\":\"https:\/\/yogajagat.com\/sr\/\"},{\"@type\":\"ListItem\",\"position\":2,\"name\":\"The Higher Powers Of Consciousness\"}]}]}<\/script>\n<!-- \/ Yoast SEO plugin. -->","yoast_head_json":{"title":"Vi\u0161e mo\u0107i svesti, samjama i rezultat samjame - Lepota promene","description":"Vi\u0161e mo\u0107i svesti. \u0160ta se de\u0161ava posle naprednog praktikovanja i iskustva koncentracije, meditacije i Samadija. Ko je \u0110ivanmukti (Jivanmukti)?","robots":{"index":"index","follow":"follow","max-snippet":"max-snippet:-1","max-image-preview":"max-image-preview:large","max-video-preview":"max-video-preview:-1"},"canonical":"https:\/\/yogajagat.com\/the-higher-powers-of-consciousness\/","twitter_misc":{"Est. reading time":"13 minutes"},"schema":{"@context":"https:\/\/schema.org","@graph":[{"@type":"Organization","@id":"https:\/\/yogajagat.com\/#organization","name":"Yogajagat","url":"https:\/\/yogajagat.com\/","sameAs":[],"logo":{"@type":"ImageObject","@id":"https:\/\/yogajagat.com\/#logo","inLanguage":"sr","url":"https:\/\/i1.wp.com\/yogajagat.com\/wp-content\/uploads\/2019\/03\/DSC08478-Kopie-1.jpg?fit=798%2C800&ssl=1","contentUrl":"https:\/\/i1.wp.com\/yogajagat.com\/wp-content\/uploads\/2019\/03\/DSC08478-Kopie-1.jpg?fit=798%2C800&ssl=1","width":798,"height":800,"caption":"Yogajagat"},"image":{"@id":"https:\/\/yogajagat.com\/#logo"}},{"@type":"WebSite","@id":"https:\/\/yogajagat.com\/#website","url":"https:\/\/yogajagat.com\/","name":"Lepota promene","description":"Neprestanom promenom do najlepseg zivotnog iskustva","publisher":{"@id":"https:\/\/yogajagat.com\/#organization"},"potentialAction":[{"@type":"SearchAction","target":{"@type":"EntryPoint","urlTemplate":"https:\/\/yogajagat.com\/?s={search_term_string}"},"query-input":"required name=search_term_string"}],"inLanguage":"sr"},{"@type":"WebPage","@id":"https:\/\/yogajagat.com\/the-higher-powers-of-consciousness\/#webpage","url":"https:\/\/yogajagat.com\/the-higher-powers-of-consciousness\/","name":"Vi\u0161e mo\u0107i svesti, samjama i rezultat samjame - Lepota promene","isPartOf":{"@id":"https:\/\/yogajagat.com\/#website"},"datePublished":"2019-03-07T23:37:50+00:00","dateModified":"2020-06-16T10:40:37+00:00","description":"Vi\u0161e mo\u0107i svesti. \u0160ta se de\u0161ava posle naprednog praktikovanja i iskustva koncentracije, meditacije i Samadija. Ko je \u0110ivanmukti (Jivanmukti)?","breadcrumb":{"@id":"https:\/\/yogajagat.com\/the-higher-powers-of-consciousness\/#breadcrumb"},"inLanguage":"sr","potentialAction":[{"@type":"ReadAction","target":["https:\/\/yogajagat.com\/the-higher-powers-of-consciousness\/"]}]},{"@type":"BreadcrumbList","@id":"https:\/\/yogajagat.com\/the-higher-powers-of-consciousness\/#breadcrumb","itemListElement":[{"@type":"ListItem","position":1,"name":"Home","item":"https:\/\/yogajagat.com\/sr\/"},{"@type":"ListItem","position":2,"name":"The Higher Powers Of Consciousness"}]}]}},"_links":{"self":[{"href":"https:\/\/yogajagat.com\/sr\/wp-json\/wp\/v2\/pages\/2527"}],"collection":[{"href":"https:\/\/yogajagat.com\/sr\/wp-json\/wp\/v2\/pages"}],"about":[{"href":"https:\/\/yogajagat.com\/sr\/wp-json\/wp\/v2\/types\/page"}],"author":[{"embeddable":true,"href":"https:\/\/yogajagat.com\/sr\/wp-json\/wp\/v2\/users\/1"}],"replies":[{"embeddable":true,"href":"https:\/\/yogajagat.com\/sr\/wp-json\/wp\/v2\/comments?post=2527"}],"version-history":[{"count":18,"href":"https:\/\/yogajagat.com\/sr\/wp-json\/wp\/v2\/pages\/2527\/revisions"}],"predecessor-version":[{"id":5941,"href":"https:\/\/yogajagat.com\/sr\/wp-json\/wp\/v2\/pages\/2527\/revisions\/5941"}],"wp:attachment":[{"href":"https:\/\/yogajagat.com\/sr\/wp-json\/wp\/v2\/media?parent=2527"}],"curies":[{"name":"wp","href":"https:\/\/api.w.org\/{rel}","templated":true}]}}