{"id":2521,"date":"2019-03-08T00:34:53","date_gmt":"2019-03-07T23:34:53","guid":{"rendered":"http:\/\/yogajagat.com\/?page_id=2521"},"modified":"2020-06-16T00:49:24","modified_gmt":"2020-06-15T22:49:24","slug":"higher-transformations-of-consciousness","status":"publish","type":"page","link":"https:\/\/yogajagat.com\/sr\/visa-transformacija-svesti-stadijumi-samadija\/","title":{"rendered":"Vi\u0161a transformacija svesti, stadijumi Samadija"},"content":{"rendered":"[vc_row][vc_column][vc_custom_heading text=&#8221;Stadijumi samadija&#8221; font_container=&#8221;tag:h2|text_align:center|color:%231ba2b7&#8243; google_fonts=&#8221;font_family:Ubuntu%3A300%2C300italic%2Cregular%2Citalic%2C500%2C500italic%2C700%2C700italic|font_style:300%20light%20italic%3A300%3Aitalic&#8221;][\/vc_column][\/vc_row][vc_row][vc_column][vc_column_text]\n<h3><\/h3>\n<h3><\/h3>\n<h3 style=\"text-align: center;\"><span style=\"color: #993300;\">Vi\u0161a transformacija svesti<\/span><\/h3>\n<hr \/>\n<p>&nbsp;<\/p>\n<p>Po onim osobama koje su do\u017eivele stanje potpunog stapanja znanja u njegovoj puno\u0107i, \u010dak i stanje Samadija, koje je i samo ve\u0107 vi\u0161a transformacija svesti, ima razli\u010dite stadijume.<\/p>\n<p>Praktikovanje<a href=\"https:\/\/yogajagat.com\/sr\/koncentracija-korisno-odvajanje-uma-od-bure-darana\/\"><span style=\"color: #993300;\"> koncentracije<\/span><\/a>, <a href=\"https:\/\/yogajagat.com\/sr\/meditacija-o-meditaciji-kao-stanju-duha\/\"><span style=\"color: #993300;\">meditacije<\/span><\/a> i <a href=\"https:\/\/yogajagat.com\/sr\/samadi-sta-se-desava-u-stanju-samadija\/\"><span style=\"color: #993300;\">upijanja<\/span><\/a> vodi (mo\u017ee da dovede) do najvi\u0161eg stanja stapanja svega, do <em>nirvikalpa samadi<\/em> . Ovo stanje svesti i uma je opisano kao ni\u017ee stanje Samadija.<\/p>\n<p>\u010cak i u ovom stanju koje je po prirodi jedinstveno, ljudski um mo\u017ee da se izgubi u preterivanju i la\u017enoj identifikaciji.<\/p>\n<p>\u010cak i u plodovima <a href=\"https:\/\/yogajagat.com\/sr\/ujedinjenje-jedinstvo-dna-joga\/\"><span style=\"color: #800080;\">Joge<\/span><\/a> ima zabranjenog vo\u0107a.<\/p>\n[\/vc_column_text][\/vc_column][\/vc_row][vc_row][vc_column][vc_custom_heading text=&#8221;U \u010demu su razlike&#8221; font_container=&#8221;tag:h2|text_align:center|color:%231ba2b7&#8243; google_fonts=&#8221;font_family:Ubuntu%3A300%2C300italic%2Cregular%2Citalic%2C500%2C500italic%2C700%2C700italic|font_style:300%20light%20italic%3A300%3Aitalic&#8221;][\/vc_column][\/vc_row][vc_row][vc_column][vc_column_text]\n<hr \/>\n<p>&nbsp;<\/p>\n<p>U stanju najvi\u0161eg <em>upijanja<\/em>, ose\u0107aj ja-sam (egoizam) i njegov narcisti\u010dki brat-ose\u0107aj egotizam, vi\u0161e ne postoje.<\/p>\n<p>Kao \u0161to o\u010di nisu \u010dulo za sebe ve\u0107 su alati \u010dula tako je i um (gde \u017eivi razum) samo alat krajnjem, intuitivnom znanju.<\/p>\n<p>Prakti\u010dni (ne teoretski) jogi ne vidi razliku izme\u0111u gomile zlata i gomile bu\u0111avog drveta. On ima uravnote\u017eeno pona\u0161anje i njegov \u017eivot nema poljuljanih promenjivih raspolo\u017eenja. Kada je jednom do\u017eiveo veli\u010dinu i \u010distotu, takav jogi \u0107e biti odvojen od prose\u010dnosti.<\/p>\n<p>Me\u0111utim, takva najvi\u0161a transformacija nije mogu\u0107a bez masivnog predznanja \u0161to zna\u010di iskustva.<\/p>\n[\/vc_column_text][\/vc_column][\/vc_row][vc_row][vc_column][vc_cta h2=&#8221;&#8221;]<span style=\"color: #993300;\">&#8220;Dovedite psihi\u010dko bi\u0107e napred i zadr\u017eite ga tamo, stavljaju\u0107i njegovu snagu na um, vitalno i fizi\u010dki, tako da \u0107e komunicirati sa njim prenose\u0107i svoju snagu te\u017enje ka jednom cilju, poverenja, vere, pokornosti, direktnog i neposrednog otkrivanja bilo \u010dega \u0161to je u prirodi pogre\u0161no i \u0161to je okrenuto ka egu i zabludi, i daleko od Svetlosti i istine.<\/span><\/p>\n<p><span style=\"color: #993300;\">Elimini\u0161ite egoizam u svim njegovim oblicima; elimini\u0161ite ga iz svakog pokreta u va\u0161oj svesti. &#8220;<\/span><\/p>\n<p><span style=\"color: #993300;\">-\u0160ri Aurobindo, &#8220;Preparation for the Supramental Change&#8221;<\/span>[\/vc_cta][\/vc_column][\/vc_row][vc_row][vc_column][vc_column_text]Uprkos \u010ditavom mentalnom trudu, samo dobro oplo\u0111eno zemlji\u0161te mo\u017ee izroditi visoko transformisani um.\u00a0 Ova transformacija (upijanje) je uprkos svom trudu data milo\u0161\u0107u ili mo\u0107ima koje su mnogo ve\u0107e od na\u0161eg malog bi\u0107a, bilo da ove mo\u0107i dolaze od zemaljskih ili vanzemaljskih duhova.<\/p>\n<p>&nbsp;<\/p>\n<p>Ako je data, ova transformacija se ne mo\u017ee potisnuti nijednim trudom svejedno bio on unutra\u0161nji ili spolja\u0161nji.<\/p>\n[\/vc_column_text][\/vc_column][\/vc_row][vc_row][vc_column][vc_custom_heading text=&#8221;Prirodni pristup vi\u0161im nivoima znanja&#8221; font_container=&#8221;tag:h2|text_align:center|color:%231ba2b7&#8243; google_fonts=&#8221;font_family:Ubuntu%3A300%2C300italic%2Cregular%2Citalic%2C500%2C500italic%2C700%2C700italic|font_style:300%20light%20italic%3A300%3Aitalic&#8221;][\/vc_column][\/vc_row][vc_row][vc_column][vc_column_text]\n<hr \/>\n<p>&nbsp;<\/p>\n<p>Neki ljudi poseduju prirodni pristup bogatom, nesvesnom toku znanja. Ovi ljudi mogu dosti\u0107i vrlo visoke nivoe energije i bez praktikovanja Joge.<\/p>\n<p>Ipak, ovakvi ljudi su na Zemlji retki.[\/vc_column_text][\/vc_column][\/vc_row][vc_row][vc_column][vc_cta h2=&#8221;&#8221;]&#8221;Uverenje Istine proizlazi iz razmi\u0161ljanja o korisnom savetu mudraca a ne kupanjem u svetim vodama, niti poklonima, niti stotinama Pranajama (kontrola vitalnih snaga).&#8221;<\/p>\n<p>&#8211; Adi \u0160ankara\u010darja, Vivekachudamani[\/vc_cta][\/vc_column][\/vc_row][vc_row][vc_column][vc_column_text]Tri <em>gune<\/em> ili tri razli\u010dite mo\u0107i koje se jo\u0161 zovu i kvaliteti prirode su u ovom stanju transformisane. Kao \u0161to ustvari nema dobrih ili lo\u0161ih ljudi tako nema ni dobrih ili lo\u0161ih guna.<\/p>\n<p>Ima samo dobrih i lo\u0161ih dela ljudi, i dobrih i lo\u0161ih izra\u017eavanja njihovih snaga.<\/p>\n<p><a href=\"https:\/\/yogajagat.com\/sr\/dobrota-i-plemenitost-najveci-ljudski-darovi\/\"><span style=\"color: #993300;\">Dobrota<\/span><\/a> nije neprirodna, dobrota je \u010doveku data ro\u0111enjem. Ima samo nesvesnih i svesnih ljudi, ne zaista dobrih ili lo\u0161ih.<\/p>\n<p>Svesne (osve\u0161\u0107ene i probu\u0111ene) osobe \u010dine dobra dela a nesvesne lo\u0161a. Oni koji \u010dine lo\u0161a dela \u017eive u samici svojih strahova. Strahova da vole, da budu voljeni, da <em>budu<\/em>.<\/p>\n<p>&nbsp;<\/p>\n[\/vc_column_text][\/vc_column][\/vc_row][vc_row][vc_column][vc_custom_heading text=&#8221;Radi se o Iskustvu&#8221; font_container=&#8221;tag:h2|text_align:center|color:%231ba2b7&#8243; google_fonts=&#8221;font_family:Ubuntu%3A300%2C300italic%2Cregular%2Citalic%2C500%2C500italic%2C700%2C700italic|font_style:300%20light%20italic%3A300%3Aitalic&#8221;][\/vc_column][\/vc_row][vc_row][vc_column][vc_column_text]\n<hr \/>\n<p>&nbsp;<\/p>\n<p><a href=\"https:\/\/yogajagat.com\/sr\/spoznaj-sebe-joga-sutra-detaljni-vodic\/\"><span style=\"color: #993300;\">Joga Sutra<\/span> <\/a>nije pretpostavka. Ove &#8220;niti&#8221; su (najverovatnije) sastavljene od <span style=\"color: #993300;\">Patan\u0111alija<\/span>\u00a0ali su ovi aforizmi bazirani na iskustvima starih hindusa mudraca koji su dostigli znanje o prostoru, vremenu i svesti.<\/p>\n<p>Ovi stari mudraci dostigli su i opisali stanje <em>krajnje Istine, <\/em>ili\u00a0vi\u0161a transformacija svesti,\u00a0u vremenu kada nije bilo modernih intrumenata koji bi merili bilo koje od njihovih iskustava.<\/p>\n<p>Prvi aforizam u Joga Sutri ka\u017ee:[\/vc_column_text][\/vc_column][\/vc_row][vc_row][vc_column][vc_cta h2=&#8221;Joga Sutra 1.1:&#8221; color=&#8221;turquoise&#8221;]Joga je kontrola talasa misli u umu.[\/vc_cta][\/vc_column][\/vc_row][vc_row][vc_column][vc_cta h2=&#8221;Joga Sutra 3.9:&#8221; color=&#8221;turquoise&#8221;]Kontrola talasa misli u umu se posti\u017ee onda kada je vizija ni\u017eeg Samadija potisnuta bilo kojom aktivno\u0161\u0107u svesne kontrole tako da vi\u0161e nema bilo kojih misli ili vizija u umu.[\/vc_cta][\/vc_column][\/vc_row][vc_row][vc_column][vc_column_text]Sutre 3.10-15 ka\u017eu da se gruba materija, kao \u0161to su telo i organi \u010dula, transformi\u0161e u finiju materiju oblika, vremena, uslova.<\/p>\n<p>&nbsp;<\/p>\n<p>Primer iz svakodnevnog \u017eivota za ova promenu materijala, ili razumevanje promene sr\u017ei, je primer iskustvo jednog umetnika. Jednom umetniku ovo \u0107e biti vrlo dobro razumljivo.<\/p>\n<p>Umetnik \u0107e u ruke uzeti glinu i vodu (koje su grube materije) i za neko vreme \u0107e od te gomile smese nastati jedna nova forma.<\/p>\n<p>\u017dele\u0107i da napravi pauzu u njegovom stvaranju, mo\u017eda da sebi prinese \u0161olju \u010daja, bilo \u0161ta, nesre\u0107no \u0107e sru\u0161iti njegovo delo koje \u0107e u sekundi postati ne remek delo nego gomila pra\u0161njave gline ba\u0161 kao \u0161to je bila nego \u0161to je poprimila svoj novi oblik.<\/p>\n<p>To zna\u010di da sr\u017e ostaje ista ali tokom vremena uzima druga\u010dije oblike. U pogledu stepena uspe\u0161nosti, ovaj proces bi se zvao <em>evolucija<\/em>.<\/p>\n<p>Primer gline mo\u017ee se primeniti na svest i njenu evoluciju.[\/vc_column_text][\/vc_column][\/vc_row][vc_row][vc_column][vc_cta h2=&#8221;Joga Sutra 3.16:&#8221; color=&#8221;turquoise&#8221;]Ako neko uradi ispravnu Samjamu na ove tri vrste transformacije (<em>koncentracija, meditacija i Samadi\u00a0<\/em>), on dosti\u017ee znanje o pro\u0161losti i budu\u0107nosti.[\/vc_cta][\/vc_column][\/vc_row][vc_row][vc_column][vc_column_text]<img loading=\"lazy\" class=\"aligncenter size-full wp-image-4314\" src=\"https:\/\/i2.wp.com\/yogajagat.com\/wp-content\/uploads\/2020\/01\/DSC08044.jpg?resize=640%2C480\" alt=\"vi\u0161a transformacija svesti\" width=\"640\" height=\"480\" srcset=\"https:\/\/i2.wp.com\/yogajagat.com\/wp-content\/uploads\/2020\/01\/DSC08044.jpg?w=640&amp;ssl=1 640w, https:\/\/i2.wp.com\/yogajagat.com\/wp-content\/uploads\/2020\/01\/DSC08044.jpg?resize=300%2C225&amp;ssl=1 300w\" sizes=\"(max-width: 640px) 100vw, 640px\" data-recalc-dims=\"1\" \/>[\/vc_column_text][\/vc_column][\/vc_row]\n","protected":false},"excerpt":{"rendered":"<p>[vc_row][vc_column][vc_custom_heading text=&#8221;Stadijumi samadija&#8221; font_container=&#8221;tag:h2|text_align:center|color:%231ba2b7&#8243; google_fonts=&#8221;font_family:Ubuntu%3A300%2C300italic%2Cregular%2Citalic%2C500%2C500italic%2C700%2C700italic|font_style:300%20light%20italic%3A300%3Aitalic&#8221;][\/vc_column][\/vc_row][vc_row][vc_column][vc_column_text]<\/p>\n<p>\nVi\u0161a transformacija svesti<\/p>\n<p>&nbsp;<br \/>\nPo onim osobama koje su do\u017eivele stanje potpunog stapanja znanja u njegovoj puno\u0107i, \u010dak i stanje Samadija, koje je i samo ve\u0107 vi\u0161a transformacija svesti, ima razli\u010dite stadijume.<br \/>\nPraktikovanje koncentracije, meditacije i upijanja vodi (mo\u017ee da dovede) do najvi\u0161eg stanja stapanja svega, do nirvikalpa samadi . Ovo stanje svesti i uma je opisano kao ni\u017ee stanje Samadija.<br \/>\n\u010cak i u ovom stanju koje je po prirodi jedinstveno, ljudski &#8230;<\/p>\n","protected":false},"author":1,"featured_media":0,"parent":0,"menu_order":0,"comment_status":"closed","ping_status":"closed","template":"template-full-width.php","meta":{"_bbp_topic_count":0,"_bbp_reply_count":0,"_bbp_total_topic_count":0,"_bbp_total_reply_count":0,"_bbp_voice_count":0,"_bbp_anonymous_reply_count":0,"_bbp_topic_count_hidden":0,"_bbp_reply_count_hidden":0,"_bbp_forum_subforum_count":0,"inline_featured_image":false,"spay_email":""},"translation":{"provider":"WPGlobus","version":"3.0.1","language":"sr","enabled_languages":["en","de","sr"],"languages":{"en":{"title":true,"content":true,"excerpt":false},"de":{"title":true,"content":true,"excerpt":false},"sr":{"title":true,"content":true,"excerpt":false}}},"yoast_head":"<!-- This site is optimized with the Yoast SEO plugin v18.3 - https:\/\/yoast.com\/wordpress\/plugins\/seo\/ -->\n<title>Vi\u0161a transformacija svesti, stadijumi Samadija - Lepota promene<\/title>\n<meta name=\"description\" content=\"Vi\u0161a transformacija svesti. Tri stadijuma Samadija. Nirvikalpa Samadi. Milost i mo\u0107 zemaljskih i vanzemaljskih duhova? Iskustvo vi\u0161e transformacije svesti.\" \/>\n<meta name=\"robots\" content=\"index, follow, max-snippet:-1, max-image-preview:large, max-video-preview:-1\" \/>\n<link rel=\"canonical\" href=\"https:\/\/yogajagat.com\/higher-transformations-of-consciousness\/\" \/>\n<meta name=\"twitter:label1\" content=\"Est. reading time\" \/>\n\t<meta name=\"twitter:data1\" content=\"19 minutes\" \/>\n<script type=\"application\/ld+json\" class=\"yoast-schema-graph\">{\"@context\":\"https:\/\/schema.org\",\"@graph\":[{\"@type\":\"Organization\",\"@id\":\"https:\/\/yogajagat.com\/#organization\",\"name\":\"Yogajagat\",\"url\":\"https:\/\/yogajagat.com\/\",\"sameAs\":[],\"logo\":{\"@type\":\"ImageObject\",\"@id\":\"https:\/\/yogajagat.com\/#logo\",\"inLanguage\":\"sr\",\"url\":\"https:\/\/i1.wp.com\/yogajagat.com\/wp-content\/uploads\/2019\/03\/DSC08478-Kopie-1.jpg?fit=798%2C800&ssl=1\",\"contentUrl\":\"https:\/\/i1.wp.com\/yogajagat.com\/wp-content\/uploads\/2019\/03\/DSC08478-Kopie-1.jpg?fit=798%2C800&ssl=1\",\"width\":798,\"height\":800,\"caption\":\"Yogajagat\"},\"image\":{\"@id\":\"https:\/\/yogajagat.com\/#logo\"}},{\"@type\":\"WebSite\",\"@id\":\"https:\/\/yogajagat.com\/#website\",\"url\":\"https:\/\/yogajagat.com\/\",\"name\":\"Lepota promene\",\"description\":\"Neprestanom promenom do najlepseg zivotnog iskustva\",\"publisher\":{\"@id\":\"https:\/\/yogajagat.com\/#organization\"},\"potentialAction\":[{\"@type\":\"SearchAction\",\"target\":{\"@type\":\"EntryPoint\",\"urlTemplate\":\"https:\/\/yogajagat.com\/?s={search_term_string}\"},\"query-input\":\"required name=search_term_string\"}],\"inLanguage\":\"sr\"},{\"@type\":\"ImageObject\",\"@id\":\"https:\/\/yogajagat.com\/higher-transformations-of-consciousness\/#primaryimage\",\"inLanguage\":\"sr\",\"url\":\"http:\/\/yogajagat.com\/wp-content\/uploads\/2020\/01\/DSC08037.jpg\",\"contentUrl\":\"http:\/\/yogajagat.com\/wp-content\/uploads\/2020\/01\/DSC08037.jpg\"},{\"@type\":\"WebPage\",\"@id\":\"https:\/\/yogajagat.com\/higher-transformations-of-consciousness\/#webpage\",\"url\":\"https:\/\/yogajagat.com\/higher-transformations-of-consciousness\/\",\"name\":\"Vi\u0161a transformacija svesti, stadijumi Samadija - Lepota promene\",\"isPartOf\":{\"@id\":\"https:\/\/yogajagat.com\/#website\"},\"primaryImageOfPage\":{\"@id\":\"https:\/\/yogajagat.com\/higher-transformations-of-consciousness\/#primaryimage\"},\"datePublished\":\"2019-03-07T23:34:53+00:00\",\"dateModified\":\"2020-06-15T22:49:24+00:00\",\"description\":\"Vi\u0161a transformacija svesti. Tri stadijuma Samadija. Nirvikalpa Samadi. Milost i mo\u0107 zemaljskih i vanzemaljskih duhova? Iskustvo vi\u0161e transformacije svesti.\",\"breadcrumb\":{\"@id\":\"https:\/\/yogajagat.com\/higher-transformations-of-consciousness\/#breadcrumb\"},\"inLanguage\":\"sr\",\"potentialAction\":[{\"@type\":\"ReadAction\",\"target\":[\"https:\/\/yogajagat.com\/higher-transformations-of-consciousness\/\"]}]},{\"@type\":\"BreadcrumbList\",\"@id\":\"https:\/\/yogajagat.com\/higher-transformations-of-consciousness\/#breadcrumb\",\"itemListElement\":[{\"@type\":\"ListItem\",\"position\":1,\"name\":\"Home\",\"item\":\"https:\/\/yogajagat.com\/sr\/\"},{\"@type\":\"ListItem\",\"position\":2,\"name\":\"Higher Transformations of Consciousness\"}]}]}<\/script>\n<!-- \/ Yoast SEO plugin. -->","yoast_head_json":{"title":"Vi\u0161a transformacija svesti, stadijumi Samadija - Lepota promene","description":"Vi\u0161a transformacija svesti. Tri stadijuma Samadija. Nirvikalpa Samadi. Milost i mo\u0107 zemaljskih i vanzemaljskih duhova? Iskustvo vi\u0161e transformacije svesti.","robots":{"index":"index","follow":"follow","max-snippet":"max-snippet:-1","max-image-preview":"max-image-preview:large","max-video-preview":"max-video-preview:-1"},"canonical":"https:\/\/yogajagat.com\/higher-transformations-of-consciousness\/","twitter_misc":{"Est. reading time":"19 minutes"},"schema":{"@context":"https:\/\/schema.org","@graph":[{"@type":"Organization","@id":"https:\/\/yogajagat.com\/#organization","name":"Yogajagat","url":"https:\/\/yogajagat.com\/","sameAs":[],"logo":{"@type":"ImageObject","@id":"https:\/\/yogajagat.com\/#logo","inLanguage":"sr","url":"https:\/\/i1.wp.com\/yogajagat.com\/wp-content\/uploads\/2019\/03\/DSC08478-Kopie-1.jpg?fit=798%2C800&ssl=1","contentUrl":"https:\/\/i1.wp.com\/yogajagat.com\/wp-content\/uploads\/2019\/03\/DSC08478-Kopie-1.jpg?fit=798%2C800&ssl=1","width":798,"height":800,"caption":"Yogajagat"},"image":{"@id":"https:\/\/yogajagat.com\/#logo"}},{"@type":"WebSite","@id":"https:\/\/yogajagat.com\/#website","url":"https:\/\/yogajagat.com\/","name":"Lepota promene","description":"Neprestanom promenom do najlepseg zivotnog iskustva","publisher":{"@id":"https:\/\/yogajagat.com\/#organization"},"potentialAction":[{"@type":"SearchAction","target":{"@type":"EntryPoint","urlTemplate":"https:\/\/yogajagat.com\/?s={search_term_string}"},"query-input":"required name=search_term_string"}],"inLanguage":"sr"},{"@type":"ImageObject","@id":"https:\/\/yogajagat.com\/higher-transformations-of-consciousness\/#primaryimage","inLanguage":"sr","url":"http:\/\/yogajagat.com\/wp-content\/uploads\/2020\/01\/DSC08037.jpg","contentUrl":"http:\/\/yogajagat.com\/wp-content\/uploads\/2020\/01\/DSC08037.jpg"},{"@type":"WebPage","@id":"https:\/\/yogajagat.com\/higher-transformations-of-consciousness\/#webpage","url":"https:\/\/yogajagat.com\/higher-transformations-of-consciousness\/","name":"Vi\u0161a transformacija svesti, stadijumi Samadija - Lepota promene","isPartOf":{"@id":"https:\/\/yogajagat.com\/#website"},"primaryImageOfPage":{"@id":"https:\/\/yogajagat.com\/higher-transformations-of-consciousness\/#primaryimage"},"datePublished":"2019-03-07T23:34:53+00:00","dateModified":"2020-06-15T22:49:24+00:00","description":"Vi\u0161a transformacija svesti. Tri stadijuma Samadija. Nirvikalpa Samadi. Milost i mo\u0107 zemaljskih i vanzemaljskih duhova? Iskustvo vi\u0161e transformacije svesti.","breadcrumb":{"@id":"https:\/\/yogajagat.com\/higher-transformations-of-consciousness\/#breadcrumb"},"inLanguage":"sr","potentialAction":[{"@type":"ReadAction","target":["https:\/\/yogajagat.com\/higher-transformations-of-consciousness\/"]}]},{"@type":"BreadcrumbList","@id":"https:\/\/yogajagat.com\/higher-transformations-of-consciousness\/#breadcrumb","itemListElement":[{"@type":"ListItem","position":1,"name":"Home","item":"https:\/\/yogajagat.com\/sr\/"},{"@type":"ListItem","position":2,"name":"Higher Transformations of Consciousness"}]}]}},"_links":{"self":[{"href":"https:\/\/yogajagat.com\/sr\/wp-json\/wp\/v2\/pages\/2521"}],"collection":[{"href":"https:\/\/yogajagat.com\/sr\/wp-json\/wp\/v2\/pages"}],"about":[{"href":"https:\/\/yogajagat.com\/sr\/wp-json\/wp\/v2\/types\/page"}],"author":[{"embeddable":true,"href":"https:\/\/yogajagat.com\/sr\/wp-json\/wp\/v2\/users\/1"}],"replies":[{"embeddable":true,"href":"https:\/\/yogajagat.com\/sr\/wp-json\/wp\/v2\/comments?post=2521"}],"version-history":[{"count":19,"href":"https:\/\/yogajagat.com\/sr\/wp-json\/wp\/v2\/pages\/2521\/revisions"}],"predecessor-version":[{"id":5940,"href":"https:\/\/yogajagat.com\/sr\/wp-json\/wp\/v2\/pages\/2521\/revisions\/5940"}],"wp:attachment":[{"href":"https:\/\/yogajagat.com\/sr\/wp-json\/wp\/v2\/media?parent=2521"}],"curies":[{"name":"wp","href":"https:\/\/api.w.org\/{rel}","templated":true}]}}