{"id":2516,"date":"2019-03-08T00:33:27","date_gmt":"2019-03-07T23:33:27","guid":{"rendered":"http:\/\/yogajagat.com\/?page_id=2516"},"modified":"2020-06-15T15:57:28","modified_gmt":"2020-06-15T13:57:28","slug":"samadhi-what-happens-in-samadhi","status":"publish","type":"page","link":"https:\/\/yogajagat.com\/sr\/samadi-sta-se-desava-u-stanju-samadija\/","title":{"rendered":"Samadi. \u0160ta se de\u0161ava u stanju samadija"},"content":{"rendered":"[vc_row][vc_column][vc_column_text]\n<h3><\/h3>\n<h3 style=\"text-align: center;\"><span style=\"color: #993300;\">\u0160TA JE SAMADI<\/span><\/h3>\n<hr \/>\n<p>&nbsp;<\/p>\n<p><em>Samadi<\/em> je neutralno stanje stopljenog znanja u njegovoj puno\u0107i.<\/p>\n<p>&nbsp;<\/p>\n<p>U ovom stanju duboko znanje subjekta povezano je sa dubokim znanjem objekta.<\/p>\n<p>Ovde nema umnog truda niti prosu\u0111ivanja.[\/vc_column_text][\/vc_column][\/vc_row][vc_row][vc_column][vc_custom_heading text=&#8221;\u0160ta se de\u0161ava u stanju samadija&#8221; font_container=&#8221;tag:h2|text_align:center|color:%231ba2b7&#8243; google_fonts=&#8221;font_family:Ubuntu%3A300%2C300italic%2Cregular%2Citalic%2C500%2C500italic%2C700%2C700italic|font_style:300%20light%20italic%3A300%3Aitalic&#8221;][\/vc_column][\/vc_row][vc_row][vc_column][vc_column_text]\n<hr \/>\n<p>&nbsp;<\/p>\n<p>Stvari teku potpuno spontano njihovim naj\u010distijim tokovima. De\u0161ava se proboj.<\/p>\n<p>&nbsp;<\/p>\n<p>Iskustvo pro\u0161losti, sada\u0161njosti i budu\u0107nosti ujedinjeno je i spontano izra\u017eeno.<\/p>\n<p>&nbsp;<\/p>\n<p>Se\u0107anje osobe je onemogu\u0107eno i ujedinjeno sa krajnjom stvarno\u0161\u0107u.<\/p>\n<p>&nbsp;<\/p>\n<p>Opa\u017eanje je nad\u010dulno a odgovori na pitanja<em> za\u0161to, kako, gde, ko<\/em>, sti\u017eu sa lako\u0107om i perfektnom precizno\u0161\u0107u \u010distom, najvi\u0161om intuicijom.<\/p>\n<p>&nbsp;<\/p>\n<p>Osobi koja je dostigla <em>samadi<\/em> stanje stvari vi\u0161e nisu nepoznate. U umu takve osobe ideje teku spontano. Prave stvari se de\u0161avaju bez \u017eudnje ili bilo kakvog truda, sumnje i prepreka.[\/vc_column_text][\/vc_column][\/vc_row][vc_row][vc_column][vc_custom_heading text=&#8221;Znanje Jedinstva&#8221; font_container=&#8221;tag:h2|text_align:center|color:%231ba2b7&#8243; google_fonts=&#8221;font_family:Ubuntu%3A300%2C300italic%2Cregular%2Citalic%2C500%2C500italic%2C700%2C700italic|font_style:300%20light%20italic%3A300%3Aitalic&#8221;][\/vc_column][\/vc_row][vc_row][vc_column][vc_column_text]\n<hr \/>\n<p>&nbsp;<\/p>\n<p>Sa<em> \u010distom<\/em> intuicijom po\u010dinje znanje Joge.<\/p>\n<p>To je mesto gde, kako ja obi\u010dno volim da primetim, znanje moderne psihologije prestaje i gde znanje starog znanja (i stanja) Joge po\u010dinje.<\/p>\n<p>U Jogi, vodilja je intuicija\u00a0 a ne um i razum.[\/vc_column_text][\/vc_column][\/vc_row][vc_row][vc_column][vc_cta h2=&#8221;Joga Sutra 3.3:&#8221; color=&#8221;turquoise&#8221;]Kada u meditaciji prava priroda objekta zasija ispred, i kada nije iskrivljena umom posmatra\u010da, ovo je upijanje, ili samadi.<\/p>\n[\/vc_cta][\/vc_column][\/vc_row][vc_row][vc_column][vc_custom_heading text=&#8221;Tobo\u017enji Samadi&#8221; font_container=&#8221;tag:h2|text_align:center|color:%231ba2b7&#8243; google_fonts=&#8221;font_family:Ubuntu%3A300%2C300italic%2Cregular%2Citalic%2C500%2C500italic%2C700%2C700italic|font_style:300%20light%20italic%3A300%3Aitalic&#8221;][\/vc_column][\/vc_row][vc_row][vc_column][vc_column_text]\n<hr \/>\n<p>&nbsp;<\/p>\n<p>Vi\u0111ala sam ljude koji su zavisni od raznih enteogena a koji tvrde da imaju iskustvo &#8220;misti\u010dnih stanja&#8221;.<\/p>\n<p>&nbsp;<\/p>\n<p>Re\u010d <em>enteogen<\/em> dolazi iz gr\u010dkog jezika:<\/p>\n<p>\u201e<strong>\u03c4\u03bf \u03bc\u03ad\u03c3\u03bf \u03c0\u03bf\u03c5 \u03b3\u03b5\u03bd\u03bd\u03ac\/\u03c0\u03b1\u03c1\u03ac\u03b3\u03b5\u03b9\/\u03c3\u03c7\u03b7\u03bc\u03b1\u03c4\u03af\u03b6\u03b5\u03b9 (\u03c3\u2019 \u03ad\u03bd\u03b1 \u03ac\u03c4\u03bf\u03bc\u03bf) \u03c4\u03bf \u03b8\u03b5\u03af\u03bf \u03c3\u03c5\u03bd\u03b1\u03af\u03c3\u03b8\u03b7\u03bc\u03b1\u201c<\/strong><\/p>\n<p>\u0161to zna\u010di da su enteogeni &#8220;sredstva koja ra\u0111aju\/prozvode\/formiraju ose\u0107anja bo\u017eanskog (u \u010doveku)&#8221;.<\/p>\n<p>&nbsp;<\/p>\n<p>Put samadija kao i samo <em>samadi<\/em> stanje prolazi se i dosti\u017ee samo jedan jedini put u \u017eivotu i to jo\u0161 nije kraj. Zato ni marihuana, ni alkohol, ni psihodelici niti bilo koji drugi enteogeni nemaju nikakvu vrednost za put ka pravoj, krajnoj Istini. Opa\u017eanje i stvarnost osoba koje su zavisne od bilo kojih enteogena se uvek iznova vrte u uvek novi krug bez izlaza.<\/p>\n<p>Mozak zavisnika od enteogena nije dostigao ujedinjenje. Nasuprot. Da pomenem samo jedno ogromno o\u0161te\u0107enje u mozgu prouzrokovanom upotrebom droga (enteogena), alkohol. Alkohol je ektremno jaka droga (i najopasnija od svih droga iako se u masi ne priznaje kao droga) koja dospeva u pojedine delove mozga koji su normalno vrlo dobro za\u0161ti\u0107eni i koji imaju sasvim posebne funkcije u razvoju ljudskog mozga, naravno u pozitivnom smislu.<\/p>\n<p>&nbsp;<\/p>\n<p>&#8220;Trans&#8221;, &#8220;nirvana&#8221;, ili &#8220;ekstazi&#8221;, kako samonazvane oslobo\u0111ene osobe obi\u010dno opisuju njihova stanja posle uzimanje droga su stanja koja su se u su\u0161tini desila planirano, ipak nedobrovoljno. Ovakve stvari se rade ni vi\u0161e ni manje nego zbog samozadovoljenja i takav put ne vodi ka Istini. Pored toga, osoba koja je zavisna od enteogena prvo mora da zaradi (pozajmi ili za one droge sa &#8220;ekstra&#8221; dejstvima naj\u010de\u0161\u0107e ukrade) novac da bi, posle svega, dospeo u jedno potpuno nesvesno stanje. A <a href=\"https:\/\/yogajagat.com\/sr\/moral\/\"><span style=\"color: #993300;\">moral<\/span>\u00a0<\/a>u takvoj osobi \u010desto vi\u0161e i ne postoji.<\/p>\n<p>&nbsp;<\/p>\n[\/vc_column_text][\/vc_column][\/vc_row][vc_row][vc_column][vc_custom_heading text=&#8221;Kada se Samadi dogodi&#8221; font_container=&#8221;tag:h2|text_align:center|color:%231ba2b7&#8243; google_fonts=&#8221;font_family:Ubuntu%3A300%2C300italic%2Cregular%2Citalic%2C500%2C500italic%2C700%2C700italic|font_style:300%20light%20italic%3A300%3Aitalic&#8221;][\/vc_column][\/vc_row][vc_row][vc_column][vc_column_text]\n<hr \/>\n<p>&nbsp;<\/p>\n<p>Realizacija Bi\u0107a, osloba\u0111anje (<em>kaivalya moksha<\/em> ) ili neprekidan mir uma, su sve izrazi koji izra\u017eavaju stanje samadija. Ovo stanje je mogu\u0107e jedino onda kada nema vezivanja za bilo kakve grube objekte. U ovom najvi\u0161em stanju <a href=\"https:\/\/yogajagat.com\/sr\/ujedinjenje-jedinstvo-dna-joga\/\"><span style=\"color: #993300;\">Joge<\/span> <\/a>(<em>Asamprajnata Joga<\/em> ) \u010dovek raspola\u017ee sposobno\u0161\u0107u da zaustavi sve umne aktivnosti svojom sopstvenom voljom a ne nekim spolja\u0161njim sredstvima.<\/p>\n<p>Osoba koja je realizovala svoje Bi\u0107e pro\u0161la je razne stepene transformacija. Ovi ljudi nisu &#8220;promenili njihovo mi\u0161ljenje&#8221;, jer &#8220;promeniti mi\u0161ljenje&#8221; tako\u0111e zna\u010di ostati zarobljen u li\u010dnoj dvoli\u010dnosti i licemerstvu.<\/p>\n<p>&nbsp;<\/p>\n<p>\u0160ta se de\u0161ava (obja\u0161njeno na nivou materije) jeste da su <a href=\"https:\/\/yogajagat.com\/sr\/frekvencije-mozga-dusevni-mir\/\"><span style=\"color: #993300;\">frekvencije u mozgu<\/span> <\/a>realizovane osobe promenjene a samim tim i njen karakter, naravno na bolje. Promene u mozgu oblukuju novu stvarnost.<\/p>\n<p>Mnogi ljudi \u0107e o\u010dekivati da realizovane osobe imaju neki poseban, fenomenalan izgled, i mnoge \u0107e iznenaditi kada \u010duju da realizovane osobe ne izgledaju druga\u010dije od drugih odnosno da ne izgledaju druga\u010dije nego \u0161to su i same ranije izgledale. Jedina stvar je u tome \u0161to zaista niko ne zna \u0161ta se ta\u010dno de\u0161ava unutar osobe koja je do\u017eivela<em> samadi<\/em>, jer (obi\u010dna) svest ne mo\u017ee da prodre u drugu.<\/p>\n<p>&nbsp;<\/p>\n[\/vc_column_text][\/vc_column][\/vc_row][vc_row][vc_column][vc_cta h2=&#8221;&#8221;]&#8221;Uspeh u biti zavisi od kvalifikovane osobe. Vreme, mesto i ostala takva sredstva su u tom pogledu samo pomo\u0107.&#8221;<\/p>\n<p>&nbsp;<\/p>\n<p>-Adi Shankaracharya, Vivekachudamani[\/vc_cta][\/vc_column][\/vc_row][vc_row][vc_column][vc_column_text]\n<p>Iako retko, posebno u zapadnom dru\u0161tvu, ove okultne, jogi\u010dke, psihi\u010dke<a href=\"https:\/\/yogajagat.com\/sr\/sidi-okultna-psihicka-moc-moc-jednoj-jogija\/\"><span style=\"color: #993300;\"> mo\u0107i<\/span><\/a> (<em>siddhis<\/em> ) ipak se de\u0161avaju. Iako sjajne, ovakve mo\u0107i nisu potpuno bezopasne iz razloga \u0161to osoba vrlo lako mo\u017ee biti pone\u0161ena njenim egotizmom (stanje u kome se \u010dovek sam mnogo voli, sam sebe uzdi\u017ee mnogo daleko, sam sebe ljubi, sam sebe &#8220;lajkuje&#8221;, o samom sebi ima vrlo visoko mi\u0161ljenje. Jedan od psiholo\u0161kih poreme\u0107aja.) bivaju\u0107i vezana, ovog puta novim, jedinstvenim snagama vrte\u0107i se u krug uvek iznova. Ponovljena mizerija u novoj boji. Zato je nevezivanje \u010dak i za ove nove slatke mo\u0107i va\u017eno.<\/p>\n<p>Mnogi \u0107e poku\u0161avati da ve\u017ebaju svoje mo\u0107i tako \u0161to \u0107e nastojati za jo\u0161 vi\u0161e i vi\u0161e, ali \u0107e ta njihova dela zbog takve zablude kad tad zavr\u0161iti u neuspehu.<\/p>\n<p>Drugi \u0107e , opet, ove mo\u0107i koristiti da bi kontrolisali i manipulisali drugim umovima u korist svoje li\u010dne slave i imena, ili politi\u010dki, razdvajaju\u0107i i dele\u0107i tako ljude po njihovom mestu ro\u0111enja (a time njihovim religijskim verovanjima) ili po boji ko\u017ee.<\/p>\n[\/vc_column_text][\/vc_column][\/vc_row][vc_row][vc_column][vc_cta h2=&#8221;Joga Sutra 3.38:&#8221; color=&#8221;turquoise&#8221;]U zemaljskom stanju ima mo\u0107i ali su one prepreke samadiju.<\/p>\n[\/vc_cta][\/vc_column][\/vc_row][vc_row][vc_column][vc_column_text]\n<h4><span style=\"color: #800080;\">Podela bilo koje vrste nije nam data ro\u0111enjem.<\/span><\/h4>\n<h4><\/h4>\n<h4><span style=\"color: #800080;\">Dobrota je ono \u0161to nam je dato.<\/span><\/h4>\n<p>&nbsp;<\/p>\n<p>Bebe dolaze na svet \u010diste i nevine. Odrasle osobe koje su postale otvorene, iskrene, spontane i \u010diste kao dete, i koje su postojane u njihovim ose\u0107anjima, mislima i delima mogu da ka\u017eu da znaju i da su usavr\u0161ili Jogu.<\/p>\n<p>Za razliku od prora\u010dunatog i analiti\u010dkog uma, um jednog jogija je oslobo\u0111en od bilo kakvih osu\u0111ivanja. Um jogija je spontan i \u010dist kao malo dete.<\/p>\n[\/vc_column_text][\/vc_column][\/vc_row][vc_row][vc_column][vc_custom_heading text=&#8221;Samjama, \u010dista mudrost&#8221; font_container=&#8221;tag:h2|text_align:center|color:%231ba2b7&#8243; google_fonts=&#8221;font_family:Ubuntu%3A300%2C300italic%2Cregular%2Citalic%2C500%2C500italic%2C700%2C700italic|font_style:300%20light%20italic%3A300%3Aitalic&#8221;][\/vc_column][\/vc_row][vc_row][vc_column][vc_column_text]\n<hr \/>\n<p>&nbsp;<\/p>\n<p><a href=\"https:\/\/yogajagat.com\/sr\/koncentracija-korisno-odvajanje-uma-od-bure-darana\/\"><span style=\"color: #993300;\">Darana<\/span><\/a>, <a href=\"https:\/\/yogajagat.com\/sr\/meditacija-o-meditaciji-kao-stanju-duha\/\"><span style=\"color: #008080;\">Djana<\/span><\/a> i Samadi formiraju <em>Samjamu<\/em>, stanje \u010diste refleksije, \u010diste mudrosti.[\/vc_column_text][\/vc_column][\/vc_row][vc_row][vc_column][vc_cta h2=&#8221;Joga Sutra 3.4-6:&#8221; color=&#8221;turquoise&#8221;]Kada koncentracija, meditacija i upijanje (samadi) zajedno vladaju subjektom oni se zovu samjama.<\/p>\n<p>Sa ve\u0161tinom samjame dolazi svetlost znanja (mudrost).<\/p>\n<p>Ovo se mora primenjivati postepeno.<\/p>\n[\/vc_cta][\/vc_column][\/vc_row][vc_row][vc_column][vc_column_text]I po\u0161to je svaki kraj samo novi po\u010detak tako je i stanje <em>samjame<\/em> (\u0161to je praksa i iskustvo koncentracije, meditacije i samadija) samo po\u010detak jednog novog \u017eivota, <em>istinski<\/em> duhovnog \u017eivota.<\/p>\n<p>&nbsp;<\/p>\n<p>Sve \u0161to je do ovog stanja bilo nesvesno, sada postaje svesno.<\/p>\n<p>&nbsp;<\/p>\n<p>Me\u0111utim, iako je ovo stanje na mnogo vi\u0161em stepenu od prvih pet stanja Joge (<a href=\"https:\/\/yogajagat.com\/sr\/moral\/\"><span style=\"color: #993300;\">menjanje sebe<\/span>,<\/a> <a href=\"https:\/\/yogajagat.com\/sr\/menjanje-navika-i-kreiranje-otmenosti\/\"><span style=\"color: #800080;\">kreiranje otmenih navika,<\/span><\/a> <a href=\"https:\/\/yogajagat.com\/sr\/joga-polozaji-tela-izvodenje-joga-asana\/\"><span style=\"color: #008080;\">praktikovanje polo\u017eaja Joge,<\/span><\/a>\u00a0<a href=\"https:\/\/yogajagat.com\/sr\/pranajama-jogicka-tehnika-disanja-stanje-potunog-mira\/\"><span style=\"color: #800080;\">praktikovanje jogi\u010dkih tehnika disanja,<\/span><\/a>\u00a0praktikovanje i usavr\u0161avanje<a href=\"https:\/\/yogajagat.com\/sr\/pratjahara-povlacenje-cula-umetnost-priroda\/\"><span style=\"color: #800000;\"> povla\u010denja \u010dula<\/span><\/a> iz spolja\u0161njeg sveta ), ova tri nova, ujedinjena, stanja su jo\u0161 uvek daleko od najvi\u0161e transformacije.<\/p>\n<p>To je ono o \u010demu poglavlja 3.7-8 <a href=\"https:\/\/yogajagat.com\/sr\/spoznaj-sebe-joga-sutra-detaljni-vodic\/\"><span style=\"color: #993300;\">Joga Sutre<\/span><\/a> govore.<\/p>\n[\/vc_column_text][\/vc_column][\/vc_row]\n","protected":false},"excerpt":{"rendered":"<p>[vc_row][vc_column][vc_column_text]<\/p>\n<p>\u0160TA JE SAMADI<\/p>\n<p>&nbsp;<br \/>\nSamadi je neutralno stanje stopljenog znanja u njegovoj puno\u0107i.<br \/>\n&nbsp;<br \/>\nU ovom stanju duboko znanje subjekta povezano je sa dubokim znanjem objekta.<br \/>\nOvde nema umnog truda niti prosu\u0111ivanja.[\/vc_column_text][\/vc_column][\/vc_row][vc_row][vc_column][vc_custom_heading text=&#8221;\u0160ta se de\u0161ava u stanju samadija&#8221; font_container=&#8221;tag:h2|text_align:center|color:%231ba2b7&#8243; google_fonts=&#8221;font_family:Ubuntu%3A300%2C300italic%2Cregular%2Citalic%2C500%2C500italic%2C700%2C700italic|font_style:300%20light%20italic%3A300%3Aitalic&#8221;][\/vc_column][\/vc_row][vc_row][vc_column][vc_column_text]<\/p>\n<p>&nbsp;<br \/>\nStvari teku potpuno spontano njihovim naj\u010distijim tokovima. De\u0161ava se proboj.<br \/>\n&nbsp;<br \/>\nIskustvo pro\u0161losti, sada\u0161njosti i budu\u0107nosti ujedinjeno je i spontano izra\u017eeno.<br \/>\n&nbsp;<br \/>\nSe\u0107anje osobe je onemogu\u0107eno i ujedinjeno sa krajnjom stvarno\u0161\u0107u.<br \/>\n&nbsp;<br \/>\nOpa\u017eanje je nad\u010dulno &#8230;<\/p>\n","protected":false},"author":1,"featured_media":0,"parent":0,"menu_order":0,"comment_status":"closed","ping_status":"closed","template":"template-full-width.php","meta":{"_bbp_topic_count":0,"_bbp_reply_count":0,"_bbp_total_topic_count":0,"_bbp_total_reply_count":0,"_bbp_voice_count":0,"_bbp_anonymous_reply_count":0,"_bbp_topic_count_hidden":0,"_bbp_reply_count_hidden":0,"_bbp_forum_subforum_count":0,"inline_featured_image":false,"spay_email":""},"translation":{"provider":"WPGlobus","version":"3.0.1","language":"sr","enabled_languages":["en","de","sr"],"languages":{"en":{"title":true,"content":true,"excerpt":false},"de":{"title":true,"content":true,"excerpt":false},"sr":{"title":true,"content":true,"excerpt":false}}},"yoast_head":"<!-- This site is optimized with the Yoast SEO plugin v18.3 - https:\/\/yoast.com\/wordpress\/plugins\/seo\/ -->\n<title>Samadi. \u0160ta se de\u0161ava u stanju samadija - Lepota promene<\/title>\n<meta name=\"description\" content=\"Samadi je neutralno stanje stopljenog znanja u njegovoj puno\u0107i. Iskustvo pro\u0161losti, sada\u0161njosti i budu\u0107nosti ujedinjeno je i spontano izra\u017eeno.\" \/>\n<meta name=\"robots\" content=\"index, follow, max-snippet:-1, max-image-preview:large, max-video-preview:-1\" \/>\n<link rel=\"canonical\" href=\"https:\/\/yogajagat.com\/de\/was-ist-samadhi\/\" \/>\n<meta name=\"twitter:label1\" content=\"Est. reading time\" \/>\n\t<meta name=\"twitter:data1\" content=\"25 minutes\" \/>\n<script type=\"application\/ld+json\" class=\"yoast-schema-graph\">{\"@context\":\"https:\/\/schema.org\",\"@graph\":[{\"@type\":\"Organization\",\"@id\":\"https:\/\/yogajagat.com\/#organization\",\"name\":\"Yogajagat\",\"url\":\"https:\/\/yogajagat.com\/\",\"sameAs\":[],\"logo\":{\"@type\":\"ImageObject\",\"@id\":\"https:\/\/yogajagat.com\/#logo\",\"inLanguage\":\"sr\",\"url\":\"https:\/\/i1.wp.com\/yogajagat.com\/wp-content\/uploads\/2019\/03\/DSC08478-Kopie-1.jpg?fit=798%2C800&ssl=1\",\"contentUrl\":\"https:\/\/i1.wp.com\/yogajagat.com\/wp-content\/uploads\/2019\/03\/DSC08478-Kopie-1.jpg?fit=798%2C800&ssl=1\",\"width\":798,\"height\":800,\"caption\":\"Yogajagat\"},\"image\":{\"@id\":\"https:\/\/yogajagat.com\/#logo\"}},{\"@type\":\"WebSite\",\"@id\":\"https:\/\/yogajagat.com\/#website\",\"url\":\"https:\/\/yogajagat.com\/\",\"name\":\"Lepota promene\",\"description\":\"Neprestanom promenom do najlepseg zivotnog iskustva\",\"publisher\":{\"@id\":\"https:\/\/yogajagat.com\/#organization\"},\"potentialAction\":[{\"@type\":\"SearchAction\",\"target\":{\"@type\":\"EntryPoint\",\"urlTemplate\":\"https:\/\/yogajagat.com\/?s={search_term_string}\"},\"query-input\":\"required name=search_term_string\"}],\"inLanguage\":\"sr\"},{\"@type\":\"WebPage\",\"@id\":\"https:\/\/yogajagat.com\/de\/was-ist-samadhi\/#webpage\",\"url\":\"https:\/\/yogajagat.com\/de\/was-ist-samadhi\/\",\"name\":\"Samadi. \u0160ta se de\u0161ava u stanju samadija - Lepota promene\",\"isPartOf\":{\"@id\":\"https:\/\/yogajagat.com\/#website\"},\"datePublished\":\"2019-03-07T23:33:27+00:00\",\"dateModified\":\"2020-06-15T13:57:28+00:00\",\"description\":\"Samadi je neutralno stanje stopljenog znanja u njegovoj puno\u0107i. Iskustvo pro\u0161losti, sada\u0161njosti i budu\u0107nosti ujedinjeno je i spontano izra\u017eeno.\",\"breadcrumb\":{\"@id\":\"https:\/\/yogajagat.com\/de\/was-ist-samadhi\/#breadcrumb\"},\"inLanguage\":\"sr\",\"potentialAction\":[{\"@type\":\"ReadAction\",\"target\":[\"https:\/\/yogajagat.com\/de\/was-ist-samadhi\/\"]}]},{\"@type\":\"BreadcrumbList\",\"@id\":\"https:\/\/yogajagat.com\/de\/was-ist-samadhi\/#breadcrumb\",\"itemListElement\":[{\"@type\":\"ListItem\",\"position\":1,\"name\":\"Home\",\"item\":\"https:\/\/yogajagat.com\/sr\/\"},{\"@type\":\"ListItem\",\"position\":2,\"name\":\"Was ist Samadhi?\"}]}]}<\/script>\n<!-- \/ Yoast SEO plugin. -->","yoast_head_json":{"title":"Samadi. \u0160ta se de\u0161ava u stanju samadija - Lepota promene","description":"Samadi je neutralno stanje stopljenog znanja u njegovoj puno\u0107i. Iskustvo pro\u0161losti, sada\u0161njosti i budu\u0107nosti ujedinjeno je i spontano izra\u017eeno.","robots":{"index":"index","follow":"follow","max-snippet":"max-snippet:-1","max-image-preview":"max-image-preview:large","max-video-preview":"max-video-preview:-1"},"canonical":"https:\/\/yogajagat.com\/de\/was-ist-samadhi\/","twitter_misc":{"Est. reading time":"25 minutes"},"schema":{"@context":"https:\/\/schema.org","@graph":[{"@type":"Organization","@id":"https:\/\/yogajagat.com\/#organization","name":"Yogajagat","url":"https:\/\/yogajagat.com\/","sameAs":[],"logo":{"@type":"ImageObject","@id":"https:\/\/yogajagat.com\/#logo","inLanguage":"sr","url":"https:\/\/i1.wp.com\/yogajagat.com\/wp-content\/uploads\/2019\/03\/DSC08478-Kopie-1.jpg?fit=798%2C800&ssl=1","contentUrl":"https:\/\/i1.wp.com\/yogajagat.com\/wp-content\/uploads\/2019\/03\/DSC08478-Kopie-1.jpg?fit=798%2C800&ssl=1","width":798,"height":800,"caption":"Yogajagat"},"image":{"@id":"https:\/\/yogajagat.com\/#logo"}},{"@type":"WebSite","@id":"https:\/\/yogajagat.com\/#website","url":"https:\/\/yogajagat.com\/","name":"Lepota promene","description":"Neprestanom promenom do najlepseg zivotnog iskustva","publisher":{"@id":"https:\/\/yogajagat.com\/#organization"},"potentialAction":[{"@type":"SearchAction","target":{"@type":"EntryPoint","urlTemplate":"https:\/\/yogajagat.com\/?s={search_term_string}"},"query-input":"required name=search_term_string"}],"inLanguage":"sr"},{"@type":"WebPage","@id":"https:\/\/yogajagat.com\/de\/was-ist-samadhi\/#webpage","url":"https:\/\/yogajagat.com\/de\/was-ist-samadhi\/","name":"Samadi. \u0160ta se de\u0161ava u stanju samadija - Lepota promene","isPartOf":{"@id":"https:\/\/yogajagat.com\/#website"},"datePublished":"2019-03-07T23:33:27+00:00","dateModified":"2020-06-15T13:57:28+00:00","description":"Samadi je neutralno stanje stopljenog znanja u njegovoj puno\u0107i. Iskustvo pro\u0161losti, sada\u0161njosti i budu\u0107nosti ujedinjeno je i spontano izra\u017eeno.","breadcrumb":{"@id":"https:\/\/yogajagat.com\/de\/was-ist-samadhi\/#breadcrumb"},"inLanguage":"sr","potentialAction":[{"@type":"ReadAction","target":["https:\/\/yogajagat.com\/de\/was-ist-samadhi\/"]}]},{"@type":"BreadcrumbList","@id":"https:\/\/yogajagat.com\/de\/was-ist-samadhi\/#breadcrumb","itemListElement":[{"@type":"ListItem","position":1,"name":"Home","item":"https:\/\/yogajagat.com\/sr\/"},{"@type":"ListItem","position":2,"name":"Was ist Samadhi?"}]}]}},"_links":{"self":[{"href":"https:\/\/yogajagat.com\/sr\/wp-json\/wp\/v2\/pages\/2516"}],"collection":[{"href":"https:\/\/yogajagat.com\/sr\/wp-json\/wp\/v2\/pages"}],"about":[{"href":"https:\/\/yogajagat.com\/sr\/wp-json\/wp\/v2\/types\/page"}],"author":[{"embeddable":true,"href":"https:\/\/yogajagat.com\/sr\/wp-json\/wp\/v2\/users\/1"}],"replies":[{"embeddable":true,"href":"https:\/\/yogajagat.com\/sr\/wp-json\/wp\/v2\/comments?post=2516"}],"version-history":[{"count":16,"href":"https:\/\/yogajagat.com\/sr\/wp-json\/wp\/v2\/pages\/2516\/revisions"}],"predecessor-version":[{"id":5936,"href":"https:\/\/yogajagat.com\/sr\/wp-json\/wp\/v2\/pages\/2516\/revisions\/5936"}],"wp:attachment":[{"href":"https:\/\/yogajagat.com\/sr\/wp-json\/wp\/v2\/media?parent=2516"}],"curies":[{"name":"wp","href":"https:\/\/api.w.org\/{rel}","templated":true}]}}